{"id":249863,"date":"2024-01-23T00:00:00","date_gmt":"2024-01-22T23:00:00","guid":{"rendered":"https:\/\/wpguerssen-test.odoo.rgbconsulting.com\/product\/the-pillage-clear-with-black-swirl\/"},"modified":"2025-03-13T17:18:50","modified_gmt":"2025-03-13T16:18:50","slug":"the-pillage-clear-with-black-swirl","status":"publish","type":"product","link":"https:\/\/wpguerssen-test.odoo.rgbconsulting.com\/es\/producto\/the-pillage-clear-with-black-swirl\/","title":{"rendered":"The Pillage (Clear with Black Swirl)"},"content":{"rendered":"<p>Cappadonna es uno de los miembros originales de Wu-Tang Clan ausente de su \u00e1lbum debut Enter The Wu-Tang (36 Chambers) debido a que estaba encerrado en el momento de la grabaci\u00f3n. Tres a\u00f1os m\u00e1s tarde tendr\u00eda la oportunidad de brillar en el Ironman debut de Ghostface. En 1997, Cappadonna apareci\u00f3 de manera destacada en el segundo \u00e1lbum de Wu-Tang, Wu-Tang Forever. Al a\u00f1o siguiente, la atenci\u00f3n se centr\u00f3 en Cappadonna con el lanzamiento de su \u00e1lbum debut, The Pillage. Con la producci\u00f3n supervisada por los productores de RZA y Wu, True Mathematics, True Master y Goldfinghaz, The Pillage se lanz\u00f3 el 24 de marzo de 1998 y obtuvo la certificaci\u00f3n Oro un mes despu\u00e9s. Desde el cl\u00e1sico tema de apertura \u00abSlang Editorial\u00bb que informa sobre las calles hasta el tema de cierre \u00abBlack Boy\u00bb, donde Cappadonna escupe letras sobre ser un hombre libre y reunirse con los Wu, The Pillage es otro debut cl\u00e1sico en solitario de Wu.<br \/>Para conmemorar el 25.o aniversario de The Pillage, Get On Down se enorgullece de presentar, por primera vez en vinilo desde su lanzamiento original en 1998, una edici\u00f3n limitada impresa en doble transparente con vinilo de color negro en forma de remolino en fundas interiores impresas con un OBI conmemorativo del 25o aniversario. Limitado a 2000 ejemplares numerados.<\/p>\n","protected":false},"excerpt":{"rendered":"<p>Cappadonna es uno de los miembros originales de Wu-Tang Clan ausente de su \u00e1lbum debut Enter The Wu-Tang (36 Chambers) debido a que estaba encerrado en el momento<a class=\"read\" href=\"https:\/\/wpguerssen-test.odoo.rgbconsulting.com\/es\/producto\/the-pillage-clear-with-black-swirl\/\"> (...)<\/a>","protected":false},"featured_media":250101,"template":"","meta":{"_acf_changed":false},"product_brand":[],"product_cat":[21706],"product_tag":[29140],"class_list":{"0":"post-249863","1":"product","2":"type-product","3":"status-publish","4":"has-post-thumbnail","6":"product_cat-rap-hip-hop-es","7":"product_tag-color-vinyl-es","8":"pa_artist-cappadonna","9":"pa_format-2lp-es","10":"pa_gender-rap-hip-hop","11":"pa_label-get-on-down","12":"pa_location-north-america-es","13":"pa_other-filters-vinyl-only-es","15":"first","16":"instock","17":"taxable","18":"shipping-taxable","19":"purchasable","20":"product-type-simple"},"acf":[],"yoast_head":"<!-- This site is optimized with the Yoast SEO plugin v24.9 - https:\/\/yoast.com\/wordpress\/plugins\/seo\/ -->\n<title>CAPPADONNA - The Pillage (Clear with Black Swirl) -  (2LP) | Guerssen<\/title>\n<meta name=\"description\" content=\"Cappadonna is one of the original members of Wu-Tang Clan absent from their debut album Enter The Wu-Tang (36 Chambers) due to being locked up at the time of recording. Three years later he would get his chance to shine on Ghostface&#039;s debut Ironman. In 1997 Cappadonna was prominently featured on Wu-Tang&#039;s second album Wu-Tang Forever. The following year the spotlight was on Cappadonna for the release of his debut album The Pillage. With production overseen by the RZA and Wu producers True Mathematics, True Master and Goldfinghaz, The Pillage dropped on March 24th, 1998 and was certified Gold one month later. From the classic opening track &quot;Slang Editorial&quot; reporting on the streets to the closing track &quot;Black Boy&quot; where Cappadonna spits lyrics about being a free man and rejoining the Wu, The Pillage is another classic Wu solo debut.To commemorate the 25th Anniversary of The Pillage, Get On Down is proud to present, for the first time on vinyl since it was originally released in 1998, a limited edition pressing on double clear with black swirl colored vinyl in printed inner sleeves with a 25th Anniversary commemorative OBI limited to 2000 numbered copies.\" \/>\n<meta name=\"robots\" content=\"index, follow, max-snippet:-1, max-image-preview:large, max-video-preview:-1\" \/>\n<link rel=\"canonical\" href=\"https:\/\/wpguerssen-test.odoo.rgbconsulting.com\/es\/producto\/the-pillage-clear-with-black-swirl\/\" \/>\n<meta property=\"og:locale\" content=\"es_ES\" \/>\n<meta property=\"og:type\" content=\"article\" \/>\n<meta property=\"og:title\" content=\"CAPPADONNA - The Pillage (Clear with Black Swirl) -  (2LP) | Guerssen\" \/>\n<meta property=\"og:description\" content=\"Cappadonna is one of the original members of Wu-Tang Clan absent from their debut album Enter The Wu-Tang (36 Chambers) due to being locked up at the time of recording. Three years later he would get his chance to shine on Ghostface&#039;s debut Ironman. In 1997 Cappadonna was prominently featured on Wu-Tang&#039;s second album Wu-Tang Forever. The following year the spotlight was on Cappadonna for the release of his debut album The Pillage. With production overseen by the RZA and Wu producers True Mathematics, True Master and Goldfinghaz, The Pillage dropped on March 24th, 1998 and was certified Gold one month later. From the classic opening track &quot;Slang Editorial&quot; reporting on the streets to the closing track &quot;Black Boy&quot; where Cappadonna spits lyrics about being a free man and rejoining the Wu, The Pillage is another classic Wu solo debut.To commemorate the 25th Anniversary of The Pillage, Get On Down is proud to present, for the first time on vinyl since it was originally released in 1998, a limited edition pressing on double clear with black swirl colored vinyl in printed inner sleeves with a 25th Anniversary commemorative OBI limited to 2000 numbered copies.\" \/>\n<meta property=\"og:url\" content=\"https:\/\/wpguerssen-test.odoo.rgbconsulting.com\/es\/producto\/the-pillage-clear-with-black-swirl\/\" \/>\n<meta property=\"og:site_name\" content=\"Guerssen records\" \/>\n<meta property=\"article:modified_time\" content=\"2025-03-13T16:18:50+00:00\" \/>\n<meta property=\"og:image\" content=\"https:\/\/wpguerssen-test.odoo.rgbconsulting.com\/wp-content\/uploads\/2024\/01\/46752.jpg\" \/>\n\t<meta property=\"og:image:width\" content=\"243\" \/>\n\t<meta property=\"og:image:height\" content=\"233\" \/>\n\t<meta property=\"og:image:type\" content=\"image\/jpeg\" \/>\n<meta name=\"twitter:card\" content=\"summary_large_image\" \/>\n<meta name=\"twitter:title\" content=\"CAPPADONNA - The Pillage (Clear with Black Swirl) -  (2LP) | Guerssen\" \/>\n<meta name=\"twitter:label1\" content=\"Tiempo de lectura\" \/>\n\t<meta name=\"twitter:data1\" content=\"1 minuto\" \/>\n<script type=\"application\/ld+json\" class=\"yoast-schema-graph\">{\"@context\":\"https:\/\/schema.org\",\"@graph\":[{\"@type\":\"WebPage\",\"@id\":\"https:\/\/wpguerssen-test.odoo.rgbconsulting.com\/es\/producto\/the-pillage-clear-with-black-swirl\/\",\"url\":\"https:\/\/wpguerssen-test.odoo.rgbconsulting.com\/es\/producto\/the-pillage-clear-with-black-swirl\/\",\"name\":\"CAPPADONNA - The Pillage (Clear with Black Swirl) - (2LP) | Guerssen\",\"isPartOf\":{\"@id\":\"https:\/\/wpguerssen-test.odoo.rgbconsulting.com\/es\/#website\"},\"primaryImageOfPage\":{\"@id\":\"https:\/\/wpguerssen-test.odoo.rgbconsulting.com\/es\/producto\/the-pillage-clear-with-black-swirl\/#primaryimage\"},\"image\":{\"@id\":\"https:\/\/wpguerssen-test.odoo.rgbconsulting.com\/es\/producto\/the-pillage-clear-with-black-swirl\/#primaryimage\"},\"thumbnailUrl\":\"https:\/\/wpguerssen-test.odoo.rgbconsulting.com\/wp-content\/uploads\/2024\/01\/46752.jpg\",\"datePublished\":\"2024-01-22T23:00:00+00:00\",\"dateModified\":\"2025-03-13T16:18:50+00:00\",\"description\":\"Cappadonna is one of the original members of Wu-Tang Clan absent from their debut album Enter The Wu-Tang (36 Chambers) due to being locked up at the time of recording. Three years later he would get his chance to shine on Ghostface's debut Ironman. In 1997 Cappadonna was prominently featured on Wu-Tang's second album Wu-Tang Forever. The following year the spotlight was on Cappadonna for the release of his debut album The Pillage. With production overseen by the RZA and Wu producers True Mathematics, True Master and Goldfinghaz, The Pillage dropped on March 24th, 1998 and was certified Gold one month later. From the classic opening track \\\"Slang Editorial\\\" reporting on the streets to the closing track \\\"Black Boy\\\" where Cappadonna spits lyrics about being a free man and rejoining the Wu, The Pillage is another classic Wu solo debut.To commemorate the 25th Anniversary of The Pillage, Get On Down is proud to present, for the first time on vinyl since it was originally released in 1998, a limited edition pressing on double clear with black swirl colored vinyl in printed inner sleeves with a 25th Anniversary commemorative OBI limited to 2000 numbered copies.\",\"breadcrumb\":{\"@id\":\"https:\/\/wpguerssen-test.odoo.rgbconsulting.com\/es\/producto\/the-pillage-clear-with-black-swirl\/#breadcrumb\"},\"inLanguage\":\"es\",\"potentialAction\":[{\"@type\":\"ReadAction\",\"target\":[\"https:\/\/wpguerssen-test.odoo.rgbconsulting.com\/es\/producto\/the-pillage-clear-with-black-swirl\/\"]}]},{\"@type\":\"ImageObject\",\"inLanguage\":\"es\",\"@id\":\"https:\/\/wpguerssen-test.odoo.rgbconsulting.com\/es\/producto\/the-pillage-clear-with-black-swirl\/#primaryimage\",\"url\":\"https:\/\/wpguerssen-test.odoo.rgbconsulting.com\/wp-content\/uploads\/2024\/01\/46752.jpg\",\"contentUrl\":\"https:\/\/wpguerssen-test.odoo.rgbconsulting.com\/wp-content\/uploads\/2024\/01\/46752.jpg\",\"width\":243,\"height\":233},{\"@type\":\"BreadcrumbList\",\"@id\":\"https:\/\/wpguerssen-test.odoo.rgbconsulting.com\/es\/producto\/the-pillage-clear-with-black-swirl\/#breadcrumb\",\"itemListElement\":[{\"@type\":\"ListItem\",\"position\":1,\"name\":\"Inicio\",\"item\":\"https:\/\/wpguerssen-test.odoo.rgbconsulting.com\/es\/\"},{\"@type\":\"ListItem\",\"position\":2,\"name\":\"Shop\",\"item\":\"https:\/\/wpguerssen-test.odoo.rgbconsulting.com\/shop\/\"},{\"@type\":\"ListItem\",\"position\":3,\"name\":\"The Pillage (Clear with Black Swirl)\"}]},{\"@type\":\"WebSite\",\"@id\":\"https:\/\/wpguerssen-test.odoo.rgbconsulting.com\/es\/#website\",\"url\":\"https:\/\/wpguerssen-test.odoo.rgbconsulting.com\/es\/\",\"name\":\"Guerssen records\",\"description\":\"psychedelia - progressive - folk - garage \",\"publisher\":{\"@id\":\"https:\/\/wpguerssen-test.odoo.rgbconsulting.com\/es\/#organization\"},\"potentialAction\":[{\"@type\":\"SearchAction\",\"target\":{\"@type\":\"EntryPoint\",\"urlTemplate\":\"https:\/\/wpguerssen-test.odoo.rgbconsulting.com\/es\/?s={search_term_string}\"},\"query-input\":{\"@type\":\"PropertyValueSpecification\",\"valueRequired\":true,\"valueName\":\"search_term_string\"}}],\"inLanguage\":\"es\"},{\"@type\":\"Organization\",\"@id\":\"https:\/\/wpguerssen-test.odoo.rgbconsulting.com\/es\/#organization\",\"name\":\"Guerssen records\",\"url\":\"https:\/\/wpguerssen-test.odoo.rgbconsulting.com\/es\/\",\"logo\":{\"@type\":\"ImageObject\",\"inLanguage\":\"es\",\"@id\":\"https:\/\/wpguerssen-test.odoo.rgbconsulting.com\/es\/#\/schema\/logo\/image\/\",\"url\":\"https:\/\/wpguerssen-test.odoo.rgbconsulting.com\/wp-content\/uploads\/2022\/04\/Logo_Guerssen_trans_100.png\",\"contentUrl\":\"https:\/\/wpguerssen-test.odoo.rgbconsulting.com\/wp-content\/uploads\/2022\/04\/Logo_Guerssen_trans_100.png\",\"width\":122,\"height\":100,\"caption\":\"Guerssen records\"},\"image\":{\"@id\":\"https:\/\/wpguerssen-test.odoo.rgbconsulting.com\/es\/#\/schema\/logo\/image\/\"}}]}<\/script>\n<!-- \/ Yoast SEO plugin. -->","yoast_head_json":{"title":"CAPPADONNA - The Pillage (Clear with Black Swirl) -  (2LP) | Guerssen","description":"Cappadonna is one of the original members of Wu-Tang Clan absent from their debut album Enter The Wu-Tang (36 Chambers) due to being locked up at the time of recording. Three years later he would get his chance to shine on Ghostface's debut Ironman. In 1997 Cappadonna was prominently featured on Wu-Tang's second album Wu-Tang Forever. The following year the spotlight was on Cappadonna for the release of his debut album The Pillage. With production overseen by the RZA and Wu producers True Mathematics, True Master and Goldfinghaz, The Pillage dropped on March 24th, 1998 and was certified Gold one month later. From the classic opening track \"Slang Editorial\" reporting on the streets to the closing track \"Black Boy\" where Cappadonna spits lyrics about being a free man and rejoining the Wu, The Pillage is another classic Wu solo debut.To commemorate the 25th Anniversary of The Pillage, Get On Down is proud to present, for the first time on vinyl since it was originally released in 1998, a limited edition pressing on double clear with black swirl colored vinyl in printed inner sleeves with a 25th Anniversary commemorative OBI limited to 2000 numbered copies.","robots":{"index":"index","follow":"follow","max-snippet":"max-snippet:-1","max-image-preview":"max-image-preview:large","max-video-preview":"max-video-preview:-1"},"canonical":"https:\/\/wpguerssen-test.odoo.rgbconsulting.com\/es\/producto\/the-pillage-clear-with-black-swirl\/","og_locale":"es_ES","og_type":"article","og_title":"CAPPADONNA - The Pillage (Clear with Black Swirl) -  (2LP) | Guerssen","og_description":"Cappadonna is one of the original members of Wu-Tang Clan absent from their debut album Enter The Wu-Tang (36 Chambers) due to being locked up at the time of recording. Three years later he would get his chance to shine on Ghostface's debut Ironman. In 1997 Cappadonna was prominently featured on Wu-Tang's second album Wu-Tang Forever. The following year the spotlight was on Cappadonna for the release of his debut album The Pillage. With production overseen by the RZA and Wu producers True Mathematics, True Master and Goldfinghaz, The Pillage dropped on March 24th, 1998 and was certified Gold one month later. From the classic opening track \"Slang Editorial\" reporting on the streets to the closing track \"Black Boy\" where Cappadonna spits lyrics about being a free man and rejoining the Wu, The Pillage is another classic Wu solo debut.To commemorate the 25th Anniversary of The Pillage, Get On Down is proud to present, for the first time on vinyl since it was originally released in 1998, a limited edition pressing on double clear with black swirl colored vinyl in printed inner sleeves with a 25th Anniversary commemorative OBI limited to 2000 numbered copies.","og_url":"https:\/\/wpguerssen-test.odoo.rgbconsulting.com\/es\/producto\/the-pillage-clear-with-black-swirl\/","og_site_name":"Guerssen records","article_modified_time":"2025-03-13T16:18:50+00:00","og_image":[{"width":243,"height":233,"url":"https:\/\/wpguerssen-test.odoo.rgbconsulting.com\/wp-content\/uploads\/2024\/01\/46752.jpg","type":"image\/jpeg"}],"twitter_card":"summary_large_image","twitter_title":"CAPPADONNA - The Pillage (Clear with Black Swirl) -  (2LP) | Guerssen","twitter_misc":{"Tiempo de lectura":"1 minuto"},"schema":{"@context":"https:\/\/schema.org","@graph":[{"@type":"WebPage","@id":"https:\/\/wpguerssen-test.odoo.rgbconsulting.com\/es\/producto\/the-pillage-clear-with-black-swirl\/","url":"https:\/\/wpguerssen-test.odoo.rgbconsulting.com\/es\/producto\/the-pillage-clear-with-black-swirl\/","name":"CAPPADONNA - The Pillage (Clear with Black Swirl) - (2LP) | Guerssen","isPartOf":{"@id":"https:\/\/wpguerssen-test.odoo.rgbconsulting.com\/es\/#website"},"primaryImageOfPage":{"@id":"https:\/\/wpguerssen-test.odoo.rgbconsulting.com\/es\/producto\/the-pillage-clear-with-black-swirl\/#primaryimage"},"image":{"@id":"https:\/\/wpguerssen-test.odoo.rgbconsulting.com\/es\/producto\/the-pillage-clear-with-black-swirl\/#primaryimage"},"thumbnailUrl":"https:\/\/wpguerssen-test.odoo.rgbconsulting.com\/wp-content\/uploads\/2024\/01\/46752.jpg","datePublished":"2024-01-22T23:00:00+00:00","dateModified":"2025-03-13T16:18:50+00:00","description":"Cappadonna is one of the original members of Wu-Tang Clan absent from their debut album Enter The Wu-Tang (36 Chambers) due to being locked up at the time of recording. Three years later he would get his chance to shine on Ghostface's debut Ironman. In 1997 Cappadonna was prominently featured on Wu-Tang's second album Wu-Tang Forever. The following year the spotlight was on Cappadonna for the release of his debut album The Pillage. With production overseen by the RZA and Wu producers True Mathematics, True Master and Goldfinghaz, The Pillage dropped on March 24th, 1998 and was certified Gold one month later. From the classic opening track \"Slang Editorial\" reporting on the streets to the closing track \"Black Boy\" where Cappadonna spits lyrics about being a free man and rejoining the Wu, The Pillage is another classic Wu solo debut.To commemorate the 25th Anniversary of The Pillage, Get On Down is proud to present, for the first time on vinyl since it was originally released in 1998, a limited edition pressing on double clear with black swirl colored vinyl in printed inner sleeves with a 25th Anniversary commemorative OBI limited to 2000 numbered copies.","breadcrumb":{"@id":"https:\/\/wpguerssen-test.odoo.rgbconsulting.com\/es\/producto\/the-pillage-clear-with-black-swirl\/#breadcrumb"},"inLanguage":"es","potentialAction":[{"@type":"ReadAction","target":["https:\/\/wpguerssen-test.odoo.rgbconsulting.com\/es\/producto\/the-pillage-clear-with-black-swirl\/"]}]},{"@type":"ImageObject","inLanguage":"es","@id":"https:\/\/wpguerssen-test.odoo.rgbconsulting.com\/es\/producto\/the-pillage-clear-with-black-swirl\/#primaryimage","url":"https:\/\/wpguerssen-test.odoo.rgbconsulting.com\/wp-content\/uploads\/2024\/01\/46752.jpg","contentUrl":"https:\/\/wpguerssen-test.odoo.rgbconsulting.com\/wp-content\/uploads\/2024\/01\/46752.jpg","width":243,"height":233},{"@type":"BreadcrumbList","@id":"https:\/\/wpguerssen-test.odoo.rgbconsulting.com\/es\/producto\/the-pillage-clear-with-black-swirl\/#breadcrumb","itemListElement":[{"@type":"ListItem","position":1,"name":"Inicio","item":"https:\/\/wpguerssen-test.odoo.rgbconsulting.com\/es\/"},{"@type":"ListItem","position":2,"name":"Shop","item":"https:\/\/wpguerssen-test.odoo.rgbconsulting.com\/shop\/"},{"@type":"ListItem","position":3,"name":"The Pillage (Clear with Black Swirl)"}]},{"@type":"WebSite","@id":"https:\/\/wpguerssen-test.odoo.rgbconsulting.com\/es\/#website","url":"https:\/\/wpguerssen-test.odoo.rgbconsulting.com\/es\/","name":"Guerssen records","description":"psychedelia - progressive - folk - garage ","publisher":{"@id":"https:\/\/wpguerssen-test.odoo.rgbconsulting.com\/es\/#organization"},"potentialAction":[{"@type":"SearchAction","target":{"@type":"EntryPoint","urlTemplate":"https:\/\/wpguerssen-test.odoo.rgbconsulting.com\/es\/?s={search_term_string}"},"query-input":{"@type":"PropertyValueSpecification","valueRequired":true,"valueName":"search_term_string"}}],"inLanguage":"es"},{"@type":"Organization","@id":"https:\/\/wpguerssen-test.odoo.rgbconsulting.com\/es\/#organization","name":"Guerssen records","url":"https:\/\/wpguerssen-test.odoo.rgbconsulting.com\/es\/","logo":{"@type":"ImageObject","inLanguage":"es","@id":"https:\/\/wpguerssen-test.odoo.rgbconsulting.com\/es\/#\/schema\/logo\/image\/","url":"https:\/\/wpguerssen-test.odoo.rgbconsulting.com\/wp-content\/uploads\/2022\/04\/Logo_Guerssen_trans_100.png","contentUrl":"https:\/\/wpguerssen-test.odoo.rgbconsulting.com\/wp-content\/uploads\/2022\/04\/Logo_Guerssen_trans_100.png","width":122,"height":100,"caption":"Guerssen records"},"image":{"@id":"https:\/\/wpguerssen-test.odoo.rgbconsulting.com\/es\/#\/schema\/logo\/image\/"}}]}},"_links":{"self":[{"href":"https:\/\/wpguerssen-test.odoo.rgbconsulting.com\/es\/wp-json\/wp\/v2\/product\/249863","targetHints":{"allow":["GET"]}}],"collection":[{"href":"https:\/\/wpguerssen-test.odoo.rgbconsulting.com\/es\/wp-json\/wp\/v2\/product"}],"about":[{"href":"https:\/\/wpguerssen-test.odoo.rgbconsulting.com\/es\/wp-json\/wp\/v2\/types\/product"}],"wp:featuredmedia":[{"embeddable":true,"href":"https:\/\/wpguerssen-test.odoo.rgbconsulting.com\/es\/wp-json\/wp\/v2\/media\/250101"}],"wp:attachment":[{"href":"https:\/\/wpguerssen-test.odoo.rgbconsulting.com\/es\/wp-json\/wp\/v2\/media?parent=249863"}],"wp:term":[{"taxonomy":"product_brand","embeddable":true,"href":"https:\/\/wpguerssen-test.odoo.rgbconsulting.com\/es\/wp-json\/wp\/v2\/product_brand?post=249863"},{"taxonomy":"product_cat","embeddable":true,"href":"https:\/\/wpguerssen-test.odoo.rgbconsulting.com\/es\/wp-json\/wp\/v2\/product_cat?post=249863"},{"taxonomy":"product_tag","embeddable":true,"href":"https:\/\/wpguerssen-test.odoo.rgbconsulting.com\/es\/wp-json\/wp\/v2\/product_tag?post=249863"}],"curies":[{"name":"wp","href":"https:\/\/api.w.org\/{rel}","templated":true}]}}