{"id":249865,"date":"2024-01-23T00:00:00","date_gmt":"2024-01-22T23:00:00","guid":{"rendered":"https:\/\/wpguerssen-test.odoo.rgbconsulting.com\/product\/no-need-for-alarm-yellow-tangerine-swirl\/"},"modified":"2025-01-09T15:42:02","modified_gmt":"2025-01-09T14:42:02","slug":"no-need-for-alarm-yellow-tangerine-swirl","status":"publish","type":"product","link":"https:\/\/wpguerssen-test.odoo.rgbconsulting.com\/es\/producto\/no-need-for-alarm-yellow-tangerine-swirl\/","title":{"rendered":"No Need For Alarm (Yellow &#038; Tangerine swirl)"},"content":{"rendered":"<p>Despu\u00e9s de salir de la escena underground del \u00c1rea de la Bah\u00eda a principios de los 90 con I Wish My Brother George Was Here, Del The Funky Homosapien dio un giro radical con su segundo lanzamiento, No Need For Alarm del 93. Dejando de lado la familiar vibra G-funk de su debut, tal vez porque No Need fue producido sin la participaci\u00f3n de su primo Ice Cube y The Boogiemen, pas\u00f3 a una direcci\u00f3n m\u00e1s jazz\u00edstica (algunos dir\u00edan m\u00e1s de la Costa Este con producci\u00f3n del equipo de Hieroglyphics de Domino, A-Plus, Casual y el propio Del con aportaciones de los SD50. El contenido verbal de No Need tambi\u00e9n cambi\u00f3, alej\u00e1ndose de los interludios c\u00f3micos y centr\u00e1ndose en los raps de batalla.<br \/>No Need For Alarm es uno de los tres lanzamientos de Hiero Golden Age. Aunque algunos cr\u00edticos son duros con No Need For Alarm y afirman que no es un trabajo tan fuerte como el debut de Del, muchos no est\u00e1n de acuerdo y ven este lanzamiento como el primero en el que Del realmente se destac\u00f3. Independientemente de qu\u00e9 lado de la valla se caiga en ese tema, no hay duda de que No Need For Alarm ha resistido la prueba del tiempo y sigue siendo una continuaci\u00f3n desafiante e intransigente de uno de los artistas m\u00e1s talentosos y exc\u00e9ntricos que jam\u00e1s haya surgido. el mundo del hip hop de la costa oeste.<br \/>Para conmemorar el 30o aniversario, Get On Down se enorgullece de presentar una edici\u00f3n limitada de vinilo de doble color con un OBI numerado estampado y un p\u00f3ster desplegable.<\/p>\n","protected":false},"excerpt":{"rendered":"<p>Despu\u00e9s de salir de la escena underground del \u00c1rea de la Bah\u00eda a principios de los 90 con I Wish My Brother George Was Here, Del The Funky Homosapien dio un giro<a class=\"read\" href=\"https:\/\/wpguerssen-test.odoo.rgbconsulting.com\/es\/producto\/no-need-for-alarm-yellow-tangerine-swirl\/\"> (...)<\/a>","protected":false},"featured_media":250105,"template":"","meta":{"_acf_changed":false},"product_brand":[],"product_cat":[21706],"product_tag":[29140],"class_list":{"0":"post-249865","1":"product","2":"type-product","3":"status-publish","4":"has-post-thumbnail","6":"product_cat-rap-hip-hop-es","7":"product_tag-color-vinyl-es","8":"pa_artist-del-the-funky-homosapien","9":"pa_format-2lp-es","10":"pa_gender-rap-hip-hop","11":"pa_label-get-on-down","12":"pa_location-north-america-es","13":"pa_other-filters-vinyl-only-es","15":"first","16":"instock","17":"taxable","18":"shipping-taxable","19":"purchasable","20":"product-type-simple"},"acf":[],"yoast_head":"<!-- This site is optimized with the Yoast SEO plugin v24.9 - https:\/\/yoast.com\/wordpress\/plugins\/seo\/ -->\n<title>DEL THE FUNKY HOMOSAPIEN - No Need For Alarm (Yellow &amp; Tangerine swirl) -  (2LP) | Guerssen<\/title>\n<meta name=\"description\" content=\"After breaking out of the Bay Area underground scene in the early 90s with I Wish My Brother George Was Here, Del The Funky Homosapien made a radical turn with his sophomore release, 93&#039;s No Need For Alarm. Casting aside the familiar G-funk vibe of his debut, perhaps as No Need was produced without the involvement of his cousin Ice Cube and The Boogiemen, he moved into a jazzier - some would say more East Coast direction with production by the Hieroglyphics crew of Domino, A-Plus, Casual and Del himself with contributions from the SD50s. The verbal content on No Need shifted as well, moving away from comic interludes and towards a focus on battle raps.No Need For Alarm is one of the three Hiero Golden Age releases (along with Souls of Mischief&#039;s 93 til Infinity and Casual&#039;s Fear Itself). Though some critics are harsh on No Need For Alarm and claim it&#039;s not as strong an effort as Del&#039;s debut, many disagree and see this release as being the first where Del really stood out. Regardless of which side of the fence one falls on that topic, it&#039;s without doubt that No Need For Alarm has stood the test of time and remains a challenging and uncompromising follow up from one of the most talented and eccentrically gifted artists to to ever emerge from the world of West Coast hip hop.To commemorate the 30th Anniversary Get On Down is proud to present a limited edition double colored vinyl pressing with a stamped numbered OBI and fold out poster.\" \/>\n<meta name=\"robots\" content=\"index, follow, max-snippet:-1, max-image-preview:large, max-video-preview:-1\" \/>\n<link rel=\"canonical\" href=\"https:\/\/wpguerssen-test.odoo.rgbconsulting.com\/es\/producto\/no-need-for-alarm-yellow-tangerine-swirl\/\" \/>\n<meta property=\"og:locale\" content=\"es_ES\" \/>\n<meta property=\"og:type\" content=\"article\" \/>\n<meta property=\"og:title\" content=\"DEL THE FUNKY HOMOSAPIEN - No Need For Alarm (Yellow &amp; Tangerine swirl) -  (2LP) | Guerssen\" \/>\n<meta property=\"og:description\" content=\"After breaking out of the Bay Area underground scene in the early 90s with I Wish My Brother George Was Here, Del The Funky Homosapien made a radical turn with his sophomore release, 93&#039;s No Need For Alarm. Casting aside the familiar G-funk vibe of his debut, perhaps as No Need was produced without the involvement of his cousin Ice Cube and The Boogiemen, he moved into a jazzier - some would say more East Coast direction with production by the Hieroglyphics crew of Domino, A-Plus, Casual and Del himself with contributions from the SD50s. The verbal content on No Need shifted as well, moving away from comic interludes and towards a focus on battle raps.No Need For Alarm is one of the three Hiero Golden Age releases (along with Souls of Mischief&#039;s 93 til Infinity and Casual&#039;s Fear Itself). Though some critics are harsh on No Need For Alarm and claim it&#039;s not as strong an effort as Del&#039;s debut, many disagree and see this release as being the first where Del really stood out. Regardless of which side of the fence one falls on that topic, it&#039;s without doubt that No Need For Alarm has stood the test of time and remains a challenging and uncompromising follow up from one of the most talented and eccentrically gifted artists to to ever emerge from the world of West Coast hip hop.To commemorate the 30th Anniversary Get On Down is proud to present a limited edition double colored vinyl pressing with a stamped numbered OBI and fold out poster.\" \/>\n<meta property=\"og:url\" content=\"https:\/\/wpguerssen-test.odoo.rgbconsulting.com\/es\/producto\/no-need-for-alarm-yellow-tangerine-swirl\/\" \/>\n<meta property=\"og:site_name\" content=\"Guerssen records\" \/>\n<meta property=\"article:modified_time\" content=\"2025-01-09T14:42:02+00:00\" \/>\n<meta property=\"og:image\" content=\"https:\/\/wpguerssen-test.odoo.rgbconsulting.com\/wp-content\/uploads\/2024\/01\/46754.jpg\" \/>\n\t<meta property=\"og:image:width\" content=\"243\" \/>\n\t<meta property=\"og:image:height\" content=\"239\" \/>\n\t<meta property=\"og:image:type\" content=\"image\/jpeg\" \/>\n<meta name=\"twitter:card\" content=\"summary_large_image\" \/>\n<meta name=\"twitter:title\" content=\"DEL THE FUNKY HOMOSAPIEN - No Need For Alarm (Yellow &amp; Tangerine swirl) -  (2LP) | Guerssen\" \/>\n<meta name=\"twitter:label1\" content=\"Tiempo de lectura\" \/>\n\t<meta name=\"twitter:data1\" content=\"1 minuto\" \/>\n<script type=\"application\/ld+json\" class=\"yoast-schema-graph\">{\"@context\":\"https:\/\/schema.org\",\"@graph\":[{\"@type\":\"WebPage\",\"@id\":\"https:\/\/wpguerssen-test.odoo.rgbconsulting.com\/es\/producto\/no-need-for-alarm-yellow-tangerine-swirl\/\",\"url\":\"https:\/\/wpguerssen-test.odoo.rgbconsulting.com\/es\/producto\/no-need-for-alarm-yellow-tangerine-swirl\/\",\"name\":\"DEL THE FUNKY HOMOSAPIEN - No Need For Alarm (Yellow & Tangerine swirl) - (2LP) | Guerssen\",\"isPartOf\":{\"@id\":\"https:\/\/wpguerssen-test.odoo.rgbconsulting.com\/es\/#website\"},\"primaryImageOfPage\":{\"@id\":\"https:\/\/wpguerssen-test.odoo.rgbconsulting.com\/es\/producto\/no-need-for-alarm-yellow-tangerine-swirl\/#primaryimage\"},\"image\":{\"@id\":\"https:\/\/wpguerssen-test.odoo.rgbconsulting.com\/es\/producto\/no-need-for-alarm-yellow-tangerine-swirl\/#primaryimage\"},\"thumbnailUrl\":\"https:\/\/wpguerssen-test.odoo.rgbconsulting.com\/wp-content\/uploads\/2024\/01\/46754.jpg\",\"datePublished\":\"2024-01-22T23:00:00+00:00\",\"dateModified\":\"2025-01-09T14:42:02+00:00\",\"description\":\"After breaking out of the Bay Area underground scene in the early 90s with I Wish My Brother George Was Here, Del The Funky Homosapien made a radical turn with his sophomore release, 93's No Need For Alarm. Casting aside the familiar G-funk vibe of his debut, perhaps as No Need was produced without the involvement of his cousin Ice Cube and The Boogiemen, he moved into a jazzier - some would say more East Coast direction with production by the Hieroglyphics crew of Domino, A-Plus, Casual and Del himself with contributions from the SD50s. The verbal content on No Need shifted as well, moving away from comic interludes and towards a focus on battle raps.No Need For Alarm is one of the three Hiero Golden Age releases (along with Souls of Mischief's 93 til Infinity and Casual's Fear Itself). Though some critics are harsh on No Need For Alarm and claim it's not as strong an effort as Del's debut, many disagree and see this release as being the first where Del really stood out. Regardless of which side of the fence one falls on that topic, it's without doubt that No Need For Alarm has stood the test of time and remains a challenging and uncompromising follow up from one of the most talented and eccentrically gifted artists to to ever emerge from the world of West Coast hip hop.To commemorate the 30th Anniversary Get On Down is proud to present a limited edition double colored vinyl pressing with a stamped numbered OBI and fold out poster.\",\"breadcrumb\":{\"@id\":\"https:\/\/wpguerssen-test.odoo.rgbconsulting.com\/es\/producto\/no-need-for-alarm-yellow-tangerine-swirl\/#breadcrumb\"},\"inLanguage\":\"es\",\"potentialAction\":[{\"@type\":\"ReadAction\",\"target\":[\"https:\/\/wpguerssen-test.odoo.rgbconsulting.com\/es\/producto\/no-need-for-alarm-yellow-tangerine-swirl\/\"]}]},{\"@type\":\"ImageObject\",\"inLanguage\":\"es\",\"@id\":\"https:\/\/wpguerssen-test.odoo.rgbconsulting.com\/es\/producto\/no-need-for-alarm-yellow-tangerine-swirl\/#primaryimage\",\"url\":\"https:\/\/wpguerssen-test.odoo.rgbconsulting.com\/wp-content\/uploads\/2024\/01\/46754.jpg\",\"contentUrl\":\"https:\/\/wpguerssen-test.odoo.rgbconsulting.com\/wp-content\/uploads\/2024\/01\/46754.jpg\",\"width\":243,\"height\":239},{\"@type\":\"BreadcrumbList\",\"@id\":\"https:\/\/wpguerssen-test.odoo.rgbconsulting.com\/es\/producto\/no-need-for-alarm-yellow-tangerine-swirl\/#breadcrumb\",\"itemListElement\":[{\"@type\":\"ListItem\",\"position\":1,\"name\":\"Inicio\",\"item\":\"https:\/\/wpguerssen-test.odoo.rgbconsulting.com\/es\/\"},{\"@type\":\"ListItem\",\"position\":2,\"name\":\"Shop\",\"item\":\"https:\/\/wpguerssen-test.odoo.rgbconsulting.com\/shop\/\"},{\"@type\":\"ListItem\",\"position\":3,\"name\":\"No Need For Alarm (Yellow &#038; Tangerine swirl)\"}]},{\"@type\":\"WebSite\",\"@id\":\"https:\/\/wpguerssen-test.odoo.rgbconsulting.com\/es\/#website\",\"url\":\"https:\/\/wpguerssen-test.odoo.rgbconsulting.com\/es\/\",\"name\":\"Guerssen records\",\"description\":\"psychedelia - progressive - folk - garage \",\"publisher\":{\"@id\":\"https:\/\/wpguerssen-test.odoo.rgbconsulting.com\/es\/#organization\"},\"potentialAction\":[{\"@type\":\"SearchAction\",\"target\":{\"@type\":\"EntryPoint\",\"urlTemplate\":\"https:\/\/wpguerssen-test.odoo.rgbconsulting.com\/es\/?s={search_term_string}\"},\"query-input\":{\"@type\":\"PropertyValueSpecification\",\"valueRequired\":true,\"valueName\":\"search_term_string\"}}],\"inLanguage\":\"es\"},{\"@type\":\"Organization\",\"@id\":\"https:\/\/wpguerssen-test.odoo.rgbconsulting.com\/es\/#organization\",\"name\":\"Guerssen records\",\"url\":\"https:\/\/wpguerssen-test.odoo.rgbconsulting.com\/es\/\",\"logo\":{\"@type\":\"ImageObject\",\"inLanguage\":\"es\",\"@id\":\"https:\/\/wpguerssen-test.odoo.rgbconsulting.com\/es\/#\/schema\/logo\/image\/\",\"url\":\"https:\/\/wpguerssen-test.odoo.rgbconsulting.com\/wp-content\/uploads\/2022\/04\/Logo_Guerssen_trans_100.png\",\"contentUrl\":\"https:\/\/wpguerssen-test.odoo.rgbconsulting.com\/wp-content\/uploads\/2022\/04\/Logo_Guerssen_trans_100.png\",\"width\":122,\"height\":100,\"caption\":\"Guerssen records\"},\"image\":{\"@id\":\"https:\/\/wpguerssen-test.odoo.rgbconsulting.com\/es\/#\/schema\/logo\/image\/\"}}]}<\/script>\n<!-- \/ Yoast SEO plugin. -->","yoast_head_json":{"title":"DEL THE FUNKY HOMOSAPIEN - No Need For Alarm (Yellow & Tangerine swirl) -  (2LP) | Guerssen","description":"After breaking out of the Bay Area underground scene in the early 90s with I Wish My Brother George Was Here, Del The Funky Homosapien made a radical turn with his sophomore release, 93's No Need For Alarm. Casting aside the familiar G-funk vibe of his debut, perhaps as No Need was produced without the involvement of his cousin Ice Cube and The Boogiemen, he moved into a jazzier - some would say more East Coast direction with production by the Hieroglyphics crew of Domino, A-Plus, Casual and Del himself with contributions from the SD50s. The verbal content on No Need shifted as well, moving away from comic interludes and towards a focus on battle raps.No Need For Alarm is one of the three Hiero Golden Age releases (along with Souls of Mischief's 93 til Infinity and Casual's Fear Itself). Though some critics are harsh on No Need For Alarm and claim it's not as strong an effort as Del's debut, many disagree and see this release as being the first where Del really stood out. Regardless of which side of the fence one falls on that topic, it's without doubt that No Need For Alarm has stood the test of time and remains a challenging and uncompromising follow up from one of the most talented and eccentrically gifted artists to to ever emerge from the world of West Coast hip hop.To commemorate the 30th Anniversary Get On Down is proud to present a limited edition double colored vinyl pressing with a stamped numbered OBI and fold out poster.","robots":{"index":"index","follow":"follow","max-snippet":"max-snippet:-1","max-image-preview":"max-image-preview:large","max-video-preview":"max-video-preview:-1"},"canonical":"https:\/\/wpguerssen-test.odoo.rgbconsulting.com\/es\/producto\/no-need-for-alarm-yellow-tangerine-swirl\/","og_locale":"es_ES","og_type":"article","og_title":"DEL THE FUNKY HOMOSAPIEN - No Need For Alarm (Yellow & Tangerine swirl) -  (2LP) | Guerssen","og_description":"After breaking out of the Bay Area underground scene in the early 90s with I Wish My Brother George Was Here, Del The Funky Homosapien made a radical turn with his sophomore release, 93's No Need For Alarm. Casting aside the familiar G-funk vibe of his debut, perhaps as No Need was produced without the involvement of his cousin Ice Cube and The Boogiemen, he moved into a jazzier - some would say more East Coast direction with production by the Hieroglyphics crew of Domino, A-Plus, Casual and Del himself with contributions from the SD50s. The verbal content on No Need shifted as well, moving away from comic interludes and towards a focus on battle raps.No Need For Alarm is one of the three Hiero Golden Age releases (along with Souls of Mischief's 93 til Infinity and Casual's Fear Itself). Though some critics are harsh on No Need For Alarm and claim it's not as strong an effort as Del's debut, many disagree and see this release as being the first where Del really stood out. Regardless of which side of the fence one falls on that topic, it's without doubt that No Need For Alarm has stood the test of time and remains a challenging and uncompromising follow up from one of the most talented and eccentrically gifted artists to to ever emerge from the world of West Coast hip hop.To commemorate the 30th Anniversary Get On Down is proud to present a limited edition double colored vinyl pressing with a stamped numbered OBI and fold out poster.","og_url":"https:\/\/wpguerssen-test.odoo.rgbconsulting.com\/es\/producto\/no-need-for-alarm-yellow-tangerine-swirl\/","og_site_name":"Guerssen records","article_modified_time":"2025-01-09T14:42:02+00:00","og_image":[{"width":243,"height":239,"url":"https:\/\/wpguerssen-test.odoo.rgbconsulting.com\/wp-content\/uploads\/2024\/01\/46754.jpg","type":"image\/jpeg"}],"twitter_card":"summary_large_image","twitter_title":"DEL THE FUNKY HOMOSAPIEN - No Need For Alarm (Yellow & Tangerine swirl) -  (2LP) | Guerssen","twitter_misc":{"Tiempo de lectura":"1 minuto"},"schema":{"@context":"https:\/\/schema.org","@graph":[{"@type":"WebPage","@id":"https:\/\/wpguerssen-test.odoo.rgbconsulting.com\/es\/producto\/no-need-for-alarm-yellow-tangerine-swirl\/","url":"https:\/\/wpguerssen-test.odoo.rgbconsulting.com\/es\/producto\/no-need-for-alarm-yellow-tangerine-swirl\/","name":"DEL THE FUNKY HOMOSAPIEN - No Need For Alarm (Yellow & Tangerine swirl) - (2LP) | Guerssen","isPartOf":{"@id":"https:\/\/wpguerssen-test.odoo.rgbconsulting.com\/es\/#website"},"primaryImageOfPage":{"@id":"https:\/\/wpguerssen-test.odoo.rgbconsulting.com\/es\/producto\/no-need-for-alarm-yellow-tangerine-swirl\/#primaryimage"},"image":{"@id":"https:\/\/wpguerssen-test.odoo.rgbconsulting.com\/es\/producto\/no-need-for-alarm-yellow-tangerine-swirl\/#primaryimage"},"thumbnailUrl":"https:\/\/wpguerssen-test.odoo.rgbconsulting.com\/wp-content\/uploads\/2024\/01\/46754.jpg","datePublished":"2024-01-22T23:00:00+00:00","dateModified":"2025-01-09T14:42:02+00:00","description":"After breaking out of the Bay Area underground scene in the early 90s with I Wish My Brother George Was Here, Del The Funky Homosapien made a radical turn with his sophomore release, 93's No Need For Alarm. Casting aside the familiar G-funk vibe of his debut, perhaps as No Need was produced without the involvement of his cousin Ice Cube and The Boogiemen, he moved into a jazzier - some would say more East Coast direction with production by the Hieroglyphics crew of Domino, A-Plus, Casual and Del himself with contributions from the SD50s. The verbal content on No Need shifted as well, moving away from comic interludes and towards a focus on battle raps.No Need For Alarm is one of the three Hiero Golden Age releases (along with Souls of Mischief's 93 til Infinity and Casual's Fear Itself). Though some critics are harsh on No Need For Alarm and claim it's not as strong an effort as Del's debut, many disagree and see this release as being the first where Del really stood out. Regardless of which side of the fence one falls on that topic, it's without doubt that No Need For Alarm has stood the test of time and remains a challenging and uncompromising follow up from one of the most talented and eccentrically gifted artists to to ever emerge from the world of West Coast hip hop.To commemorate the 30th Anniversary Get On Down is proud to present a limited edition double colored vinyl pressing with a stamped numbered OBI and fold out poster.","breadcrumb":{"@id":"https:\/\/wpguerssen-test.odoo.rgbconsulting.com\/es\/producto\/no-need-for-alarm-yellow-tangerine-swirl\/#breadcrumb"},"inLanguage":"es","potentialAction":[{"@type":"ReadAction","target":["https:\/\/wpguerssen-test.odoo.rgbconsulting.com\/es\/producto\/no-need-for-alarm-yellow-tangerine-swirl\/"]}]},{"@type":"ImageObject","inLanguage":"es","@id":"https:\/\/wpguerssen-test.odoo.rgbconsulting.com\/es\/producto\/no-need-for-alarm-yellow-tangerine-swirl\/#primaryimage","url":"https:\/\/wpguerssen-test.odoo.rgbconsulting.com\/wp-content\/uploads\/2024\/01\/46754.jpg","contentUrl":"https:\/\/wpguerssen-test.odoo.rgbconsulting.com\/wp-content\/uploads\/2024\/01\/46754.jpg","width":243,"height":239},{"@type":"BreadcrumbList","@id":"https:\/\/wpguerssen-test.odoo.rgbconsulting.com\/es\/producto\/no-need-for-alarm-yellow-tangerine-swirl\/#breadcrumb","itemListElement":[{"@type":"ListItem","position":1,"name":"Inicio","item":"https:\/\/wpguerssen-test.odoo.rgbconsulting.com\/es\/"},{"@type":"ListItem","position":2,"name":"Shop","item":"https:\/\/wpguerssen-test.odoo.rgbconsulting.com\/shop\/"},{"@type":"ListItem","position":3,"name":"No Need For Alarm (Yellow &#038; Tangerine swirl)"}]},{"@type":"WebSite","@id":"https:\/\/wpguerssen-test.odoo.rgbconsulting.com\/es\/#website","url":"https:\/\/wpguerssen-test.odoo.rgbconsulting.com\/es\/","name":"Guerssen records","description":"psychedelia - progressive - folk - garage ","publisher":{"@id":"https:\/\/wpguerssen-test.odoo.rgbconsulting.com\/es\/#organization"},"potentialAction":[{"@type":"SearchAction","target":{"@type":"EntryPoint","urlTemplate":"https:\/\/wpguerssen-test.odoo.rgbconsulting.com\/es\/?s={search_term_string}"},"query-input":{"@type":"PropertyValueSpecification","valueRequired":true,"valueName":"search_term_string"}}],"inLanguage":"es"},{"@type":"Organization","@id":"https:\/\/wpguerssen-test.odoo.rgbconsulting.com\/es\/#organization","name":"Guerssen records","url":"https:\/\/wpguerssen-test.odoo.rgbconsulting.com\/es\/","logo":{"@type":"ImageObject","inLanguage":"es","@id":"https:\/\/wpguerssen-test.odoo.rgbconsulting.com\/es\/#\/schema\/logo\/image\/","url":"https:\/\/wpguerssen-test.odoo.rgbconsulting.com\/wp-content\/uploads\/2022\/04\/Logo_Guerssen_trans_100.png","contentUrl":"https:\/\/wpguerssen-test.odoo.rgbconsulting.com\/wp-content\/uploads\/2022\/04\/Logo_Guerssen_trans_100.png","width":122,"height":100,"caption":"Guerssen records"},"image":{"@id":"https:\/\/wpguerssen-test.odoo.rgbconsulting.com\/es\/#\/schema\/logo\/image\/"}}]}},"_links":{"self":[{"href":"https:\/\/wpguerssen-test.odoo.rgbconsulting.com\/es\/wp-json\/wp\/v2\/product\/249865","targetHints":{"allow":["GET"]}}],"collection":[{"href":"https:\/\/wpguerssen-test.odoo.rgbconsulting.com\/es\/wp-json\/wp\/v2\/product"}],"about":[{"href":"https:\/\/wpguerssen-test.odoo.rgbconsulting.com\/es\/wp-json\/wp\/v2\/types\/product"}],"wp:featuredmedia":[{"embeddable":true,"href":"https:\/\/wpguerssen-test.odoo.rgbconsulting.com\/es\/wp-json\/wp\/v2\/media\/250105"}],"wp:attachment":[{"href":"https:\/\/wpguerssen-test.odoo.rgbconsulting.com\/es\/wp-json\/wp\/v2\/media?parent=249865"}],"wp:term":[{"taxonomy":"product_brand","embeddable":true,"href":"https:\/\/wpguerssen-test.odoo.rgbconsulting.com\/es\/wp-json\/wp\/v2\/product_brand?post=249865"},{"taxonomy":"product_cat","embeddable":true,"href":"https:\/\/wpguerssen-test.odoo.rgbconsulting.com\/es\/wp-json\/wp\/v2\/product_cat?post=249865"},{"taxonomy":"product_tag","embeddable":true,"href":"https:\/\/wpguerssen-test.odoo.rgbconsulting.com\/es\/wp-json\/wp\/v2\/product_tag?post=249865"}],"curies":[{"name":"wp","href":"https:\/\/api.w.org\/{rel}","templated":true}]}}