{"id":249872,"date":"2024-02-22T00:00:00","date_gmt":"2024-02-21T23:00:00","guid":{"rendered":"https:\/\/wpguerssen-test.odoo.rgbconsulting.com\/product\/beyond-belief\/"},"modified":"2024-07-01T19:19:56","modified_gmt":"2024-07-01T17:19:56","slug":"beyond-belief","status":"publish","type":"product","link":"https:\/\/wpguerssen-test.odoo.rgbconsulting.com\/es\/producto\/beyond-belief\/","title":{"rendered":"Beyond Belief"},"content":{"rendered":"<p>Aunque Beyond Belief se complet\u00f3 en s\u00f3lo un pu\u00f1ado de sesiones que duraron toda la noche, 38 Spesh y Harry Fraud se tomaron su tiempo para crear esta m\u00fasica Hip-Hop de alto nivel. Harry no se limit\u00f3 a enviarle a Spesh una carpeta con ritmos para rapear, Spesh viaj\u00f3 al laboratorio de Harry y todos los ritmos y letras se crearon en el acto. Los fan\u00e1ticos y cr\u00edticos coinciden en que esta oferta de 10 pistas es uno de los trabajos m\u00e1s s\u00f3lidos en los cat\u00e1logos de ambos artistas. El LP cuenta con temas monstruosos como \u00abSpeshal\u00bb, \u00abBand of Brothers\u00bb y \u00abWarm Winter\u00bb.<br \/>Los invitados al \u00e1lbum incluyen a Benny The Butcher, Conway The Machine, Stove God Cooks, Ransom, Wiz Khalifa, Curren$y. , Jim Jones y ElCamino.<\/p>\n","protected":false},"excerpt":{"rendered":"<p>Aunque Beyond Belief se complet\u00f3 en s\u00f3lo un pu\u00f1ado de sesiones que duraron toda la noche, 38 Spesh y Harry Fraud se tomaron su tiempo para crear esta m\u00fasica Hip-Hop<a class=\"read\" href=\"https:\/\/wpguerssen-test.odoo.rgbconsulting.com\/es\/producto\/beyond-belief\/\"> (...)<\/a>","protected":false},"featured_media":250119,"template":"","meta":{"_acf_changed":false},"product_brand":[],"product_cat":[21706],"product_tag":[],"class_list":{"0":"post-249872","1":"product","2":"type-product","3":"status-publish","4":"has-post-thumbnail","6":"product_cat-rap-hip-hop-es","7":"pa_artist-38-spesh-fraud-harry","8":"pa_format-lp-es","9":"pa_gender-rap-hip-hop","10":"pa_label-srfschl","11":"pa_location-north-america-es","12":"pa_other-filters-vinyl-only-es","14":"first","15":"instock","16":"taxable","17":"shipping-taxable","18":"purchasable","19":"product-type-simple"},"acf":[],"yoast_head":"<!-- This site is optimized with the Yoast SEO plugin v24.9 - https:\/\/yoast.com\/wordpress\/plugins\/seo\/ -->\n<title>38 SPESH &amp; FRAUD, Harry - Beyond Belief -  (LP) | Guerssen<\/title>\n<meta name=\"description\" content=\"Although Beyond Belief was completed in only a handful of all-night sessions, 38 Spesh and Harry Fraud took their time crafting this high level Hip-Hop music. Harry didn&#039;t simply send Spesh a folder of beats to rap to, Spesh made the trip to Harry&#039;s lab, and all the beats and lyrics were created on the spot. Fans and critics agree that this 10-track offering is some of the strongest work in both artists&#039; catalogues. The LP boasts monster tracks like &quot;Speshal,&quot; &quot;Band of Brothers,&quot; and &quot;Warm Winter.&quot;Guests on the album include Benny The Butcher, Conway The Machine, Stove God Cooks, Ransom, Wiz Khalifa, Curren$y, Jim Jones, and ElCamino.\" \/>\n<meta name=\"robots\" content=\"index, follow, max-snippet:-1, max-image-preview:large, max-video-preview:-1\" \/>\n<link rel=\"canonical\" href=\"https:\/\/wpguerssen-test.odoo.rgbconsulting.com\/es\/producto\/beyond-belief\/\" \/>\n<meta property=\"og:locale\" content=\"es_ES\" \/>\n<meta property=\"og:type\" content=\"article\" \/>\n<meta property=\"og:title\" content=\"38 SPESH &amp; FRAUD, Harry - Beyond Belief -  (LP) | Guerssen\" \/>\n<meta property=\"og:description\" content=\"Although Beyond Belief was completed in only a handful of all-night sessions, 38 Spesh and Harry Fraud took their time crafting this high level Hip-Hop music. Harry didn&#039;t simply send Spesh a folder of beats to rap to, Spesh made the trip to Harry&#039;s lab, and all the beats and lyrics were created on the spot. Fans and critics agree that this 10-track offering is some of the strongest work in both artists&#039; catalogues. The LP boasts monster tracks like &quot;Speshal,&quot; &quot;Band of Brothers,&quot; and &quot;Warm Winter.&quot;Guests on the album include Benny The Butcher, Conway The Machine, Stove God Cooks, Ransom, Wiz Khalifa, Curren$y, Jim Jones, and ElCamino.\" \/>\n<meta property=\"og:url\" content=\"https:\/\/wpguerssen-test.odoo.rgbconsulting.com\/es\/producto\/beyond-belief\/\" \/>\n<meta property=\"og:site_name\" content=\"Guerssen records\" \/>\n<meta property=\"article:modified_time\" content=\"2024-07-01T17:19:56+00:00\" \/>\n<meta property=\"og:image\" content=\"https:\/\/wpguerssen-test.odoo.rgbconsulting.com\/wp-content\/uploads\/2024\/01\/46761.jpg\" \/>\n\t<meta property=\"og:image:width\" content=\"250\" \/>\n\t<meta property=\"og:image:height\" content=\"243\" \/>\n\t<meta property=\"og:image:type\" content=\"image\/jpeg\" \/>\n<meta name=\"twitter:card\" content=\"summary_large_image\" \/>\n<meta name=\"twitter:title\" content=\"38 SPESH &amp; FRAUD, Harry - Beyond Belief -  (LP) | Guerssen\" \/>\n<meta name=\"twitter:label1\" content=\"Tiempo de lectura\" \/>\n\t<meta name=\"twitter:data1\" content=\"1 minuto\" \/>\n<script type=\"application\/ld+json\" class=\"yoast-schema-graph\">{\"@context\":\"https:\/\/schema.org\",\"@graph\":[{\"@type\":\"WebPage\",\"@id\":\"https:\/\/wpguerssen-test.odoo.rgbconsulting.com\/es\/producto\/beyond-belief\/\",\"url\":\"https:\/\/wpguerssen-test.odoo.rgbconsulting.com\/es\/producto\/beyond-belief\/\",\"name\":\"38 SPESH & FRAUD, Harry - Beyond Belief - (LP) | Guerssen\",\"isPartOf\":{\"@id\":\"https:\/\/wpguerssen-test.odoo.rgbconsulting.com\/es\/#website\"},\"primaryImageOfPage\":{\"@id\":\"https:\/\/wpguerssen-test.odoo.rgbconsulting.com\/es\/producto\/beyond-belief\/#primaryimage\"},\"image\":{\"@id\":\"https:\/\/wpguerssen-test.odoo.rgbconsulting.com\/es\/producto\/beyond-belief\/#primaryimage\"},\"thumbnailUrl\":\"https:\/\/wpguerssen-test.odoo.rgbconsulting.com\/wp-content\/uploads\/2024\/01\/46761.jpg\",\"datePublished\":\"2024-02-21T23:00:00+00:00\",\"dateModified\":\"2024-07-01T17:19:56+00:00\",\"description\":\"Although Beyond Belief was completed in only a handful of all-night sessions, 38 Spesh and Harry Fraud took their time crafting this high level Hip-Hop music. Harry didn't simply send Spesh a folder of beats to rap to, Spesh made the trip to Harry's lab, and all the beats and lyrics were created on the spot. Fans and critics agree that this 10-track offering is some of the strongest work in both artists' catalogues. The LP boasts monster tracks like \\\"Speshal,\\\" \\\"Band of Brothers,\\\" and \\\"Warm Winter.\\\"Guests on the album include Benny The Butcher, Conway The Machine, Stove God Cooks, Ransom, Wiz Khalifa, Curren$y, Jim Jones, and ElCamino.\",\"breadcrumb\":{\"@id\":\"https:\/\/wpguerssen-test.odoo.rgbconsulting.com\/es\/producto\/beyond-belief\/#breadcrumb\"},\"inLanguage\":\"es\",\"potentialAction\":[{\"@type\":\"ReadAction\",\"target\":[\"https:\/\/wpguerssen-test.odoo.rgbconsulting.com\/es\/producto\/beyond-belief\/\"]}]},{\"@type\":\"ImageObject\",\"inLanguage\":\"es\",\"@id\":\"https:\/\/wpguerssen-test.odoo.rgbconsulting.com\/es\/producto\/beyond-belief\/#primaryimage\",\"url\":\"https:\/\/wpguerssen-test.odoo.rgbconsulting.com\/wp-content\/uploads\/2024\/01\/46761.jpg\",\"contentUrl\":\"https:\/\/wpguerssen-test.odoo.rgbconsulting.com\/wp-content\/uploads\/2024\/01\/46761.jpg\",\"width\":250,\"height\":243,\"caption\":\"Harry - Beyond Belief - SRFSCHL (LP) | Guerssen\"},{\"@type\":\"BreadcrumbList\",\"@id\":\"https:\/\/wpguerssen-test.odoo.rgbconsulting.com\/es\/producto\/beyond-belief\/#breadcrumb\",\"itemListElement\":[{\"@type\":\"ListItem\",\"position\":1,\"name\":\"Inicio\",\"item\":\"https:\/\/wpguerssen-test.odoo.rgbconsulting.com\/es\/\"},{\"@type\":\"ListItem\",\"position\":2,\"name\":\"Shop\",\"item\":\"https:\/\/wpguerssen-test.odoo.rgbconsulting.com\/shop\/\"},{\"@type\":\"ListItem\",\"position\":3,\"name\":\"Beyond Belief\"}]},{\"@type\":\"WebSite\",\"@id\":\"https:\/\/wpguerssen-test.odoo.rgbconsulting.com\/es\/#website\",\"url\":\"https:\/\/wpguerssen-test.odoo.rgbconsulting.com\/es\/\",\"name\":\"Guerssen records\",\"description\":\"psychedelia - progressive - folk - garage \",\"publisher\":{\"@id\":\"https:\/\/wpguerssen-test.odoo.rgbconsulting.com\/es\/#organization\"},\"potentialAction\":[{\"@type\":\"SearchAction\",\"target\":{\"@type\":\"EntryPoint\",\"urlTemplate\":\"https:\/\/wpguerssen-test.odoo.rgbconsulting.com\/es\/?s={search_term_string}\"},\"query-input\":{\"@type\":\"PropertyValueSpecification\",\"valueRequired\":true,\"valueName\":\"search_term_string\"}}],\"inLanguage\":\"es\"},{\"@type\":\"Organization\",\"@id\":\"https:\/\/wpguerssen-test.odoo.rgbconsulting.com\/es\/#organization\",\"name\":\"Guerssen records\",\"url\":\"https:\/\/wpguerssen-test.odoo.rgbconsulting.com\/es\/\",\"logo\":{\"@type\":\"ImageObject\",\"inLanguage\":\"es\",\"@id\":\"https:\/\/wpguerssen-test.odoo.rgbconsulting.com\/es\/#\/schema\/logo\/image\/\",\"url\":\"https:\/\/wpguerssen-test.odoo.rgbconsulting.com\/wp-content\/uploads\/2022\/04\/Logo_Guerssen_trans_100.png\",\"contentUrl\":\"https:\/\/wpguerssen-test.odoo.rgbconsulting.com\/wp-content\/uploads\/2022\/04\/Logo_Guerssen_trans_100.png\",\"width\":122,\"height\":100,\"caption\":\"Guerssen records\"},\"image\":{\"@id\":\"https:\/\/wpguerssen-test.odoo.rgbconsulting.com\/es\/#\/schema\/logo\/image\/\"}}]}<\/script>\n<!-- \/ Yoast SEO plugin. -->","yoast_head_json":{"title":"38 SPESH & FRAUD, Harry - Beyond Belief -  (LP) | Guerssen","description":"Although Beyond Belief was completed in only a handful of all-night sessions, 38 Spesh and Harry Fraud took their time crafting this high level Hip-Hop music. Harry didn't simply send Spesh a folder of beats to rap to, Spesh made the trip to Harry's lab, and all the beats and lyrics were created on the spot. Fans and critics agree that this 10-track offering is some of the strongest work in both artists' catalogues. The LP boasts monster tracks like \"Speshal,\" \"Band of Brothers,\" and \"Warm Winter.\"Guests on the album include Benny The Butcher, Conway The Machine, Stove God Cooks, Ransom, Wiz Khalifa, Curren$y, Jim Jones, and ElCamino.","robots":{"index":"index","follow":"follow","max-snippet":"max-snippet:-1","max-image-preview":"max-image-preview:large","max-video-preview":"max-video-preview:-1"},"canonical":"https:\/\/wpguerssen-test.odoo.rgbconsulting.com\/es\/producto\/beyond-belief\/","og_locale":"es_ES","og_type":"article","og_title":"38 SPESH & FRAUD, Harry - Beyond Belief -  (LP) | Guerssen","og_description":"Although Beyond Belief was completed in only a handful of all-night sessions, 38 Spesh and Harry Fraud took their time crafting this high level Hip-Hop music. Harry didn't simply send Spesh a folder of beats to rap to, Spesh made the trip to Harry's lab, and all the beats and lyrics were created on the spot. Fans and critics agree that this 10-track offering is some of the strongest work in both artists' catalogues. The LP boasts monster tracks like \"Speshal,\" \"Band of Brothers,\" and \"Warm Winter.\"Guests on the album include Benny The Butcher, Conway The Machine, Stove God Cooks, Ransom, Wiz Khalifa, Curren$y, Jim Jones, and ElCamino.","og_url":"https:\/\/wpguerssen-test.odoo.rgbconsulting.com\/es\/producto\/beyond-belief\/","og_site_name":"Guerssen records","article_modified_time":"2024-07-01T17:19:56+00:00","og_image":[{"width":250,"height":243,"url":"https:\/\/wpguerssen-test.odoo.rgbconsulting.com\/wp-content\/uploads\/2024\/01\/46761.jpg","type":"image\/jpeg"}],"twitter_card":"summary_large_image","twitter_title":"38 SPESH & FRAUD, Harry - Beyond Belief -  (LP) | Guerssen","twitter_misc":{"Tiempo de lectura":"1 minuto"},"schema":{"@context":"https:\/\/schema.org","@graph":[{"@type":"WebPage","@id":"https:\/\/wpguerssen-test.odoo.rgbconsulting.com\/es\/producto\/beyond-belief\/","url":"https:\/\/wpguerssen-test.odoo.rgbconsulting.com\/es\/producto\/beyond-belief\/","name":"38 SPESH & FRAUD, Harry - Beyond Belief - (LP) | Guerssen","isPartOf":{"@id":"https:\/\/wpguerssen-test.odoo.rgbconsulting.com\/es\/#website"},"primaryImageOfPage":{"@id":"https:\/\/wpguerssen-test.odoo.rgbconsulting.com\/es\/producto\/beyond-belief\/#primaryimage"},"image":{"@id":"https:\/\/wpguerssen-test.odoo.rgbconsulting.com\/es\/producto\/beyond-belief\/#primaryimage"},"thumbnailUrl":"https:\/\/wpguerssen-test.odoo.rgbconsulting.com\/wp-content\/uploads\/2024\/01\/46761.jpg","datePublished":"2024-02-21T23:00:00+00:00","dateModified":"2024-07-01T17:19:56+00:00","description":"Although Beyond Belief was completed in only a handful of all-night sessions, 38 Spesh and Harry Fraud took their time crafting this high level Hip-Hop music. Harry didn't simply send Spesh a folder of beats to rap to, Spesh made the trip to Harry's lab, and all the beats and lyrics were created on the spot. Fans and critics agree that this 10-track offering is some of the strongest work in both artists' catalogues. The LP boasts monster tracks like \"Speshal,\" \"Band of Brothers,\" and \"Warm Winter.\"Guests on the album include Benny The Butcher, Conway The Machine, Stove God Cooks, Ransom, Wiz Khalifa, Curren$y, Jim Jones, and ElCamino.","breadcrumb":{"@id":"https:\/\/wpguerssen-test.odoo.rgbconsulting.com\/es\/producto\/beyond-belief\/#breadcrumb"},"inLanguage":"es","potentialAction":[{"@type":"ReadAction","target":["https:\/\/wpguerssen-test.odoo.rgbconsulting.com\/es\/producto\/beyond-belief\/"]}]},{"@type":"ImageObject","inLanguage":"es","@id":"https:\/\/wpguerssen-test.odoo.rgbconsulting.com\/es\/producto\/beyond-belief\/#primaryimage","url":"https:\/\/wpguerssen-test.odoo.rgbconsulting.com\/wp-content\/uploads\/2024\/01\/46761.jpg","contentUrl":"https:\/\/wpguerssen-test.odoo.rgbconsulting.com\/wp-content\/uploads\/2024\/01\/46761.jpg","width":250,"height":243,"caption":"Harry - Beyond Belief - SRFSCHL (LP) | Guerssen"},{"@type":"BreadcrumbList","@id":"https:\/\/wpguerssen-test.odoo.rgbconsulting.com\/es\/producto\/beyond-belief\/#breadcrumb","itemListElement":[{"@type":"ListItem","position":1,"name":"Inicio","item":"https:\/\/wpguerssen-test.odoo.rgbconsulting.com\/es\/"},{"@type":"ListItem","position":2,"name":"Shop","item":"https:\/\/wpguerssen-test.odoo.rgbconsulting.com\/shop\/"},{"@type":"ListItem","position":3,"name":"Beyond Belief"}]},{"@type":"WebSite","@id":"https:\/\/wpguerssen-test.odoo.rgbconsulting.com\/es\/#website","url":"https:\/\/wpguerssen-test.odoo.rgbconsulting.com\/es\/","name":"Guerssen records","description":"psychedelia - progressive - folk - garage ","publisher":{"@id":"https:\/\/wpguerssen-test.odoo.rgbconsulting.com\/es\/#organization"},"potentialAction":[{"@type":"SearchAction","target":{"@type":"EntryPoint","urlTemplate":"https:\/\/wpguerssen-test.odoo.rgbconsulting.com\/es\/?s={search_term_string}"},"query-input":{"@type":"PropertyValueSpecification","valueRequired":true,"valueName":"search_term_string"}}],"inLanguage":"es"},{"@type":"Organization","@id":"https:\/\/wpguerssen-test.odoo.rgbconsulting.com\/es\/#organization","name":"Guerssen records","url":"https:\/\/wpguerssen-test.odoo.rgbconsulting.com\/es\/","logo":{"@type":"ImageObject","inLanguage":"es","@id":"https:\/\/wpguerssen-test.odoo.rgbconsulting.com\/es\/#\/schema\/logo\/image\/","url":"https:\/\/wpguerssen-test.odoo.rgbconsulting.com\/wp-content\/uploads\/2022\/04\/Logo_Guerssen_trans_100.png","contentUrl":"https:\/\/wpguerssen-test.odoo.rgbconsulting.com\/wp-content\/uploads\/2022\/04\/Logo_Guerssen_trans_100.png","width":122,"height":100,"caption":"Guerssen records"},"image":{"@id":"https:\/\/wpguerssen-test.odoo.rgbconsulting.com\/es\/#\/schema\/logo\/image\/"}}]}},"_links":{"self":[{"href":"https:\/\/wpguerssen-test.odoo.rgbconsulting.com\/es\/wp-json\/wp\/v2\/product\/249872","targetHints":{"allow":["GET"]}}],"collection":[{"href":"https:\/\/wpguerssen-test.odoo.rgbconsulting.com\/es\/wp-json\/wp\/v2\/product"}],"about":[{"href":"https:\/\/wpguerssen-test.odoo.rgbconsulting.com\/es\/wp-json\/wp\/v2\/types\/product"}],"wp:featuredmedia":[{"embeddable":true,"href":"https:\/\/wpguerssen-test.odoo.rgbconsulting.com\/es\/wp-json\/wp\/v2\/media\/250119"}],"wp:attachment":[{"href":"https:\/\/wpguerssen-test.odoo.rgbconsulting.com\/es\/wp-json\/wp\/v2\/media?parent=249872"}],"wp:term":[{"taxonomy":"product_brand","embeddable":true,"href":"https:\/\/wpguerssen-test.odoo.rgbconsulting.com\/es\/wp-json\/wp\/v2\/product_brand?post=249872"},{"taxonomy":"product_cat","embeddable":true,"href":"https:\/\/wpguerssen-test.odoo.rgbconsulting.com\/es\/wp-json\/wp\/v2\/product_cat?post=249872"},{"taxonomy":"product_tag","embeddable":true,"href":"https:\/\/wpguerssen-test.odoo.rgbconsulting.com\/es\/wp-json\/wp\/v2\/product_tag?post=249872"}],"curies":[{"name":"wp","href":"https:\/\/api.w.org\/{rel}","templated":true}]}}