{"id":249874,"date":"2024-02-22T00:00:00","date_gmt":"2024-02-21T23:00:00","guid":{"rendered":"https:\/\/wpguerssen-test.odoo.rgbconsulting.com\/product\/long-live-dj-shay\/"},"modified":"2024-07-01T19:20:14","modified_gmt":"2024-07-01T17:20:14","slug":"long-live-dj-shay","status":"publish","type":"product","link":"https:\/\/wpguerssen-test.odoo.rgbconsulting.com\/es\/producto\/long-live-dj-shay\/","title":{"rendered":"Long Live DJ Shay"},"content":{"rendered":"<p>Long Live DJ Shay es una celebraci\u00f3n del legado y el impacto de DJ Shay, no solo para B$F y Griselda, sino tambi\u00e9n por su impacto duradero en la cultura. Shay conoci\u00f3 a Benny The Butcher, Conway The Machine y Westside Gunn en la d\u00e9cada de 2000, y comenz\u00f3 una abundante colaboraci\u00f3n para producirlos, grabarlos y gestionarlos, formando una hermandad que dur\u00f3 hasta su prematuro fallecimiento. Reconoci\u00f3 el incre\u00edble talento de estos tres raperos desde el principio (y de otros artistas que se unieron a B$F y Griselda) y los defendi\u00f3 incondicionalmente. QEPD DJ Shay<\/p>\n","protected":false},"excerpt":{"rendered":"<p>Long Live DJ Shay es una celebraci\u00f3n del legado y el impacto de DJ Shay, no solo para B$F y Griselda, sino tambi\u00e9n por su impacto duradero en la cultura. Shay conoci\u00f3<a class=\"read\" href=\"https:\/\/wpguerssen-test.odoo.rgbconsulting.com\/es\/producto\/long-live-dj-shay\/\"> (...)<\/a>","protected":false},"featured_media":250123,"template":"","meta":{"_acf_changed":false},"product_brand":[],"product_cat":[21706],"product_tag":[],"class_list":{"0":"post-249874","1":"product","2":"type-product","3":"status-publish","4":"has-post-thumbnail","6":"product_cat-rap-hip-hop-es","7":"pa_artist-black-soprano-family","8":"pa_format-lp-es","9":"pa_gender-rap-hip-hop","10":"pa_label-mnrk-music","11":"pa_location-north-america-es","12":"pa_other-filters-vinyl-only-es","14":"first","15":"instock","16":"taxable","17":"shipping-taxable","18":"purchasable","19":"product-type-simple"},"acf":[],"yoast_head":"<!-- This site is optimized with the Yoast SEO plugin v24.9 - https:\/\/yoast.com\/wordpress\/plugins\/seo\/ -->\n<title>BLACK SOPRANO FAMILY - Long Live DJ Shay -  (LP) | Guerssen<\/title>\n<meta name=\"description\" content=\"Long Live DJ Shay is a celebration of the legacy &amp; impact of DJ Shay, not only for B$F and Griselda, but for his lasting impact on the culture. Shay met Benny The Butcher, Conway The Machine, and Westside Gunn in the 2000s, and began a bountiful collaboration of producing, recording, and managing them, forming a brotherhood that lasted until his untimely demise. He recognized the incredible talent in these three rappers early on - and other artists that entered the B$F and Griselda fold - and championed them unconditionally as the rest of the world caught up. RIP DJ Shay\" \/>\n<meta name=\"robots\" content=\"index, follow, max-snippet:-1, max-image-preview:large, max-video-preview:-1\" \/>\n<link rel=\"canonical\" href=\"https:\/\/wpguerssen-test.odoo.rgbconsulting.com\/es\/producto\/long-live-dj-shay\/\" \/>\n<meta property=\"og:locale\" content=\"es_ES\" \/>\n<meta property=\"og:type\" content=\"article\" \/>\n<meta property=\"og:title\" content=\"BLACK SOPRANO FAMILY - Long Live DJ Shay -  (LP) | Guerssen\" \/>\n<meta property=\"og:description\" content=\"Long Live DJ Shay is a celebration of the legacy &amp; impact of DJ Shay, not only for B$F and Griselda, but for his lasting impact on the culture. Shay met Benny The Butcher, Conway The Machine, and Westside Gunn in the 2000s, and began a bountiful collaboration of producing, recording, and managing them, forming a brotherhood that lasted until his untimely demise. He recognized the incredible talent in these three rappers early on - and other artists that entered the B$F and Griselda fold - and championed them unconditionally as the rest of the world caught up. RIP DJ Shay\" \/>\n<meta property=\"og:url\" content=\"https:\/\/wpguerssen-test.odoo.rgbconsulting.com\/es\/producto\/long-live-dj-shay\/\" \/>\n<meta property=\"og:site_name\" content=\"Guerssen records\" \/>\n<meta property=\"article:modified_time\" content=\"2024-07-01T17:20:14+00:00\" \/>\n<meta property=\"og:image\" content=\"https:\/\/wpguerssen-test.odoo.rgbconsulting.com\/wp-content\/uploads\/2024\/01\/46763.jpg\" \/>\n\t<meta property=\"og:image:width\" content=\"243\" \/>\n\t<meta property=\"og:image:height\" content=\"243\" \/>\n\t<meta property=\"og:image:type\" content=\"image\/jpeg\" \/>\n<meta name=\"twitter:card\" content=\"summary_large_image\" \/>\n<meta name=\"twitter:title\" content=\"BLACK SOPRANO FAMILY - Long Live DJ Shay -  (LP) | Guerssen\" \/>\n<meta name=\"twitter:label1\" content=\"Tiempo de lectura\" \/>\n\t<meta name=\"twitter:data1\" content=\"1 minuto\" \/>\n<script type=\"application\/ld+json\" class=\"yoast-schema-graph\">{\"@context\":\"https:\/\/schema.org\",\"@graph\":[{\"@type\":\"WebPage\",\"@id\":\"https:\/\/wpguerssen-test.odoo.rgbconsulting.com\/es\/producto\/long-live-dj-shay\/\",\"url\":\"https:\/\/wpguerssen-test.odoo.rgbconsulting.com\/es\/producto\/long-live-dj-shay\/\",\"name\":\"BLACK SOPRANO FAMILY - Long Live DJ Shay - (LP) | Guerssen\",\"isPartOf\":{\"@id\":\"https:\/\/wpguerssen-test.odoo.rgbconsulting.com\/es\/#website\"},\"primaryImageOfPage\":{\"@id\":\"https:\/\/wpguerssen-test.odoo.rgbconsulting.com\/es\/producto\/long-live-dj-shay\/#primaryimage\"},\"image\":{\"@id\":\"https:\/\/wpguerssen-test.odoo.rgbconsulting.com\/es\/producto\/long-live-dj-shay\/#primaryimage\"},\"thumbnailUrl\":\"https:\/\/wpguerssen-test.odoo.rgbconsulting.com\/wp-content\/uploads\/2024\/01\/46763.jpg\",\"datePublished\":\"2024-02-21T23:00:00+00:00\",\"dateModified\":\"2024-07-01T17:20:14+00:00\",\"description\":\"Long Live DJ Shay is a celebration of the legacy & impact of DJ Shay, not only for B$F and Griselda, but for his lasting impact on the culture. Shay met Benny The Butcher, Conway The Machine, and Westside Gunn in the 2000s, and began a bountiful collaboration of producing, recording, and managing them, forming a brotherhood that lasted until his untimely demise. He recognized the incredible talent in these three rappers early on - and other artists that entered the B$F and Griselda fold - and championed them unconditionally as the rest of the world caught up. RIP DJ Shay\",\"breadcrumb\":{\"@id\":\"https:\/\/wpguerssen-test.odoo.rgbconsulting.com\/es\/producto\/long-live-dj-shay\/#breadcrumb\"},\"inLanguage\":\"es\",\"potentialAction\":[{\"@type\":\"ReadAction\",\"target\":[\"https:\/\/wpguerssen-test.odoo.rgbconsulting.com\/es\/producto\/long-live-dj-shay\/\"]}]},{\"@type\":\"ImageObject\",\"inLanguage\":\"es\",\"@id\":\"https:\/\/wpguerssen-test.odoo.rgbconsulting.com\/es\/producto\/long-live-dj-shay\/#primaryimage\",\"url\":\"https:\/\/wpguerssen-test.odoo.rgbconsulting.com\/wp-content\/uploads\/2024\/01\/46763.jpg\",\"contentUrl\":\"https:\/\/wpguerssen-test.odoo.rgbconsulting.com\/wp-content\/uploads\/2024\/01\/46763.jpg\",\"width\":243,\"height\":243},{\"@type\":\"BreadcrumbList\",\"@id\":\"https:\/\/wpguerssen-test.odoo.rgbconsulting.com\/es\/producto\/long-live-dj-shay\/#breadcrumb\",\"itemListElement\":[{\"@type\":\"ListItem\",\"position\":1,\"name\":\"Inicio\",\"item\":\"https:\/\/wpguerssen-test.odoo.rgbconsulting.com\/es\/\"},{\"@type\":\"ListItem\",\"position\":2,\"name\":\"Shop\",\"item\":\"https:\/\/wpguerssen-test.odoo.rgbconsulting.com\/shop\/\"},{\"@type\":\"ListItem\",\"position\":3,\"name\":\"Long Live DJ Shay\"}]},{\"@type\":\"WebSite\",\"@id\":\"https:\/\/wpguerssen-test.odoo.rgbconsulting.com\/es\/#website\",\"url\":\"https:\/\/wpguerssen-test.odoo.rgbconsulting.com\/es\/\",\"name\":\"Guerssen records\",\"description\":\"psychedelia - progressive - folk - garage \",\"publisher\":{\"@id\":\"https:\/\/wpguerssen-test.odoo.rgbconsulting.com\/es\/#organization\"},\"potentialAction\":[{\"@type\":\"SearchAction\",\"target\":{\"@type\":\"EntryPoint\",\"urlTemplate\":\"https:\/\/wpguerssen-test.odoo.rgbconsulting.com\/es\/?s={search_term_string}\"},\"query-input\":{\"@type\":\"PropertyValueSpecification\",\"valueRequired\":true,\"valueName\":\"search_term_string\"}}],\"inLanguage\":\"es\"},{\"@type\":\"Organization\",\"@id\":\"https:\/\/wpguerssen-test.odoo.rgbconsulting.com\/es\/#organization\",\"name\":\"Guerssen records\",\"url\":\"https:\/\/wpguerssen-test.odoo.rgbconsulting.com\/es\/\",\"logo\":{\"@type\":\"ImageObject\",\"inLanguage\":\"es\",\"@id\":\"https:\/\/wpguerssen-test.odoo.rgbconsulting.com\/es\/#\/schema\/logo\/image\/\",\"url\":\"https:\/\/wpguerssen-test.odoo.rgbconsulting.com\/wp-content\/uploads\/2022\/04\/Logo_Guerssen_trans_100.png\",\"contentUrl\":\"https:\/\/wpguerssen-test.odoo.rgbconsulting.com\/wp-content\/uploads\/2022\/04\/Logo_Guerssen_trans_100.png\",\"width\":122,\"height\":100,\"caption\":\"Guerssen records\"},\"image\":{\"@id\":\"https:\/\/wpguerssen-test.odoo.rgbconsulting.com\/es\/#\/schema\/logo\/image\/\"}}]}<\/script>\n<!-- \/ Yoast SEO plugin. -->","yoast_head_json":{"title":"BLACK SOPRANO FAMILY - Long Live DJ Shay -  (LP) | Guerssen","description":"Long Live DJ Shay is a celebration of the legacy & impact of DJ Shay, not only for B$F and Griselda, but for his lasting impact on the culture. Shay met Benny The Butcher, Conway The Machine, and Westside Gunn in the 2000s, and began a bountiful collaboration of producing, recording, and managing them, forming a brotherhood that lasted until his untimely demise. He recognized the incredible talent in these three rappers early on - and other artists that entered the B$F and Griselda fold - and championed them unconditionally as the rest of the world caught up. RIP DJ Shay","robots":{"index":"index","follow":"follow","max-snippet":"max-snippet:-1","max-image-preview":"max-image-preview:large","max-video-preview":"max-video-preview:-1"},"canonical":"https:\/\/wpguerssen-test.odoo.rgbconsulting.com\/es\/producto\/long-live-dj-shay\/","og_locale":"es_ES","og_type":"article","og_title":"BLACK SOPRANO FAMILY - Long Live DJ Shay -  (LP) | Guerssen","og_description":"Long Live DJ Shay is a celebration of the legacy & impact of DJ Shay, not only for B$F and Griselda, but for his lasting impact on the culture. Shay met Benny The Butcher, Conway The Machine, and Westside Gunn in the 2000s, and began a bountiful collaboration of producing, recording, and managing them, forming a brotherhood that lasted until his untimely demise. He recognized the incredible talent in these three rappers early on - and other artists that entered the B$F and Griselda fold - and championed them unconditionally as the rest of the world caught up. RIP DJ Shay","og_url":"https:\/\/wpguerssen-test.odoo.rgbconsulting.com\/es\/producto\/long-live-dj-shay\/","og_site_name":"Guerssen records","article_modified_time":"2024-07-01T17:20:14+00:00","og_image":[{"width":243,"height":243,"url":"https:\/\/wpguerssen-test.odoo.rgbconsulting.com\/wp-content\/uploads\/2024\/01\/46763.jpg","type":"image\/jpeg"}],"twitter_card":"summary_large_image","twitter_title":"BLACK SOPRANO FAMILY - Long Live DJ Shay -  (LP) | Guerssen","twitter_misc":{"Tiempo de lectura":"1 minuto"},"schema":{"@context":"https:\/\/schema.org","@graph":[{"@type":"WebPage","@id":"https:\/\/wpguerssen-test.odoo.rgbconsulting.com\/es\/producto\/long-live-dj-shay\/","url":"https:\/\/wpguerssen-test.odoo.rgbconsulting.com\/es\/producto\/long-live-dj-shay\/","name":"BLACK SOPRANO FAMILY - Long Live DJ Shay - (LP) | Guerssen","isPartOf":{"@id":"https:\/\/wpguerssen-test.odoo.rgbconsulting.com\/es\/#website"},"primaryImageOfPage":{"@id":"https:\/\/wpguerssen-test.odoo.rgbconsulting.com\/es\/producto\/long-live-dj-shay\/#primaryimage"},"image":{"@id":"https:\/\/wpguerssen-test.odoo.rgbconsulting.com\/es\/producto\/long-live-dj-shay\/#primaryimage"},"thumbnailUrl":"https:\/\/wpguerssen-test.odoo.rgbconsulting.com\/wp-content\/uploads\/2024\/01\/46763.jpg","datePublished":"2024-02-21T23:00:00+00:00","dateModified":"2024-07-01T17:20:14+00:00","description":"Long Live DJ Shay is a celebration of the legacy & impact of DJ Shay, not only for B$F and Griselda, but for his lasting impact on the culture. Shay met Benny The Butcher, Conway The Machine, and Westside Gunn in the 2000s, and began a bountiful collaboration of producing, recording, and managing them, forming a brotherhood that lasted until his untimely demise. He recognized the incredible talent in these three rappers early on - and other artists that entered the B$F and Griselda fold - and championed them unconditionally as the rest of the world caught up. RIP DJ Shay","breadcrumb":{"@id":"https:\/\/wpguerssen-test.odoo.rgbconsulting.com\/es\/producto\/long-live-dj-shay\/#breadcrumb"},"inLanguage":"es","potentialAction":[{"@type":"ReadAction","target":["https:\/\/wpguerssen-test.odoo.rgbconsulting.com\/es\/producto\/long-live-dj-shay\/"]}]},{"@type":"ImageObject","inLanguage":"es","@id":"https:\/\/wpguerssen-test.odoo.rgbconsulting.com\/es\/producto\/long-live-dj-shay\/#primaryimage","url":"https:\/\/wpguerssen-test.odoo.rgbconsulting.com\/wp-content\/uploads\/2024\/01\/46763.jpg","contentUrl":"https:\/\/wpguerssen-test.odoo.rgbconsulting.com\/wp-content\/uploads\/2024\/01\/46763.jpg","width":243,"height":243},{"@type":"BreadcrumbList","@id":"https:\/\/wpguerssen-test.odoo.rgbconsulting.com\/es\/producto\/long-live-dj-shay\/#breadcrumb","itemListElement":[{"@type":"ListItem","position":1,"name":"Inicio","item":"https:\/\/wpguerssen-test.odoo.rgbconsulting.com\/es\/"},{"@type":"ListItem","position":2,"name":"Shop","item":"https:\/\/wpguerssen-test.odoo.rgbconsulting.com\/shop\/"},{"@type":"ListItem","position":3,"name":"Long Live DJ Shay"}]},{"@type":"WebSite","@id":"https:\/\/wpguerssen-test.odoo.rgbconsulting.com\/es\/#website","url":"https:\/\/wpguerssen-test.odoo.rgbconsulting.com\/es\/","name":"Guerssen records","description":"psychedelia - progressive - folk - garage ","publisher":{"@id":"https:\/\/wpguerssen-test.odoo.rgbconsulting.com\/es\/#organization"},"potentialAction":[{"@type":"SearchAction","target":{"@type":"EntryPoint","urlTemplate":"https:\/\/wpguerssen-test.odoo.rgbconsulting.com\/es\/?s={search_term_string}"},"query-input":{"@type":"PropertyValueSpecification","valueRequired":true,"valueName":"search_term_string"}}],"inLanguage":"es"},{"@type":"Organization","@id":"https:\/\/wpguerssen-test.odoo.rgbconsulting.com\/es\/#organization","name":"Guerssen records","url":"https:\/\/wpguerssen-test.odoo.rgbconsulting.com\/es\/","logo":{"@type":"ImageObject","inLanguage":"es","@id":"https:\/\/wpguerssen-test.odoo.rgbconsulting.com\/es\/#\/schema\/logo\/image\/","url":"https:\/\/wpguerssen-test.odoo.rgbconsulting.com\/wp-content\/uploads\/2022\/04\/Logo_Guerssen_trans_100.png","contentUrl":"https:\/\/wpguerssen-test.odoo.rgbconsulting.com\/wp-content\/uploads\/2022\/04\/Logo_Guerssen_trans_100.png","width":122,"height":100,"caption":"Guerssen records"},"image":{"@id":"https:\/\/wpguerssen-test.odoo.rgbconsulting.com\/es\/#\/schema\/logo\/image\/"}}]}},"_links":{"self":[{"href":"https:\/\/wpguerssen-test.odoo.rgbconsulting.com\/es\/wp-json\/wp\/v2\/product\/249874","targetHints":{"allow":["GET"]}}],"collection":[{"href":"https:\/\/wpguerssen-test.odoo.rgbconsulting.com\/es\/wp-json\/wp\/v2\/product"}],"about":[{"href":"https:\/\/wpguerssen-test.odoo.rgbconsulting.com\/es\/wp-json\/wp\/v2\/types\/product"}],"wp:featuredmedia":[{"embeddable":true,"href":"https:\/\/wpguerssen-test.odoo.rgbconsulting.com\/es\/wp-json\/wp\/v2\/media\/250123"}],"wp:attachment":[{"href":"https:\/\/wpguerssen-test.odoo.rgbconsulting.com\/es\/wp-json\/wp\/v2\/media?parent=249874"}],"wp:term":[{"taxonomy":"product_brand","embeddable":true,"href":"https:\/\/wpguerssen-test.odoo.rgbconsulting.com\/es\/wp-json\/wp\/v2\/product_brand?post=249874"},{"taxonomy":"product_cat","embeddable":true,"href":"https:\/\/wpguerssen-test.odoo.rgbconsulting.com\/es\/wp-json\/wp\/v2\/product_cat?post=249874"},{"taxonomy":"product_tag","embeddable":true,"href":"https:\/\/wpguerssen-test.odoo.rgbconsulting.com\/es\/wp-json\/wp\/v2\/product_tag?post=249874"}],"curies":[{"name":"wp","href":"https:\/\/api.w.org\/{rel}","templated":true}]}}