{"id":250127,"date":"2025-02-28T00:00:00","date_gmt":"2025-02-27T23:00:00","guid":{"rendered":"https:\/\/wpguerssen-test.odoo.rgbconsulting.com\/product\/czarface\/"},"modified":"2025-04-22T16:57:52","modified_gmt":"2025-04-22T14:57:52","slug":"czarface","status":"publish","type":"product","link":"https:\/\/wpguerssen-test.odoo.rgbconsulting.com\/es\/producto\/czarface\/","title":{"rendered":"Czarface"},"content":{"rendered":"<p>En la m\u00fasica, el tiempo lo es todo.<br \/>Cuando el d\u00fao de hip-hop de Boston, 7L &#038; Esoteric, que pronto ser\u00e1 renombrado, colabor\u00f3 \u00bf\u00bfcon Inspectah Deck de Wu-Tang Clan en la canci\u00f3n principal del EP debut de 7LES, Speaking Real Words, en 1999, el momento fue perfecto. El d\u00fao advenedizo estaba generando un gran revuelo en la costa este y m\u00e1s all\u00e1, mientras Deck todav\u00eda estaba ganando elogios por su disco en solitario Uncontrolled Substance, que vendi\u00f3 hasta ser de oro. A medida que el llamativo rap se transmit\u00eda en las estaciones de radio comerciales, su qu\u00edmica natural y sus habilidades simp\u00e1ticas brillaban como un faro para los verdaderos fan\u00e1ticos del hip-hop, una base de oyentes que pronto preguntaban sobre su pr\u00f3xima cumbre musical.<br \/>14 a\u00f1os despu\u00e9s , el hambre de letras agudas y ritmos impactantes no se ha disipado. Frente al status quo cada vez peor de canciones de rap de radio diluidas e ins\u00edpidas, el llamado a algo real solo se ha vuelto m\u00e1s fuerte, y una vez m\u00e1s es el momento adecuado para un llamado a la acci\u00f3n: que alguien o algo venga y envie a los raperos de postal corriendo hacia las colinas con miedo. Ingrese a CZARFACE, el pr\u00f3ximo e intransigente \u00e1lbum de larga duraci\u00f3n de Inspectah Deck y 7L &#038; Esoteric.<br \/>No es sorpresa que el respeto por el hip-hop real es profundo, y CZARFACE trae consigo un ej\u00e9rcito; considere la lista de invitados repleta de estrellas que incluye a Roc Marciano, Action Bronson, Vinnie Paz (Jedi Mind Tricks), Oh No (Gangrene), Mr. MFN eXquire y los compa\u00f1eros de Deck, Wu-Tang Clansmen, Ghostface Killah y Cappadonna.<br \/>Aparte de una canci\u00f3n bendecida por el todopoderoso DJ Premier, la producci\u00f3n de CZARFACE pertenece exclusivamente a DJ 7L, quien proporciona la columna vertebral musical que mantiene unido el \u00e1lbum. Su capacidad para crear un sonido hip-hop actual y emocionante con un toque cl\u00e1sico dej\u00f3 a Deck impresionado: \u00abEste es uno de los primeros \u00e1lbumes que escuch\u00e9 en mucho tiempo y que te brinda tantas sensaciones diferentes. Escuchas el estilo hip-hop de los 80, el R&#038;B y el rock de los 80 combinados con lo que est\u00e1 pasando ahora. En mi opini\u00f3n, eso es crear algo nuevo\u00bb.<\/p>\n","protected":false},"excerpt":{"rendered":"<p>En la m\u00fasica, el tiempo lo es todo.<br \/>Cuando el d\u00fao de hip-hop de Boston, 7L &#038; Esoteric, que pronto ser\u00e1 renombrado, colabor\u00f3 \u00bf\u00bfcon Inspectah Deck de<a class=\"read\" href=\"https:\/\/wpguerssen-test.odoo.rgbconsulting.com\/es\/producto\/czarface\/\"> (...)<\/a>","protected":false},"featured_media":250051,"template":"","meta":{"_acf_changed":false},"product_brand":[],"product_cat":[21706],"product_tag":[],"class_list":{"0":"post-250127","1":"product","2":"type-product","3":"status-publish","4":"has-post-thumbnail","6":"product_cat-rap-hip-hop-es","7":"pa_artist-czarface","8":"pa_format-2lp-es","9":"pa_gender-rap-hip-hop","10":"pa_label-brick-records","11":"pa_location-north-america-es","12":"pa_other-filters-vinyl-only-es","14":"first","15":"instock","16":"taxable","17":"shipping-taxable","18":"purchasable","19":"product-type-simple"},"acf":[],"yoast_head":"<!-- This site is optimized with the Yoast SEO plugin v24.9 - https:\/\/yoast.com\/wordpress\/plugins\/seo\/ -->\n<title>CZARFACE - Czarface -  (2LP) | Guerssen<\/title>\n<meta name=\"description\" content=\"In music, timing is everything.When soon-to-be-renowned Boston hip-hop duo 7L &amp; Esoteric collaborated with the Wu-Tang Clan&#039;s Inspectah Deck on the title track to 7LES&#039;s debut EP Speaking Real Words in 1999, the timing was perfect. The upstart duo was building a serious buzz on the East Coast and beyond, while Deck was still winning praise for his gold-selling solo disc Uncontrolled Substance. As flashy pop-oriented rap was pumped on commercial radio stations, their natural chemistry and simpatico skills shone as a beacon to real hip-hop fans, a base of listeners who were soon asking about their next musical summit.14 years later, the hunger for sharp lyrics and head-snapping beats hasn&#039;t dissipated. In the face of the ever-worsening status quo of watered-down and vapid radio rap songs, the call for something real has only gotten stronger, and once again the time is right for a call to action - for someone or something to come in and send wack rappers running for the hills in fear. Enter CZARFACE, the upcoming, uncompromising full-length album from Inspectah Deck and 7L &amp; Esoteric.Not surprising, respect for real hip-hop runs deep, and CZARFACE brings an army with it -- consider the star-studded guest list which includes Roc Marciano, Action Bronson, Vinnie Paz (Jedi Mind Tricks,) Oh No (Gangrene,) Mr. MFN eXquire and Deck&#039;s fellow Wu-Tang Clansmen Ghostface Killah and Cappadonna.Aside from one track blessed by the almighty DJ Premier, production on CZARFACE belongs exclusively to DJ 7L, who provides the musical backbone which holds the album together. His ability to craft a hip-hop sound that&#039;s current and exciting with a classic feel left Deck impressed: &quot;This is one of the first albums I&#039;ve heard in a while that gives you so many different feels. You hear the &#039;80s hip-hop style, &#039;80s R&amp;B and rock combined with what&#039;s going on now. That&#039;s creating something new, in my opinion.&quot;A collaboration this big is bound to catch some attention, as it has from MISHKA NYC artist Lamour Supreme, who penned the eye-popping Jack &quot;King&quot; Kirby inspired cover art for CZARFACE.\" \/>\n<meta name=\"robots\" content=\"index, follow, max-snippet:-1, max-image-preview:large, max-video-preview:-1\" \/>\n<link rel=\"canonical\" href=\"https:\/\/wpguerssen-test.odoo.rgbconsulting.com\/es\/producto\/czarface\/\" \/>\n<meta property=\"og:locale\" content=\"es_ES\" \/>\n<meta property=\"og:type\" content=\"article\" \/>\n<meta property=\"og:title\" content=\"CZARFACE - Czarface -  (2LP) | Guerssen\" \/>\n<meta property=\"og:description\" content=\"In music, timing is everything.When soon-to-be-renowned Boston hip-hop duo 7L &amp; Esoteric collaborated with the Wu-Tang Clan&#039;s Inspectah Deck on the title track to 7LES&#039;s debut EP Speaking Real Words in 1999, the timing was perfect. The upstart duo was building a serious buzz on the East Coast and beyond, while Deck was still winning praise for his gold-selling solo disc Uncontrolled Substance. As flashy pop-oriented rap was pumped on commercial radio stations, their natural chemistry and simpatico skills shone as a beacon to real hip-hop fans, a base of listeners who were soon asking about their next musical summit.14 years later, the hunger for sharp lyrics and head-snapping beats hasn&#039;t dissipated. In the face of the ever-worsening status quo of watered-down and vapid radio rap songs, the call for something real has only gotten stronger, and once again the time is right for a call to action - for someone or something to come in and send wack rappers running for the hills in fear. Enter CZARFACE, the upcoming, uncompromising full-length album from Inspectah Deck and 7L &amp; Esoteric.Not surprising, respect for real hip-hop runs deep, and CZARFACE brings an army with it -- consider the star-studded guest list which includes Roc Marciano, Action Bronson, Vinnie Paz (Jedi Mind Tricks,) Oh No (Gangrene,) Mr. MFN eXquire and Deck&#039;s fellow Wu-Tang Clansmen Ghostface Killah and Cappadonna.Aside from one track blessed by the almighty DJ Premier, production on CZARFACE belongs exclusively to DJ 7L, who provides the musical backbone which holds the album together. His ability to craft a hip-hop sound that&#039;s current and exciting with a classic feel left Deck impressed: &quot;This is one of the first albums I&#039;ve heard in a while that gives you so many different feels. You hear the &#039;80s hip-hop style, &#039;80s R&amp;B and rock combined with what&#039;s going on now. That&#039;s creating something new, in my opinion.&quot;A collaboration this big is bound to catch some attention, as it has from MISHKA NYC artist Lamour Supreme, who penned the eye-popping Jack &quot;King&quot; Kirby inspired cover art for CZARFACE.\" \/>\n<meta property=\"og:url\" content=\"https:\/\/wpguerssen-test.odoo.rgbconsulting.com\/es\/producto\/czarface\/\" \/>\n<meta property=\"og:site_name\" content=\"Guerssen records\" \/>\n<meta property=\"article:modified_time\" content=\"2025-04-22T14:57:52+00:00\" \/>\n<meta property=\"og:image\" content=\"https:\/\/wpguerssen-test.odoo.rgbconsulting.com\/wp-content\/uploads\/2024\/01\/46766.jpg\" \/>\n\t<meta property=\"og:image:width\" content=\"243\" \/>\n\t<meta property=\"og:image:height\" content=\"241\" \/>\n\t<meta property=\"og:image:type\" content=\"image\/jpeg\" \/>\n<meta name=\"twitter:card\" content=\"summary_large_image\" \/>\n<meta name=\"twitter:title\" content=\"CZARFACE - Czarface -  (2LP) | Guerssen\" \/>\n<meta name=\"twitter:label1\" content=\"Tiempo de lectura\" \/>\n\t<meta name=\"twitter:data1\" content=\"2 minutos\" \/>\n<script type=\"application\/ld+json\" class=\"yoast-schema-graph\">{\"@context\":\"https:\/\/schema.org\",\"@graph\":[{\"@type\":\"WebPage\",\"@id\":\"https:\/\/wpguerssen-test.odoo.rgbconsulting.com\/es\/producto\/czarface\/\",\"url\":\"https:\/\/wpguerssen-test.odoo.rgbconsulting.com\/es\/producto\/czarface\/\",\"name\":\"CZARFACE - Czarface - (2LP) | Guerssen\",\"isPartOf\":{\"@id\":\"https:\/\/wpguerssen-test.odoo.rgbconsulting.com\/es\/#website\"},\"primaryImageOfPage\":{\"@id\":\"https:\/\/wpguerssen-test.odoo.rgbconsulting.com\/es\/producto\/czarface\/#primaryimage\"},\"image\":{\"@id\":\"https:\/\/wpguerssen-test.odoo.rgbconsulting.com\/es\/producto\/czarface\/#primaryimage\"},\"thumbnailUrl\":\"https:\/\/wpguerssen-test.odoo.rgbconsulting.com\/wp-content\/uploads\/2024\/01\/46766.jpg\",\"datePublished\":\"2025-02-27T23:00:00+00:00\",\"dateModified\":\"2025-04-22T14:57:52+00:00\",\"description\":\"In music, timing is everything.When soon-to-be-renowned Boston hip-hop duo 7L & Esoteric collaborated with the Wu-Tang Clan's Inspectah Deck on the title track to 7LES's debut EP Speaking Real Words in 1999, the timing was perfect. The upstart duo was building a serious buzz on the East Coast and beyond, while Deck was still winning praise for his gold-selling solo disc Uncontrolled Substance. As flashy pop-oriented rap was pumped on commercial radio stations, their natural chemistry and simpatico skills shone as a beacon to real hip-hop fans, a base of listeners who were soon asking about their next musical summit.14 years later, the hunger for sharp lyrics and head-snapping beats hasn't dissipated. In the face of the ever-worsening status quo of watered-down and vapid radio rap songs, the call for something real has only gotten stronger, and once again the time is right for a call to action - for someone or something to come in and send wack rappers running for the hills in fear. Enter CZARFACE, the upcoming, uncompromising full-length album from Inspectah Deck and 7L & Esoteric.Not surprising, respect for real hip-hop runs deep, and CZARFACE brings an army with it -- consider the star-studded guest list which includes Roc Marciano, Action Bronson, Vinnie Paz (Jedi Mind Tricks,) Oh No (Gangrene,) Mr. MFN eXquire and Deck's fellow Wu-Tang Clansmen Ghostface Killah and Cappadonna.Aside from one track blessed by the almighty DJ Premier, production on CZARFACE belongs exclusively to DJ 7L, who provides the musical backbone which holds the album together. His ability to craft a hip-hop sound that's current and exciting with a classic feel left Deck impressed: \\\"This is one of the first albums I've heard in a while that gives you so many different feels. You hear the '80s hip-hop style, '80s R&B and rock combined with what's going on now. That's creating something new, in my opinion.\\\"A collaboration this big is bound to catch some attention, as it has from MISHKA NYC artist Lamour Supreme, who penned the eye-popping Jack \\\"King\\\" Kirby inspired cover art for CZARFACE.\",\"breadcrumb\":{\"@id\":\"https:\/\/wpguerssen-test.odoo.rgbconsulting.com\/es\/producto\/czarface\/#breadcrumb\"},\"inLanguage\":\"es\",\"potentialAction\":[{\"@type\":\"ReadAction\",\"target\":[\"https:\/\/wpguerssen-test.odoo.rgbconsulting.com\/es\/producto\/czarface\/\"]}]},{\"@type\":\"ImageObject\",\"inLanguage\":\"es\",\"@id\":\"https:\/\/wpguerssen-test.odoo.rgbconsulting.com\/es\/producto\/czarface\/#primaryimage\",\"url\":\"https:\/\/wpguerssen-test.odoo.rgbconsulting.com\/wp-content\/uploads\/2024\/01\/46766.jpg\",\"contentUrl\":\"https:\/\/wpguerssen-test.odoo.rgbconsulting.com\/wp-content\/uploads\/2024\/01\/46766.jpg\",\"width\":243,\"height\":241},{\"@type\":\"BreadcrumbList\",\"@id\":\"https:\/\/wpguerssen-test.odoo.rgbconsulting.com\/es\/producto\/czarface\/#breadcrumb\",\"itemListElement\":[{\"@type\":\"ListItem\",\"position\":1,\"name\":\"Inicio\",\"item\":\"https:\/\/wpguerssen-test.odoo.rgbconsulting.com\/es\/\"},{\"@type\":\"ListItem\",\"position\":2,\"name\":\"Shop\",\"item\":\"https:\/\/wpguerssen-test.odoo.rgbconsulting.com\/shop\/\"},{\"@type\":\"ListItem\",\"position\":3,\"name\":\"Czarface\"}]},{\"@type\":\"WebSite\",\"@id\":\"https:\/\/wpguerssen-test.odoo.rgbconsulting.com\/es\/#website\",\"url\":\"https:\/\/wpguerssen-test.odoo.rgbconsulting.com\/es\/\",\"name\":\"Guerssen records\",\"description\":\"psychedelia - progressive - folk - garage \",\"publisher\":{\"@id\":\"https:\/\/wpguerssen-test.odoo.rgbconsulting.com\/es\/#organization\"},\"potentialAction\":[{\"@type\":\"SearchAction\",\"target\":{\"@type\":\"EntryPoint\",\"urlTemplate\":\"https:\/\/wpguerssen-test.odoo.rgbconsulting.com\/es\/?s={search_term_string}\"},\"query-input\":{\"@type\":\"PropertyValueSpecification\",\"valueRequired\":true,\"valueName\":\"search_term_string\"}}],\"inLanguage\":\"es\"},{\"@type\":\"Organization\",\"@id\":\"https:\/\/wpguerssen-test.odoo.rgbconsulting.com\/es\/#organization\",\"name\":\"Guerssen records\",\"url\":\"https:\/\/wpguerssen-test.odoo.rgbconsulting.com\/es\/\",\"logo\":{\"@type\":\"ImageObject\",\"inLanguage\":\"es\",\"@id\":\"https:\/\/wpguerssen-test.odoo.rgbconsulting.com\/es\/#\/schema\/logo\/image\/\",\"url\":\"https:\/\/wpguerssen-test.odoo.rgbconsulting.com\/wp-content\/uploads\/2022\/04\/Logo_Guerssen_trans_100.png\",\"contentUrl\":\"https:\/\/wpguerssen-test.odoo.rgbconsulting.com\/wp-content\/uploads\/2022\/04\/Logo_Guerssen_trans_100.png\",\"width\":122,\"height\":100,\"caption\":\"Guerssen records\"},\"image\":{\"@id\":\"https:\/\/wpguerssen-test.odoo.rgbconsulting.com\/es\/#\/schema\/logo\/image\/\"}}]}<\/script>\n<!-- \/ Yoast SEO plugin. -->","yoast_head_json":{"title":"CZARFACE - Czarface -  (2LP) | Guerssen","description":"In music, timing is everything.When soon-to-be-renowned Boston hip-hop duo 7L & Esoteric collaborated with the Wu-Tang Clan's Inspectah Deck on the title track to 7LES's debut EP Speaking Real Words in 1999, the timing was perfect. The upstart duo was building a serious buzz on the East Coast and beyond, while Deck was still winning praise for his gold-selling solo disc Uncontrolled Substance. As flashy pop-oriented rap was pumped on commercial radio stations, their natural chemistry and simpatico skills shone as a beacon to real hip-hop fans, a base of listeners who were soon asking about their next musical summit.14 years later, the hunger for sharp lyrics and head-snapping beats hasn't dissipated. In the face of the ever-worsening status quo of watered-down and vapid radio rap songs, the call for something real has only gotten stronger, and once again the time is right for a call to action - for someone or something to come in and send wack rappers running for the hills in fear. Enter CZARFACE, the upcoming, uncompromising full-length album from Inspectah Deck and 7L & Esoteric.Not surprising, respect for real hip-hop runs deep, and CZARFACE brings an army with it -- consider the star-studded guest list which includes Roc Marciano, Action Bronson, Vinnie Paz (Jedi Mind Tricks,) Oh No (Gangrene,) Mr. MFN eXquire and Deck's fellow Wu-Tang Clansmen Ghostface Killah and Cappadonna.Aside from one track blessed by the almighty DJ Premier, production on CZARFACE belongs exclusively to DJ 7L, who provides the musical backbone which holds the album together. His ability to craft a hip-hop sound that's current and exciting with a classic feel left Deck impressed: \"This is one of the first albums I've heard in a while that gives you so many different feels. You hear the '80s hip-hop style, '80s R&B and rock combined with what's going on now. That's creating something new, in my opinion.\"A collaboration this big is bound to catch some attention, as it has from MISHKA NYC artist Lamour Supreme, who penned the eye-popping Jack \"King\" Kirby inspired cover art for CZARFACE.","robots":{"index":"index","follow":"follow","max-snippet":"max-snippet:-1","max-image-preview":"max-image-preview:large","max-video-preview":"max-video-preview:-1"},"canonical":"https:\/\/wpguerssen-test.odoo.rgbconsulting.com\/es\/producto\/czarface\/","og_locale":"es_ES","og_type":"article","og_title":"CZARFACE - Czarface -  (2LP) | Guerssen","og_description":"In music, timing is everything.When soon-to-be-renowned Boston hip-hop duo 7L & Esoteric collaborated with the Wu-Tang Clan's Inspectah Deck on the title track to 7LES's debut EP Speaking Real Words in 1999, the timing was perfect. The upstart duo was building a serious buzz on the East Coast and beyond, while Deck was still winning praise for his gold-selling solo disc Uncontrolled Substance. As flashy pop-oriented rap was pumped on commercial radio stations, their natural chemistry and simpatico skills shone as a beacon to real hip-hop fans, a base of listeners who were soon asking about their next musical summit.14 years later, the hunger for sharp lyrics and head-snapping beats hasn't dissipated. In the face of the ever-worsening status quo of watered-down and vapid radio rap songs, the call for something real has only gotten stronger, and once again the time is right for a call to action - for someone or something to come in and send wack rappers running for the hills in fear. Enter CZARFACE, the upcoming, uncompromising full-length album from Inspectah Deck and 7L & Esoteric.Not surprising, respect for real hip-hop runs deep, and CZARFACE brings an army with it -- consider the star-studded guest list which includes Roc Marciano, Action Bronson, Vinnie Paz (Jedi Mind Tricks,) Oh No (Gangrene,) Mr. MFN eXquire and Deck's fellow Wu-Tang Clansmen Ghostface Killah and Cappadonna.Aside from one track blessed by the almighty DJ Premier, production on CZARFACE belongs exclusively to DJ 7L, who provides the musical backbone which holds the album together. His ability to craft a hip-hop sound that's current and exciting with a classic feel left Deck impressed: \"This is one of the first albums I've heard in a while that gives you so many different feels. You hear the '80s hip-hop style, '80s R&B and rock combined with what's going on now. That's creating something new, in my opinion.\"A collaboration this big is bound to catch some attention, as it has from MISHKA NYC artist Lamour Supreme, who penned the eye-popping Jack \"King\" Kirby inspired cover art for CZARFACE.","og_url":"https:\/\/wpguerssen-test.odoo.rgbconsulting.com\/es\/producto\/czarface\/","og_site_name":"Guerssen records","article_modified_time":"2025-04-22T14:57:52+00:00","og_image":[{"width":243,"height":241,"url":"https:\/\/wpguerssen-test.odoo.rgbconsulting.com\/wp-content\/uploads\/2024\/01\/46766.jpg","type":"image\/jpeg"}],"twitter_card":"summary_large_image","twitter_title":"CZARFACE - Czarface -  (2LP) | Guerssen","twitter_misc":{"Tiempo de lectura":"2 minutos"},"schema":{"@context":"https:\/\/schema.org","@graph":[{"@type":"WebPage","@id":"https:\/\/wpguerssen-test.odoo.rgbconsulting.com\/es\/producto\/czarface\/","url":"https:\/\/wpguerssen-test.odoo.rgbconsulting.com\/es\/producto\/czarface\/","name":"CZARFACE - Czarface - (2LP) | Guerssen","isPartOf":{"@id":"https:\/\/wpguerssen-test.odoo.rgbconsulting.com\/es\/#website"},"primaryImageOfPage":{"@id":"https:\/\/wpguerssen-test.odoo.rgbconsulting.com\/es\/producto\/czarface\/#primaryimage"},"image":{"@id":"https:\/\/wpguerssen-test.odoo.rgbconsulting.com\/es\/producto\/czarface\/#primaryimage"},"thumbnailUrl":"https:\/\/wpguerssen-test.odoo.rgbconsulting.com\/wp-content\/uploads\/2024\/01\/46766.jpg","datePublished":"2025-02-27T23:00:00+00:00","dateModified":"2025-04-22T14:57:52+00:00","description":"In music, timing is everything.When soon-to-be-renowned Boston hip-hop duo 7L & Esoteric collaborated with the Wu-Tang Clan's Inspectah Deck on the title track to 7LES's debut EP Speaking Real Words in 1999, the timing was perfect. The upstart duo was building a serious buzz on the East Coast and beyond, while Deck was still winning praise for his gold-selling solo disc Uncontrolled Substance. As flashy pop-oriented rap was pumped on commercial radio stations, their natural chemistry and simpatico skills shone as a beacon to real hip-hop fans, a base of listeners who were soon asking about their next musical summit.14 years later, the hunger for sharp lyrics and head-snapping beats hasn't dissipated. In the face of the ever-worsening status quo of watered-down and vapid radio rap songs, the call for something real has only gotten stronger, and once again the time is right for a call to action - for someone or something to come in and send wack rappers running for the hills in fear. Enter CZARFACE, the upcoming, uncompromising full-length album from Inspectah Deck and 7L & Esoteric.Not surprising, respect for real hip-hop runs deep, and CZARFACE brings an army with it -- consider the star-studded guest list which includes Roc Marciano, Action Bronson, Vinnie Paz (Jedi Mind Tricks,) Oh No (Gangrene,) Mr. MFN eXquire and Deck's fellow Wu-Tang Clansmen Ghostface Killah and Cappadonna.Aside from one track blessed by the almighty DJ Premier, production on CZARFACE belongs exclusively to DJ 7L, who provides the musical backbone which holds the album together. His ability to craft a hip-hop sound that's current and exciting with a classic feel left Deck impressed: \"This is one of the first albums I've heard in a while that gives you so many different feels. You hear the '80s hip-hop style, '80s R&B and rock combined with what's going on now. That's creating something new, in my opinion.\"A collaboration this big is bound to catch some attention, as it has from MISHKA NYC artist Lamour Supreme, who penned the eye-popping Jack \"King\" Kirby inspired cover art for CZARFACE.","breadcrumb":{"@id":"https:\/\/wpguerssen-test.odoo.rgbconsulting.com\/es\/producto\/czarface\/#breadcrumb"},"inLanguage":"es","potentialAction":[{"@type":"ReadAction","target":["https:\/\/wpguerssen-test.odoo.rgbconsulting.com\/es\/producto\/czarface\/"]}]},{"@type":"ImageObject","inLanguage":"es","@id":"https:\/\/wpguerssen-test.odoo.rgbconsulting.com\/es\/producto\/czarface\/#primaryimage","url":"https:\/\/wpguerssen-test.odoo.rgbconsulting.com\/wp-content\/uploads\/2024\/01\/46766.jpg","contentUrl":"https:\/\/wpguerssen-test.odoo.rgbconsulting.com\/wp-content\/uploads\/2024\/01\/46766.jpg","width":243,"height":241},{"@type":"BreadcrumbList","@id":"https:\/\/wpguerssen-test.odoo.rgbconsulting.com\/es\/producto\/czarface\/#breadcrumb","itemListElement":[{"@type":"ListItem","position":1,"name":"Inicio","item":"https:\/\/wpguerssen-test.odoo.rgbconsulting.com\/es\/"},{"@type":"ListItem","position":2,"name":"Shop","item":"https:\/\/wpguerssen-test.odoo.rgbconsulting.com\/shop\/"},{"@type":"ListItem","position":3,"name":"Czarface"}]},{"@type":"WebSite","@id":"https:\/\/wpguerssen-test.odoo.rgbconsulting.com\/es\/#website","url":"https:\/\/wpguerssen-test.odoo.rgbconsulting.com\/es\/","name":"Guerssen records","description":"psychedelia - progressive - folk - garage ","publisher":{"@id":"https:\/\/wpguerssen-test.odoo.rgbconsulting.com\/es\/#organization"},"potentialAction":[{"@type":"SearchAction","target":{"@type":"EntryPoint","urlTemplate":"https:\/\/wpguerssen-test.odoo.rgbconsulting.com\/es\/?s={search_term_string}"},"query-input":{"@type":"PropertyValueSpecification","valueRequired":true,"valueName":"search_term_string"}}],"inLanguage":"es"},{"@type":"Organization","@id":"https:\/\/wpguerssen-test.odoo.rgbconsulting.com\/es\/#organization","name":"Guerssen records","url":"https:\/\/wpguerssen-test.odoo.rgbconsulting.com\/es\/","logo":{"@type":"ImageObject","inLanguage":"es","@id":"https:\/\/wpguerssen-test.odoo.rgbconsulting.com\/es\/#\/schema\/logo\/image\/","url":"https:\/\/wpguerssen-test.odoo.rgbconsulting.com\/wp-content\/uploads\/2022\/04\/Logo_Guerssen_trans_100.png","contentUrl":"https:\/\/wpguerssen-test.odoo.rgbconsulting.com\/wp-content\/uploads\/2022\/04\/Logo_Guerssen_trans_100.png","width":122,"height":100,"caption":"Guerssen records"},"image":{"@id":"https:\/\/wpguerssen-test.odoo.rgbconsulting.com\/es\/#\/schema\/logo\/image\/"}}]}},"_links":{"self":[{"href":"https:\/\/wpguerssen-test.odoo.rgbconsulting.com\/es\/wp-json\/wp\/v2\/product\/250127","targetHints":{"allow":["GET"]}}],"collection":[{"href":"https:\/\/wpguerssen-test.odoo.rgbconsulting.com\/es\/wp-json\/wp\/v2\/product"}],"about":[{"href":"https:\/\/wpguerssen-test.odoo.rgbconsulting.com\/es\/wp-json\/wp\/v2\/types\/product"}],"wp:featuredmedia":[{"embeddable":true,"href":"https:\/\/wpguerssen-test.odoo.rgbconsulting.com\/es\/wp-json\/wp\/v2\/media\/250051"}],"wp:attachment":[{"href":"https:\/\/wpguerssen-test.odoo.rgbconsulting.com\/es\/wp-json\/wp\/v2\/media?parent=250127"}],"wp:term":[{"taxonomy":"product_brand","embeddable":true,"href":"https:\/\/wpguerssen-test.odoo.rgbconsulting.com\/es\/wp-json\/wp\/v2\/product_brand?post=250127"},{"taxonomy":"product_cat","embeddable":true,"href":"https:\/\/wpguerssen-test.odoo.rgbconsulting.com\/es\/wp-json\/wp\/v2\/product_cat?post=250127"},{"taxonomy":"product_tag","embeddable":true,"href":"https:\/\/wpguerssen-test.odoo.rgbconsulting.com\/es\/wp-json\/wp\/v2\/product_tag?post=250127"}],"curies":[{"name":"wp","href":"https:\/\/api.w.org\/{rel}","templated":true}]}}