{"id":250129,"date":"2024-02-22T00:00:00","date_gmt":"2024-02-21T23:00:00","guid":{"rendered":"https:\/\/wpguerssen-test.odoo.rgbconsulting.com\/product\/czarface-meets-ghostface\/"},"modified":"2024-12-16T17:56:43","modified_gmt":"2024-12-16T16:56:43","slug":"czarface-meets-ghostface","status":"publish","type":"product","link":"https:\/\/wpguerssen-test.odoo.rgbconsulting.com\/es\/producto\/czarface-meets-ghostface\/","title":{"rendered":"Czarface meets Ghostface"},"content":{"rendered":"<p>Reci\u00e9n salido del LP colaborativo de 2018 con el enigm\u00e1tico MF DOOM, \u00abCZARFACE Meets METAL FACE\u00bb, la aventura contin\u00faa cuando CZARFACE ahora se enfrenta a GHOSTFACE KILLAH de Wu-Tang Clan. \u00abCzarface Meets Ghostface\u00bb ofrece ritmos y compases estrictamente alucinantes mientras 3 maestros de ceremonias chocan como villanos y h\u00e9roes en la Tierra Salvaje. Czarface, una fuerza de hip-hop y c\u00f3mics compuesta por WU-TANG CLAN General Inspectah Deck, Esoteric (quien recientemente escribi\u00f3 un El c\u00f3mic de X-Men para Marvel) y el superproductor 7L se unen a Ghostface, tambi\u00e9n conocido como Iron-Man, tambi\u00e9n conocido como Tony Starks, para crear un caos asesino.<br \/>12 temas nuevos producidos \u00edntegramente por The Czar-Keys (7L y Jeremy Page).<\/p>\n","protected":false},"excerpt":{"rendered":"<p>Reci\u00e9n salido del LP colaborativo de 2018 con el enigm\u00e1tico MF DOOM, \u00abCZARFACE Meets METAL FACE\u00bb, la aventura contin\u00faa cuando CZARFACE ahora se enfrenta a GHOSTFACE<a class=\"read\" href=\"https:\/\/wpguerssen-test.odoo.rgbconsulting.com\/es\/producto\/czarface-meets-ghostface\/\"> (...)<\/a>","protected":false},"featured_media":250057,"template":"","meta":{"_acf_changed":false},"product_brand":[],"product_cat":[21706],"product_tag":[],"class_list":{"0":"post-250129","1":"product","2":"type-product","3":"status-publish","4":"has-post-thumbnail","6":"product_cat-rap-hip-hop-es","7":"pa_artist-czarface","8":"pa_format-lp-es","9":"pa_gender-rap-hip-hop","10":"pa_label-silver-age","11":"pa_location-north-america-es","12":"pa_other-filters-vinyl-only-es","14":"first","15":"instock","16":"taxable","17":"shipping-taxable","18":"purchasable","19":"product-type-simple"},"acf":[],"yoast_head":"<!-- This site is optimized with the Yoast SEO plugin v24.9 - https:\/\/yoast.com\/wordpress\/plugins\/seo\/ -->\n<title>CZARFACE - Czarface meets Ghostface -  (LP) | Guerssen<\/title>\n<meta name=\"description\" content=\"Fresh off 2018&#039;s collaborative LP with the enigmatic MF DOOM, &quot;CZARFACE meets METAL FACE,&quot; the adventure continues as CZARFACE now faces off with Wu-Tang Clan&#039;s GHOSTFACE KILLAH. &quot;Czarface meets Ghostface&quot; brings strictly mind melting beats and bars as 3 emcees clash like villains &amp; heroes in the Savage Land. Czarface, a hip-hop &amp; comics force comprised of WU-TANG CLAN General Inspectah Deck, Esoteric (who recently penned an X-Men comic for Marvel) and super producer 7L team up with Ghostface aka Iron-Man aka Tony Starks for murderous mayhem!Czar commandos Rebel INS &amp; Esoteric trade lines such as &quot;follow in my footsteps might tear your Achilles,&quot; &amp; &quot;flow customized got that Dapper Dan touch&quot; with Ghost on the assist &quot;chain is off the cooler, charm look like a shrunken head&quot;. With track titles like &quot;The King Heard Voices&quot;, &quot;Mongolian Beef&quot;, &quot;Czarrcade &#039;87&quot;, &quot;Masked Superstars&quot; &amp; &quot;Powers and Stuff&quot; expect nothing short of a super charged collaboration!12 brand new tracks produced entirely by The Czar-Keys (7L &amp; Jeremy Page).\" \/>\n<meta name=\"robots\" content=\"index, follow, max-snippet:-1, max-image-preview:large, max-video-preview:-1\" \/>\n<link rel=\"canonical\" href=\"https:\/\/wpguerssen-test.odoo.rgbconsulting.com\/es\/producto\/czarface-meets-ghostface\/\" \/>\n<meta property=\"og:locale\" content=\"es_ES\" \/>\n<meta property=\"og:type\" content=\"article\" \/>\n<meta property=\"og:title\" content=\"CZARFACE - Czarface meets Ghostface -  (LP) | Guerssen\" \/>\n<meta property=\"og:description\" content=\"Fresh off 2018&#039;s collaborative LP with the enigmatic MF DOOM, &quot;CZARFACE meets METAL FACE,&quot; the adventure continues as CZARFACE now faces off with Wu-Tang Clan&#039;s GHOSTFACE KILLAH. &quot;Czarface meets Ghostface&quot; brings strictly mind melting beats and bars as 3 emcees clash like villains &amp; heroes in the Savage Land. Czarface, a hip-hop &amp; comics force comprised of WU-TANG CLAN General Inspectah Deck, Esoteric (who recently penned an X-Men comic for Marvel) and super producer 7L team up with Ghostface aka Iron-Man aka Tony Starks for murderous mayhem!Czar commandos Rebel INS &amp; Esoteric trade lines such as &quot;follow in my footsteps might tear your Achilles,&quot; &amp; &quot;flow customized got that Dapper Dan touch&quot; with Ghost on the assist &quot;chain is off the cooler, charm look like a shrunken head&quot;. With track titles like &quot;The King Heard Voices&quot;, &quot;Mongolian Beef&quot;, &quot;Czarrcade &#039;87&quot;, &quot;Masked Superstars&quot; &amp; &quot;Powers and Stuff&quot; expect nothing short of a super charged collaboration!12 brand new tracks produced entirely by The Czar-Keys (7L &amp; Jeremy Page).\" \/>\n<meta property=\"og:url\" content=\"https:\/\/wpguerssen-test.odoo.rgbconsulting.com\/es\/producto\/czarface-meets-ghostface\/\" \/>\n<meta property=\"og:site_name\" content=\"Guerssen records\" \/>\n<meta property=\"article:modified_time\" content=\"2024-12-16T16:56:43+00:00\" \/>\n<meta property=\"og:image\" content=\"https:\/\/wpguerssen-test.odoo.rgbconsulting.com\/wp-content\/uploads\/2024\/01\/46768.jpg\" \/>\n\t<meta property=\"og:image:width\" content=\"243\" \/>\n\t<meta property=\"og:image:height\" content=\"240\" \/>\n\t<meta property=\"og:image:type\" content=\"image\/jpeg\" \/>\n<meta name=\"twitter:card\" content=\"summary_large_image\" \/>\n<meta name=\"twitter:title\" content=\"CZARFACE - Czarface meets Ghostface -  (LP) | Guerssen\" \/>\n<meta name=\"twitter:label1\" content=\"Tiempo de lectura\" \/>\n\t<meta name=\"twitter:data1\" content=\"1 minuto\" \/>\n<script type=\"application\/ld+json\" class=\"yoast-schema-graph\">{\"@context\":\"https:\/\/schema.org\",\"@graph\":[{\"@type\":\"WebPage\",\"@id\":\"https:\/\/wpguerssen-test.odoo.rgbconsulting.com\/es\/producto\/czarface-meets-ghostface\/\",\"url\":\"https:\/\/wpguerssen-test.odoo.rgbconsulting.com\/es\/producto\/czarface-meets-ghostface\/\",\"name\":\"CZARFACE - Czarface meets Ghostface - (LP) | Guerssen\",\"isPartOf\":{\"@id\":\"https:\/\/wpguerssen-test.odoo.rgbconsulting.com\/es\/#website\"},\"primaryImageOfPage\":{\"@id\":\"https:\/\/wpguerssen-test.odoo.rgbconsulting.com\/es\/producto\/czarface-meets-ghostface\/#primaryimage\"},\"image\":{\"@id\":\"https:\/\/wpguerssen-test.odoo.rgbconsulting.com\/es\/producto\/czarface-meets-ghostface\/#primaryimage\"},\"thumbnailUrl\":\"https:\/\/wpguerssen-test.odoo.rgbconsulting.com\/wp-content\/uploads\/2024\/01\/46768.jpg\",\"datePublished\":\"2024-02-21T23:00:00+00:00\",\"dateModified\":\"2024-12-16T16:56:43+00:00\",\"description\":\"Fresh off 2018's collaborative LP with the enigmatic MF DOOM, \\\"CZARFACE meets METAL FACE,\\\" the adventure continues as CZARFACE now faces off with Wu-Tang Clan's GHOSTFACE KILLAH. \\\"Czarface meets Ghostface\\\" brings strictly mind melting beats and bars as 3 emcees clash like villains & heroes in the Savage Land. Czarface, a hip-hop & comics force comprised of WU-TANG CLAN General Inspectah Deck, Esoteric (who recently penned an X-Men comic for Marvel) and super producer 7L team up with Ghostface aka Iron-Man aka Tony Starks for murderous mayhem!Czar commandos Rebel INS & Esoteric trade lines such as \\\"follow in my footsteps might tear your Achilles,\\\" & \\\"flow customized got that Dapper Dan touch\\\" with Ghost on the assist \\\"chain is off the cooler, charm look like a shrunken head\\\". With track titles like \\\"The King Heard Voices\\\", \\\"Mongolian Beef\\\", \\\"Czarrcade '87\\\", \\\"Masked Superstars\\\" & \\\"Powers and Stuff\\\" expect nothing short of a super charged collaboration!12 brand new tracks produced entirely by The Czar-Keys (7L & Jeremy Page).\",\"breadcrumb\":{\"@id\":\"https:\/\/wpguerssen-test.odoo.rgbconsulting.com\/es\/producto\/czarface-meets-ghostface\/#breadcrumb\"},\"inLanguage\":\"es\",\"potentialAction\":[{\"@type\":\"ReadAction\",\"target\":[\"https:\/\/wpguerssen-test.odoo.rgbconsulting.com\/es\/producto\/czarface-meets-ghostface\/\"]}]},{\"@type\":\"ImageObject\",\"inLanguage\":\"es\",\"@id\":\"https:\/\/wpguerssen-test.odoo.rgbconsulting.com\/es\/producto\/czarface-meets-ghostface\/#primaryimage\",\"url\":\"https:\/\/wpguerssen-test.odoo.rgbconsulting.com\/wp-content\/uploads\/2024\/01\/46768.jpg\",\"contentUrl\":\"https:\/\/wpguerssen-test.odoo.rgbconsulting.com\/wp-content\/uploads\/2024\/01\/46768.jpg\",\"width\":243,\"height\":240},{\"@type\":\"BreadcrumbList\",\"@id\":\"https:\/\/wpguerssen-test.odoo.rgbconsulting.com\/es\/producto\/czarface-meets-ghostface\/#breadcrumb\",\"itemListElement\":[{\"@type\":\"ListItem\",\"position\":1,\"name\":\"Inicio\",\"item\":\"https:\/\/wpguerssen-test.odoo.rgbconsulting.com\/es\/\"},{\"@type\":\"ListItem\",\"position\":2,\"name\":\"Shop\",\"item\":\"https:\/\/wpguerssen-test.odoo.rgbconsulting.com\/shop\/\"},{\"@type\":\"ListItem\",\"position\":3,\"name\":\"Czarface meets Ghostface\"}]},{\"@type\":\"WebSite\",\"@id\":\"https:\/\/wpguerssen-test.odoo.rgbconsulting.com\/es\/#website\",\"url\":\"https:\/\/wpguerssen-test.odoo.rgbconsulting.com\/es\/\",\"name\":\"Guerssen records\",\"description\":\"psychedelia - progressive - folk - garage \",\"publisher\":{\"@id\":\"https:\/\/wpguerssen-test.odoo.rgbconsulting.com\/es\/#organization\"},\"potentialAction\":[{\"@type\":\"SearchAction\",\"target\":{\"@type\":\"EntryPoint\",\"urlTemplate\":\"https:\/\/wpguerssen-test.odoo.rgbconsulting.com\/es\/?s={search_term_string}\"},\"query-input\":{\"@type\":\"PropertyValueSpecification\",\"valueRequired\":true,\"valueName\":\"search_term_string\"}}],\"inLanguage\":\"es\"},{\"@type\":\"Organization\",\"@id\":\"https:\/\/wpguerssen-test.odoo.rgbconsulting.com\/es\/#organization\",\"name\":\"Guerssen records\",\"url\":\"https:\/\/wpguerssen-test.odoo.rgbconsulting.com\/es\/\",\"logo\":{\"@type\":\"ImageObject\",\"inLanguage\":\"es\",\"@id\":\"https:\/\/wpguerssen-test.odoo.rgbconsulting.com\/es\/#\/schema\/logo\/image\/\",\"url\":\"https:\/\/wpguerssen-test.odoo.rgbconsulting.com\/wp-content\/uploads\/2022\/04\/Logo_Guerssen_trans_100.png\",\"contentUrl\":\"https:\/\/wpguerssen-test.odoo.rgbconsulting.com\/wp-content\/uploads\/2022\/04\/Logo_Guerssen_trans_100.png\",\"width\":122,\"height\":100,\"caption\":\"Guerssen records\"},\"image\":{\"@id\":\"https:\/\/wpguerssen-test.odoo.rgbconsulting.com\/es\/#\/schema\/logo\/image\/\"}}]}<\/script>\n<!-- \/ Yoast SEO plugin. -->","yoast_head_json":{"title":"CZARFACE - Czarface meets Ghostface -  (LP) | Guerssen","description":"Fresh off 2018's collaborative LP with the enigmatic MF DOOM, \"CZARFACE meets METAL FACE,\" the adventure continues as CZARFACE now faces off with Wu-Tang Clan's GHOSTFACE KILLAH. \"Czarface meets Ghostface\" brings strictly mind melting beats and bars as 3 emcees clash like villains & heroes in the Savage Land. Czarface, a hip-hop & comics force comprised of WU-TANG CLAN General Inspectah Deck, Esoteric (who recently penned an X-Men comic for Marvel) and super producer 7L team up with Ghostface aka Iron-Man aka Tony Starks for murderous mayhem!Czar commandos Rebel INS & Esoteric trade lines such as \"follow in my footsteps might tear your Achilles,\" & \"flow customized got that Dapper Dan touch\" with Ghost on the assist \"chain is off the cooler, charm look like a shrunken head\". With track titles like \"The King Heard Voices\", \"Mongolian Beef\", \"Czarrcade '87\", \"Masked Superstars\" & \"Powers and Stuff\" expect nothing short of a super charged collaboration!12 brand new tracks produced entirely by The Czar-Keys (7L & Jeremy Page).","robots":{"index":"index","follow":"follow","max-snippet":"max-snippet:-1","max-image-preview":"max-image-preview:large","max-video-preview":"max-video-preview:-1"},"canonical":"https:\/\/wpguerssen-test.odoo.rgbconsulting.com\/es\/producto\/czarface-meets-ghostface\/","og_locale":"es_ES","og_type":"article","og_title":"CZARFACE - Czarface meets Ghostface -  (LP) | Guerssen","og_description":"Fresh off 2018's collaborative LP with the enigmatic MF DOOM, \"CZARFACE meets METAL FACE,\" the adventure continues as CZARFACE now faces off with Wu-Tang Clan's GHOSTFACE KILLAH. \"Czarface meets Ghostface\" brings strictly mind melting beats and bars as 3 emcees clash like villains & heroes in the Savage Land. Czarface, a hip-hop & comics force comprised of WU-TANG CLAN General Inspectah Deck, Esoteric (who recently penned an X-Men comic for Marvel) and super producer 7L team up with Ghostface aka Iron-Man aka Tony Starks for murderous mayhem!Czar commandos Rebel INS & Esoteric trade lines such as \"follow in my footsteps might tear your Achilles,\" & \"flow customized got that Dapper Dan touch\" with Ghost on the assist \"chain is off the cooler, charm look like a shrunken head\". With track titles like \"The King Heard Voices\", \"Mongolian Beef\", \"Czarrcade '87\", \"Masked Superstars\" & \"Powers and Stuff\" expect nothing short of a super charged collaboration!12 brand new tracks produced entirely by The Czar-Keys (7L & Jeremy Page).","og_url":"https:\/\/wpguerssen-test.odoo.rgbconsulting.com\/es\/producto\/czarface-meets-ghostface\/","og_site_name":"Guerssen records","article_modified_time":"2024-12-16T16:56:43+00:00","og_image":[{"width":243,"height":240,"url":"https:\/\/wpguerssen-test.odoo.rgbconsulting.com\/wp-content\/uploads\/2024\/01\/46768.jpg","type":"image\/jpeg"}],"twitter_card":"summary_large_image","twitter_title":"CZARFACE - Czarface meets Ghostface -  (LP) | Guerssen","twitter_misc":{"Tiempo de lectura":"1 minuto"},"schema":{"@context":"https:\/\/schema.org","@graph":[{"@type":"WebPage","@id":"https:\/\/wpguerssen-test.odoo.rgbconsulting.com\/es\/producto\/czarface-meets-ghostface\/","url":"https:\/\/wpguerssen-test.odoo.rgbconsulting.com\/es\/producto\/czarface-meets-ghostface\/","name":"CZARFACE - Czarface meets Ghostface - (LP) | Guerssen","isPartOf":{"@id":"https:\/\/wpguerssen-test.odoo.rgbconsulting.com\/es\/#website"},"primaryImageOfPage":{"@id":"https:\/\/wpguerssen-test.odoo.rgbconsulting.com\/es\/producto\/czarface-meets-ghostface\/#primaryimage"},"image":{"@id":"https:\/\/wpguerssen-test.odoo.rgbconsulting.com\/es\/producto\/czarface-meets-ghostface\/#primaryimage"},"thumbnailUrl":"https:\/\/wpguerssen-test.odoo.rgbconsulting.com\/wp-content\/uploads\/2024\/01\/46768.jpg","datePublished":"2024-02-21T23:00:00+00:00","dateModified":"2024-12-16T16:56:43+00:00","description":"Fresh off 2018's collaborative LP with the enigmatic MF DOOM, \"CZARFACE meets METAL FACE,\" the adventure continues as CZARFACE now faces off with Wu-Tang Clan's GHOSTFACE KILLAH. \"Czarface meets Ghostface\" brings strictly mind melting beats and bars as 3 emcees clash like villains & heroes in the Savage Land. Czarface, a hip-hop & comics force comprised of WU-TANG CLAN General Inspectah Deck, Esoteric (who recently penned an X-Men comic for Marvel) and super producer 7L team up with Ghostface aka Iron-Man aka Tony Starks for murderous mayhem!Czar commandos Rebel INS & Esoteric trade lines such as \"follow in my footsteps might tear your Achilles,\" & \"flow customized got that Dapper Dan touch\" with Ghost on the assist \"chain is off the cooler, charm look like a shrunken head\". With track titles like \"The King Heard Voices\", \"Mongolian Beef\", \"Czarrcade '87\", \"Masked Superstars\" & \"Powers and Stuff\" expect nothing short of a super charged collaboration!12 brand new tracks produced entirely by The Czar-Keys (7L & Jeremy Page).","breadcrumb":{"@id":"https:\/\/wpguerssen-test.odoo.rgbconsulting.com\/es\/producto\/czarface-meets-ghostface\/#breadcrumb"},"inLanguage":"es","potentialAction":[{"@type":"ReadAction","target":["https:\/\/wpguerssen-test.odoo.rgbconsulting.com\/es\/producto\/czarface-meets-ghostface\/"]}]},{"@type":"ImageObject","inLanguage":"es","@id":"https:\/\/wpguerssen-test.odoo.rgbconsulting.com\/es\/producto\/czarface-meets-ghostface\/#primaryimage","url":"https:\/\/wpguerssen-test.odoo.rgbconsulting.com\/wp-content\/uploads\/2024\/01\/46768.jpg","contentUrl":"https:\/\/wpguerssen-test.odoo.rgbconsulting.com\/wp-content\/uploads\/2024\/01\/46768.jpg","width":243,"height":240},{"@type":"BreadcrumbList","@id":"https:\/\/wpguerssen-test.odoo.rgbconsulting.com\/es\/producto\/czarface-meets-ghostface\/#breadcrumb","itemListElement":[{"@type":"ListItem","position":1,"name":"Inicio","item":"https:\/\/wpguerssen-test.odoo.rgbconsulting.com\/es\/"},{"@type":"ListItem","position":2,"name":"Shop","item":"https:\/\/wpguerssen-test.odoo.rgbconsulting.com\/shop\/"},{"@type":"ListItem","position":3,"name":"Czarface meets Ghostface"}]},{"@type":"WebSite","@id":"https:\/\/wpguerssen-test.odoo.rgbconsulting.com\/es\/#website","url":"https:\/\/wpguerssen-test.odoo.rgbconsulting.com\/es\/","name":"Guerssen records","description":"psychedelia - progressive - folk - garage ","publisher":{"@id":"https:\/\/wpguerssen-test.odoo.rgbconsulting.com\/es\/#organization"},"potentialAction":[{"@type":"SearchAction","target":{"@type":"EntryPoint","urlTemplate":"https:\/\/wpguerssen-test.odoo.rgbconsulting.com\/es\/?s={search_term_string}"},"query-input":{"@type":"PropertyValueSpecification","valueRequired":true,"valueName":"search_term_string"}}],"inLanguage":"es"},{"@type":"Organization","@id":"https:\/\/wpguerssen-test.odoo.rgbconsulting.com\/es\/#organization","name":"Guerssen records","url":"https:\/\/wpguerssen-test.odoo.rgbconsulting.com\/es\/","logo":{"@type":"ImageObject","inLanguage":"es","@id":"https:\/\/wpguerssen-test.odoo.rgbconsulting.com\/es\/#\/schema\/logo\/image\/","url":"https:\/\/wpguerssen-test.odoo.rgbconsulting.com\/wp-content\/uploads\/2022\/04\/Logo_Guerssen_trans_100.png","contentUrl":"https:\/\/wpguerssen-test.odoo.rgbconsulting.com\/wp-content\/uploads\/2022\/04\/Logo_Guerssen_trans_100.png","width":122,"height":100,"caption":"Guerssen records"},"image":{"@id":"https:\/\/wpguerssen-test.odoo.rgbconsulting.com\/es\/#\/schema\/logo\/image\/"}}]}},"_links":{"self":[{"href":"https:\/\/wpguerssen-test.odoo.rgbconsulting.com\/es\/wp-json\/wp\/v2\/product\/250129","targetHints":{"allow":["GET"]}}],"collection":[{"href":"https:\/\/wpguerssen-test.odoo.rgbconsulting.com\/es\/wp-json\/wp\/v2\/product"}],"about":[{"href":"https:\/\/wpguerssen-test.odoo.rgbconsulting.com\/es\/wp-json\/wp\/v2\/types\/product"}],"wp:featuredmedia":[{"embeddable":true,"href":"https:\/\/wpguerssen-test.odoo.rgbconsulting.com\/es\/wp-json\/wp\/v2\/media\/250057"}],"wp:attachment":[{"href":"https:\/\/wpguerssen-test.odoo.rgbconsulting.com\/es\/wp-json\/wp\/v2\/media?parent=250129"}],"wp:term":[{"taxonomy":"product_brand","embeddable":true,"href":"https:\/\/wpguerssen-test.odoo.rgbconsulting.com\/es\/wp-json\/wp\/v2\/product_brand?post=250129"},{"taxonomy":"product_cat","embeddable":true,"href":"https:\/\/wpguerssen-test.odoo.rgbconsulting.com\/es\/wp-json\/wp\/v2\/product_cat?post=250129"},{"taxonomy":"product_tag","embeddable":true,"href":"https:\/\/wpguerssen-test.odoo.rgbconsulting.com\/es\/wp-json\/wp\/v2\/product_tag?post=250129"}],"curies":[{"name":"wp","href":"https:\/\/api.w.org\/{rel}","templated":true}]}}