{"id":250130,"date":"2025-04-22T00:00:00","date_gmt":"2025-04-21T22:00:00","guid":{"rendered":"https:\/\/wpguerssen-test.odoo.rgbconsulting.com\/product\/the-odd-czar-against-u\/"},"modified":"2025-04-22T16:58:00","modified_gmt":"2025-04-22T14:58:00","slug":"the-odd-czar-against-u","status":"publish","type":"product","link":"https:\/\/wpguerssen-test.odoo.rgbconsulting.com\/es\/producto\/the-odd-czar-against-u\/","title":{"rendered":"The Odd Czar Against U"},"content":{"rendered":"<p>CZARFACE, un f\u00e9rreo luchador contra el crimen, regresa heroicamente a su guarida despu\u00e9s de dos aventuras escalofriantes con MF DOOM y GHOSTFACE KILLAH. En su escondite secreto, ha preparado algunas sorpresas asombrosas para los fan\u00e1ticos de toda la vida de Czar&#8230; esperen conceptos de bola curva, haza\u00f1as en solitario y rompecuellos asintiendo con la cabeza por igual.<br \/>\u00abThe Odd Czar Against Us\u00bb se lanza este invierno en disco compacto y vinilo, y CZARFACE se vuelve completamente Voltron, empleando todos los recursos de su arsenal, maximizando los esfuerzos l\u00edricos de Inspectah Deck &#038; Esoteric y la producci\u00f3n trepidante de los beatsmith internos 7L y Jeremy Page. Este \u00e1lbum se perfila como el esfuerzo m\u00e1s ambicioso y desafiante del grupo hasta la fecha.<br \/>\u00bfEst\u00e1n las probabilidades en su contra esta vez o est\u00e1n en contra del inframundo? \u00a1Sintonice para averiguarlo!<\/p>\n","protected":false},"excerpt":{"rendered":"<p>CZARFACE, un f\u00e9rreo luchador contra el crimen, regresa heroicamente a su guarida despu\u00e9s de dos aventuras escalofriantes con MF DOOM y GHOSTFACE KILLAH. En su escondite<a class=\"read\" href=\"https:\/\/wpguerssen-test.odoo.rgbconsulting.com\/es\/producto\/the-odd-czar-against-u\/\"> (...)<\/a>","protected":false},"featured_media":250060,"template":"","meta":{"_acf_changed":false},"product_brand":[],"product_cat":[21706],"product_tag":[24185],"class_list":{"0":"post-250130","1":"product","2":"type-product","3":"status-publish","4":"has-post-thumbnail","6":"product_cat-rap-hip-hop-es","7":"product_tag-de-nuevo-en-existencia","8":"pa_artist-czarface","9":"pa_format-lp-es","10":"pa_gender-rap-hip-hop","11":"pa_label-silver-age","12":"pa_location-north-america-es","13":"pa_other-filters-vinyl-only-es","15":"first","16":"instock","17":"taxable","18":"shipping-taxable","19":"purchasable","20":"product-type-simple"},"acf":[],"yoast_head":"<!-- This site is optimized with the Yoast SEO plugin v24.9 - https:\/\/yoast.com\/wordpress\/plugins\/seo\/ -->\n<title>CZARFACE - The Odd Czar Against U -  (LP) | Guerssen<\/title>\n<meta name=\"description\" content=\"CZARFACE, iron clad crime fighter, heroically returns to his lair after two spine-chilling adventures with MF DOOM and GHOSTFACE KILLAH. In his secret hideout, he has whipped up a few uncanny surprises for longtime Czar fans...expect curveball concepts, solo exploits, and noggin nodding neck-snappers alike.The Odd Czar Against Us&quot; launches this winter on compact disc and vinyl, and CZARFACE goes full Voltron, employing every asset in his arsenal, maximizing lyrical efforts from Inspectah Deck &amp; Esoteric and pulse-pounding production from in house beatsmith 7L &amp; Jeremy Page. This album stands to be the group&#039;s most ambitious and challenging effort to date.Are the odds against him this time, or are they against the underworld? Tune in to find out!\" \/>\n<meta name=\"robots\" content=\"index, follow, max-snippet:-1, max-image-preview:large, max-video-preview:-1\" \/>\n<link rel=\"canonical\" href=\"https:\/\/wpguerssen-test.odoo.rgbconsulting.com\/es\/producto\/the-odd-czar-against-u\/\" \/>\n<meta property=\"og:locale\" content=\"es_ES\" \/>\n<meta property=\"og:type\" content=\"article\" \/>\n<meta property=\"og:title\" content=\"CZARFACE - The Odd Czar Against U -  (LP) | Guerssen\" \/>\n<meta property=\"og:description\" content=\"CZARFACE, iron clad crime fighter, heroically returns to his lair after two spine-chilling adventures with MF DOOM and GHOSTFACE KILLAH. In his secret hideout, he has whipped up a few uncanny surprises for longtime Czar fans...expect curveball concepts, solo exploits, and noggin nodding neck-snappers alike.The Odd Czar Against Us&quot; launches this winter on compact disc and vinyl, and CZARFACE goes full Voltron, employing every asset in his arsenal, maximizing lyrical efforts from Inspectah Deck &amp; Esoteric and pulse-pounding production from in house beatsmith 7L &amp; Jeremy Page. This album stands to be the group&#039;s most ambitious and challenging effort to date.Are the odds against him this time, or are they against the underworld? Tune in to find out!\" \/>\n<meta property=\"og:url\" content=\"https:\/\/wpguerssen-test.odoo.rgbconsulting.com\/es\/producto\/the-odd-czar-against-u\/\" \/>\n<meta property=\"og:site_name\" content=\"Guerssen records\" \/>\n<meta property=\"article:modified_time\" content=\"2025-04-22T14:58:00+00:00\" \/>\n<meta property=\"og:image\" content=\"https:\/\/wpguerssen-test.odoo.rgbconsulting.com\/wp-content\/uploads\/2024\/01\/46769.jpg\" \/>\n\t<meta property=\"og:image:width\" content=\"243\" \/>\n\t<meta property=\"og:image:height\" content=\"243\" \/>\n\t<meta property=\"og:image:type\" content=\"image\/jpeg\" \/>\n<meta name=\"twitter:card\" content=\"summary_large_image\" \/>\n<meta name=\"twitter:title\" content=\"CZARFACE - The Odd Czar Against U -  (LP) | Guerssen\" \/>\n<meta name=\"twitter:label1\" content=\"Tiempo de lectura\" \/>\n\t<meta name=\"twitter:data1\" content=\"1 minuto\" \/>\n<script type=\"application\/ld+json\" class=\"yoast-schema-graph\">{\"@context\":\"https:\/\/schema.org\",\"@graph\":[{\"@type\":\"WebPage\",\"@id\":\"https:\/\/wpguerssen-test.odoo.rgbconsulting.com\/es\/producto\/the-odd-czar-against-u\/\",\"url\":\"https:\/\/wpguerssen-test.odoo.rgbconsulting.com\/es\/producto\/the-odd-czar-against-u\/\",\"name\":\"CZARFACE - The Odd Czar Against U - (LP) | Guerssen\",\"isPartOf\":{\"@id\":\"https:\/\/wpguerssen-test.odoo.rgbconsulting.com\/es\/#website\"},\"primaryImageOfPage\":{\"@id\":\"https:\/\/wpguerssen-test.odoo.rgbconsulting.com\/es\/producto\/the-odd-czar-against-u\/#primaryimage\"},\"image\":{\"@id\":\"https:\/\/wpguerssen-test.odoo.rgbconsulting.com\/es\/producto\/the-odd-czar-against-u\/#primaryimage\"},\"thumbnailUrl\":\"https:\/\/wpguerssen-test.odoo.rgbconsulting.com\/wp-content\/uploads\/2024\/01\/46769.jpg\",\"datePublished\":\"2025-04-21T22:00:00+00:00\",\"dateModified\":\"2025-04-22T14:58:00+00:00\",\"description\":\"CZARFACE, iron clad crime fighter, heroically returns to his lair after two spine-chilling adventures with MF DOOM and GHOSTFACE KILLAH. In his secret hideout, he has whipped up a few uncanny surprises for longtime Czar fans...expect curveball concepts, solo exploits, and noggin nodding neck-snappers alike.The Odd Czar Against Us\\\" launches this winter on compact disc and vinyl, and CZARFACE goes full Voltron, employing every asset in his arsenal, maximizing lyrical efforts from Inspectah Deck & Esoteric and pulse-pounding production from in house beatsmith 7L & Jeremy Page. This album stands to be the group's most ambitious and challenging effort to date.Are the odds against him this time, or are they against the underworld? Tune in to find out!\",\"breadcrumb\":{\"@id\":\"https:\/\/wpguerssen-test.odoo.rgbconsulting.com\/es\/producto\/the-odd-czar-against-u\/#breadcrumb\"},\"inLanguage\":\"es\",\"potentialAction\":[{\"@type\":\"ReadAction\",\"target\":[\"https:\/\/wpguerssen-test.odoo.rgbconsulting.com\/es\/producto\/the-odd-czar-against-u\/\"]}]},{\"@type\":\"ImageObject\",\"inLanguage\":\"es\",\"@id\":\"https:\/\/wpguerssen-test.odoo.rgbconsulting.com\/es\/producto\/the-odd-czar-against-u\/#primaryimage\",\"url\":\"https:\/\/wpguerssen-test.odoo.rgbconsulting.com\/wp-content\/uploads\/2024\/01\/46769.jpg\",\"contentUrl\":\"https:\/\/wpguerssen-test.odoo.rgbconsulting.com\/wp-content\/uploads\/2024\/01\/46769.jpg\",\"width\":243,\"height\":243},{\"@type\":\"BreadcrumbList\",\"@id\":\"https:\/\/wpguerssen-test.odoo.rgbconsulting.com\/es\/producto\/the-odd-czar-against-u\/#breadcrumb\",\"itemListElement\":[{\"@type\":\"ListItem\",\"position\":1,\"name\":\"Inicio\",\"item\":\"https:\/\/wpguerssen-test.odoo.rgbconsulting.com\/es\/\"},{\"@type\":\"ListItem\",\"position\":2,\"name\":\"Shop\",\"item\":\"https:\/\/wpguerssen-test.odoo.rgbconsulting.com\/shop\/\"},{\"@type\":\"ListItem\",\"position\":3,\"name\":\"The Odd Czar Against U\"}]},{\"@type\":\"WebSite\",\"@id\":\"https:\/\/wpguerssen-test.odoo.rgbconsulting.com\/es\/#website\",\"url\":\"https:\/\/wpguerssen-test.odoo.rgbconsulting.com\/es\/\",\"name\":\"Guerssen records\",\"description\":\"psychedelia - progressive - folk - garage \",\"publisher\":{\"@id\":\"https:\/\/wpguerssen-test.odoo.rgbconsulting.com\/es\/#organization\"},\"potentialAction\":[{\"@type\":\"SearchAction\",\"target\":{\"@type\":\"EntryPoint\",\"urlTemplate\":\"https:\/\/wpguerssen-test.odoo.rgbconsulting.com\/es\/?s={search_term_string}\"},\"query-input\":{\"@type\":\"PropertyValueSpecification\",\"valueRequired\":true,\"valueName\":\"search_term_string\"}}],\"inLanguage\":\"es\"},{\"@type\":\"Organization\",\"@id\":\"https:\/\/wpguerssen-test.odoo.rgbconsulting.com\/es\/#organization\",\"name\":\"Guerssen records\",\"url\":\"https:\/\/wpguerssen-test.odoo.rgbconsulting.com\/es\/\",\"logo\":{\"@type\":\"ImageObject\",\"inLanguage\":\"es\",\"@id\":\"https:\/\/wpguerssen-test.odoo.rgbconsulting.com\/es\/#\/schema\/logo\/image\/\",\"url\":\"https:\/\/wpguerssen-test.odoo.rgbconsulting.com\/wp-content\/uploads\/2022\/04\/Logo_Guerssen_trans_100.png\",\"contentUrl\":\"https:\/\/wpguerssen-test.odoo.rgbconsulting.com\/wp-content\/uploads\/2022\/04\/Logo_Guerssen_trans_100.png\",\"width\":122,\"height\":100,\"caption\":\"Guerssen records\"},\"image\":{\"@id\":\"https:\/\/wpguerssen-test.odoo.rgbconsulting.com\/es\/#\/schema\/logo\/image\/\"}}]}<\/script>\n<!-- \/ Yoast SEO plugin. -->","yoast_head_json":{"title":"CZARFACE - The Odd Czar Against U -  (LP) | Guerssen","description":"CZARFACE, iron clad crime fighter, heroically returns to his lair after two spine-chilling adventures with MF DOOM and GHOSTFACE KILLAH. In his secret hideout, he has whipped up a few uncanny surprises for longtime Czar fans...expect curveball concepts, solo exploits, and noggin nodding neck-snappers alike.The Odd Czar Against Us\" launches this winter on compact disc and vinyl, and CZARFACE goes full Voltron, employing every asset in his arsenal, maximizing lyrical efforts from Inspectah Deck & Esoteric and pulse-pounding production from in house beatsmith 7L & Jeremy Page. This album stands to be the group's most ambitious and challenging effort to date.Are the odds against him this time, or are they against the underworld? Tune in to find out!","robots":{"index":"index","follow":"follow","max-snippet":"max-snippet:-1","max-image-preview":"max-image-preview:large","max-video-preview":"max-video-preview:-1"},"canonical":"https:\/\/wpguerssen-test.odoo.rgbconsulting.com\/es\/producto\/the-odd-czar-against-u\/","og_locale":"es_ES","og_type":"article","og_title":"CZARFACE - The Odd Czar Against U -  (LP) | Guerssen","og_description":"CZARFACE, iron clad crime fighter, heroically returns to his lair after two spine-chilling adventures with MF DOOM and GHOSTFACE KILLAH. In his secret hideout, he has whipped up a few uncanny surprises for longtime Czar fans...expect curveball concepts, solo exploits, and noggin nodding neck-snappers alike.The Odd Czar Against Us\" launches this winter on compact disc and vinyl, and CZARFACE goes full Voltron, employing every asset in his arsenal, maximizing lyrical efforts from Inspectah Deck & Esoteric and pulse-pounding production from in house beatsmith 7L & Jeremy Page. This album stands to be the group's most ambitious and challenging effort to date.Are the odds against him this time, or are they against the underworld? Tune in to find out!","og_url":"https:\/\/wpguerssen-test.odoo.rgbconsulting.com\/es\/producto\/the-odd-czar-against-u\/","og_site_name":"Guerssen records","article_modified_time":"2025-04-22T14:58:00+00:00","og_image":[{"width":243,"height":243,"url":"https:\/\/wpguerssen-test.odoo.rgbconsulting.com\/wp-content\/uploads\/2024\/01\/46769.jpg","type":"image\/jpeg"}],"twitter_card":"summary_large_image","twitter_title":"CZARFACE - The Odd Czar Against U -  (LP) | Guerssen","twitter_misc":{"Tiempo de lectura":"1 minuto"},"schema":{"@context":"https:\/\/schema.org","@graph":[{"@type":"WebPage","@id":"https:\/\/wpguerssen-test.odoo.rgbconsulting.com\/es\/producto\/the-odd-czar-against-u\/","url":"https:\/\/wpguerssen-test.odoo.rgbconsulting.com\/es\/producto\/the-odd-czar-against-u\/","name":"CZARFACE - The Odd Czar Against U - (LP) | Guerssen","isPartOf":{"@id":"https:\/\/wpguerssen-test.odoo.rgbconsulting.com\/es\/#website"},"primaryImageOfPage":{"@id":"https:\/\/wpguerssen-test.odoo.rgbconsulting.com\/es\/producto\/the-odd-czar-against-u\/#primaryimage"},"image":{"@id":"https:\/\/wpguerssen-test.odoo.rgbconsulting.com\/es\/producto\/the-odd-czar-against-u\/#primaryimage"},"thumbnailUrl":"https:\/\/wpguerssen-test.odoo.rgbconsulting.com\/wp-content\/uploads\/2024\/01\/46769.jpg","datePublished":"2025-04-21T22:00:00+00:00","dateModified":"2025-04-22T14:58:00+00:00","description":"CZARFACE, iron clad crime fighter, heroically returns to his lair after two spine-chilling adventures with MF DOOM and GHOSTFACE KILLAH. In his secret hideout, he has whipped up a few uncanny surprises for longtime Czar fans...expect curveball concepts, solo exploits, and noggin nodding neck-snappers alike.The Odd Czar Against Us\" launches this winter on compact disc and vinyl, and CZARFACE goes full Voltron, employing every asset in his arsenal, maximizing lyrical efforts from Inspectah Deck & Esoteric and pulse-pounding production from in house beatsmith 7L & Jeremy Page. This album stands to be the group's most ambitious and challenging effort to date.Are the odds against him this time, or are they against the underworld? Tune in to find out!","breadcrumb":{"@id":"https:\/\/wpguerssen-test.odoo.rgbconsulting.com\/es\/producto\/the-odd-czar-against-u\/#breadcrumb"},"inLanguage":"es","potentialAction":[{"@type":"ReadAction","target":["https:\/\/wpguerssen-test.odoo.rgbconsulting.com\/es\/producto\/the-odd-czar-against-u\/"]}]},{"@type":"ImageObject","inLanguage":"es","@id":"https:\/\/wpguerssen-test.odoo.rgbconsulting.com\/es\/producto\/the-odd-czar-against-u\/#primaryimage","url":"https:\/\/wpguerssen-test.odoo.rgbconsulting.com\/wp-content\/uploads\/2024\/01\/46769.jpg","contentUrl":"https:\/\/wpguerssen-test.odoo.rgbconsulting.com\/wp-content\/uploads\/2024\/01\/46769.jpg","width":243,"height":243},{"@type":"BreadcrumbList","@id":"https:\/\/wpguerssen-test.odoo.rgbconsulting.com\/es\/producto\/the-odd-czar-against-u\/#breadcrumb","itemListElement":[{"@type":"ListItem","position":1,"name":"Inicio","item":"https:\/\/wpguerssen-test.odoo.rgbconsulting.com\/es\/"},{"@type":"ListItem","position":2,"name":"Shop","item":"https:\/\/wpguerssen-test.odoo.rgbconsulting.com\/shop\/"},{"@type":"ListItem","position":3,"name":"The Odd Czar Against U"}]},{"@type":"WebSite","@id":"https:\/\/wpguerssen-test.odoo.rgbconsulting.com\/es\/#website","url":"https:\/\/wpguerssen-test.odoo.rgbconsulting.com\/es\/","name":"Guerssen records","description":"psychedelia - progressive - folk - garage ","publisher":{"@id":"https:\/\/wpguerssen-test.odoo.rgbconsulting.com\/es\/#organization"},"potentialAction":[{"@type":"SearchAction","target":{"@type":"EntryPoint","urlTemplate":"https:\/\/wpguerssen-test.odoo.rgbconsulting.com\/es\/?s={search_term_string}"},"query-input":{"@type":"PropertyValueSpecification","valueRequired":true,"valueName":"search_term_string"}}],"inLanguage":"es"},{"@type":"Organization","@id":"https:\/\/wpguerssen-test.odoo.rgbconsulting.com\/es\/#organization","name":"Guerssen records","url":"https:\/\/wpguerssen-test.odoo.rgbconsulting.com\/es\/","logo":{"@type":"ImageObject","inLanguage":"es","@id":"https:\/\/wpguerssen-test.odoo.rgbconsulting.com\/es\/#\/schema\/logo\/image\/","url":"https:\/\/wpguerssen-test.odoo.rgbconsulting.com\/wp-content\/uploads\/2022\/04\/Logo_Guerssen_trans_100.png","contentUrl":"https:\/\/wpguerssen-test.odoo.rgbconsulting.com\/wp-content\/uploads\/2022\/04\/Logo_Guerssen_trans_100.png","width":122,"height":100,"caption":"Guerssen records"},"image":{"@id":"https:\/\/wpguerssen-test.odoo.rgbconsulting.com\/es\/#\/schema\/logo\/image\/"}}]}},"_links":{"self":[{"href":"https:\/\/wpguerssen-test.odoo.rgbconsulting.com\/es\/wp-json\/wp\/v2\/product\/250130","targetHints":{"allow":["GET"]}}],"collection":[{"href":"https:\/\/wpguerssen-test.odoo.rgbconsulting.com\/es\/wp-json\/wp\/v2\/product"}],"about":[{"href":"https:\/\/wpguerssen-test.odoo.rgbconsulting.com\/es\/wp-json\/wp\/v2\/types\/product"}],"wp:featuredmedia":[{"embeddable":true,"href":"https:\/\/wpguerssen-test.odoo.rgbconsulting.com\/es\/wp-json\/wp\/v2\/media\/250060"}],"wp:attachment":[{"href":"https:\/\/wpguerssen-test.odoo.rgbconsulting.com\/es\/wp-json\/wp\/v2\/media?parent=250130"}],"wp:term":[{"taxonomy":"product_brand","embeddable":true,"href":"https:\/\/wpguerssen-test.odoo.rgbconsulting.com\/es\/wp-json\/wp\/v2\/product_brand?post=250130"},{"taxonomy":"product_cat","embeddable":true,"href":"https:\/\/wpguerssen-test.odoo.rgbconsulting.com\/es\/wp-json\/wp\/v2\/product_cat?post=250130"},{"taxonomy":"product_tag","embeddable":true,"href":"https:\/\/wpguerssen-test.odoo.rgbconsulting.com\/es\/wp-json\/wp\/v2\/product_tag?post=250130"}],"curies":[{"name":"wp","href":"https:\/\/api.w.org\/{rel}","templated":true}]}}