{"id":250131,"date":"2025-04-22T00:00:00","date_gmt":"2025-04-21T22:00:00","guid":{"rendered":"https:\/\/wpguerssen-test.odoo.rgbconsulting.com\/product\/czarmageddon\/"},"modified":"2025-04-22T16:58:09","modified_gmt":"2025-04-22T14:58:09","slug":"czarmageddon","status":"publish","type":"product","link":"https:\/\/wpguerssen-test.odoo.rgbconsulting.com\/es\/producto\/czarmageddon\/","title":{"rendered":"Czarmageddon!"},"content":{"rendered":"<p>\u00a1El LP est\u00e1 alojado en una funda desplegable de lujo e incluye un paquete encerado de ocho cartas coleccionables del Universo Czarface! Reci\u00e9n salidos de sus dos \u00e9xitos para la exitosa pel\u00edcula de Marvel, Venom: Let There Be Carnage, CZARFACE est\u00e1 de regreso, columpi\u00e1ndose triunfalmente en su universo con su nuevo LP CZARMAGEDDON! Espere muchos giros y vueltas mientras Inspectah Deck y Esoteric de Wu-Tang van a la guerra con un paisaje sonoro completamente nuevo y diferente de los productores de Czarface, Czar Keys. El \u00edcono del rap alternativo Kool Keith rompe el cristal l\u00edrico y el enigm\u00e1tico Frankie Pulitzer, quien apareci\u00f3 por primera vez en la banda sonora de Venom en Today&#8217;s Special de Czarface, regresa con las armas encendidas. \u00a1Incluye tarjetas coleccionables exclusivas ilustradas por el artista de Czarface, Lamour Supreme!<\/p>\n","protected":false},"excerpt":{"rendered":"<p>\u00a1El LP est\u00e1 alojado en una funda desplegable de lujo e incluye un paquete encerado de ocho cartas coleccionables del Universo Czarface! Reci\u00e9n salidos de sus dos<a class=\"read\" href=\"https:\/\/wpguerssen-test.odoo.rgbconsulting.com\/es\/producto\/czarmageddon\/\"> (...)<\/a>","protected":false},"featured_media":250063,"template":"","meta":{"_acf_changed":false},"product_brand":[],"product_cat":[21706],"product_tag":[24185],"class_list":{"0":"post-250131","1":"product","2":"type-product","3":"status-publish","4":"has-post-thumbnail","6":"product_cat-rap-hip-hop-es","7":"product_tag-de-nuevo-en-existencia","8":"pa_artist-czarface","9":"pa_format-lp-es","10":"pa_gender-rap-hip-hop","11":"pa_label-silver-age","12":"pa_location-north-america-es","13":"pa_other-filters-vinyl-only-es","15":"first","16":"instock","17":"taxable","18":"shipping-taxable","19":"purchasable","20":"product-type-simple"},"acf":[],"yoast_head":"<!-- This site is optimized with the Yoast SEO plugin v24.9 - https:\/\/yoast.com\/wordpress\/plugins\/seo\/ -->\n<title>CZARFACE - Czarmageddon! -  (LP) | Guerssen<\/title>\n<meta name=\"description\" content=\"The LP Is Housed In A Deluxe Gatefold Jacket And Includes A Wax Pack of Eight Czarface Universe Trading Cards!Hot off their two smashes for Marvel&#039;s blockbuster film Venom: Let There Be Carnage, CZARFACE is back, triumphantly swinging into your universe with their new LP CZARMAGEDDON! Expect many twists and turns as Wu-Tang&#039;s Inspectah Deck and Esoteric go to war with an all-new, all-different soundscape from Czarface producers the Czar Keys. Alt-rap icon Kool Keith shatters the lyrical glass and the enigmatic Frankie Pulitzer, who first appeared on the Venom soundtrack on Czarface&#039;s Today&#039;s Special, is back with guns blazing. Collectors will crash the gates for this all new chapter of the Czarface saga. Includes exclusive trading cards illustrated by Czarface chief artist Lamour Supreme!\" \/>\n<meta name=\"robots\" content=\"index, follow, max-snippet:-1, max-image-preview:large, max-video-preview:-1\" \/>\n<link rel=\"canonical\" href=\"https:\/\/wpguerssen-test.odoo.rgbconsulting.com\/es\/producto\/czarmageddon\/\" \/>\n<meta property=\"og:locale\" content=\"es_ES\" \/>\n<meta property=\"og:type\" content=\"article\" \/>\n<meta property=\"og:title\" content=\"CZARFACE - Czarmageddon! -  (LP) | Guerssen\" \/>\n<meta property=\"og:description\" content=\"The LP Is Housed In A Deluxe Gatefold Jacket And Includes A Wax Pack of Eight Czarface Universe Trading Cards!Hot off their two smashes for Marvel&#039;s blockbuster film Venom: Let There Be Carnage, CZARFACE is back, triumphantly swinging into your universe with their new LP CZARMAGEDDON! Expect many twists and turns as Wu-Tang&#039;s Inspectah Deck and Esoteric go to war with an all-new, all-different soundscape from Czarface producers the Czar Keys. Alt-rap icon Kool Keith shatters the lyrical glass and the enigmatic Frankie Pulitzer, who first appeared on the Venom soundtrack on Czarface&#039;s Today&#039;s Special, is back with guns blazing. Collectors will crash the gates for this all new chapter of the Czarface saga. Includes exclusive trading cards illustrated by Czarface chief artist Lamour Supreme!\" \/>\n<meta property=\"og:url\" content=\"https:\/\/wpguerssen-test.odoo.rgbconsulting.com\/es\/producto\/czarmageddon\/\" \/>\n<meta property=\"og:site_name\" content=\"Guerssen records\" \/>\n<meta property=\"article:modified_time\" content=\"2025-04-22T14:58:09+00:00\" \/>\n<meta property=\"og:image\" content=\"https:\/\/wpguerssen-test.odoo.rgbconsulting.com\/wp-content\/uploads\/2024\/01\/46770.jpg\" \/>\n\t<meta property=\"og:image:width\" content=\"243\" \/>\n\t<meta property=\"og:image:height\" content=\"243\" \/>\n\t<meta property=\"og:image:type\" content=\"image\/jpeg\" \/>\n<meta name=\"twitter:card\" content=\"summary_large_image\" \/>\n<meta name=\"twitter:title\" content=\"CZARFACE - Czarmageddon! -  (LP) | Guerssen\" \/>\n<meta name=\"twitter:label1\" content=\"Tiempo de lectura\" \/>\n\t<meta name=\"twitter:data1\" content=\"1 minuto\" \/>\n<script type=\"application\/ld+json\" class=\"yoast-schema-graph\">{\"@context\":\"https:\/\/schema.org\",\"@graph\":[{\"@type\":\"WebPage\",\"@id\":\"https:\/\/wpguerssen-test.odoo.rgbconsulting.com\/es\/producto\/czarmageddon\/\",\"url\":\"https:\/\/wpguerssen-test.odoo.rgbconsulting.com\/es\/producto\/czarmageddon\/\",\"name\":\"CZARFACE - Czarmageddon! - (LP) | Guerssen\",\"isPartOf\":{\"@id\":\"https:\/\/wpguerssen-test.odoo.rgbconsulting.com\/es\/#website\"},\"primaryImageOfPage\":{\"@id\":\"https:\/\/wpguerssen-test.odoo.rgbconsulting.com\/es\/producto\/czarmageddon\/#primaryimage\"},\"image\":{\"@id\":\"https:\/\/wpguerssen-test.odoo.rgbconsulting.com\/es\/producto\/czarmageddon\/#primaryimage\"},\"thumbnailUrl\":\"https:\/\/wpguerssen-test.odoo.rgbconsulting.com\/wp-content\/uploads\/2024\/01\/46770.jpg\",\"datePublished\":\"2025-04-21T22:00:00+00:00\",\"dateModified\":\"2025-04-22T14:58:09+00:00\",\"description\":\"The LP Is Housed In A Deluxe Gatefold Jacket And Includes A Wax Pack of Eight Czarface Universe Trading Cards!Hot off their two smashes for Marvel's blockbuster film Venom: Let There Be Carnage, CZARFACE is back, triumphantly swinging into your universe with their new LP CZARMAGEDDON! Expect many twists and turns as Wu-Tang's Inspectah Deck and Esoteric go to war with an all-new, all-different soundscape from Czarface producers the Czar Keys. Alt-rap icon Kool Keith shatters the lyrical glass and the enigmatic Frankie Pulitzer, who first appeared on the Venom soundtrack on Czarface's Today's Special, is back with guns blazing. Collectors will crash the gates for this all new chapter of the Czarface saga. Includes exclusive trading cards illustrated by Czarface chief artist Lamour Supreme!\",\"breadcrumb\":{\"@id\":\"https:\/\/wpguerssen-test.odoo.rgbconsulting.com\/es\/producto\/czarmageddon\/#breadcrumb\"},\"inLanguage\":\"es\",\"potentialAction\":[{\"@type\":\"ReadAction\",\"target\":[\"https:\/\/wpguerssen-test.odoo.rgbconsulting.com\/es\/producto\/czarmageddon\/\"]}]},{\"@type\":\"ImageObject\",\"inLanguage\":\"es\",\"@id\":\"https:\/\/wpguerssen-test.odoo.rgbconsulting.com\/es\/producto\/czarmageddon\/#primaryimage\",\"url\":\"https:\/\/wpguerssen-test.odoo.rgbconsulting.com\/wp-content\/uploads\/2024\/01\/46770.jpg\",\"contentUrl\":\"https:\/\/wpguerssen-test.odoo.rgbconsulting.com\/wp-content\/uploads\/2024\/01\/46770.jpg\",\"width\":243,\"height\":243},{\"@type\":\"BreadcrumbList\",\"@id\":\"https:\/\/wpguerssen-test.odoo.rgbconsulting.com\/es\/producto\/czarmageddon\/#breadcrumb\",\"itemListElement\":[{\"@type\":\"ListItem\",\"position\":1,\"name\":\"Inicio\",\"item\":\"https:\/\/wpguerssen-test.odoo.rgbconsulting.com\/es\/\"},{\"@type\":\"ListItem\",\"position\":2,\"name\":\"Shop\",\"item\":\"https:\/\/wpguerssen-test.odoo.rgbconsulting.com\/shop\/\"},{\"@type\":\"ListItem\",\"position\":3,\"name\":\"Czarmageddon!\"}]},{\"@type\":\"WebSite\",\"@id\":\"https:\/\/wpguerssen-test.odoo.rgbconsulting.com\/es\/#website\",\"url\":\"https:\/\/wpguerssen-test.odoo.rgbconsulting.com\/es\/\",\"name\":\"Guerssen records\",\"description\":\"psychedelia - progressive - folk - garage \",\"publisher\":{\"@id\":\"https:\/\/wpguerssen-test.odoo.rgbconsulting.com\/es\/#organization\"},\"potentialAction\":[{\"@type\":\"SearchAction\",\"target\":{\"@type\":\"EntryPoint\",\"urlTemplate\":\"https:\/\/wpguerssen-test.odoo.rgbconsulting.com\/es\/?s={search_term_string}\"},\"query-input\":{\"@type\":\"PropertyValueSpecification\",\"valueRequired\":true,\"valueName\":\"search_term_string\"}}],\"inLanguage\":\"es\"},{\"@type\":\"Organization\",\"@id\":\"https:\/\/wpguerssen-test.odoo.rgbconsulting.com\/es\/#organization\",\"name\":\"Guerssen records\",\"url\":\"https:\/\/wpguerssen-test.odoo.rgbconsulting.com\/es\/\",\"logo\":{\"@type\":\"ImageObject\",\"inLanguage\":\"es\",\"@id\":\"https:\/\/wpguerssen-test.odoo.rgbconsulting.com\/es\/#\/schema\/logo\/image\/\",\"url\":\"https:\/\/wpguerssen-test.odoo.rgbconsulting.com\/wp-content\/uploads\/2022\/04\/Logo_Guerssen_trans_100.png\",\"contentUrl\":\"https:\/\/wpguerssen-test.odoo.rgbconsulting.com\/wp-content\/uploads\/2022\/04\/Logo_Guerssen_trans_100.png\",\"width\":122,\"height\":100,\"caption\":\"Guerssen records\"},\"image\":{\"@id\":\"https:\/\/wpguerssen-test.odoo.rgbconsulting.com\/es\/#\/schema\/logo\/image\/\"}}]}<\/script>\n<!-- \/ Yoast SEO plugin. -->","yoast_head_json":{"title":"CZARFACE - Czarmageddon! -  (LP) | Guerssen","description":"The LP Is Housed In A Deluxe Gatefold Jacket And Includes A Wax Pack of Eight Czarface Universe Trading Cards!Hot off their two smashes for Marvel's blockbuster film Venom: Let There Be Carnage, CZARFACE is back, triumphantly swinging into your universe with their new LP CZARMAGEDDON! Expect many twists and turns as Wu-Tang's Inspectah Deck and Esoteric go to war with an all-new, all-different soundscape from Czarface producers the Czar Keys. Alt-rap icon Kool Keith shatters the lyrical glass and the enigmatic Frankie Pulitzer, who first appeared on the Venom soundtrack on Czarface's Today's Special, is back with guns blazing. Collectors will crash the gates for this all new chapter of the Czarface saga. Includes exclusive trading cards illustrated by Czarface chief artist Lamour Supreme!","robots":{"index":"index","follow":"follow","max-snippet":"max-snippet:-1","max-image-preview":"max-image-preview:large","max-video-preview":"max-video-preview:-1"},"canonical":"https:\/\/wpguerssen-test.odoo.rgbconsulting.com\/es\/producto\/czarmageddon\/","og_locale":"es_ES","og_type":"article","og_title":"CZARFACE - Czarmageddon! -  (LP) | Guerssen","og_description":"The LP Is Housed In A Deluxe Gatefold Jacket And Includes A Wax Pack of Eight Czarface Universe Trading Cards!Hot off their two smashes for Marvel's blockbuster film Venom: Let There Be Carnage, CZARFACE is back, triumphantly swinging into your universe with their new LP CZARMAGEDDON! Expect many twists and turns as Wu-Tang's Inspectah Deck and Esoteric go to war with an all-new, all-different soundscape from Czarface producers the Czar Keys. Alt-rap icon Kool Keith shatters the lyrical glass and the enigmatic Frankie Pulitzer, who first appeared on the Venom soundtrack on Czarface's Today's Special, is back with guns blazing. Collectors will crash the gates for this all new chapter of the Czarface saga. Includes exclusive trading cards illustrated by Czarface chief artist Lamour Supreme!","og_url":"https:\/\/wpguerssen-test.odoo.rgbconsulting.com\/es\/producto\/czarmageddon\/","og_site_name":"Guerssen records","article_modified_time":"2025-04-22T14:58:09+00:00","og_image":[{"width":243,"height":243,"url":"https:\/\/wpguerssen-test.odoo.rgbconsulting.com\/wp-content\/uploads\/2024\/01\/46770.jpg","type":"image\/jpeg"}],"twitter_card":"summary_large_image","twitter_title":"CZARFACE - Czarmageddon! -  (LP) | Guerssen","twitter_misc":{"Tiempo de lectura":"1 minuto"},"schema":{"@context":"https:\/\/schema.org","@graph":[{"@type":"WebPage","@id":"https:\/\/wpguerssen-test.odoo.rgbconsulting.com\/es\/producto\/czarmageddon\/","url":"https:\/\/wpguerssen-test.odoo.rgbconsulting.com\/es\/producto\/czarmageddon\/","name":"CZARFACE - Czarmageddon! - (LP) | Guerssen","isPartOf":{"@id":"https:\/\/wpguerssen-test.odoo.rgbconsulting.com\/es\/#website"},"primaryImageOfPage":{"@id":"https:\/\/wpguerssen-test.odoo.rgbconsulting.com\/es\/producto\/czarmageddon\/#primaryimage"},"image":{"@id":"https:\/\/wpguerssen-test.odoo.rgbconsulting.com\/es\/producto\/czarmageddon\/#primaryimage"},"thumbnailUrl":"https:\/\/wpguerssen-test.odoo.rgbconsulting.com\/wp-content\/uploads\/2024\/01\/46770.jpg","datePublished":"2025-04-21T22:00:00+00:00","dateModified":"2025-04-22T14:58:09+00:00","description":"The LP Is Housed In A Deluxe Gatefold Jacket And Includes A Wax Pack of Eight Czarface Universe Trading Cards!Hot off their two smashes for Marvel's blockbuster film Venom: Let There Be Carnage, CZARFACE is back, triumphantly swinging into your universe with their new LP CZARMAGEDDON! Expect many twists and turns as Wu-Tang's Inspectah Deck and Esoteric go to war with an all-new, all-different soundscape from Czarface producers the Czar Keys. Alt-rap icon Kool Keith shatters the lyrical glass and the enigmatic Frankie Pulitzer, who first appeared on the Venom soundtrack on Czarface's Today's Special, is back with guns blazing. Collectors will crash the gates for this all new chapter of the Czarface saga. Includes exclusive trading cards illustrated by Czarface chief artist Lamour Supreme!","breadcrumb":{"@id":"https:\/\/wpguerssen-test.odoo.rgbconsulting.com\/es\/producto\/czarmageddon\/#breadcrumb"},"inLanguage":"es","potentialAction":[{"@type":"ReadAction","target":["https:\/\/wpguerssen-test.odoo.rgbconsulting.com\/es\/producto\/czarmageddon\/"]}]},{"@type":"ImageObject","inLanguage":"es","@id":"https:\/\/wpguerssen-test.odoo.rgbconsulting.com\/es\/producto\/czarmageddon\/#primaryimage","url":"https:\/\/wpguerssen-test.odoo.rgbconsulting.com\/wp-content\/uploads\/2024\/01\/46770.jpg","contentUrl":"https:\/\/wpguerssen-test.odoo.rgbconsulting.com\/wp-content\/uploads\/2024\/01\/46770.jpg","width":243,"height":243},{"@type":"BreadcrumbList","@id":"https:\/\/wpguerssen-test.odoo.rgbconsulting.com\/es\/producto\/czarmageddon\/#breadcrumb","itemListElement":[{"@type":"ListItem","position":1,"name":"Inicio","item":"https:\/\/wpguerssen-test.odoo.rgbconsulting.com\/es\/"},{"@type":"ListItem","position":2,"name":"Shop","item":"https:\/\/wpguerssen-test.odoo.rgbconsulting.com\/shop\/"},{"@type":"ListItem","position":3,"name":"Czarmageddon!"}]},{"@type":"WebSite","@id":"https:\/\/wpguerssen-test.odoo.rgbconsulting.com\/es\/#website","url":"https:\/\/wpguerssen-test.odoo.rgbconsulting.com\/es\/","name":"Guerssen records","description":"psychedelia - progressive - folk - garage ","publisher":{"@id":"https:\/\/wpguerssen-test.odoo.rgbconsulting.com\/es\/#organization"},"potentialAction":[{"@type":"SearchAction","target":{"@type":"EntryPoint","urlTemplate":"https:\/\/wpguerssen-test.odoo.rgbconsulting.com\/es\/?s={search_term_string}"},"query-input":{"@type":"PropertyValueSpecification","valueRequired":true,"valueName":"search_term_string"}}],"inLanguage":"es"},{"@type":"Organization","@id":"https:\/\/wpguerssen-test.odoo.rgbconsulting.com\/es\/#organization","name":"Guerssen records","url":"https:\/\/wpguerssen-test.odoo.rgbconsulting.com\/es\/","logo":{"@type":"ImageObject","inLanguage":"es","@id":"https:\/\/wpguerssen-test.odoo.rgbconsulting.com\/es\/#\/schema\/logo\/image\/","url":"https:\/\/wpguerssen-test.odoo.rgbconsulting.com\/wp-content\/uploads\/2022\/04\/Logo_Guerssen_trans_100.png","contentUrl":"https:\/\/wpguerssen-test.odoo.rgbconsulting.com\/wp-content\/uploads\/2022\/04\/Logo_Guerssen_trans_100.png","width":122,"height":100,"caption":"Guerssen records"},"image":{"@id":"https:\/\/wpguerssen-test.odoo.rgbconsulting.com\/es\/#\/schema\/logo\/image\/"}}]}},"_links":{"self":[{"href":"https:\/\/wpguerssen-test.odoo.rgbconsulting.com\/es\/wp-json\/wp\/v2\/product\/250131","targetHints":{"allow":["GET"]}}],"collection":[{"href":"https:\/\/wpguerssen-test.odoo.rgbconsulting.com\/es\/wp-json\/wp\/v2\/product"}],"about":[{"href":"https:\/\/wpguerssen-test.odoo.rgbconsulting.com\/es\/wp-json\/wp\/v2\/types\/product"}],"wp:featuredmedia":[{"embeddable":true,"href":"https:\/\/wpguerssen-test.odoo.rgbconsulting.com\/es\/wp-json\/wp\/v2\/media\/250063"}],"wp:attachment":[{"href":"https:\/\/wpguerssen-test.odoo.rgbconsulting.com\/es\/wp-json\/wp\/v2\/media?parent=250131"}],"wp:term":[{"taxonomy":"product_brand","embeddable":true,"href":"https:\/\/wpguerssen-test.odoo.rgbconsulting.com\/es\/wp-json\/wp\/v2\/product_brand?post=250131"},{"taxonomy":"product_cat","embeddable":true,"href":"https:\/\/wpguerssen-test.odoo.rgbconsulting.com\/es\/wp-json\/wp\/v2\/product_cat?post=250131"},{"taxonomy":"product_tag","embeddable":true,"href":"https:\/\/wpguerssen-test.odoo.rgbconsulting.com\/es\/wp-json\/wp\/v2\/product_tag?post=250131"}],"curies":[{"name":"wp","href":"https:\/\/api.w.org\/{rel}","templated":true}]}}