{"id":250141,"date":"2024-02-22T00:00:00","date_gmt":"2024-02-21T23:00:00","guid":{"rendered":"https:\/\/wpguerssen-test.odoo.rgbconsulting.com\/product\/ultra-super-dub-vol-1\/"},"modified":"2024-10-01T19:17:54","modified_gmt":"2024-10-01T17:17:54","slug":"ultra-super-dub-vol-1","status":"publish","type":"product","link":"https:\/\/wpguerssen-test.odoo.rgbconsulting.com\/es\/producto\/ultra-super-dub-vol-1\/","title":{"rendered":"Ultra Super Dub Vol 1"},"content":{"rendered":"<p>Los \u00e1lbumes perdidos en la discograf\u00eda del bajista, director de banda, compositor, cantante y productor jamaicano Boris Gardiner: primera edici\u00f3n oficial de estos \u00e1lbumes incre\u00edblemente raros. Contiene un folleto extenso con Jeff Mao que detalla la carrera de Gardiner y la industria musical jamaicana de los a\u00f1os 70 con fotos in\u00e9ditas.<br \/>En la d\u00e9cada de 1970 Jamaica sufri\u00f3 una racha sin precedentes de agitaci\u00f3n pol\u00edtica y violencia, y cuando la econom\u00eda y la moral del pa\u00eds colapsaron, el reggae y sus derivados explotaron en todo el mundo. Boris Gardiner disfrut\u00f3 de un gran \u00e9xito liderando bandas, publicando \u00e1lbumes que mezclaban reggae, ska, soul y funk, y colaborando con artistas como Lee (Scratch) Perry y Herman Chin-Loy en sus legendarios estudios y tocando en cientos de discos, tantos que perdi\u00f3 la cuenta.<\/p>\n","protected":false},"excerpt":{"rendered":"<p>Los \u00e1lbumes perdidos en la discograf\u00eda del bajista, director de banda, compositor, cantante y productor jamaicano Boris Gardiner: primera edici\u00f3n oficial de estos<a class=\"read\" href=\"https:\/\/wpguerssen-test.odoo.rgbconsulting.com\/es\/producto\/ultra-super-dub-vol-1\/\"> (...)<\/a>","protected":false},"featured_media":250093,"template":"","meta":{"_acf_changed":false},"product_brand":[],"product_cat":[21666],"product_tag":[],"class_list":{"0":"post-250141","1":"product","2":"type-product","3":"status-publish","4":"has-post-thumbnail","6":"product_cat-reggae-ska-dub-es","7":"pa_artist-gardiner-boris","8":"pa_format-lp-es","9":"pa_gender-reggae-ska-dub","10":"pa_label-now-again","11":"pa_location-south-america-caribbean-es","12":"pa_other-filters-vinyl-only-es","14":"first","15":"instock","16":"taxable","17":"shipping-taxable","18":"purchasable","19":"product-type-simple"},"acf":[],"yoast_head":"<!-- This site is optimized with the Yoast SEO plugin v24.9 - https:\/\/yoast.com\/wordpress\/plugins\/seo\/ -->\n<title>GARDINER, Boris - Ultra Super Dub Vol 1 -  (LP) | Guerssen<\/title>\n<meta name=\"description\" content=\"The Lost Albums In Jamaican Bass Player, Bandleader, Songwriter, Singer And Producer Boris Gardiner&#039;s Discography - First Official Issue Of These Impossibly Rare Albums. Contains Extensive Booklet, With Jeff Mao Detailing Gardiner&#039;s Career And The 70s Jamaican Music Industry. Unpublished Photos And Ephemera.1970s Jamaica suffered an unprecedented stretch of political turmoil and violence, and as the country&#039;s economy and morale collapsed, reggae and its offshoots exploded worldwide. Boris Gardiner enjoyed great success leading bands, issuing albums that mixed reggae, ska, soul and funk, and collaborating with the likes of Lee (Scratch) Perry and Herman Chin-Loy in their legendary studios and playing on hundreds of records. So many that he lost count.Sometime around the issue of his Boris Gardiner Happening Is What&#039;s Happening album - a Loft classic, with David Mancuso favoring Gardiner&#039;s take of Booker T. and the MG&#039;s &quot;Melting Pot&quot; at his legendary gathering - and his soundtrack to Every N----r Is A Star, famously sampled by Kendrick Lamar and used as the introduction to the film Moonlight, two albums - Ultra Super Dub Vols. 1 and 2 - credited to The Boris Gardiner Happening - two albums so obscure that for the longest time Boris wasn&#039;t even aware that they existed.Following classics such as King Tubby&#039;s Dub From the Roots and Augustus Pablo&#039;s King Tubbys Meets Rockers Uptown, Miami-based Alty East&#039;s Ultra Records took instrumentals Gardiner created for a run of 45s, and created and issued these compilations of dubbed out originals and JA renditions of songs by Otis Redding, Clarence Carter, Betty Wright, Jimmy &quot;Bo&quot; Horne and Ultra label-mate Frankie Zhivago Young.Released in tiny runs in handmade, silkscreened, paste-on covers, they have become some of the most sought after Jamaican albums.Now, issued under Boris&#039; guidance, and with a detailed booklet by Jeff Mao, which delves into the deep scene which birthed these remarkable records, we can finally consider the last, unheard portion of this landmark musician&#039;s career.\" \/>\n<meta name=\"robots\" content=\"index, follow, max-snippet:-1, max-image-preview:large, max-video-preview:-1\" \/>\n<link rel=\"canonical\" href=\"https:\/\/wpguerssen-test.odoo.rgbconsulting.com\/es\/producto\/ultra-super-dub-vol-1\/\" \/>\n<meta property=\"og:locale\" content=\"es_ES\" \/>\n<meta property=\"og:type\" content=\"article\" \/>\n<meta property=\"og:title\" content=\"GARDINER, Boris - Ultra Super Dub Vol 1 -  (LP) | Guerssen\" \/>\n<meta property=\"og:description\" content=\"The Lost Albums In Jamaican Bass Player, Bandleader, Songwriter, Singer And Producer Boris Gardiner&#039;s Discography - First Official Issue Of These Impossibly Rare Albums. Contains Extensive Booklet, With Jeff Mao Detailing Gardiner&#039;s Career And The 70s Jamaican Music Industry. Unpublished Photos And Ephemera.1970s Jamaica suffered an unprecedented stretch of political turmoil and violence, and as the country&#039;s economy and morale collapsed, reggae and its offshoots exploded worldwide. Boris Gardiner enjoyed great success leading bands, issuing albums that mixed reggae, ska, soul and funk, and collaborating with the likes of Lee (Scratch) Perry and Herman Chin-Loy in their legendary studios and playing on hundreds of records. So many that he lost count.Sometime around the issue of his Boris Gardiner Happening Is What&#039;s Happening album - a Loft classic, with David Mancuso favoring Gardiner&#039;s take of Booker T. and the MG&#039;s &quot;Melting Pot&quot; at his legendary gathering - and his soundtrack to Every N----r Is A Star, famously sampled by Kendrick Lamar and used as the introduction to the film Moonlight, two albums - Ultra Super Dub Vols. 1 and 2 - credited to The Boris Gardiner Happening - two albums so obscure that for the longest time Boris wasn&#039;t even aware that they existed.Following classics such as King Tubby&#039;s Dub From the Roots and Augustus Pablo&#039;s King Tubbys Meets Rockers Uptown, Miami-based Alty East&#039;s Ultra Records took instrumentals Gardiner created for a run of 45s, and created and issued these compilations of dubbed out originals and JA renditions of songs by Otis Redding, Clarence Carter, Betty Wright, Jimmy &quot;Bo&quot; Horne and Ultra label-mate Frankie Zhivago Young.Released in tiny runs in handmade, silkscreened, paste-on covers, they have become some of the most sought after Jamaican albums.Now, issued under Boris&#039; guidance, and with a detailed booklet by Jeff Mao, which delves into the deep scene which birthed these remarkable records, we can finally consider the last, unheard portion of this landmark musician&#039;s career.\" \/>\n<meta property=\"og:url\" content=\"https:\/\/wpguerssen-test.odoo.rgbconsulting.com\/es\/producto\/ultra-super-dub-vol-1\/\" \/>\n<meta property=\"og:site_name\" content=\"Guerssen records\" \/>\n<meta property=\"article:modified_time\" content=\"2024-10-01T17:17:54+00:00\" \/>\n<meta property=\"og:image\" content=\"https:\/\/wpguerssen-test.odoo.rgbconsulting.com\/wp-content\/uploads\/2024\/01\/46780.jpg\" \/>\n\t<meta property=\"og:image:width\" content=\"243\" \/>\n\t<meta property=\"og:image:height\" content=\"243\" \/>\n\t<meta property=\"og:image:type\" content=\"image\/jpeg\" \/>\n<meta name=\"twitter:card\" content=\"summary_large_image\" \/>\n<meta name=\"twitter:title\" content=\"GARDINER, Boris - Ultra Super Dub Vol 1 -  (LP) | Guerssen\" \/>\n<meta name=\"twitter:label1\" content=\"Tiempo de lectura\" \/>\n\t<meta name=\"twitter:data1\" content=\"1 minuto\" \/>\n<script type=\"application\/ld+json\" class=\"yoast-schema-graph\">{\"@context\":\"https:\/\/schema.org\",\"@graph\":[{\"@type\":\"WebPage\",\"@id\":\"https:\/\/wpguerssen-test.odoo.rgbconsulting.com\/es\/producto\/ultra-super-dub-vol-1\/\",\"url\":\"https:\/\/wpguerssen-test.odoo.rgbconsulting.com\/es\/producto\/ultra-super-dub-vol-1\/\",\"name\":\"GARDINER, Boris - Ultra Super Dub Vol 1 - (LP) | Guerssen\",\"isPartOf\":{\"@id\":\"https:\/\/wpguerssen-test.odoo.rgbconsulting.com\/es\/#website\"},\"primaryImageOfPage\":{\"@id\":\"https:\/\/wpguerssen-test.odoo.rgbconsulting.com\/es\/producto\/ultra-super-dub-vol-1\/#primaryimage\"},\"image\":{\"@id\":\"https:\/\/wpguerssen-test.odoo.rgbconsulting.com\/es\/producto\/ultra-super-dub-vol-1\/#primaryimage\"},\"thumbnailUrl\":\"https:\/\/wpguerssen-test.odoo.rgbconsulting.com\/wp-content\/uploads\/2024\/01\/46780.jpg\",\"datePublished\":\"2024-02-21T23:00:00+00:00\",\"dateModified\":\"2024-10-01T17:17:54+00:00\",\"description\":\"The Lost Albums In Jamaican Bass Player, Bandleader, Songwriter, Singer And Producer Boris Gardiner's Discography - First Official Issue Of These Impossibly Rare Albums. Contains Extensive Booklet, With Jeff Mao Detailing Gardiner's Career And The 70s Jamaican Music Industry. Unpublished Photos And Ephemera.1970s Jamaica suffered an unprecedented stretch of political turmoil and violence, and as the country's economy and morale collapsed, reggae and its offshoots exploded worldwide. Boris Gardiner enjoyed great success leading bands, issuing albums that mixed reggae, ska, soul and funk, and collaborating with the likes of Lee (Scratch) Perry and Herman Chin-Loy in their legendary studios and playing on hundreds of records. So many that he lost count.Sometime around the issue of his Boris Gardiner Happening Is What's Happening album - a Loft classic, with David Mancuso favoring Gardiner's take of Booker T. and the MG's \\\"Melting Pot\\\" at his legendary gathering - and his soundtrack to Every N----r Is A Star, famously sampled by Kendrick Lamar and used as the introduction to the film Moonlight, two albums - Ultra Super Dub Vols. 1 and 2 - credited to The Boris Gardiner Happening - two albums so obscure that for the longest time Boris wasn't even aware that they existed.Following classics such as King Tubby's Dub From the Roots and Augustus Pablo's King Tubbys Meets Rockers Uptown, Miami-based Alty East's Ultra Records took instrumentals Gardiner created for a run of 45s, and created and issued these compilations of dubbed out originals and JA renditions of songs by Otis Redding, Clarence Carter, Betty Wright, Jimmy \\\"Bo\\\" Horne and Ultra label-mate Frankie Zhivago Young.Released in tiny runs in handmade, silkscreened, paste-on covers, they have become some of the most sought after Jamaican albums.Now, issued under Boris' guidance, and with a detailed booklet by Jeff Mao, which delves into the deep scene which birthed these remarkable records, we can finally consider the last, unheard portion of this landmark musician's career.\",\"breadcrumb\":{\"@id\":\"https:\/\/wpguerssen-test.odoo.rgbconsulting.com\/es\/producto\/ultra-super-dub-vol-1\/#breadcrumb\"},\"inLanguage\":\"es\",\"potentialAction\":[{\"@type\":\"ReadAction\",\"target\":[\"https:\/\/wpguerssen-test.odoo.rgbconsulting.com\/es\/producto\/ultra-super-dub-vol-1\/\"]}]},{\"@type\":\"ImageObject\",\"inLanguage\":\"es\",\"@id\":\"https:\/\/wpguerssen-test.odoo.rgbconsulting.com\/es\/producto\/ultra-super-dub-vol-1\/#primaryimage\",\"url\":\"https:\/\/wpguerssen-test.odoo.rgbconsulting.com\/wp-content\/uploads\/2024\/01\/46780.jpg\",\"contentUrl\":\"https:\/\/wpguerssen-test.odoo.rgbconsulting.com\/wp-content\/uploads\/2024\/01\/46780.jpg\",\"width\":243,\"height\":243,\"caption\":\"Boris - Ultra Super Dub Vol 1 - NOW AGAIN (LP) | Guerssen\"},{\"@type\":\"BreadcrumbList\",\"@id\":\"https:\/\/wpguerssen-test.odoo.rgbconsulting.com\/es\/producto\/ultra-super-dub-vol-1\/#breadcrumb\",\"itemListElement\":[{\"@type\":\"ListItem\",\"position\":1,\"name\":\"Inicio\",\"item\":\"https:\/\/wpguerssen-test.odoo.rgbconsulting.com\/es\/\"},{\"@type\":\"ListItem\",\"position\":2,\"name\":\"Shop\",\"item\":\"https:\/\/wpguerssen-test.odoo.rgbconsulting.com\/shop\/\"},{\"@type\":\"ListItem\",\"position\":3,\"name\":\"Ultra Super Dub Vol 1\"}]},{\"@type\":\"WebSite\",\"@id\":\"https:\/\/wpguerssen-test.odoo.rgbconsulting.com\/es\/#website\",\"url\":\"https:\/\/wpguerssen-test.odoo.rgbconsulting.com\/es\/\",\"name\":\"Guerssen records\",\"description\":\"psychedelia - progressive - folk - garage \",\"publisher\":{\"@id\":\"https:\/\/wpguerssen-test.odoo.rgbconsulting.com\/es\/#organization\"},\"potentialAction\":[{\"@type\":\"SearchAction\",\"target\":{\"@type\":\"EntryPoint\",\"urlTemplate\":\"https:\/\/wpguerssen-test.odoo.rgbconsulting.com\/es\/?s={search_term_string}\"},\"query-input\":{\"@type\":\"PropertyValueSpecification\",\"valueRequired\":true,\"valueName\":\"search_term_string\"}}],\"inLanguage\":\"es\"},{\"@type\":\"Organization\",\"@id\":\"https:\/\/wpguerssen-test.odoo.rgbconsulting.com\/es\/#organization\",\"name\":\"Guerssen records\",\"url\":\"https:\/\/wpguerssen-test.odoo.rgbconsulting.com\/es\/\",\"logo\":{\"@type\":\"ImageObject\",\"inLanguage\":\"es\",\"@id\":\"https:\/\/wpguerssen-test.odoo.rgbconsulting.com\/es\/#\/schema\/logo\/image\/\",\"url\":\"https:\/\/wpguerssen-test.odoo.rgbconsulting.com\/wp-content\/uploads\/2022\/04\/Logo_Guerssen_trans_100.png\",\"contentUrl\":\"https:\/\/wpguerssen-test.odoo.rgbconsulting.com\/wp-content\/uploads\/2022\/04\/Logo_Guerssen_trans_100.png\",\"width\":122,\"height\":100,\"caption\":\"Guerssen records\"},\"image\":{\"@id\":\"https:\/\/wpguerssen-test.odoo.rgbconsulting.com\/es\/#\/schema\/logo\/image\/\"}}]}<\/script>\n<!-- \/ Yoast SEO plugin. -->","yoast_head_json":{"title":"GARDINER, Boris - Ultra Super Dub Vol 1 -  (LP) | Guerssen","description":"The Lost Albums In Jamaican Bass Player, Bandleader, Songwriter, Singer And Producer Boris Gardiner's Discography - First Official Issue Of These Impossibly Rare Albums. Contains Extensive Booklet, With Jeff Mao Detailing Gardiner's Career And The 70s Jamaican Music Industry. Unpublished Photos And Ephemera.1970s Jamaica suffered an unprecedented stretch of political turmoil and violence, and as the country's economy and morale collapsed, reggae and its offshoots exploded worldwide. Boris Gardiner enjoyed great success leading bands, issuing albums that mixed reggae, ska, soul and funk, and collaborating with the likes of Lee (Scratch) Perry and Herman Chin-Loy in their legendary studios and playing on hundreds of records. So many that he lost count.Sometime around the issue of his Boris Gardiner Happening Is What's Happening album - a Loft classic, with David Mancuso favoring Gardiner's take of Booker T. and the MG's \"Melting Pot\" at his legendary gathering - and his soundtrack to Every N----r Is A Star, famously sampled by Kendrick Lamar and used as the introduction to the film Moonlight, two albums - Ultra Super Dub Vols. 1 and 2 - credited to The Boris Gardiner Happening - two albums so obscure that for the longest time Boris wasn't even aware that they existed.Following classics such as King Tubby's Dub From the Roots and Augustus Pablo's King Tubbys Meets Rockers Uptown, Miami-based Alty East's Ultra Records took instrumentals Gardiner created for a run of 45s, and created and issued these compilations of dubbed out originals and JA renditions of songs by Otis Redding, Clarence Carter, Betty Wright, Jimmy \"Bo\" Horne and Ultra label-mate Frankie Zhivago Young.Released in tiny runs in handmade, silkscreened, paste-on covers, they have become some of the most sought after Jamaican albums.Now, issued under Boris' guidance, and with a detailed booklet by Jeff Mao, which delves into the deep scene which birthed these remarkable records, we can finally consider the last, unheard portion of this landmark musician's career.","robots":{"index":"index","follow":"follow","max-snippet":"max-snippet:-1","max-image-preview":"max-image-preview:large","max-video-preview":"max-video-preview:-1"},"canonical":"https:\/\/wpguerssen-test.odoo.rgbconsulting.com\/es\/producto\/ultra-super-dub-vol-1\/","og_locale":"es_ES","og_type":"article","og_title":"GARDINER, Boris - Ultra Super Dub Vol 1 -  (LP) | Guerssen","og_description":"The Lost Albums In Jamaican Bass Player, Bandleader, Songwriter, Singer And Producer Boris Gardiner's Discography - First Official Issue Of These Impossibly Rare Albums. Contains Extensive Booklet, With Jeff Mao Detailing Gardiner's Career And The 70s Jamaican Music Industry. Unpublished Photos And Ephemera.1970s Jamaica suffered an unprecedented stretch of political turmoil and violence, and as the country's economy and morale collapsed, reggae and its offshoots exploded worldwide. Boris Gardiner enjoyed great success leading bands, issuing albums that mixed reggae, ska, soul and funk, and collaborating with the likes of Lee (Scratch) Perry and Herman Chin-Loy in their legendary studios and playing on hundreds of records. So many that he lost count.Sometime around the issue of his Boris Gardiner Happening Is What's Happening album - a Loft classic, with David Mancuso favoring Gardiner's take of Booker T. and the MG's \"Melting Pot\" at his legendary gathering - and his soundtrack to Every N----r Is A Star, famously sampled by Kendrick Lamar and used as the introduction to the film Moonlight, two albums - Ultra Super Dub Vols. 1 and 2 - credited to The Boris Gardiner Happening - two albums so obscure that for the longest time Boris wasn't even aware that they existed.Following classics such as King Tubby's Dub From the Roots and Augustus Pablo's King Tubbys Meets Rockers Uptown, Miami-based Alty East's Ultra Records took instrumentals Gardiner created for a run of 45s, and created and issued these compilations of dubbed out originals and JA renditions of songs by Otis Redding, Clarence Carter, Betty Wright, Jimmy \"Bo\" Horne and Ultra label-mate Frankie Zhivago Young.Released in tiny runs in handmade, silkscreened, paste-on covers, they have become some of the most sought after Jamaican albums.Now, issued under Boris' guidance, and with a detailed booklet by Jeff Mao, which delves into the deep scene which birthed these remarkable records, we can finally consider the last, unheard portion of this landmark musician's career.","og_url":"https:\/\/wpguerssen-test.odoo.rgbconsulting.com\/es\/producto\/ultra-super-dub-vol-1\/","og_site_name":"Guerssen records","article_modified_time":"2024-10-01T17:17:54+00:00","og_image":[{"width":243,"height":243,"url":"https:\/\/wpguerssen-test.odoo.rgbconsulting.com\/wp-content\/uploads\/2024\/01\/46780.jpg","type":"image\/jpeg"}],"twitter_card":"summary_large_image","twitter_title":"GARDINER, Boris - Ultra Super Dub Vol 1 -  (LP) | Guerssen","twitter_misc":{"Tiempo de lectura":"1 minuto"},"schema":{"@context":"https:\/\/schema.org","@graph":[{"@type":"WebPage","@id":"https:\/\/wpguerssen-test.odoo.rgbconsulting.com\/es\/producto\/ultra-super-dub-vol-1\/","url":"https:\/\/wpguerssen-test.odoo.rgbconsulting.com\/es\/producto\/ultra-super-dub-vol-1\/","name":"GARDINER, Boris - Ultra Super Dub Vol 1 - (LP) | Guerssen","isPartOf":{"@id":"https:\/\/wpguerssen-test.odoo.rgbconsulting.com\/es\/#website"},"primaryImageOfPage":{"@id":"https:\/\/wpguerssen-test.odoo.rgbconsulting.com\/es\/producto\/ultra-super-dub-vol-1\/#primaryimage"},"image":{"@id":"https:\/\/wpguerssen-test.odoo.rgbconsulting.com\/es\/producto\/ultra-super-dub-vol-1\/#primaryimage"},"thumbnailUrl":"https:\/\/wpguerssen-test.odoo.rgbconsulting.com\/wp-content\/uploads\/2024\/01\/46780.jpg","datePublished":"2024-02-21T23:00:00+00:00","dateModified":"2024-10-01T17:17:54+00:00","description":"The Lost Albums In Jamaican Bass Player, Bandleader, Songwriter, Singer And Producer Boris Gardiner's Discography - First Official Issue Of These Impossibly Rare Albums. Contains Extensive Booklet, With Jeff Mao Detailing Gardiner's Career And The 70s Jamaican Music Industry. Unpublished Photos And Ephemera.1970s Jamaica suffered an unprecedented stretch of political turmoil and violence, and as the country's economy and morale collapsed, reggae and its offshoots exploded worldwide. Boris Gardiner enjoyed great success leading bands, issuing albums that mixed reggae, ska, soul and funk, and collaborating with the likes of Lee (Scratch) Perry and Herman Chin-Loy in their legendary studios and playing on hundreds of records. So many that he lost count.Sometime around the issue of his Boris Gardiner Happening Is What's Happening album - a Loft classic, with David Mancuso favoring Gardiner's take of Booker T. and the MG's \"Melting Pot\" at his legendary gathering - and his soundtrack to Every N----r Is A Star, famously sampled by Kendrick Lamar and used as the introduction to the film Moonlight, two albums - Ultra Super Dub Vols. 1 and 2 - credited to The Boris Gardiner Happening - two albums so obscure that for the longest time Boris wasn't even aware that they existed.Following classics such as King Tubby's Dub From the Roots and Augustus Pablo's King Tubbys Meets Rockers Uptown, Miami-based Alty East's Ultra Records took instrumentals Gardiner created for a run of 45s, and created and issued these compilations of dubbed out originals and JA renditions of songs by Otis Redding, Clarence Carter, Betty Wright, Jimmy \"Bo\" Horne and Ultra label-mate Frankie Zhivago Young.Released in tiny runs in handmade, silkscreened, paste-on covers, they have become some of the most sought after Jamaican albums.Now, issued under Boris' guidance, and with a detailed booklet by Jeff Mao, which delves into the deep scene which birthed these remarkable records, we can finally consider the last, unheard portion of this landmark musician's career.","breadcrumb":{"@id":"https:\/\/wpguerssen-test.odoo.rgbconsulting.com\/es\/producto\/ultra-super-dub-vol-1\/#breadcrumb"},"inLanguage":"es","potentialAction":[{"@type":"ReadAction","target":["https:\/\/wpguerssen-test.odoo.rgbconsulting.com\/es\/producto\/ultra-super-dub-vol-1\/"]}]},{"@type":"ImageObject","inLanguage":"es","@id":"https:\/\/wpguerssen-test.odoo.rgbconsulting.com\/es\/producto\/ultra-super-dub-vol-1\/#primaryimage","url":"https:\/\/wpguerssen-test.odoo.rgbconsulting.com\/wp-content\/uploads\/2024\/01\/46780.jpg","contentUrl":"https:\/\/wpguerssen-test.odoo.rgbconsulting.com\/wp-content\/uploads\/2024\/01\/46780.jpg","width":243,"height":243,"caption":"Boris - Ultra Super Dub Vol 1 - NOW AGAIN (LP) | Guerssen"},{"@type":"BreadcrumbList","@id":"https:\/\/wpguerssen-test.odoo.rgbconsulting.com\/es\/producto\/ultra-super-dub-vol-1\/#breadcrumb","itemListElement":[{"@type":"ListItem","position":1,"name":"Inicio","item":"https:\/\/wpguerssen-test.odoo.rgbconsulting.com\/es\/"},{"@type":"ListItem","position":2,"name":"Shop","item":"https:\/\/wpguerssen-test.odoo.rgbconsulting.com\/shop\/"},{"@type":"ListItem","position":3,"name":"Ultra Super Dub Vol 1"}]},{"@type":"WebSite","@id":"https:\/\/wpguerssen-test.odoo.rgbconsulting.com\/es\/#website","url":"https:\/\/wpguerssen-test.odoo.rgbconsulting.com\/es\/","name":"Guerssen records","description":"psychedelia - progressive - folk - garage ","publisher":{"@id":"https:\/\/wpguerssen-test.odoo.rgbconsulting.com\/es\/#organization"},"potentialAction":[{"@type":"SearchAction","target":{"@type":"EntryPoint","urlTemplate":"https:\/\/wpguerssen-test.odoo.rgbconsulting.com\/es\/?s={search_term_string}"},"query-input":{"@type":"PropertyValueSpecification","valueRequired":true,"valueName":"search_term_string"}}],"inLanguage":"es"},{"@type":"Organization","@id":"https:\/\/wpguerssen-test.odoo.rgbconsulting.com\/es\/#organization","name":"Guerssen records","url":"https:\/\/wpguerssen-test.odoo.rgbconsulting.com\/es\/","logo":{"@type":"ImageObject","inLanguage":"es","@id":"https:\/\/wpguerssen-test.odoo.rgbconsulting.com\/es\/#\/schema\/logo\/image\/","url":"https:\/\/wpguerssen-test.odoo.rgbconsulting.com\/wp-content\/uploads\/2022\/04\/Logo_Guerssen_trans_100.png","contentUrl":"https:\/\/wpguerssen-test.odoo.rgbconsulting.com\/wp-content\/uploads\/2022\/04\/Logo_Guerssen_trans_100.png","width":122,"height":100,"caption":"Guerssen records"},"image":{"@id":"https:\/\/wpguerssen-test.odoo.rgbconsulting.com\/es\/#\/schema\/logo\/image\/"}}]}},"_links":{"self":[{"href":"https:\/\/wpguerssen-test.odoo.rgbconsulting.com\/es\/wp-json\/wp\/v2\/product\/250141","targetHints":{"allow":["GET"]}}],"collection":[{"href":"https:\/\/wpguerssen-test.odoo.rgbconsulting.com\/es\/wp-json\/wp\/v2\/product"}],"about":[{"href":"https:\/\/wpguerssen-test.odoo.rgbconsulting.com\/es\/wp-json\/wp\/v2\/types\/product"}],"wp:featuredmedia":[{"embeddable":true,"href":"https:\/\/wpguerssen-test.odoo.rgbconsulting.com\/es\/wp-json\/wp\/v2\/media\/250093"}],"wp:attachment":[{"href":"https:\/\/wpguerssen-test.odoo.rgbconsulting.com\/es\/wp-json\/wp\/v2\/media?parent=250141"}],"wp:term":[{"taxonomy":"product_brand","embeddable":true,"href":"https:\/\/wpguerssen-test.odoo.rgbconsulting.com\/es\/wp-json\/wp\/v2\/product_brand?post=250141"},{"taxonomy":"product_cat","embeddable":true,"href":"https:\/\/wpguerssen-test.odoo.rgbconsulting.com\/es\/wp-json\/wp\/v2\/product_cat?post=250141"},{"taxonomy":"product_tag","embeddable":true,"href":"https:\/\/wpguerssen-test.odoo.rgbconsulting.com\/es\/wp-json\/wp\/v2\/product_tag?post=250141"}],"curies":[{"name":"wp","href":"https:\/\/api.w.org\/{rel}","templated":true}]}}