{"id":250143,"date":"2024-03-25T00:00:00","date_gmt":"2024-03-24T23:00:00","guid":{"rendered":"https:\/\/wpguerssen-test.odoo.rgbconsulting.com\/product\/roots-rockers-dub\/"},"modified":"2024-12-12T12:58:10","modified_gmt":"2024-12-12T11:58:10","slug":"roots-rockers-dub","status":"publish","type":"product","link":"https:\/\/wpguerssen-test.odoo.rgbconsulting.com\/es\/producto\/roots-rockers-dub\/","title":{"rendered":"Roots, Rockers &#038; Dub"},"content":{"rendered":"<p>CELEBRANDO 50 A\u00d1OS DE ROCKERS UNA COLECCI\u00d3N REMASTERIZADA DE INSTRUMENTALES CL\u00c1SICOS Y RAROS DEL ARTISTA LEGENDARIO PRESENTADA COMO UN LP DOBLE CON UNA FUNDA PLEGABLE A TODO COLOR<br \/>El artista visionario Augustus Pablo se encuentra entre las figuras m\u00e1s importantes de la historia del reggae. Ampliamente acreditado por popularizar el uso de la mel\u00f3dica en el reggae, Pablo fue un m\u00fasico talentoso y un productor innovador que se convirti\u00f3 en uno de los primeros pioneros del dub. Consideradas ahora como cl\u00e1sicos, sus memorables grabaciones de los a\u00f1os 70 fueron parte de la notable oleada creativa que llev\u00f3 la escena musical jamaicana a la prominencia internacional. Gran parte de este material fue lanzado por Rockers, un sello discogr\u00e1fico independiente fundado por Pablo y que lleva el nombre de su popular sistema de sonido Kingston. Ahora, Nature Sounds se enorgullece de presentar Roots, Rockers, &#038; Dub, una nueva colecci\u00f3n de vinilos de Augustus Pablo que celebra el 50 aniversario de Rockers. Con dubs cl\u00e1sicos junto con temas raros y descatalogados, el \u00e1lbum captura la inmensa contribuci\u00f3n de Pablo al Roots Reggae al resaltar una gran cantidad de material que abarca toda su carrera, todo publicado en Rockers. Totalmente remasterizado y lanzado en asociaci\u00f3n con la familia Pablo, \u00abRoots, Rockers, &#038; Dub\u00bb es un tributo apropiado a un artista cuya m\u00fasica a\u00fan resuena con fuerza m\u00e1s de dos d\u00e9cadas despu\u00e9s de su fallecimiento.<\/p>\n","protected":false},"excerpt":{"rendered":"<p>CELEBRANDO 50 A\u00d1OS DE ROCKERS UNA COLECCI\u00d3N REMASTERIZADA DE INSTRUMENTALES CL\u00c1SICOS Y RAROS DEL ARTISTA LEGENDARIO PRESENTADA COMO UN LP DOBLE CON UNA FUNDA PLEGABLE<a class=\"read\" href=\"https:\/\/wpguerssen-test.odoo.rgbconsulting.com\/es\/producto\/roots-rockers-dub\/\"> (...)<\/a>","protected":false},"featured_media":250099,"template":"","meta":{"_acf_changed":false},"product_brand":[],"product_cat":[21666],"product_tag":[],"class_list":{"0":"post-250143","1":"product","2":"type-product","3":"status-publish","4":"has-post-thumbnail","6":"product_cat-reggae-ska-dub-es","7":"pa_artist-pablo-augustus","8":"pa_format-2lp-es","9":"pa_gender-reggae-ska-dub","10":"pa_label-nature-sounds","11":"pa_location-south-america-caribbean-es","12":"pa_other-filters-vinyl-only-es","14":"first","15":"instock","16":"taxable","17":"shipping-taxable","18":"purchasable","19":"product-type-simple"},"acf":[],"yoast_head":"<!-- This site is optimized with the Yoast SEO plugin v24.9 - https:\/\/yoast.com\/wordpress\/plugins\/seo\/ -->\n<title>PABLO, Augustus - Roots, Rockers &amp; Dub -  (2LP) | Guerssen<\/title>\n<meta name=\"description\" content=\"CELEBRATING 50 YEARS OF ROCKERS A REMASTERED COLLECTION OF RARE\/CLASSIC INSTRUMENTALS AND DUBS FROM THE LEGENDARY ARTIST PRESENTED AS A DOUBLE LP IN A FULL COLOR GATEFOLD JACKETVisionary artist Augustus Pablo is among the most important figures in reggae history. Widely credited with popularizing the use of the melodica in reggae, Pablo was a talented musician and an innovative producer who became an early dub pioneer. Now regarded as classics, his memorable 1970s recordings were part of the remarkable creative surge that vaulted the Jamaican music scene to international prominence. Much of this material was released by Rockers, an independent record label founded by Pablo and named after his popular Kingston sound system. Now, Nature Sounds is proud to present Roots, Rockers, &amp; Dub, a new Augustus Pablo vinyl collection celebrating the 50th anniversary of Rockers. Featuring classic dubs along with rare and out-of-print tracks, the album captures Pablo\u00eds immense contribution to roots reggae by highlighting a wealth of material spanning his entire career, all released on Rockers. Fully remastered and released in partnership with the Pablo family, Roots, Rockers, &amp; Dub is a fitting tribute to an artist whose music still reverberates heavily more than two decades after his passing.\" \/>\n<meta name=\"robots\" content=\"index, follow, max-snippet:-1, max-image-preview:large, max-video-preview:-1\" \/>\n<link rel=\"canonical\" href=\"https:\/\/wpguerssen-test.odoo.rgbconsulting.com\/es\/producto\/roots-rockers-dub\/\" \/>\n<meta property=\"og:locale\" content=\"es_ES\" \/>\n<meta property=\"og:type\" content=\"article\" \/>\n<meta property=\"og:title\" content=\"PABLO, Augustus - Roots, Rockers &amp; Dub -  (2LP) | Guerssen\" \/>\n<meta property=\"og:description\" content=\"CELEBRATING 50 YEARS OF ROCKERS A REMASTERED COLLECTION OF RARE\/CLASSIC INSTRUMENTALS AND DUBS FROM THE LEGENDARY ARTIST PRESENTED AS A DOUBLE LP IN A FULL COLOR GATEFOLD JACKETVisionary artist Augustus Pablo is among the most important figures in reggae history. Widely credited with popularizing the use of the melodica in reggae, Pablo was a talented musician and an innovative producer who became an early dub pioneer. Now regarded as classics, his memorable 1970s recordings were part of the remarkable creative surge that vaulted the Jamaican music scene to international prominence. Much of this material was released by Rockers, an independent record label founded by Pablo and named after his popular Kingston sound system. Now, Nature Sounds is proud to present Roots, Rockers, &amp; Dub, a new Augustus Pablo vinyl collection celebrating the 50th anniversary of Rockers. Featuring classic dubs along with rare and out-of-print tracks, the album captures Pablo\u00eds immense contribution to roots reggae by highlighting a wealth of material spanning his entire career, all released on Rockers. Fully remastered and released in partnership with the Pablo family, Roots, Rockers, &amp; Dub is a fitting tribute to an artist whose music still reverberates heavily more than two decades after his passing.\" \/>\n<meta property=\"og:url\" content=\"https:\/\/wpguerssen-test.odoo.rgbconsulting.com\/es\/producto\/roots-rockers-dub\/\" \/>\n<meta property=\"og:site_name\" content=\"Guerssen records\" \/>\n<meta property=\"article:modified_time\" content=\"2024-12-12T11:58:10+00:00\" \/>\n<meta property=\"og:image\" content=\"https:\/\/wpguerssen-test.odoo.rgbconsulting.com\/wp-content\/uploads\/2024\/01\/46782.jpg\" \/>\n\t<meta property=\"og:image:width\" content=\"243\" \/>\n\t<meta property=\"og:image:height\" content=\"243\" \/>\n\t<meta property=\"og:image:type\" content=\"image\/jpeg\" \/>\n<meta name=\"twitter:card\" content=\"summary_large_image\" \/>\n<meta name=\"twitter:title\" content=\"PABLO, Augustus - Roots, Rockers &amp; Dub -  (2LP) | Guerssen\" \/>\n<meta name=\"twitter:label1\" content=\"Tiempo de lectura\" \/>\n\t<meta name=\"twitter:data1\" content=\"1 minuto\" \/>\n<script type=\"application\/ld+json\" class=\"yoast-schema-graph\">{\"@context\":\"https:\/\/schema.org\",\"@graph\":[{\"@type\":\"WebPage\",\"@id\":\"https:\/\/wpguerssen-test.odoo.rgbconsulting.com\/es\/producto\/roots-rockers-dub\/\",\"url\":\"https:\/\/wpguerssen-test.odoo.rgbconsulting.com\/es\/producto\/roots-rockers-dub\/\",\"name\":\"PABLO, Augustus - Roots, Rockers & Dub - (2LP) | Guerssen\",\"isPartOf\":{\"@id\":\"https:\/\/wpguerssen-test.odoo.rgbconsulting.com\/es\/#website\"},\"primaryImageOfPage\":{\"@id\":\"https:\/\/wpguerssen-test.odoo.rgbconsulting.com\/es\/producto\/roots-rockers-dub\/#primaryimage\"},\"image\":{\"@id\":\"https:\/\/wpguerssen-test.odoo.rgbconsulting.com\/es\/producto\/roots-rockers-dub\/#primaryimage\"},\"thumbnailUrl\":\"https:\/\/wpguerssen-test.odoo.rgbconsulting.com\/wp-content\/uploads\/2024\/01\/46782.jpg\",\"datePublished\":\"2024-03-24T23:00:00+00:00\",\"dateModified\":\"2024-12-12T11:58:10+00:00\",\"description\":\"CELEBRATING 50 YEARS OF ROCKERS A REMASTERED COLLECTION OF RARE\/CLASSIC INSTRUMENTALS AND DUBS FROM THE LEGENDARY ARTIST PRESENTED AS A DOUBLE LP IN A FULL COLOR GATEFOLD JACKETVisionary artist Augustus Pablo is among the most important figures in reggae history. Widely credited with popularizing the use of the melodica in reggae, Pablo was a talented musician and an innovative producer who became an early dub pioneer. Now regarded as classics, his memorable 1970s recordings were part of the remarkable creative surge that vaulted the Jamaican music scene to international prominence. Much of this material was released by Rockers, an independent record label founded by Pablo and named after his popular Kingston sound system. Now, Nature Sounds is proud to present Roots, Rockers, & Dub, a new Augustus Pablo vinyl collection celebrating the 50th anniversary of Rockers. Featuring classic dubs along with rare and out-of-print tracks, the album captures Pablo\u00eds immense contribution to roots reggae by highlighting a wealth of material spanning his entire career, all released on Rockers. Fully remastered and released in partnership with the Pablo family, Roots, Rockers, & Dub is a fitting tribute to an artist whose music still reverberates heavily more than two decades after his passing.\",\"breadcrumb\":{\"@id\":\"https:\/\/wpguerssen-test.odoo.rgbconsulting.com\/es\/producto\/roots-rockers-dub\/#breadcrumb\"},\"inLanguage\":\"es\",\"potentialAction\":[{\"@type\":\"ReadAction\",\"target\":[\"https:\/\/wpguerssen-test.odoo.rgbconsulting.com\/es\/producto\/roots-rockers-dub\/\"]}]},{\"@type\":\"ImageObject\",\"inLanguage\":\"es\",\"@id\":\"https:\/\/wpguerssen-test.odoo.rgbconsulting.com\/es\/producto\/roots-rockers-dub\/#primaryimage\",\"url\":\"https:\/\/wpguerssen-test.odoo.rgbconsulting.com\/wp-content\/uploads\/2024\/01\/46782.jpg\",\"contentUrl\":\"https:\/\/wpguerssen-test.odoo.rgbconsulting.com\/wp-content\/uploads\/2024\/01\/46782.jpg\",\"width\":243,\"height\":243,\"caption\":\"Augustus - Roots\"},{\"@type\":\"BreadcrumbList\",\"@id\":\"https:\/\/wpguerssen-test.odoo.rgbconsulting.com\/es\/producto\/roots-rockers-dub\/#breadcrumb\",\"itemListElement\":[{\"@type\":\"ListItem\",\"position\":1,\"name\":\"Inicio\",\"item\":\"https:\/\/wpguerssen-test.odoo.rgbconsulting.com\/es\/\"},{\"@type\":\"ListItem\",\"position\":2,\"name\":\"Shop\",\"item\":\"https:\/\/wpguerssen-test.odoo.rgbconsulting.com\/shop\/\"},{\"@type\":\"ListItem\",\"position\":3,\"name\":\"Roots, Rockers &#038; Dub\"}]},{\"@type\":\"WebSite\",\"@id\":\"https:\/\/wpguerssen-test.odoo.rgbconsulting.com\/es\/#website\",\"url\":\"https:\/\/wpguerssen-test.odoo.rgbconsulting.com\/es\/\",\"name\":\"Guerssen records\",\"description\":\"psychedelia - progressive - folk - garage \",\"publisher\":{\"@id\":\"https:\/\/wpguerssen-test.odoo.rgbconsulting.com\/es\/#organization\"},\"potentialAction\":[{\"@type\":\"SearchAction\",\"target\":{\"@type\":\"EntryPoint\",\"urlTemplate\":\"https:\/\/wpguerssen-test.odoo.rgbconsulting.com\/es\/?s={search_term_string}\"},\"query-input\":{\"@type\":\"PropertyValueSpecification\",\"valueRequired\":true,\"valueName\":\"search_term_string\"}}],\"inLanguage\":\"es\"},{\"@type\":\"Organization\",\"@id\":\"https:\/\/wpguerssen-test.odoo.rgbconsulting.com\/es\/#organization\",\"name\":\"Guerssen records\",\"url\":\"https:\/\/wpguerssen-test.odoo.rgbconsulting.com\/es\/\",\"logo\":{\"@type\":\"ImageObject\",\"inLanguage\":\"es\",\"@id\":\"https:\/\/wpguerssen-test.odoo.rgbconsulting.com\/es\/#\/schema\/logo\/image\/\",\"url\":\"https:\/\/wpguerssen-test.odoo.rgbconsulting.com\/wp-content\/uploads\/2022\/04\/Logo_Guerssen_trans_100.png\",\"contentUrl\":\"https:\/\/wpguerssen-test.odoo.rgbconsulting.com\/wp-content\/uploads\/2022\/04\/Logo_Guerssen_trans_100.png\",\"width\":122,\"height\":100,\"caption\":\"Guerssen records\"},\"image\":{\"@id\":\"https:\/\/wpguerssen-test.odoo.rgbconsulting.com\/es\/#\/schema\/logo\/image\/\"}}]}<\/script>\n<!-- \/ Yoast SEO plugin. -->","yoast_head_json":{"title":"PABLO, Augustus - Roots, Rockers & Dub -  (2LP) | Guerssen","description":"CELEBRATING 50 YEARS OF ROCKERS A REMASTERED COLLECTION OF RARE\/CLASSIC INSTRUMENTALS AND DUBS FROM THE LEGENDARY ARTIST PRESENTED AS A DOUBLE LP IN A FULL COLOR GATEFOLD JACKETVisionary artist Augustus Pablo is among the most important figures in reggae history. Widely credited with popularizing the use of the melodica in reggae, Pablo was a talented musician and an innovative producer who became an early dub pioneer. Now regarded as classics, his memorable 1970s recordings were part of the remarkable creative surge that vaulted the Jamaican music scene to international prominence. Much of this material was released by Rockers, an independent record label founded by Pablo and named after his popular Kingston sound system. Now, Nature Sounds is proud to present Roots, Rockers, & Dub, a new Augustus Pablo vinyl collection celebrating the 50th anniversary of Rockers. Featuring classic dubs along with rare and out-of-print tracks, the album captures Pablo\u00eds immense contribution to roots reggae by highlighting a wealth of material spanning his entire career, all released on Rockers. Fully remastered and released in partnership with the Pablo family, Roots, Rockers, & Dub is a fitting tribute to an artist whose music still reverberates heavily more than two decades after his passing.","robots":{"index":"index","follow":"follow","max-snippet":"max-snippet:-1","max-image-preview":"max-image-preview:large","max-video-preview":"max-video-preview:-1"},"canonical":"https:\/\/wpguerssen-test.odoo.rgbconsulting.com\/es\/producto\/roots-rockers-dub\/","og_locale":"es_ES","og_type":"article","og_title":"PABLO, Augustus - Roots, Rockers & Dub -  (2LP) | Guerssen","og_description":"CELEBRATING 50 YEARS OF ROCKERS A REMASTERED COLLECTION OF RARE\/CLASSIC INSTRUMENTALS AND DUBS FROM THE LEGENDARY ARTIST PRESENTED AS A DOUBLE LP IN A FULL COLOR GATEFOLD JACKETVisionary artist Augustus Pablo is among the most important figures in reggae history. Widely credited with popularizing the use of the melodica in reggae, Pablo was a talented musician and an innovative producer who became an early dub pioneer. Now regarded as classics, his memorable 1970s recordings were part of the remarkable creative surge that vaulted the Jamaican music scene to international prominence. Much of this material was released by Rockers, an independent record label founded by Pablo and named after his popular Kingston sound system. Now, Nature Sounds is proud to present Roots, Rockers, & Dub, a new Augustus Pablo vinyl collection celebrating the 50th anniversary of Rockers. Featuring classic dubs along with rare and out-of-print tracks, the album captures Pablo\u00eds immense contribution to roots reggae by highlighting a wealth of material spanning his entire career, all released on Rockers. Fully remastered and released in partnership with the Pablo family, Roots, Rockers, & Dub is a fitting tribute to an artist whose music still reverberates heavily more than two decades after his passing.","og_url":"https:\/\/wpguerssen-test.odoo.rgbconsulting.com\/es\/producto\/roots-rockers-dub\/","og_site_name":"Guerssen records","article_modified_time":"2024-12-12T11:58:10+00:00","og_image":[{"width":243,"height":243,"url":"https:\/\/wpguerssen-test.odoo.rgbconsulting.com\/wp-content\/uploads\/2024\/01\/46782.jpg","type":"image\/jpeg"}],"twitter_card":"summary_large_image","twitter_title":"PABLO, Augustus - Roots, Rockers & Dub -  (2LP) | Guerssen","twitter_misc":{"Tiempo de lectura":"1 minuto"},"schema":{"@context":"https:\/\/schema.org","@graph":[{"@type":"WebPage","@id":"https:\/\/wpguerssen-test.odoo.rgbconsulting.com\/es\/producto\/roots-rockers-dub\/","url":"https:\/\/wpguerssen-test.odoo.rgbconsulting.com\/es\/producto\/roots-rockers-dub\/","name":"PABLO, Augustus - Roots, Rockers & Dub - (2LP) | Guerssen","isPartOf":{"@id":"https:\/\/wpguerssen-test.odoo.rgbconsulting.com\/es\/#website"},"primaryImageOfPage":{"@id":"https:\/\/wpguerssen-test.odoo.rgbconsulting.com\/es\/producto\/roots-rockers-dub\/#primaryimage"},"image":{"@id":"https:\/\/wpguerssen-test.odoo.rgbconsulting.com\/es\/producto\/roots-rockers-dub\/#primaryimage"},"thumbnailUrl":"https:\/\/wpguerssen-test.odoo.rgbconsulting.com\/wp-content\/uploads\/2024\/01\/46782.jpg","datePublished":"2024-03-24T23:00:00+00:00","dateModified":"2024-12-12T11:58:10+00:00","description":"CELEBRATING 50 YEARS OF ROCKERS A REMASTERED COLLECTION OF RARE\/CLASSIC INSTRUMENTALS AND DUBS FROM THE LEGENDARY ARTIST PRESENTED AS A DOUBLE LP IN A FULL COLOR GATEFOLD JACKETVisionary artist Augustus Pablo is among the most important figures in reggae history. Widely credited with popularizing the use of the melodica in reggae, Pablo was a talented musician and an innovative producer who became an early dub pioneer. Now regarded as classics, his memorable 1970s recordings were part of the remarkable creative surge that vaulted the Jamaican music scene to international prominence. Much of this material was released by Rockers, an independent record label founded by Pablo and named after his popular Kingston sound system. Now, Nature Sounds is proud to present Roots, Rockers, & Dub, a new Augustus Pablo vinyl collection celebrating the 50th anniversary of Rockers. Featuring classic dubs along with rare and out-of-print tracks, the album captures Pablo\u00eds immense contribution to roots reggae by highlighting a wealth of material spanning his entire career, all released on Rockers. Fully remastered and released in partnership with the Pablo family, Roots, Rockers, & Dub is a fitting tribute to an artist whose music still reverberates heavily more than two decades after his passing.","breadcrumb":{"@id":"https:\/\/wpguerssen-test.odoo.rgbconsulting.com\/es\/producto\/roots-rockers-dub\/#breadcrumb"},"inLanguage":"es","potentialAction":[{"@type":"ReadAction","target":["https:\/\/wpguerssen-test.odoo.rgbconsulting.com\/es\/producto\/roots-rockers-dub\/"]}]},{"@type":"ImageObject","inLanguage":"es","@id":"https:\/\/wpguerssen-test.odoo.rgbconsulting.com\/es\/producto\/roots-rockers-dub\/#primaryimage","url":"https:\/\/wpguerssen-test.odoo.rgbconsulting.com\/wp-content\/uploads\/2024\/01\/46782.jpg","contentUrl":"https:\/\/wpguerssen-test.odoo.rgbconsulting.com\/wp-content\/uploads\/2024\/01\/46782.jpg","width":243,"height":243,"caption":"Augustus - Roots"},{"@type":"BreadcrumbList","@id":"https:\/\/wpguerssen-test.odoo.rgbconsulting.com\/es\/producto\/roots-rockers-dub\/#breadcrumb","itemListElement":[{"@type":"ListItem","position":1,"name":"Inicio","item":"https:\/\/wpguerssen-test.odoo.rgbconsulting.com\/es\/"},{"@type":"ListItem","position":2,"name":"Shop","item":"https:\/\/wpguerssen-test.odoo.rgbconsulting.com\/shop\/"},{"@type":"ListItem","position":3,"name":"Roots, Rockers &#038; Dub"}]},{"@type":"WebSite","@id":"https:\/\/wpguerssen-test.odoo.rgbconsulting.com\/es\/#website","url":"https:\/\/wpguerssen-test.odoo.rgbconsulting.com\/es\/","name":"Guerssen records","description":"psychedelia - progressive - folk - garage ","publisher":{"@id":"https:\/\/wpguerssen-test.odoo.rgbconsulting.com\/es\/#organization"},"potentialAction":[{"@type":"SearchAction","target":{"@type":"EntryPoint","urlTemplate":"https:\/\/wpguerssen-test.odoo.rgbconsulting.com\/es\/?s={search_term_string}"},"query-input":{"@type":"PropertyValueSpecification","valueRequired":true,"valueName":"search_term_string"}}],"inLanguage":"es"},{"@type":"Organization","@id":"https:\/\/wpguerssen-test.odoo.rgbconsulting.com\/es\/#organization","name":"Guerssen records","url":"https:\/\/wpguerssen-test.odoo.rgbconsulting.com\/es\/","logo":{"@type":"ImageObject","inLanguage":"es","@id":"https:\/\/wpguerssen-test.odoo.rgbconsulting.com\/es\/#\/schema\/logo\/image\/","url":"https:\/\/wpguerssen-test.odoo.rgbconsulting.com\/wp-content\/uploads\/2022\/04\/Logo_Guerssen_trans_100.png","contentUrl":"https:\/\/wpguerssen-test.odoo.rgbconsulting.com\/wp-content\/uploads\/2022\/04\/Logo_Guerssen_trans_100.png","width":122,"height":100,"caption":"Guerssen records"},"image":{"@id":"https:\/\/wpguerssen-test.odoo.rgbconsulting.com\/es\/#\/schema\/logo\/image\/"}}]}},"_links":{"self":[{"href":"https:\/\/wpguerssen-test.odoo.rgbconsulting.com\/es\/wp-json\/wp\/v2\/product\/250143","targetHints":{"allow":["GET"]}}],"collection":[{"href":"https:\/\/wpguerssen-test.odoo.rgbconsulting.com\/es\/wp-json\/wp\/v2\/product"}],"about":[{"href":"https:\/\/wpguerssen-test.odoo.rgbconsulting.com\/es\/wp-json\/wp\/v2\/types\/product"}],"wp:featuredmedia":[{"embeddable":true,"href":"https:\/\/wpguerssen-test.odoo.rgbconsulting.com\/es\/wp-json\/wp\/v2\/media\/250099"}],"wp:attachment":[{"href":"https:\/\/wpguerssen-test.odoo.rgbconsulting.com\/es\/wp-json\/wp\/v2\/media?parent=250143"}],"wp:term":[{"taxonomy":"product_brand","embeddable":true,"href":"https:\/\/wpguerssen-test.odoo.rgbconsulting.com\/es\/wp-json\/wp\/v2\/product_brand?post=250143"},{"taxonomy":"product_cat","embeddable":true,"href":"https:\/\/wpguerssen-test.odoo.rgbconsulting.com\/es\/wp-json\/wp\/v2\/product_cat?post=250143"},{"taxonomy":"product_tag","embeddable":true,"href":"https:\/\/wpguerssen-test.odoo.rgbconsulting.com\/es\/wp-json\/wp\/v2\/product_tag?post=250143"}],"curies":[{"name":"wp","href":"https:\/\/api.w.org\/{rel}","templated":true}]}}