{"id":250234,"date":"2025-02-11T00:00:00","date_gmt":"2025-02-10T23:00:00","guid":{"rendered":"https:\/\/wpguerssen-test.odoo.rgbconsulting.com\/product\/for-a-fistful-of-westerns-clear-orange\/"},"modified":"2025-03-13T17:19:17","modified_gmt":"2025-03-13T16:19:17","slug":"for-a-fistful-of-westerns-clear-orange","status":"publish","type":"product","link":"https:\/\/wpguerssen-test.odoo.rgbconsulting.com\/es\/producto\/for-a-fistful-of-westerns-clear-orange\/","title":{"rendered":"For A Fistful Of Westerns (Clear Orange)"},"content":{"rendered":"<p>Ennio Morricone es conocido en todo el mundo por el g\u00e9nero western italiano, pero sobre todo por sus famosas bandas sonoras de las obras maestras de Sergio Leone que han entrado en la cultura popular a nivel internacional, y aqu\u00ed representadas por temas ic\u00f3nicos como UN PU\u00d1ADO DE D\u00d3LARES (1964 ), POR UNOS D\u00d3LARES M\u00c1S (1965), \u00c9RASE UNA VEZ EN OESTE (1968), UN PU\u00d1ADO DE DINAMITA (1971) con solistas extraordinarios como el CORO DEI CANTORI MODERNI DI ALESSANDRONI, el silbido de Alessandro Alessandroni, la arm\u00f3nica de Franco De Gemini y la voz de soprano de Edda Dell&#8217;Orso.<\/p>\n","protected":false},"excerpt":{"rendered":"<p>Ennio Morricone es conocido en todo el mundo por el g\u00e9nero western italiano, pero sobre todo por sus famosas bandas sonoras de las obras maestras de Sergio Leone<a class=\"read\" href=\"https:\/\/wpguerssen-test.odoo.rgbconsulting.com\/es\/producto\/for-a-fistful-of-westerns-clear-orange\/\"> (...)<\/a>","protected":false},"featured_media":250190,"template":"","meta":{"_acf_changed":false},"product_brand":[],"product_cat":[21641],"product_tag":[29140,24185],"class_list":{"0":"post-250234","1":"product","2":"type-product","3":"status-publish","4":"has-post-thumbnail","6":"product_cat-soundtracks-es","7":"product_tag-color-vinyl-es","8":"product_tag-de-nuevo-en-existencia","9":"pa_artist-morricone-ennio-es","10":"pa_format-lp-es","11":"pa_gender-soundtracks","12":"pa_label-btf","13":"pa_location-europe-es","14":"pa_other-filters-vinyl-only-es","16":"first","17":"instock","18":"taxable","19":"shipping-taxable","20":"purchasable","21":"product-type-simple"},"acf":[],"yoast_head":"<!-- This site is optimized with the Yoast SEO plugin v24.9 - https:\/\/yoast.com\/wordpress\/plugins\/seo\/ -->\n<title>MORRICONE, Ennio - For A Fistful Of Westerns (Clear Orange) -  (LP) | Guerssen<\/title>\n<meta name=\"description\" content=\"Ennio Morricone is known throughout the world for the Italian Western genre, but most of all for his famous soundtracks for Sergio Leone&#039;s masterpieces which have entered into popular culture on an international level, and here represented by iconic themes such as A FISTFUL OF DOLLARS (1964), FOR A FEW DOLLARS MORE (1965), ONCE UPON A TIME IN THE WEST (1968), A FISTFUL OF DYNAMITE (1971) with extraordinary soloists such as the CORO DEI CANTORI MODERNI DI ALESSANDRONI, the whistle of Alessandro Alessandroni, the harmonica of Franco De Gemini, and Edda Dell&#039;Orso&#039;s soprano voice.For the Westerns starring the legendary Giuliano Gemma - A PISTOL FOR RINGO and THE RETURN OF RINGO - both directed by Duccio Tessari, he wrote the songs &quot;Angel Face&quot; (with lyrics by Gino Paoli) and &quot;The Return of Ringo&quot; respectively performed by Maurizio Graf with pop music arrangements that were popular at the time. With PISTOLS DON&#039;T ARGUE (1964) Morricone experiments with a still undefined pre-Leone sound, DEATH RIDES A HORSE (1967) presents a main theme for guitars ostinatos, exotic flutes and choir. For LIFE IS TOUGH, EH PROVIDENCE? Ennio Morricone creates a theme that mixes religious elements for a female choir with modern arrangements. And A FIST GOES WEST (1981) a late Western in which the composer himself interprets the Indian&#039;s screams. CLAUDIO FUIANO\" \/>\n<meta name=\"robots\" content=\"index, follow, max-snippet:-1, max-image-preview:large, max-video-preview:-1\" \/>\n<link rel=\"canonical\" href=\"https:\/\/wpguerssen-test.odoo.rgbconsulting.com\/es\/producto\/for-a-fistful-of-westerns-clear-orange\/\" \/>\n<meta property=\"og:locale\" content=\"es_ES\" \/>\n<meta property=\"og:type\" content=\"article\" \/>\n<meta property=\"og:title\" content=\"MORRICONE, Ennio - For A Fistful Of Westerns (Clear Orange) -  (LP) | Guerssen\" \/>\n<meta property=\"og:description\" content=\"Ennio Morricone is known throughout the world for the Italian Western genre, but most of all for his famous soundtracks for Sergio Leone&#039;s masterpieces which have entered into popular culture on an international level, and here represented by iconic themes such as A FISTFUL OF DOLLARS (1964), FOR A FEW DOLLARS MORE (1965), ONCE UPON A TIME IN THE WEST (1968), A FISTFUL OF DYNAMITE (1971) with extraordinary soloists such as the CORO DEI CANTORI MODERNI DI ALESSANDRONI, the whistle of Alessandro Alessandroni, the harmonica of Franco De Gemini, and Edda Dell&#039;Orso&#039;s soprano voice.For the Westerns starring the legendary Giuliano Gemma - A PISTOL FOR RINGO and THE RETURN OF RINGO - both directed by Duccio Tessari, he wrote the songs &quot;Angel Face&quot; (with lyrics by Gino Paoli) and &quot;The Return of Ringo&quot; respectively performed by Maurizio Graf with pop music arrangements that were popular at the time. With PISTOLS DON&#039;T ARGUE (1964) Morricone experiments with a still undefined pre-Leone sound, DEATH RIDES A HORSE (1967) presents a main theme for guitars ostinatos, exotic flutes and choir. For LIFE IS TOUGH, EH PROVIDENCE? Ennio Morricone creates a theme that mixes religious elements for a female choir with modern arrangements. And A FIST GOES WEST (1981) a late Western in which the composer himself interprets the Indian&#039;s screams. CLAUDIO FUIANO\" \/>\n<meta property=\"og:url\" content=\"https:\/\/wpguerssen-test.odoo.rgbconsulting.com\/es\/producto\/for-a-fistful-of-westerns-clear-orange\/\" \/>\n<meta property=\"og:site_name\" content=\"Guerssen records\" \/>\n<meta property=\"article:modified_time\" content=\"2025-03-13T16:19:17+00:00\" \/>\n<meta property=\"og:image\" content=\"https:\/\/wpguerssen-test.odoo.rgbconsulting.com\/wp-content\/uploads\/2024\/01\/46794.jpg\" \/>\n\t<meta property=\"og:image:width\" content=\"353\" \/>\n\t<meta property=\"og:image:height\" content=\"353\" \/>\n\t<meta property=\"og:image:type\" content=\"image\/jpeg\" \/>\n<meta name=\"twitter:card\" content=\"summary_large_image\" \/>\n<meta name=\"twitter:title\" content=\"MORRICONE, Ennio - For A Fistful Of Westerns (Clear Orange) -  (LP) | Guerssen\" \/>\n<meta name=\"twitter:label1\" content=\"Tiempo de lectura\" \/>\n\t<meta name=\"twitter:data1\" content=\"1 minuto\" \/>\n<script type=\"application\/ld+json\" class=\"yoast-schema-graph\">{\"@context\":\"https:\/\/schema.org\",\"@graph\":[{\"@type\":\"WebPage\",\"@id\":\"https:\/\/wpguerssen-test.odoo.rgbconsulting.com\/es\/producto\/for-a-fistful-of-westerns-clear-orange\/\",\"url\":\"https:\/\/wpguerssen-test.odoo.rgbconsulting.com\/es\/producto\/for-a-fistful-of-westerns-clear-orange\/\",\"name\":\"MORRICONE, Ennio - For A Fistful Of Westerns (Clear Orange) - (LP) | Guerssen\",\"isPartOf\":{\"@id\":\"https:\/\/wpguerssen-test.odoo.rgbconsulting.com\/es\/#website\"},\"primaryImageOfPage\":{\"@id\":\"https:\/\/wpguerssen-test.odoo.rgbconsulting.com\/es\/producto\/for-a-fistful-of-westerns-clear-orange\/#primaryimage\"},\"image\":{\"@id\":\"https:\/\/wpguerssen-test.odoo.rgbconsulting.com\/es\/producto\/for-a-fistful-of-westerns-clear-orange\/#primaryimage\"},\"thumbnailUrl\":\"https:\/\/wpguerssen-test.odoo.rgbconsulting.com\/wp-content\/uploads\/2024\/01\/46794.jpg\",\"datePublished\":\"2025-02-10T23:00:00+00:00\",\"dateModified\":\"2025-03-13T16:19:17+00:00\",\"description\":\"Ennio Morricone is known throughout the world for the Italian Western genre, but most of all for his famous soundtracks for Sergio Leone's masterpieces which have entered into popular culture on an international level, and here represented by iconic themes such as A FISTFUL OF DOLLARS (1964), FOR A FEW DOLLARS MORE (1965), ONCE UPON A TIME IN THE WEST (1968), A FISTFUL OF DYNAMITE (1971) with extraordinary soloists such as the CORO DEI CANTORI MODERNI DI ALESSANDRONI, the whistle of Alessandro Alessandroni, the harmonica of Franco De Gemini, and Edda Dell'Orso's soprano voice.For the Westerns starring the legendary Giuliano Gemma - A PISTOL FOR RINGO and THE RETURN OF RINGO - both directed by Duccio Tessari, he wrote the songs \\\"Angel Face\\\" (with lyrics by Gino Paoli) and \\\"The Return of Ringo\\\" respectively performed by Maurizio Graf with pop music arrangements that were popular at the time. With PISTOLS DON'T ARGUE (1964) Morricone experiments with a still undefined pre-Leone sound, DEATH RIDES A HORSE (1967) presents a main theme for guitars ostinatos, exotic flutes and choir. For LIFE IS TOUGH, EH PROVIDENCE? Ennio Morricone creates a theme that mixes religious elements for a female choir with modern arrangements. And A FIST GOES WEST (1981) a late Western in which the composer himself interprets the Indian's screams. CLAUDIO FUIANO\",\"breadcrumb\":{\"@id\":\"https:\/\/wpguerssen-test.odoo.rgbconsulting.com\/es\/producto\/for-a-fistful-of-westerns-clear-orange\/#breadcrumb\"},\"inLanguage\":\"es\",\"potentialAction\":[{\"@type\":\"ReadAction\",\"target\":[\"https:\/\/wpguerssen-test.odoo.rgbconsulting.com\/es\/producto\/for-a-fistful-of-westerns-clear-orange\/\"]}]},{\"@type\":\"ImageObject\",\"inLanguage\":\"es\",\"@id\":\"https:\/\/wpguerssen-test.odoo.rgbconsulting.com\/es\/producto\/for-a-fistful-of-westerns-clear-orange\/#primaryimage\",\"url\":\"https:\/\/wpguerssen-test.odoo.rgbconsulting.com\/wp-content\/uploads\/2024\/01\/46794.jpg\",\"contentUrl\":\"https:\/\/wpguerssen-test.odoo.rgbconsulting.com\/wp-content\/uploads\/2024\/01\/46794.jpg\",\"width\":353,\"height\":353,\"caption\":\"Ennio - For A Fistful Of Westerns (Clear Orange) - BTF (LP) | Guerssen\"},{\"@type\":\"BreadcrumbList\",\"@id\":\"https:\/\/wpguerssen-test.odoo.rgbconsulting.com\/es\/producto\/for-a-fistful-of-westerns-clear-orange\/#breadcrumb\",\"itemListElement\":[{\"@type\":\"ListItem\",\"position\":1,\"name\":\"Inicio\",\"item\":\"https:\/\/wpguerssen-test.odoo.rgbconsulting.com\/es\/\"},{\"@type\":\"ListItem\",\"position\":2,\"name\":\"Shop\",\"item\":\"https:\/\/wpguerssen-test.odoo.rgbconsulting.com\/shop\/\"},{\"@type\":\"ListItem\",\"position\":3,\"name\":\"For A Fistful Of Westerns (Clear Orange)\"}]},{\"@type\":\"WebSite\",\"@id\":\"https:\/\/wpguerssen-test.odoo.rgbconsulting.com\/es\/#website\",\"url\":\"https:\/\/wpguerssen-test.odoo.rgbconsulting.com\/es\/\",\"name\":\"Guerssen records\",\"description\":\"psychedelia - progressive - folk - garage \",\"publisher\":{\"@id\":\"https:\/\/wpguerssen-test.odoo.rgbconsulting.com\/es\/#organization\"},\"potentialAction\":[{\"@type\":\"SearchAction\",\"target\":{\"@type\":\"EntryPoint\",\"urlTemplate\":\"https:\/\/wpguerssen-test.odoo.rgbconsulting.com\/es\/?s={search_term_string}\"},\"query-input\":{\"@type\":\"PropertyValueSpecification\",\"valueRequired\":true,\"valueName\":\"search_term_string\"}}],\"inLanguage\":\"es\"},{\"@type\":\"Organization\",\"@id\":\"https:\/\/wpguerssen-test.odoo.rgbconsulting.com\/es\/#organization\",\"name\":\"Guerssen records\",\"url\":\"https:\/\/wpguerssen-test.odoo.rgbconsulting.com\/es\/\",\"logo\":{\"@type\":\"ImageObject\",\"inLanguage\":\"es\",\"@id\":\"https:\/\/wpguerssen-test.odoo.rgbconsulting.com\/es\/#\/schema\/logo\/image\/\",\"url\":\"https:\/\/wpguerssen-test.odoo.rgbconsulting.com\/wp-content\/uploads\/2022\/04\/Logo_Guerssen_trans_100.png\",\"contentUrl\":\"https:\/\/wpguerssen-test.odoo.rgbconsulting.com\/wp-content\/uploads\/2022\/04\/Logo_Guerssen_trans_100.png\",\"width\":122,\"height\":100,\"caption\":\"Guerssen records\"},\"image\":{\"@id\":\"https:\/\/wpguerssen-test.odoo.rgbconsulting.com\/es\/#\/schema\/logo\/image\/\"}}]}<\/script>\n<!-- \/ Yoast SEO plugin. -->","yoast_head_json":{"title":"MORRICONE, Ennio - For A Fistful Of Westerns (Clear Orange) -  (LP) | Guerssen","description":"Ennio Morricone is known throughout the world for the Italian Western genre, but most of all for his famous soundtracks for Sergio Leone's masterpieces which have entered into popular culture on an international level, and here represented by iconic themes such as A FISTFUL OF DOLLARS (1964), FOR A FEW DOLLARS MORE (1965), ONCE UPON A TIME IN THE WEST (1968), A FISTFUL OF DYNAMITE (1971) with extraordinary soloists such as the CORO DEI CANTORI MODERNI DI ALESSANDRONI, the whistle of Alessandro Alessandroni, the harmonica of Franco De Gemini, and Edda Dell'Orso's soprano voice.For the Westerns starring the legendary Giuliano Gemma - A PISTOL FOR RINGO and THE RETURN OF RINGO - both directed by Duccio Tessari, he wrote the songs \"Angel Face\" (with lyrics by Gino Paoli) and \"The Return of Ringo\" respectively performed by Maurizio Graf with pop music arrangements that were popular at the time. With PISTOLS DON'T ARGUE (1964) Morricone experiments with a still undefined pre-Leone sound, DEATH RIDES A HORSE (1967) presents a main theme for guitars ostinatos, exotic flutes and choir. For LIFE IS TOUGH, EH PROVIDENCE? Ennio Morricone creates a theme that mixes religious elements for a female choir with modern arrangements. And A FIST GOES WEST (1981) a late Western in which the composer himself interprets the Indian's screams. CLAUDIO FUIANO","robots":{"index":"index","follow":"follow","max-snippet":"max-snippet:-1","max-image-preview":"max-image-preview:large","max-video-preview":"max-video-preview:-1"},"canonical":"https:\/\/wpguerssen-test.odoo.rgbconsulting.com\/es\/producto\/for-a-fistful-of-westerns-clear-orange\/","og_locale":"es_ES","og_type":"article","og_title":"MORRICONE, Ennio - For A Fistful Of Westerns (Clear Orange) -  (LP) | Guerssen","og_description":"Ennio Morricone is known throughout the world for the Italian Western genre, but most of all for his famous soundtracks for Sergio Leone's masterpieces which have entered into popular culture on an international level, and here represented by iconic themes such as A FISTFUL OF DOLLARS (1964), FOR A FEW DOLLARS MORE (1965), ONCE UPON A TIME IN THE WEST (1968), A FISTFUL OF DYNAMITE (1971) with extraordinary soloists such as the CORO DEI CANTORI MODERNI DI ALESSANDRONI, the whistle of Alessandro Alessandroni, the harmonica of Franco De Gemini, and Edda Dell'Orso's soprano voice.For the Westerns starring the legendary Giuliano Gemma - A PISTOL FOR RINGO and THE RETURN OF RINGO - both directed by Duccio Tessari, he wrote the songs \"Angel Face\" (with lyrics by Gino Paoli) and \"The Return of Ringo\" respectively performed by Maurizio Graf with pop music arrangements that were popular at the time. With PISTOLS DON'T ARGUE (1964) Morricone experiments with a still undefined pre-Leone sound, DEATH RIDES A HORSE (1967) presents a main theme for guitars ostinatos, exotic flutes and choir. For LIFE IS TOUGH, EH PROVIDENCE? Ennio Morricone creates a theme that mixes religious elements for a female choir with modern arrangements. And A FIST GOES WEST (1981) a late Western in which the composer himself interprets the Indian's screams. CLAUDIO FUIANO","og_url":"https:\/\/wpguerssen-test.odoo.rgbconsulting.com\/es\/producto\/for-a-fistful-of-westerns-clear-orange\/","og_site_name":"Guerssen records","article_modified_time":"2025-03-13T16:19:17+00:00","og_image":[{"width":353,"height":353,"url":"https:\/\/wpguerssen-test.odoo.rgbconsulting.com\/wp-content\/uploads\/2024\/01\/46794.jpg","type":"image\/jpeg"}],"twitter_card":"summary_large_image","twitter_title":"MORRICONE, Ennio - For A Fistful Of Westerns (Clear Orange) -  (LP) | Guerssen","twitter_misc":{"Tiempo de lectura":"1 minuto"},"schema":{"@context":"https:\/\/schema.org","@graph":[{"@type":"WebPage","@id":"https:\/\/wpguerssen-test.odoo.rgbconsulting.com\/es\/producto\/for-a-fistful-of-westerns-clear-orange\/","url":"https:\/\/wpguerssen-test.odoo.rgbconsulting.com\/es\/producto\/for-a-fistful-of-westerns-clear-orange\/","name":"MORRICONE, Ennio - For A Fistful Of Westerns (Clear Orange) - (LP) | Guerssen","isPartOf":{"@id":"https:\/\/wpguerssen-test.odoo.rgbconsulting.com\/es\/#website"},"primaryImageOfPage":{"@id":"https:\/\/wpguerssen-test.odoo.rgbconsulting.com\/es\/producto\/for-a-fistful-of-westerns-clear-orange\/#primaryimage"},"image":{"@id":"https:\/\/wpguerssen-test.odoo.rgbconsulting.com\/es\/producto\/for-a-fistful-of-westerns-clear-orange\/#primaryimage"},"thumbnailUrl":"https:\/\/wpguerssen-test.odoo.rgbconsulting.com\/wp-content\/uploads\/2024\/01\/46794.jpg","datePublished":"2025-02-10T23:00:00+00:00","dateModified":"2025-03-13T16:19:17+00:00","description":"Ennio Morricone is known throughout the world for the Italian Western genre, but most of all for his famous soundtracks for Sergio Leone's masterpieces which have entered into popular culture on an international level, and here represented by iconic themes such as A FISTFUL OF DOLLARS (1964), FOR A FEW DOLLARS MORE (1965), ONCE UPON A TIME IN THE WEST (1968), A FISTFUL OF DYNAMITE (1971) with extraordinary soloists such as the CORO DEI CANTORI MODERNI DI ALESSANDRONI, the whistle of Alessandro Alessandroni, the harmonica of Franco De Gemini, and Edda Dell'Orso's soprano voice.For the Westerns starring the legendary Giuliano Gemma - A PISTOL FOR RINGO and THE RETURN OF RINGO - both directed by Duccio Tessari, he wrote the songs \"Angel Face\" (with lyrics by Gino Paoli) and \"The Return of Ringo\" respectively performed by Maurizio Graf with pop music arrangements that were popular at the time. With PISTOLS DON'T ARGUE (1964) Morricone experiments with a still undefined pre-Leone sound, DEATH RIDES A HORSE (1967) presents a main theme for guitars ostinatos, exotic flutes and choir. For LIFE IS TOUGH, EH PROVIDENCE? Ennio Morricone creates a theme that mixes religious elements for a female choir with modern arrangements. And A FIST GOES WEST (1981) a late Western in which the composer himself interprets the Indian's screams. CLAUDIO FUIANO","breadcrumb":{"@id":"https:\/\/wpguerssen-test.odoo.rgbconsulting.com\/es\/producto\/for-a-fistful-of-westerns-clear-orange\/#breadcrumb"},"inLanguage":"es","potentialAction":[{"@type":"ReadAction","target":["https:\/\/wpguerssen-test.odoo.rgbconsulting.com\/es\/producto\/for-a-fistful-of-westerns-clear-orange\/"]}]},{"@type":"ImageObject","inLanguage":"es","@id":"https:\/\/wpguerssen-test.odoo.rgbconsulting.com\/es\/producto\/for-a-fistful-of-westerns-clear-orange\/#primaryimage","url":"https:\/\/wpguerssen-test.odoo.rgbconsulting.com\/wp-content\/uploads\/2024\/01\/46794.jpg","contentUrl":"https:\/\/wpguerssen-test.odoo.rgbconsulting.com\/wp-content\/uploads\/2024\/01\/46794.jpg","width":353,"height":353,"caption":"Ennio - For A Fistful Of Westerns (Clear Orange) - BTF (LP) | Guerssen"},{"@type":"BreadcrumbList","@id":"https:\/\/wpguerssen-test.odoo.rgbconsulting.com\/es\/producto\/for-a-fistful-of-westerns-clear-orange\/#breadcrumb","itemListElement":[{"@type":"ListItem","position":1,"name":"Inicio","item":"https:\/\/wpguerssen-test.odoo.rgbconsulting.com\/es\/"},{"@type":"ListItem","position":2,"name":"Shop","item":"https:\/\/wpguerssen-test.odoo.rgbconsulting.com\/shop\/"},{"@type":"ListItem","position":3,"name":"For A Fistful Of Westerns (Clear Orange)"}]},{"@type":"WebSite","@id":"https:\/\/wpguerssen-test.odoo.rgbconsulting.com\/es\/#website","url":"https:\/\/wpguerssen-test.odoo.rgbconsulting.com\/es\/","name":"Guerssen records","description":"psychedelia - progressive - folk - garage ","publisher":{"@id":"https:\/\/wpguerssen-test.odoo.rgbconsulting.com\/es\/#organization"},"potentialAction":[{"@type":"SearchAction","target":{"@type":"EntryPoint","urlTemplate":"https:\/\/wpguerssen-test.odoo.rgbconsulting.com\/es\/?s={search_term_string}"},"query-input":{"@type":"PropertyValueSpecification","valueRequired":true,"valueName":"search_term_string"}}],"inLanguage":"es"},{"@type":"Organization","@id":"https:\/\/wpguerssen-test.odoo.rgbconsulting.com\/es\/#organization","name":"Guerssen records","url":"https:\/\/wpguerssen-test.odoo.rgbconsulting.com\/es\/","logo":{"@type":"ImageObject","inLanguage":"es","@id":"https:\/\/wpguerssen-test.odoo.rgbconsulting.com\/es\/#\/schema\/logo\/image\/","url":"https:\/\/wpguerssen-test.odoo.rgbconsulting.com\/wp-content\/uploads\/2022\/04\/Logo_Guerssen_trans_100.png","contentUrl":"https:\/\/wpguerssen-test.odoo.rgbconsulting.com\/wp-content\/uploads\/2022\/04\/Logo_Guerssen_trans_100.png","width":122,"height":100,"caption":"Guerssen records"},"image":{"@id":"https:\/\/wpguerssen-test.odoo.rgbconsulting.com\/es\/#\/schema\/logo\/image\/"}}]}},"_links":{"self":[{"href":"https:\/\/wpguerssen-test.odoo.rgbconsulting.com\/es\/wp-json\/wp\/v2\/product\/250234","targetHints":{"allow":["GET"]}}],"collection":[{"href":"https:\/\/wpguerssen-test.odoo.rgbconsulting.com\/es\/wp-json\/wp\/v2\/product"}],"about":[{"href":"https:\/\/wpguerssen-test.odoo.rgbconsulting.com\/es\/wp-json\/wp\/v2\/types\/product"}],"wp:featuredmedia":[{"embeddable":true,"href":"https:\/\/wpguerssen-test.odoo.rgbconsulting.com\/es\/wp-json\/wp\/v2\/media\/250190"}],"wp:attachment":[{"href":"https:\/\/wpguerssen-test.odoo.rgbconsulting.com\/es\/wp-json\/wp\/v2\/media?parent=250234"}],"wp:term":[{"taxonomy":"product_brand","embeddable":true,"href":"https:\/\/wpguerssen-test.odoo.rgbconsulting.com\/es\/wp-json\/wp\/v2\/product_brand?post=250234"},{"taxonomy":"product_cat","embeddable":true,"href":"https:\/\/wpguerssen-test.odoo.rgbconsulting.com\/es\/wp-json\/wp\/v2\/product_cat?post=250234"},{"taxonomy":"product_tag","embeddable":true,"href":"https:\/\/wpguerssen-test.odoo.rgbconsulting.com\/es\/wp-json\/wp\/v2\/product_tag?post=250234"}],"curies":[{"name":"wp","href":"https:\/\/api.w.org\/{rel}","templated":true}]}}