{"id":250240,"date":"2025-04-11T00:00:00","date_gmt":"2025-04-10T22:00:00","guid":{"rendered":"https:\/\/wpguerssen-test.odoo.rgbconsulting.com\/product\/heavyweight-dub-champion\/"},"modified":"2025-04-15T13:54:54","modified_gmt":"2025-04-15T11:54:54","slug":"heavyweight-dub-champion","status":"publish","type":"product","link":"https:\/\/wpguerssen-test.odoo.rgbconsulting.com\/es\/producto\/heavyweight-dub-champion\/","title":{"rendered":"Heavyweight Dub Champion"},"content":{"rendered":"<p>REPRESS. SCIENTIST ten\u00eda s\u00f3lo 20 a\u00f1os cuando, trabajando con su colega productor \u00abJunjo\u00bb Lawes, se le ocurri\u00f3 esta maravilla de 1980, una fiesta sinuosa con efectos especiales parecidos a los de los dibujos animados (muchos bongs y boings como cacerolas golpe\u00e1ndose entre s\u00ed, pitidos y chillidos que suenan como un juego de Pac-Man). Todos los t\u00edtulos de las \u00abcanciones\u00bb son referencias al boxeo (un motivo que Scientist obviamente estaba explotando al m\u00e1ximo), y todos son grandes fragmentos individuales de sonido dub que se cohesionan en un todo significativo. \u00abEste es un sonido juvenil que viene a aplastarte\u00bb.<\/p>\n","protected":false},"excerpt":{"rendered":"<p>REPRESS. SCIENTIST ten\u00eda s\u00f3lo 20 a\u00f1os cuando, trabajando con su colega productor \u00abJunjo\u00bb Lawes, se le ocurri\u00f3 esta maravilla de 1980, una fiesta sinuosa con<a class=\"read\" href=\"https:\/\/wpguerssen-test.odoo.rgbconsulting.com\/es\/producto\/heavyweight-dub-champion\/\"> (...)<\/a>","protected":false},"featured_media":250208,"template":"","meta":{"_acf_changed":false},"product_brand":[],"product_cat":[21666],"product_tag":[24185],"class_list":{"0":"post-250240","1":"product","2":"type-product","3":"status-publish","4":"has-post-thumbnail","6":"product_cat-reggae-ska-dub-es","7":"product_tag-de-nuevo-en-existencia","8":"pa_artist-scientist","9":"pa_format-lp-es","10":"pa_gender-reggae-ska-dub","11":"pa_label-dub-mirumir","12":"pa_location-south-america-caribbean-es","13":"pa_other-filters-vinyl-only-es","15":"first","16":"instock","17":"taxable","18":"shipping-taxable","19":"purchasable","20":"product-type-simple"},"acf":[],"yoast_head":"<!-- This site is optimized with the Yoast SEO plugin v24.9 - https:\/\/yoast.com\/wordpress\/plugins\/seo\/ -->\n<title>SCIENTIST - Heavyweight Dub Champion -  (LP) | Guerssen<\/title>\n<meta name=\"description\" content=\"REPRESS. Scientist was only 20 years old when, working with fellow producer &quot;Junjo&quot; Lawes, he came up with this 1980 stunner, a sinuous groove party with cartoonlike special effects (a lot of bongs and boings like pans hitting one another, blips and squeals that sound like a Pac-Man game). All the &quot;song&quot; titles are references to boxing (a motif that Scientist was obviously mining for all it was worth), and all are great individual bits of dub sound that cohere into a meaningful whole. As it says on the jacket, &quot;This ya a youthful sound fe come mash y&#039;down.&quot;\" \/>\n<meta name=\"robots\" content=\"index, follow, max-snippet:-1, max-image-preview:large, max-video-preview:-1\" \/>\n<link rel=\"canonical\" href=\"https:\/\/wpguerssen-test.odoo.rgbconsulting.com\/es\/producto\/heavyweight-dub-champion\/\" \/>\n<meta property=\"og:locale\" content=\"es_ES\" \/>\n<meta property=\"og:type\" content=\"article\" \/>\n<meta property=\"og:title\" content=\"SCIENTIST - Heavyweight Dub Champion -  (LP) | Guerssen\" \/>\n<meta property=\"og:description\" content=\"REPRESS. Scientist was only 20 years old when, working with fellow producer &quot;Junjo&quot; Lawes, he came up with this 1980 stunner, a sinuous groove party with cartoonlike special effects (a lot of bongs and boings like pans hitting one another, blips and squeals that sound like a Pac-Man game). All the &quot;song&quot; titles are references to boxing (a motif that Scientist was obviously mining for all it was worth), and all are great individual bits of dub sound that cohere into a meaningful whole. As it says on the jacket, &quot;This ya a youthful sound fe come mash y&#039;down.&quot;\" \/>\n<meta property=\"og:url\" content=\"https:\/\/wpguerssen-test.odoo.rgbconsulting.com\/es\/producto\/heavyweight-dub-champion\/\" \/>\n<meta property=\"og:site_name\" content=\"Guerssen records\" \/>\n<meta property=\"article:modified_time\" content=\"2025-04-15T11:54:54+00:00\" \/>\n<meta property=\"og:image\" content=\"https:\/\/wpguerssen-test.odoo.rgbconsulting.com\/wp-content\/uploads\/2024\/01\/46800.jpg\" \/>\n\t<meta property=\"og:image:width\" content=\"595\" \/>\n\t<meta property=\"og:image:height\" content=\"584\" \/>\n\t<meta property=\"og:image:type\" content=\"image\/jpeg\" \/>\n<meta name=\"twitter:card\" content=\"summary_large_image\" \/>\n<meta name=\"twitter:title\" content=\"SCIENTIST - Heavyweight Dub Champion -  (LP) | Guerssen\" \/>\n<meta name=\"twitter:label1\" content=\"Tiempo de lectura\" \/>\n\t<meta name=\"twitter:data1\" content=\"1 minuto\" \/>\n<script type=\"application\/ld+json\" class=\"yoast-schema-graph\">{\"@context\":\"https:\/\/schema.org\",\"@graph\":[{\"@type\":\"WebPage\",\"@id\":\"https:\/\/wpguerssen-test.odoo.rgbconsulting.com\/es\/producto\/heavyweight-dub-champion\/\",\"url\":\"https:\/\/wpguerssen-test.odoo.rgbconsulting.com\/es\/producto\/heavyweight-dub-champion\/\",\"name\":\"SCIENTIST - Heavyweight Dub Champion - (LP) | Guerssen\",\"isPartOf\":{\"@id\":\"https:\/\/wpguerssen-test.odoo.rgbconsulting.com\/es\/#website\"},\"primaryImageOfPage\":{\"@id\":\"https:\/\/wpguerssen-test.odoo.rgbconsulting.com\/es\/producto\/heavyweight-dub-champion\/#primaryimage\"},\"image\":{\"@id\":\"https:\/\/wpguerssen-test.odoo.rgbconsulting.com\/es\/producto\/heavyweight-dub-champion\/#primaryimage\"},\"thumbnailUrl\":\"https:\/\/wpguerssen-test.odoo.rgbconsulting.com\/wp-content\/uploads\/2024\/01\/46800.jpg\",\"datePublished\":\"2025-04-10T22:00:00+00:00\",\"dateModified\":\"2025-04-15T11:54:54+00:00\",\"description\":\"REPRESS. Scientist was only 20 years old when, working with fellow producer \\\"Junjo\\\" Lawes, he came up with this 1980 stunner, a sinuous groove party with cartoonlike special effects (a lot of bongs and boings like pans hitting one another, blips and squeals that sound like a Pac-Man game). All the \\\"song\\\" titles are references to boxing (a motif that Scientist was obviously mining for all it was worth), and all are great individual bits of dub sound that cohere into a meaningful whole. As it says on the jacket, \\\"This ya a youthful sound fe come mash y'down.\\\"\",\"breadcrumb\":{\"@id\":\"https:\/\/wpguerssen-test.odoo.rgbconsulting.com\/es\/producto\/heavyweight-dub-champion\/#breadcrumb\"},\"inLanguage\":\"es\",\"potentialAction\":[{\"@type\":\"ReadAction\",\"target\":[\"https:\/\/wpguerssen-test.odoo.rgbconsulting.com\/es\/producto\/heavyweight-dub-champion\/\"]}]},{\"@type\":\"ImageObject\",\"inLanguage\":\"es\",\"@id\":\"https:\/\/wpguerssen-test.odoo.rgbconsulting.com\/es\/producto\/heavyweight-dub-champion\/#primaryimage\",\"url\":\"https:\/\/wpguerssen-test.odoo.rgbconsulting.com\/wp-content\/uploads\/2024\/01\/46800.jpg\",\"contentUrl\":\"https:\/\/wpguerssen-test.odoo.rgbconsulting.com\/wp-content\/uploads\/2024\/01\/46800.jpg\",\"width\":595,\"height\":584},{\"@type\":\"BreadcrumbList\",\"@id\":\"https:\/\/wpguerssen-test.odoo.rgbconsulting.com\/es\/producto\/heavyweight-dub-champion\/#breadcrumb\",\"itemListElement\":[{\"@type\":\"ListItem\",\"position\":1,\"name\":\"Inicio\",\"item\":\"https:\/\/wpguerssen-test.odoo.rgbconsulting.com\/es\/\"},{\"@type\":\"ListItem\",\"position\":2,\"name\":\"Shop\",\"item\":\"https:\/\/wpguerssen-test.odoo.rgbconsulting.com\/shop\/\"},{\"@type\":\"ListItem\",\"position\":3,\"name\":\"Heavyweight Dub Champion\"}]},{\"@type\":\"WebSite\",\"@id\":\"https:\/\/wpguerssen-test.odoo.rgbconsulting.com\/es\/#website\",\"url\":\"https:\/\/wpguerssen-test.odoo.rgbconsulting.com\/es\/\",\"name\":\"Guerssen records\",\"description\":\"psychedelia - progressive - folk - garage \",\"publisher\":{\"@id\":\"https:\/\/wpguerssen-test.odoo.rgbconsulting.com\/es\/#organization\"},\"potentialAction\":[{\"@type\":\"SearchAction\",\"target\":{\"@type\":\"EntryPoint\",\"urlTemplate\":\"https:\/\/wpguerssen-test.odoo.rgbconsulting.com\/es\/?s={search_term_string}\"},\"query-input\":{\"@type\":\"PropertyValueSpecification\",\"valueRequired\":true,\"valueName\":\"search_term_string\"}}],\"inLanguage\":\"es\"},{\"@type\":\"Organization\",\"@id\":\"https:\/\/wpguerssen-test.odoo.rgbconsulting.com\/es\/#organization\",\"name\":\"Guerssen records\",\"url\":\"https:\/\/wpguerssen-test.odoo.rgbconsulting.com\/es\/\",\"logo\":{\"@type\":\"ImageObject\",\"inLanguage\":\"es\",\"@id\":\"https:\/\/wpguerssen-test.odoo.rgbconsulting.com\/es\/#\/schema\/logo\/image\/\",\"url\":\"https:\/\/wpguerssen-test.odoo.rgbconsulting.com\/wp-content\/uploads\/2022\/04\/Logo_Guerssen_trans_100.png\",\"contentUrl\":\"https:\/\/wpguerssen-test.odoo.rgbconsulting.com\/wp-content\/uploads\/2022\/04\/Logo_Guerssen_trans_100.png\",\"width\":122,\"height\":100,\"caption\":\"Guerssen records\"},\"image\":{\"@id\":\"https:\/\/wpguerssen-test.odoo.rgbconsulting.com\/es\/#\/schema\/logo\/image\/\"}}]}<\/script>\n<!-- \/ Yoast SEO plugin. -->","yoast_head_json":{"title":"SCIENTIST - Heavyweight Dub Champion -  (LP) | Guerssen","description":"REPRESS. Scientist was only 20 years old when, working with fellow producer \"Junjo\" Lawes, he came up with this 1980 stunner, a sinuous groove party with cartoonlike special effects (a lot of bongs and boings like pans hitting one another, blips and squeals that sound like a Pac-Man game). All the \"song\" titles are references to boxing (a motif that Scientist was obviously mining for all it was worth), and all are great individual bits of dub sound that cohere into a meaningful whole. As it says on the jacket, \"This ya a youthful sound fe come mash y'down.\"","robots":{"index":"index","follow":"follow","max-snippet":"max-snippet:-1","max-image-preview":"max-image-preview:large","max-video-preview":"max-video-preview:-1"},"canonical":"https:\/\/wpguerssen-test.odoo.rgbconsulting.com\/es\/producto\/heavyweight-dub-champion\/","og_locale":"es_ES","og_type":"article","og_title":"SCIENTIST - Heavyweight Dub Champion -  (LP) | Guerssen","og_description":"REPRESS. Scientist was only 20 years old when, working with fellow producer \"Junjo\" Lawes, he came up with this 1980 stunner, a sinuous groove party with cartoonlike special effects (a lot of bongs and boings like pans hitting one another, blips and squeals that sound like a Pac-Man game). All the \"song\" titles are references to boxing (a motif that Scientist was obviously mining for all it was worth), and all are great individual bits of dub sound that cohere into a meaningful whole. As it says on the jacket, \"This ya a youthful sound fe come mash y'down.\"","og_url":"https:\/\/wpguerssen-test.odoo.rgbconsulting.com\/es\/producto\/heavyweight-dub-champion\/","og_site_name":"Guerssen records","article_modified_time":"2025-04-15T11:54:54+00:00","og_image":[{"width":595,"height":584,"url":"https:\/\/wpguerssen-test.odoo.rgbconsulting.com\/wp-content\/uploads\/2024\/01\/46800.jpg","type":"image\/jpeg"}],"twitter_card":"summary_large_image","twitter_title":"SCIENTIST - Heavyweight Dub Champion -  (LP) | Guerssen","twitter_misc":{"Tiempo de lectura":"1 minuto"},"schema":{"@context":"https:\/\/schema.org","@graph":[{"@type":"WebPage","@id":"https:\/\/wpguerssen-test.odoo.rgbconsulting.com\/es\/producto\/heavyweight-dub-champion\/","url":"https:\/\/wpguerssen-test.odoo.rgbconsulting.com\/es\/producto\/heavyweight-dub-champion\/","name":"SCIENTIST - Heavyweight Dub Champion - (LP) | Guerssen","isPartOf":{"@id":"https:\/\/wpguerssen-test.odoo.rgbconsulting.com\/es\/#website"},"primaryImageOfPage":{"@id":"https:\/\/wpguerssen-test.odoo.rgbconsulting.com\/es\/producto\/heavyweight-dub-champion\/#primaryimage"},"image":{"@id":"https:\/\/wpguerssen-test.odoo.rgbconsulting.com\/es\/producto\/heavyweight-dub-champion\/#primaryimage"},"thumbnailUrl":"https:\/\/wpguerssen-test.odoo.rgbconsulting.com\/wp-content\/uploads\/2024\/01\/46800.jpg","datePublished":"2025-04-10T22:00:00+00:00","dateModified":"2025-04-15T11:54:54+00:00","description":"REPRESS. Scientist was only 20 years old when, working with fellow producer \"Junjo\" Lawes, he came up with this 1980 stunner, a sinuous groove party with cartoonlike special effects (a lot of bongs and boings like pans hitting one another, blips and squeals that sound like a Pac-Man game). All the \"song\" titles are references to boxing (a motif that Scientist was obviously mining for all it was worth), and all are great individual bits of dub sound that cohere into a meaningful whole. As it says on the jacket, \"This ya a youthful sound fe come mash y'down.\"","breadcrumb":{"@id":"https:\/\/wpguerssen-test.odoo.rgbconsulting.com\/es\/producto\/heavyweight-dub-champion\/#breadcrumb"},"inLanguage":"es","potentialAction":[{"@type":"ReadAction","target":["https:\/\/wpguerssen-test.odoo.rgbconsulting.com\/es\/producto\/heavyweight-dub-champion\/"]}]},{"@type":"ImageObject","inLanguage":"es","@id":"https:\/\/wpguerssen-test.odoo.rgbconsulting.com\/es\/producto\/heavyweight-dub-champion\/#primaryimage","url":"https:\/\/wpguerssen-test.odoo.rgbconsulting.com\/wp-content\/uploads\/2024\/01\/46800.jpg","contentUrl":"https:\/\/wpguerssen-test.odoo.rgbconsulting.com\/wp-content\/uploads\/2024\/01\/46800.jpg","width":595,"height":584},{"@type":"BreadcrumbList","@id":"https:\/\/wpguerssen-test.odoo.rgbconsulting.com\/es\/producto\/heavyweight-dub-champion\/#breadcrumb","itemListElement":[{"@type":"ListItem","position":1,"name":"Inicio","item":"https:\/\/wpguerssen-test.odoo.rgbconsulting.com\/es\/"},{"@type":"ListItem","position":2,"name":"Shop","item":"https:\/\/wpguerssen-test.odoo.rgbconsulting.com\/shop\/"},{"@type":"ListItem","position":3,"name":"Heavyweight Dub Champion"}]},{"@type":"WebSite","@id":"https:\/\/wpguerssen-test.odoo.rgbconsulting.com\/es\/#website","url":"https:\/\/wpguerssen-test.odoo.rgbconsulting.com\/es\/","name":"Guerssen records","description":"psychedelia - progressive - folk - garage ","publisher":{"@id":"https:\/\/wpguerssen-test.odoo.rgbconsulting.com\/es\/#organization"},"potentialAction":[{"@type":"SearchAction","target":{"@type":"EntryPoint","urlTemplate":"https:\/\/wpguerssen-test.odoo.rgbconsulting.com\/es\/?s={search_term_string}"},"query-input":{"@type":"PropertyValueSpecification","valueRequired":true,"valueName":"search_term_string"}}],"inLanguage":"es"},{"@type":"Organization","@id":"https:\/\/wpguerssen-test.odoo.rgbconsulting.com\/es\/#organization","name":"Guerssen records","url":"https:\/\/wpguerssen-test.odoo.rgbconsulting.com\/es\/","logo":{"@type":"ImageObject","inLanguage":"es","@id":"https:\/\/wpguerssen-test.odoo.rgbconsulting.com\/es\/#\/schema\/logo\/image\/","url":"https:\/\/wpguerssen-test.odoo.rgbconsulting.com\/wp-content\/uploads\/2022\/04\/Logo_Guerssen_trans_100.png","contentUrl":"https:\/\/wpguerssen-test.odoo.rgbconsulting.com\/wp-content\/uploads\/2022\/04\/Logo_Guerssen_trans_100.png","width":122,"height":100,"caption":"Guerssen records"},"image":{"@id":"https:\/\/wpguerssen-test.odoo.rgbconsulting.com\/es\/#\/schema\/logo\/image\/"}}]}},"_links":{"self":[{"href":"https:\/\/wpguerssen-test.odoo.rgbconsulting.com\/es\/wp-json\/wp\/v2\/product\/250240","targetHints":{"allow":["GET"]}}],"collection":[{"href":"https:\/\/wpguerssen-test.odoo.rgbconsulting.com\/es\/wp-json\/wp\/v2\/product"}],"about":[{"href":"https:\/\/wpguerssen-test.odoo.rgbconsulting.com\/es\/wp-json\/wp\/v2\/types\/product"}],"wp:featuredmedia":[{"embeddable":true,"href":"https:\/\/wpguerssen-test.odoo.rgbconsulting.com\/es\/wp-json\/wp\/v2\/media\/250208"}],"wp:attachment":[{"href":"https:\/\/wpguerssen-test.odoo.rgbconsulting.com\/es\/wp-json\/wp\/v2\/media?parent=250240"}],"wp:term":[{"taxonomy":"product_brand","embeddable":true,"href":"https:\/\/wpguerssen-test.odoo.rgbconsulting.com\/es\/wp-json\/wp\/v2\/product_brand?post=250240"},{"taxonomy":"product_cat","embeddable":true,"href":"https:\/\/wpguerssen-test.odoo.rgbconsulting.com\/es\/wp-json\/wp\/v2\/product_cat?post=250240"},{"taxonomy":"product_tag","embeddable":true,"href":"https:\/\/wpguerssen-test.odoo.rgbconsulting.com\/es\/wp-json\/wp\/v2\/product_tag?post=250240"}],"curies":[{"name":"wp","href":"https:\/\/api.w.org\/{rel}","templated":true}]}}