{"id":250357,"date":"2025-03-27T00:00:00","date_gmt":"2025-03-26T23:00:00","guid":{"rendered":"https:\/\/wpguerssen-test.odoo.rgbconsulting.com\/product\/this-means-nothing\/"},"modified":"2025-03-27T18:31:27","modified_gmt":"2025-03-27T17:31:27","slug":"this-means-nothing","status":"publish","type":"product","link":"https:\/\/wpguerssen-test.odoo.rgbconsulting.com\/es\/producto\/this-means-nothing\/","title":{"rendered":"This Means Nothing"},"content":{"rendered":"<p>EXCEPCIONAL RETRANSMISI\u00d3N TEMPRANA DE NIRVANA DESDE LA GIRA BLEACH<br \/>A finales de los a\u00f1os 1980, Nirvana se estableci\u00f3 como parte de la escena grunge de Seattle, lanzando su primer \u00e1lbum, \u00abBleach\u00bb, para el sello discogr\u00e1fico independiente Sub Pop en 1989. Desarrollaron un sonido que se basaba en contrastes din\u00e1micos, a menudo entre versos tranquilos y estribillos ruidosos y pesados.<br \/>En junio de 1989, Nirvana comenz\u00f3 su gira \u00abBleach Club Tour\u00bb, que los encontr\u00f3 actuando fuera del noroeste de Estados Unidos por primera vez. Comenzando con una extensa excursi\u00f3n por Am\u00e9rica del Norte, en octubre de 1989 estaban en el Reino Unido, donde iniciaron una etapa europea, que tambi\u00e9n llev\u00f3 a la banda a Alemania, los Pa\u00edses Bajos, Suiza, Hungr\u00eda, Francia y Austria. En Viena Nirvana actuo el 22 de noviembre de 1989 y ofrecieron uno de sus mejores shows de toda la gira de Bleach. Un concierto grabado tambi\u00e9n para transmisi\u00f3n de radio FM en vivo, el concierto sigue siendo in\u00e9dito en vinilo, pero ahora est\u00e1 disponible en su totalidad en este nuevo set 2LP.<\/p>\n","protected":false},"excerpt":{"rendered":"<p>EXCEPCIONAL RETRANSMISI\u00d3N TEMPRANA DE NIRVANA DESDE LA GIRA BLEACH<br \/>A finales de los a\u00f1os 1980, Nirvana se estableci\u00f3 como parte de la escena grunge de Seattle,<a class=\"read\" href=\"https:\/\/wpguerssen-test.odoo.rgbconsulting.com\/es\/producto\/this-means-nothing\/\"> (...)<\/a>","protected":false},"featured_media":250311,"template":"","meta":{"_acf_changed":false},"product_brand":[],"product_cat":[23234],"product_tag":[24189],"class_list":{"0":"post-250357","1":"product","2":"type-product","3":"status-publish","4":"has-post-thumbnail","6":"product_cat-pop-rock-es","7":"product_tag-recien-llegadas","8":"pa_artist-nirvana-es","9":"pa_format-2lp-es","10":"pa_gender-pop-rock","11":"pa_label-parachute","12":"pa_location-north-america-es","13":"pa_other-filters-vinyl-only-es","15":"first","16":"instock","17":"taxable","18":"shipping-taxable","19":"purchasable","20":"product-type-simple"},"acf":[],"yoast_head":"<!-- This site is optimized with the Yoast SEO plugin v24.9 - https:\/\/yoast.com\/wordpress\/plugins\/seo\/ -->\n<title>NIRVANA - This Means Nothing -  (2LP) | Guerssen<\/title>\n<meta name=\"description\" content=\"EXCEPTIONAL EARLY NIRVANA BROADCAST FROM THE BLEACH TOURIn the late 1980s, Nirvana established itself as part of the Seattle grunge scene, releasing its first album, &quot;Bleach&quot;, for the independent record label Sub Pop in 1989. They developed a sound that relied on dynamic contrasts, often between quiet verses and loud, heavy choruses.In June 1989 Nirvana began their Bleach club tour, which found them performing outside the US North West for the first time. Starting with an extensive North American jaunt, by October &#039;89 they were in the UK where they kicked of a European leg, which also took Nirvana to Germany, the Netherlands, Switzerland, Hungary, France and Austria.It was in the latter country&#039;s capital city, Vienna, that Nirvana performed on 22 November &#039;89, and where they played one of their finest shows of the entire Bleach tour. A concert recorded for live FM radio broadcast too, the gig remains previously unreleased on vinyl, but is now available in its entirety on this new 2LP set.\" \/>\n<meta name=\"robots\" content=\"index, follow, max-snippet:-1, max-image-preview:large, max-video-preview:-1\" \/>\n<link rel=\"canonical\" href=\"https:\/\/wpguerssen-test.odoo.rgbconsulting.com\/es\/producto\/this-means-nothing\/\" \/>\n<meta property=\"og:locale\" content=\"es_ES\" \/>\n<meta property=\"og:type\" content=\"article\" \/>\n<meta property=\"og:title\" content=\"NIRVANA - This Means Nothing -  (2LP) | Guerssen\" \/>\n<meta property=\"og:description\" content=\"EXCEPTIONAL EARLY NIRVANA BROADCAST FROM THE BLEACH TOURIn the late 1980s, Nirvana established itself as part of the Seattle grunge scene, releasing its first album, &quot;Bleach&quot;, for the independent record label Sub Pop in 1989. They developed a sound that relied on dynamic contrasts, often between quiet verses and loud, heavy choruses.In June 1989 Nirvana began their Bleach club tour, which found them performing outside the US North West for the first time. Starting with an extensive North American jaunt, by October &#039;89 they were in the UK where they kicked of a European leg, which also took Nirvana to Germany, the Netherlands, Switzerland, Hungary, France and Austria.It was in the latter country&#039;s capital city, Vienna, that Nirvana performed on 22 November &#039;89, and where they played one of their finest shows of the entire Bleach tour. A concert recorded for live FM radio broadcast too, the gig remains previously unreleased on vinyl, but is now available in its entirety on this new 2LP set.\" \/>\n<meta property=\"og:url\" content=\"https:\/\/wpguerssen-test.odoo.rgbconsulting.com\/es\/producto\/this-means-nothing\/\" \/>\n<meta property=\"og:site_name\" content=\"Guerssen records\" \/>\n<meta property=\"article:modified_time\" content=\"2025-03-27T17:31:27+00:00\" \/>\n<meta property=\"og:image\" content=\"https:\/\/wpguerssen-test.odoo.rgbconsulting.com\/wp-content\/uploads\/2024\/01\/46813.jpg\" \/>\n\t<meta property=\"og:image:width\" content=\"2315\" \/>\n\t<meta property=\"og:image:height\" content=\"1324\" \/>\n\t<meta property=\"og:image:type\" content=\"image\/jpeg\" \/>\n<meta name=\"twitter:card\" content=\"summary_large_image\" \/>\n<meta name=\"twitter:title\" content=\"NIRVANA - This Means Nothing -  (2LP) | Guerssen\" \/>\n<meta name=\"twitter:label1\" content=\"Tiempo de lectura\" \/>\n\t<meta name=\"twitter:data1\" content=\"1 minuto\" \/>\n<script type=\"application\/ld+json\" class=\"yoast-schema-graph\">{\"@context\":\"https:\/\/schema.org\",\"@graph\":[{\"@type\":\"WebPage\",\"@id\":\"https:\/\/wpguerssen-test.odoo.rgbconsulting.com\/es\/producto\/this-means-nothing\/\",\"url\":\"https:\/\/wpguerssen-test.odoo.rgbconsulting.com\/es\/producto\/this-means-nothing\/\",\"name\":\"NIRVANA - This Means Nothing - (2LP) | Guerssen\",\"isPartOf\":{\"@id\":\"https:\/\/wpguerssen-test.odoo.rgbconsulting.com\/es\/#website\"},\"primaryImageOfPage\":{\"@id\":\"https:\/\/wpguerssen-test.odoo.rgbconsulting.com\/es\/producto\/this-means-nothing\/#primaryimage\"},\"image\":{\"@id\":\"https:\/\/wpguerssen-test.odoo.rgbconsulting.com\/es\/producto\/this-means-nothing\/#primaryimage\"},\"thumbnailUrl\":\"https:\/\/wpguerssen-test.odoo.rgbconsulting.com\/wp-content\/uploads\/2024\/01\/46813.jpg\",\"datePublished\":\"2025-03-26T23:00:00+00:00\",\"dateModified\":\"2025-03-27T17:31:27+00:00\",\"description\":\"EXCEPTIONAL EARLY NIRVANA BROADCAST FROM THE BLEACH TOURIn the late 1980s, Nirvana established itself as part of the Seattle grunge scene, releasing its first album, \\\"Bleach\\\", for the independent record label Sub Pop in 1989. They developed a sound that relied on dynamic contrasts, often between quiet verses and loud, heavy choruses.In June 1989 Nirvana began their Bleach club tour, which found them performing outside the US North West for the first time. Starting with an extensive North American jaunt, by October '89 they were in the UK where they kicked of a European leg, which also took Nirvana to Germany, the Netherlands, Switzerland, Hungary, France and Austria.It was in the latter country's capital city, Vienna, that Nirvana performed on 22 November '89, and where they played one of their finest shows of the entire Bleach tour. A concert recorded for live FM radio broadcast too, the gig remains previously unreleased on vinyl, but is now available in its entirety on this new 2LP set.\",\"breadcrumb\":{\"@id\":\"https:\/\/wpguerssen-test.odoo.rgbconsulting.com\/es\/producto\/this-means-nothing\/#breadcrumb\"},\"inLanguage\":\"es\",\"potentialAction\":[{\"@type\":\"ReadAction\",\"target\":[\"https:\/\/wpguerssen-test.odoo.rgbconsulting.com\/es\/producto\/this-means-nothing\/\"]}]},{\"@type\":\"ImageObject\",\"inLanguage\":\"es\",\"@id\":\"https:\/\/wpguerssen-test.odoo.rgbconsulting.com\/es\/producto\/this-means-nothing\/#primaryimage\",\"url\":\"https:\/\/wpguerssen-test.odoo.rgbconsulting.com\/wp-content\/uploads\/2024\/01\/46813.jpg\",\"contentUrl\":\"https:\/\/wpguerssen-test.odoo.rgbconsulting.com\/wp-content\/uploads\/2024\/01\/46813.jpg\",\"width\":2315,\"height\":1324},{\"@type\":\"BreadcrumbList\",\"@id\":\"https:\/\/wpguerssen-test.odoo.rgbconsulting.com\/es\/producto\/this-means-nothing\/#breadcrumb\",\"itemListElement\":[{\"@type\":\"ListItem\",\"position\":1,\"name\":\"Inicio\",\"item\":\"https:\/\/wpguerssen-test.odoo.rgbconsulting.com\/es\/\"},{\"@type\":\"ListItem\",\"position\":2,\"name\":\"Shop\",\"item\":\"https:\/\/wpguerssen-test.odoo.rgbconsulting.com\/shop\/\"},{\"@type\":\"ListItem\",\"position\":3,\"name\":\"This Means Nothing\"}]},{\"@type\":\"WebSite\",\"@id\":\"https:\/\/wpguerssen-test.odoo.rgbconsulting.com\/es\/#website\",\"url\":\"https:\/\/wpguerssen-test.odoo.rgbconsulting.com\/es\/\",\"name\":\"Guerssen records\",\"description\":\"psychedelia - progressive - folk - garage \",\"publisher\":{\"@id\":\"https:\/\/wpguerssen-test.odoo.rgbconsulting.com\/es\/#organization\"},\"potentialAction\":[{\"@type\":\"SearchAction\",\"target\":{\"@type\":\"EntryPoint\",\"urlTemplate\":\"https:\/\/wpguerssen-test.odoo.rgbconsulting.com\/es\/?s={search_term_string}\"},\"query-input\":{\"@type\":\"PropertyValueSpecification\",\"valueRequired\":true,\"valueName\":\"search_term_string\"}}],\"inLanguage\":\"es\"},{\"@type\":\"Organization\",\"@id\":\"https:\/\/wpguerssen-test.odoo.rgbconsulting.com\/es\/#organization\",\"name\":\"Guerssen records\",\"url\":\"https:\/\/wpguerssen-test.odoo.rgbconsulting.com\/es\/\",\"logo\":{\"@type\":\"ImageObject\",\"inLanguage\":\"es\",\"@id\":\"https:\/\/wpguerssen-test.odoo.rgbconsulting.com\/es\/#\/schema\/logo\/image\/\",\"url\":\"https:\/\/wpguerssen-test.odoo.rgbconsulting.com\/wp-content\/uploads\/2022\/04\/Logo_Guerssen_trans_100.png\",\"contentUrl\":\"https:\/\/wpguerssen-test.odoo.rgbconsulting.com\/wp-content\/uploads\/2022\/04\/Logo_Guerssen_trans_100.png\",\"width\":122,\"height\":100,\"caption\":\"Guerssen records\"},\"image\":{\"@id\":\"https:\/\/wpguerssen-test.odoo.rgbconsulting.com\/es\/#\/schema\/logo\/image\/\"}}]}<\/script>\n<!-- \/ Yoast SEO plugin. -->","yoast_head_json":{"title":"NIRVANA - This Means Nothing -  (2LP) | Guerssen","description":"EXCEPTIONAL EARLY NIRVANA BROADCAST FROM THE BLEACH TOURIn the late 1980s, Nirvana established itself as part of the Seattle grunge scene, releasing its first album, \"Bleach\", for the independent record label Sub Pop in 1989. They developed a sound that relied on dynamic contrasts, often between quiet verses and loud, heavy choruses.In June 1989 Nirvana began their Bleach club tour, which found them performing outside the US North West for the first time. Starting with an extensive North American jaunt, by October '89 they were in the UK where they kicked of a European leg, which also took Nirvana to Germany, the Netherlands, Switzerland, Hungary, France and Austria.It was in the latter country's capital city, Vienna, that Nirvana performed on 22 November '89, and where they played one of their finest shows of the entire Bleach tour. A concert recorded for live FM radio broadcast too, the gig remains previously unreleased on vinyl, but is now available in its entirety on this new 2LP set.","robots":{"index":"index","follow":"follow","max-snippet":"max-snippet:-1","max-image-preview":"max-image-preview:large","max-video-preview":"max-video-preview:-1"},"canonical":"https:\/\/wpguerssen-test.odoo.rgbconsulting.com\/es\/producto\/this-means-nothing\/","og_locale":"es_ES","og_type":"article","og_title":"NIRVANA - This Means Nothing -  (2LP) | Guerssen","og_description":"EXCEPTIONAL EARLY NIRVANA BROADCAST FROM THE BLEACH TOURIn the late 1980s, Nirvana established itself as part of the Seattle grunge scene, releasing its first album, \"Bleach\", for the independent record label Sub Pop in 1989. They developed a sound that relied on dynamic contrasts, often between quiet verses and loud, heavy choruses.In June 1989 Nirvana began their Bleach club tour, which found them performing outside the US North West for the first time. Starting with an extensive North American jaunt, by October '89 they were in the UK where they kicked of a European leg, which also took Nirvana to Germany, the Netherlands, Switzerland, Hungary, France and Austria.It was in the latter country's capital city, Vienna, that Nirvana performed on 22 November '89, and where they played one of their finest shows of the entire Bleach tour. A concert recorded for live FM radio broadcast too, the gig remains previously unreleased on vinyl, but is now available in its entirety on this new 2LP set.","og_url":"https:\/\/wpguerssen-test.odoo.rgbconsulting.com\/es\/producto\/this-means-nothing\/","og_site_name":"Guerssen records","article_modified_time":"2025-03-27T17:31:27+00:00","og_image":[{"width":2315,"height":1324,"url":"https:\/\/wpguerssen-test.odoo.rgbconsulting.com\/wp-content\/uploads\/2024\/01\/46813.jpg","type":"image\/jpeg"}],"twitter_card":"summary_large_image","twitter_title":"NIRVANA - This Means Nothing -  (2LP) | Guerssen","twitter_misc":{"Tiempo de lectura":"1 minuto"},"schema":{"@context":"https:\/\/schema.org","@graph":[{"@type":"WebPage","@id":"https:\/\/wpguerssen-test.odoo.rgbconsulting.com\/es\/producto\/this-means-nothing\/","url":"https:\/\/wpguerssen-test.odoo.rgbconsulting.com\/es\/producto\/this-means-nothing\/","name":"NIRVANA - This Means Nothing - (2LP) | Guerssen","isPartOf":{"@id":"https:\/\/wpguerssen-test.odoo.rgbconsulting.com\/es\/#website"},"primaryImageOfPage":{"@id":"https:\/\/wpguerssen-test.odoo.rgbconsulting.com\/es\/producto\/this-means-nothing\/#primaryimage"},"image":{"@id":"https:\/\/wpguerssen-test.odoo.rgbconsulting.com\/es\/producto\/this-means-nothing\/#primaryimage"},"thumbnailUrl":"https:\/\/wpguerssen-test.odoo.rgbconsulting.com\/wp-content\/uploads\/2024\/01\/46813.jpg","datePublished":"2025-03-26T23:00:00+00:00","dateModified":"2025-03-27T17:31:27+00:00","description":"EXCEPTIONAL EARLY NIRVANA BROADCAST FROM THE BLEACH TOURIn the late 1980s, Nirvana established itself as part of the Seattle grunge scene, releasing its first album, \"Bleach\", for the independent record label Sub Pop in 1989. They developed a sound that relied on dynamic contrasts, often between quiet verses and loud, heavy choruses.In June 1989 Nirvana began their Bleach club tour, which found them performing outside the US North West for the first time. Starting with an extensive North American jaunt, by October '89 they were in the UK where they kicked of a European leg, which also took Nirvana to Germany, the Netherlands, Switzerland, Hungary, France and Austria.It was in the latter country's capital city, Vienna, that Nirvana performed on 22 November '89, and where they played one of their finest shows of the entire Bleach tour. A concert recorded for live FM radio broadcast too, the gig remains previously unreleased on vinyl, but is now available in its entirety on this new 2LP set.","breadcrumb":{"@id":"https:\/\/wpguerssen-test.odoo.rgbconsulting.com\/es\/producto\/this-means-nothing\/#breadcrumb"},"inLanguage":"es","potentialAction":[{"@type":"ReadAction","target":["https:\/\/wpguerssen-test.odoo.rgbconsulting.com\/es\/producto\/this-means-nothing\/"]}]},{"@type":"ImageObject","inLanguage":"es","@id":"https:\/\/wpguerssen-test.odoo.rgbconsulting.com\/es\/producto\/this-means-nothing\/#primaryimage","url":"https:\/\/wpguerssen-test.odoo.rgbconsulting.com\/wp-content\/uploads\/2024\/01\/46813.jpg","contentUrl":"https:\/\/wpguerssen-test.odoo.rgbconsulting.com\/wp-content\/uploads\/2024\/01\/46813.jpg","width":2315,"height":1324},{"@type":"BreadcrumbList","@id":"https:\/\/wpguerssen-test.odoo.rgbconsulting.com\/es\/producto\/this-means-nothing\/#breadcrumb","itemListElement":[{"@type":"ListItem","position":1,"name":"Inicio","item":"https:\/\/wpguerssen-test.odoo.rgbconsulting.com\/es\/"},{"@type":"ListItem","position":2,"name":"Shop","item":"https:\/\/wpguerssen-test.odoo.rgbconsulting.com\/shop\/"},{"@type":"ListItem","position":3,"name":"This Means Nothing"}]},{"@type":"WebSite","@id":"https:\/\/wpguerssen-test.odoo.rgbconsulting.com\/es\/#website","url":"https:\/\/wpguerssen-test.odoo.rgbconsulting.com\/es\/","name":"Guerssen records","description":"psychedelia - progressive - folk - garage ","publisher":{"@id":"https:\/\/wpguerssen-test.odoo.rgbconsulting.com\/es\/#organization"},"potentialAction":[{"@type":"SearchAction","target":{"@type":"EntryPoint","urlTemplate":"https:\/\/wpguerssen-test.odoo.rgbconsulting.com\/es\/?s={search_term_string}"},"query-input":{"@type":"PropertyValueSpecification","valueRequired":true,"valueName":"search_term_string"}}],"inLanguage":"es"},{"@type":"Organization","@id":"https:\/\/wpguerssen-test.odoo.rgbconsulting.com\/es\/#organization","name":"Guerssen records","url":"https:\/\/wpguerssen-test.odoo.rgbconsulting.com\/es\/","logo":{"@type":"ImageObject","inLanguage":"es","@id":"https:\/\/wpguerssen-test.odoo.rgbconsulting.com\/es\/#\/schema\/logo\/image\/","url":"https:\/\/wpguerssen-test.odoo.rgbconsulting.com\/wp-content\/uploads\/2022\/04\/Logo_Guerssen_trans_100.png","contentUrl":"https:\/\/wpguerssen-test.odoo.rgbconsulting.com\/wp-content\/uploads\/2022\/04\/Logo_Guerssen_trans_100.png","width":122,"height":100,"caption":"Guerssen records"},"image":{"@id":"https:\/\/wpguerssen-test.odoo.rgbconsulting.com\/es\/#\/schema\/logo\/image\/"}}]}},"_links":{"self":[{"href":"https:\/\/wpguerssen-test.odoo.rgbconsulting.com\/es\/wp-json\/wp\/v2\/product\/250357","targetHints":{"allow":["GET"]}}],"collection":[{"href":"https:\/\/wpguerssen-test.odoo.rgbconsulting.com\/es\/wp-json\/wp\/v2\/product"}],"about":[{"href":"https:\/\/wpguerssen-test.odoo.rgbconsulting.com\/es\/wp-json\/wp\/v2\/types\/product"}],"wp:featuredmedia":[{"embeddable":true,"href":"https:\/\/wpguerssen-test.odoo.rgbconsulting.com\/es\/wp-json\/wp\/v2\/media\/250311"}],"wp:attachment":[{"href":"https:\/\/wpguerssen-test.odoo.rgbconsulting.com\/es\/wp-json\/wp\/v2\/media?parent=250357"}],"wp:term":[{"taxonomy":"product_brand","embeddable":true,"href":"https:\/\/wpguerssen-test.odoo.rgbconsulting.com\/es\/wp-json\/wp\/v2\/product_brand?post=250357"},{"taxonomy":"product_cat","embeddable":true,"href":"https:\/\/wpguerssen-test.odoo.rgbconsulting.com\/es\/wp-json\/wp\/v2\/product_cat?post=250357"},{"taxonomy":"product_tag","embeddable":true,"href":"https:\/\/wpguerssen-test.odoo.rgbconsulting.com\/es\/wp-json\/wp\/v2\/product_tag?post=250357"}],"curies":[{"name":"wp","href":"https:\/\/api.w.org\/{rel}","templated":true}]}}