{"id":250359,"date":"2024-02-23T00:00:00","date_gmt":"2024-02-22T23:00:00","guid":{"rendered":"https:\/\/wpguerssen-test.odoo.rgbconsulting.com\/product\/hollywood-fm-92-crystal\/"},"modified":"2025-01-09T15:43:09","modified_gmt":"2025-01-09T14:43:09","slug":"hollywood-fm-92-crystal","status":"publish","type":"product","link":"https:\/\/wpguerssen-test.odoo.rgbconsulting.com\/es\/producto\/hollywood-fm-92-crystal\/","title":{"rendered":"Hollywood Fm &#8217;92 (Crystal)"},"content":{"rendered":"<p>Esta es una transmisi\u00f3n muy querida de Bruce Springsteen; un espect\u00e1culo de ensayo para su gira mundial de 1992-1993 de los \u00e1lbumes Lucky Town y Human Touch. Respaldado por su impresionante banda, Bruce canta \u00e9xitos anteriores de su carrera como \u00abBorn in the USA\u00bb y \u00abGlory Days\u00bb. Su entonces nueva esposa, Patti Scialfa, ocupa un lugar central y se une a su marido en &#8216;Human Touch&#8217;. El gran \u00e9xito de esta era de Springsteen, &#8216;Hungry Heart&#8217;, recibe un tratamiento unplugged durante esta actuaci\u00f3n, con Bruce tocando la guitarra ac\u00fastica y la arm\u00f3nica.<\/p>\n","protected":false},"excerpt":{"rendered":"<p>Esta es una transmisi\u00f3n muy querida de Bruce Springsteen; un espect\u00e1culo de ensayo para su gira mundial de 1992-1993 de los \u00e1lbumes Lucky Town y Human Touch. Respaldado<a class=\"read\" href=\"https:\/\/wpguerssen-test.odoo.rgbconsulting.com\/es\/producto\/hollywood-fm-92-crystal\/\"> (...)<\/a>","protected":false},"featured_media":250317,"template":"","meta":{"_acf_changed":false},"product_brand":[],"product_cat":[23234],"product_tag":[29140],"class_list":{"0":"post-250359","1":"product","2":"type-product","3":"status-publish","4":"has-post-thumbnail","6":"product_cat-pop-rock-es","7":"product_tag-color-vinyl-es","8":"pa_artist-springsteen-bruce-es-2","9":"pa_format-lp-es","10":"pa_gender-pop-rock","11":"pa_label-vinyl-champ","12":"pa_location-north-america-es","13":"pa_other-filters-vinyl-only-es","15":"first","16":"instock","17":"taxable","18":"shipping-taxable","19":"purchasable","20":"product-type-simple"},"acf":[],"yoast_head":"<!-- This site is optimized with the Yoast SEO plugin v24.9 - https:\/\/yoast.com\/wordpress\/plugins\/seo\/ -->\n<title>SPRINGSTEEN, Bruce - Hollywood Fm &#039;92 (Crystal) -  (LP) | Guerssen<\/title>\n<meta name=\"description\" content=\"This is a beloved broadcast of Bruce Springsteen; a rehearsal show for his 1992 - 1993 world tour for the albums Lucky Town and Human Touch. Backed by his impressive band, Bruce belts out earlier hits of his career like &#039;Born in the USA&#039; and &#039;Glory Days&#039;. His then new wife Patti Scialfa takes center stage and joins her husband on &#039;Human Touch&#039;. The smash hit of this Springsteen era, &#039;Hungry Heart&#039;, gets the unplugged treatment during this performance, with Bruce playing the acoustic guitar and harmonica.\" \/>\n<meta name=\"robots\" content=\"index, follow, max-snippet:-1, max-image-preview:large, max-video-preview:-1\" \/>\n<link rel=\"canonical\" href=\"https:\/\/wpguerssen-test.odoo.rgbconsulting.com\/es\/producto\/hollywood-fm-92-crystal\/\" \/>\n<meta property=\"og:locale\" content=\"es_ES\" \/>\n<meta property=\"og:type\" content=\"article\" \/>\n<meta property=\"og:title\" content=\"SPRINGSTEEN, Bruce - Hollywood Fm &#039;92 (Crystal) -  (LP) | Guerssen\" \/>\n<meta property=\"og:description\" content=\"This is a beloved broadcast of Bruce Springsteen; a rehearsal show for his 1992 - 1993 world tour for the albums Lucky Town and Human Touch. Backed by his impressive band, Bruce belts out earlier hits of his career like &#039;Born in the USA&#039; and &#039;Glory Days&#039;. His then new wife Patti Scialfa takes center stage and joins her husband on &#039;Human Touch&#039;. The smash hit of this Springsteen era, &#039;Hungry Heart&#039;, gets the unplugged treatment during this performance, with Bruce playing the acoustic guitar and harmonica.\" \/>\n<meta property=\"og:url\" content=\"https:\/\/wpguerssen-test.odoo.rgbconsulting.com\/es\/producto\/hollywood-fm-92-crystal\/\" \/>\n<meta property=\"og:site_name\" content=\"Guerssen records\" \/>\n<meta property=\"article:modified_time\" content=\"2025-01-09T14:43:09+00:00\" \/>\n<meta property=\"og:image\" content=\"https:\/\/wpguerssen-test.odoo.rgbconsulting.com\/wp-content\/uploads\/2024\/01\/46815.jpg\" \/>\n\t<meta property=\"og:image:width\" content=\"1200\" \/>\n\t<meta property=\"og:image:height\" content=\"899\" \/>\n\t<meta property=\"og:image:type\" content=\"image\/png\" \/>\n<meta name=\"twitter:card\" content=\"summary_large_image\" \/>\n<meta name=\"twitter:title\" content=\"SPRINGSTEEN, Bruce - Hollywood Fm &#039;92 (Crystal) -  (LP) | Guerssen\" \/>\n<script type=\"application\/ld+json\" class=\"yoast-schema-graph\">{\"@context\":\"https:\/\/schema.org\",\"@graph\":[{\"@type\":\"WebPage\",\"@id\":\"https:\/\/wpguerssen-test.odoo.rgbconsulting.com\/es\/producto\/hollywood-fm-92-crystal\/\",\"url\":\"https:\/\/wpguerssen-test.odoo.rgbconsulting.com\/es\/producto\/hollywood-fm-92-crystal\/\",\"name\":\"SPRINGSTEEN, Bruce - Hollywood Fm '92 (Crystal) - (LP) | Guerssen\",\"isPartOf\":{\"@id\":\"https:\/\/wpguerssen-test.odoo.rgbconsulting.com\/es\/#website\"},\"primaryImageOfPage\":{\"@id\":\"https:\/\/wpguerssen-test.odoo.rgbconsulting.com\/es\/producto\/hollywood-fm-92-crystal\/#primaryimage\"},\"image\":{\"@id\":\"https:\/\/wpguerssen-test.odoo.rgbconsulting.com\/es\/producto\/hollywood-fm-92-crystal\/#primaryimage\"},\"thumbnailUrl\":\"https:\/\/wpguerssen-test.odoo.rgbconsulting.com\/wp-content\/uploads\/2024\/01\/46815.jpg\",\"datePublished\":\"2024-02-22T23:00:00+00:00\",\"dateModified\":\"2025-01-09T14:43:09+00:00\",\"description\":\"This is a beloved broadcast of Bruce Springsteen; a rehearsal show for his 1992 - 1993 world tour for the albums Lucky Town and Human Touch. Backed by his impressive band, Bruce belts out earlier hits of his career like 'Born in the USA' and 'Glory Days'. His then new wife Patti Scialfa takes center stage and joins her husband on 'Human Touch'. The smash hit of this Springsteen era, 'Hungry Heart', gets the unplugged treatment during this performance, with Bruce playing the acoustic guitar and harmonica.\",\"breadcrumb\":{\"@id\":\"https:\/\/wpguerssen-test.odoo.rgbconsulting.com\/es\/producto\/hollywood-fm-92-crystal\/#breadcrumb\"},\"inLanguage\":\"es\",\"potentialAction\":[{\"@type\":\"ReadAction\",\"target\":[\"https:\/\/wpguerssen-test.odoo.rgbconsulting.com\/es\/producto\/hollywood-fm-92-crystal\/\"]}]},{\"@type\":\"ImageObject\",\"inLanguage\":\"es\",\"@id\":\"https:\/\/wpguerssen-test.odoo.rgbconsulting.com\/es\/producto\/hollywood-fm-92-crystal\/#primaryimage\",\"url\":\"https:\/\/wpguerssen-test.odoo.rgbconsulting.com\/wp-content\/uploads\/2024\/01\/46815.jpg\",\"contentUrl\":\"https:\/\/wpguerssen-test.odoo.rgbconsulting.com\/wp-content\/uploads\/2024\/01\/46815.jpg\",\"width\":1200,\"height\":899,\"caption\":\"Bruce - Hollywood Fm '92 (Crystal) - VINYL CHAMP (LP) | Guerssen\"},{\"@type\":\"BreadcrumbList\",\"@id\":\"https:\/\/wpguerssen-test.odoo.rgbconsulting.com\/es\/producto\/hollywood-fm-92-crystal\/#breadcrumb\",\"itemListElement\":[{\"@type\":\"ListItem\",\"position\":1,\"name\":\"Inicio\",\"item\":\"https:\/\/wpguerssen-test.odoo.rgbconsulting.com\/es\/\"},{\"@type\":\"ListItem\",\"position\":2,\"name\":\"Shop\",\"item\":\"https:\/\/wpguerssen-test.odoo.rgbconsulting.com\/shop\/\"},{\"@type\":\"ListItem\",\"position\":3,\"name\":\"Hollywood Fm &#8217;92 (Crystal)\"}]},{\"@type\":\"WebSite\",\"@id\":\"https:\/\/wpguerssen-test.odoo.rgbconsulting.com\/es\/#website\",\"url\":\"https:\/\/wpguerssen-test.odoo.rgbconsulting.com\/es\/\",\"name\":\"Guerssen records\",\"description\":\"psychedelia - progressive - folk - garage \",\"publisher\":{\"@id\":\"https:\/\/wpguerssen-test.odoo.rgbconsulting.com\/es\/#organization\"},\"potentialAction\":[{\"@type\":\"SearchAction\",\"target\":{\"@type\":\"EntryPoint\",\"urlTemplate\":\"https:\/\/wpguerssen-test.odoo.rgbconsulting.com\/es\/?s={search_term_string}\"},\"query-input\":{\"@type\":\"PropertyValueSpecification\",\"valueRequired\":true,\"valueName\":\"search_term_string\"}}],\"inLanguage\":\"es\"},{\"@type\":\"Organization\",\"@id\":\"https:\/\/wpguerssen-test.odoo.rgbconsulting.com\/es\/#organization\",\"name\":\"Guerssen records\",\"url\":\"https:\/\/wpguerssen-test.odoo.rgbconsulting.com\/es\/\",\"logo\":{\"@type\":\"ImageObject\",\"inLanguage\":\"es\",\"@id\":\"https:\/\/wpguerssen-test.odoo.rgbconsulting.com\/es\/#\/schema\/logo\/image\/\",\"url\":\"https:\/\/wpguerssen-test.odoo.rgbconsulting.com\/wp-content\/uploads\/2022\/04\/Logo_Guerssen_trans_100.png\",\"contentUrl\":\"https:\/\/wpguerssen-test.odoo.rgbconsulting.com\/wp-content\/uploads\/2022\/04\/Logo_Guerssen_trans_100.png\",\"width\":122,\"height\":100,\"caption\":\"Guerssen records\"},\"image\":{\"@id\":\"https:\/\/wpguerssen-test.odoo.rgbconsulting.com\/es\/#\/schema\/logo\/image\/\"}}]}<\/script>\n<!-- \/ Yoast SEO plugin. -->","yoast_head_json":{"title":"SPRINGSTEEN, Bruce - Hollywood Fm '92 (Crystal) -  (LP) | Guerssen","description":"This is a beloved broadcast of Bruce Springsteen; a rehearsal show for his 1992 - 1993 world tour for the albums Lucky Town and Human Touch. Backed by his impressive band, Bruce belts out earlier hits of his career like 'Born in the USA' and 'Glory Days'. His then new wife Patti Scialfa takes center stage and joins her husband on 'Human Touch'. The smash hit of this Springsteen era, 'Hungry Heart', gets the unplugged treatment during this performance, with Bruce playing the acoustic guitar and harmonica.","robots":{"index":"index","follow":"follow","max-snippet":"max-snippet:-1","max-image-preview":"max-image-preview:large","max-video-preview":"max-video-preview:-1"},"canonical":"https:\/\/wpguerssen-test.odoo.rgbconsulting.com\/es\/producto\/hollywood-fm-92-crystal\/","og_locale":"es_ES","og_type":"article","og_title":"SPRINGSTEEN, Bruce - Hollywood Fm '92 (Crystal) -  (LP) | Guerssen","og_description":"This is a beloved broadcast of Bruce Springsteen; a rehearsal show for his 1992 - 1993 world tour for the albums Lucky Town and Human Touch. Backed by his impressive band, Bruce belts out earlier hits of his career like 'Born in the USA' and 'Glory Days'. His then new wife Patti Scialfa takes center stage and joins her husband on 'Human Touch'. The smash hit of this Springsteen era, 'Hungry Heart', gets the unplugged treatment during this performance, with Bruce playing the acoustic guitar and harmonica.","og_url":"https:\/\/wpguerssen-test.odoo.rgbconsulting.com\/es\/producto\/hollywood-fm-92-crystal\/","og_site_name":"Guerssen records","article_modified_time":"2025-01-09T14:43:09+00:00","og_image":[{"width":1200,"height":899,"url":"https:\/\/wpguerssen-test.odoo.rgbconsulting.com\/wp-content\/uploads\/2024\/01\/46815.jpg","type":"image\/png"}],"twitter_card":"summary_large_image","twitter_title":"SPRINGSTEEN, Bruce - Hollywood Fm '92 (Crystal) -  (LP) | Guerssen","schema":{"@context":"https:\/\/schema.org","@graph":[{"@type":"WebPage","@id":"https:\/\/wpguerssen-test.odoo.rgbconsulting.com\/es\/producto\/hollywood-fm-92-crystal\/","url":"https:\/\/wpguerssen-test.odoo.rgbconsulting.com\/es\/producto\/hollywood-fm-92-crystal\/","name":"SPRINGSTEEN, Bruce - Hollywood Fm '92 (Crystal) - (LP) | Guerssen","isPartOf":{"@id":"https:\/\/wpguerssen-test.odoo.rgbconsulting.com\/es\/#website"},"primaryImageOfPage":{"@id":"https:\/\/wpguerssen-test.odoo.rgbconsulting.com\/es\/producto\/hollywood-fm-92-crystal\/#primaryimage"},"image":{"@id":"https:\/\/wpguerssen-test.odoo.rgbconsulting.com\/es\/producto\/hollywood-fm-92-crystal\/#primaryimage"},"thumbnailUrl":"https:\/\/wpguerssen-test.odoo.rgbconsulting.com\/wp-content\/uploads\/2024\/01\/46815.jpg","datePublished":"2024-02-22T23:00:00+00:00","dateModified":"2025-01-09T14:43:09+00:00","description":"This is a beloved broadcast of Bruce Springsteen; a rehearsal show for his 1992 - 1993 world tour for the albums Lucky Town and Human Touch. Backed by his impressive band, Bruce belts out earlier hits of his career like 'Born in the USA' and 'Glory Days'. His then new wife Patti Scialfa takes center stage and joins her husband on 'Human Touch'. The smash hit of this Springsteen era, 'Hungry Heart', gets the unplugged treatment during this performance, with Bruce playing the acoustic guitar and harmonica.","breadcrumb":{"@id":"https:\/\/wpguerssen-test.odoo.rgbconsulting.com\/es\/producto\/hollywood-fm-92-crystal\/#breadcrumb"},"inLanguage":"es","potentialAction":[{"@type":"ReadAction","target":["https:\/\/wpguerssen-test.odoo.rgbconsulting.com\/es\/producto\/hollywood-fm-92-crystal\/"]}]},{"@type":"ImageObject","inLanguage":"es","@id":"https:\/\/wpguerssen-test.odoo.rgbconsulting.com\/es\/producto\/hollywood-fm-92-crystal\/#primaryimage","url":"https:\/\/wpguerssen-test.odoo.rgbconsulting.com\/wp-content\/uploads\/2024\/01\/46815.jpg","contentUrl":"https:\/\/wpguerssen-test.odoo.rgbconsulting.com\/wp-content\/uploads\/2024\/01\/46815.jpg","width":1200,"height":899,"caption":"Bruce - Hollywood Fm '92 (Crystal) - VINYL CHAMP (LP) | Guerssen"},{"@type":"BreadcrumbList","@id":"https:\/\/wpguerssen-test.odoo.rgbconsulting.com\/es\/producto\/hollywood-fm-92-crystal\/#breadcrumb","itemListElement":[{"@type":"ListItem","position":1,"name":"Inicio","item":"https:\/\/wpguerssen-test.odoo.rgbconsulting.com\/es\/"},{"@type":"ListItem","position":2,"name":"Shop","item":"https:\/\/wpguerssen-test.odoo.rgbconsulting.com\/shop\/"},{"@type":"ListItem","position":3,"name":"Hollywood Fm &#8217;92 (Crystal)"}]},{"@type":"WebSite","@id":"https:\/\/wpguerssen-test.odoo.rgbconsulting.com\/es\/#website","url":"https:\/\/wpguerssen-test.odoo.rgbconsulting.com\/es\/","name":"Guerssen records","description":"psychedelia - progressive - folk - garage ","publisher":{"@id":"https:\/\/wpguerssen-test.odoo.rgbconsulting.com\/es\/#organization"},"potentialAction":[{"@type":"SearchAction","target":{"@type":"EntryPoint","urlTemplate":"https:\/\/wpguerssen-test.odoo.rgbconsulting.com\/es\/?s={search_term_string}"},"query-input":{"@type":"PropertyValueSpecification","valueRequired":true,"valueName":"search_term_string"}}],"inLanguage":"es"},{"@type":"Organization","@id":"https:\/\/wpguerssen-test.odoo.rgbconsulting.com\/es\/#organization","name":"Guerssen records","url":"https:\/\/wpguerssen-test.odoo.rgbconsulting.com\/es\/","logo":{"@type":"ImageObject","inLanguage":"es","@id":"https:\/\/wpguerssen-test.odoo.rgbconsulting.com\/es\/#\/schema\/logo\/image\/","url":"https:\/\/wpguerssen-test.odoo.rgbconsulting.com\/wp-content\/uploads\/2022\/04\/Logo_Guerssen_trans_100.png","contentUrl":"https:\/\/wpguerssen-test.odoo.rgbconsulting.com\/wp-content\/uploads\/2022\/04\/Logo_Guerssen_trans_100.png","width":122,"height":100,"caption":"Guerssen records"},"image":{"@id":"https:\/\/wpguerssen-test.odoo.rgbconsulting.com\/es\/#\/schema\/logo\/image\/"}}]}},"_links":{"self":[{"href":"https:\/\/wpguerssen-test.odoo.rgbconsulting.com\/es\/wp-json\/wp\/v2\/product\/250359","targetHints":{"allow":["GET"]}}],"collection":[{"href":"https:\/\/wpguerssen-test.odoo.rgbconsulting.com\/es\/wp-json\/wp\/v2\/product"}],"about":[{"href":"https:\/\/wpguerssen-test.odoo.rgbconsulting.com\/es\/wp-json\/wp\/v2\/types\/product"}],"wp:featuredmedia":[{"embeddable":true,"href":"https:\/\/wpguerssen-test.odoo.rgbconsulting.com\/es\/wp-json\/wp\/v2\/media\/250317"}],"wp:attachment":[{"href":"https:\/\/wpguerssen-test.odoo.rgbconsulting.com\/es\/wp-json\/wp\/v2\/media?parent=250359"}],"wp:term":[{"taxonomy":"product_brand","embeddable":true,"href":"https:\/\/wpguerssen-test.odoo.rgbconsulting.com\/es\/wp-json\/wp\/v2\/product_brand?post=250359"},{"taxonomy":"product_cat","embeddable":true,"href":"https:\/\/wpguerssen-test.odoo.rgbconsulting.com\/es\/wp-json\/wp\/v2\/product_cat?post=250359"},{"taxonomy":"product_tag","embeddable":true,"href":"https:\/\/wpguerssen-test.odoo.rgbconsulting.com\/es\/wp-json\/wp\/v2\/product_tag?post=250359"}],"curies":[{"name":"wp","href":"https:\/\/api.w.org\/{rel}","templated":true}]}}