{"id":250360,"date":"2024-02-23T00:00:00","date_gmt":"2024-02-22T23:00:00","guid":{"rendered":"https:\/\/wpguerssen-test.odoo.rgbconsulting.com\/product\/shibuya-kokaido-tokyo-1980-purple\/"},"modified":"2025-01-09T15:43:13","modified_gmt":"2025-01-09T14:43:13","slug":"shibuya-kokaido-tokyo-1980-purple","status":"publish","type":"product","link":"https:\/\/wpguerssen-test.odoo.rgbconsulting.com\/es\/producto\/shibuya-kokaido-tokyo-1980-purple\/","title":{"rendered":"Shibuya Kokaido Tokyo 1980 (Purple)"},"content":{"rendered":"<p>TOTO se apodera de Tokio y no hacen prisioneros. Est\u00e1n deleitando a su audiencia extranjera con una serie de \u00e9xitos como &#8216;Hold The Line&#8217;, 99&#8243;, &#8216;Georgy Porgy&#8217; y &#8216;I&#8217;ll Supply The Love&#8217;. Una banda formada por c\u00e9lebres m\u00fasicos de sesi\u00f3n, los talentosos miembros de la banda TOTO demostraron que dominan pr\u00e1cticamente cualquier g\u00e9nero, desde soul hasta hard rock, pero tambi\u00e9n resultaron ser m\u00e1quinas de \u00e9xitos del pop\/rock.<\/p>\n","protected":false},"excerpt":{"rendered":"<p>TOTO se apodera de Tokio y no hacen prisioneros. Est\u00e1n deleitando a su audiencia extranjera con una serie de \u00e9xitos como &#8216;Hold The Line&#8217;, 99&#8243;,<a class=\"read\" href=\"https:\/\/wpguerssen-test.odoo.rgbconsulting.com\/es\/producto\/shibuya-kokaido-tokyo-1980-purple\/\"> (...)<\/a>","protected":false},"featured_media":250320,"template":"","meta":{"_acf_changed":false},"product_brand":[],"product_cat":[23225],"product_tag":[29140],"class_list":{"0":"post-250360","1":"product","2":"type-product","3":"status-publish","4":"has-post-thumbnail","6":"product_cat-hard-rock-80s-90s-es-2","7":"product_tag-color-vinyl-es","8":"pa_artist-toto-es","9":"pa_format-lp-es","10":"pa_gender-hard-rock-80s-90s","11":"pa_label-vinyl-champ","12":"pa_location-north-america-es","13":"pa_other-filters-vinyl-only-es","15":"first","16":"instock","17":"taxable","18":"shipping-taxable","19":"purchasable","20":"product-type-simple"},"acf":[],"yoast_head":"<!-- This site is optimized with the Yoast SEO plugin v24.9 - https:\/\/yoast.com\/wordpress\/plugins\/seo\/ -->\n<title>TOTO - Shibuya Kokaido Tokyo 1980 (Purple) -  (LP) | Guerssen<\/title>\n<meta name=\"description\" content=\"TOTO takes over Tokyo and they take no prisoners. They&#039;re treating their overseas audience to a slue of hit songs like &#039;Hold The Line&#039;, 99&quot;, &#039;Georgy Porgy&#039; and &#039;I&#039;ll Supply The Love&#039;. A band formed by celebrated session musicians, the talented band members of TOTO proved they master pretty much any genre, from soul to hard rock, but they turned out to be pop\/rock hit machines as well.\" \/>\n<meta name=\"robots\" content=\"index, follow, max-snippet:-1, max-image-preview:large, max-video-preview:-1\" \/>\n<link rel=\"canonical\" href=\"https:\/\/wpguerssen-test.odoo.rgbconsulting.com\/es\/producto\/shibuya-kokaido-tokyo-1980-purple\/\" \/>\n<meta property=\"og:locale\" content=\"es_ES\" \/>\n<meta property=\"og:type\" content=\"article\" \/>\n<meta property=\"og:title\" content=\"TOTO - Shibuya Kokaido Tokyo 1980 (Purple) -  (LP) | Guerssen\" \/>\n<meta property=\"og:description\" content=\"TOTO takes over Tokyo and they take no prisoners. They&#039;re treating their overseas audience to a slue of hit songs like &#039;Hold The Line&#039;, 99&quot;, &#039;Georgy Porgy&#039; and &#039;I&#039;ll Supply The Love&#039;. A band formed by celebrated session musicians, the talented band members of TOTO proved they master pretty much any genre, from soul to hard rock, but they turned out to be pop\/rock hit machines as well.\" \/>\n<meta property=\"og:url\" content=\"https:\/\/wpguerssen-test.odoo.rgbconsulting.com\/es\/producto\/shibuya-kokaido-tokyo-1980-purple\/\" \/>\n<meta property=\"og:site_name\" content=\"Guerssen records\" \/>\n<meta property=\"article:modified_time\" content=\"2025-01-09T14:43:13+00:00\" \/>\n<meta property=\"og:image\" content=\"https:\/\/wpguerssen-test.odoo.rgbconsulting.com\/wp-content\/uploads\/2024\/01\/46816.jpg\" \/>\n\t<meta property=\"og:image:width\" content=\"1200\" \/>\n\t<meta property=\"og:image:height\" content=\"899\" \/>\n\t<meta property=\"og:image:type\" content=\"image\/png\" \/>\n<meta name=\"twitter:card\" content=\"summary_large_image\" \/>\n<meta name=\"twitter:title\" content=\"TOTO - Shibuya Kokaido Tokyo 1980 (Purple) -  (LP) | Guerssen\" \/>\n<script type=\"application\/ld+json\" class=\"yoast-schema-graph\">{\"@context\":\"https:\/\/schema.org\",\"@graph\":[{\"@type\":\"WebPage\",\"@id\":\"https:\/\/wpguerssen-test.odoo.rgbconsulting.com\/es\/producto\/shibuya-kokaido-tokyo-1980-purple\/\",\"url\":\"https:\/\/wpguerssen-test.odoo.rgbconsulting.com\/es\/producto\/shibuya-kokaido-tokyo-1980-purple\/\",\"name\":\"TOTO - Shibuya Kokaido Tokyo 1980 (Purple) - (LP) | Guerssen\",\"isPartOf\":{\"@id\":\"https:\/\/wpguerssen-test.odoo.rgbconsulting.com\/es\/#website\"},\"primaryImageOfPage\":{\"@id\":\"https:\/\/wpguerssen-test.odoo.rgbconsulting.com\/es\/producto\/shibuya-kokaido-tokyo-1980-purple\/#primaryimage\"},\"image\":{\"@id\":\"https:\/\/wpguerssen-test.odoo.rgbconsulting.com\/es\/producto\/shibuya-kokaido-tokyo-1980-purple\/#primaryimage\"},\"thumbnailUrl\":\"https:\/\/wpguerssen-test.odoo.rgbconsulting.com\/wp-content\/uploads\/2024\/01\/46816.jpg\",\"datePublished\":\"2024-02-22T23:00:00+00:00\",\"dateModified\":\"2025-01-09T14:43:13+00:00\",\"description\":\"TOTO takes over Tokyo and they take no prisoners. They're treating their overseas audience to a slue of hit songs like 'Hold The Line', 99\\\", 'Georgy Porgy' and 'I'll Supply The Love'. A band formed by celebrated session musicians, the talented band members of TOTO proved they master pretty much any genre, from soul to hard rock, but they turned out to be pop\/rock hit machines as well.\",\"breadcrumb\":{\"@id\":\"https:\/\/wpguerssen-test.odoo.rgbconsulting.com\/es\/producto\/shibuya-kokaido-tokyo-1980-purple\/#breadcrumb\"},\"inLanguage\":\"es\",\"potentialAction\":[{\"@type\":\"ReadAction\",\"target\":[\"https:\/\/wpguerssen-test.odoo.rgbconsulting.com\/es\/producto\/shibuya-kokaido-tokyo-1980-purple\/\"]}]},{\"@type\":\"ImageObject\",\"inLanguage\":\"es\",\"@id\":\"https:\/\/wpguerssen-test.odoo.rgbconsulting.com\/es\/producto\/shibuya-kokaido-tokyo-1980-purple\/#primaryimage\",\"url\":\"https:\/\/wpguerssen-test.odoo.rgbconsulting.com\/wp-content\/uploads\/2024\/01\/46816.jpg\",\"contentUrl\":\"https:\/\/wpguerssen-test.odoo.rgbconsulting.com\/wp-content\/uploads\/2024\/01\/46816.jpg\",\"width\":1200,\"height\":899},{\"@type\":\"BreadcrumbList\",\"@id\":\"https:\/\/wpguerssen-test.odoo.rgbconsulting.com\/es\/producto\/shibuya-kokaido-tokyo-1980-purple\/#breadcrumb\",\"itemListElement\":[{\"@type\":\"ListItem\",\"position\":1,\"name\":\"Inicio\",\"item\":\"https:\/\/wpguerssen-test.odoo.rgbconsulting.com\/es\/\"},{\"@type\":\"ListItem\",\"position\":2,\"name\":\"Shop\",\"item\":\"https:\/\/wpguerssen-test.odoo.rgbconsulting.com\/shop\/\"},{\"@type\":\"ListItem\",\"position\":3,\"name\":\"Shibuya Kokaido Tokyo 1980 (Purple)\"}]},{\"@type\":\"WebSite\",\"@id\":\"https:\/\/wpguerssen-test.odoo.rgbconsulting.com\/es\/#website\",\"url\":\"https:\/\/wpguerssen-test.odoo.rgbconsulting.com\/es\/\",\"name\":\"Guerssen records\",\"description\":\"psychedelia - progressive - folk - garage \",\"publisher\":{\"@id\":\"https:\/\/wpguerssen-test.odoo.rgbconsulting.com\/es\/#organization\"},\"potentialAction\":[{\"@type\":\"SearchAction\",\"target\":{\"@type\":\"EntryPoint\",\"urlTemplate\":\"https:\/\/wpguerssen-test.odoo.rgbconsulting.com\/es\/?s={search_term_string}\"},\"query-input\":{\"@type\":\"PropertyValueSpecification\",\"valueRequired\":true,\"valueName\":\"search_term_string\"}}],\"inLanguage\":\"es\"},{\"@type\":\"Organization\",\"@id\":\"https:\/\/wpguerssen-test.odoo.rgbconsulting.com\/es\/#organization\",\"name\":\"Guerssen records\",\"url\":\"https:\/\/wpguerssen-test.odoo.rgbconsulting.com\/es\/\",\"logo\":{\"@type\":\"ImageObject\",\"inLanguage\":\"es\",\"@id\":\"https:\/\/wpguerssen-test.odoo.rgbconsulting.com\/es\/#\/schema\/logo\/image\/\",\"url\":\"https:\/\/wpguerssen-test.odoo.rgbconsulting.com\/wp-content\/uploads\/2022\/04\/Logo_Guerssen_trans_100.png\",\"contentUrl\":\"https:\/\/wpguerssen-test.odoo.rgbconsulting.com\/wp-content\/uploads\/2022\/04\/Logo_Guerssen_trans_100.png\",\"width\":122,\"height\":100,\"caption\":\"Guerssen records\"},\"image\":{\"@id\":\"https:\/\/wpguerssen-test.odoo.rgbconsulting.com\/es\/#\/schema\/logo\/image\/\"}}]}<\/script>\n<!-- \/ Yoast SEO plugin. -->","yoast_head_json":{"title":"TOTO - Shibuya Kokaido Tokyo 1980 (Purple) -  (LP) | Guerssen","description":"TOTO takes over Tokyo and they take no prisoners. They're treating their overseas audience to a slue of hit songs like 'Hold The Line', 99\", 'Georgy Porgy' and 'I'll Supply The Love'. A band formed by celebrated session musicians, the talented band members of TOTO proved they master pretty much any genre, from soul to hard rock, but they turned out to be pop\/rock hit machines as well.","robots":{"index":"index","follow":"follow","max-snippet":"max-snippet:-1","max-image-preview":"max-image-preview:large","max-video-preview":"max-video-preview:-1"},"canonical":"https:\/\/wpguerssen-test.odoo.rgbconsulting.com\/es\/producto\/shibuya-kokaido-tokyo-1980-purple\/","og_locale":"es_ES","og_type":"article","og_title":"TOTO - Shibuya Kokaido Tokyo 1980 (Purple) -  (LP) | Guerssen","og_description":"TOTO takes over Tokyo and they take no prisoners. They're treating their overseas audience to a slue of hit songs like 'Hold The Line', 99\", 'Georgy Porgy' and 'I'll Supply The Love'. A band formed by celebrated session musicians, the talented band members of TOTO proved they master pretty much any genre, from soul to hard rock, but they turned out to be pop\/rock hit machines as well.","og_url":"https:\/\/wpguerssen-test.odoo.rgbconsulting.com\/es\/producto\/shibuya-kokaido-tokyo-1980-purple\/","og_site_name":"Guerssen records","article_modified_time":"2025-01-09T14:43:13+00:00","og_image":[{"width":1200,"height":899,"url":"https:\/\/wpguerssen-test.odoo.rgbconsulting.com\/wp-content\/uploads\/2024\/01\/46816.jpg","type":"image\/png"}],"twitter_card":"summary_large_image","twitter_title":"TOTO - Shibuya Kokaido Tokyo 1980 (Purple) -  (LP) | Guerssen","schema":{"@context":"https:\/\/schema.org","@graph":[{"@type":"WebPage","@id":"https:\/\/wpguerssen-test.odoo.rgbconsulting.com\/es\/producto\/shibuya-kokaido-tokyo-1980-purple\/","url":"https:\/\/wpguerssen-test.odoo.rgbconsulting.com\/es\/producto\/shibuya-kokaido-tokyo-1980-purple\/","name":"TOTO - Shibuya Kokaido Tokyo 1980 (Purple) - (LP) | Guerssen","isPartOf":{"@id":"https:\/\/wpguerssen-test.odoo.rgbconsulting.com\/es\/#website"},"primaryImageOfPage":{"@id":"https:\/\/wpguerssen-test.odoo.rgbconsulting.com\/es\/producto\/shibuya-kokaido-tokyo-1980-purple\/#primaryimage"},"image":{"@id":"https:\/\/wpguerssen-test.odoo.rgbconsulting.com\/es\/producto\/shibuya-kokaido-tokyo-1980-purple\/#primaryimage"},"thumbnailUrl":"https:\/\/wpguerssen-test.odoo.rgbconsulting.com\/wp-content\/uploads\/2024\/01\/46816.jpg","datePublished":"2024-02-22T23:00:00+00:00","dateModified":"2025-01-09T14:43:13+00:00","description":"TOTO takes over Tokyo and they take no prisoners. They're treating their overseas audience to a slue of hit songs like 'Hold The Line', 99\", 'Georgy Porgy' and 'I'll Supply The Love'. A band formed by celebrated session musicians, the talented band members of TOTO proved they master pretty much any genre, from soul to hard rock, but they turned out to be pop\/rock hit machines as well.","breadcrumb":{"@id":"https:\/\/wpguerssen-test.odoo.rgbconsulting.com\/es\/producto\/shibuya-kokaido-tokyo-1980-purple\/#breadcrumb"},"inLanguage":"es","potentialAction":[{"@type":"ReadAction","target":["https:\/\/wpguerssen-test.odoo.rgbconsulting.com\/es\/producto\/shibuya-kokaido-tokyo-1980-purple\/"]}]},{"@type":"ImageObject","inLanguage":"es","@id":"https:\/\/wpguerssen-test.odoo.rgbconsulting.com\/es\/producto\/shibuya-kokaido-tokyo-1980-purple\/#primaryimage","url":"https:\/\/wpguerssen-test.odoo.rgbconsulting.com\/wp-content\/uploads\/2024\/01\/46816.jpg","contentUrl":"https:\/\/wpguerssen-test.odoo.rgbconsulting.com\/wp-content\/uploads\/2024\/01\/46816.jpg","width":1200,"height":899},{"@type":"BreadcrumbList","@id":"https:\/\/wpguerssen-test.odoo.rgbconsulting.com\/es\/producto\/shibuya-kokaido-tokyo-1980-purple\/#breadcrumb","itemListElement":[{"@type":"ListItem","position":1,"name":"Inicio","item":"https:\/\/wpguerssen-test.odoo.rgbconsulting.com\/es\/"},{"@type":"ListItem","position":2,"name":"Shop","item":"https:\/\/wpguerssen-test.odoo.rgbconsulting.com\/shop\/"},{"@type":"ListItem","position":3,"name":"Shibuya Kokaido Tokyo 1980 (Purple)"}]},{"@type":"WebSite","@id":"https:\/\/wpguerssen-test.odoo.rgbconsulting.com\/es\/#website","url":"https:\/\/wpguerssen-test.odoo.rgbconsulting.com\/es\/","name":"Guerssen records","description":"psychedelia - progressive - folk - garage ","publisher":{"@id":"https:\/\/wpguerssen-test.odoo.rgbconsulting.com\/es\/#organization"},"potentialAction":[{"@type":"SearchAction","target":{"@type":"EntryPoint","urlTemplate":"https:\/\/wpguerssen-test.odoo.rgbconsulting.com\/es\/?s={search_term_string}"},"query-input":{"@type":"PropertyValueSpecification","valueRequired":true,"valueName":"search_term_string"}}],"inLanguage":"es"},{"@type":"Organization","@id":"https:\/\/wpguerssen-test.odoo.rgbconsulting.com\/es\/#organization","name":"Guerssen records","url":"https:\/\/wpguerssen-test.odoo.rgbconsulting.com\/es\/","logo":{"@type":"ImageObject","inLanguage":"es","@id":"https:\/\/wpguerssen-test.odoo.rgbconsulting.com\/es\/#\/schema\/logo\/image\/","url":"https:\/\/wpguerssen-test.odoo.rgbconsulting.com\/wp-content\/uploads\/2022\/04\/Logo_Guerssen_trans_100.png","contentUrl":"https:\/\/wpguerssen-test.odoo.rgbconsulting.com\/wp-content\/uploads\/2022\/04\/Logo_Guerssen_trans_100.png","width":122,"height":100,"caption":"Guerssen records"},"image":{"@id":"https:\/\/wpguerssen-test.odoo.rgbconsulting.com\/es\/#\/schema\/logo\/image\/"}}]}},"_links":{"self":[{"href":"https:\/\/wpguerssen-test.odoo.rgbconsulting.com\/es\/wp-json\/wp\/v2\/product\/250360","targetHints":{"allow":["GET"]}}],"collection":[{"href":"https:\/\/wpguerssen-test.odoo.rgbconsulting.com\/es\/wp-json\/wp\/v2\/product"}],"about":[{"href":"https:\/\/wpguerssen-test.odoo.rgbconsulting.com\/es\/wp-json\/wp\/v2\/types\/product"}],"wp:featuredmedia":[{"embeddable":true,"href":"https:\/\/wpguerssen-test.odoo.rgbconsulting.com\/es\/wp-json\/wp\/v2\/media\/250320"}],"wp:attachment":[{"href":"https:\/\/wpguerssen-test.odoo.rgbconsulting.com\/es\/wp-json\/wp\/v2\/media?parent=250360"}],"wp:term":[{"taxonomy":"product_brand","embeddable":true,"href":"https:\/\/wpguerssen-test.odoo.rgbconsulting.com\/es\/wp-json\/wp\/v2\/product_brand?post=250360"},{"taxonomy":"product_cat","embeddable":true,"href":"https:\/\/wpguerssen-test.odoo.rgbconsulting.com\/es\/wp-json\/wp\/v2\/product_cat?post=250360"},{"taxonomy":"product_tag","embeddable":true,"href":"https:\/\/wpguerssen-test.odoo.rgbconsulting.com\/es\/wp-json\/wp\/v2\/product_tag?post=250360"}],"curies":[{"name":"wp","href":"https:\/\/api.w.org\/{rel}","templated":true}]}}