{"id":250497,"date":"2025-04-09T00:00:00","date_gmt":"2025-04-08T22:00:00","guid":{"rendered":"https:\/\/wpguerssen-test.odoo.rgbconsulting.com\/product\/act-of-faith-ost\/"},"modified":"2025-04-10T16:39:20","modified_gmt":"2025-04-10T14:39:20","slug":"act-of-faith-ost","status":"publish","type":"product","link":"https:\/\/wpguerssen-test.odoo.rgbconsulting.com\/es\/producto\/act-of-faith-ost\/","title":{"rendered":"Act Of Faith OST"},"content":{"rendered":"<p>Vassilis Dertilis y Kostas Stratigopoulos convivieron en el grupo de art rock Apocalypsis en 1981, mientras que en 1982 escribieron juntos la banda sonora de la pel\u00edcula de Dimitris Arvanitis \u00abEn el camino hacia Dios\/ Acto de fe\u00bb. La banda sonora combina multitud de tendencias musicales, desde la m\u00fasica bizantina hasta el rock progresivo y el rock electr\u00f3nico de Tangerine Dream, construyendo un marco sonoro impresionante y unificado. En la banda sonora, Yiannis Zouganelis participa en una canci\u00f3n, mientras que todos los sintetizadores est\u00e1n a cargo de Vassilis Dertilis y las guitarras ac\u00fasticas\/el\u00e9ctricas de Kostas Stratigopoulos. B-otherSide Records se complace en lanzar la banda sonora en 200 copias de vinilo numeradas, que contienen un encarte de dos p\u00e1ginas con texto de Yiannis Zouganelis, fotograf\u00edas y cr\u00e9ditos, as\u00ed como una copia A5 del p\u00f3ster de lanzamiento de la pel\u00edcula.<\/p>\n","protected":false},"excerpt":{"rendered":"<p>Vassilis Dertilis y Kostas Stratigopoulos convivieron en el grupo de art rock Apocalypsis en 1981, mientras que en 1982 escribieron juntos la banda sonora de la pel\u00edcula<a class=\"read\" href=\"https:\/\/wpguerssen-test.odoo.rgbconsulting.com\/es\/producto\/act-of-faith-ost\/\"> (...)<\/a>","protected":false},"featured_media":247314,"template":"","meta":{"_acf_changed":false},"product_brand":[],"product_cat":[21641],"product_tag":[24185],"class_list":{"0":"post-250497","1":"product","2":"type-product","3":"status-publish","4":"has-post-thumbnail","6":"product_cat-soundtracks-es","7":"product_tag-de-nuevo-en-existencia","8":"pa_artist-dertilis-vassilis-stratigopoulos-kostas","9":"pa_format-lp-es","10":"pa_gender-soundtracks","11":"pa_label-b-other-side","12":"pa_location-europe-es","13":"pa_other-filters-vinyl-only-es","15":"first","16":"instock","17":"taxable","18":"shipping-taxable","19":"purchasable","20":"product-type-simple"},"acf":[],"yoast_head":"<!-- This site is optimized with the Yoast SEO plugin v24.9 - https:\/\/yoast.com\/wordpress\/plugins\/seo\/ -->\n<title>DERTILIS, Vassilis &amp; STRATIGOPOULOS, Kostas - Act Of Faith OST -  (LP) | Guerssen<\/title>\n<meta name=\"description\" content=\"Vassilis Dertilis and Kostas Stratigopoulos had co-existed in the art rock group Apocalypsis in 1981, while in 1982 they wrote together the Soundtrack for Dimitris Arvanitis&#039; film &quot;On the road to God\/ Act of faith&quot;. The soundtrack combines a multitude of musical trends from Byzantine music to progressive rock and the electronic rock of Tangerine Dream, building an impressive and unified sound framework. In the Soundtrack, Yiannis Zouganelis participates in a song, while all the synthesizers are handled by Vassilis Dertilis and the acoustic\/electric guitars by Kostas Stratigopoulos. B-otherSide records is pleased to release the soundtrack on 200 numbered vinyl copies, which contain a two-page insert containing text by Yiannis Zouganelis, photos and credits as well as an A5 copy of the film&#039;s release poster.\" \/>\n<meta name=\"robots\" content=\"index, follow, max-snippet:-1, max-image-preview:large, max-video-preview:-1\" \/>\n<link rel=\"canonical\" href=\"https:\/\/wpguerssen-test.odoo.rgbconsulting.com\/es\/producto\/act-of-faith-ost\/\" \/>\n<meta property=\"og:locale\" content=\"es_ES\" \/>\n<meta property=\"og:type\" content=\"article\" \/>\n<meta property=\"og:title\" content=\"DERTILIS, Vassilis &amp; STRATIGOPOULOS, Kostas - Act Of Faith OST -  (LP) | Guerssen\" \/>\n<meta property=\"og:description\" content=\"Vassilis Dertilis and Kostas Stratigopoulos had co-existed in the art rock group Apocalypsis in 1981, while in 1982 they wrote together the Soundtrack for Dimitris Arvanitis&#039; film &quot;On the road to God\/ Act of faith&quot;. The soundtrack combines a multitude of musical trends from Byzantine music to progressive rock and the electronic rock of Tangerine Dream, building an impressive and unified sound framework. In the Soundtrack, Yiannis Zouganelis participates in a song, while all the synthesizers are handled by Vassilis Dertilis and the acoustic\/electric guitars by Kostas Stratigopoulos. B-otherSide records is pleased to release the soundtrack on 200 numbered vinyl copies, which contain a two-page insert containing text by Yiannis Zouganelis, photos and credits as well as an A5 copy of the film&#039;s release poster.\" \/>\n<meta property=\"og:url\" content=\"https:\/\/wpguerssen-test.odoo.rgbconsulting.com\/es\/producto\/act-of-faith-ost\/\" \/>\n<meta property=\"og:site_name\" content=\"Guerssen records\" \/>\n<meta property=\"article:modified_time\" content=\"2025-04-10T14:39:20+00:00\" \/>\n<meta property=\"og:image\" content=\"https:\/\/wpguerssen-test.odoo.rgbconsulting.com\/wp-content\/uploads\/2023\/11\/46249.jpg\" \/>\n\t<meta property=\"og:image:width\" content=\"800\" \/>\n\t<meta property=\"og:image:height\" content=\"923\" \/>\n\t<meta property=\"og:image:type\" content=\"image\/jpeg\" \/>\n<meta name=\"twitter:card\" content=\"summary_large_image\" \/>\n<meta name=\"twitter:title\" content=\"DERTILIS, Vassilis &amp; STRATIGOPOULOS, Kostas - Act Of Faith OST -  (LP) | Guerssen\" \/>\n<meta name=\"twitter:label1\" content=\"Tiempo de lectura\" \/>\n\t<meta name=\"twitter:data1\" content=\"1 minuto\" \/>\n<script type=\"application\/ld+json\" class=\"yoast-schema-graph\">{\"@context\":\"https:\/\/schema.org\",\"@graph\":[{\"@type\":\"WebPage\",\"@id\":\"https:\/\/wpguerssen-test.odoo.rgbconsulting.com\/es\/producto\/act-of-faith-ost\/\",\"url\":\"https:\/\/wpguerssen-test.odoo.rgbconsulting.com\/es\/producto\/act-of-faith-ost\/\",\"name\":\"DERTILIS, Vassilis & STRATIGOPOULOS, Kostas - Act Of Faith OST - (LP) | Guerssen\",\"isPartOf\":{\"@id\":\"https:\/\/wpguerssen-test.odoo.rgbconsulting.com\/es\/#website\"},\"primaryImageOfPage\":{\"@id\":\"https:\/\/wpguerssen-test.odoo.rgbconsulting.com\/es\/producto\/act-of-faith-ost\/#primaryimage\"},\"image\":{\"@id\":\"https:\/\/wpguerssen-test.odoo.rgbconsulting.com\/es\/producto\/act-of-faith-ost\/#primaryimage\"},\"thumbnailUrl\":\"https:\/\/wpguerssen-test.odoo.rgbconsulting.com\/wp-content\/uploads\/2023\/11\/46249.jpg\",\"datePublished\":\"2025-04-08T22:00:00+00:00\",\"dateModified\":\"2025-04-10T14:39:20+00:00\",\"description\":\"Vassilis Dertilis and Kostas Stratigopoulos had co-existed in the art rock group Apocalypsis in 1981, while in 1982 they wrote together the Soundtrack for Dimitris Arvanitis' film \\\"On the road to God\/ Act of faith\\\". The soundtrack combines a multitude of musical trends from Byzantine music to progressive rock and the electronic rock of Tangerine Dream, building an impressive and unified sound framework. In the Soundtrack, Yiannis Zouganelis participates in a song, while all the synthesizers are handled by Vassilis Dertilis and the acoustic\/electric guitars by Kostas Stratigopoulos. B-otherSide records is pleased to release the soundtrack on 200 numbered vinyl copies, which contain a two-page insert containing text by Yiannis Zouganelis, photos and credits as well as an A5 copy of the film's release poster.\",\"breadcrumb\":{\"@id\":\"https:\/\/wpguerssen-test.odoo.rgbconsulting.com\/es\/producto\/act-of-faith-ost\/#breadcrumb\"},\"inLanguage\":\"es\",\"potentialAction\":[{\"@type\":\"ReadAction\",\"target\":[\"https:\/\/wpguerssen-test.odoo.rgbconsulting.com\/es\/producto\/act-of-faith-ost\/\"]}]},{\"@type\":\"ImageObject\",\"inLanguage\":\"es\",\"@id\":\"https:\/\/wpguerssen-test.odoo.rgbconsulting.com\/es\/producto\/act-of-faith-ost\/#primaryimage\",\"url\":\"https:\/\/wpguerssen-test.odoo.rgbconsulting.com\/wp-content\/uploads\/2023\/11\/46249.jpg\",\"contentUrl\":\"https:\/\/wpguerssen-test.odoo.rgbconsulting.com\/wp-content\/uploads\/2023\/11\/46249.jpg\",\"width\":800,\"height\":923,\"caption\":\"Vassilis & STRATIGOPOULOS\"},{\"@type\":\"BreadcrumbList\",\"@id\":\"https:\/\/wpguerssen-test.odoo.rgbconsulting.com\/es\/producto\/act-of-faith-ost\/#breadcrumb\",\"itemListElement\":[{\"@type\":\"ListItem\",\"position\":1,\"name\":\"Inicio\",\"item\":\"https:\/\/wpguerssen-test.odoo.rgbconsulting.com\/es\/\"},{\"@type\":\"ListItem\",\"position\":2,\"name\":\"Shop\",\"item\":\"https:\/\/wpguerssen-test.odoo.rgbconsulting.com\/shop\/\"},{\"@type\":\"ListItem\",\"position\":3,\"name\":\"Act Of Faith OST\"}]},{\"@type\":\"WebSite\",\"@id\":\"https:\/\/wpguerssen-test.odoo.rgbconsulting.com\/es\/#website\",\"url\":\"https:\/\/wpguerssen-test.odoo.rgbconsulting.com\/es\/\",\"name\":\"Guerssen records\",\"description\":\"psychedelia - progressive - folk - garage \",\"publisher\":{\"@id\":\"https:\/\/wpguerssen-test.odoo.rgbconsulting.com\/es\/#organization\"},\"potentialAction\":[{\"@type\":\"SearchAction\",\"target\":{\"@type\":\"EntryPoint\",\"urlTemplate\":\"https:\/\/wpguerssen-test.odoo.rgbconsulting.com\/es\/?s={search_term_string}\"},\"query-input\":{\"@type\":\"PropertyValueSpecification\",\"valueRequired\":true,\"valueName\":\"search_term_string\"}}],\"inLanguage\":\"es\"},{\"@type\":\"Organization\",\"@id\":\"https:\/\/wpguerssen-test.odoo.rgbconsulting.com\/es\/#organization\",\"name\":\"Guerssen records\",\"url\":\"https:\/\/wpguerssen-test.odoo.rgbconsulting.com\/es\/\",\"logo\":{\"@type\":\"ImageObject\",\"inLanguage\":\"es\",\"@id\":\"https:\/\/wpguerssen-test.odoo.rgbconsulting.com\/es\/#\/schema\/logo\/image\/\",\"url\":\"https:\/\/wpguerssen-test.odoo.rgbconsulting.com\/wp-content\/uploads\/2022\/04\/Logo_Guerssen_trans_100.png\",\"contentUrl\":\"https:\/\/wpguerssen-test.odoo.rgbconsulting.com\/wp-content\/uploads\/2022\/04\/Logo_Guerssen_trans_100.png\",\"width\":122,\"height\":100,\"caption\":\"Guerssen records\"},\"image\":{\"@id\":\"https:\/\/wpguerssen-test.odoo.rgbconsulting.com\/es\/#\/schema\/logo\/image\/\"}}]}<\/script>\n<!-- \/ Yoast SEO plugin. -->","yoast_head_json":{"title":"DERTILIS, Vassilis & STRATIGOPOULOS, Kostas - Act Of Faith OST -  (LP) | Guerssen","description":"Vassilis Dertilis and Kostas Stratigopoulos had co-existed in the art rock group Apocalypsis in 1981, while in 1982 they wrote together the Soundtrack for Dimitris Arvanitis' film \"On the road to God\/ Act of faith\". The soundtrack combines a multitude of musical trends from Byzantine music to progressive rock and the electronic rock of Tangerine Dream, building an impressive and unified sound framework. In the Soundtrack, Yiannis Zouganelis participates in a song, while all the synthesizers are handled by Vassilis Dertilis and the acoustic\/electric guitars by Kostas Stratigopoulos. B-otherSide records is pleased to release the soundtrack on 200 numbered vinyl copies, which contain a two-page insert containing text by Yiannis Zouganelis, photos and credits as well as an A5 copy of the film's release poster.","robots":{"index":"index","follow":"follow","max-snippet":"max-snippet:-1","max-image-preview":"max-image-preview:large","max-video-preview":"max-video-preview:-1"},"canonical":"https:\/\/wpguerssen-test.odoo.rgbconsulting.com\/es\/producto\/act-of-faith-ost\/","og_locale":"es_ES","og_type":"article","og_title":"DERTILIS, Vassilis & STRATIGOPOULOS, Kostas - Act Of Faith OST -  (LP) | Guerssen","og_description":"Vassilis Dertilis and Kostas Stratigopoulos had co-existed in the art rock group Apocalypsis in 1981, while in 1982 they wrote together the Soundtrack for Dimitris Arvanitis' film \"On the road to God\/ Act of faith\". The soundtrack combines a multitude of musical trends from Byzantine music to progressive rock and the electronic rock of Tangerine Dream, building an impressive and unified sound framework. In the Soundtrack, Yiannis Zouganelis participates in a song, while all the synthesizers are handled by Vassilis Dertilis and the acoustic\/electric guitars by Kostas Stratigopoulos. B-otherSide records is pleased to release the soundtrack on 200 numbered vinyl copies, which contain a two-page insert containing text by Yiannis Zouganelis, photos and credits as well as an A5 copy of the film's release poster.","og_url":"https:\/\/wpguerssen-test.odoo.rgbconsulting.com\/es\/producto\/act-of-faith-ost\/","og_site_name":"Guerssen records","article_modified_time":"2025-04-10T14:39:20+00:00","og_image":[{"width":800,"height":923,"url":"https:\/\/wpguerssen-test.odoo.rgbconsulting.com\/wp-content\/uploads\/2023\/11\/46249.jpg","type":"image\/jpeg"}],"twitter_card":"summary_large_image","twitter_title":"DERTILIS, Vassilis & STRATIGOPOULOS, Kostas - Act Of Faith OST -  (LP) | Guerssen","twitter_misc":{"Tiempo de lectura":"1 minuto"},"schema":{"@context":"https:\/\/schema.org","@graph":[{"@type":"WebPage","@id":"https:\/\/wpguerssen-test.odoo.rgbconsulting.com\/es\/producto\/act-of-faith-ost\/","url":"https:\/\/wpguerssen-test.odoo.rgbconsulting.com\/es\/producto\/act-of-faith-ost\/","name":"DERTILIS, Vassilis & STRATIGOPOULOS, Kostas - Act Of Faith OST - (LP) | Guerssen","isPartOf":{"@id":"https:\/\/wpguerssen-test.odoo.rgbconsulting.com\/es\/#website"},"primaryImageOfPage":{"@id":"https:\/\/wpguerssen-test.odoo.rgbconsulting.com\/es\/producto\/act-of-faith-ost\/#primaryimage"},"image":{"@id":"https:\/\/wpguerssen-test.odoo.rgbconsulting.com\/es\/producto\/act-of-faith-ost\/#primaryimage"},"thumbnailUrl":"https:\/\/wpguerssen-test.odoo.rgbconsulting.com\/wp-content\/uploads\/2023\/11\/46249.jpg","datePublished":"2025-04-08T22:00:00+00:00","dateModified":"2025-04-10T14:39:20+00:00","description":"Vassilis Dertilis and Kostas Stratigopoulos had co-existed in the art rock group Apocalypsis in 1981, while in 1982 they wrote together the Soundtrack for Dimitris Arvanitis' film \"On the road to God\/ Act of faith\". The soundtrack combines a multitude of musical trends from Byzantine music to progressive rock and the electronic rock of Tangerine Dream, building an impressive and unified sound framework. In the Soundtrack, Yiannis Zouganelis participates in a song, while all the synthesizers are handled by Vassilis Dertilis and the acoustic\/electric guitars by Kostas Stratigopoulos. B-otherSide records is pleased to release the soundtrack on 200 numbered vinyl copies, which contain a two-page insert containing text by Yiannis Zouganelis, photos and credits as well as an A5 copy of the film's release poster.","breadcrumb":{"@id":"https:\/\/wpguerssen-test.odoo.rgbconsulting.com\/es\/producto\/act-of-faith-ost\/#breadcrumb"},"inLanguage":"es","potentialAction":[{"@type":"ReadAction","target":["https:\/\/wpguerssen-test.odoo.rgbconsulting.com\/es\/producto\/act-of-faith-ost\/"]}]},{"@type":"ImageObject","inLanguage":"es","@id":"https:\/\/wpguerssen-test.odoo.rgbconsulting.com\/es\/producto\/act-of-faith-ost\/#primaryimage","url":"https:\/\/wpguerssen-test.odoo.rgbconsulting.com\/wp-content\/uploads\/2023\/11\/46249.jpg","contentUrl":"https:\/\/wpguerssen-test.odoo.rgbconsulting.com\/wp-content\/uploads\/2023\/11\/46249.jpg","width":800,"height":923,"caption":"Vassilis & STRATIGOPOULOS"},{"@type":"BreadcrumbList","@id":"https:\/\/wpguerssen-test.odoo.rgbconsulting.com\/es\/producto\/act-of-faith-ost\/#breadcrumb","itemListElement":[{"@type":"ListItem","position":1,"name":"Inicio","item":"https:\/\/wpguerssen-test.odoo.rgbconsulting.com\/es\/"},{"@type":"ListItem","position":2,"name":"Shop","item":"https:\/\/wpguerssen-test.odoo.rgbconsulting.com\/shop\/"},{"@type":"ListItem","position":3,"name":"Act Of Faith OST"}]},{"@type":"WebSite","@id":"https:\/\/wpguerssen-test.odoo.rgbconsulting.com\/es\/#website","url":"https:\/\/wpguerssen-test.odoo.rgbconsulting.com\/es\/","name":"Guerssen records","description":"psychedelia - progressive - folk - garage ","publisher":{"@id":"https:\/\/wpguerssen-test.odoo.rgbconsulting.com\/es\/#organization"},"potentialAction":[{"@type":"SearchAction","target":{"@type":"EntryPoint","urlTemplate":"https:\/\/wpguerssen-test.odoo.rgbconsulting.com\/es\/?s={search_term_string}"},"query-input":{"@type":"PropertyValueSpecification","valueRequired":true,"valueName":"search_term_string"}}],"inLanguage":"es"},{"@type":"Organization","@id":"https:\/\/wpguerssen-test.odoo.rgbconsulting.com\/es\/#organization","name":"Guerssen records","url":"https:\/\/wpguerssen-test.odoo.rgbconsulting.com\/es\/","logo":{"@type":"ImageObject","inLanguage":"es","@id":"https:\/\/wpguerssen-test.odoo.rgbconsulting.com\/es\/#\/schema\/logo\/image\/","url":"https:\/\/wpguerssen-test.odoo.rgbconsulting.com\/wp-content\/uploads\/2022\/04\/Logo_Guerssen_trans_100.png","contentUrl":"https:\/\/wpguerssen-test.odoo.rgbconsulting.com\/wp-content\/uploads\/2022\/04\/Logo_Guerssen_trans_100.png","width":122,"height":100,"caption":"Guerssen records"},"image":{"@id":"https:\/\/wpguerssen-test.odoo.rgbconsulting.com\/es\/#\/schema\/logo\/image\/"}}]}},"_links":{"self":[{"href":"https:\/\/wpguerssen-test.odoo.rgbconsulting.com\/es\/wp-json\/wp\/v2\/product\/250497","targetHints":{"allow":["GET"]}}],"collection":[{"href":"https:\/\/wpguerssen-test.odoo.rgbconsulting.com\/es\/wp-json\/wp\/v2\/product"}],"about":[{"href":"https:\/\/wpguerssen-test.odoo.rgbconsulting.com\/es\/wp-json\/wp\/v2\/types\/product"}],"wp:featuredmedia":[{"embeddable":true,"href":"https:\/\/wpguerssen-test.odoo.rgbconsulting.com\/es\/wp-json\/wp\/v2\/media\/247314"}],"wp:attachment":[{"href":"https:\/\/wpguerssen-test.odoo.rgbconsulting.com\/es\/wp-json\/wp\/v2\/media?parent=250497"}],"wp:term":[{"taxonomy":"product_brand","embeddable":true,"href":"https:\/\/wpguerssen-test.odoo.rgbconsulting.com\/es\/wp-json\/wp\/v2\/product_brand?post=250497"},{"taxonomy":"product_cat","embeddable":true,"href":"https:\/\/wpguerssen-test.odoo.rgbconsulting.com\/es\/wp-json\/wp\/v2\/product_cat?post=250497"},{"taxonomy":"product_tag","embeddable":true,"href":"https:\/\/wpguerssen-test.odoo.rgbconsulting.com\/es\/wp-json\/wp\/v2\/product_tag?post=250497"}],"curies":[{"name":"wp","href":"https:\/\/api.w.org\/{rel}","templated":true}]}}