{"id":250498,"date":"2024-01-31T00:00:00","date_gmt":"2024-01-30T23:00:00","guid":{"rendered":"https:\/\/wpguerssen-test.odoo.rgbconsulting.com\/product\/plays-philicorda-2\/"},"modified":"2024-12-05T16:16:35","modified_gmt":"2024-12-05T15:16:35","slug":"plays-philicorda","status":"publish","type":"product","link":"https:\/\/wpguerssen-test.odoo.rgbconsulting.com\/es\/producto\/plays-philicorda\/","title":{"rendered":"Plays Philicorda"},"content":{"rendered":"<p>En el \u00e1lbum de 1965, el compositor Mimis Plessas experiment\u00f3 con Philicorda, un instrumento el\u00e9ctrico de Philips que intent\u00f3 lanzarse a mediados de los a\u00f1os 60 junto con el \u00f3rgano Hammond. El potencial de este instrumento era pionero y bastante \u00abrevolucionario\u00bb para la \u00e9poca, algo que Mimis Plessas vio desde el principio. B\u00e1sicamente, transcribi\u00f3 siete de sus propias composiciones -m\u00e1s una de Manos Hadjidakis, Mikis Theodorakis, Kostas Klavvas, Kostas Giannidis y Kostas Kapnisis- adapt\u00e1ndolas todas a las necesidades y capacidades de Philicorda. El \u00e1lbum resultante fue un aire fresco de originalidad: un \u00e1lbum de jazz mezclado con elementos musicales de surf, bolero, shake, cha cha, hully gully, bossa nova, creando un sonido \u00fanico.<\/p>\n","protected":false},"excerpt":{"rendered":"<p>En el \u00e1lbum de 1965, el compositor Mimis Plessas experiment\u00f3 con Philicorda, un instrumento el\u00e9ctrico de Philips que intent\u00f3 lanzarse a mediados de los a\u00f1os 60<a class=\"read\" href=\"https:\/\/wpguerssen-test.odoo.rgbconsulting.com\/es\/producto\/plays-philicorda\/\"> (...)<\/a>","protected":false},"featured_media":246121,"template":"","meta":{"_acf_changed":false},"product_brand":[],"product_cat":[23231,23227],"product_tag":[],"class_list":{"0":"post-250498","1":"product","2":"type-product","3":"status-publish","4":"has-post-thumbnail","6":"product_cat-latin-brazilian-es","7":"product_cat-jazz-es","8":"pa_artist-plessas-mimis-es","9":"pa_format-lp-es","10":"pa_gender-jazz-latin-brazilian","11":"pa_label-b-otherside","12":"pa_location-europe-es","13":"pa_other-filters-vinyl-only-es","15":"first","16":"instock","17":"taxable","18":"shipping-taxable","19":"purchasable","20":"product-type-simple"},"acf":[],"yoast_head":"<!-- This site is optimized with the Yoast SEO plugin v24.9 - https:\/\/yoast.com\/wordpress\/plugins\/seo\/ -->\n<title>PLESSAS, Mimis - Plays Philicorda -  (LP) | Guerssen<\/title>\n<meta name=\"description\" content=\"REPRESS. At the album &quot;Mimis Plessas plays Philicorda&quot; from 1965, the composer Mimis Plessas experimented with Philicorda, a Philips electric instrument attempting a launch in mid-60&#039;s alongside the Hammond organ. The potential of this instrument was pioneering and quite &#039;revolutionary&#039; for that time, which Mimis Plessas saw from the very start. He essentially transcribed seven of his own compositions -plus one by Manos Hadjidakis, Mikis Theodorakis, Kostas Klavvas, Kostas Giannidis and Kostas Kapnisis- adapting them all after Philicorda&#039;s needs and span of capabilities. The result album was a fresh air of originality: a jazz album blended with music elements of surf, bolero, shake, cha cha, hully gully, bossa nova etc, creating a unique sound, resulting in it being considered the sonic precursor to &quot;Greece goes modern&quot; and remaining rare to this day having not been released on vinyl since then.The musicians who collaborated at this recording are : Yannis Kanellidis and Yannis Ioannou mandolin, Vassilis Panagiotopoulos trumpet, Yiannis Schizas trombone, Andrea Ortega saxophone, Rigas Saritziotis baritone and tenor saxophone, Nikos Ginos alto saxophone, Titos Kalliris guitar, Vassilis Teknetzoglou drums and Mimi Plessas philicorda.The recording procedures were hosted at the Finos Film studio, made by the recording engineer Mikes Damalas and the sleeve&#039;s photo was taken from Anna Maria Antippa. The reissue has been made on 700 heavy audiophile copies of 200gr vinyl in black color and is accompanied by a two-page insert that includes a text by the authoritative music critic Fontas Troussas and credits, with an English translation by Antonis Xagas and Fotini Zarogikas.The sound remastered was edited by Yiannis Kyris and the sleeve adaptions were made by Thanassis Xanthakos (Plan 59).\" \/>\n<meta name=\"robots\" content=\"index, follow, max-snippet:-1, max-image-preview:large, max-video-preview:-1\" \/>\n<link rel=\"canonical\" href=\"https:\/\/wpguerssen-test.odoo.rgbconsulting.com\/es\/producto\/plays-philicorda\/\" \/>\n<meta property=\"og:locale\" content=\"es_ES\" \/>\n<meta property=\"og:type\" content=\"article\" \/>\n<meta property=\"og:title\" content=\"PLESSAS, Mimis - Plays Philicorda -  (LP) | Guerssen\" \/>\n<meta property=\"og:description\" content=\"REPRESS. At the album &quot;Mimis Plessas plays Philicorda&quot; from 1965, the composer Mimis Plessas experimented with Philicorda, a Philips electric instrument attempting a launch in mid-60&#039;s alongside the Hammond organ. The potential of this instrument was pioneering and quite &#039;revolutionary&#039; for that time, which Mimis Plessas saw from the very start. He essentially transcribed seven of his own compositions -plus one by Manos Hadjidakis, Mikis Theodorakis, Kostas Klavvas, Kostas Giannidis and Kostas Kapnisis- adapting them all after Philicorda&#039;s needs and span of capabilities. The result album was a fresh air of originality: a jazz album blended with music elements of surf, bolero, shake, cha cha, hully gully, bossa nova etc, creating a unique sound, resulting in it being considered the sonic precursor to &quot;Greece goes modern&quot; and remaining rare to this day having not been released on vinyl since then.The musicians who collaborated at this recording are : Yannis Kanellidis and Yannis Ioannou mandolin, Vassilis Panagiotopoulos trumpet, Yiannis Schizas trombone, Andrea Ortega saxophone, Rigas Saritziotis baritone and tenor saxophone, Nikos Ginos alto saxophone, Titos Kalliris guitar, Vassilis Teknetzoglou drums and Mimi Plessas philicorda.The recording procedures were hosted at the Finos Film studio, made by the recording engineer Mikes Damalas and the sleeve&#039;s photo was taken from Anna Maria Antippa. The reissue has been made on 700 heavy audiophile copies of 200gr vinyl in black color and is accompanied by a two-page insert that includes a text by the authoritative music critic Fontas Troussas and credits, with an English translation by Antonis Xagas and Fotini Zarogikas.The sound remastered was edited by Yiannis Kyris and the sleeve adaptions were made by Thanassis Xanthakos (Plan 59).\" \/>\n<meta property=\"og:url\" content=\"https:\/\/wpguerssen-test.odoo.rgbconsulting.com\/es\/producto\/plays-philicorda\/\" \/>\n<meta property=\"og:site_name\" content=\"Guerssen records\" \/>\n<meta property=\"article:modified_time\" content=\"2024-12-05T15:16:35+00:00\" \/>\n<meta property=\"og:image\" content=\"https:\/\/wpguerssen-test.odoo.rgbconsulting.com\/wp-content\/uploads\/2023\/11\/46253.jpg\" \/>\n\t<meta property=\"og:image:width\" content=\"584\" \/>\n\t<meta property=\"og:image:height\" content=\"600\" \/>\n\t<meta property=\"og:image:type\" content=\"image\/jpeg\" \/>\n<meta name=\"twitter:card\" content=\"summary_large_image\" \/>\n<meta name=\"twitter:title\" content=\"PLESSAS, Mimis - Plays Philicorda -  (LP) | Guerssen\" \/>\n<meta name=\"twitter:label1\" content=\"Tiempo de lectura\" \/>\n\t<meta name=\"twitter:data1\" content=\"1 minuto\" \/>\n<script type=\"application\/ld+json\" class=\"yoast-schema-graph\">{\"@context\":\"https:\/\/schema.org\",\"@graph\":[{\"@type\":\"WebPage\",\"@id\":\"https:\/\/wpguerssen-test.odoo.rgbconsulting.com\/es\/producto\/plays-philicorda\/\",\"url\":\"https:\/\/wpguerssen-test.odoo.rgbconsulting.com\/es\/producto\/plays-philicorda\/\",\"name\":\"PLESSAS, Mimis - Plays Philicorda - (LP) | Guerssen\",\"isPartOf\":{\"@id\":\"https:\/\/wpguerssen-test.odoo.rgbconsulting.com\/es\/#website\"},\"primaryImageOfPage\":{\"@id\":\"https:\/\/wpguerssen-test.odoo.rgbconsulting.com\/es\/producto\/plays-philicorda\/#primaryimage\"},\"image\":{\"@id\":\"https:\/\/wpguerssen-test.odoo.rgbconsulting.com\/es\/producto\/plays-philicorda\/#primaryimage\"},\"thumbnailUrl\":\"https:\/\/wpguerssen-test.odoo.rgbconsulting.com\/wp-content\/uploads\/2023\/11\/46253.jpg\",\"datePublished\":\"2024-01-30T23:00:00+00:00\",\"dateModified\":\"2024-12-05T15:16:35+00:00\",\"description\":\"REPRESS. At the album \\\"Mimis Plessas plays Philicorda\\\" from 1965, the composer Mimis Plessas experimented with Philicorda, a Philips electric instrument attempting a launch in mid-60's alongside the Hammond organ. The potential of this instrument was pioneering and quite 'revolutionary' for that time, which Mimis Plessas saw from the very start. He essentially transcribed seven of his own compositions -plus one by Manos Hadjidakis, Mikis Theodorakis, Kostas Klavvas, Kostas Giannidis and Kostas Kapnisis- adapting them all after Philicorda's needs and span of capabilities. The result album was a fresh air of originality: a jazz album blended with music elements of surf, bolero, shake, cha cha, hully gully, bossa nova etc, creating a unique sound, resulting in it being considered the sonic precursor to \\\"Greece goes modern\\\" and remaining rare to this day having not been released on vinyl since then.The musicians who collaborated at this recording are : Yannis Kanellidis and Yannis Ioannou mandolin, Vassilis Panagiotopoulos trumpet, Yiannis Schizas trombone, Andrea Ortega saxophone, Rigas Saritziotis baritone and tenor saxophone, Nikos Ginos alto saxophone, Titos Kalliris guitar, Vassilis Teknetzoglou drums and Mimi Plessas philicorda.The recording procedures were hosted at the Finos Film studio, made by the recording engineer Mikes Damalas and the sleeve's photo was taken from Anna Maria Antippa. The reissue has been made on 700 heavy audiophile copies of 200gr vinyl in black color and is accompanied by a two-page insert that includes a text by the authoritative music critic Fontas Troussas and credits, with an English translation by Antonis Xagas and Fotini Zarogikas.The sound remastered was edited by Yiannis Kyris and the sleeve adaptions were made by Thanassis Xanthakos (Plan 59).\",\"breadcrumb\":{\"@id\":\"https:\/\/wpguerssen-test.odoo.rgbconsulting.com\/es\/producto\/plays-philicorda\/#breadcrumb\"},\"inLanguage\":\"es\",\"potentialAction\":[{\"@type\":\"ReadAction\",\"target\":[\"https:\/\/wpguerssen-test.odoo.rgbconsulting.com\/es\/producto\/plays-philicorda\/\"]}]},{\"@type\":\"ImageObject\",\"inLanguage\":\"es\",\"@id\":\"https:\/\/wpguerssen-test.odoo.rgbconsulting.com\/es\/producto\/plays-philicorda\/#primaryimage\",\"url\":\"https:\/\/wpguerssen-test.odoo.rgbconsulting.com\/wp-content\/uploads\/2023\/11\/46253.jpg\",\"contentUrl\":\"https:\/\/wpguerssen-test.odoo.rgbconsulting.com\/wp-content\/uploads\/2023\/11\/46253.jpg\",\"width\":584,\"height\":600,\"caption\":\"Mimis - Plays Philicorda - B-OTHERSIDE (LP) | Guerssen\"},{\"@type\":\"BreadcrumbList\",\"@id\":\"https:\/\/wpguerssen-test.odoo.rgbconsulting.com\/es\/producto\/plays-philicorda\/#breadcrumb\",\"itemListElement\":[{\"@type\":\"ListItem\",\"position\":1,\"name\":\"Inicio\",\"item\":\"https:\/\/wpguerssen-test.odoo.rgbconsulting.com\/es\/\"},{\"@type\":\"ListItem\",\"position\":2,\"name\":\"Shop\",\"item\":\"https:\/\/wpguerssen-test.odoo.rgbconsulting.com\/shop\/\"},{\"@type\":\"ListItem\",\"position\":3,\"name\":\"Plays Philicorda\"}]},{\"@type\":\"WebSite\",\"@id\":\"https:\/\/wpguerssen-test.odoo.rgbconsulting.com\/es\/#website\",\"url\":\"https:\/\/wpguerssen-test.odoo.rgbconsulting.com\/es\/\",\"name\":\"Guerssen records\",\"description\":\"psychedelia - progressive - folk - garage \",\"publisher\":{\"@id\":\"https:\/\/wpguerssen-test.odoo.rgbconsulting.com\/es\/#organization\"},\"potentialAction\":[{\"@type\":\"SearchAction\",\"target\":{\"@type\":\"EntryPoint\",\"urlTemplate\":\"https:\/\/wpguerssen-test.odoo.rgbconsulting.com\/es\/?s={search_term_string}\"},\"query-input\":{\"@type\":\"PropertyValueSpecification\",\"valueRequired\":true,\"valueName\":\"search_term_string\"}}],\"inLanguage\":\"es\"},{\"@type\":\"Organization\",\"@id\":\"https:\/\/wpguerssen-test.odoo.rgbconsulting.com\/es\/#organization\",\"name\":\"Guerssen records\",\"url\":\"https:\/\/wpguerssen-test.odoo.rgbconsulting.com\/es\/\",\"logo\":{\"@type\":\"ImageObject\",\"inLanguage\":\"es\",\"@id\":\"https:\/\/wpguerssen-test.odoo.rgbconsulting.com\/es\/#\/schema\/logo\/image\/\",\"url\":\"https:\/\/wpguerssen-test.odoo.rgbconsulting.com\/wp-content\/uploads\/2022\/04\/Logo_Guerssen_trans_100.png\",\"contentUrl\":\"https:\/\/wpguerssen-test.odoo.rgbconsulting.com\/wp-content\/uploads\/2022\/04\/Logo_Guerssen_trans_100.png\",\"width\":122,\"height\":100,\"caption\":\"Guerssen records\"},\"image\":{\"@id\":\"https:\/\/wpguerssen-test.odoo.rgbconsulting.com\/es\/#\/schema\/logo\/image\/\"}}]}<\/script>\n<!-- \/ Yoast SEO plugin. -->","yoast_head_json":{"title":"PLESSAS, Mimis - Plays Philicorda -  (LP) | Guerssen","description":"REPRESS. At the album \"Mimis Plessas plays Philicorda\" from 1965, the composer Mimis Plessas experimented with Philicorda, a Philips electric instrument attempting a launch in mid-60's alongside the Hammond organ. The potential of this instrument was pioneering and quite 'revolutionary' for that time, which Mimis Plessas saw from the very start. He essentially transcribed seven of his own compositions -plus one by Manos Hadjidakis, Mikis Theodorakis, Kostas Klavvas, Kostas Giannidis and Kostas Kapnisis- adapting them all after Philicorda's needs and span of capabilities. The result album was a fresh air of originality: a jazz album blended with music elements of surf, bolero, shake, cha cha, hully gully, bossa nova etc, creating a unique sound, resulting in it being considered the sonic precursor to \"Greece goes modern\" and remaining rare to this day having not been released on vinyl since then.The musicians who collaborated at this recording are : Yannis Kanellidis and Yannis Ioannou mandolin, Vassilis Panagiotopoulos trumpet, Yiannis Schizas trombone, Andrea Ortega saxophone, Rigas Saritziotis baritone and tenor saxophone, Nikos Ginos alto saxophone, Titos Kalliris guitar, Vassilis Teknetzoglou drums and Mimi Plessas philicorda.The recording procedures were hosted at the Finos Film studio, made by the recording engineer Mikes Damalas and the sleeve's photo was taken from Anna Maria Antippa. The reissue has been made on 700 heavy audiophile copies of 200gr vinyl in black color and is accompanied by a two-page insert that includes a text by the authoritative music critic Fontas Troussas and credits, with an English translation by Antonis Xagas and Fotini Zarogikas.The sound remastered was edited by Yiannis Kyris and the sleeve adaptions were made by Thanassis Xanthakos (Plan 59).","robots":{"index":"index","follow":"follow","max-snippet":"max-snippet:-1","max-image-preview":"max-image-preview:large","max-video-preview":"max-video-preview:-1"},"canonical":"https:\/\/wpguerssen-test.odoo.rgbconsulting.com\/es\/producto\/plays-philicorda\/","og_locale":"es_ES","og_type":"article","og_title":"PLESSAS, Mimis - Plays Philicorda -  (LP) | Guerssen","og_description":"REPRESS. At the album \"Mimis Plessas plays Philicorda\" from 1965, the composer Mimis Plessas experimented with Philicorda, a Philips electric instrument attempting a launch in mid-60's alongside the Hammond organ. The potential of this instrument was pioneering and quite 'revolutionary' for that time, which Mimis Plessas saw from the very start. He essentially transcribed seven of his own compositions -plus one by Manos Hadjidakis, Mikis Theodorakis, Kostas Klavvas, Kostas Giannidis and Kostas Kapnisis- adapting them all after Philicorda's needs and span of capabilities. The result album was a fresh air of originality: a jazz album blended with music elements of surf, bolero, shake, cha cha, hully gully, bossa nova etc, creating a unique sound, resulting in it being considered the sonic precursor to \"Greece goes modern\" and remaining rare to this day having not been released on vinyl since then.The musicians who collaborated at this recording are : Yannis Kanellidis and Yannis Ioannou mandolin, Vassilis Panagiotopoulos trumpet, Yiannis Schizas trombone, Andrea Ortega saxophone, Rigas Saritziotis baritone and tenor saxophone, Nikos Ginos alto saxophone, Titos Kalliris guitar, Vassilis Teknetzoglou drums and Mimi Plessas philicorda.The recording procedures were hosted at the Finos Film studio, made by the recording engineer Mikes Damalas and the sleeve's photo was taken from Anna Maria Antippa. The reissue has been made on 700 heavy audiophile copies of 200gr vinyl in black color and is accompanied by a two-page insert that includes a text by the authoritative music critic Fontas Troussas and credits, with an English translation by Antonis Xagas and Fotini Zarogikas.The sound remastered was edited by Yiannis Kyris and the sleeve adaptions were made by Thanassis Xanthakos (Plan 59).","og_url":"https:\/\/wpguerssen-test.odoo.rgbconsulting.com\/es\/producto\/plays-philicorda\/","og_site_name":"Guerssen records","article_modified_time":"2024-12-05T15:16:35+00:00","og_image":[{"width":584,"height":600,"url":"https:\/\/wpguerssen-test.odoo.rgbconsulting.com\/wp-content\/uploads\/2023\/11\/46253.jpg","type":"image\/jpeg"}],"twitter_card":"summary_large_image","twitter_title":"PLESSAS, Mimis - Plays Philicorda -  (LP) | Guerssen","twitter_misc":{"Tiempo de lectura":"1 minuto"},"schema":{"@context":"https:\/\/schema.org","@graph":[{"@type":"WebPage","@id":"https:\/\/wpguerssen-test.odoo.rgbconsulting.com\/es\/producto\/plays-philicorda\/","url":"https:\/\/wpguerssen-test.odoo.rgbconsulting.com\/es\/producto\/plays-philicorda\/","name":"PLESSAS, Mimis - Plays Philicorda - (LP) | Guerssen","isPartOf":{"@id":"https:\/\/wpguerssen-test.odoo.rgbconsulting.com\/es\/#website"},"primaryImageOfPage":{"@id":"https:\/\/wpguerssen-test.odoo.rgbconsulting.com\/es\/producto\/plays-philicorda\/#primaryimage"},"image":{"@id":"https:\/\/wpguerssen-test.odoo.rgbconsulting.com\/es\/producto\/plays-philicorda\/#primaryimage"},"thumbnailUrl":"https:\/\/wpguerssen-test.odoo.rgbconsulting.com\/wp-content\/uploads\/2023\/11\/46253.jpg","datePublished":"2024-01-30T23:00:00+00:00","dateModified":"2024-12-05T15:16:35+00:00","description":"REPRESS. At the album \"Mimis Plessas plays Philicorda\" from 1965, the composer Mimis Plessas experimented with Philicorda, a Philips electric instrument attempting a launch in mid-60's alongside the Hammond organ. The potential of this instrument was pioneering and quite 'revolutionary' for that time, which Mimis Plessas saw from the very start. He essentially transcribed seven of his own compositions -plus one by Manos Hadjidakis, Mikis Theodorakis, Kostas Klavvas, Kostas Giannidis and Kostas Kapnisis- adapting them all after Philicorda's needs and span of capabilities. The result album was a fresh air of originality: a jazz album blended with music elements of surf, bolero, shake, cha cha, hully gully, bossa nova etc, creating a unique sound, resulting in it being considered the sonic precursor to \"Greece goes modern\" and remaining rare to this day having not been released on vinyl since then.The musicians who collaborated at this recording are : Yannis Kanellidis and Yannis Ioannou mandolin, Vassilis Panagiotopoulos trumpet, Yiannis Schizas trombone, Andrea Ortega saxophone, Rigas Saritziotis baritone and tenor saxophone, Nikos Ginos alto saxophone, Titos Kalliris guitar, Vassilis Teknetzoglou drums and Mimi Plessas philicorda.The recording procedures were hosted at the Finos Film studio, made by the recording engineer Mikes Damalas and the sleeve's photo was taken from Anna Maria Antippa. The reissue has been made on 700 heavy audiophile copies of 200gr vinyl in black color and is accompanied by a two-page insert that includes a text by the authoritative music critic Fontas Troussas and credits, with an English translation by Antonis Xagas and Fotini Zarogikas.The sound remastered was edited by Yiannis Kyris and the sleeve adaptions were made by Thanassis Xanthakos (Plan 59).","breadcrumb":{"@id":"https:\/\/wpguerssen-test.odoo.rgbconsulting.com\/es\/producto\/plays-philicorda\/#breadcrumb"},"inLanguage":"es","potentialAction":[{"@type":"ReadAction","target":["https:\/\/wpguerssen-test.odoo.rgbconsulting.com\/es\/producto\/plays-philicorda\/"]}]},{"@type":"ImageObject","inLanguage":"es","@id":"https:\/\/wpguerssen-test.odoo.rgbconsulting.com\/es\/producto\/plays-philicorda\/#primaryimage","url":"https:\/\/wpguerssen-test.odoo.rgbconsulting.com\/wp-content\/uploads\/2023\/11\/46253.jpg","contentUrl":"https:\/\/wpguerssen-test.odoo.rgbconsulting.com\/wp-content\/uploads\/2023\/11\/46253.jpg","width":584,"height":600,"caption":"Mimis - Plays Philicorda - B-OTHERSIDE (LP) | Guerssen"},{"@type":"BreadcrumbList","@id":"https:\/\/wpguerssen-test.odoo.rgbconsulting.com\/es\/producto\/plays-philicorda\/#breadcrumb","itemListElement":[{"@type":"ListItem","position":1,"name":"Inicio","item":"https:\/\/wpguerssen-test.odoo.rgbconsulting.com\/es\/"},{"@type":"ListItem","position":2,"name":"Shop","item":"https:\/\/wpguerssen-test.odoo.rgbconsulting.com\/shop\/"},{"@type":"ListItem","position":3,"name":"Plays Philicorda"}]},{"@type":"WebSite","@id":"https:\/\/wpguerssen-test.odoo.rgbconsulting.com\/es\/#website","url":"https:\/\/wpguerssen-test.odoo.rgbconsulting.com\/es\/","name":"Guerssen records","description":"psychedelia - progressive - folk - garage ","publisher":{"@id":"https:\/\/wpguerssen-test.odoo.rgbconsulting.com\/es\/#organization"},"potentialAction":[{"@type":"SearchAction","target":{"@type":"EntryPoint","urlTemplate":"https:\/\/wpguerssen-test.odoo.rgbconsulting.com\/es\/?s={search_term_string}"},"query-input":{"@type":"PropertyValueSpecification","valueRequired":true,"valueName":"search_term_string"}}],"inLanguage":"es"},{"@type":"Organization","@id":"https:\/\/wpguerssen-test.odoo.rgbconsulting.com\/es\/#organization","name":"Guerssen records","url":"https:\/\/wpguerssen-test.odoo.rgbconsulting.com\/es\/","logo":{"@type":"ImageObject","inLanguage":"es","@id":"https:\/\/wpguerssen-test.odoo.rgbconsulting.com\/es\/#\/schema\/logo\/image\/","url":"https:\/\/wpguerssen-test.odoo.rgbconsulting.com\/wp-content\/uploads\/2022\/04\/Logo_Guerssen_trans_100.png","contentUrl":"https:\/\/wpguerssen-test.odoo.rgbconsulting.com\/wp-content\/uploads\/2022\/04\/Logo_Guerssen_trans_100.png","width":122,"height":100,"caption":"Guerssen records"},"image":{"@id":"https:\/\/wpguerssen-test.odoo.rgbconsulting.com\/es\/#\/schema\/logo\/image\/"}}]}},"_links":{"self":[{"href":"https:\/\/wpguerssen-test.odoo.rgbconsulting.com\/es\/wp-json\/wp\/v2\/product\/250498","targetHints":{"allow":["GET"]}}],"collection":[{"href":"https:\/\/wpguerssen-test.odoo.rgbconsulting.com\/es\/wp-json\/wp\/v2\/product"}],"about":[{"href":"https:\/\/wpguerssen-test.odoo.rgbconsulting.com\/es\/wp-json\/wp\/v2\/types\/product"}],"wp:featuredmedia":[{"embeddable":true,"href":"https:\/\/wpguerssen-test.odoo.rgbconsulting.com\/es\/wp-json\/wp\/v2\/media\/246121"}],"wp:attachment":[{"href":"https:\/\/wpguerssen-test.odoo.rgbconsulting.com\/es\/wp-json\/wp\/v2\/media?parent=250498"}],"wp:term":[{"taxonomy":"product_brand","embeddable":true,"href":"https:\/\/wpguerssen-test.odoo.rgbconsulting.com\/es\/wp-json\/wp\/v2\/product_brand?post=250498"},{"taxonomy":"product_cat","embeddable":true,"href":"https:\/\/wpguerssen-test.odoo.rgbconsulting.com\/es\/wp-json\/wp\/v2\/product_cat?post=250498"},{"taxonomy":"product_tag","embeddable":true,"href":"https:\/\/wpguerssen-test.odoo.rgbconsulting.com\/es\/wp-json\/wp\/v2\/product_tag?post=250498"}],"curies":[{"name":"wp","href":"https:\/\/api.w.org\/{rel}","templated":true}]}}