{"id":250525,"date":"2024-01-23T00:00:00","date_gmt":"2024-01-22T23:00:00","guid":{"rendered":"https:\/\/wpguerssen-test.odoo.rgbconsulting.com\/product\/on-a-faim-anarchy-music\/"},"modified":"2024-09-03T16:20:32","modified_gmt":"2024-09-03T14:20:32","slug":"on-a-faim-anarchy-music","status":"publish","type":"product","link":"https:\/\/wpguerssen-test.odoo.rgbconsulting.com\/es\/producto\/on-a-faim-anarchy-music\/","title":{"rendered":"On A Faim! Anarchy &#038; Music"},"content":{"rendered":"<p>\u00ab\u00a1On A Faim!\u00bb Fue originalmente un fanzine de m\u00fasica anarquista creado en 1984.En torno al fanzine creci\u00f3 toda una red, sin v\u00ednculos geogr\u00e1ficos, que ayudaba a escribir art\u00edculos y distribuirlos (a menudo a mano). El nombre del fanzine empez\u00f3 incluso a aparecer en relaci\u00f3n con la organizaci\u00f3n de conciertos (Ludwig Von 88, Raymonde et les Blancs Becs, les Thugs, Les Eject\u00e9s, Kortatu, Yo Pizza Jump, etc.) y la creaci\u00f3n de programas de radio.<br \/> El sello  \u00ab\u00a1On A Faim!\u00bb naci\u00f3 a finales de los a\u00f1os 80, tras la publicaci\u00f3n de numerosas cintas en directo y recopilaciones tem\u00e1ticas: \u00abA Bas Toutes Les Arm\u00e9es\u00bb, \u00abCette Machine Sert A Tuer Tous Les Fascistes\u00bb, \u00abNi Jah Ni Maitre\u00bb, \u00abPogo Avec Les Loups\u00bb. Luego vinieron los primeros \u00e1lbumes art\u00edsticos con D\u00e9sert Culturel, Un Dolor, Have Nots, Kargols, Pleum, Mister Moonlight, Rude Boy System&#8230; Tambi\u00e9n aqu\u00ed las elecciones art\u00edsticas se hicieron principalmente sobre la base de los encuentros humanos, la atenci\u00f3n prestada a el enfoque y discurso de las bandas, y su actitud hacia el p\u00fablico&#8230; \u00a1incluso antes de escuchar la m\u00e1s m\u00ednima demo!<br \/>Archives de la Zone Mondiale quiso rendir homenaje a este sello inspirador, que marc\u00f3 la historia de la m\u00fasica independiente y comprometida para casi 15 a\u00f1os. Con uno de sus fundadores, Jean Pierre Levaray, hemos elaborado inteligentemente una especie de antolog\u00eda musical que recorre las bandas esenciales que han marcado la historia del sello y del fanzine.<br \/>Esta es una recopilaci\u00f3n en doble de vinilo de 20 pistas en una portada desplegable muy gr\u00e1fica, que recorre la extraordinaria trayectoria del sello independientemente del estilo musical: punk, por supuesto, pero tambi\u00e9n ska, hardcore y chanson&#8230;<br \/>Por \u00faltimo, Adem\u00e1s, todos los derechos de autor de esta recopilaci\u00f3n en doble vinilo se donan a las librer\u00edas de fanzines Uzine (Le Havre) y Fanzinarium (Par\u00eds).<\/p>\n","protected":false},"excerpt":{"rendered":"<p>\u00ab\u00a1On A Faim!\u00bb Fue originalmente un fanzine de m\u00fasica anarquista creado en 1984.En torno al fanzine creci\u00f3 toda una red, sin v\u00ednculos geogr\u00e1ficos, que ayudaba<a class=\"read\" href=\"https:\/\/wpguerssen-test.odoo.rgbconsulting.com\/es\/producto\/on-a-faim-anarchy-music\/\"> (...)<\/a>","protected":false},"featured_media":250630,"template":"","meta":{"_acf_changed":false},"product_brand":[],"product_cat":[21650],"product_tag":[],"class_list":{"0":"post-250525","1":"product","2":"type-product","3":"status-publish","4":"has-post-thumbnail","6":"product_cat-punk-es","7":"pa_artist-various-artists-es","8":"pa_format-2lp-es","9":"pa_gender-punk","10":"pa_label-archives-de-la-zone-mondiale","11":"pa_location-europe-es","12":"pa_other-filters-vinyl-only-es","14":"first","15":"instock","16":"taxable","17":"shipping-taxable","18":"purchasable","19":"product-type-simple"},"acf":[],"yoast_head":"<!-- This site is optimized with the Yoast SEO plugin v24.9 - https:\/\/yoast.com\/wordpress\/plugins\/seo\/ -->\n<title>VARIOUS ARTISTS - On A Faim! Anarchy &amp; Music -  (2LP) | Guerssen<\/title>\n<meta name=\"description\" content=\"&quot;On a faim!&quot; was originally an anarchist music fanzine created in 1984.An entire network, with no geographical ties, grew up around the fanzine, helping to write articles and distribute them (often by hand). The fanzine&#039;s name even began to appear in connection with the organisation of concerts (Ludwig Von 88, Raymonde et les Blancs Becs, les Thugs, Les Eject\u00e9s, Kortatu, Yo Pizza Jump, etc.) and the creation of radio programmes.The On A Faim! label came into being at the end of the 80s, following the release of a host of live tapes and themed compilations: &quot;A Bas Toutes Les Arm\u00e9es&quot;, &quot;Cette Machine Sert A Tuer Tous Les Fascistes&quot;, &quot;Ni Jah Ni Maitre&quot;, &quot;Pogo Avec Les Loups&quot;. Then came the first artistic albums with D\u00e9sert Culturel, Un Dolor, Have Nots, Kargols, Pleum, Mister Moonlight, Rude Boy System... Here again, the artistic choices were made primarily on the basis of human encounters, the attention paid to the bands&#039; approach and discourse, and their attitude to the public... even before listening to the slightest demo!Archives de la Zone Mondiale wanted to pay tribute to this inspiring label, which marked the history of independent and committed music for nearly 15 years. With one of its founders, Jean Pierre Levaray, we have cleverly concocted a sort of musical anthology retracing the essential bands that have marked the history of the label and the fanzine.On A Faim ! - Anarchy &amp; Musik is a double 20-track vinyl compilation in a highly graphic gatefold sleeve, retracing the label&#039;s extraordinary trajectory regardless of musical style: punk, of course, but also ska, hardcore and popular chanson...Last but not least, all the royalties from this double vinyl compilation are donated to the Uzine (Le Havre) and Fanzinarium (Paris) fanzine libraries.\" \/>\n<meta name=\"robots\" content=\"index, follow, max-snippet:-1, max-image-preview:large, max-video-preview:-1\" \/>\n<link rel=\"canonical\" href=\"https:\/\/wpguerssen-test.odoo.rgbconsulting.com\/es\/producto\/on-a-faim-anarchy-music\/\" \/>\n<meta property=\"og:locale\" content=\"es_ES\" \/>\n<meta property=\"og:type\" content=\"article\" \/>\n<meta property=\"og:title\" content=\"VARIOUS ARTISTS - On A Faim! Anarchy &amp; Music -  (2LP) | Guerssen\" \/>\n<meta property=\"og:description\" content=\"&quot;On a faim!&quot; was originally an anarchist music fanzine created in 1984.An entire network, with no geographical ties, grew up around the fanzine, helping to write articles and distribute them (often by hand). The fanzine&#039;s name even began to appear in connection with the organisation of concerts (Ludwig Von 88, Raymonde et les Blancs Becs, les Thugs, Les Eject\u00e9s, Kortatu, Yo Pizza Jump, etc.) and the creation of radio programmes.The On A Faim! label came into being at the end of the 80s, following the release of a host of live tapes and themed compilations: &quot;A Bas Toutes Les Arm\u00e9es&quot;, &quot;Cette Machine Sert A Tuer Tous Les Fascistes&quot;, &quot;Ni Jah Ni Maitre&quot;, &quot;Pogo Avec Les Loups&quot;. Then came the first artistic albums with D\u00e9sert Culturel, Un Dolor, Have Nots, Kargols, Pleum, Mister Moonlight, Rude Boy System... Here again, the artistic choices were made primarily on the basis of human encounters, the attention paid to the bands&#039; approach and discourse, and their attitude to the public... even before listening to the slightest demo!Archives de la Zone Mondiale wanted to pay tribute to this inspiring label, which marked the history of independent and committed music for nearly 15 years. With one of its founders, Jean Pierre Levaray, we have cleverly concocted a sort of musical anthology retracing the essential bands that have marked the history of the label and the fanzine.On A Faim ! - Anarchy &amp; Musik is a double 20-track vinyl compilation in a highly graphic gatefold sleeve, retracing the label&#039;s extraordinary trajectory regardless of musical style: punk, of course, but also ska, hardcore and popular chanson...Last but not least, all the royalties from this double vinyl compilation are donated to the Uzine (Le Havre) and Fanzinarium (Paris) fanzine libraries.\" \/>\n<meta property=\"og:url\" content=\"https:\/\/wpguerssen-test.odoo.rgbconsulting.com\/es\/producto\/on-a-faim-anarchy-music\/\" \/>\n<meta property=\"og:site_name\" content=\"Guerssen records\" \/>\n<meta property=\"article:modified_time\" content=\"2024-09-03T14:20:32+00:00\" \/>\n<meta property=\"og:image\" content=\"https:\/\/wpguerssen-test.odoo.rgbconsulting.com\/wp-content\/uploads\/2024\/02\/46828-scaled.jpg\" \/>\n\t<meta property=\"og:image:width\" content=\"2560\" \/>\n\t<meta property=\"og:image:height\" content=\"2560\" \/>\n\t<meta property=\"og:image:type\" content=\"image\/jpeg\" \/>\n<meta name=\"twitter:card\" content=\"summary_large_image\" \/>\n<meta name=\"twitter:title\" content=\"VARIOUS ARTISTS - On A Faim! Anarchy &amp; Music -  (2LP) | Guerssen\" \/>\n<meta name=\"twitter:label1\" content=\"Tiempo de lectura\" \/>\n\t<meta name=\"twitter:data1\" content=\"2 minutos\" \/>\n<script type=\"application\/ld+json\" class=\"yoast-schema-graph\">{\"@context\":\"https:\/\/schema.org\",\"@graph\":[{\"@type\":\"WebPage\",\"@id\":\"https:\/\/wpguerssen-test.odoo.rgbconsulting.com\/es\/producto\/on-a-faim-anarchy-music\/\",\"url\":\"https:\/\/wpguerssen-test.odoo.rgbconsulting.com\/es\/producto\/on-a-faim-anarchy-music\/\",\"name\":\"VARIOUS ARTISTS - On A Faim! Anarchy & Music - (2LP) | Guerssen\",\"isPartOf\":{\"@id\":\"https:\/\/wpguerssen-test.odoo.rgbconsulting.com\/es\/#website\"},\"primaryImageOfPage\":{\"@id\":\"https:\/\/wpguerssen-test.odoo.rgbconsulting.com\/es\/producto\/on-a-faim-anarchy-music\/#primaryimage\"},\"image\":{\"@id\":\"https:\/\/wpguerssen-test.odoo.rgbconsulting.com\/es\/producto\/on-a-faim-anarchy-music\/#primaryimage\"},\"thumbnailUrl\":\"https:\/\/wpguerssen-test.odoo.rgbconsulting.com\/wp-content\/uploads\/2024\/02\/46828-scaled.jpg\",\"datePublished\":\"2024-01-22T23:00:00+00:00\",\"dateModified\":\"2024-09-03T14:20:32+00:00\",\"description\":\"\\\"On a faim!\\\" was originally an anarchist music fanzine created in 1984.An entire network, with no geographical ties, grew up around the fanzine, helping to write articles and distribute them (often by hand). The fanzine's name even began to appear in connection with the organisation of concerts (Ludwig Von 88, Raymonde et les Blancs Becs, les Thugs, Les Eject\u00e9s, Kortatu, Yo Pizza Jump, etc.) and the creation of radio programmes.The On A Faim! label came into being at the end of the 80s, following the release of a host of live tapes and themed compilations: \\\"A Bas Toutes Les Arm\u00e9es\\\", \\\"Cette Machine Sert A Tuer Tous Les Fascistes\\\", \\\"Ni Jah Ni Maitre\\\", \\\"Pogo Avec Les Loups\\\". Then came the first artistic albums with D\u00e9sert Culturel, Un Dolor, Have Nots, Kargols, Pleum, Mister Moonlight, Rude Boy System... Here again, the artistic choices were made primarily on the basis of human encounters, the attention paid to the bands' approach and discourse, and their attitude to the public... even before listening to the slightest demo!Archives de la Zone Mondiale wanted to pay tribute to this inspiring label, which marked the history of independent and committed music for nearly 15 years. With one of its founders, Jean Pierre Levaray, we have cleverly concocted a sort of musical anthology retracing the essential bands that have marked the history of the label and the fanzine.On A Faim ! - Anarchy & Musik is a double 20-track vinyl compilation in a highly graphic gatefold sleeve, retracing the label's extraordinary trajectory regardless of musical style: punk, of course, but also ska, hardcore and popular chanson...Last but not least, all the royalties from this double vinyl compilation are donated to the Uzine (Le Havre) and Fanzinarium (Paris) fanzine libraries.\",\"breadcrumb\":{\"@id\":\"https:\/\/wpguerssen-test.odoo.rgbconsulting.com\/es\/producto\/on-a-faim-anarchy-music\/#breadcrumb\"},\"inLanguage\":\"es\",\"potentialAction\":[{\"@type\":\"ReadAction\",\"target\":[\"https:\/\/wpguerssen-test.odoo.rgbconsulting.com\/es\/producto\/on-a-faim-anarchy-music\/\"]}]},{\"@type\":\"ImageObject\",\"inLanguage\":\"es\",\"@id\":\"https:\/\/wpguerssen-test.odoo.rgbconsulting.com\/es\/producto\/on-a-faim-anarchy-music\/#primaryimage\",\"url\":\"https:\/\/wpguerssen-test.odoo.rgbconsulting.com\/wp-content\/uploads\/2024\/02\/46828-scaled.jpg\",\"contentUrl\":\"https:\/\/wpguerssen-test.odoo.rgbconsulting.com\/wp-content\/uploads\/2024\/02\/46828-scaled.jpg\",\"width\":2560,\"height\":2560},{\"@type\":\"BreadcrumbList\",\"@id\":\"https:\/\/wpguerssen-test.odoo.rgbconsulting.com\/es\/producto\/on-a-faim-anarchy-music\/#breadcrumb\",\"itemListElement\":[{\"@type\":\"ListItem\",\"position\":1,\"name\":\"Inicio\",\"item\":\"https:\/\/wpguerssen-test.odoo.rgbconsulting.com\/es\/\"},{\"@type\":\"ListItem\",\"position\":2,\"name\":\"Shop\",\"item\":\"https:\/\/wpguerssen-test.odoo.rgbconsulting.com\/shop\/\"},{\"@type\":\"ListItem\",\"position\":3,\"name\":\"On A Faim! Anarchy &#038; Music\"}]},{\"@type\":\"WebSite\",\"@id\":\"https:\/\/wpguerssen-test.odoo.rgbconsulting.com\/es\/#website\",\"url\":\"https:\/\/wpguerssen-test.odoo.rgbconsulting.com\/es\/\",\"name\":\"Guerssen records\",\"description\":\"psychedelia - progressive - folk - garage \",\"publisher\":{\"@id\":\"https:\/\/wpguerssen-test.odoo.rgbconsulting.com\/es\/#organization\"},\"potentialAction\":[{\"@type\":\"SearchAction\",\"target\":{\"@type\":\"EntryPoint\",\"urlTemplate\":\"https:\/\/wpguerssen-test.odoo.rgbconsulting.com\/es\/?s={search_term_string}\"},\"query-input\":{\"@type\":\"PropertyValueSpecification\",\"valueRequired\":true,\"valueName\":\"search_term_string\"}}],\"inLanguage\":\"es\"},{\"@type\":\"Organization\",\"@id\":\"https:\/\/wpguerssen-test.odoo.rgbconsulting.com\/es\/#organization\",\"name\":\"Guerssen records\",\"url\":\"https:\/\/wpguerssen-test.odoo.rgbconsulting.com\/es\/\",\"logo\":{\"@type\":\"ImageObject\",\"inLanguage\":\"es\",\"@id\":\"https:\/\/wpguerssen-test.odoo.rgbconsulting.com\/es\/#\/schema\/logo\/image\/\",\"url\":\"https:\/\/wpguerssen-test.odoo.rgbconsulting.com\/wp-content\/uploads\/2022\/04\/Logo_Guerssen_trans_100.png\",\"contentUrl\":\"https:\/\/wpguerssen-test.odoo.rgbconsulting.com\/wp-content\/uploads\/2022\/04\/Logo_Guerssen_trans_100.png\",\"width\":122,\"height\":100,\"caption\":\"Guerssen records\"},\"image\":{\"@id\":\"https:\/\/wpguerssen-test.odoo.rgbconsulting.com\/es\/#\/schema\/logo\/image\/\"}}]}<\/script>\n<!-- \/ Yoast SEO plugin. -->","yoast_head_json":{"title":"VARIOUS ARTISTS - On A Faim! Anarchy & Music -  (2LP) | Guerssen","description":"\"On a faim!\" was originally an anarchist music fanzine created in 1984.An entire network, with no geographical ties, grew up around the fanzine, helping to write articles and distribute them (often by hand). The fanzine's name even began to appear in connection with the organisation of concerts (Ludwig Von 88, Raymonde et les Blancs Becs, les Thugs, Les Eject\u00e9s, Kortatu, Yo Pizza Jump, etc.) and the creation of radio programmes.The On A Faim! label came into being at the end of the 80s, following the release of a host of live tapes and themed compilations: \"A Bas Toutes Les Arm\u00e9es\", \"Cette Machine Sert A Tuer Tous Les Fascistes\", \"Ni Jah Ni Maitre\", \"Pogo Avec Les Loups\". Then came the first artistic albums with D\u00e9sert Culturel, Un Dolor, Have Nots, Kargols, Pleum, Mister Moonlight, Rude Boy System... Here again, the artistic choices were made primarily on the basis of human encounters, the attention paid to the bands' approach and discourse, and their attitude to the public... even before listening to the slightest demo!Archives de la Zone Mondiale wanted to pay tribute to this inspiring label, which marked the history of independent and committed music for nearly 15 years. With one of its founders, Jean Pierre Levaray, we have cleverly concocted a sort of musical anthology retracing the essential bands that have marked the history of the label and the fanzine.On A Faim ! - Anarchy & Musik is a double 20-track vinyl compilation in a highly graphic gatefold sleeve, retracing the label's extraordinary trajectory regardless of musical style: punk, of course, but also ska, hardcore and popular chanson...Last but not least, all the royalties from this double vinyl compilation are donated to the Uzine (Le Havre) and Fanzinarium (Paris) fanzine libraries.","robots":{"index":"index","follow":"follow","max-snippet":"max-snippet:-1","max-image-preview":"max-image-preview:large","max-video-preview":"max-video-preview:-1"},"canonical":"https:\/\/wpguerssen-test.odoo.rgbconsulting.com\/es\/producto\/on-a-faim-anarchy-music\/","og_locale":"es_ES","og_type":"article","og_title":"VARIOUS ARTISTS - On A Faim! Anarchy & Music -  (2LP) | Guerssen","og_description":"\"On a faim!\" was originally an anarchist music fanzine created in 1984.An entire network, with no geographical ties, grew up around the fanzine, helping to write articles and distribute them (often by hand). The fanzine's name even began to appear in connection with the organisation of concerts (Ludwig Von 88, Raymonde et les Blancs Becs, les Thugs, Les Eject\u00e9s, Kortatu, Yo Pizza Jump, etc.) and the creation of radio programmes.The On A Faim! label came into being at the end of the 80s, following the release of a host of live tapes and themed compilations: \"A Bas Toutes Les Arm\u00e9es\", \"Cette Machine Sert A Tuer Tous Les Fascistes\", \"Ni Jah Ni Maitre\", \"Pogo Avec Les Loups\". Then came the first artistic albums with D\u00e9sert Culturel, Un Dolor, Have Nots, Kargols, Pleum, Mister Moonlight, Rude Boy System... Here again, the artistic choices were made primarily on the basis of human encounters, the attention paid to the bands' approach and discourse, and their attitude to the public... even before listening to the slightest demo!Archives de la Zone Mondiale wanted to pay tribute to this inspiring label, which marked the history of independent and committed music for nearly 15 years. With one of its founders, Jean Pierre Levaray, we have cleverly concocted a sort of musical anthology retracing the essential bands that have marked the history of the label and the fanzine.On A Faim ! - Anarchy & Musik is a double 20-track vinyl compilation in a highly graphic gatefold sleeve, retracing the label's extraordinary trajectory regardless of musical style: punk, of course, but also ska, hardcore and popular chanson...Last but not least, all the royalties from this double vinyl compilation are donated to the Uzine (Le Havre) and Fanzinarium (Paris) fanzine libraries.","og_url":"https:\/\/wpguerssen-test.odoo.rgbconsulting.com\/es\/producto\/on-a-faim-anarchy-music\/","og_site_name":"Guerssen records","article_modified_time":"2024-09-03T14:20:32+00:00","og_image":[{"width":2560,"height":2560,"url":"https:\/\/wpguerssen-test.odoo.rgbconsulting.com\/wp-content\/uploads\/2024\/02\/46828-scaled.jpg","type":"image\/jpeg"}],"twitter_card":"summary_large_image","twitter_title":"VARIOUS ARTISTS - On A Faim! Anarchy & Music -  (2LP) | Guerssen","twitter_misc":{"Tiempo de lectura":"2 minutos"},"schema":{"@context":"https:\/\/schema.org","@graph":[{"@type":"WebPage","@id":"https:\/\/wpguerssen-test.odoo.rgbconsulting.com\/es\/producto\/on-a-faim-anarchy-music\/","url":"https:\/\/wpguerssen-test.odoo.rgbconsulting.com\/es\/producto\/on-a-faim-anarchy-music\/","name":"VARIOUS ARTISTS - On A Faim! Anarchy & Music - (2LP) | Guerssen","isPartOf":{"@id":"https:\/\/wpguerssen-test.odoo.rgbconsulting.com\/es\/#website"},"primaryImageOfPage":{"@id":"https:\/\/wpguerssen-test.odoo.rgbconsulting.com\/es\/producto\/on-a-faim-anarchy-music\/#primaryimage"},"image":{"@id":"https:\/\/wpguerssen-test.odoo.rgbconsulting.com\/es\/producto\/on-a-faim-anarchy-music\/#primaryimage"},"thumbnailUrl":"https:\/\/wpguerssen-test.odoo.rgbconsulting.com\/wp-content\/uploads\/2024\/02\/46828-scaled.jpg","datePublished":"2024-01-22T23:00:00+00:00","dateModified":"2024-09-03T14:20:32+00:00","description":"\"On a faim!\" was originally an anarchist music fanzine created in 1984.An entire network, with no geographical ties, grew up around the fanzine, helping to write articles and distribute them (often by hand). The fanzine's name even began to appear in connection with the organisation of concerts (Ludwig Von 88, Raymonde et les Blancs Becs, les Thugs, Les Eject\u00e9s, Kortatu, Yo Pizza Jump, etc.) and the creation of radio programmes.The On A Faim! label came into being at the end of the 80s, following the release of a host of live tapes and themed compilations: \"A Bas Toutes Les Arm\u00e9es\", \"Cette Machine Sert A Tuer Tous Les Fascistes\", \"Ni Jah Ni Maitre\", \"Pogo Avec Les Loups\". Then came the first artistic albums with D\u00e9sert Culturel, Un Dolor, Have Nots, Kargols, Pleum, Mister Moonlight, Rude Boy System... Here again, the artistic choices were made primarily on the basis of human encounters, the attention paid to the bands' approach and discourse, and their attitude to the public... even before listening to the slightest demo!Archives de la Zone Mondiale wanted to pay tribute to this inspiring label, which marked the history of independent and committed music for nearly 15 years. With one of its founders, Jean Pierre Levaray, we have cleverly concocted a sort of musical anthology retracing the essential bands that have marked the history of the label and the fanzine.On A Faim ! - Anarchy & Musik is a double 20-track vinyl compilation in a highly graphic gatefold sleeve, retracing the label's extraordinary trajectory regardless of musical style: punk, of course, but also ska, hardcore and popular chanson...Last but not least, all the royalties from this double vinyl compilation are donated to the Uzine (Le Havre) and Fanzinarium (Paris) fanzine libraries.","breadcrumb":{"@id":"https:\/\/wpguerssen-test.odoo.rgbconsulting.com\/es\/producto\/on-a-faim-anarchy-music\/#breadcrumb"},"inLanguage":"es","potentialAction":[{"@type":"ReadAction","target":["https:\/\/wpguerssen-test.odoo.rgbconsulting.com\/es\/producto\/on-a-faim-anarchy-music\/"]}]},{"@type":"ImageObject","inLanguage":"es","@id":"https:\/\/wpguerssen-test.odoo.rgbconsulting.com\/es\/producto\/on-a-faim-anarchy-music\/#primaryimage","url":"https:\/\/wpguerssen-test.odoo.rgbconsulting.com\/wp-content\/uploads\/2024\/02\/46828-scaled.jpg","contentUrl":"https:\/\/wpguerssen-test.odoo.rgbconsulting.com\/wp-content\/uploads\/2024\/02\/46828-scaled.jpg","width":2560,"height":2560},{"@type":"BreadcrumbList","@id":"https:\/\/wpguerssen-test.odoo.rgbconsulting.com\/es\/producto\/on-a-faim-anarchy-music\/#breadcrumb","itemListElement":[{"@type":"ListItem","position":1,"name":"Inicio","item":"https:\/\/wpguerssen-test.odoo.rgbconsulting.com\/es\/"},{"@type":"ListItem","position":2,"name":"Shop","item":"https:\/\/wpguerssen-test.odoo.rgbconsulting.com\/shop\/"},{"@type":"ListItem","position":3,"name":"On A Faim! Anarchy &#038; Music"}]},{"@type":"WebSite","@id":"https:\/\/wpguerssen-test.odoo.rgbconsulting.com\/es\/#website","url":"https:\/\/wpguerssen-test.odoo.rgbconsulting.com\/es\/","name":"Guerssen records","description":"psychedelia - progressive - folk - garage ","publisher":{"@id":"https:\/\/wpguerssen-test.odoo.rgbconsulting.com\/es\/#organization"},"potentialAction":[{"@type":"SearchAction","target":{"@type":"EntryPoint","urlTemplate":"https:\/\/wpguerssen-test.odoo.rgbconsulting.com\/es\/?s={search_term_string}"},"query-input":{"@type":"PropertyValueSpecification","valueRequired":true,"valueName":"search_term_string"}}],"inLanguage":"es"},{"@type":"Organization","@id":"https:\/\/wpguerssen-test.odoo.rgbconsulting.com\/es\/#organization","name":"Guerssen records","url":"https:\/\/wpguerssen-test.odoo.rgbconsulting.com\/es\/","logo":{"@type":"ImageObject","inLanguage":"es","@id":"https:\/\/wpguerssen-test.odoo.rgbconsulting.com\/es\/#\/schema\/logo\/image\/","url":"https:\/\/wpguerssen-test.odoo.rgbconsulting.com\/wp-content\/uploads\/2022\/04\/Logo_Guerssen_trans_100.png","contentUrl":"https:\/\/wpguerssen-test.odoo.rgbconsulting.com\/wp-content\/uploads\/2022\/04\/Logo_Guerssen_trans_100.png","width":122,"height":100,"caption":"Guerssen records"},"image":{"@id":"https:\/\/wpguerssen-test.odoo.rgbconsulting.com\/es\/#\/schema\/logo\/image\/"}}]}},"_links":{"self":[{"href":"https:\/\/wpguerssen-test.odoo.rgbconsulting.com\/es\/wp-json\/wp\/v2\/product\/250525","targetHints":{"allow":["GET"]}}],"collection":[{"href":"https:\/\/wpguerssen-test.odoo.rgbconsulting.com\/es\/wp-json\/wp\/v2\/product"}],"about":[{"href":"https:\/\/wpguerssen-test.odoo.rgbconsulting.com\/es\/wp-json\/wp\/v2\/types\/product"}],"wp:featuredmedia":[{"embeddable":true,"href":"https:\/\/wpguerssen-test.odoo.rgbconsulting.com\/es\/wp-json\/wp\/v2\/media\/250630"}],"wp:attachment":[{"href":"https:\/\/wpguerssen-test.odoo.rgbconsulting.com\/es\/wp-json\/wp\/v2\/media?parent=250525"}],"wp:term":[{"taxonomy":"product_brand","embeddable":true,"href":"https:\/\/wpguerssen-test.odoo.rgbconsulting.com\/es\/wp-json\/wp\/v2\/product_brand?post=250525"},{"taxonomy":"product_cat","embeddable":true,"href":"https:\/\/wpguerssen-test.odoo.rgbconsulting.com\/es\/wp-json\/wp\/v2\/product_cat?post=250525"},{"taxonomy":"product_tag","embeddable":true,"href":"https:\/\/wpguerssen-test.odoo.rgbconsulting.com\/es\/wp-json\/wp\/v2\/product_tag?post=250525"}],"curies":[{"name":"wp","href":"https:\/\/api.w.org\/{rel}","templated":true}]}}