{"id":250527,"date":"2025-03-27T00:00:00","date_gmt":"2025-03-26T23:00:00","guid":{"rendered":"https:\/\/wpguerssen-test.odoo.rgbconsulting.com\/product\/playhouse-theatre-1967\/"},"modified":"2025-03-27T18:31:36","modified_gmt":"2025-03-27T17:31:36","slug":"playhouse-theatre-1967","status":"publish","type":"product","link":"https:\/\/wpguerssen-test.odoo.rgbconsulting.com\/es\/producto\/playhouse-theatre-1967\/","title":{"rendered":"Playhouse Theatre 1967"},"content":{"rendered":"<p>EXCELENTE COLECCI\u00d3N DE GRABACIONES DE TRANSMISI\u00d3N DE LA ERA CL\u00c1SICA DE LOS WHO<br \/>Este incre\u00edble LP re\u00fane una colecci\u00f3n de transmisiones de radio grabadas en 1967 en el Playhouse Theatre de la BBC. Incluye sesiones grabadas para los influyentes programas Saturday Club y Top Gear de BBC Light Programme. Los cortes adicionales aqu\u00ed incluyen grabaciones del Marquee Club, que se mostraron originalmente en la serie de televisi\u00f3n alemana Beat! Beat! Beat!.<\/p>\n","protected":false},"excerpt":{"rendered":"<p>EXCELENTE COLECCI\u00d3N DE GRABACIONES DE TRANSMISI\u00d3N DE LA ERA CL\u00c1SICA DE LOS WHO<br \/>Este incre\u00edble LP re\u00fane una colecci\u00f3n de transmisiones de radio grabadas<a class=\"read\" href=\"https:\/\/wpguerssen-test.odoo.rgbconsulting.com\/es\/producto\/playhouse-theatre-1967\/\"> (...)<\/a>","protected":false},"featured_media":250568,"template":"","meta":{"_acf_changed":false},"product_brand":[],"product_cat":[21639],"product_tag":[24189],"class_list":{"0":"post-250527","1":"product","2":"type-product","3":"status-publish","4":"has-post-thumbnail","6":"product_cat-psychedelic60s-70s-es","7":"product_tag-recien-llegadas","8":"pa_artist-who-the-es","9":"pa_format-lp-es","10":"pa_gender-psychedelic60s-70s","11":"pa_label-expensive-woodland-recordings","12":"pa_location-uk-ireland-es","13":"pa_other-filters-vinyl-only-es","15":"first","16":"instock","17":"taxable","18":"shipping-taxable","19":"purchasable","20":"product-type-simple"},"acf":[],"yoast_head":"<!-- This site is optimized with the Yoast SEO plugin v24.9 - https:\/\/yoast.com\/wordpress\/plugins\/seo\/ -->\n<title>WHO, The - Playhouse Theatre 1967 -  (LP) | Guerssen<\/title>\n<meta name=\"description\" content=\"SUPERB COLLECTION OF BROADCAST RECORDINGS FROM THE WHO&#039;S CLASSIC ERAThis amazing LP brings together a collection of radio broadcasts recorded in 1967 at the BBC&#039;s Playhouse Theatre. Featuring sessions recorded for BBC Light Programme&#039;s influential Saturday Club and Top Gear shows. Bonus cuts here feature recordings from the Marquee Club, originally shown on the German television series Beat! Beat! Beat!.\" \/>\n<meta name=\"robots\" content=\"index, follow, max-snippet:-1, max-image-preview:large, max-video-preview:-1\" \/>\n<link rel=\"canonical\" href=\"https:\/\/wpguerssen-test.odoo.rgbconsulting.com\/es\/producto\/playhouse-theatre-1967\/\" \/>\n<meta property=\"og:locale\" content=\"es_ES\" \/>\n<meta property=\"og:type\" content=\"article\" \/>\n<meta property=\"og:title\" content=\"WHO, The - Playhouse Theatre 1967 -  (LP) | Guerssen\" \/>\n<meta property=\"og:description\" content=\"SUPERB COLLECTION OF BROADCAST RECORDINGS FROM THE WHO&#039;S CLASSIC ERAThis amazing LP brings together a collection of radio broadcasts recorded in 1967 at the BBC&#039;s Playhouse Theatre. Featuring sessions recorded for BBC Light Programme&#039;s influential Saturday Club and Top Gear shows. Bonus cuts here feature recordings from the Marquee Club, originally shown on the German television series Beat! Beat! Beat!.\" \/>\n<meta property=\"og:url\" content=\"https:\/\/wpguerssen-test.odoo.rgbconsulting.com\/es\/producto\/playhouse-theatre-1967\/\" \/>\n<meta property=\"og:site_name\" content=\"Guerssen records\" \/>\n<meta property=\"article:modified_time\" content=\"2025-03-27T17:31:36+00:00\" \/>\n<meta property=\"og:image\" content=\"https:\/\/wpguerssen-test.odoo.rgbconsulting.com\/wp-content\/uploads\/2024\/02\/46830.jpg\" \/>\n\t<meta property=\"og:image:width\" content=\"2315\" \/>\n\t<meta property=\"og:image:height\" content=\"1324\" \/>\n\t<meta property=\"og:image:type\" content=\"image\/jpeg\" \/>\n<meta name=\"twitter:card\" content=\"summary_large_image\" \/>\n<meta name=\"twitter:title\" content=\"WHO, The - Playhouse Theatre 1967 -  (LP) | Guerssen\" \/>\n<script type=\"application\/ld+json\" class=\"yoast-schema-graph\">{\"@context\":\"https:\/\/schema.org\",\"@graph\":[{\"@type\":\"WebPage\",\"@id\":\"https:\/\/wpguerssen-test.odoo.rgbconsulting.com\/es\/producto\/playhouse-theatre-1967\/\",\"url\":\"https:\/\/wpguerssen-test.odoo.rgbconsulting.com\/es\/producto\/playhouse-theatre-1967\/\",\"name\":\"WHO, The - Playhouse Theatre 1967 - (LP) | Guerssen\",\"isPartOf\":{\"@id\":\"https:\/\/wpguerssen-test.odoo.rgbconsulting.com\/es\/#website\"},\"primaryImageOfPage\":{\"@id\":\"https:\/\/wpguerssen-test.odoo.rgbconsulting.com\/es\/producto\/playhouse-theatre-1967\/#primaryimage\"},\"image\":{\"@id\":\"https:\/\/wpguerssen-test.odoo.rgbconsulting.com\/es\/producto\/playhouse-theatre-1967\/#primaryimage\"},\"thumbnailUrl\":\"https:\/\/wpguerssen-test.odoo.rgbconsulting.com\/wp-content\/uploads\/2024\/02\/46830.jpg\",\"datePublished\":\"2025-03-26T23:00:00+00:00\",\"dateModified\":\"2025-03-27T17:31:36+00:00\",\"description\":\"SUPERB COLLECTION OF BROADCAST RECORDINGS FROM THE WHO'S CLASSIC ERAThis amazing LP brings together a collection of radio broadcasts recorded in 1967 at the BBC's Playhouse Theatre. Featuring sessions recorded for BBC Light Programme's influential Saturday Club and Top Gear shows. Bonus cuts here feature recordings from the Marquee Club, originally shown on the German television series Beat! Beat! Beat!.\",\"breadcrumb\":{\"@id\":\"https:\/\/wpguerssen-test.odoo.rgbconsulting.com\/es\/producto\/playhouse-theatre-1967\/#breadcrumb\"},\"inLanguage\":\"es\",\"potentialAction\":[{\"@type\":\"ReadAction\",\"target\":[\"https:\/\/wpguerssen-test.odoo.rgbconsulting.com\/es\/producto\/playhouse-theatre-1967\/\"]}]},{\"@type\":\"ImageObject\",\"inLanguage\":\"es\",\"@id\":\"https:\/\/wpguerssen-test.odoo.rgbconsulting.com\/es\/producto\/playhouse-theatre-1967\/#primaryimage\",\"url\":\"https:\/\/wpguerssen-test.odoo.rgbconsulting.com\/wp-content\/uploads\/2024\/02\/46830.jpg\",\"contentUrl\":\"https:\/\/wpguerssen-test.odoo.rgbconsulting.com\/wp-content\/uploads\/2024\/02\/46830.jpg\",\"width\":2315,\"height\":1324,\"caption\":\"The - Playhouse Theatre 1967 - EXPENSIVE WOODLAND RECORDINGS (LP) | Guerssen\"},{\"@type\":\"BreadcrumbList\",\"@id\":\"https:\/\/wpguerssen-test.odoo.rgbconsulting.com\/es\/producto\/playhouse-theatre-1967\/#breadcrumb\",\"itemListElement\":[{\"@type\":\"ListItem\",\"position\":1,\"name\":\"Inicio\",\"item\":\"https:\/\/wpguerssen-test.odoo.rgbconsulting.com\/es\/\"},{\"@type\":\"ListItem\",\"position\":2,\"name\":\"Shop\",\"item\":\"https:\/\/wpguerssen-test.odoo.rgbconsulting.com\/shop\/\"},{\"@type\":\"ListItem\",\"position\":3,\"name\":\"Playhouse Theatre 1967\"}]},{\"@type\":\"WebSite\",\"@id\":\"https:\/\/wpguerssen-test.odoo.rgbconsulting.com\/es\/#website\",\"url\":\"https:\/\/wpguerssen-test.odoo.rgbconsulting.com\/es\/\",\"name\":\"Guerssen records\",\"description\":\"psychedelia - progressive - folk - garage \",\"publisher\":{\"@id\":\"https:\/\/wpguerssen-test.odoo.rgbconsulting.com\/es\/#organization\"},\"potentialAction\":[{\"@type\":\"SearchAction\",\"target\":{\"@type\":\"EntryPoint\",\"urlTemplate\":\"https:\/\/wpguerssen-test.odoo.rgbconsulting.com\/es\/?s={search_term_string}\"},\"query-input\":{\"@type\":\"PropertyValueSpecification\",\"valueRequired\":true,\"valueName\":\"search_term_string\"}}],\"inLanguage\":\"es\"},{\"@type\":\"Organization\",\"@id\":\"https:\/\/wpguerssen-test.odoo.rgbconsulting.com\/es\/#organization\",\"name\":\"Guerssen records\",\"url\":\"https:\/\/wpguerssen-test.odoo.rgbconsulting.com\/es\/\",\"logo\":{\"@type\":\"ImageObject\",\"inLanguage\":\"es\",\"@id\":\"https:\/\/wpguerssen-test.odoo.rgbconsulting.com\/es\/#\/schema\/logo\/image\/\",\"url\":\"https:\/\/wpguerssen-test.odoo.rgbconsulting.com\/wp-content\/uploads\/2022\/04\/Logo_Guerssen_trans_100.png\",\"contentUrl\":\"https:\/\/wpguerssen-test.odoo.rgbconsulting.com\/wp-content\/uploads\/2022\/04\/Logo_Guerssen_trans_100.png\",\"width\":122,\"height\":100,\"caption\":\"Guerssen records\"},\"image\":{\"@id\":\"https:\/\/wpguerssen-test.odoo.rgbconsulting.com\/es\/#\/schema\/logo\/image\/\"}}]}<\/script>\n<!-- \/ Yoast SEO plugin. -->","yoast_head_json":{"title":"WHO, The - Playhouse Theatre 1967 -  (LP) | Guerssen","description":"SUPERB COLLECTION OF BROADCAST RECORDINGS FROM THE WHO'S CLASSIC ERAThis amazing LP brings together a collection of radio broadcasts recorded in 1967 at the BBC's Playhouse Theatre. Featuring sessions recorded for BBC Light Programme's influential Saturday Club and Top Gear shows. Bonus cuts here feature recordings from the Marquee Club, originally shown on the German television series Beat! Beat! Beat!.","robots":{"index":"index","follow":"follow","max-snippet":"max-snippet:-1","max-image-preview":"max-image-preview:large","max-video-preview":"max-video-preview:-1"},"canonical":"https:\/\/wpguerssen-test.odoo.rgbconsulting.com\/es\/producto\/playhouse-theatre-1967\/","og_locale":"es_ES","og_type":"article","og_title":"WHO, The - Playhouse Theatre 1967 -  (LP) | Guerssen","og_description":"SUPERB COLLECTION OF BROADCAST RECORDINGS FROM THE WHO'S CLASSIC ERAThis amazing LP brings together a collection of radio broadcasts recorded in 1967 at the BBC's Playhouse Theatre. Featuring sessions recorded for BBC Light Programme's influential Saturday Club and Top Gear shows. Bonus cuts here feature recordings from the Marquee Club, originally shown on the German television series Beat! Beat! Beat!.","og_url":"https:\/\/wpguerssen-test.odoo.rgbconsulting.com\/es\/producto\/playhouse-theatre-1967\/","og_site_name":"Guerssen records","article_modified_time":"2025-03-27T17:31:36+00:00","og_image":[{"width":2315,"height":1324,"url":"https:\/\/wpguerssen-test.odoo.rgbconsulting.com\/wp-content\/uploads\/2024\/02\/46830.jpg","type":"image\/jpeg"}],"twitter_card":"summary_large_image","twitter_title":"WHO, The - Playhouse Theatre 1967 -  (LP) | Guerssen","schema":{"@context":"https:\/\/schema.org","@graph":[{"@type":"WebPage","@id":"https:\/\/wpguerssen-test.odoo.rgbconsulting.com\/es\/producto\/playhouse-theatre-1967\/","url":"https:\/\/wpguerssen-test.odoo.rgbconsulting.com\/es\/producto\/playhouse-theatre-1967\/","name":"WHO, The - Playhouse Theatre 1967 - (LP) | Guerssen","isPartOf":{"@id":"https:\/\/wpguerssen-test.odoo.rgbconsulting.com\/es\/#website"},"primaryImageOfPage":{"@id":"https:\/\/wpguerssen-test.odoo.rgbconsulting.com\/es\/producto\/playhouse-theatre-1967\/#primaryimage"},"image":{"@id":"https:\/\/wpguerssen-test.odoo.rgbconsulting.com\/es\/producto\/playhouse-theatre-1967\/#primaryimage"},"thumbnailUrl":"https:\/\/wpguerssen-test.odoo.rgbconsulting.com\/wp-content\/uploads\/2024\/02\/46830.jpg","datePublished":"2025-03-26T23:00:00+00:00","dateModified":"2025-03-27T17:31:36+00:00","description":"SUPERB COLLECTION OF BROADCAST RECORDINGS FROM THE WHO'S CLASSIC ERAThis amazing LP brings together a collection of radio broadcasts recorded in 1967 at the BBC's Playhouse Theatre. Featuring sessions recorded for BBC Light Programme's influential Saturday Club and Top Gear shows. Bonus cuts here feature recordings from the Marquee Club, originally shown on the German television series Beat! Beat! Beat!.","breadcrumb":{"@id":"https:\/\/wpguerssen-test.odoo.rgbconsulting.com\/es\/producto\/playhouse-theatre-1967\/#breadcrumb"},"inLanguage":"es","potentialAction":[{"@type":"ReadAction","target":["https:\/\/wpguerssen-test.odoo.rgbconsulting.com\/es\/producto\/playhouse-theatre-1967\/"]}]},{"@type":"ImageObject","inLanguage":"es","@id":"https:\/\/wpguerssen-test.odoo.rgbconsulting.com\/es\/producto\/playhouse-theatre-1967\/#primaryimage","url":"https:\/\/wpguerssen-test.odoo.rgbconsulting.com\/wp-content\/uploads\/2024\/02\/46830.jpg","contentUrl":"https:\/\/wpguerssen-test.odoo.rgbconsulting.com\/wp-content\/uploads\/2024\/02\/46830.jpg","width":2315,"height":1324,"caption":"The - Playhouse Theatre 1967 - EXPENSIVE WOODLAND RECORDINGS (LP) | Guerssen"},{"@type":"BreadcrumbList","@id":"https:\/\/wpguerssen-test.odoo.rgbconsulting.com\/es\/producto\/playhouse-theatre-1967\/#breadcrumb","itemListElement":[{"@type":"ListItem","position":1,"name":"Inicio","item":"https:\/\/wpguerssen-test.odoo.rgbconsulting.com\/es\/"},{"@type":"ListItem","position":2,"name":"Shop","item":"https:\/\/wpguerssen-test.odoo.rgbconsulting.com\/shop\/"},{"@type":"ListItem","position":3,"name":"Playhouse Theatre 1967"}]},{"@type":"WebSite","@id":"https:\/\/wpguerssen-test.odoo.rgbconsulting.com\/es\/#website","url":"https:\/\/wpguerssen-test.odoo.rgbconsulting.com\/es\/","name":"Guerssen records","description":"psychedelia - progressive - folk - garage ","publisher":{"@id":"https:\/\/wpguerssen-test.odoo.rgbconsulting.com\/es\/#organization"},"potentialAction":[{"@type":"SearchAction","target":{"@type":"EntryPoint","urlTemplate":"https:\/\/wpguerssen-test.odoo.rgbconsulting.com\/es\/?s={search_term_string}"},"query-input":{"@type":"PropertyValueSpecification","valueRequired":true,"valueName":"search_term_string"}}],"inLanguage":"es"},{"@type":"Organization","@id":"https:\/\/wpguerssen-test.odoo.rgbconsulting.com\/es\/#organization","name":"Guerssen records","url":"https:\/\/wpguerssen-test.odoo.rgbconsulting.com\/es\/","logo":{"@type":"ImageObject","inLanguage":"es","@id":"https:\/\/wpguerssen-test.odoo.rgbconsulting.com\/es\/#\/schema\/logo\/image\/","url":"https:\/\/wpguerssen-test.odoo.rgbconsulting.com\/wp-content\/uploads\/2022\/04\/Logo_Guerssen_trans_100.png","contentUrl":"https:\/\/wpguerssen-test.odoo.rgbconsulting.com\/wp-content\/uploads\/2022\/04\/Logo_Guerssen_trans_100.png","width":122,"height":100,"caption":"Guerssen records"},"image":{"@id":"https:\/\/wpguerssen-test.odoo.rgbconsulting.com\/es\/#\/schema\/logo\/image\/"}}]}},"_links":{"self":[{"href":"https:\/\/wpguerssen-test.odoo.rgbconsulting.com\/es\/wp-json\/wp\/v2\/product\/250527","targetHints":{"allow":["GET"]}}],"collection":[{"href":"https:\/\/wpguerssen-test.odoo.rgbconsulting.com\/es\/wp-json\/wp\/v2\/product"}],"about":[{"href":"https:\/\/wpguerssen-test.odoo.rgbconsulting.com\/es\/wp-json\/wp\/v2\/types\/product"}],"wp:featuredmedia":[{"embeddable":true,"href":"https:\/\/wpguerssen-test.odoo.rgbconsulting.com\/es\/wp-json\/wp\/v2\/media\/250568"}],"wp:attachment":[{"href":"https:\/\/wpguerssen-test.odoo.rgbconsulting.com\/es\/wp-json\/wp\/v2\/media?parent=250527"}],"wp:term":[{"taxonomy":"product_brand","embeddable":true,"href":"https:\/\/wpguerssen-test.odoo.rgbconsulting.com\/es\/wp-json\/wp\/v2\/product_brand?post=250527"},{"taxonomy":"product_cat","embeddable":true,"href":"https:\/\/wpguerssen-test.odoo.rgbconsulting.com\/es\/wp-json\/wp\/v2\/product_cat?post=250527"},{"taxonomy":"product_tag","embeddable":true,"href":"https:\/\/wpguerssen-test.odoo.rgbconsulting.com\/es\/wp-json\/wp\/v2\/product_tag?post=250527"}],"curies":[{"name":"wp","href":"https:\/\/api.w.org\/{rel}","templated":true}]}}