{"id":250645,"date":"2024-02-12T00:00:00","date_gmt":"2024-02-11T23:00:00","guid":{"rendered":"https:\/\/wpguerssen-test.odoo.rgbconsulting.com\/product\/desafinado-limited-edition\/"},"modified":"2024-12-16T17:57:24","modified_gmt":"2024-12-16T16:57:24","slug":"desafinado-limited-edition","status":"publish","type":"product","link":"https:\/\/wpguerssen-test.odoo.rgbconsulting.com\/es\/producto\/desafinado-limited-edition\/","title":{"rendered":"Desafinado (Limited Edition)"},"content":{"rendered":"<p>23 PISTAS &#8211; EDICI\u00d3N LIMITADA DE VINILO VIRGEN DE 180 GRAMOS.<br \/>Nacido en Bah\u00eda, Brasil, el cantante y compositor Joao Gilberto (1931-2019) fue una verdadera leyenda de la bossa nova. Si bien Antonio Carlos Jobim estableci\u00f3 el est\u00e1ndar para la creaci\u00f3n de bossa nova a mediados de los a\u00f1os 50, con canciones como \u00abLa chica de Ipanema\u00bb y \u00abDesafinado\u00bb, fue Gilberto quien brillantemente reimagin\u00f3 y, posiblemente, defini\u00f3 el g\u00e9nero. >Esta edici\u00f3n incluye el contenido completo del \u00e1lbum Brazil&#8217;s Brilliant Joao Gilberto, que recibi\u00f3 una calificaci\u00f3n de cinco estrellas de AllMusic, adem\u00e1s de varios de sus grandes \u00e9xitos de sus primeros a\u00f1os.<br \/>\u00abEste disco de vital importancia present\u00f3 a Joao Gilberto, Antonio Carlos Jobim y as\u00ed, la bossa nova a los Estados Unidos en 1961, un a\u00f1o antes de que Stan Getz lograra un \u00e9xito con &#8216;Desafinado&#8217;.\u00bb- AllMusic (Richard S. Ginell), 5 ESTRELLAS.<\/p>\n","protected":false},"excerpt":{"rendered":"<p>23 PISTAS &#8211; EDICI\u00d3N LIMITADA DE VINILO VIRGEN DE 180 GRAMOS.<br \/>Nacido en Bah\u00eda, Brasil, el cantante y compositor Joao Gilberto (1931-2019) fue una verdadera<a class=\"read\" href=\"https:\/\/wpguerssen-test.odoo.rgbconsulting.com\/es\/producto\/desafinado-limited-edition\/\"> (...)<\/a>","protected":false},"featured_media":250624,"template":"","meta":{"_acf_changed":false},"product_brand":[],"product_cat":[23231],"product_tag":[],"class_list":{"0":"post-250645","1":"product","2":"type-product","3":"status-publish","4":"has-post-thumbnail","6":"product_cat-latin-brazilian-es","7":"pa_artist-gilberto-joao","8":"pa_format-lp-es","9":"pa_gender-latin-brazilian","10":"pa_label-jazz-samba","11":"pa_location-south-america-caribbean-es","12":"pa_other-filters-vinyl-only-es","14":"first","15":"instock","16":"taxable","17":"shipping-taxable","18":"purchasable","19":"product-type-simple"},"acf":[],"yoast_head":"<!-- This site is optimized with the Yoast SEO plugin v24.9 - https:\/\/yoast.com\/wordpress\/plugins\/seo\/ -->\n<title>GILBERTO, Joao - Desafinado (Limited Edition) -  (LP) | Guerssen<\/title>\n<meta name=\"description\" content=\"23 TRACKS - LIMITED 180-GRAM VIRGIN VINYL EDITION.Born in Bahia, Brazil, singer\/song writer Joao Gilberto (1931-2019) was a true legend of bossa nova. While Antonio Carlos Jobim set the standard for the creation of bossa nova in the mid-&#039;50s, with songs like &quot;The Girl From Ipanema&quot; and &quot;Desafinado&quot;, it was Gilberto who brilliantly reimagined and, arguably, defined the genre.This edition includes the complete contents of the album Brazil&#039;s Brilliant Joao Gilberto, which received a five-star rating from AllMusic, plus several of his greatest hits from his early years.&quot;This vitally important record introduced Joao Gilberto, Antonio Carlos Jobim and thus, bossa nova to the United States in 1961, a year before Stan Getz scored a hit with &#039;Desafinado&#039;.&quot;- AllMusic (Richard S. Ginell), 5 STARS.\" \/>\n<meta name=\"robots\" content=\"index, follow, max-snippet:-1, max-image-preview:large, max-video-preview:-1\" \/>\n<link rel=\"canonical\" href=\"https:\/\/wpguerssen-test.odoo.rgbconsulting.com\/es\/producto\/desafinado-limited-edition\/\" \/>\n<meta property=\"og:locale\" content=\"es_ES\" \/>\n<meta property=\"og:type\" content=\"article\" \/>\n<meta property=\"og:title\" content=\"GILBERTO, Joao - Desafinado (Limited Edition) -  (LP) | Guerssen\" \/>\n<meta property=\"og:description\" content=\"23 TRACKS - LIMITED 180-GRAM VIRGIN VINYL EDITION.Born in Bahia, Brazil, singer\/song writer Joao Gilberto (1931-2019) was a true legend of bossa nova. While Antonio Carlos Jobim set the standard for the creation of bossa nova in the mid-&#039;50s, with songs like &quot;The Girl From Ipanema&quot; and &quot;Desafinado&quot;, it was Gilberto who brilliantly reimagined and, arguably, defined the genre.This edition includes the complete contents of the album Brazil&#039;s Brilliant Joao Gilberto, which received a five-star rating from AllMusic, plus several of his greatest hits from his early years.&quot;This vitally important record introduced Joao Gilberto, Antonio Carlos Jobim and thus, bossa nova to the United States in 1961, a year before Stan Getz scored a hit with &#039;Desafinado&#039;.&quot;- AllMusic (Richard S. Ginell), 5 STARS.\" \/>\n<meta property=\"og:url\" content=\"https:\/\/wpguerssen-test.odoo.rgbconsulting.com\/es\/producto\/desafinado-limited-edition\/\" \/>\n<meta property=\"og:site_name\" content=\"Guerssen records\" \/>\n<meta property=\"article:modified_time\" content=\"2024-12-16T16:57:24+00:00\" \/>\n<meta property=\"og:image\" content=\"https:\/\/wpguerssen-test.odoo.rgbconsulting.com\/wp-content\/uploads\/2024\/02\/46848.jpg\" \/>\n\t<meta property=\"og:image:width\" content=\"1662\" \/>\n\t<meta property=\"og:image:height\" content=\"1662\" \/>\n\t<meta property=\"og:image:type\" content=\"image\/jpeg\" \/>\n<meta name=\"twitter:card\" content=\"summary_large_image\" \/>\n<meta name=\"twitter:title\" content=\"GILBERTO, Joao - Desafinado (Limited Edition) -  (LP) | Guerssen\" \/>\n<meta name=\"twitter:label1\" content=\"Tiempo de lectura\" \/>\n\t<meta name=\"twitter:data1\" content=\"1 minuto\" \/>\n<script type=\"application\/ld+json\" class=\"yoast-schema-graph\">{\"@context\":\"https:\/\/schema.org\",\"@graph\":[{\"@type\":\"WebPage\",\"@id\":\"https:\/\/wpguerssen-test.odoo.rgbconsulting.com\/es\/producto\/desafinado-limited-edition\/\",\"url\":\"https:\/\/wpguerssen-test.odoo.rgbconsulting.com\/es\/producto\/desafinado-limited-edition\/\",\"name\":\"GILBERTO, Joao - Desafinado (Limited Edition) - (LP) | Guerssen\",\"isPartOf\":{\"@id\":\"https:\/\/wpguerssen-test.odoo.rgbconsulting.com\/es\/#website\"},\"primaryImageOfPage\":{\"@id\":\"https:\/\/wpguerssen-test.odoo.rgbconsulting.com\/es\/producto\/desafinado-limited-edition\/#primaryimage\"},\"image\":{\"@id\":\"https:\/\/wpguerssen-test.odoo.rgbconsulting.com\/es\/producto\/desafinado-limited-edition\/#primaryimage\"},\"thumbnailUrl\":\"https:\/\/wpguerssen-test.odoo.rgbconsulting.com\/wp-content\/uploads\/2024\/02\/46848.jpg\",\"datePublished\":\"2024-02-11T23:00:00+00:00\",\"dateModified\":\"2024-12-16T16:57:24+00:00\",\"description\":\"23 TRACKS - LIMITED 180-GRAM VIRGIN VINYL EDITION.Born in Bahia, Brazil, singer\/song writer Joao Gilberto (1931-2019) was a true legend of bossa nova. While Antonio Carlos Jobim set the standard for the creation of bossa nova in the mid-'50s, with songs like \\\"The Girl From Ipanema\\\" and \\\"Desafinado\\\", it was Gilberto who brilliantly reimagined and, arguably, defined the genre.This edition includes the complete contents of the album Brazil's Brilliant Joao Gilberto, which received a five-star rating from AllMusic, plus several of his greatest hits from his early years.\\\"This vitally important record introduced Joao Gilberto, Antonio Carlos Jobim and thus, bossa nova to the United States in 1961, a year before Stan Getz scored a hit with 'Desafinado'.\\\"- AllMusic (Richard S. Ginell), 5 STARS.\",\"breadcrumb\":{\"@id\":\"https:\/\/wpguerssen-test.odoo.rgbconsulting.com\/es\/producto\/desafinado-limited-edition\/#breadcrumb\"},\"inLanguage\":\"es\",\"potentialAction\":[{\"@type\":\"ReadAction\",\"target\":[\"https:\/\/wpguerssen-test.odoo.rgbconsulting.com\/es\/producto\/desafinado-limited-edition\/\"]}]},{\"@type\":\"ImageObject\",\"inLanguage\":\"es\",\"@id\":\"https:\/\/wpguerssen-test.odoo.rgbconsulting.com\/es\/producto\/desafinado-limited-edition\/#primaryimage\",\"url\":\"https:\/\/wpguerssen-test.odoo.rgbconsulting.com\/wp-content\/uploads\/2024\/02\/46848.jpg\",\"contentUrl\":\"https:\/\/wpguerssen-test.odoo.rgbconsulting.com\/wp-content\/uploads\/2024\/02\/46848.jpg\",\"width\":1662,\"height\":1662,\"caption\":\"Joao - Desafinado (Limited Edition) - JAZZ SAMBA (LP) | Guerssen\"},{\"@type\":\"BreadcrumbList\",\"@id\":\"https:\/\/wpguerssen-test.odoo.rgbconsulting.com\/es\/producto\/desafinado-limited-edition\/#breadcrumb\",\"itemListElement\":[{\"@type\":\"ListItem\",\"position\":1,\"name\":\"Inicio\",\"item\":\"https:\/\/wpguerssen-test.odoo.rgbconsulting.com\/es\/\"},{\"@type\":\"ListItem\",\"position\":2,\"name\":\"Shop\",\"item\":\"https:\/\/wpguerssen-test.odoo.rgbconsulting.com\/shop\/\"},{\"@type\":\"ListItem\",\"position\":3,\"name\":\"Desafinado (Limited Edition)\"}]},{\"@type\":\"WebSite\",\"@id\":\"https:\/\/wpguerssen-test.odoo.rgbconsulting.com\/es\/#website\",\"url\":\"https:\/\/wpguerssen-test.odoo.rgbconsulting.com\/es\/\",\"name\":\"Guerssen records\",\"description\":\"psychedelia - progressive - folk - garage \",\"publisher\":{\"@id\":\"https:\/\/wpguerssen-test.odoo.rgbconsulting.com\/es\/#organization\"},\"potentialAction\":[{\"@type\":\"SearchAction\",\"target\":{\"@type\":\"EntryPoint\",\"urlTemplate\":\"https:\/\/wpguerssen-test.odoo.rgbconsulting.com\/es\/?s={search_term_string}\"},\"query-input\":{\"@type\":\"PropertyValueSpecification\",\"valueRequired\":true,\"valueName\":\"search_term_string\"}}],\"inLanguage\":\"es\"},{\"@type\":\"Organization\",\"@id\":\"https:\/\/wpguerssen-test.odoo.rgbconsulting.com\/es\/#organization\",\"name\":\"Guerssen records\",\"url\":\"https:\/\/wpguerssen-test.odoo.rgbconsulting.com\/es\/\",\"logo\":{\"@type\":\"ImageObject\",\"inLanguage\":\"es\",\"@id\":\"https:\/\/wpguerssen-test.odoo.rgbconsulting.com\/es\/#\/schema\/logo\/image\/\",\"url\":\"https:\/\/wpguerssen-test.odoo.rgbconsulting.com\/wp-content\/uploads\/2022\/04\/Logo_Guerssen_trans_100.png\",\"contentUrl\":\"https:\/\/wpguerssen-test.odoo.rgbconsulting.com\/wp-content\/uploads\/2022\/04\/Logo_Guerssen_trans_100.png\",\"width\":122,\"height\":100,\"caption\":\"Guerssen records\"},\"image\":{\"@id\":\"https:\/\/wpguerssen-test.odoo.rgbconsulting.com\/es\/#\/schema\/logo\/image\/\"}}]}<\/script>\n<!-- \/ Yoast SEO plugin. -->","yoast_head_json":{"title":"GILBERTO, Joao - Desafinado (Limited Edition) -  (LP) | Guerssen","description":"23 TRACKS - LIMITED 180-GRAM VIRGIN VINYL EDITION.Born in Bahia, Brazil, singer\/song writer Joao Gilberto (1931-2019) was a true legend of bossa nova. While Antonio Carlos Jobim set the standard for the creation of bossa nova in the mid-'50s, with songs like \"The Girl From Ipanema\" and \"Desafinado\", it was Gilberto who brilliantly reimagined and, arguably, defined the genre.This edition includes the complete contents of the album Brazil's Brilliant Joao Gilberto, which received a five-star rating from AllMusic, plus several of his greatest hits from his early years.\"This vitally important record introduced Joao Gilberto, Antonio Carlos Jobim and thus, bossa nova to the United States in 1961, a year before Stan Getz scored a hit with 'Desafinado'.\"- AllMusic (Richard S. Ginell), 5 STARS.","robots":{"index":"index","follow":"follow","max-snippet":"max-snippet:-1","max-image-preview":"max-image-preview:large","max-video-preview":"max-video-preview:-1"},"canonical":"https:\/\/wpguerssen-test.odoo.rgbconsulting.com\/es\/producto\/desafinado-limited-edition\/","og_locale":"es_ES","og_type":"article","og_title":"GILBERTO, Joao - Desafinado (Limited Edition) -  (LP) | Guerssen","og_description":"23 TRACKS - LIMITED 180-GRAM VIRGIN VINYL EDITION.Born in Bahia, Brazil, singer\/song writer Joao Gilberto (1931-2019) was a true legend of bossa nova. While Antonio Carlos Jobim set the standard for the creation of bossa nova in the mid-'50s, with songs like \"The Girl From Ipanema\" and \"Desafinado\", it was Gilberto who brilliantly reimagined and, arguably, defined the genre.This edition includes the complete contents of the album Brazil's Brilliant Joao Gilberto, which received a five-star rating from AllMusic, plus several of his greatest hits from his early years.\"This vitally important record introduced Joao Gilberto, Antonio Carlos Jobim and thus, bossa nova to the United States in 1961, a year before Stan Getz scored a hit with 'Desafinado'.\"- AllMusic (Richard S. Ginell), 5 STARS.","og_url":"https:\/\/wpguerssen-test.odoo.rgbconsulting.com\/es\/producto\/desafinado-limited-edition\/","og_site_name":"Guerssen records","article_modified_time":"2024-12-16T16:57:24+00:00","og_image":[{"width":1662,"height":1662,"url":"https:\/\/wpguerssen-test.odoo.rgbconsulting.com\/wp-content\/uploads\/2024\/02\/46848.jpg","type":"image\/jpeg"}],"twitter_card":"summary_large_image","twitter_title":"GILBERTO, Joao - Desafinado (Limited Edition) -  (LP) | Guerssen","twitter_misc":{"Tiempo de lectura":"1 minuto"},"schema":{"@context":"https:\/\/schema.org","@graph":[{"@type":"WebPage","@id":"https:\/\/wpguerssen-test.odoo.rgbconsulting.com\/es\/producto\/desafinado-limited-edition\/","url":"https:\/\/wpguerssen-test.odoo.rgbconsulting.com\/es\/producto\/desafinado-limited-edition\/","name":"GILBERTO, Joao - Desafinado (Limited Edition) - (LP) | Guerssen","isPartOf":{"@id":"https:\/\/wpguerssen-test.odoo.rgbconsulting.com\/es\/#website"},"primaryImageOfPage":{"@id":"https:\/\/wpguerssen-test.odoo.rgbconsulting.com\/es\/producto\/desafinado-limited-edition\/#primaryimage"},"image":{"@id":"https:\/\/wpguerssen-test.odoo.rgbconsulting.com\/es\/producto\/desafinado-limited-edition\/#primaryimage"},"thumbnailUrl":"https:\/\/wpguerssen-test.odoo.rgbconsulting.com\/wp-content\/uploads\/2024\/02\/46848.jpg","datePublished":"2024-02-11T23:00:00+00:00","dateModified":"2024-12-16T16:57:24+00:00","description":"23 TRACKS - LIMITED 180-GRAM VIRGIN VINYL EDITION.Born in Bahia, Brazil, singer\/song writer Joao Gilberto (1931-2019) was a true legend of bossa nova. While Antonio Carlos Jobim set the standard for the creation of bossa nova in the mid-'50s, with songs like \"The Girl From Ipanema\" and \"Desafinado\", it was Gilberto who brilliantly reimagined and, arguably, defined the genre.This edition includes the complete contents of the album Brazil's Brilliant Joao Gilberto, which received a five-star rating from AllMusic, plus several of his greatest hits from his early years.\"This vitally important record introduced Joao Gilberto, Antonio Carlos Jobim and thus, bossa nova to the United States in 1961, a year before Stan Getz scored a hit with 'Desafinado'.\"- AllMusic (Richard S. Ginell), 5 STARS.","breadcrumb":{"@id":"https:\/\/wpguerssen-test.odoo.rgbconsulting.com\/es\/producto\/desafinado-limited-edition\/#breadcrumb"},"inLanguage":"es","potentialAction":[{"@type":"ReadAction","target":["https:\/\/wpguerssen-test.odoo.rgbconsulting.com\/es\/producto\/desafinado-limited-edition\/"]}]},{"@type":"ImageObject","inLanguage":"es","@id":"https:\/\/wpguerssen-test.odoo.rgbconsulting.com\/es\/producto\/desafinado-limited-edition\/#primaryimage","url":"https:\/\/wpguerssen-test.odoo.rgbconsulting.com\/wp-content\/uploads\/2024\/02\/46848.jpg","contentUrl":"https:\/\/wpguerssen-test.odoo.rgbconsulting.com\/wp-content\/uploads\/2024\/02\/46848.jpg","width":1662,"height":1662,"caption":"Joao - Desafinado (Limited Edition) - JAZZ SAMBA (LP) | Guerssen"},{"@type":"BreadcrumbList","@id":"https:\/\/wpguerssen-test.odoo.rgbconsulting.com\/es\/producto\/desafinado-limited-edition\/#breadcrumb","itemListElement":[{"@type":"ListItem","position":1,"name":"Inicio","item":"https:\/\/wpguerssen-test.odoo.rgbconsulting.com\/es\/"},{"@type":"ListItem","position":2,"name":"Shop","item":"https:\/\/wpguerssen-test.odoo.rgbconsulting.com\/shop\/"},{"@type":"ListItem","position":3,"name":"Desafinado (Limited Edition)"}]},{"@type":"WebSite","@id":"https:\/\/wpguerssen-test.odoo.rgbconsulting.com\/es\/#website","url":"https:\/\/wpguerssen-test.odoo.rgbconsulting.com\/es\/","name":"Guerssen records","description":"psychedelia - progressive - folk - garage ","publisher":{"@id":"https:\/\/wpguerssen-test.odoo.rgbconsulting.com\/es\/#organization"},"potentialAction":[{"@type":"SearchAction","target":{"@type":"EntryPoint","urlTemplate":"https:\/\/wpguerssen-test.odoo.rgbconsulting.com\/es\/?s={search_term_string}"},"query-input":{"@type":"PropertyValueSpecification","valueRequired":true,"valueName":"search_term_string"}}],"inLanguage":"es"},{"@type":"Organization","@id":"https:\/\/wpguerssen-test.odoo.rgbconsulting.com\/es\/#organization","name":"Guerssen records","url":"https:\/\/wpguerssen-test.odoo.rgbconsulting.com\/es\/","logo":{"@type":"ImageObject","inLanguage":"es","@id":"https:\/\/wpguerssen-test.odoo.rgbconsulting.com\/es\/#\/schema\/logo\/image\/","url":"https:\/\/wpguerssen-test.odoo.rgbconsulting.com\/wp-content\/uploads\/2022\/04\/Logo_Guerssen_trans_100.png","contentUrl":"https:\/\/wpguerssen-test.odoo.rgbconsulting.com\/wp-content\/uploads\/2022\/04\/Logo_Guerssen_trans_100.png","width":122,"height":100,"caption":"Guerssen records"},"image":{"@id":"https:\/\/wpguerssen-test.odoo.rgbconsulting.com\/es\/#\/schema\/logo\/image\/"}}]}},"_links":{"self":[{"href":"https:\/\/wpguerssen-test.odoo.rgbconsulting.com\/es\/wp-json\/wp\/v2\/product\/250645","targetHints":{"allow":["GET"]}}],"collection":[{"href":"https:\/\/wpguerssen-test.odoo.rgbconsulting.com\/es\/wp-json\/wp\/v2\/product"}],"about":[{"href":"https:\/\/wpguerssen-test.odoo.rgbconsulting.com\/es\/wp-json\/wp\/v2\/types\/product"}],"wp:featuredmedia":[{"embeddable":true,"href":"https:\/\/wpguerssen-test.odoo.rgbconsulting.com\/es\/wp-json\/wp\/v2\/media\/250624"}],"wp:attachment":[{"href":"https:\/\/wpguerssen-test.odoo.rgbconsulting.com\/es\/wp-json\/wp\/v2\/media?parent=250645"}],"wp:term":[{"taxonomy":"product_brand","embeddable":true,"href":"https:\/\/wpguerssen-test.odoo.rgbconsulting.com\/es\/wp-json\/wp\/v2\/product_brand?post=250645"},{"taxonomy":"product_cat","embeddable":true,"href":"https:\/\/wpguerssen-test.odoo.rgbconsulting.com\/es\/wp-json\/wp\/v2\/product_cat?post=250645"},{"taxonomy":"product_tag","embeddable":true,"href":"https:\/\/wpguerssen-test.odoo.rgbconsulting.com\/es\/wp-json\/wp\/v2\/product_tag?post=250645"}],"curies":[{"name":"wp","href":"https:\/\/api.w.org\/{rel}","templated":true}]}}