{"id":250703,"date":"2024-03-25T00:00:00","date_gmt":"2024-03-24T23:00:00","guid":{"rendered":"https:\/\/wpguerssen-test.odoo.rgbconsulting.com\/product\/return-of-the-boom-bap-30th-anniversary-blue-oran\/"},"modified":"2025-01-09T15:44:07","modified_gmt":"2025-01-09T14:44:07","slug":"return-of-the-boom-bap-30th-anniversary-blue-oran","status":"publish","type":"product","link":"https:\/\/wpguerssen-test.odoo.rgbconsulting.com\/es\/producto\/return-of-the-boom-bap-30th-anniversary-blue-oran\/","title":{"rendered":"Return Of the Boom Bap 30th Anniversary (Blue\/Oran"},"content":{"rendered":"<p>Lanzado originalmente en el oto\u00f1o de 1993, Return of the Boom Bap es el primer \u00e1lbum oficial en solitario de KRS-One. El \u00e1lbum es puro hip-hop de los 90 lleno de raps conscientes caracter\u00edsticos de KRS-One y narraciones con ritmos boom bap del hombre mismo, DJ Premier, Showbiz y Kid Capri.<br \/>El \u00e1lbum comienza con una introducci\u00f3n caracter\u00edstica de Preemo que conduce a \u00abOutta Here\u00bb, una historia sobre la llegada de los a\u00f1os 80 con un mensaje a los maestros de ceremonias que no se mantienen fieles a sus ra\u00edces. A lo largo del \u00e1lbum, KRS-One aborda la polic\u00eda corrupta, los maestros de ceremonias falsos, la religi\u00f3n y brinda un alivio c\u00f3mico en \u00abI Can&#8217;t Wake Up\u00bb, donde sue\u00f1a con ser un contundente que se transmite por qui\u00e9n es qui\u00e9n de los maestros de ceremonias de los 90 y Bill Clinton. El \u00e1lbum fue seleccionado como uno de los 100 mejores \u00e1lbumes de rap de The Source y recibi\u00f3 una calificaci\u00f3n de 4 cuatro micr\u00f3fonos en The Source en 1993. Get On Down se enorgullece de presentar una edici\u00f3n limitada de Return of The Boom Bap para conmemorar el 30 aniversario de la El cl\u00e1sico \u00e1lbum debut en solitario de Blast Master. Incluye la pista extra de estilo libre \u00abHip-Hop vs Rap\u00bb que estaba en el disco original de 12 pulgadas \u00abSound of Da Police\u00bb.<\/p>\n","protected":false},"excerpt":{"rendered":"<p>Lanzado originalmente en el oto\u00f1o de 1993, Return of the Boom Bap es el primer \u00e1lbum oficial en solitario de KRS-One. El \u00e1lbum es puro hip-hop de los 90 lleno de<a class=\"read\" href=\"https:\/\/wpguerssen-test.odoo.rgbconsulting.com\/es\/producto\/return-of-the-boom-bap-30th-anniversary-blue-oran\/\"> (...)<\/a>","protected":false},"featured_media":250758,"template":"","meta":{"_acf_changed":false},"product_brand":[],"product_cat":[21706],"product_tag":[29140],"class_list":{"0":"post-250703","1":"product","2":"type-product","3":"status-publish","4":"has-post-thumbnail","6":"product_cat-rap-hip-hop-es","7":"product_tag-color-vinyl-es","8":"pa_artist-krs-one","9":"pa_format-2lp-es","10":"pa_gender-rap-hip-hop","11":"pa_label-get-on-down","12":"pa_location-north-america-es","13":"pa_other-filters-vinyl-only-es","15":"first","16":"instock","17":"taxable","18":"shipping-taxable","19":"purchasable","20":"product-type-simple"},"acf":[],"yoast_head":"<!-- This site is optimized with the Yoast SEO plugin v24.9 - https:\/\/yoast.com\/wordpress\/plugins\/seo\/ -->\n<title>KRS ONE - Return Of the Boom Bap 30th Anniversary (Blue\/Oran -  (2LP) | Guerssen<\/title>\n<meta name=\"description\" content=\"Originally released in the fall of 1993 Return of the Boom Bap is KRS-One&#039;s first official solo album. The album is pure 90&#039;s Hip-Hop filled with KRS-One&#039;s trademark conscious raps and storytelling with boom bap beats from the man himself, DJ Premier, Showbiz, and Kid Capri.The album kicks off with a Preemo trademark intro leading into &quot;Outta Here&quot;, a tale about coming up in the 80s with a message to emcees not staying true to their roots. Throughout the album KRS-One tackles corrupt police, fake emcees, religion and provides some comical relief on &quot;I Can&#039;t Wake Up&quot; where he dreams about being a blunt passed around by a who&#039;s who of 90s emcees and Bill Clinton! The album was selected as one of The Source&#039;s 100 Best Rap Albums and received a 4 four mics rating in The Source in 1993. Get On Down is proud to present a limited edition pressing of Return of The Boom Bap to commemorate the 30th Anniversary of the blast master&#039;s classic debut solo album. Includes the bonus freestyle track &quot;Hip-Hop vs Rap&quot; that was on the original &quot;Sound of Da Police&quot; 12-inch.\" \/>\n<meta name=\"robots\" content=\"index, follow, max-snippet:-1, max-image-preview:large, max-video-preview:-1\" \/>\n<link rel=\"canonical\" href=\"https:\/\/wpguerssen-test.odoo.rgbconsulting.com\/es\/producto\/return-of-the-boom-bap-30th-anniversary-blue-oran\/\" \/>\n<meta property=\"og:locale\" content=\"es_ES\" \/>\n<meta property=\"og:type\" content=\"article\" \/>\n<meta property=\"og:title\" content=\"KRS ONE - Return Of the Boom Bap 30th Anniversary (Blue\/Oran -  (2LP) | Guerssen\" \/>\n<meta property=\"og:description\" content=\"Originally released in the fall of 1993 Return of the Boom Bap is KRS-One&#039;s first official solo album. The album is pure 90&#039;s Hip-Hop filled with KRS-One&#039;s trademark conscious raps and storytelling with boom bap beats from the man himself, DJ Premier, Showbiz, and Kid Capri.The album kicks off with a Preemo trademark intro leading into &quot;Outta Here&quot;, a tale about coming up in the 80s with a message to emcees not staying true to their roots. Throughout the album KRS-One tackles corrupt police, fake emcees, religion and provides some comical relief on &quot;I Can&#039;t Wake Up&quot; where he dreams about being a blunt passed around by a who&#039;s who of 90s emcees and Bill Clinton! The album was selected as one of The Source&#039;s 100 Best Rap Albums and received a 4 four mics rating in The Source in 1993. Get On Down is proud to present a limited edition pressing of Return of The Boom Bap to commemorate the 30th Anniversary of the blast master&#039;s classic debut solo album. Includes the bonus freestyle track &quot;Hip-Hop vs Rap&quot; that was on the original &quot;Sound of Da Police&quot; 12-inch.\" \/>\n<meta property=\"og:url\" content=\"https:\/\/wpguerssen-test.odoo.rgbconsulting.com\/es\/producto\/return-of-the-boom-bap-30th-anniversary-blue-oran\/\" \/>\n<meta property=\"og:site_name\" content=\"Guerssen records\" \/>\n<meta property=\"article:modified_time\" content=\"2025-01-09T14:44:07+00:00\" \/>\n<meta property=\"og:image\" content=\"https:\/\/wpguerssen-test.odoo.rgbconsulting.com\/wp-content\/uploads\/2024\/02\/46868.jpg\" \/>\n\t<meta property=\"og:image:width\" content=\"385\" \/>\n\t<meta property=\"og:image:height\" content=\"385\" \/>\n\t<meta property=\"og:image:type\" content=\"image\/jpeg\" \/>\n<meta name=\"twitter:card\" content=\"summary_large_image\" \/>\n<meta name=\"twitter:title\" content=\"KRS ONE - Return Of the Boom Bap 30th Anniversary (Blue\/Oran -  (2LP) | Guerssen\" \/>\n<meta name=\"twitter:label1\" content=\"Tiempo de lectura\" \/>\n\t<meta name=\"twitter:data1\" content=\"1 minuto\" \/>\n<script type=\"application\/ld+json\" class=\"yoast-schema-graph\">{\"@context\":\"https:\/\/schema.org\",\"@graph\":[{\"@type\":\"WebPage\",\"@id\":\"https:\/\/wpguerssen-test.odoo.rgbconsulting.com\/es\/producto\/return-of-the-boom-bap-30th-anniversary-blue-oran\/\",\"url\":\"https:\/\/wpguerssen-test.odoo.rgbconsulting.com\/es\/producto\/return-of-the-boom-bap-30th-anniversary-blue-oran\/\",\"name\":\"KRS ONE - Return Of the Boom Bap 30th Anniversary (Blue\/Oran - (2LP) | Guerssen\",\"isPartOf\":{\"@id\":\"https:\/\/wpguerssen-test.odoo.rgbconsulting.com\/es\/#website\"},\"primaryImageOfPage\":{\"@id\":\"https:\/\/wpguerssen-test.odoo.rgbconsulting.com\/es\/producto\/return-of-the-boom-bap-30th-anniversary-blue-oran\/#primaryimage\"},\"image\":{\"@id\":\"https:\/\/wpguerssen-test.odoo.rgbconsulting.com\/es\/producto\/return-of-the-boom-bap-30th-anniversary-blue-oran\/#primaryimage\"},\"thumbnailUrl\":\"https:\/\/wpguerssen-test.odoo.rgbconsulting.com\/wp-content\/uploads\/2024\/02\/46868.jpg\",\"datePublished\":\"2024-03-24T23:00:00+00:00\",\"dateModified\":\"2025-01-09T14:44:07+00:00\",\"description\":\"Originally released in the fall of 1993 Return of the Boom Bap is KRS-One's first official solo album. The album is pure 90's Hip-Hop filled with KRS-One's trademark conscious raps and storytelling with boom bap beats from the man himself, DJ Premier, Showbiz, and Kid Capri.The album kicks off with a Preemo trademark intro leading into \\\"Outta Here\\\", a tale about coming up in the 80s with a message to emcees not staying true to their roots. Throughout the album KRS-One tackles corrupt police, fake emcees, religion and provides some comical relief on \\\"I Can't Wake Up\\\" where he dreams about being a blunt passed around by a who's who of 90s emcees and Bill Clinton! The album was selected as one of The Source's 100 Best Rap Albums and received a 4 four mics rating in The Source in 1993. Get On Down is proud to present a limited edition pressing of Return of The Boom Bap to commemorate the 30th Anniversary of the blast master's classic debut solo album. Includes the bonus freestyle track \\\"Hip-Hop vs Rap\\\" that was on the original \\\"Sound of Da Police\\\" 12-inch.\",\"breadcrumb\":{\"@id\":\"https:\/\/wpguerssen-test.odoo.rgbconsulting.com\/es\/producto\/return-of-the-boom-bap-30th-anniversary-blue-oran\/#breadcrumb\"},\"inLanguage\":\"es\",\"potentialAction\":[{\"@type\":\"ReadAction\",\"target\":[\"https:\/\/wpguerssen-test.odoo.rgbconsulting.com\/es\/producto\/return-of-the-boom-bap-30th-anniversary-blue-oran\/\"]}]},{\"@type\":\"ImageObject\",\"inLanguage\":\"es\",\"@id\":\"https:\/\/wpguerssen-test.odoo.rgbconsulting.com\/es\/producto\/return-of-the-boom-bap-30th-anniversary-blue-oran\/#primaryimage\",\"url\":\"https:\/\/wpguerssen-test.odoo.rgbconsulting.com\/wp-content\/uploads\/2024\/02\/46868.jpg\",\"contentUrl\":\"https:\/\/wpguerssen-test.odoo.rgbconsulting.com\/wp-content\/uploads\/2024\/02\/46868.jpg\",\"width\":385,\"height\":385},{\"@type\":\"BreadcrumbList\",\"@id\":\"https:\/\/wpguerssen-test.odoo.rgbconsulting.com\/es\/producto\/return-of-the-boom-bap-30th-anniversary-blue-oran\/#breadcrumb\",\"itemListElement\":[{\"@type\":\"ListItem\",\"position\":1,\"name\":\"Inicio\",\"item\":\"https:\/\/wpguerssen-test.odoo.rgbconsulting.com\/es\/\"},{\"@type\":\"ListItem\",\"position\":2,\"name\":\"Shop\",\"item\":\"https:\/\/wpguerssen-test.odoo.rgbconsulting.com\/shop\/\"},{\"@type\":\"ListItem\",\"position\":3,\"name\":\"Return Of the Boom Bap 30th Anniversary (Blue\/Oran\"}]},{\"@type\":\"WebSite\",\"@id\":\"https:\/\/wpguerssen-test.odoo.rgbconsulting.com\/es\/#website\",\"url\":\"https:\/\/wpguerssen-test.odoo.rgbconsulting.com\/es\/\",\"name\":\"Guerssen records\",\"description\":\"psychedelia - progressive - folk - garage \",\"publisher\":{\"@id\":\"https:\/\/wpguerssen-test.odoo.rgbconsulting.com\/es\/#organization\"},\"potentialAction\":[{\"@type\":\"SearchAction\",\"target\":{\"@type\":\"EntryPoint\",\"urlTemplate\":\"https:\/\/wpguerssen-test.odoo.rgbconsulting.com\/es\/?s={search_term_string}\"},\"query-input\":{\"@type\":\"PropertyValueSpecification\",\"valueRequired\":true,\"valueName\":\"search_term_string\"}}],\"inLanguage\":\"es\"},{\"@type\":\"Organization\",\"@id\":\"https:\/\/wpguerssen-test.odoo.rgbconsulting.com\/es\/#organization\",\"name\":\"Guerssen records\",\"url\":\"https:\/\/wpguerssen-test.odoo.rgbconsulting.com\/es\/\",\"logo\":{\"@type\":\"ImageObject\",\"inLanguage\":\"es\",\"@id\":\"https:\/\/wpguerssen-test.odoo.rgbconsulting.com\/es\/#\/schema\/logo\/image\/\",\"url\":\"https:\/\/wpguerssen-test.odoo.rgbconsulting.com\/wp-content\/uploads\/2022\/04\/Logo_Guerssen_trans_100.png\",\"contentUrl\":\"https:\/\/wpguerssen-test.odoo.rgbconsulting.com\/wp-content\/uploads\/2022\/04\/Logo_Guerssen_trans_100.png\",\"width\":122,\"height\":100,\"caption\":\"Guerssen records\"},\"image\":{\"@id\":\"https:\/\/wpguerssen-test.odoo.rgbconsulting.com\/es\/#\/schema\/logo\/image\/\"}}]}<\/script>\n<!-- \/ Yoast SEO plugin. -->","yoast_head_json":{"title":"KRS ONE - Return Of the Boom Bap 30th Anniversary (Blue\/Oran -  (2LP) | Guerssen","description":"Originally released in the fall of 1993 Return of the Boom Bap is KRS-One's first official solo album. The album is pure 90's Hip-Hop filled with KRS-One's trademark conscious raps and storytelling with boom bap beats from the man himself, DJ Premier, Showbiz, and Kid Capri.The album kicks off with a Preemo trademark intro leading into \"Outta Here\", a tale about coming up in the 80s with a message to emcees not staying true to their roots. Throughout the album KRS-One tackles corrupt police, fake emcees, religion and provides some comical relief on \"I Can't Wake Up\" where he dreams about being a blunt passed around by a who's who of 90s emcees and Bill Clinton! The album was selected as one of The Source's 100 Best Rap Albums and received a 4 four mics rating in The Source in 1993. Get On Down is proud to present a limited edition pressing of Return of The Boom Bap to commemorate the 30th Anniversary of the blast master's classic debut solo album. Includes the bonus freestyle track \"Hip-Hop vs Rap\" that was on the original \"Sound of Da Police\" 12-inch.","robots":{"index":"index","follow":"follow","max-snippet":"max-snippet:-1","max-image-preview":"max-image-preview:large","max-video-preview":"max-video-preview:-1"},"canonical":"https:\/\/wpguerssen-test.odoo.rgbconsulting.com\/es\/producto\/return-of-the-boom-bap-30th-anniversary-blue-oran\/","og_locale":"es_ES","og_type":"article","og_title":"KRS ONE - Return Of the Boom Bap 30th Anniversary (Blue\/Oran -  (2LP) | Guerssen","og_description":"Originally released in the fall of 1993 Return of the Boom Bap is KRS-One's first official solo album. The album is pure 90's Hip-Hop filled with KRS-One's trademark conscious raps and storytelling with boom bap beats from the man himself, DJ Premier, Showbiz, and Kid Capri.The album kicks off with a Preemo trademark intro leading into \"Outta Here\", a tale about coming up in the 80s with a message to emcees not staying true to their roots. Throughout the album KRS-One tackles corrupt police, fake emcees, religion and provides some comical relief on \"I Can't Wake Up\" where he dreams about being a blunt passed around by a who's who of 90s emcees and Bill Clinton! The album was selected as one of The Source's 100 Best Rap Albums and received a 4 four mics rating in The Source in 1993. Get On Down is proud to present a limited edition pressing of Return of The Boom Bap to commemorate the 30th Anniversary of the blast master's classic debut solo album. Includes the bonus freestyle track \"Hip-Hop vs Rap\" that was on the original \"Sound of Da Police\" 12-inch.","og_url":"https:\/\/wpguerssen-test.odoo.rgbconsulting.com\/es\/producto\/return-of-the-boom-bap-30th-anniversary-blue-oran\/","og_site_name":"Guerssen records","article_modified_time":"2025-01-09T14:44:07+00:00","og_image":[{"width":385,"height":385,"url":"https:\/\/wpguerssen-test.odoo.rgbconsulting.com\/wp-content\/uploads\/2024\/02\/46868.jpg","type":"image\/jpeg"}],"twitter_card":"summary_large_image","twitter_title":"KRS ONE - Return Of the Boom Bap 30th Anniversary (Blue\/Oran -  (2LP) | Guerssen","twitter_misc":{"Tiempo de lectura":"1 minuto"},"schema":{"@context":"https:\/\/schema.org","@graph":[{"@type":"WebPage","@id":"https:\/\/wpguerssen-test.odoo.rgbconsulting.com\/es\/producto\/return-of-the-boom-bap-30th-anniversary-blue-oran\/","url":"https:\/\/wpguerssen-test.odoo.rgbconsulting.com\/es\/producto\/return-of-the-boom-bap-30th-anniversary-blue-oran\/","name":"KRS ONE - Return Of the Boom Bap 30th Anniversary (Blue\/Oran - (2LP) | Guerssen","isPartOf":{"@id":"https:\/\/wpguerssen-test.odoo.rgbconsulting.com\/es\/#website"},"primaryImageOfPage":{"@id":"https:\/\/wpguerssen-test.odoo.rgbconsulting.com\/es\/producto\/return-of-the-boom-bap-30th-anniversary-blue-oran\/#primaryimage"},"image":{"@id":"https:\/\/wpguerssen-test.odoo.rgbconsulting.com\/es\/producto\/return-of-the-boom-bap-30th-anniversary-blue-oran\/#primaryimage"},"thumbnailUrl":"https:\/\/wpguerssen-test.odoo.rgbconsulting.com\/wp-content\/uploads\/2024\/02\/46868.jpg","datePublished":"2024-03-24T23:00:00+00:00","dateModified":"2025-01-09T14:44:07+00:00","description":"Originally released in the fall of 1993 Return of the Boom Bap is KRS-One's first official solo album. The album is pure 90's Hip-Hop filled with KRS-One's trademark conscious raps and storytelling with boom bap beats from the man himself, DJ Premier, Showbiz, and Kid Capri.The album kicks off with a Preemo trademark intro leading into \"Outta Here\", a tale about coming up in the 80s with a message to emcees not staying true to their roots. Throughout the album KRS-One tackles corrupt police, fake emcees, religion and provides some comical relief on \"I Can't Wake Up\" where he dreams about being a blunt passed around by a who's who of 90s emcees and Bill Clinton! The album was selected as one of The Source's 100 Best Rap Albums and received a 4 four mics rating in The Source in 1993. Get On Down is proud to present a limited edition pressing of Return of The Boom Bap to commemorate the 30th Anniversary of the blast master's classic debut solo album. Includes the bonus freestyle track \"Hip-Hop vs Rap\" that was on the original \"Sound of Da Police\" 12-inch.","breadcrumb":{"@id":"https:\/\/wpguerssen-test.odoo.rgbconsulting.com\/es\/producto\/return-of-the-boom-bap-30th-anniversary-blue-oran\/#breadcrumb"},"inLanguage":"es","potentialAction":[{"@type":"ReadAction","target":["https:\/\/wpguerssen-test.odoo.rgbconsulting.com\/es\/producto\/return-of-the-boom-bap-30th-anniversary-blue-oran\/"]}]},{"@type":"ImageObject","inLanguage":"es","@id":"https:\/\/wpguerssen-test.odoo.rgbconsulting.com\/es\/producto\/return-of-the-boom-bap-30th-anniversary-blue-oran\/#primaryimage","url":"https:\/\/wpguerssen-test.odoo.rgbconsulting.com\/wp-content\/uploads\/2024\/02\/46868.jpg","contentUrl":"https:\/\/wpguerssen-test.odoo.rgbconsulting.com\/wp-content\/uploads\/2024\/02\/46868.jpg","width":385,"height":385},{"@type":"BreadcrumbList","@id":"https:\/\/wpguerssen-test.odoo.rgbconsulting.com\/es\/producto\/return-of-the-boom-bap-30th-anniversary-blue-oran\/#breadcrumb","itemListElement":[{"@type":"ListItem","position":1,"name":"Inicio","item":"https:\/\/wpguerssen-test.odoo.rgbconsulting.com\/es\/"},{"@type":"ListItem","position":2,"name":"Shop","item":"https:\/\/wpguerssen-test.odoo.rgbconsulting.com\/shop\/"},{"@type":"ListItem","position":3,"name":"Return Of the Boom Bap 30th Anniversary (Blue\/Oran"}]},{"@type":"WebSite","@id":"https:\/\/wpguerssen-test.odoo.rgbconsulting.com\/es\/#website","url":"https:\/\/wpguerssen-test.odoo.rgbconsulting.com\/es\/","name":"Guerssen records","description":"psychedelia - progressive - folk - garage ","publisher":{"@id":"https:\/\/wpguerssen-test.odoo.rgbconsulting.com\/es\/#organization"},"potentialAction":[{"@type":"SearchAction","target":{"@type":"EntryPoint","urlTemplate":"https:\/\/wpguerssen-test.odoo.rgbconsulting.com\/es\/?s={search_term_string}"},"query-input":{"@type":"PropertyValueSpecification","valueRequired":true,"valueName":"search_term_string"}}],"inLanguage":"es"},{"@type":"Organization","@id":"https:\/\/wpguerssen-test.odoo.rgbconsulting.com\/es\/#organization","name":"Guerssen records","url":"https:\/\/wpguerssen-test.odoo.rgbconsulting.com\/es\/","logo":{"@type":"ImageObject","inLanguage":"es","@id":"https:\/\/wpguerssen-test.odoo.rgbconsulting.com\/es\/#\/schema\/logo\/image\/","url":"https:\/\/wpguerssen-test.odoo.rgbconsulting.com\/wp-content\/uploads\/2022\/04\/Logo_Guerssen_trans_100.png","contentUrl":"https:\/\/wpguerssen-test.odoo.rgbconsulting.com\/wp-content\/uploads\/2022\/04\/Logo_Guerssen_trans_100.png","width":122,"height":100,"caption":"Guerssen records"},"image":{"@id":"https:\/\/wpguerssen-test.odoo.rgbconsulting.com\/es\/#\/schema\/logo\/image\/"}}]}},"_links":{"self":[{"href":"https:\/\/wpguerssen-test.odoo.rgbconsulting.com\/es\/wp-json\/wp\/v2\/product\/250703","targetHints":{"allow":["GET"]}}],"collection":[{"href":"https:\/\/wpguerssen-test.odoo.rgbconsulting.com\/es\/wp-json\/wp\/v2\/product"}],"about":[{"href":"https:\/\/wpguerssen-test.odoo.rgbconsulting.com\/es\/wp-json\/wp\/v2\/types\/product"}],"wp:featuredmedia":[{"embeddable":true,"href":"https:\/\/wpguerssen-test.odoo.rgbconsulting.com\/es\/wp-json\/wp\/v2\/media\/250758"}],"wp:attachment":[{"href":"https:\/\/wpguerssen-test.odoo.rgbconsulting.com\/es\/wp-json\/wp\/v2\/media?parent=250703"}],"wp:term":[{"taxonomy":"product_brand","embeddable":true,"href":"https:\/\/wpguerssen-test.odoo.rgbconsulting.com\/es\/wp-json\/wp\/v2\/product_brand?post=250703"},{"taxonomy":"product_cat","embeddable":true,"href":"https:\/\/wpguerssen-test.odoo.rgbconsulting.com\/es\/wp-json\/wp\/v2\/product_cat?post=250703"},{"taxonomy":"product_tag","embeddable":true,"href":"https:\/\/wpguerssen-test.odoo.rgbconsulting.com\/es\/wp-json\/wp\/v2\/product_tag?post=250703"}],"curies":[{"name":"wp","href":"https:\/\/api.w.org\/{rel}","templated":true}]}}