{"id":250705,"date":"2024-03-25T00:00:00","date_gmt":"2024-03-24T23:00:00","guid":{"rendered":"https:\/\/wpguerssen-test.odoo.rgbconsulting.com\/product\/love-is-the-way\/"},"modified":"2024-04-19T12:29:04","modified_gmt":"2024-04-19T10:29:04","slug":"love-is-the-way","status":"publish","type":"product","link":"https:\/\/wpguerssen-test.odoo.rgbconsulting.com\/es\/producto\/love-is-the-way\/","title":{"rendered":"Love Is The Way"},"content":{"rendered":"<p>Soul, funk, disco y boogie de la caja de ritmos de Buffalo, Nueva York. Sencillos raros de 7&#8243; y temas in\u00e9ditos presentados como un \u00e1lbum completo.<br \/>A principios de los a\u00f1os 70, Jessie Key y Sylvester Cleary, dos idealistas apasionados que viv\u00edan en Buffalo, Nueva York, formaron una estrecha amistad basada en una misi\u00f3n mutua para mejorar su ciudad. El mot\u00edn de la prisi\u00f3n estatal de Attica de 1971 era un recuerdo ardiente, y la demanda Arthur vs. Nyquist, presentada contra la ciudad de Buffalo por crear y mantener un sistema escolar racialmente segregado, estaba en la agenda. Key fue una vez un trabajador del algod\u00f3n en Mississippi, quien viaj\u00f3 al norte para ir a la escuela, donde conoci\u00f3 a su alma gemela, Cleary. Los dos entablaron una intensa amistad, compraron una caja de ritmos y grabaron su primer 45, \u00abA Man\u00bb, un himno a la autorrealizaci\u00f3n y el empoderamiento de los afroamericanos, que imprimieron y publicaron de forma personalizada.<br \/>Docenas de grabaciones se produjeron a lo largo de una d\u00e9cada, publicadas en sellos locales y almacenadas en cintas de casete. Optimistas perennes, Key y Cleary intentaron cualquier camino (\u00a1tal vez todos!) que pudieron demarcar en esperanzas de impulsar su agenda de cambios positivos y autoefectuados. Formaron la primera empresa constructora de propiedad minoritaria de Buffalo, abrieron un restaurante de comida saludable en un edificio anteriormente ocupado por una cadena de comida r\u00e1pida e incluso prepararon una barra de chocolate llamada \u00abThe Buffalo Treat\u00bb, que fabricaron y vendieron localmente. Con el tiempo, fundaron su propio sello, Buffalo&#8217;s Reflection. En eso ellos lanzar\u00f3n su obra maestra, \u00abWhat It Takes To Live\u00bb, un codiciado cl\u00e1sico disco y Northern Soul, que apareci\u00f3 anteriormente en la antolog\u00eda Soul Cal de Now-Again.<br \/>Este \u00e1lbum recopila la amplitud de las grabaciones de Key &#038; Cleary de 1970 hasta mediados de la d\u00e9cada de 1980, ambos con canciones publicadas en raros sencillos de 7&#8243; e in\u00e9ditas. Presenta una visi\u00f3n musical conjunta y cuenta la historia de un d\u00fao a\u00f1os adelantado a su tiempo, tanto musical como culturalmente. Love Is The Way era su esp\u00edritu: su objetivo era iluminar a la humanidad y orientar la historia en una direcci\u00f3n m\u00e1s amorosa a trav\u00e9s de la comuni\u00f3n.<\/p>\n","protected":false},"excerpt":{"rendered":"<p>Soul, funk, disco y boogie de la caja de ritmos de Buffalo, Nueva York. Sencillos raros de 7&#8243; y temas in\u00e9ditos presentados como un \u00e1lbum completo.<br \/>A principios<a class=\"read\" href=\"https:\/\/wpguerssen-test.odoo.rgbconsulting.com\/es\/producto\/love-is-the-way\/\"> (...)<\/a>","protected":false},"featured_media":250762,"template":"","meta":{"_acf_changed":false},"product_brand":[],"product_cat":[21649],"product_tag":[24189],"class_list":{"0":"post-250705","1":"product","2":"type-product","3":"status-publish","4":"has-post-thumbnail","6":"product_cat-soul-rnb-es","7":"product_tag-recien-llegadas","8":"pa_artist-key-cleary","9":"pa_format-lp-es","10":"pa_gender-soul-rnb","11":"pa_label-now-again","12":"pa_location-north-america-es","13":"pa_other-filters-vinyl-only-es","15":"first","16":"instock","17":"taxable","18":"shipping-taxable","19":"purchasable","20":"product-type-simple"},"acf":[],"yoast_head":"<!-- This site is optimized with the Yoast SEO plugin v24.9 - https:\/\/yoast.com\/wordpress\/plugins\/seo\/ -->\n<title>KEY &amp; CLEARY - Love Is The Way -  (LP) | Guerssen<\/title>\n<meta name=\"description\" content=\"Drum-machine soul, funk, disco and boogie from Buffalo, NY. Rare 7&quot; singles and previously unreleased tracks presented as a complete album.In the early 70s, Jessie Key and Sylvester Cleary - two passionate idealists living in Buffalo, New York - formed a close friendship based on a mutual mission to better their city. The Attica State Prison Riot of 1971 was a burning memory, and the Arthur vs. Nyquist lawsuit - brought against the City of Buffalo for creating and maintaining a racially segregated school system - was on the docket. Key was once a cotton-laborer in Mississippi, who journeyed north for school where he met his kindred spirit, Cleary. The two struck up an intense friendship, bought a drum machine and recorded their first 45, &quot;A Man,&quot; a paean to self-actualization and Black American empowerment, which they custom pressed and issued privately.Dozens of recordings followed over a decade long span, issued on local labels and warehoused on cassette tapes. Perennial optimists, Key &amp; Cleary tried any - perhaps every! - path they could demarcate in hopes of forwarding their agenda of self-effected, positive change. They formed Buffalo&#039;s first minority-owned construction company, opened a health food restaurant in a building previously occupied by a fast food chain, and even concocted a candy bar called &quot;The Buffalo Treat,&quot; which they manufactured and sold locally. Eventually they started their own label, Buffalo&#039;s Reflection. On it theyreleased their masterpiece, &quot;What It Takes To Live,&quot; a sought-after disco and Northern Soul classic, which previously appeared on Now-Again&quot;s Soul Cal anthology.This album collates the breadth of Key &amp; Cleary&#039;s recordings from 1970 until the mid 1980s, both with songs issued on rare 7&quot; singles and previously unreleased. It presents a conjoined musical vision and tells the story of a duo years ahead of their time, both musically and culturally. Love Is The Way was their ethos - their goal was to enlighten humanity and to bend history in a more loving direction through communion.\" \/>\n<meta name=\"robots\" content=\"index, follow, max-snippet:-1, max-image-preview:large, max-video-preview:-1\" \/>\n<link rel=\"canonical\" href=\"https:\/\/wpguerssen-test.odoo.rgbconsulting.com\/es\/producto\/love-is-the-way\/\" \/>\n<meta property=\"og:locale\" content=\"es_ES\" \/>\n<meta property=\"og:type\" content=\"article\" \/>\n<meta property=\"og:title\" content=\"KEY &amp; CLEARY - Love Is The Way -  (LP) | Guerssen\" \/>\n<meta property=\"og:description\" content=\"Drum-machine soul, funk, disco and boogie from Buffalo, NY. Rare 7&quot; singles and previously unreleased tracks presented as a complete album.In the early 70s, Jessie Key and Sylvester Cleary - two passionate idealists living in Buffalo, New York - formed a close friendship based on a mutual mission to better their city. The Attica State Prison Riot of 1971 was a burning memory, and the Arthur vs. Nyquist lawsuit - brought against the City of Buffalo for creating and maintaining a racially segregated school system - was on the docket. Key was once a cotton-laborer in Mississippi, who journeyed north for school where he met his kindred spirit, Cleary. The two struck up an intense friendship, bought a drum machine and recorded their first 45, &quot;A Man,&quot; a paean to self-actualization and Black American empowerment, which they custom pressed and issued privately.Dozens of recordings followed over a decade long span, issued on local labels and warehoused on cassette tapes. Perennial optimists, Key &amp; Cleary tried any - perhaps every! - path they could demarcate in hopes of forwarding their agenda of self-effected, positive change. They formed Buffalo&#039;s first minority-owned construction company, opened a health food restaurant in a building previously occupied by a fast food chain, and even concocted a candy bar called &quot;The Buffalo Treat,&quot; which they manufactured and sold locally. Eventually they started their own label, Buffalo&#039;s Reflection. On it theyreleased their masterpiece, &quot;What It Takes To Live,&quot; a sought-after disco and Northern Soul classic, which previously appeared on Now-Again&quot;s Soul Cal anthology.This album collates the breadth of Key &amp; Cleary&#039;s recordings from 1970 until the mid 1980s, both with songs issued on rare 7&quot; singles and previously unreleased. It presents a conjoined musical vision and tells the story of a duo years ahead of their time, both musically and culturally. Love Is The Way was their ethos - their goal was to enlighten humanity and to bend history in a more loving direction through communion.\" \/>\n<meta property=\"og:url\" content=\"https:\/\/wpguerssen-test.odoo.rgbconsulting.com\/es\/producto\/love-is-the-way\/\" \/>\n<meta property=\"og:site_name\" content=\"Guerssen records\" \/>\n<meta property=\"article:modified_time\" content=\"2024-04-19T10:29:04+00:00\" \/>\n<meta property=\"og:image\" content=\"https:\/\/wpguerssen-test.odoo.rgbconsulting.com\/wp-content\/uploads\/2024\/02\/46870.jpg\" \/>\n\t<meta property=\"og:image:width\" content=\"402\" \/>\n\t<meta property=\"og:image:height\" content=\"397\" \/>\n\t<meta property=\"og:image:type\" content=\"image\/jpeg\" \/>\n<meta name=\"twitter:card\" content=\"summary_large_image\" \/>\n<meta name=\"twitter:title\" content=\"KEY &amp; CLEARY - Love Is The Way -  (LP) | Guerssen\" \/>\n<meta name=\"twitter:label1\" content=\"Tiempo de lectura\" \/>\n\t<meta name=\"twitter:data1\" content=\"2 minutos\" \/>\n<script type=\"application\/ld+json\" class=\"yoast-schema-graph\">{\"@context\":\"https:\/\/schema.org\",\"@graph\":[{\"@type\":\"WebPage\",\"@id\":\"https:\/\/wpguerssen-test.odoo.rgbconsulting.com\/es\/producto\/love-is-the-way\/\",\"url\":\"https:\/\/wpguerssen-test.odoo.rgbconsulting.com\/es\/producto\/love-is-the-way\/\",\"name\":\"KEY & CLEARY - Love Is The Way - (LP) | Guerssen\",\"isPartOf\":{\"@id\":\"https:\/\/wpguerssen-test.odoo.rgbconsulting.com\/es\/#website\"},\"primaryImageOfPage\":{\"@id\":\"https:\/\/wpguerssen-test.odoo.rgbconsulting.com\/es\/producto\/love-is-the-way\/#primaryimage\"},\"image\":{\"@id\":\"https:\/\/wpguerssen-test.odoo.rgbconsulting.com\/es\/producto\/love-is-the-way\/#primaryimage\"},\"thumbnailUrl\":\"https:\/\/wpguerssen-test.odoo.rgbconsulting.com\/wp-content\/uploads\/2024\/02\/46870.jpg\",\"datePublished\":\"2024-03-24T23:00:00+00:00\",\"dateModified\":\"2024-04-19T10:29:04+00:00\",\"description\":\"Drum-machine soul, funk, disco and boogie from Buffalo, NY. Rare 7\\\" singles and previously unreleased tracks presented as a complete album.In the early 70s, Jessie Key and Sylvester Cleary - two passionate idealists living in Buffalo, New York - formed a close friendship based on a mutual mission to better their city. The Attica State Prison Riot of 1971 was a burning memory, and the Arthur vs. Nyquist lawsuit - brought against the City of Buffalo for creating and maintaining a racially segregated school system - was on the docket. Key was once a cotton-laborer in Mississippi, who journeyed north for school where he met his kindred spirit, Cleary. The two struck up an intense friendship, bought a drum machine and recorded their first 45, \\\"A Man,\\\" a paean to self-actualization and Black American empowerment, which they custom pressed and issued privately.Dozens of recordings followed over a decade long span, issued on local labels and warehoused on cassette tapes. Perennial optimists, Key & Cleary tried any - perhaps every! - path they could demarcate in hopes of forwarding their agenda of self-effected, positive change. They formed Buffalo's first minority-owned construction company, opened a health food restaurant in a building previously occupied by a fast food chain, and even concocted a candy bar called \\\"The Buffalo Treat,\\\" which they manufactured and sold locally. Eventually they started their own label, Buffalo's Reflection. On it theyreleased their masterpiece, \\\"What It Takes To Live,\\\" a sought-after disco and Northern Soul classic, which previously appeared on Now-Again\\\"s Soul Cal anthology.This album collates the breadth of Key & Cleary's recordings from 1970 until the mid 1980s, both with songs issued on rare 7\\\" singles and previously unreleased. It presents a conjoined musical vision and tells the story of a duo years ahead of their time, both musically and culturally. Love Is The Way was their ethos - their goal was to enlighten humanity and to bend history in a more loving direction through communion.\",\"breadcrumb\":{\"@id\":\"https:\/\/wpguerssen-test.odoo.rgbconsulting.com\/es\/producto\/love-is-the-way\/#breadcrumb\"},\"inLanguage\":\"es\",\"potentialAction\":[{\"@type\":\"ReadAction\",\"target\":[\"https:\/\/wpguerssen-test.odoo.rgbconsulting.com\/es\/producto\/love-is-the-way\/\"]}]},{\"@type\":\"ImageObject\",\"inLanguage\":\"es\",\"@id\":\"https:\/\/wpguerssen-test.odoo.rgbconsulting.com\/es\/producto\/love-is-the-way\/#primaryimage\",\"url\":\"https:\/\/wpguerssen-test.odoo.rgbconsulting.com\/wp-content\/uploads\/2024\/02\/46870.jpg\",\"contentUrl\":\"https:\/\/wpguerssen-test.odoo.rgbconsulting.com\/wp-content\/uploads\/2024\/02\/46870.jpg\",\"width\":402,\"height\":397},{\"@type\":\"BreadcrumbList\",\"@id\":\"https:\/\/wpguerssen-test.odoo.rgbconsulting.com\/es\/producto\/love-is-the-way\/#breadcrumb\",\"itemListElement\":[{\"@type\":\"ListItem\",\"position\":1,\"name\":\"Inicio\",\"item\":\"https:\/\/wpguerssen-test.odoo.rgbconsulting.com\/es\/\"},{\"@type\":\"ListItem\",\"position\":2,\"name\":\"Shop\",\"item\":\"https:\/\/wpguerssen-test.odoo.rgbconsulting.com\/shop\/\"},{\"@type\":\"ListItem\",\"position\":3,\"name\":\"Love Is The Way\"}]},{\"@type\":\"WebSite\",\"@id\":\"https:\/\/wpguerssen-test.odoo.rgbconsulting.com\/es\/#website\",\"url\":\"https:\/\/wpguerssen-test.odoo.rgbconsulting.com\/es\/\",\"name\":\"Guerssen records\",\"description\":\"psychedelia - progressive - folk - garage \",\"publisher\":{\"@id\":\"https:\/\/wpguerssen-test.odoo.rgbconsulting.com\/es\/#organization\"},\"potentialAction\":[{\"@type\":\"SearchAction\",\"target\":{\"@type\":\"EntryPoint\",\"urlTemplate\":\"https:\/\/wpguerssen-test.odoo.rgbconsulting.com\/es\/?s={search_term_string}\"},\"query-input\":{\"@type\":\"PropertyValueSpecification\",\"valueRequired\":true,\"valueName\":\"search_term_string\"}}],\"inLanguage\":\"es\"},{\"@type\":\"Organization\",\"@id\":\"https:\/\/wpguerssen-test.odoo.rgbconsulting.com\/es\/#organization\",\"name\":\"Guerssen records\",\"url\":\"https:\/\/wpguerssen-test.odoo.rgbconsulting.com\/es\/\",\"logo\":{\"@type\":\"ImageObject\",\"inLanguage\":\"es\",\"@id\":\"https:\/\/wpguerssen-test.odoo.rgbconsulting.com\/es\/#\/schema\/logo\/image\/\",\"url\":\"https:\/\/wpguerssen-test.odoo.rgbconsulting.com\/wp-content\/uploads\/2022\/04\/Logo_Guerssen_trans_100.png\",\"contentUrl\":\"https:\/\/wpguerssen-test.odoo.rgbconsulting.com\/wp-content\/uploads\/2022\/04\/Logo_Guerssen_trans_100.png\",\"width\":122,\"height\":100,\"caption\":\"Guerssen records\"},\"image\":{\"@id\":\"https:\/\/wpguerssen-test.odoo.rgbconsulting.com\/es\/#\/schema\/logo\/image\/\"}}]}<\/script>\n<!-- \/ Yoast SEO plugin. -->","yoast_head_json":{"title":"KEY & CLEARY - Love Is The Way -  (LP) | Guerssen","description":"Drum-machine soul, funk, disco and boogie from Buffalo, NY. Rare 7\" singles and previously unreleased tracks presented as a complete album.In the early 70s, Jessie Key and Sylvester Cleary - two passionate idealists living in Buffalo, New York - formed a close friendship based on a mutual mission to better their city. The Attica State Prison Riot of 1971 was a burning memory, and the Arthur vs. Nyquist lawsuit - brought against the City of Buffalo for creating and maintaining a racially segregated school system - was on the docket. Key was once a cotton-laborer in Mississippi, who journeyed north for school where he met his kindred spirit, Cleary. The two struck up an intense friendship, bought a drum machine and recorded their first 45, \"A Man,\" a paean to self-actualization and Black American empowerment, which they custom pressed and issued privately.Dozens of recordings followed over a decade long span, issued on local labels and warehoused on cassette tapes. Perennial optimists, Key & Cleary tried any - perhaps every! - path they could demarcate in hopes of forwarding their agenda of self-effected, positive change. They formed Buffalo's first minority-owned construction company, opened a health food restaurant in a building previously occupied by a fast food chain, and even concocted a candy bar called \"The Buffalo Treat,\" which they manufactured and sold locally. Eventually they started their own label, Buffalo's Reflection. On it theyreleased their masterpiece, \"What It Takes To Live,\" a sought-after disco and Northern Soul classic, which previously appeared on Now-Again\"s Soul Cal anthology.This album collates the breadth of Key & Cleary's recordings from 1970 until the mid 1980s, both with songs issued on rare 7\" singles and previously unreleased. It presents a conjoined musical vision and tells the story of a duo years ahead of their time, both musically and culturally. Love Is The Way was their ethos - their goal was to enlighten humanity and to bend history in a more loving direction through communion.","robots":{"index":"index","follow":"follow","max-snippet":"max-snippet:-1","max-image-preview":"max-image-preview:large","max-video-preview":"max-video-preview:-1"},"canonical":"https:\/\/wpguerssen-test.odoo.rgbconsulting.com\/es\/producto\/love-is-the-way\/","og_locale":"es_ES","og_type":"article","og_title":"KEY & CLEARY - Love Is The Way -  (LP) | Guerssen","og_description":"Drum-machine soul, funk, disco and boogie from Buffalo, NY. Rare 7\" singles and previously unreleased tracks presented as a complete album.In the early 70s, Jessie Key and Sylvester Cleary - two passionate idealists living in Buffalo, New York - formed a close friendship based on a mutual mission to better their city. The Attica State Prison Riot of 1971 was a burning memory, and the Arthur vs. Nyquist lawsuit - brought against the City of Buffalo for creating and maintaining a racially segregated school system - was on the docket. Key was once a cotton-laborer in Mississippi, who journeyed north for school where he met his kindred spirit, Cleary. The two struck up an intense friendship, bought a drum machine and recorded their first 45, \"A Man,\" a paean to self-actualization and Black American empowerment, which they custom pressed and issued privately.Dozens of recordings followed over a decade long span, issued on local labels and warehoused on cassette tapes. Perennial optimists, Key & Cleary tried any - perhaps every! - path they could demarcate in hopes of forwarding their agenda of self-effected, positive change. They formed Buffalo's first minority-owned construction company, opened a health food restaurant in a building previously occupied by a fast food chain, and even concocted a candy bar called \"The Buffalo Treat,\" which they manufactured and sold locally. Eventually they started their own label, Buffalo's Reflection. On it theyreleased their masterpiece, \"What It Takes To Live,\" a sought-after disco and Northern Soul classic, which previously appeared on Now-Again\"s Soul Cal anthology.This album collates the breadth of Key & Cleary's recordings from 1970 until the mid 1980s, both with songs issued on rare 7\" singles and previously unreleased. It presents a conjoined musical vision and tells the story of a duo years ahead of their time, both musically and culturally. Love Is The Way was their ethos - their goal was to enlighten humanity and to bend history in a more loving direction through communion.","og_url":"https:\/\/wpguerssen-test.odoo.rgbconsulting.com\/es\/producto\/love-is-the-way\/","og_site_name":"Guerssen records","article_modified_time":"2024-04-19T10:29:04+00:00","og_image":[{"width":402,"height":397,"url":"https:\/\/wpguerssen-test.odoo.rgbconsulting.com\/wp-content\/uploads\/2024\/02\/46870.jpg","type":"image\/jpeg"}],"twitter_card":"summary_large_image","twitter_title":"KEY & CLEARY - Love Is The Way -  (LP) | Guerssen","twitter_misc":{"Tiempo de lectura":"2 minutos"},"schema":{"@context":"https:\/\/schema.org","@graph":[{"@type":"WebPage","@id":"https:\/\/wpguerssen-test.odoo.rgbconsulting.com\/es\/producto\/love-is-the-way\/","url":"https:\/\/wpguerssen-test.odoo.rgbconsulting.com\/es\/producto\/love-is-the-way\/","name":"KEY & CLEARY - Love Is The Way - (LP) | Guerssen","isPartOf":{"@id":"https:\/\/wpguerssen-test.odoo.rgbconsulting.com\/es\/#website"},"primaryImageOfPage":{"@id":"https:\/\/wpguerssen-test.odoo.rgbconsulting.com\/es\/producto\/love-is-the-way\/#primaryimage"},"image":{"@id":"https:\/\/wpguerssen-test.odoo.rgbconsulting.com\/es\/producto\/love-is-the-way\/#primaryimage"},"thumbnailUrl":"https:\/\/wpguerssen-test.odoo.rgbconsulting.com\/wp-content\/uploads\/2024\/02\/46870.jpg","datePublished":"2024-03-24T23:00:00+00:00","dateModified":"2024-04-19T10:29:04+00:00","description":"Drum-machine soul, funk, disco and boogie from Buffalo, NY. Rare 7\" singles and previously unreleased tracks presented as a complete album.In the early 70s, Jessie Key and Sylvester Cleary - two passionate idealists living in Buffalo, New York - formed a close friendship based on a mutual mission to better their city. The Attica State Prison Riot of 1971 was a burning memory, and the Arthur vs. Nyquist lawsuit - brought against the City of Buffalo for creating and maintaining a racially segregated school system - was on the docket. Key was once a cotton-laborer in Mississippi, who journeyed north for school where he met his kindred spirit, Cleary. The two struck up an intense friendship, bought a drum machine and recorded their first 45, \"A Man,\" a paean to self-actualization and Black American empowerment, which they custom pressed and issued privately.Dozens of recordings followed over a decade long span, issued on local labels and warehoused on cassette tapes. Perennial optimists, Key & Cleary tried any - perhaps every! - path they could demarcate in hopes of forwarding their agenda of self-effected, positive change. They formed Buffalo's first minority-owned construction company, opened a health food restaurant in a building previously occupied by a fast food chain, and even concocted a candy bar called \"The Buffalo Treat,\" which they manufactured and sold locally. Eventually they started their own label, Buffalo's Reflection. On it theyreleased their masterpiece, \"What It Takes To Live,\" a sought-after disco and Northern Soul classic, which previously appeared on Now-Again\"s Soul Cal anthology.This album collates the breadth of Key & Cleary's recordings from 1970 until the mid 1980s, both with songs issued on rare 7\" singles and previously unreleased. It presents a conjoined musical vision and tells the story of a duo years ahead of their time, both musically and culturally. Love Is The Way was their ethos - their goal was to enlighten humanity and to bend history in a more loving direction through communion.","breadcrumb":{"@id":"https:\/\/wpguerssen-test.odoo.rgbconsulting.com\/es\/producto\/love-is-the-way\/#breadcrumb"},"inLanguage":"es","potentialAction":[{"@type":"ReadAction","target":["https:\/\/wpguerssen-test.odoo.rgbconsulting.com\/es\/producto\/love-is-the-way\/"]}]},{"@type":"ImageObject","inLanguage":"es","@id":"https:\/\/wpguerssen-test.odoo.rgbconsulting.com\/es\/producto\/love-is-the-way\/#primaryimage","url":"https:\/\/wpguerssen-test.odoo.rgbconsulting.com\/wp-content\/uploads\/2024\/02\/46870.jpg","contentUrl":"https:\/\/wpguerssen-test.odoo.rgbconsulting.com\/wp-content\/uploads\/2024\/02\/46870.jpg","width":402,"height":397},{"@type":"BreadcrumbList","@id":"https:\/\/wpguerssen-test.odoo.rgbconsulting.com\/es\/producto\/love-is-the-way\/#breadcrumb","itemListElement":[{"@type":"ListItem","position":1,"name":"Inicio","item":"https:\/\/wpguerssen-test.odoo.rgbconsulting.com\/es\/"},{"@type":"ListItem","position":2,"name":"Shop","item":"https:\/\/wpguerssen-test.odoo.rgbconsulting.com\/shop\/"},{"@type":"ListItem","position":3,"name":"Love Is The Way"}]},{"@type":"WebSite","@id":"https:\/\/wpguerssen-test.odoo.rgbconsulting.com\/es\/#website","url":"https:\/\/wpguerssen-test.odoo.rgbconsulting.com\/es\/","name":"Guerssen records","description":"psychedelia - progressive - folk - garage ","publisher":{"@id":"https:\/\/wpguerssen-test.odoo.rgbconsulting.com\/es\/#organization"},"potentialAction":[{"@type":"SearchAction","target":{"@type":"EntryPoint","urlTemplate":"https:\/\/wpguerssen-test.odoo.rgbconsulting.com\/es\/?s={search_term_string}"},"query-input":{"@type":"PropertyValueSpecification","valueRequired":true,"valueName":"search_term_string"}}],"inLanguage":"es"},{"@type":"Organization","@id":"https:\/\/wpguerssen-test.odoo.rgbconsulting.com\/es\/#organization","name":"Guerssen records","url":"https:\/\/wpguerssen-test.odoo.rgbconsulting.com\/es\/","logo":{"@type":"ImageObject","inLanguage":"es","@id":"https:\/\/wpguerssen-test.odoo.rgbconsulting.com\/es\/#\/schema\/logo\/image\/","url":"https:\/\/wpguerssen-test.odoo.rgbconsulting.com\/wp-content\/uploads\/2022\/04\/Logo_Guerssen_trans_100.png","contentUrl":"https:\/\/wpguerssen-test.odoo.rgbconsulting.com\/wp-content\/uploads\/2022\/04\/Logo_Guerssen_trans_100.png","width":122,"height":100,"caption":"Guerssen records"},"image":{"@id":"https:\/\/wpguerssen-test.odoo.rgbconsulting.com\/es\/#\/schema\/logo\/image\/"}}]}},"_links":{"self":[{"href":"https:\/\/wpguerssen-test.odoo.rgbconsulting.com\/es\/wp-json\/wp\/v2\/product\/250705","targetHints":{"allow":["GET"]}}],"collection":[{"href":"https:\/\/wpguerssen-test.odoo.rgbconsulting.com\/es\/wp-json\/wp\/v2\/product"}],"about":[{"href":"https:\/\/wpguerssen-test.odoo.rgbconsulting.com\/es\/wp-json\/wp\/v2\/types\/product"}],"wp:featuredmedia":[{"embeddable":true,"href":"https:\/\/wpguerssen-test.odoo.rgbconsulting.com\/es\/wp-json\/wp\/v2\/media\/250762"}],"wp:attachment":[{"href":"https:\/\/wpguerssen-test.odoo.rgbconsulting.com\/es\/wp-json\/wp\/v2\/media?parent=250705"}],"wp:term":[{"taxonomy":"product_brand","embeddable":true,"href":"https:\/\/wpguerssen-test.odoo.rgbconsulting.com\/es\/wp-json\/wp\/v2\/product_brand?post=250705"},{"taxonomy":"product_cat","embeddable":true,"href":"https:\/\/wpguerssen-test.odoo.rgbconsulting.com\/es\/wp-json\/wp\/v2\/product_cat?post=250705"},{"taxonomy":"product_tag","embeddable":true,"href":"https:\/\/wpguerssen-test.odoo.rgbconsulting.com\/es\/wp-json\/wp\/v2\/product_tag?post=250705"}],"curies":[{"name":"wp","href":"https:\/\/api.w.org\/{rel}","templated":true}]}}