{"id":250766,"date":"2024-03-18T00:00:00","date_gmt":"2024-03-17T23:00:00","guid":{"rendered":"https:\/\/wpguerssen-test.odoo.rgbconsulting.com\/product\/alpha-centaury\/"},"modified":"2025-04-29T13:34:39","modified_gmt":"2025-04-29T11:34:39","slug":"alpha-centaury","status":"publish","type":"product","link":"https:\/\/wpguerssen-test.odoo.rgbconsulting.com\/es\/producto\/alpha-centaury\/","title":{"rendered":"Alpha Centaury"},"content":{"rendered":"<p>Te trajimos a Rialzu, Skryvania, Cheval Fou y ahora es el momento de la primera reedici\u00f3n en vinilo del diamante de Alpha Centauri: Alpha Centaury. Lanzada originalmente de forma privada en una edici\u00f3n limitada de 300 copias en 1976, e igualmente dif\u00edcil de encontrar como los t\u00edtulos antes mencionados, esta joya est\u00e1 envuelta en un misterio, por la sencilla raz\u00f3n de que Alpha Centauri ni siquiera busc\u00f3 publicidad durante su corta existencia. Este es un \u00e1lbum que combina psicodelia y progresivo, de una manera delicadamente inquietante y melanc\u00f3licamente tempestuosa. Una aut\u00e9ntica experiencia para mimar los o\u00eddos que se sienta tan c\u00f3modamente en tu c\u00f3clea como que impregna los momentos m\u00e1s oscuros de M\u00e9moriance con los pasajes embrujados de Royal Incarnation de Dickens en la calle vac\u00eda de Downer de Common People y Zerfas, intercalados con el virtuosismo de la guitarra de Bruno N\u00e9vez. Esta edici\u00f3n, que lleva mucho tiempo en desarrollo, est\u00e1 disponible en solo 300 copias numeradas a mano (150 en vinilo negro y 150 en vinilo m\u00e1rmol), remasterizada cuidadosamente para su m\u00e1ximo placer auditivo por el maestro del sonido Gustavo Bolasini, con un inserto de 2 p\u00e1ginas; incluyendo, por fin, una biograf\u00eda adecuada de esta estrella fugaz.<\/p>\n","protected":false},"excerpt":{"rendered":"<p>Te trajimos a Rialzu, Skryvania, Cheval Fou y ahora es el momento de la primera reedici\u00f3n en vinilo del diamante de Alpha Centauri: Alpha Centaury. Lanzada originalmente<a class=\"read\" href=\"https:\/\/wpguerssen-test.odoo.rgbconsulting.com\/es\/producto\/alpha-centaury\/\"> (...)<\/a>","protected":false},"featured_media":250810,"template":"","meta":{"_acf_changed":false},"product_brand":[],"product_cat":[23215,23224],"product_tag":[],"class_list":{"0":"post-250766","1":"product","2":"type-product","3":"status-publish","4":"has-post-thumbnail","6":"product_cat-progressive60s-70s-es","7":"product_cat-hard-rock-60s-70s-es","8":"pa_artist-alpha-centauri","9":"pa_format-lp-es","10":"pa_gender-hard-rock-60s-70s-progressive60s-70s","11":"pa_label-disques-plusquereel","12":"pa_location-north-america-es","13":"pa_other-filters-vinyl-only-es","15":"first","16":"instock","17":"taxable","18":"shipping-taxable","19":"purchasable","20":"product-type-simple"},"acf":[],"yoast_head":"<!-- This site is optimized with the Yoast SEO plugin v24.9 - https:\/\/yoast.com\/wordpress\/plugins\/seo\/ -->\n<title>ALPHA CENTAURI - Alpha Centaury -  (LP) | Guerssen<\/title>\n<meta name=\"description\" content=\"File nearby: Dickens, Ripaille, M\u00e9moriance, Zerfas, New Dawn, Common PeopleWe brought you Rialzu, Skryvania, Cheval Fou, and now it&#039;s time for the first vinyl reissue of Alpha Centauri&#039;s diamond: Alpha Centaury. Originally privately released in a limited pressing of 300 copies in 1976, and equally hard-to-find as the aforementioned titles, this gem is shrouded in mystery, for the simple reason that Alpha Centauri didn&#039;t even pursue publicity during their short-lived existence. This is an album that marries both psychedelia and prog, in a delicately eerie and melancholically tempestuous way. A sheer ear-pampering experience that sits as comfortably on your cochlea as suffusing the darkest moments of M\u00e9moriance with the haunted passages of Dickens&#039; Royal Incarnation on the empty Downer street of Common People and Zerfas, interspersed with the guitar virtuosity of Bruno N\u00e9vez. This long-in-the-making edition is available in only 300 hand-numbered copies (150 on black and 150 on marble vinyl), extenuatingly remastered for your maximum audio pleasure by the sound-meister Gustavo Bolasini, with a 2-page insert including, at last, a proper biography of this shooting-star.\" \/>\n<meta name=\"robots\" content=\"index, follow, max-snippet:-1, max-image-preview:large, max-video-preview:-1\" \/>\n<link rel=\"canonical\" href=\"https:\/\/wpguerssen-test.odoo.rgbconsulting.com\/es\/producto\/alpha-centaury\/\" \/>\n<meta property=\"og:locale\" content=\"es_ES\" \/>\n<meta property=\"og:type\" content=\"article\" \/>\n<meta property=\"og:title\" content=\"ALPHA CENTAURI - Alpha Centaury -  (LP) | Guerssen\" \/>\n<meta property=\"og:description\" content=\"File nearby: Dickens, Ripaille, M\u00e9moriance, Zerfas, New Dawn, Common PeopleWe brought you Rialzu, Skryvania, Cheval Fou, and now it&#039;s time for the first vinyl reissue of Alpha Centauri&#039;s diamond: Alpha Centaury. Originally privately released in a limited pressing of 300 copies in 1976, and equally hard-to-find as the aforementioned titles, this gem is shrouded in mystery, for the simple reason that Alpha Centauri didn&#039;t even pursue publicity during their short-lived existence. This is an album that marries both psychedelia and prog, in a delicately eerie and melancholically tempestuous way. A sheer ear-pampering experience that sits as comfortably on your cochlea as suffusing the darkest moments of M\u00e9moriance with the haunted passages of Dickens&#039; Royal Incarnation on the empty Downer street of Common People and Zerfas, interspersed with the guitar virtuosity of Bruno N\u00e9vez. This long-in-the-making edition is available in only 300 hand-numbered copies (150 on black and 150 on marble vinyl), extenuatingly remastered for your maximum audio pleasure by the sound-meister Gustavo Bolasini, with a 2-page insert including, at last, a proper biography of this shooting-star.\" \/>\n<meta property=\"og:url\" content=\"https:\/\/wpguerssen-test.odoo.rgbconsulting.com\/es\/producto\/alpha-centaury\/\" \/>\n<meta property=\"og:site_name\" content=\"Guerssen records\" \/>\n<meta property=\"article:modified_time\" content=\"2025-04-29T11:34:39+00:00\" \/>\n<meta property=\"og:image\" content=\"https:\/\/wpguerssen-test.odoo.rgbconsulting.com\/wp-content\/uploads\/2024\/02\/46876.jpg\" \/>\n\t<meta property=\"og:image:width\" content=\"542\" \/>\n\t<meta property=\"og:image:height\" content=\"521\" \/>\n\t<meta property=\"og:image:type\" content=\"image\/jpeg\" \/>\n<meta name=\"twitter:card\" content=\"summary_large_image\" \/>\n<meta name=\"twitter:title\" content=\"ALPHA CENTAURI - Alpha Centaury -  (LP) | Guerssen\" \/>\n<meta name=\"twitter:label1\" content=\"Tiempo de lectura\" \/>\n\t<meta name=\"twitter:data1\" content=\"1 minuto\" \/>\n<script type=\"application\/ld+json\" class=\"yoast-schema-graph\">{\"@context\":\"https:\/\/schema.org\",\"@graph\":[{\"@type\":\"WebPage\",\"@id\":\"https:\/\/wpguerssen-test.odoo.rgbconsulting.com\/es\/producto\/alpha-centaury\/\",\"url\":\"https:\/\/wpguerssen-test.odoo.rgbconsulting.com\/es\/producto\/alpha-centaury\/\",\"name\":\"ALPHA CENTAURI - Alpha Centaury - (LP) | Guerssen\",\"isPartOf\":{\"@id\":\"https:\/\/wpguerssen-test.odoo.rgbconsulting.com\/es\/#website\"},\"primaryImageOfPage\":{\"@id\":\"https:\/\/wpguerssen-test.odoo.rgbconsulting.com\/es\/producto\/alpha-centaury\/#primaryimage\"},\"image\":{\"@id\":\"https:\/\/wpguerssen-test.odoo.rgbconsulting.com\/es\/producto\/alpha-centaury\/#primaryimage\"},\"thumbnailUrl\":\"https:\/\/wpguerssen-test.odoo.rgbconsulting.com\/wp-content\/uploads\/2024\/02\/46876.jpg\",\"datePublished\":\"2024-03-17T23:00:00+00:00\",\"dateModified\":\"2025-04-29T11:34:39+00:00\",\"description\":\"File nearby: Dickens, Ripaille, M\u00e9moriance, Zerfas, New Dawn, Common PeopleWe brought you Rialzu, Skryvania, Cheval Fou, and now it's time for the first vinyl reissue of Alpha Centauri's diamond: Alpha Centaury. Originally privately released in a limited pressing of 300 copies in 1976, and equally hard-to-find as the aforementioned titles, this gem is shrouded in mystery, for the simple reason that Alpha Centauri didn't even pursue publicity during their short-lived existence. This is an album that marries both psychedelia and prog, in a delicately eerie and melancholically tempestuous way. A sheer ear-pampering experience that sits as comfortably on your cochlea as suffusing the darkest moments of M\u00e9moriance with the haunted passages of Dickens' Royal Incarnation on the empty Downer street of Common People and Zerfas, interspersed with the guitar virtuosity of Bruno N\u00e9vez. This long-in-the-making edition is available in only 300 hand-numbered copies (150 on black and 150 on marble vinyl), extenuatingly remastered for your maximum audio pleasure by the sound-meister Gustavo Bolasini, with a 2-page insert including, at last, a proper biography of this shooting-star.\",\"breadcrumb\":{\"@id\":\"https:\/\/wpguerssen-test.odoo.rgbconsulting.com\/es\/producto\/alpha-centaury\/#breadcrumb\"},\"inLanguage\":\"es\",\"potentialAction\":[{\"@type\":\"ReadAction\",\"target\":[\"https:\/\/wpguerssen-test.odoo.rgbconsulting.com\/es\/producto\/alpha-centaury\/\"]}]},{\"@type\":\"ImageObject\",\"inLanguage\":\"es\",\"@id\":\"https:\/\/wpguerssen-test.odoo.rgbconsulting.com\/es\/producto\/alpha-centaury\/#primaryimage\",\"url\":\"https:\/\/wpguerssen-test.odoo.rgbconsulting.com\/wp-content\/uploads\/2024\/02\/46876.jpg\",\"contentUrl\":\"https:\/\/wpguerssen-test.odoo.rgbconsulting.com\/wp-content\/uploads\/2024\/02\/46876.jpg\",\"width\":542,\"height\":521},{\"@type\":\"BreadcrumbList\",\"@id\":\"https:\/\/wpguerssen-test.odoo.rgbconsulting.com\/es\/producto\/alpha-centaury\/#breadcrumb\",\"itemListElement\":[{\"@type\":\"ListItem\",\"position\":1,\"name\":\"Inicio\",\"item\":\"https:\/\/wpguerssen-test.odoo.rgbconsulting.com\/es\/\"},{\"@type\":\"ListItem\",\"position\":2,\"name\":\"Shop\",\"item\":\"https:\/\/wpguerssen-test.odoo.rgbconsulting.com\/shop\/\"},{\"@type\":\"ListItem\",\"position\":3,\"name\":\"Alpha Centaury\"}]},{\"@type\":\"WebSite\",\"@id\":\"https:\/\/wpguerssen-test.odoo.rgbconsulting.com\/es\/#website\",\"url\":\"https:\/\/wpguerssen-test.odoo.rgbconsulting.com\/es\/\",\"name\":\"Guerssen records\",\"description\":\"psychedelia - progressive - folk - garage \",\"publisher\":{\"@id\":\"https:\/\/wpguerssen-test.odoo.rgbconsulting.com\/es\/#organization\"},\"potentialAction\":[{\"@type\":\"SearchAction\",\"target\":{\"@type\":\"EntryPoint\",\"urlTemplate\":\"https:\/\/wpguerssen-test.odoo.rgbconsulting.com\/es\/?s={search_term_string}\"},\"query-input\":{\"@type\":\"PropertyValueSpecification\",\"valueRequired\":true,\"valueName\":\"search_term_string\"}}],\"inLanguage\":\"es\"},{\"@type\":\"Organization\",\"@id\":\"https:\/\/wpguerssen-test.odoo.rgbconsulting.com\/es\/#organization\",\"name\":\"Guerssen records\",\"url\":\"https:\/\/wpguerssen-test.odoo.rgbconsulting.com\/es\/\",\"logo\":{\"@type\":\"ImageObject\",\"inLanguage\":\"es\",\"@id\":\"https:\/\/wpguerssen-test.odoo.rgbconsulting.com\/es\/#\/schema\/logo\/image\/\",\"url\":\"https:\/\/wpguerssen-test.odoo.rgbconsulting.com\/wp-content\/uploads\/2022\/04\/Logo_Guerssen_trans_100.png\",\"contentUrl\":\"https:\/\/wpguerssen-test.odoo.rgbconsulting.com\/wp-content\/uploads\/2022\/04\/Logo_Guerssen_trans_100.png\",\"width\":122,\"height\":100,\"caption\":\"Guerssen records\"},\"image\":{\"@id\":\"https:\/\/wpguerssen-test.odoo.rgbconsulting.com\/es\/#\/schema\/logo\/image\/\"}}]}<\/script>\n<!-- \/ Yoast SEO plugin. -->","yoast_head_json":{"title":"ALPHA CENTAURI - Alpha Centaury -  (LP) | Guerssen","description":"File nearby: Dickens, Ripaille, M\u00e9moriance, Zerfas, New Dawn, Common PeopleWe brought you Rialzu, Skryvania, Cheval Fou, and now it's time for the first vinyl reissue of Alpha Centauri's diamond: Alpha Centaury. Originally privately released in a limited pressing of 300 copies in 1976, and equally hard-to-find as the aforementioned titles, this gem is shrouded in mystery, for the simple reason that Alpha Centauri didn't even pursue publicity during their short-lived existence. This is an album that marries both psychedelia and prog, in a delicately eerie and melancholically tempestuous way. A sheer ear-pampering experience that sits as comfortably on your cochlea as suffusing the darkest moments of M\u00e9moriance with the haunted passages of Dickens' Royal Incarnation on the empty Downer street of Common People and Zerfas, interspersed with the guitar virtuosity of Bruno N\u00e9vez. This long-in-the-making edition is available in only 300 hand-numbered copies (150 on black and 150 on marble vinyl), extenuatingly remastered for your maximum audio pleasure by the sound-meister Gustavo Bolasini, with a 2-page insert including, at last, a proper biography of this shooting-star.","robots":{"index":"index","follow":"follow","max-snippet":"max-snippet:-1","max-image-preview":"max-image-preview:large","max-video-preview":"max-video-preview:-1"},"canonical":"https:\/\/wpguerssen-test.odoo.rgbconsulting.com\/es\/producto\/alpha-centaury\/","og_locale":"es_ES","og_type":"article","og_title":"ALPHA CENTAURI - Alpha Centaury -  (LP) | Guerssen","og_description":"File nearby: Dickens, Ripaille, M\u00e9moriance, Zerfas, New Dawn, Common PeopleWe brought you Rialzu, Skryvania, Cheval Fou, and now it's time for the first vinyl reissue of Alpha Centauri's diamond: Alpha Centaury. Originally privately released in a limited pressing of 300 copies in 1976, and equally hard-to-find as the aforementioned titles, this gem is shrouded in mystery, for the simple reason that Alpha Centauri didn't even pursue publicity during their short-lived existence. This is an album that marries both psychedelia and prog, in a delicately eerie and melancholically tempestuous way. A sheer ear-pampering experience that sits as comfortably on your cochlea as suffusing the darkest moments of M\u00e9moriance with the haunted passages of Dickens' Royal Incarnation on the empty Downer street of Common People and Zerfas, interspersed with the guitar virtuosity of Bruno N\u00e9vez. This long-in-the-making edition is available in only 300 hand-numbered copies (150 on black and 150 on marble vinyl), extenuatingly remastered for your maximum audio pleasure by the sound-meister Gustavo Bolasini, with a 2-page insert including, at last, a proper biography of this shooting-star.","og_url":"https:\/\/wpguerssen-test.odoo.rgbconsulting.com\/es\/producto\/alpha-centaury\/","og_site_name":"Guerssen records","article_modified_time":"2025-04-29T11:34:39+00:00","og_image":[{"width":542,"height":521,"url":"https:\/\/wpguerssen-test.odoo.rgbconsulting.com\/wp-content\/uploads\/2024\/02\/46876.jpg","type":"image\/jpeg"}],"twitter_card":"summary_large_image","twitter_title":"ALPHA CENTAURI - Alpha Centaury -  (LP) | Guerssen","twitter_misc":{"Tiempo de lectura":"1 minuto"},"schema":{"@context":"https:\/\/schema.org","@graph":[{"@type":"WebPage","@id":"https:\/\/wpguerssen-test.odoo.rgbconsulting.com\/es\/producto\/alpha-centaury\/","url":"https:\/\/wpguerssen-test.odoo.rgbconsulting.com\/es\/producto\/alpha-centaury\/","name":"ALPHA CENTAURI - Alpha Centaury - (LP) | Guerssen","isPartOf":{"@id":"https:\/\/wpguerssen-test.odoo.rgbconsulting.com\/es\/#website"},"primaryImageOfPage":{"@id":"https:\/\/wpguerssen-test.odoo.rgbconsulting.com\/es\/producto\/alpha-centaury\/#primaryimage"},"image":{"@id":"https:\/\/wpguerssen-test.odoo.rgbconsulting.com\/es\/producto\/alpha-centaury\/#primaryimage"},"thumbnailUrl":"https:\/\/wpguerssen-test.odoo.rgbconsulting.com\/wp-content\/uploads\/2024\/02\/46876.jpg","datePublished":"2024-03-17T23:00:00+00:00","dateModified":"2025-04-29T11:34:39+00:00","description":"File nearby: Dickens, Ripaille, M\u00e9moriance, Zerfas, New Dawn, Common PeopleWe brought you Rialzu, Skryvania, Cheval Fou, and now it's time for the first vinyl reissue of Alpha Centauri's diamond: Alpha Centaury. Originally privately released in a limited pressing of 300 copies in 1976, and equally hard-to-find as the aforementioned titles, this gem is shrouded in mystery, for the simple reason that Alpha Centauri didn't even pursue publicity during their short-lived existence. This is an album that marries both psychedelia and prog, in a delicately eerie and melancholically tempestuous way. A sheer ear-pampering experience that sits as comfortably on your cochlea as suffusing the darkest moments of M\u00e9moriance with the haunted passages of Dickens' Royal Incarnation on the empty Downer street of Common People and Zerfas, interspersed with the guitar virtuosity of Bruno N\u00e9vez. This long-in-the-making edition is available in only 300 hand-numbered copies (150 on black and 150 on marble vinyl), extenuatingly remastered for your maximum audio pleasure by the sound-meister Gustavo Bolasini, with a 2-page insert including, at last, a proper biography of this shooting-star.","breadcrumb":{"@id":"https:\/\/wpguerssen-test.odoo.rgbconsulting.com\/es\/producto\/alpha-centaury\/#breadcrumb"},"inLanguage":"es","potentialAction":[{"@type":"ReadAction","target":["https:\/\/wpguerssen-test.odoo.rgbconsulting.com\/es\/producto\/alpha-centaury\/"]}]},{"@type":"ImageObject","inLanguage":"es","@id":"https:\/\/wpguerssen-test.odoo.rgbconsulting.com\/es\/producto\/alpha-centaury\/#primaryimage","url":"https:\/\/wpguerssen-test.odoo.rgbconsulting.com\/wp-content\/uploads\/2024\/02\/46876.jpg","contentUrl":"https:\/\/wpguerssen-test.odoo.rgbconsulting.com\/wp-content\/uploads\/2024\/02\/46876.jpg","width":542,"height":521},{"@type":"BreadcrumbList","@id":"https:\/\/wpguerssen-test.odoo.rgbconsulting.com\/es\/producto\/alpha-centaury\/#breadcrumb","itemListElement":[{"@type":"ListItem","position":1,"name":"Inicio","item":"https:\/\/wpguerssen-test.odoo.rgbconsulting.com\/es\/"},{"@type":"ListItem","position":2,"name":"Shop","item":"https:\/\/wpguerssen-test.odoo.rgbconsulting.com\/shop\/"},{"@type":"ListItem","position":3,"name":"Alpha Centaury"}]},{"@type":"WebSite","@id":"https:\/\/wpguerssen-test.odoo.rgbconsulting.com\/es\/#website","url":"https:\/\/wpguerssen-test.odoo.rgbconsulting.com\/es\/","name":"Guerssen records","description":"psychedelia - progressive - folk - garage ","publisher":{"@id":"https:\/\/wpguerssen-test.odoo.rgbconsulting.com\/es\/#organization"},"potentialAction":[{"@type":"SearchAction","target":{"@type":"EntryPoint","urlTemplate":"https:\/\/wpguerssen-test.odoo.rgbconsulting.com\/es\/?s={search_term_string}"},"query-input":{"@type":"PropertyValueSpecification","valueRequired":true,"valueName":"search_term_string"}}],"inLanguage":"es"},{"@type":"Organization","@id":"https:\/\/wpguerssen-test.odoo.rgbconsulting.com\/es\/#organization","name":"Guerssen records","url":"https:\/\/wpguerssen-test.odoo.rgbconsulting.com\/es\/","logo":{"@type":"ImageObject","inLanguage":"es","@id":"https:\/\/wpguerssen-test.odoo.rgbconsulting.com\/es\/#\/schema\/logo\/image\/","url":"https:\/\/wpguerssen-test.odoo.rgbconsulting.com\/wp-content\/uploads\/2022\/04\/Logo_Guerssen_trans_100.png","contentUrl":"https:\/\/wpguerssen-test.odoo.rgbconsulting.com\/wp-content\/uploads\/2022\/04\/Logo_Guerssen_trans_100.png","width":122,"height":100,"caption":"Guerssen records"},"image":{"@id":"https:\/\/wpguerssen-test.odoo.rgbconsulting.com\/es\/#\/schema\/logo\/image\/"}}]}},"_links":{"self":[{"href":"https:\/\/wpguerssen-test.odoo.rgbconsulting.com\/es\/wp-json\/wp\/v2\/product\/250766","targetHints":{"allow":["GET"]}}],"collection":[{"href":"https:\/\/wpguerssen-test.odoo.rgbconsulting.com\/es\/wp-json\/wp\/v2\/product"}],"about":[{"href":"https:\/\/wpguerssen-test.odoo.rgbconsulting.com\/es\/wp-json\/wp\/v2\/types\/product"}],"wp:featuredmedia":[{"embeddable":true,"href":"https:\/\/wpguerssen-test.odoo.rgbconsulting.com\/es\/wp-json\/wp\/v2\/media\/250810"}],"wp:attachment":[{"href":"https:\/\/wpguerssen-test.odoo.rgbconsulting.com\/es\/wp-json\/wp\/v2\/media?parent=250766"}],"wp:term":[{"taxonomy":"product_brand","embeddable":true,"href":"https:\/\/wpguerssen-test.odoo.rgbconsulting.com\/es\/wp-json\/wp\/v2\/product_brand?post=250766"},{"taxonomy":"product_cat","embeddable":true,"href":"https:\/\/wpguerssen-test.odoo.rgbconsulting.com\/es\/wp-json\/wp\/v2\/product_cat?post=250766"},{"taxonomy":"product_tag","embeddable":true,"href":"https:\/\/wpguerssen-test.odoo.rgbconsulting.com\/es\/wp-json\/wp\/v2\/product_tag?post=250766"}],"curies":[{"name":"wp","href":"https:\/\/api.w.org\/{rel}","templated":true}]}}