{"id":250767,"date":"2025-03-19T00:00:00","date_gmt":"2025-03-18T23:00:00","guid":{"rendered":"https:\/\/wpguerssen-test.odoo.rgbconsulting.com\/product\/aun-es-tiempo-de-sonar\/"},"modified":"2025-04-23T17:27:26","modified_gmt":"2025-04-23T15:27:26","slug":"aun-es-tiempo-de-sonar","status":"publish","type":"product","link":"https:\/\/wpguerssen-test.odoo.rgbconsulting.com\/es\/producto\/aun-es-tiempo-de-sonar\/","title":{"rendered":"Aun Es Tiempo De So\u00f1ar"},"content":{"rendered":"<p>A\u00fan es tiempo de so\u00f1ar marca el principio del fin para los argentinos Banana (el fin de su popularidad masiva, habiendo sido reconocidos hasta 1978 como uno de los grupos de mayor tendencia en Argentina gracias a sus composiciones basadas en baladas) y el comienzo de una orientaci\u00f3n completamente nueva en una vena sinf\u00f3nica progresiva. La pasi\u00f3n de C\u00e9sar Pueyrred\u00f3n, el cerebro y principal compositor de Banana, por la melod\u00eda y su estilo rom\u00e1ntico \u00fanico fueron los principales impulsores detr\u00e1s del \u00e1lbum progresivo sinf\u00f3nico con sonido m\u00e1s distintivamente europeo que lleg\u00f3 desde Argentina en 1979. Compuesto a la perfecci\u00f3n, este es un \u00e1lbum que atraer\u00e1 en a los fans de Kaipa y Camel, as\u00ed como a los seducidos por el lado melodioso de Italoprog. La primera reedici\u00f3n oficial de este \u00e1lbum esencial viene en una edici\u00f3n ultralimitada de 200 copias numeradas a mano (100 en negro y 100 en amarillo), con un encarte de dos p\u00e1ginas que muestra c\u00f3mo surgi\u00f3 la obra maestra de Banana.<\/p>\n","protected":false},"excerpt":{"rendered":"<p>A\u00fan es tiempo de so\u00f1ar marca el principio del fin para los argentinos Banana (el fin de su popularidad masiva, habiendo sido reconocidos hasta 1978 como uno de los<a class=\"read\" href=\"https:\/\/wpguerssen-test.odoo.rgbconsulting.com\/es\/producto\/aun-es-tiempo-de-sonar\/\"> (...)<\/a>","protected":false},"featured_media":250812,"template":"","meta":{"_acf_changed":false},"product_brand":[],"product_cat":[23215],"product_tag":[24185],"class_list":{"0":"post-250767","1":"product","2":"type-product","3":"status-publish","4":"has-post-thumbnail","6":"product_cat-progressive60s-70s-es","7":"product_tag-de-nuevo-en-existencia","8":"pa_artist-banana","9":"pa_format-lp-es","10":"pa_gender-progressive60s-70s","11":"pa_label-disques-plusquereel","12":"pa_location-south-america-caribbean-es","13":"pa_other-filters-vinyl-only-es","15":"first","16":"instock","17":"taxable","18":"shipping-taxable","19":"purchasable","20":"product-type-simple"},"acf":[],"yoast_head":"<!-- This site is optimized with the Yoast SEO plugin v24.9 - https:\/\/yoast.com\/wordpress\/plugins\/seo\/ -->\n<title>BANANA - Aun Es Tiempo De So\u00f1ar -  (LP) | Guerssen<\/title>\n<meta name=\"description\" content=\"File nearby: P.F.M, Camel, Kaipa, Espiritu, Celeste, Locanda Delle FateA\u00fan es tiempo de sonar marks the beginning of the end for the Argentinean Banana: the end of their mass popularity, having been recognized until 1978 (and still going) as one of the most trending outfits in Argentina thanks to their ballad-driven compositions, and the beginning of a wholly new orientation in a symphonic prog vein. C\u00e9sar Pueyrred\u00f3n&#039;s, the mastermind and Banana&#039;s main composer, passion for melody and his unique romantic style were the main drivers behind the most distinctively European sounding symphonic prog album that came from Argentina in 1979. Composed to perfection, this is an album that will appeal in equal measure to fans of Kaipa and Camel, as well as to those seduced by the mellow side of Italoprog. The first ever official reissue of this essential album comes in an ultra-limited edition of 200 hand-numbered copies (100 black and 100 yellow), with a 2-page insert showcasing how Banana&#039;s magnum opus came to be.\" \/>\n<meta name=\"robots\" content=\"index, follow, max-snippet:-1, max-image-preview:large, max-video-preview:-1\" \/>\n<link rel=\"canonical\" href=\"https:\/\/wpguerssen-test.odoo.rgbconsulting.com\/es\/producto\/aun-es-tiempo-de-sonar\/\" \/>\n<meta property=\"og:locale\" content=\"es_ES\" \/>\n<meta property=\"og:type\" content=\"article\" \/>\n<meta property=\"og:title\" content=\"BANANA - Aun Es Tiempo De So\u00f1ar -  (LP) | Guerssen\" \/>\n<meta property=\"og:description\" content=\"File nearby: P.F.M, Camel, Kaipa, Espiritu, Celeste, Locanda Delle FateA\u00fan es tiempo de sonar marks the beginning of the end for the Argentinean Banana: the end of their mass popularity, having been recognized until 1978 (and still going) as one of the most trending outfits in Argentina thanks to their ballad-driven compositions, and the beginning of a wholly new orientation in a symphonic prog vein. C\u00e9sar Pueyrred\u00f3n&#039;s, the mastermind and Banana&#039;s main composer, passion for melody and his unique romantic style were the main drivers behind the most distinctively European sounding symphonic prog album that came from Argentina in 1979. Composed to perfection, this is an album that will appeal in equal measure to fans of Kaipa and Camel, as well as to those seduced by the mellow side of Italoprog. The first ever official reissue of this essential album comes in an ultra-limited edition of 200 hand-numbered copies (100 black and 100 yellow), with a 2-page insert showcasing how Banana&#039;s magnum opus came to be.\" \/>\n<meta property=\"og:url\" content=\"https:\/\/wpguerssen-test.odoo.rgbconsulting.com\/es\/producto\/aun-es-tiempo-de-sonar\/\" \/>\n<meta property=\"og:site_name\" content=\"Guerssen records\" \/>\n<meta property=\"article:modified_time\" content=\"2025-04-23T15:27:26+00:00\" \/>\n<meta property=\"og:image\" content=\"https:\/\/wpguerssen-test.odoo.rgbconsulting.com\/wp-content\/uploads\/2024\/02\/46877.jpg\" \/>\n\t<meta property=\"og:image:width\" content=\"533\" \/>\n\t<meta property=\"og:image:height\" content=\"542\" \/>\n\t<meta property=\"og:image:type\" content=\"image\/jpeg\" \/>\n<meta name=\"twitter:card\" content=\"summary_large_image\" \/>\n<meta name=\"twitter:title\" content=\"BANANA - Aun Es Tiempo De So\u00f1ar -  (LP) | Guerssen\" \/>\n<meta name=\"twitter:label1\" content=\"Tiempo de lectura\" \/>\n\t<meta name=\"twitter:data1\" content=\"1 minuto\" \/>\n<script type=\"application\/ld+json\" class=\"yoast-schema-graph\">{\"@context\":\"https:\/\/schema.org\",\"@graph\":[{\"@type\":\"WebPage\",\"@id\":\"https:\/\/wpguerssen-test.odoo.rgbconsulting.com\/es\/producto\/aun-es-tiempo-de-sonar\/\",\"url\":\"https:\/\/wpguerssen-test.odoo.rgbconsulting.com\/es\/producto\/aun-es-tiempo-de-sonar\/\",\"name\":\"BANANA - Aun Es Tiempo De So\u00f1ar - (LP) | Guerssen\",\"isPartOf\":{\"@id\":\"https:\/\/wpguerssen-test.odoo.rgbconsulting.com\/es\/#website\"},\"primaryImageOfPage\":{\"@id\":\"https:\/\/wpguerssen-test.odoo.rgbconsulting.com\/es\/producto\/aun-es-tiempo-de-sonar\/#primaryimage\"},\"image\":{\"@id\":\"https:\/\/wpguerssen-test.odoo.rgbconsulting.com\/es\/producto\/aun-es-tiempo-de-sonar\/#primaryimage\"},\"thumbnailUrl\":\"https:\/\/wpguerssen-test.odoo.rgbconsulting.com\/wp-content\/uploads\/2024\/02\/46877.jpg\",\"datePublished\":\"2025-03-18T23:00:00+00:00\",\"dateModified\":\"2025-04-23T15:27:26+00:00\",\"description\":\"File nearby: P.F.M, Camel, Kaipa, Espiritu, Celeste, Locanda Delle FateA\u00fan es tiempo de sonar marks the beginning of the end for the Argentinean Banana: the end of their mass popularity, having been recognized until 1978 (and still going) as one of the most trending outfits in Argentina thanks to their ballad-driven compositions, and the beginning of a wholly new orientation in a symphonic prog vein. C\u00e9sar Pueyrred\u00f3n's, the mastermind and Banana's main composer, passion for melody and his unique romantic style were the main drivers behind the most distinctively European sounding symphonic prog album that came from Argentina in 1979. Composed to perfection, this is an album that will appeal in equal measure to fans of Kaipa and Camel, as well as to those seduced by the mellow side of Italoprog. The first ever official reissue of this essential album comes in an ultra-limited edition of 200 hand-numbered copies (100 black and 100 yellow), with a 2-page insert showcasing how Banana's magnum opus came to be.\",\"breadcrumb\":{\"@id\":\"https:\/\/wpguerssen-test.odoo.rgbconsulting.com\/es\/producto\/aun-es-tiempo-de-sonar\/#breadcrumb\"},\"inLanguage\":\"es\",\"potentialAction\":[{\"@type\":\"ReadAction\",\"target\":[\"https:\/\/wpguerssen-test.odoo.rgbconsulting.com\/es\/producto\/aun-es-tiempo-de-sonar\/\"]}]},{\"@type\":\"ImageObject\",\"inLanguage\":\"es\",\"@id\":\"https:\/\/wpguerssen-test.odoo.rgbconsulting.com\/es\/producto\/aun-es-tiempo-de-sonar\/#primaryimage\",\"url\":\"https:\/\/wpguerssen-test.odoo.rgbconsulting.com\/wp-content\/uploads\/2024\/02\/46877.jpg\",\"contentUrl\":\"https:\/\/wpguerssen-test.odoo.rgbconsulting.com\/wp-content\/uploads\/2024\/02\/46877.jpg\",\"width\":533,\"height\":542},{\"@type\":\"BreadcrumbList\",\"@id\":\"https:\/\/wpguerssen-test.odoo.rgbconsulting.com\/es\/producto\/aun-es-tiempo-de-sonar\/#breadcrumb\",\"itemListElement\":[{\"@type\":\"ListItem\",\"position\":1,\"name\":\"Inicio\",\"item\":\"https:\/\/wpguerssen-test.odoo.rgbconsulting.com\/es\/\"},{\"@type\":\"ListItem\",\"position\":2,\"name\":\"Shop\",\"item\":\"https:\/\/wpguerssen-test.odoo.rgbconsulting.com\/shop\/\"},{\"@type\":\"ListItem\",\"position\":3,\"name\":\"Aun Es Tiempo De So\u00f1ar\"}]},{\"@type\":\"WebSite\",\"@id\":\"https:\/\/wpguerssen-test.odoo.rgbconsulting.com\/es\/#website\",\"url\":\"https:\/\/wpguerssen-test.odoo.rgbconsulting.com\/es\/\",\"name\":\"Guerssen records\",\"description\":\"psychedelia - progressive - folk - garage \",\"publisher\":{\"@id\":\"https:\/\/wpguerssen-test.odoo.rgbconsulting.com\/es\/#organization\"},\"potentialAction\":[{\"@type\":\"SearchAction\",\"target\":{\"@type\":\"EntryPoint\",\"urlTemplate\":\"https:\/\/wpguerssen-test.odoo.rgbconsulting.com\/es\/?s={search_term_string}\"},\"query-input\":{\"@type\":\"PropertyValueSpecification\",\"valueRequired\":true,\"valueName\":\"search_term_string\"}}],\"inLanguage\":\"es\"},{\"@type\":\"Organization\",\"@id\":\"https:\/\/wpguerssen-test.odoo.rgbconsulting.com\/es\/#organization\",\"name\":\"Guerssen records\",\"url\":\"https:\/\/wpguerssen-test.odoo.rgbconsulting.com\/es\/\",\"logo\":{\"@type\":\"ImageObject\",\"inLanguage\":\"es\",\"@id\":\"https:\/\/wpguerssen-test.odoo.rgbconsulting.com\/es\/#\/schema\/logo\/image\/\",\"url\":\"https:\/\/wpguerssen-test.odoo.rgbconsulting.com\/wp-content\/uploads\/2022\/04\/Logo_Guerssen_trans_100.png\",\"contentUrl\":\"https:\/\/wpguerssen-test.odoo.rgbconsulting.com\/wp-content\/uploads\/2022\/04\/Logo_Guerssen_trans_100.png\",\"width\":122,\"height\":100,\"caption\":\"Guerssen records\"},\"image\":{\"@id\":\"https:\/\/wpguerssen-test.odoo.rgbconsulting.com\/es\/#\/schema\/logo\/image\/\"}}]}<\/script>\n<!-- \/ Yoast SEO plugin. -->","yoast_head_json":{"title":"BANANA - Aun Es Tiempo De So\u00f1ar -  (LP) | Guerssen","description":"File nearby: P.F.M, Camel, Kaipa, Espiritu, Celeste, Locanda Delle FateA\u00fan es tiempo de sonar marks the beginning of the end for the Argentinean Banana: the end of their mass popularity, having been recognized until 1978 (and still going) as one of the most trending outfits in Argentina thanks to their ballad-driven compositions, and the beginning of a wholly new orientation in a symphonic prog vein. C\u00e9sar Pueyrred\u00f3n's, the mastermind and Banana's main composer, passion for melody and his unique romantic style were the main drivers behind the most distinctively European sounding symphonic prog album that came from Argentina in 1979. Composed to perfection, this is an album that will appeal in equal measure to fans of Kaipa and Camel, as well as to those seduced by the mellow side of Italoprog. The first ever official reissue of this essential album comes in an ultra-limited edition of 200 hand-numbered copies (100 black and 100 yellow), with a 2-page insert showcasing how Banana's magnum opus came to be.","robots":{"index":"index","follow":"follow","max-snippet":"max-snippet:-1","max-image-preview":"max-image-preview:large","max-video-preview":"max-video-preview:-1"},"canonical":"https:\/\/wpguerssen-test.odoo.rgbconsulting.com\/es\/producto\/aun-es-tiempo-de-sonar\/","og_locale":"es_ES","og_type":"article","og_title":"BANANA - Aun Es Tiempo De So\u00f1ar -  (LP) | Guerssen","og_description":"File nearby: P.F.M, Camel, Kaipa, Espiritu, Celeste, Locanda Delle FateA\u00fan es tiempo de sonar marks the beginning of the end for the Argentinean Banana: the end of their mass popularity, having been recognized until 1978 (and still going) as one of the most trending outfits in Argentina thanks to their ballad-driven compositions, and the beginning of a wholly new orientation in a symphonic prog vein. C\u00e9sar Pueyrred\u00f3n's, the mastermind and Banana's main composer, passion for melody and his unique romantic style were the main drivers behind the most distinctively European sounding symphonic prog album that came from Argentina in 1979. Composed to perfection, this is an album that will appeal in equal measure to fans of Kaipa and Camel, as well as to those seduced by the mellow side of Italoprog. The first ever official reissue of this essential album comes in an ultra-limited edition of 200 hand-numbered copies (100 black and 100 yellow), with a 2-page insert showcasing how Banana's magnum opus came to be.","og_url":"https:\/\/wpguerssen-test.odoo.rgbconsulting.com\/es\/producto\/aun-es-tiempo-de-sonar\/","og_site_name":"Guerssen records","article_modified_time":"2025-04-23T15:27:26+00:00","og_image":[{"width":533,"height":542,"url":"https:\/\/wpguerssen-test.odoo.rgbconsulting.com\/wp-content\/uploads\/2024\/02\/46877.jpg","type":"image\/jpeg"}],"twitter_card":"summary_large_image","twitter_title":"BANANA - Aun Es Tiempo De So\u00f1ar -  (LP) | Guerssen","twitter_misc":{"Tiempo de lectura":"1 minuto"},"schema":{"@context":"https:\/\/schema.org","@graph":[{"@type":"WebPage","@id":"https:\/\/wpguerssen-test.odoo.rgbconsulting.com\/es\/producto\/aun-es-tiempo-de-sonar\/","url":"https:\/\/wpguerssen-test.odoo.rgbconsulting.com\/es\/producto\/aun-es-tiempo-de-sonar\/","name":"BANANA - Aun Es Tiempo De So\u00f1ar - (LP) | Guerssen","isPartOf":{"@id":"https:\/\/wpguerssen-test.odoo.rgbconsulting.com\/es\/#website"},"primaryImageOfPage":{"@id":"https:\/\/wpguerssen-test.odoo.rgbconsulting.com\/es\/producto\/aun-es-tiempo-de-sonar\/#primaryimage"},"image":{"@id":"https:\/\/wpguerssen-test.odoo.rgbconsulting.com\/es\/producto\/aun-es-tiempo-de-sonar\/#primaryimage"},"thumbnailUrl":"https:\/\/wpguerssen-test.odoo.rgbconsulting.com\/wp-content\/uploads\/2024\/02\/46877.jpg","datePublished":"2025-03-18T23:00:00+00:00","dateModified":"2025-04-23T15:27:26+00:00","description":"File nearby: P.F.M, Camel, Kaipa, Espiritu, Celeste, Locanda Delle FateA\u00fan es tiempo de sonar marks the beginning of the end for the Argentinean Banana: the end of their mass popularity, having been recognized until 1978 (and still going) as one of the most trending outfits in Argentina thanks to their ballad-driven compositions, and the beginning of a wholly new orientation in a symphonic prog vein. C\u00e9sar Pueyrred\u00f3n's, the mastermind and Banana's main composer, passion for melody and his unique romantic style were the main drivers behind the most distinctively European sounding symphonic prog album that came from Argentina in 1979. Composed to perfection, this is an album that will appeal in equal measure to fans of Kaipa and Camel, as well as to those seduced by the mellow side of Italoprog. The first ever official reissue of this essential album comes in an ultra-limited edition of 200 hand-numbered copies (100 black and 100 yellow), with a 2-page insert showcasing how Banana's magnum opus came to be.","breadcrumb":{"@id":"https:\/\/wpguerssen-test.odoo.rgbconsulting.com\/es\/producto\/aun-es-tiempo-de-sonar\/#breadcrumb"},"inLanguage":"es","potentialAction":[{"@type":"ReadAction","target":["https:\/\/wpguerssen-test.odoo.rgbconsulting.com\/es\/producto\/aun-es-tiempo-de-sonar\/"]}]},{"@type":"ImageObject","inLanguage":"es","@id":"https:\/\/wpguerssen-test.odoo.rgbconsulting.com\/es\/producto\/aun-es-tiempo-de-sonar\/#primaryimage","url":"https:\/\/wpguerssen-test.odoo.rgbconsulting.com\/wp-content\/uploads\/2024\/02\/46877.jpg","contentUrl":"https:\/\/wpguerssen-test.odoo.rgbconsulting.com\/wp-content\/uploads\/2024\/02\/46877.jpg","width":533,"height":542},{"@type":"BreadcrumbList","@id":"https:\/\/wpguerssen-test.odoo.rgbconsulting.com\/es\/producto\/aun-es-tiempo-de-sonar\/#breadcrumb","itemListElement":[{"@type":"ListItem","position":1,"name":"Inicio","item":"https:\/\/wpguerssen-test.odoo.rgbconsulting.com\/es\/"},{"@type":"ListItem","position":2,"name":"Shop","item":"https:\/\/wpguerssen-test.odoo.rgbconsulting.com\/shop\/"},{"@type":"ListItem","position":3,"name":"Aun Es Tiempo De So\u00f1ar"}]},{"@type":"WebSite","@id":"https:\/\/wpguerssen-test.odoo.rgbconsulting.com\/es\/#website","url":"https:\/\/wpguerssen-test.odoo.rgbconsulting.com\/es\/","name":"Guerssen records","description":"psychedelia - progressive - folk - garage ","publisher":{"@id":"https:\/\/wpguerssen-test.odoo.rgbconsulting.com\/es\/#organization"},"potentialAction":[{"@type":"SearchAction","target":{"@type":"EntryPoint","urlTemplate":"https:\/\/wpguerssen-test.odoo.rgbconsulting.com\/es\/?s={search_term_string}"},"query-input":{"@type":"PropertyValueSpecification","valueRequired":true,"valueName":"search_term_string"}}],"inLanguage":"es"},{"@type":"Organization","@id":"https:\/\/wpguerssen-test.odoo.rgbconsulting.com\/es\/#organization","name":"Guerssen records","url":"https:\/\/wpguerssen-test.odoo.rgbconsulting.com\/es\/","logo":{"@type":"ImageObject","inLanguage":"es","@id":"https:\/\/wpguerssen-test.odoo.rgbconsulting.com\/es\/#\/schema\/logo\/image\/","url":"https:\/\/wpguerssen-test.odoo.rgbconsulting.com\/wp-content\/uploads\/2022\/04\/Logo_Guerssen_trans_100.png","contentUrl":"https:\/\/wpguerssen-test.odoo.rgbconsulting.com\/wp-content\/uploads\/2022\/04\/Logo_Guerssen_trans_100.png","width":122,"height":100,"caption":"Guerssen records"},"image":{"@id":"https:\/\/wpguerssen-test.odoo.rgbconsulting.com\/es\/#\/schema\/logo\/image\/"}}]}},"_links":{"self":[{"href":"https:\/\/wpguerssen-test.odoo.rgbconsulting.com\/es\/wp-json\/wp\/v2\/product\/250767","targetHints":{"allow":["GET"]}}],"collection":[{"href":"https:\/\/wpguerssen-test.odoo.rgbconsulting.com\/es\/wp-json\/wp\/v2\/product"}],"about":[{"href":"https:\/\/wpguerssen-test.odoo.rgbconsulting.com\/es\/wp-json\/wp\/v2\/types\/product"}],"wp:featuredmedia":[{"embeddable":true,"href":"https:\/\/wpguerssen-test.odoo.rgbconsulting.com\/es\/wp-json\/wp\/v2\/media\/250812"}],"wp:attachment":[{"href":"https:\/\/wpguerssen-test.odoo.rgbconsulting.com\/es\/wp-json\/wp\/v2\/media?parent=250767"}],"wp:term":[{"taxonomy":"product_brand","embeddable":true,"href":"https:\/\/wpguerssen-test.odoo.rgbconsulting.com\/es\/wp-json\/wp\/v2\/product_brand?post=250767"},{"taxonomy":"product_cat","embeddable":true,"href":"https:\/\/wpguerssen-test.odoo.rgbconsulting.com\/es\/wp-json\/wp\/v2\/product_cat?post=250767"},{"taxonomy":"product_tag","embeddable":true,"href":"https:\/\/wpguerssen-test.odoo.rgbconsulting.com\/es\/wp-json\/wp\/v2\/product_tag?post=250767"}],"curies":[{"name":"wp","href":"https:\/\/api.w.org\/{rel}","templated":true}]}}