{"id":250816,"date":"2024-04-18T00:00:00","date_gmt":"2024-04-17T22:00:00","guid":{"rendered":"https:\/\/wpguerssen-test.odoo.rgbconsulting.com\/product\/milano-undiscovered-1988-1992-unreleased\/"},"modified":"2024-09-02T14:29:43","modified_gmt":"2024-09-02T12:29:43","slug":"milano-undiscovered-1988-1992-unreleased","status":"publish","type":"product","link":"https:\/\/wpguerssen-test.odoo.rgbconsulting.com\/es\/producto\/milano-undiscovered-1988-1992-unreleased\/","title":{"rendered":"Milano Undiscovered 1988-1992. Unreleased"},"content":{"rendered":"<p>El tercer cap\u00edtulo de la serie \u00abMilano Undiscovered\u00bb, comisariada por Fred Ventura, nos lleva en un viaje a trav\u00e9s de la vibrante escena techno y house milanesa de 1988-1992.<br \/>Esta \u00faltima entrega revela un tesoro de demos in\u00e9ditos, que muestran las producciones que surgi\u00f3 del floreciente subsuelo de la ciudad durante esta \u00e9poca. Inspir\u00e1ndose en los sonidos pioneros que emanaban de Chicago, Detroit, Londres y Sheffield, una ola de productores milaneses se embarc\u00f3 en una odisea creativa, creando sus propias interpretaciones sonoras \u00fanicas del panorama de la m\u00fasica electr\u00f3nica de baile.<\/p>\n","protected":false},"excerpt":{"rendered":"<p>El tercer cap\u00edtulo de la serie \u00abMilano Undiscovered\u00bb, comisariada por Fred Ventura, nos lleva en un viaje a trav\u00e9s de la vibrante escena techno y house milanesa<a class=\"read\" href=\"https:\/\/wpguerssen-test.odoo.rgbconsulting.com\/es\/producto\/milano-undiscovered-1988-1992-unreleased\/\"> (...)<\/a>","protected":false},"featured_media":250785,"template":"","meta":{"_acf_changed":false},"product_brand":[],"product_cat":[23266],"product_tag":[],"class_list":{"0":"post-250816","1":"product","2":"type-product","3":"status-publish","4":"has-post-thumbnail","6":"product_cat-electronic-es","7":"pa_artist-various-artists-es","8":"pa_format-lp-es","9":"pa_gender-electronic","10":"pa_label-spittle-dependance","11":"pa_location-europe-es","12":"pa_other-filters-vinyl-only-es","14":"first","15":"instock","16":"taxable","17":"shipping-taxable","18":"purchasable","19":"product-type-simple"},"acf":[],"yoast_head":"<!-- This site is optimized with the Yoast SEO plugin v24.9 - https:\/\/yoast.com\/wordpress\/plugins\/seo\/ -->\n<title>VARIOUS ARTISTS - Milano Undiscovered 1988-1992. Unreleased -  (LP) | Guerssen<\/title>\n<meta name=\"description\" content=\"Third chapter of the &quot;Milano Undiscovered&quot; series, curated by Fred Ventura, takes us on a journey through the vibrant Milanese techno and house scene of 1988-1992.This latest installment unveils a treasure of unreleased demos, showcasing the productions that emerged from the city&#039;s flourishing underground during this era. Inspired by the pioneering sounds emanating from Chicago, Detroit, London and Sheffield, a wave of Milanese producers embarked on a creative odyssey, crafting their own unique sonic interpretations of the electronic dance music landscape.\" \/>\n<meta name=\"robots\" content=\"index, follow, max-snippet:-1, max-image-preview:large, max-video-preview:-1\" \/>\n<link rel=\"canonical\" href=\"https:\/\/wpguerssen-test.odoo.rgbconsulting.com\/es\/producto\/milano-undiscovered-1988-1992-unreleased\/\" \/>\n<meta property=\"og:locale\" content=\"es_ES\" \/>\n<meta property=\"og:type\" content=\"article\" \/>\n<meta property=\"og:title\" content=\"VARIOUS ARTISTS - Milano Undiscovered 1988-1992. Unreleased -  (LP) | Guerssen\" \/>\n<meta property=\"og:description\" content=\"Third chapter of the &quot;Milano Undiscovered&quot; series, curated by Fred Ventura, takes us on a journey through the vibrant Milanese techno and house scene of 1988-1992.This latest installment unveils a treasure of unreleased demos, showcasing the productions that emerged from the city&#039;s flourishing underground during this era. Inspired by the pioneering sounds emanating from Chicago, Detroit, London and Sheffield, a wave of Milanese producers embarked on a creative odyssey, crafting their own unique sonic interpretations of the electronic dance music landscape.\" \/>\n<meta property=\"og:url\" content=\"https:\/\/wpguerssen-test.odoo.rgbconsulting.com\/es\/producto\/milano-undiscovered-1988-1992-unreleased\/\" \/>\n<meta property=\"og:site_name\" content=\"Guerssen records\" \/>\n<meta property=\"article:modified_time\" content=\"2024-09-02T12:29:43+00:00\" \/>\n<meta property=\"og:image\" content=\"https:\/\/wpguerssen-test.odoo.rgbconsulting.com\/wp-content\/uploads\/2024\/02\/46883.jpg\" \/>\n\t<meta property=\"og:image:width\" content=\"1192\" \/>\n\t<meta property=\"og:image:height\" content=\"1181\" \/>\n\t<meta property=\"og:image:type\" content=\"image\/jpeg\" \/>\n<meta name=\"twitter:card\" content=\"summary_large_image\" \/>\n<meta name=\"twitter:title\" content=\"VARIOUS ARTISTS - Milano Undiscovered 1988-1992. Unreleased -  (LP) | Guerssen\" \/>\n<script type=\"application\/ld+json\" class=\"yoast-schema-graph\">{\"@context\":\"https:\/\/schema.org\",\"@graph\":[{\"@type\":\"WebPage\",\"@id\":\"https:\/\/wpguerssen-test.odoo.rgbconsulting.com\/es\/producto\/milano-undiscovered-1988-1992-unreleased\/\",\"url\":\"https:\/\/wpguerssen-test.odoo.rgbconsulting.com\/es\/producto\/milano-undiscovered-1988-1992-unreleased\/\",\"name\":\"VARIOUS ARTISTS - Milano Undiscovered 1988-1992. Unreleased - (LP) | Guerssen\",\"isPartOf\":{\"@id\":\"https:\/\/wpguerssen-test.odoo.rgbconsulting.com\/es\/#website\"},\"primaryImageOfPage\":{\"@id\":\"https:\/\/wpguerssen-test.odoo.rgbconsulting.com\/es\/producto\/milano-undiscovered-1988-1992-unreleased\/#primaryimage\"},\"image\":{\"@id\":\"https:\/\/wpguerssen-test.odoo.rgbconsulting.com\/es\/producto\/milano-undiscovered-1988-1992-unreleased\/#primaryimage\"},\"thumbnailUrl\":\"https:\/\/wpguerssen-test.odoo.rgbconsulting.com\/wp-content\/uploads\/2024\/02\/46883.jpg\",\"datePublished\":\"2024-04-17T22:00:00+00:00\",\"dateModified\":\"2024-09-02T12:29:43+00:00\",\"description\":\"Third chapter of the \\\"Milano Undiscovered\\\" series, curated by Fred Ventura, takes us on a journey through the vibrant Milanese techno and house scene of 1988-1992.This latest installment unveils a treasure of unreleased demos, showcasing the productions that emerged from the city's flourishing underground during this era. Inspired by the pioneering sounds emanating from Chicago, Detroit, London and Sheffield, a wave of Milanese producers embarked on a creative odyssey, crafting their own unique sonic interpretations of the electronic dance music landscape.\",\"breadcrumb\":{\"@id\":\"https:\/\/wpguerssen-test.odoo.rgbconsulting.com\/es\/producto\/milano-undiscovered-1988-1992-unreleased\/#breadcrumb\"},\"inLanguage\":\"es\",\"potentialAction\":[{\"@type\":\"ReadAction\",\"target\":[\"https:\/\/wpguerssen-test.odoo.rgbconsulting.com\/es\/producto\/milano-undiscovered-1988-1992-unreleased\/\"]}]},{\"@type\":\"ImageObject\",\"inLanguage\":\"es\",\"@id\":\"https:\/\/wpguerssen-test.odoo.rgbconsulting.com\/es\/producto\/milano-undiscovered-1988-1992-unreleased\/#primaryimage\",\"url\":\"https:\/\/wpguerssen-test.odoo.rgbconsulting.com\/wp-content\/uploads\/2024\/02\/46883.jpg\",\"contentUrl\":\"https:\/\/wpguerssen-test.odoo.rgbconsulting.com\/wp-content\/uploads\/2024\/02\/46883.jpg\",\"width\":1192,\"height\":1181},{\"@type\":\"BreadcrumbList\",\"@id\":\"https:\/\/wpguerssen-test.odoo.rgbconsulting.com\/es\/producto\/milano-undiscovered-1988-1992-unreleased\/#breadcrumb\",\"itemListElement\":[{\"@type\":\"ListItem\",\"position\":1,\"name\":\"Inicio\",\"item\":\"https:\/\/wpguerssen-test.odoo.rgbconsulting.com\/es\/\"},{\"@type\":\"ListItem\",\"position\":2,\"name\":\"Shop\",\"item\":\"https:\/\/wpguerssen-test.odoo.rgbconsulting.com\/shop\/\"},{\"@type\":\"ListItem\",\"position\":3,\"name\":\"Milano Undiscovered 1988-1992. Unreleased\"}]},{\"@type\":\"WebSite\",\"@id\":\"https:\/\/wpguerssen-test.odoo.rgbconsulting.com\/es\/#website\",\"url\":\"https:\/\/wpguerssen-test.odoo.rgbconsulting.com\/es\/\",\"name\":\"Guerssen records\",\"description\":\"psychedelia - progressive - folk - garage \",\"publisher\":{\"@id\":\"https:\/\/wpguerssen-test.odoo.rgbconsulting.com\/es\/#organization\"},\"potentialAction\":[{\"@type\":\"SearchAction\",\"target\":{\"@type\":\"EntryPoint\",\"urlTemplate\":\"https:\/\/wpguerssen-test.odoo.rgbconsulting.com\/es\/?s={search_term_string}\"},\"query-input\":{\"@type\":\"PropertyValueSpecification\",\"valueRequired\":true,\"valueName\":\"search_term_string\"}}],\"inLanguage\":\"es\"},{\"@type\":\"Organization\",\"@id\":\"https:\/\/wpguerssen-test.odoo.rgbconsulting.com\/es\/#organization\",\"name\":\"Guerssen records\",\"url\":\"https:\/\/wpguerssen-test.odoo.rgbconsulting.com\/es\/\",\"logo\":{\"@type\":\"ImageObject\",\"inLanguage\":\"es\",\"@id\":\"https:\/\/wpguerssen-test.odoo.rgbconsulting.com\/es\/#\/schema\/logo\/image\/\",\"url\":\"https:\/\/wpguerssen-test.odoo.rgbconsulting.com\/wp-content\/uploads\/2022\/04\/Logo_Guerssen_trans_100.png\",\"contentUrl\":\"https:\/\/wpguerssen-test.odoo.rgbconsulting.com\/wp-content\/uploads\/2022\/04\/Logo_Guerssen_trans_100.png\",\"width\":122,\"height\":100,\"caption\":\"Guerssen records\"},\"image\":{\"@id\":\"https:\/\/wpguerssen-test.odoo.rgbconsulting.com\/es\/#\/schema\/logo\/image\/\"}}]}<\/script>\n<!-- \/ Yoast SEO plugin. -->","yoast_head_json":{"title":"VARIOUS ARTISTS - Milano Undiscovered 1988-1992. Unreleased -  (LP) | Guerssen","description":"Third chapter of the \"Milano Undiscovered\" series, curated by Fred Ventura, takes us on a journey through the vibrant Milanese techno and house scene of 1988-1992.This latest installment unveils a treasure of unreleased demos, showcasing the productions that emerged from the city's flourishing underground during this era. Inspired by the pioneering sounds emanating from Chicago, Detroit, London and Sheffield, a wave of Milanese producers embarked on a creative odyssey, crafting their own unique sonic interpretations of the electronic dance music landscape.","robots":{"index":"index","follow":"follow","max-snippet":"max-snippet:-1","max-image-preview":"max-image-preview:large","max-video-preview":"max-video-preview:-1"},"canonical":"https:\/\/wpguerssen-test.odoo.rgbconsulting.com\/es\/producto\/milano-undiscovered-1988-1992-unreleased\/","og_locale":"es_ES","og_type":"article","og_title":"VARIOUS ARTISTS - Milano Undiscovered 1988-1992. Unreleased -  (LP) | Guerssen","og_description":"Third chapter of the \"Milano Undiscovered\" series, curated by Fred Ventura, takes us on a journey through the vibrant Milanese techno and house scene of 1988-1992.This latest installment unveils a treasure of unreleased demos, showcasing the productions that emerged from the city's flourishing underground during this era. Inspired by the pioneering sounds emanating from Chicago, Detroit, London and Sheffield, a wave of Milanese producers embarked on a creative odyssey, crafting their own unique sonic interpretations of the electronic dance music landscape.","og_url":"https:\/\/wpguerssen-test.odoo.rgbconsulting.com\/es\/producto\/milano-undiscovered-1988-1992-unreleased\/","og_site_name":"Guerssen records","article_modified_time":"2024-09-02T12:29:43+00:00","og_image":[{"width":1192,"height":1181,"url":"https:\/\/wpguerssen-test.odoo.rgbconsulting.com\/wp-content\/uploads\/2024\/02\/46883.jpg","type":"image\/jpeg"}],"twitter_card":"summary_large_image","twitter_title":"VARIOUS ARTISTS - Milano Undiscovered 1988-1992. Unreleased -  (LP) | Guerssen","schema":{"@context":"https:\/\/schema.org","@graph":[{"@type":"WebPage","@id":"https:\/\/wpguerssen-test.odoo.rgbconsulting.com\/es\/producto\/milano-undiscovered-1988-1992-unreleased\/","url":"https:\/\/wpguerssen-test.odoo.rgbconsulting.com\/es\/producto\/milano-undiscovered-1988-1992-unreleased\/","name":"VARIOUS ARTISTS - Milano Undiscovered 1988-1992. Unreleased - (LP) | Guerssen","isPartOf":{"@id":"https:\/\/wpguerssen-test.odoo.rgbconsulting.com\/es\/#website"},"primaryImageOfPage":{"@id":"https:\/\/wpguerssen-test.odoo.rgbconsulting.com\/es\/producto\/milano-undiscovered-1988-1992-unreleased\/#primaryimage"},"image":{"@id":"https:\/\/wpguerssen-test.odoo.rgbconsulting.com\/es\/producto\/milano-undiscovered-1988-1992-unreleased\/#primaryimage"},"thumbnailUrl":"https:\/\/wpguerssen-test.odoo.rgbconsulting.com\/wp-content\/uploads\/2024\/02\/46883.jpg","datePublished":"2024-04-17T22:00:00+00:00","dateModified":"2024-09-02T12:29:43+00:00","description":"Third chapter of the \"Milano Undiscovered\" series, curated by Fred Ventura, takes us on a journey through the vibrant Milanese techno and house scene of 1988-1992.This latest installment unveils a treasure of unreleased demos, showcasing the productions that emerged from the city's flourishing underground during this era. Inspired by the pioneering sounds emanating from Chicago, Detroit, London and Sheffield, a wave of Milanese producers embarked on a creative odyssey, crafting their own unique sonic interpretations of the electronic dance music landscape.","breadcrumb":{"@id":"https:\/\/wpguerssen-test.odoo.rgbconsulting.com\/es\/producto\/milano-undiscovered-1988-1992-unreleased\/#breadcrumb"},"inLanguage":"es","potentialAction":[{"@type":"ReadAction","target":["https:\/\/wpguerssen-test.odoo.rgbconsulting.com\/es\/producto\/milano-undiscovered-1988-1992-unreleased\/"]}]},{"@type":"ImageObject","inLanguage":"es","@id":"https:\/\/wpguerssen-test.odoo.rgbconsulting.com\/es\/producto\/milano-undiscovered-1988-1992-unreleased\/#primaryimage","url":"https:\/\/wpguerssen-test.odoo.rgbconsulting.com\/wp-content\/uploads\/2024\/02\/46883.jpg","contentUrl":"https:\/\/wpguerssen-test.odoo.rgbconsulting.com\/wp-content\/uploads\/2024\/02\/46883.jpg","width":1192,"height":1181},{"@type":"BreadcrumbList","@id":"https:\/\/wpguerssen-test.odoo.rgbconsulting.com\/es\/producto\/milano-undiscovered-1988-1992-unreleased\/#breadcrumb","itemListElement":[{"@type":"ListItem","position":1,"name":"Inicio","item":"https:\/\/wpguerssen-test.odoo.rgbconsulting.com\/es\/"},{"@type":"ListItem","position":2,"name":"Shop","item":"https:\/\/wpguerssen-test.odoo.rgbconsulting.com\/shop\/"},{"@type":"ListItem","position":3,"name":"Milano Undiscovered 1988-1992. Unreleased"}]},{"@type":"WebSite","@id":"https:\/\/wpguerssen-test.odoo.rgbconsulting.com\/es\/#website","url":"https:\/\/wpguerssen-test.odoo.rgbconsulting.com\/es\/","name":"Guerssen records","description":"psychedelia - progressive - folk - garage ","publisher":{"@id":"https:\/\/wpguerssen-test.odoo.rgbconsulting.com\/es\/#organization"},"potentialAction":[{"@type":"SearchAction","target":{"@type":"EntryPoint","urlTemplate":"https:\/\/wpguerssen-test.odoo.rgbconsulting.com\/es\/?s={search_term_string}"},"query-input":{"@type":"PropertyValueSpecification","valueRequired":true,"valueName":"search_term_string"}}],"inLanguage":"es"},{"@type":"Organization","@id":"https:\/\/wpguerssen-test.odoo.rgbconsulting.com\/es\/#organization","name":"Guerssen records","url":"https:\/\/wpguerssen-test.odoo.rgbconsulting.com\/es\/","logo":{"@type":"ImageObject","inLanguage":"es","@id":"https:\/\/wpguerssen-test.odoo.rgbconsulting.com\/es\/#\/schema\/logo\/image\/","url":"https:\/\/wpguerssen-test.odoo.rgbconsulting.com\/wp-content\/uploads\/2022\/04\/Logo_Guerssen_trans_100.png","contentUrl":"https:\/\/wpguerssen-test.odoo.rgbconsulting.com\/wp-content\/uploads\/2022\/04\/Logo_Guerssen_trans_100.png","width":122,"height":100,"caption":"Guerssen records"},"image":{"@id":"https:\/\/wpguerssen-test.odoo.rgbconsulting.com\/es\/#\/schema\/logo\/image\/"}}]}},"_links":{"self":[{"href":"https:\/\/wpguerssen-test.odoo.rgbconsulting.com\/es\/wp-json\/wp\/v2\/product\/250816","targetHints":{"allow":["GET"]}}],"collection":[{"href":"https:\/\/wpguerssen-test.odoo.rgbconsulting.com\/es\/wp-json\/wp\/v2\/product"}],"about":[{"href":"https:\/\/wpguerssen-test.odoo.rgbconsulting.com\/es\/wp-json\/wp\/v2\/types\/product"}],"wp:featuredmedia":[{"embeddable":true,"href":"https:\/\/wpguerssen-test.odoo.rgbconsulting.com\/es\/wp-json\/wp\/v2\/media\/250785"}],"wp:attachment":[{"href":"https:\/\/wpguerssen-test.odoo.rgbconsulting.com\/es\/wp-json\/wp\/v2\/media?parent=250816"}],"wp:term":[{"taxonomy":"product_brand","embeddable":true,"href":"https:\/\/wpguerssen-test.odoo.rgbconsulting.com\/es\/wp-json\/wp\/v2\/product_brand?post=250816"},{"taxonomy":"product_cat","embeddable":true,"href":"https:\/\/wpguerssen-test.odoo.rgbconsulting.com\/es\/wp-json\/wp\/v2\/product_cat?post=250816"},{"taxonomy":"product_tag","embeddable":true,"href":"https:\/\/wpguerssen-test.odoo.rgbconsulting.com\/es\/wp-json\/wp\/v2\/product_tag?post=250816"}],"curies":[{"name":"wp","href":"https:\/\/api.w.org\/{rel}","templated":true}]}}