{"id":251010,"date":"2024-03-20T00:00:00","date_gmt":"2024-03-19T23:00:00","guid":{"rendered":"https:\/\/wpguerssen-test.odoo.rgbconsulting.com\/product\/virgin\/"},"modified":"2025-04-10T16:40:39","modified_gmt":"2025-04-10T14:40:39","slug":"virgin","status":"publish","type":"product","link":"https:\/\/wpguerssen-test.odoo.rgbconsulting.com\/es\/producto\/virgin\/","title":{"rendered":"Virgin"},"content":{"rendered":"<p>Sum\u00e9rgete en las revolucionarias vibraciones del rock latino de Traffic Sound con su obra maestra de 1970, \u00abVirgin\u00bb. Originario de Lima, Per\u00fa, este \u00e1lbum ic\u00f3nico marc\u00f3 un punto de inflexi\u00f3n para la banda, fusionando psicodelia, hard rock y un toque de rock progresivo con un distintivo sabor latino. Las canciones escritas por ellos mismos, en particular el himno &#8216;Meshkalina&#8217; con gui\u00f1os a la cultura local, mostraron la combinaci\u00f3n \u00fanica de influencias de la banda. Nuestra nueva reedici\u00f3n incluye extensas notas y el arte original en la portada desplegable.<\/p>\n","protected":false},"excerpt":{"rendered":"<p>Sum\u00e9rgete en las revolucionarias vibraciones del rock latino de Traffic Sound con su obra maestra de 1970, \u00abVirgin\u00bb. Originario de Lima, Per\u00fa, este \u00e1lbum ic\u00f3nico<a class=\"read\" href=\"https:\/\/wpguerssen-test.odoo.rgbconsulting.com\/es\/producto\/virgin\/\"> (...)<\/a>","protected":false},"featured_media":250974,"template":"","meta":{"_acf_changed":false},"product_brand":[],"product_cat":[21639,23215],"product_tag":[],"class_list":{"0":"post-251010","1":"product","2":"type-product","3":"status-publish","4":"has-post-thumbnail","6":"product_cat-psychedelic60s-70s-es","7":"product_cat-progressive60s-70s-es","8":"pa_artist-traffic-sound-es","9":"pa_format-lp-es","10":"pa_gender-psychedelic60s-70s-progressive60s-70s","11":"pa_label-munster-es","12":"pa_location-south-america-caribbean-es","13":"pa_other-filters-vinyl-only-es","15":"first","16":"instock","17":"taxable","18":"shipping-taxable","19":"purchasable","20":"product-type-simple"},"acf":[],"yoast_head":"<!-- This site is optimized with the Yoast SEO plugin v24.9 - https:\/\/yoast.com\/wordpress\/plugins\/seo\/ -->\n<title>TRAFFIC SOUND - Virgin -  (LP) | Guerssen<\/title>\n<meta name=\"description\" content=\"Dive into the revolutionary Latin rock vibes of Traffic Sound with their 1970 masterpiece, &quot;Virgin&quot;. Originating in Lima, Peru, this iconic album marked a turning point for the band, fusing psychedelia, hard rock, and a touch of progressive rock with a distinct Latin flavor. The self-written tracks, notably the anthem &#039;Meshkalina&#039; with nods to local culture, showcased the band&#039;s unique blend of influences. Our new reissue includes extensive liner notes and the original artwork on tip-on gatefold sleeve.\" \/>\n<meta name=\"robots\" content=\"index, follow, max-snippet:-1, max-image-preview:large, max-video-preview:-1\" \/>\n<link rel=\"canonical\" href=\"https:\/\/wpguerssen-test.odoo.rgbconsulting.com\/es\/producto\/virgin\/\" \/>\n<meta property=\"og:locale\" content=\"es_ES\" \/>\n<meta property=\"og:type\" content=\"article\" \/>\n<meta property=\"og:title\" content=\"TRAFFIC SOUND - Virgin -  (LP) | Guerssen\" \/>\n<meta property=\"og:description\" content=\"Dive into the revolutionary Latin rock vibes of Traffic Sound with their 1970 masterpiece, &quot;Virgin&quot;. Originating in Lima, Peru, this iconic album marked a turning point for the band, fusing psychedelia, hard rock, and a touch of progressive rock with a distinct Latin flavor. The self-written tracks, notably the anthem &#039;Meshkalina&#039; with nods to local culture, showcased the band&#039;s unique blend of influences. Our new reissue includes extensive liner notes and the original artwork on tip-on gatefold sleeve.\" \/>\n<meta property=\"og:url\" content=\"https:\/\/wpguerssen-test.odoo.rgbconsulting.com\/es\/producto\/virgin\/\" \/>\n<meta property=\"og:site_name\" content=\"Guerssen records\" \/>\n<meta property=\"article:modified_time\" content=\"2025-04-10T14:40:39+00:00\" \/>\n<meta property=\"og:image\" content=\"https:\/\/wpguerssen-test.odoo.rgbconsulting.com\/wp-content\/uploads\/2024\/02\/46916.jpg\" \/>\n\t<meta property=\"og:image:width\" content=\"600\" \/>\n\t<meta property=\"og:image:height\" content=\"600\" \/>\n\t<meta property=\"og:image:type\" content=\"image\/jpeg\" \/>\n<meta name=\"twitter:card\" content=\"summary_large_image\" \/>\n<meta name=\"twitter:title\" content=\"TRAFFIC SOUND - Virgin -  (LP) | Guerssen\" \/>\n<script type=\"application\/ld+json\" class=\"yoast-schema-graph\">{\"@context\":\"https:\/\/schema.org\",\"@graph\":[{\"@type\":\"WebPage\",\"@id\":\"https:\/\/wpguerssen-test.odoo.rgbconsulting.com\/es\/producto\/virgin\/\",\"url\":\"https:\/\/wpguerssen-test.odoo.rgbconsulting.com\/es\/producto\/virgin\/\",\"name\":\"TRAFFIC SOUND - Virgin - (LP) | Guerssen\",\"isPartOf\":{\"@id\":\"https:\/\/wpguerssen-test.odoo.rgbconsulting.com\/es\/#website\"},\"primaryImageOfPage\":{\"@id\":\"https:\/\/wpguerssen-test.odoo.rgbconsulting.com\/es\/producto\/virgin\/#primaryimage\"},\"image\":{\"@id\":\"https:\/\/wpguerssen-test.odoo.rgbconsulting.com\/es\/producto\/virgin\/#primaryimage\"},\"thumbnailUrl\":\"https:\/\/wpguerssen-test.odoo.rgbconsulting.com\/wp-content\/uploads\/2024\/02\/46916.jpg\",\"datePublished\":\"2024-03-19T23:00:00+00:00\",\"dateModified\":\"2025-04-10T14:40:39+00:00\",\"description\":\"Dive into the revolutionary Latin rock vibes of Traffic Sound with their 1970 masterpiece, \\\"Virgin\\\". Originating in Lima, Peru, this iconic album marked a turning point for the band, fusing psychedelia, hard rock, and a touch of progressive rock with a distinct Latin flavor. The self-written tracks, notably the anthem 'Meshkalina' with nods to local culture, showcased the band's unique blend of influences. Our new reissue includes extensive liner notes and the original artwork on tip-on gatefold sleeve.\",\"breadcrumb\":{\"@id\":\"https:\/\/wpguerssen-test.odoo.rgbconsulting.com\/es\/producto\/virgin\/#breadcrumb\"},\"inLanguage\":\"es\",\"potentialAction\":[{\"@type\":\"ReadAction\",\"target\":[\"https:\/\/wpguerssen-test.odoo.rgbconsulting.com\/es\/producto\/virgin\/\"]}]},{\"@type\":\"ImageObject\",\"inLanguage\":\"es\",\"@id\":\"https:\/\/wpguerssen-test.odoo.rgbconsulting.com\/es\/producto\/virgin\/#primaryimage\",\"url\":\"https:\/\/wpguerssen-test.odoo.rgbconsulting.com\/wp-content\/uploads\/2024\/02\/46916.jpg\",\"contentUrl\":\"https:\/\/wpguerssen-test.odoo.rgbconsulting.com\/wp-content\/uploads\/2024\/02\/46916.jpg\",\"width\":600,\"height\":600},{\"@type\":\"BreadcrumbList\",\"@id\":\"https:\/\/wpguerssen-test.odoo.rgbconsulting.com\/es\/producto\/virgin\/#breadcrumb\",\"itemListElement\":[{\"@type\":\"ListItem\",\"position\":1,\"name\":\"Inicio\",\"item\":\"https:\/\/wpguerssen-test.odoo.rgbconsulting.com\/es\/\"},{\"@type\":\"ListItem\",\"position\":2,\"name\":\"Shop\",\"item\":\"https:\/\/wpguerssen-test.odoo.rgbconsulting.com\/shop\/\"},{\"@type\":\"ListItem\",\"position\":3,\"name\":\"Virgin\"}]},{\"@type\":\"WebSite\",\"@id\":\"https:\/\/wpguerssen-test.odoo.rgbconsulting.com\/es\/#website\",\"url\":\"https:\/\/wpguerssen-test.odoo.rgbconsulting.com\/es\/\",\"name\":\"Guerssen records\",\"description\":\"psychedelia - progressive - folk - garage \",\"publisher\":{\"@id\":\"https:\/\/wpguerssen-test.odoo.rgbconsulting.com\/es\/#organization\"},\"potentialAction\":[{\"@type\":\"SearchAction\",\"target\":{\"@type\":\"EntryPoint\",\"urlTemplate\":\"https:\/\/wpguerssen-test.odoo.rgbconsulting.com\/es\/?s={search_term_string}\"},\"query-input\":{\"@type\":\"PropertyValueSpecification\",\"valueRequired\":true,\"valueName\":\"search_term_string\"}}],\"inLanguage\":\"es\"},{\"@type\":\"Organization\",\"@id\":\"https:\/\/wpguerssen-test.odoo.rgbconsulting.com\/es\/#organization\",\"name\":\"Guerssen records\",\"url\":\"https:\/\/wpguerssen-test.odoo.rgbconsulting.com\/es\/\",\"logo\":{\"@type\":\"ImageObject\",\"inLanguage\":\"es\",\"@id\":\"https:\/\/wpguerssen-test.odoo.rgbconsulting.com\/es\/#\/schema\/logo\/image\/\",\"url\":\"https:\/\/wpguerssen-test.odoo.rgbconsulting.com\/wp-content\/uploads\/2022\/04\/Logo_Guerssen_trans_100.png\",\"contentUrl\":\"https:\/\/wpguerssen-test.odoo.rgbconsulting.com\/wp-content\/uploads\/2022\/04\/Logo_Guerssen_trans_100.png\",\"width\":122,\"height\":100,\"caption\":\"Guerssen records\"},\"image\":{\"@id\":\"https:\/\/wpguerssen-test.odoo.rgbconsulting.com\/es\/#\/schema\/logo\/image\/\"}}]}<\/script>\n<!-- \/ Yoast SEO plugin. -->","yoast_head_json":{"title":"TRAFFIC SOUND - Virgin -  (LP) | Guerssen","description":"Dive into the revolutionary Latin rock vibes of Traffic Sound with their 1970 masterpiece, \"Virgin\". Originating in Lima, Peru, this iconic album marked a turning point for the band, fusing psychedelia, hard rock, and a touch of progressive rock with a distinct Latin flavor. The self-written tracks, notably the anthem 'Meshkalina' with nods to local culture, showcased the band's unique blend of influences. Our new reissue includes extensive liner notes and the original artwork on tip-on gatefold sleeve.","robots":{"index":"index","follow":"follow","max-snippet":"max-snippet:-1","max-image-preview":"max-image-preview:large","max-video-preview":"max-video-preview:-1"},"canonical":"https:\/\/wpguerssen-test.odoo.rgbconsulting.com\/es\/producto\/virgin\/","og_locale":"es_ES","og_type":"article","og_title":"TRAFFIC SOUND - Virgin -  (LP) | Guerssen","og_description":"Dive into the revolutionary Latin rock vibes of Traffic Sound with their 1970 masterpiece, \"Virgin\". Originating in Lima, Peru, this iconic album marked a turning point for the band, fusing psychedelia, hard rock, and a touch of progressive rock with a distinct Latin flavor. The self-written tracks, notably the anthem 'Meshkalina' with nods to local culture, showcased the band's unique blend of influences. Our new reissue includes extensive liner notes and the original artwork on tip-on gatefold sleeve.","og_url":"https:\/\/wpguerssen-test.odoo.rgbconsulting.com\/es\/producto\/virgin\/","og_site_name":"Guerssen records","article_modified_time":"2025-04-10T14:40:39+00:00","og_image":[{"width":600,"height":600,"url":"https:\/\/wpguerssen-test.odoo.rgbconsulting.com\/wp-content\/uploads\/2024\/02\/46916.jpg","type":"image\/jpeg"}],"twitter_card":"summary_large_image","twitter_title":"TRAFFIC SOUND - Virgin -  (LP) | Guerssen","schema":{"@context":"https:\/\/schema.org","@graph":[{"@type":"WebPage","@id":"https:\/\/wpguerssen-test.odoo.rgbconsulting.com\/es\/producto\/virgin\/","url":"https:\/\/wpguerssen-test.odoo.rgbconsulting.com\/es\/producto\/virgin\/","name":"TRAFFIC SOUND - Virgin - (LP) | Guerssen","isPartOf":{"@id":"https:\/\/wpguerssen-test.odoo.rgbconsulting.com\/es\/#website"},"primaryImageOfPage":{"@id":"https:\/\/wpguerssen-test.odoo.rgbconsulting.com\/es\/producto\/virgin\/#primaryimage"},"image":{"@id":"https:\/\/wpguerssen-test.odoo.rgbconsulting.com\/es\/producto\/virgin\/#primaryimage"},"thumbnailUrl":"https:\/\/wpguerssen-test.odoo.rgbconsulting.com\/wp-content\/uploads\/2024\/02\/46916.jpg","datePublished":"2024-03-19T23:00:00+00:00","dateModified":"2025-04-10T14:40:39+00:00","description":"Dive into the revolutionary Latin rock vibes of Traffic Sound with their 1970 masterpiece, \"Virgin\". Originating in Lima, Peru, this iconic album marked a turning point for the band, fusing psychedelia, hard rock, and a touch of progressive rock with a distinct Latin flavor. The self-written tracks, notably the anthem 'Meshkalina' with nods to local culture, showcased the band's unique blend of influences. Our new reissue includes extensive liner notes and the original artwork on tip-on gatefold sleeve.","breadcrumb":{"@id":"https:\/\/wpguerssen-test.odoo.rgbconsulting.com\/es\/producto\/virgin\/#breadcrumb"},"inLanguage":"es","potentialAction":[{"@type":"ReadAction","target":["https:\/\/wpguerssen-test.odoo.rgbconsulting.com\/es\/producto\/virgin\/"]}]},{"@type":"ImageObject","inLanguage":"es","@id":"https:\/\/wpguerssen-test.odoo.rgbconsulting.com\/es\/producto\/virgin\/#primaryimage","url":"https:\/\/wpguerssen-test.odoo.rgbconsulting.com\/wp-content\/uploads\/2024\/02\/46916.jpg","contentUrl":"https:\/\/wpguerssen-test.odoo.rgbconsulting.com\/wp-content\/uploads\/2024\/02\/46916.jpg","width":600,"height":600},{"@type":"BreadcrumbList","@id":"https:\/\/wpguerssen-test.odoo.rgbconsulting.com\/es\/producto\/virgin\/#breadcrumb","itemListElement":[{"@type":"ListItem","position":1,"name":"Inicio","item":"https:\/\/wpguerssen-test.odoo.rgbconsulting.com\/es\/"},{"@type":"ListItem","position":2,"name":"Shop","item":"https:\/\/wpguerssen-test.odoo.rgbconsulting.com\/shop\/"},{"@type":"ListItem","position":3,"name":"Virgin"}]},{"@type":"WebSite","@id":"https:\/\/wpguerssen-test.odoo.rgbconsulting.com\/es\/#website","url":"https:\/\/wpguerssen-test.odoo.rgbconsulting.com\/es\/","name":"Guerssen records","description":"psychedelia - progressive - folk - garage ","publisher":{"@id":"https:\/\/wpguerssen-test.odoo.rgbconsulting.com\/es\/#organization"},"potentialAction":[{"@type":"SearchAction","target":{"@type":"EntryPoint","urlTemplate":"https:\/\/wpguerssen-test.odoo.rgbconsulting.com\/es\/?s={search_term_string}"},"query-input":{"@type":"PropertyValueSpecification","valueRequired":true,"valueName":"search_term_string"}}],"inLanguage":"es"},{"@type":"Organization","@id":"https:\/\/wpguerssen-test.odoo.rgbconsulting.com\/es\/#organization","name":"Guerssen records","url":"https:\/\/wpguerssen-test.odoo.rgbconsulting.com\/es\/","logo":{"@type":"ImageObject","inLanguage":"es","@id":"https:\/\/wpguerssen-test.odoo.rgbconsulting.com\/es\/#\/schema\/logo\/image\/","url":"https:\/\/wpguerssen-test.odoo.rgbconsulting.com\/wp-content\/uploads\/2022\/04\/Logo_Guerssen_trans_100.png","contentUrl":"https:\/\/wpguerssen-test.odoo.rgbconsulting.com\/wp-content\/uploads\/2022\/04\/Logo_Guerssen_trans_100.png","width":122,"height":100,"caption":"Guerssen records"},"image":{"@id":"https:\/\/wpguerssen-test.odoo.rgbconsulting.com\/es\/#\/schema\/logo\/image\/"}}]}},"_links":{"self":[{"href":"https:\/\/wpguerssen-test.odoo.rgbconsulting.com\/es\/wp-json\/wp\/v2\/product\/251010","targetHints":{"allow":["GET"]}}],"collection":[{"href":"https:\/\/wpguerssen-test.odoo.rgbconsulting.com\/es\/wp-json\/wp\/v2\/product"}],"about":[{"href":"https:\/\/wpguerssen-test.odoo.rgbconsulting.com\/es\/wp-json\/wp\/v2\/types\/product"}],"wp:featuredmedia":[{"embeddable":true,"href":"https:\/\/wpguerssen-test.odoo.rgbconsulting.com\/es\/wp-json\/wp\/v2\/media\/250974"}],"wp:attachment":[{"href":"https:\/\/wpguerssen-test.odoo.rgbconsulting.com\/es\/wp-json\/wp\/v2\/media?parent=251010"}],"wp:term":[{"taxonomy":"product_brand","embeddable":true,"href":"https:\/\/wpguerssen-test.odoo.rgbconsulting.com\/es\/wp-json\/wp\/v2\/product_brand?post=251010"},{"taxonomy":"product_cat","embeddable":true,"href":"https:\/\/wpguerssen-test.odoo.rgbconsulting.com\/es\/wp-json\/wp\/v2\/product_cat?post=251010"},{"taxonomy":"product_tag","embeddable":true,"href":"https:\/\/wpguerssen-test.odoo.rgbconsulting.com\/es\/wp-json\/wp\/v2\/product_tag?post=251010"}],"curies":[{"name":"wp","href":"https:\/\/api.w.org\/{rel}","templated":true}]}}