{"id":253299,"date":"2023-04-18T00:00:00","date_gmt":"2023-04-17T22:00:00","guid":{"rendered":"https:\/\/wpguerssen-test.odoo.rgbconsulting.com\/product\/live-at-copacabana-palace-blue-green\/"},"modified":"2025-03-28T12:38:13","modified_gmt":"2025-03-28T11:38:13","slug":"live-at-copacabana-palace-blue-green","status":"publish","type":"product","link":"https:\/\/wpguerssen-test.odoo.rgbconsulting.com\/es\/producto\/live-at-copacabana-palace-blue-green\/","title":{"rendered":"Live At Copacabana palace (Blue\/Green)"},"content":{"rendered":"<p>El concierto de Azymuth en el Hotel Copacabana fue una actuaci\u00f3n legendaria, impregnada de la magia de R\u00edo. El grupo cautiv\u00f3 al p\u00fablico con su fusi\u00f3n de jazz, funk y sonidos brasile\u00f1os, creando una experiencia inolvidable. La energ\u00eda electrizante de su m\u00fasica reson\u00f3 en cada nota, llevando al p\u00fablico a un encantador viaje musical por el coraz\u00f3n de Brasil. Grabado en marzo de 1979, este fabuloso concierto ofrece un Carnaval de Jazz de m\u00e1s de 10 minutos&#8230; una aut\u00e9ntica joya. EDICI\u00d3N LIMITADA A 1.000 COPIAS EN VINILO TRANSL\u00daCIDO AZUL\/VERDE.<\/p>\n","protected":false},"excerpt":{"rendered":"<p>El concierto de Azymuth en el Hotel Copacabana fue una actuaci\u00f3n legendaria, impregnada de la magia de R\u00edo. El grupo cautiv\u00f3 al p\u00fablico con su fusi\u00f3n de jazz,<a class=\"read\" href=\"https:\/\/wpguerssen-test.odoo.rgbconsulting.com\/es\/producto\/live-at-copacabana-palace-blue-green\/\"> (...)<\/a>","protected":false},"featured_media":253229,"template":"","meta":{"_acf_changed":false},"product_brand":[],"product_cat":[23231,23228],"product_tag":[29140],"class_list":{"0":"post-253299","1":"product","2":"type-product","3":"status-publish","4":"has-post-thumbnail","6":"product_cat-latin-brazilian-es","7":"product_cat-jazz-funk-es","8":"product_tag-color-vinyl-es","9":"pa_artist-azymuth","10":"pa_format-lp-es","11":"pa_gender-latin-brazilian-jazz-funk","12":"pa_label-culture-factory-usa","13":"pa_location-south-america-caribbean-es","14":"pa_other-filters-vinyl-only-es","16":"first","17":"instock","18":"taxable","19":"shipping-taxable","20":"purchasable","21":"product-type-simple"},"acf":[],"yoast_head":"<!-- This site is optimized with the Yoast SEO plugin v24.9 - https:\/\/yoast.com\/wordpress\/plugins\/seo\/ -->\n<title>AZYMUTH - Live At Copacabana palace (Blue\/Green) -  (LP) | Guerssen<\/title>\n<meta name=\"description\" content=\"The Azymuth live at the Copacabana Hotel was a legendary performance, infused with the magic of Rio. The group mesmerized the crowd with their fusion of jazz, funk, and Brazilian sounds, creating an unforgettable experience. The electrifying energy of their music resonated in every note, carrying the audience on an enchanting musical journey through the heart of Brazil. Recorded in March 1979, this fabulous concert delivers a Jazz Carnival of over 10 minutes... a pure gem. LIMITED EDITION 1,000 COPIES IN BLUE\/GREEN TRANSLUCENT VINYL.\" \/>\n<meta name=\"robots\" content=\"index, follow, max-snippet:-1, max-image-preview:large, max-video-preview:-1\" \/>\n<link rel=\"canonical\" href=\"https:\/\/wpguerssen-test.odoo.rgbconsulting.com\/es\/producto\/live-at-copacabana-palace-blue-green\/\" \/>\n<meta property=\"og:locale\" content=\"es_ES\" \/>\n<meta property=\"og:type\" content=\"article\" \/>\n<meta property=\"og:title\" content=\"AZYMUTH - Live At Copacabana palace (Blue\/Green) -  (LP) | Guerssen\" \/>\n<meta property=\"og:description\" content=\"The Azymuth live at the Copacabana Hotel was a legendary performance, infused with the magic of Rio. The group mesmerized the crowd with their fusion of jazz, funk, and Brazilian sounds, creating an unforgettable experience. The electrifying energy of their music resonated in every note, carrying the audience on an enchanting musical journey through the heart of Brazil. Recorded in March 1979, this fabulous concert delivers a Jazz Carnival of over 10 minutes... a pure gem. LIMITED EDITION 1,000 COPIES IN BLUE\/GREEN TRANSLUCENT VINYL.\" \/>\n<meta property=\"og:url\" content=\"https:\/\/wpguerssen-test.odoo.rgbconsulting.com\/es\/producto\/live-at-copacabana-palace-blue-green\/\" \/>\n<meta property=\"og:site_name\" content=\"Guerssen records\" \/>\n<meta property=\"article:modified_time\" content=\"2025-03-28T11:38:13+00:00\" \/>\n<meta property=\"og:image\" content=\"https:\/\/wpguerssen-test.odoo.rgbconsulting.com\/wp-content\/uploads\/2024\/02\/46923.jpg\" \/>\n\t<meta property=\"og:image:width\" content=\"500\" \/>\n\t<meta property=\"og:image:height\" content=\"500\" \/>\n\t<meta property=\"og:image:type\" content=\"image\/jpeg\" \/>\n<meta name=\"twitter:card\" content=\"summary_large_image\" \/>\n<meta name=\"twitter:title\" content=\"AZYMUTH - Live At Copacabana palace (Blue\/Green) -  (LP) | Guerssen\" \/>\n<meta name=\"twitter:label1\" content=\"Tiempo de lectura\" \/>\n\t<meta name=\"twitter:data1\" content=\"1 minuto\" \/>\n<script type=\"application\/ld+json\" class=\"yoast-schema-graph\">{\"@context\":\"https:\/\/schema.org\",\"@graph\":[{\"@type\":\"WebPage\",\"@id\":\"https:\/\/wpguerssen-test.odoo.rgbconsulting.com\/es\/producto\/live-at-copacabana-palace-blue-green\/\",\"url\":\"https:\/\/wpguerssen-test.odoo.rgbconsulting.com\/es\/producto\/live-at-copacabana-palace-blue-green\/\",\"name\":\"AZYMUTH - Live At Copacabana palace (Blue\/Green) - (LP) | Guerssen\",\"isPartOf\":{\"@id\":\"https:\/\/wpguerssen-test.odoo.rgbconsulting.com\/es\/#website\"},\"primaryImageOfPage\":{\"@id\":\"https:\/\/wpguerssen-test.odoo.rgbconsulting.com\/es\/producto\/live-at-copacabana-palace-blue-green\/#primaryimage\"},\"image\":{\"@id\":\"https:\/\/wpguerssen-test.odoo.rgbconsulting.com\/es\/producto\/live-at-copacabana-palace-blue-green\/#primaryimage\"},\"thumbnailUrl\":\"https:\/\/wpguerssen-test.odoo.rgbconsulting.com\/wp-content\/uploads\/2024\/02\/46923.jpg\",\"datePublished\":\"2023-04-17T22:00:00+00:00\",\"dateModified\":\"2025-03-28T11:38:13+00:00\",\"description\":\"The Azymuth live at the Copacabana Hotel was a legendary performance, infused with the magic of Rio. The group mesmerized the crowd with their fusion of jazz, funk, and Brazilian sounds, creating an unforgettable experience. The electrifying energy of their music resonated in every note, carrying the audience on an enchanting musical journey through the heart of Brazil. Recorded in March 1979, this fabulous concert delivers a Jazz Carnival of over 10 minutes... a pure gem. LIMITED EDITION 1,000 COPIES IN BLUE\/GREEN TRANSLUCENT VINYL.\",\"breadcrumb\":{\"@id\":\"https:\/\/wpguerssen-test.odoo.rgbconsulting.com\/es\/producto\/live-at-copacabana-palace-blue-green\/#breadcrumb\"},\"inLanguage\":\"es\",\"potentialAction\":[{\"@type\":\"ReadAction\",\"target\":[\"https:\/\/wpguerssen-test.odoo.rgbconsulting.com\/es\/producto\/live-at-copacabana-palace-blue-green\/\"]}]},{\"@type\":\"ImageObject\",\"inLanguage\":\"es\",\"@id\":\"https:\/\/wpguerssen-test.odoo.rgbconsulting.com\/es\/producto\/live-at-copacabana-palace-blue-green\/#primaryimage\",\"url\":\"https:\/\/wpguerssen-test.odoo.rgbconsulting.com\/wp-content\/uploads\/2024\/02\/46923.jpg\",\"contentUrl\":\"https:\/\/wpguerssen-test.odoo.rgbconsulting.com\/wp-content\/uploads\/2024\/02\/46923.jpg\",\"width\":500,\"height\":500},{\"@type\":\"BreadcrumbList\",\"@id\":\"https:\/\/wpguerssen-test.odoo.rgbconsulting.com\/es\/producto\/live-at-copacabana-palace-blue-green\/#breadcrumb\",\"itemListElement\":[{\"@type\":\"ListItem\",\"position\":1,\"name\":\"Inicio\",\"item\":\"https:\/\/wpguerssen-test.odoo.rgbconsulting.com\/es\/\"},{\"@type\":\"ListItem\",\"position\":2,\"name\":\"Shop\",\"item\":\"https:\/\/wpguerssen-test.odoo.rgbconsulting.com\/shop\/\"},{\"@type\":\"ListItem\",\"position\":3,\"name\":\"Live At Copacabana palace (Blue\/Green)\"}]},{\"@type\":\"WebSite\",\"@id\":\"https:\/\/wpguerssen-test.odoo.rgbconsulting.com\/es\/#website\",\"url\":\"https:\/\/wpguerssen-test.odoo.rgbconsulting.com\/es\/\",\"name\":\"Guerssen records\",\"description\":\"psychedelia - progressive - folk - garage \",\"publisher\":{\"@id\":\"https:\/\/wpguerssen-test.odoo.rgbconsulting.com\/es\/#organization\"},\"potentialAction\":[{\"@type\":\"SearchAction\",\"target\":{\"@type\":\"EntryPoint\",\"urlTemplate\":\"https:\/\/wpguerssen-test.odoo.rgbconsulting.com\/es\/?s={search_term_string}\"},\"query-input\":{\"@type\":\"PropertyValueSpecification\",\"valueRequired\":true,\"valueName\":\"search_term_string\"}}],\"inLanguage\":\"es\"},{\"@type\":\"Organization\",\"@id\":\"https:\/\/wpguerssen-test.odoo.rgbconsulting.com\/es\/#organization\",\"name\":\"Guerssen records\",\"url\":\"https:\/\/wpguerssen-test.odoo.rgbconsulting.com\/es\/\",\"logo\":{\"@type\":\"ImageObject\",\"inLanguage\":\"es\",\"@id\":\"https:\/\/wpguerssen-test.odoo.rgbconsulting.com\/es\/#\/schema\/logo\/image\/\",\"url\":\"https:\/\/wpguerssen-test.odoo.rgbconsulting.com\/wp-content\/uploads\/2022\/04\/Logo_Guerssen_trans_100.png\",\"contentUrl\":\"https:\/\/wpguerssen-test.odoo.rgbconsulting.com\/wp-content\/uploads\/2022\/04\/Logo_Guerssen_trans_100.png\",\"width\":122,\"height\":100,\"caption\":\"Guerssen records\"},\"image\":{\"@id\":\"https:\/\/wpguerssen-test.odoo.rgbconsulting.com\/es\/#\/schema\/logo\/image\/\"}}]}<\/script>\n<!-- \/ Yoast SEO plugin. -->","yoast_head_json":{"title":"AZYMUTH - Live At Copacabana palace (Blue\/Green) -  (LP) | Guerssen","description":"The Azymuth live at the Copacabana Hotel was a legendary performance, infused with the magic of Rio. The group mesmerized the crowd with their fusion of jazz, funk, and Brazilian sounds, creating an unforgettable experience. The electrifying energy of their music resonated in every note, carrying the audience on an enchanting musical journey through the heart of Brazil. Recorded in March 1979, this fabulous concert delivers a Jazz Carnival of over 10 minutes... a pure gem. LIMITED EDITION 1,000 COPIES IN BLUE\/GREEN TRANSLUCENT VINYL.","robots":{"index":"index","follow":"follow","max-snippet":"max-snippet:-1","max-image-preview":"max-image-preview:large","max-video-preview":"max-video-preview:-1"},"canonical":"https:\/\/wpguerssen-test.odoo.rgbconsulting.com\/es\/producto\/live-at-copacabana-palace-blue-green\/","og_locale":"es_ES","og_type":"article","og_title":"AZYMUTH - Live At Copacabana palace (Blue\/Green) -  (LP) | Guerssen","og_description":"The Azymuth live at the Copacabana Hotel was a legendary performance, infused with the magic of Rio. The group mesmerized the crowd with their fusion of jazz, funk, and Brazilian sounds, creating an unforgettable experience. The electrifying energy of their music resonated in every note, carrying the audience on an enchanting musical journey through the heart of Brazil. Recorded in March 1979, this fabulous concert delivers a Jazz Carnival of over 10 minutes... a pure gem. LIMITED EDITION 1,000 COPIES IN BLUE\/GREEN TRANSLUCENT VINYL.","og_url":"https:\/\/wpguerssen-test.odoo.rgbconsulting.com\/es\/producto\/live-at-copacabana-palace-blue-green\/","og_site_name":"Guerssen records","article_modified_time":"2025-03-28T11:38:13+00:00","og_image":[{"width":500,"height":500,"url":"https:\/\/wpguerssen-test.odoo.rgbconsulting.com\/wp-content\/uploads\/2024\/02\/46923.jpg","type":"image\/jpeg"}],"twitter_card":"summary_large_image","twitter_title":"AZYMUTH - Live At Copacabana palace (Blue\/Green) -  (LP) | Guerssen","twitter_misc":{"Tiempo de lectura":"1 minuto"},"schema":{"@context":"https:\/\/schema.org","@graph":[{"@type":"WebPage","@id":"https:\/\/wpguerssen-test.odoo.rgbconsulting.com\/es\/producto\/live-at-copacabana-palace-blue-green\/","url":"https:\/\/wpguerssen-test.odoo.rgbconsulting.com\/es\/producto\/live-at-copacabana-palace-blue-green\/","name":"AZYMUTH - Live At Copacabana palace (Blue\/Green) - (LP) | Guerssen","isPartOf":{"@id":"https:\/\/wpguerssen-test.odoo.rgbconsulting.com\/es\/#website"},"primaryImageOfPage":{"@id":"https:\/\/wpguerssen-test.odoo.rgbconsulting.com\/es\/producto\/live-at-copacabana-palace-blue-green\/#primaryimage"},"image":{"@id":"https:\/\/wpguerssen-test.odoo.rgbconsulting.com\/es\/producto\/live-at-copacabana-palace-blue-green\/#primaryimage"},"thumbnailUrl":"https:\/\/wpguerssen-test.odoo.rgbconsulting.com\/wp-content\/uploads\/2024\/02\/46923.jpg","datePublished":"2023-04-17T22:00:00+00:00","dateModified":"2025-03-28T11:38:13+00:00","description":"The Azymuth live at the Copacabana Hotel was a legendary performance, infused with the magic of Rio. The group mesmerized the crowd with their fusion of jazz, funk, and Brazilian sounds, creating an unforgettable experience. The electrifying energy of their music resonated in every note, carrying the audience on an enchanting musical journey through the heart of Brazil. Recorded in March 1979, this fabulous concert delivers a Jazz Carnival of over 10 minutes... a pure gem. LIMITED EDITION 1,000 COPIES IN BLUE\/GREEN TRANSLUCENT VINYL.","breadcrumb":{"@id":"https:\/\/wpguerssen-test.odoo.rgbconsulting.com\/es\/producto\/live-at-copacabana-palace-blue-green\/#breadcrumb"},"inLanguage":"es","potentialAction":[{"@type":"ReadAction","target":["https:\/\/wpguerssen-test.odoo.rgbconsulting.com\/es\/producto\/live-at-copacabana-palace-blue-green\/"]}]},{"@type":"ImageObject","inLanguage":"es","@id":"https:\/\/wpguerssen-test.odoo.rgbconsulting.com\/es\/producto\/live-at-copacabana-palace-blue-green\/#primaryimage","url":"https:\/\/wpguerssen-test.odoo.rgbconsulting.com\/wp-content\/uploads\/2024\/02\/46923.jpg","contentUrl":"https:\/\/wpguerssen-test.odoo.rgbconsulting.com\/wp-content\/uploads\/2024\/02\/46923.jpg","width":500,"height":500},{"@type":"BreadcrumbList","@id":"https:\/\/wpguerssen-test.odoo.rgbconsulting.com\/es\/producto\/live-at-copacabana-palace-blue-green\/#breadcrumb","itemListElement":[{"@type":"ListItem","position":1,"name":"Inicio","item":"https:\/\/wpguerssen-test.odoo.rgbconsulting.com\/es\/"},{"@type":"ListItem","position":2,"name":"Shop","item":"https:\/\/wpguerssen-test.odoo.rgbconsulting.com\/shop\/"},{"@type":"ListItem","position":3,"name":"Live At Copacabana palace (Blue\/Green)"}]},{"@type":"WebSite","@id":"https:\/\/wpguerssen-test.odoo.rgbconsulting.com\/es\/#website","url":"https:\/\/wpguerssen-test.odoo.rgbconsulting.com\/es\/","name":"Guerssen records","description":"psychedelia - progressive - folk - garage ","publisher":{"@id":"https:\/\/wpguerssen-test.odoo.rgbconsulting.com\/es\/#organization"},"potentialAction":[{"@type":"SearchAction","target":{"@type":"EntryPoint","urlTemplate":"https:\/\/wpguerssen-test.odoo.rgbconsulting.com\/es\/?s={search_term_string}"},"query-input":{"@type":"PropertyValueSpecification","valueRequired":true,"valueName":"search_term_string"}}],"inLanguage":"es"},{"@type":"Organization","@id":"https:\/\/wpguerssen-test.odoo.rgbconsulting.com\/es\/#organization","name":"Guerssen records","url":"https:\/\/wpguerssen-test.odoo.rgbconsulting.com\/es\/","logo":{"@type":"ImageObject","inLanguage":"es","@id":"https:\/\/wpguerssen-test.odoo.rgbconsulting.com\/es\/#\/schema\/logo\/image\/","url":"https:\/\/wpguerssen-test.odoo.rgbconsulting.com\/wp-content\/uploads\/2022\/04\/Logo_Guerssen_trans_100.png","contentUrl":"https:\/\/wpguerssen-test.odoo.rgbconsulting.com\/wp-content\/uploads\/2022\/04\/Logo_Guerssen_trans_100.png","width":122,"height":100,"caption":"Guerssen records"},"image":{"@id":"https:\/\/wpguerssen-test.odoo.rgbconsulting.com\/es\/#\/schema\/logo\/image\/"}}]}},"_links":{"self":[{"href":"https:\/\/wpguerssen-test.odoo.rgbconsulting.com\/es\/wp-json\/wp\/v2\/product\/253299","targetHints":{"allow":["GET"]}}],"collection":[{"href":"https:\/\/wpguerssen-test.odoo.rgbconsulting.com\/es\/wp-json\/wp\/v2\/product"}],"about":[{"href":"https:\/\/wpguerssen-test.odoo.rgbconsulting.com\/es\/wp-json\/wp\/v2\/types\/product"}],"wp:featuredmedia":[{"embeddable":true,"href":"https:\/\/wpguerssen-test.odoo.rgbconsulting.com\/es\/wp-json\/wp\/v2\/media\/253229"}],"wp:attachment":[{"href":"https:\/\/wpguerssen-test.odoo.rgbconsulting.com\/es\/wp-json\/wp\/v2\/media?parent=253299"}],"wp:term":[{"taxonomy":"product_brand","embeddable":true,"href":"https:\/\/wpguerssen-test.odoo.rgbconsulting.com\/es\/wp-json\/wp\/v2\/product_brand?post=253299"},{"taxonomy":"product_cat","embeddable":true,"href":"https:\/\/wpguerssen-test.odoo.rgbconsulting.com\/es\/wp-json\/wp\/v2\/product_cat?post=253299"},{"taxonomy":"product_tag","embeddable":true,"href":"https:\/\/wpguerssen-test.odoo.rgbconsulting.com\/es\/wp-json\/wp\/v2\/product_tag?post=253299"}],"curies":[{"name":"wp","href":"https:\/\/api.w.org\/{rel}","templated":true}]}}