{"id":253316,"date":"2024-08-13T00:00:00","date_gmt":"2024-08-12T22:00:00","guid":{"rendered":"https:\/\/wpguerssen-test.odoo.rgbconsulting.com\/product\/dont-blow-your-mind-the-mascot-sessions-red\/"},"modified":"2025-03-26T16:55:18","modified_gmt":"2025-03-26T15:55:18","slug":"dont-blow-your-mind-the-mascot-sessions-red","status":"publish","type":"product","link":"https:\/\/wpguerssen-test.odoo.rgbconsulting.com\/es\/producto\/dont-blow-your-mind-the-mascot-sessions-red\/","title":{"rendered":"Don&#8217;t blow your mind: The Mascot Sessions (Red)"},"content":{"rendered":"<p>A pesar de lanzar dos sencillos cuyas canciones se encuentran entre las mejores de la \u00e9poca, The Spiders siempre ser\u00e1n recordados como la banda precursora de Alice Cooper. Inspirados por Los Beatles y formados inicialmente como The Earwigs en 1964, el modesto comienzo de la banda (los miembros ten\u00edan poca o ninguna habilidad musical) contradec\u00eda la fama y la fortuna que experimentar\u00edan menos de una d\u00e9cada despu\u00e9s. Publicado por PRIMERA vez, aqu\u00ed est\u00e1 entera, hasta ahora la primera sesi\u00f3n de grabaci\u00f3n para Mascot Records, septiembre de 1965. Todo de las cintas maestras. Incluye tarjeta de visita original. Edici\u00f3n limitada de 1000 ejemplares en color rojo.<\/p>\n","protected":false},"excerpt":{"rendered":"<p>A pesar de lanzar dos sencillos cuyas canciones se encuentran entre las mejores de la \u00e9poca, The Spiders siempre ser\u00e1n recordados como la banda precursora de Alice<a class=\"read\" href=\"https:\/\/wpguerssen-test.odoo.rgbconsulting.com\/es\/producto\/dont-blow-your-mind-the-mascot-sessions-red\/\"> (...)<\/a>","protected":false},"featured_media":253280,"template":"","meta":{"_acf_changed":false},"product_brand":[],"product_cat":[23281],"product_tag":[29140],"class_list":{"0":"post-253316","1":"product","2":"type-product","3":"status-publish","4":"has-post-thumbnail","6":"product_cat-garagebeatrnb60-70-es","7":"product_tag-color-vinyl-es","8":"pa_artist-spiders-the","9":"pa_format-lp-es","10":"pa_gender-garage-beat-rnb60-70-garagebeatrnb60-70","11":"pa_label-oktay","12":"pa_location-north-america-es","13":"pa_other-filters-vinyl-only-es","15":"first","16":"instock","17":"taxable","18":"shipping-taxable","19":"purchasable","20":"product-type-simple"},"acf":[],"yoast_head":"<!-- This site is optimized with the Yoast SEO plugin v24.9 - https:\/\/yoast.com\/wordpress\/plugins\/seo\/ -->\n<title>SPIDERS, The - Don&#039;t blow your mind: The Mascot Sessions (Red) -  (LP) | Guerssen<\/title>\n<meta name=\"description\" content=\"Despite releasing two singles whose songs rank alongside the best of the era, The Spiders will forever be remembered as the precursor band to Alice Cooper. Inspired by The Beatles and initially forming as The Earwigs in 1964, the band&#039;s unassuming start -members had little to no musical skill- belied the fame and fortune they&#039;d experience less than a decade later. Released for the FIRST time, here&#039;s the UNCUT, hitherto first recording session for Mascot Records, September 1965. All from the master tapes. Includes original business card and pin reproduction. Limited edition of 1000 copies on red wax.\" \/>\n<meta name=\"robots\" content=\"index, follow, max-snippet:-1, max-image-preview:large, max-video-preview:-1\" \/>\n<link rel=\"canonical\" href=\"https:\/\/wpguerssen-test.odoo.rgbconsulting.com\/es\/producto\/dont-blow-your-mind-the-mascot-sessions-red\/\" \/>\n<meta property=\"og:locale\" content=\"es_ES\" \/>\n<meta property=\"og:type\" content=\"article\" \/>\n<meta property=\"og:title\" content=\"SPIDERS, The - Don&#039;t blow your mind: The Mascot Sessions (Red) -  (LP) | Guerssen\" \/>\n<meta property=\"og:description\" content=\"Despite releasing two singles whose songs rank alongside the best of the era, The Spiders will forever be remembered as the precursor band to Alice Cooper. Inspired by The Beatles and initially forming as The Earwigs in 1964, the band&#039;s unassuming start -members had little to no musical skill- belied the fame and fortune they&#039;d experience less than a decade later. Released for the FIRST time, here&#039;s the UNCUT, hitherto first recording session for Mascot Records, September 1965. All from the master tapes. Includes original business card and pin reproduction. Limited edition of 1000 copies on red wax.\" \/>\n<meta property=\"og:url\" content=\"https:\/\/wpguerssen-test.odoo.rgbconsulting.com\/es\/producto\/dont-blow-your-mind-the-mascot-sessions-red\/\" \/>\n<meta property=\"og:site_name\" content=\"Guerssen records\" \/>\n<meta property=\"article:modified_time\" content=\"2025-03-26T15:55:18+00:00\" \/>\n<meta property=\"og:image\" content=\"https:\/\/wpguerssen-test.odoo.rgbconsulting.com\/wp-content\/uploads\/2024\/02\/46941.jpg\" \/>\n\t<meta property=\"og:image:width\" content=\"600\" \/>\n\t<meta property=\"og:image:height\" content=\"600\" \/>\n\t<meta property=\"og:image:type\" content=\"image\/jpeg\" \/>\n<meta name=\"twitter:card\" content=\"summary_large_image\" \/>\n<meta name=\"twitter:title\" content=\"SPIDERS, The - Don&#039;t blow your mind: The Mascot Sessions (Red) -  (LP) | Guerssen\" \/>\n<meta name=\"twitter:label1\" content=\"Tiempo de lectura\" \/>\n\t<meta name=\"twitter:data1\" content=\"1 minuto\" \/>\n<script type=\"application\/ld+json\" class=\"yoast-schema-graph\">{\"@context\":\"https:\/\/schema.org\",\"@graph\":[{\"@type\":\"WebPage\",\"@id\":\"https:\/\/wpguerssen-test.odoo.rgbconsulting.com\/es\/producto\/dont-blow-your-mind-the-mascot-sessions-red\/\",\"url\":\"https:\/\/wpguerssen-test.odoo.rgbconsulting.com\/es\/producto\/dont-blow-your-mind-the-mascot-sessions-red\/\",\"name\":\"SPIDERS, The - Don't blow your mind: The Mascot Sessions (Red) - (LP) | Guerssen\",\"isPartOf\":{\"@id\":\"https:\/\/wpguerssen-test.odoo.rgbconsulting.com\/es\/#website\"},\"primaryImageOfPage\":{\"@id\":\"https:\/\/wpguerssen-test.odoo.rgbconsulting.com\/es\/producto\/dont-blow-your-mind-the-mascot-sessions-red\/#primaryimage\"},\"image\":{\"@id\":\"https:\/\/wpguerssen-test.odoo.rgbconsulting.com\/es\/producto\/dont-blow-your-mind-the-mascot-sessions-red\/#primaryimage\"},\"thumbnailUrl\":\"https:\/\/wpguerssen-test.odoo.rgbconsulting.com\/wp-content\/uploads\/2024\/02\/46941.jpg\",\"datePublished\":\"2024-08-12T22:00:00+00:00\",\"dateModified\":\"2025-03-26T15:55:18+00:00\",\"description\":\"Despite releasing two singles whose songs rank alongside the best of the era, The Spiders will forever be remembered as the precursor band to Alice Cooper. Inspired by The Beatles and initially forming as The Earwigs in 1964, the band's unassuming start -members had little to no musical skill- belied the fame and fortune they'd experience less than a decade later. Released for the FIRST time, here's the UNCUT, hitherto first recording session for Mascot Records, September 1965. All from the master tapes. Includes original business card and pin reproduction. Limited edition of 1000 copies on red wax.\",\"breadcrumb\":{\"@id\":\"https:\/\/wpguerssen-test.odoo.rgbconsulting.com\/es\/producto\/dont-blow-your-mind-the-mascot-sessions-red\/#breadcrumb\"},\"inLanguage\":\"es\",\"potentialAction\":[{\"@type\":\"ReadAction\",\"target\":[\"https:\/\/wpguerssen-test.odoo.rgbconsulting.com\/es\/producto\/dont-blow-your-mind-the-mascot-sessions-red\/\"]}]},{\"@type\":\"ImageObject\",\"inLanguage\":\"es\",\"@id\":\"https:\/\/wpguerssen-test.odoo.rgbconsulting.com\/es\/producto\/dont-blow-your-mind-the-mascot-sessions-red\/#primaryimage\",\"url\":\"https:\/\/wpguerssen-test.odoo.rgbconsulting.com\/wp-content\/uploads\/2024\/02\/46941.jpg\",\"contentUrl\":\"https:\/\/wpguerssen-test.odoo.rgbconsulting.com\/wp-content\/uploads\/2024\/02\/46941.jpg\",\"width\":600,\"height\":600,\"caption\":\"The - Don't blow your mind: The Mascot Sessions (Red) - OKTAY (LP) | Guerssen\"},{\"@type\":\"BreadcrumbList\",\"@id\":\"https:\/\/wpguerssen-test.odoo.rgbconsulting.com\/es\/producto\/dont-blow-your-mind-the-mascot-sessions-red\/#breadcrumb\",\"itemListElement\":[{\"@type\":\"ListItem\",\"position\":1,\"name\":\"Inicio\",\"item\":\"https:\/\/wpguerssen-test.odoo.rgbconsulting.com\/es\/\"},{\"@type\":\"ListItem\",\"position\":2,\"name\":\"Shop\",\"item\":\"https:\/\/wpguerssen-test.odoo.rgbconsulting.com\/shop\/\"},{\"@type\":\"ListItem\",\"position\":3,\"name\":\"Don&#8217;t blow your mind: The Mascot Sessions (Red)\"}]},{\"@type\":\"WebSite\",\"@id\":\"https:\/\/wpguerssen-test.odoo.rgbconsulting.com\/es\/#website\",\"url\":\"https:\/\/wpguerssen-test.odoo.rgbconsulting.com\/es\/\",\"name\":\"Guerssen records\",\"description\":\"psychedelia - progressive - folk - garage \",\"publisher\":{\"@id\":\"https:\/\/wpguerssen-test.odoo.rgbconsulting.com\/es\/#organization\"},\"potentialAction\":[{\"@type\":\"SearchAction\",\"target\":{\"@type\":\"EntryPoint\",\"urlTemplate\":\"https:\/\/wpguerssen-test.odoo.rgbconsulting.com\/es\/?s={search_term_string}\"},\"query-input\":{\"@type\":\"PropertyValueSpecification\",\"valueRequired\":true,\"valueName\":\"search_term_string\"}}],\"inLanguage\":\"es\"},{\"@type\":\"Organization\",\"@id\":\"https:\/\/wpguerssen-test.odoo.rgbconsulting.com\/es\/#organization\",\"name\":\"Guerssen records\",\"url\":\"https:\/\/wpguerssen-test.odoo.rgbconsulting.com\/es\/\",\"logo\":{\"@type\":\"ImageObject\",\"inLanguage\":\"es\",\"@id\":\"https:\/\/wpguerssen-test.odoo.rgbconsulting.com\/es\/#\/schema\/logo\/image\/\",\"url\":\"https:\/\/wpguerssen-test.odoo.rgbconsulting.com\/wp-content\/uploads\/2022\/04\/Logo_Guerssen_trans_100.png\",\"contentUrl\":\"https:\/\/wpguerssen-test.odoo.rgbconsulting.com\/wp-content\/uploads\/2022\/04\/Logo_Guerssen_trans_100.png\",\"width\":122,\"height\":100,\"caption\":\"Guerssen records\"},\"image\":{\"@id\":\"https:\/\/wpguerssen-test.odoo.rgbconsulting.com\/es\/#\/schema\/logo\/image\/\"}}]}<\/script>\n<!-- \/ Yoast SEO plugin. -->","yoast_head_json":{"title":"SPIDERS, The - Don't blow your mind: The Mascot Sessions (Red) -  (LP) | Guerssen","description":"Despite releasing two singles whose songs rank alongside the best of the era, The Spiders will forever be remembered as the precursor band to Alice Cooper. Inspired by The Beatles and initially forming as The Earwigs in 1964, the band's unassuming start -members had little to no musical skill- belied the fame and fortune they'd experience less than a decade later. Released for the FIRST time, here's the UNCUT, hitherto first recording session for Mascot Records, September 1965. All from the master tapes. Includes original business card and pin reproduction. Limited edition of 1000 copies on red wax.","robots":{"index":"index","follow":"follow","max-snippet":"max-snippet:-1","max-image-preview":"max-image-preview:large","max-video-preview":"max-video-preview:-1"},"canonical":"https:\/\/wpguerssen-test.odoo.rgbconsulting.com\/es\/producto\/dont-blow-your-mind-the-mascot-sessions-red\/","og_locale":"es_ES","og_type":"article","og_title":"SPIDERS, The - Don't blow your mind: The Mascot Sessions (Red) -  (LP) | Guerssen","og_description":"Despite releasing two singles whose songs rank alongside the best of the era, The Spiders will forever be remembered as the precursor band to Alice Cooper. Inspired by The Beatles and initially forming as The Earwigs in 1964, the band's unassuming start -members had little to no musical skill- belied the fame and fortune they'd experience less than a decade later. Released for the FIRST time, here's the UNCUT, hitherto first recording session for Mascot Records, September 1965. All from the master tapes. Includes original business card and pin reproduction. Limited edition of 1000 copies on red wax.","og_url":"https:\/\/wpguerssen-test.odoo.rgbconsulting.com\/es\/producto\/dont-blow-your-mind-the-mascot-sessions-red\/","og_site_name":"Guerssen records","article_modified_time":"2025-03-26T15:55:18+00:00","og_image":[{"width":600,"height":600,"url":"https:\/\/wpguerssen-test.odoo.rgbconsulting.com\/wp-content\/uploads\/2024\/02\/46941.jpg","type":"image\/jpeg"}],"twitter_card":"summary_large_image","twitter_title":"SPIDERS, The - Don't blow your mind: The Mascot Sessions (Red) -  (LP) | Guerssen","twitter_misc":{"Tiempo de lectura":"1 minuto"},"schema":{"@context":"https:\/\/schema.org","@graph":[{"@type":"WebPage","@id":"https:\/\/wpguerssen-test.odoo.rgbconsulting.com\/es\/producto\/dont-blow-your-mind-the-mascot-sessions-red\/","url":"https:\/\/wpguerssen-test.odoo.rgbconsulting.com\/es\/producto\/dont-blow-your-mind-the-mascot-sessions-red\/","name":"SPIDERS, The - Don't blow your mind: The Mascot Sessions (Red) - (LP) | Guerssen","isPartOf":{"@id":"https:\/\/wpguerssen-test.odoo.rgbconsulting.com\/es\/#website"},"primaryImageOfPage":{"@id":"https:\/\/wpguerssen-test.odoo.rgbconsulting.com\/es\/producto\/dont-blow-your-mind-the-mascot-sessions-red\/#primaryimage"},"image":{"@id":"https:\/\/wpguerssen-test.odoo.rgbconsulting.com\/es\/producto\/dont-blow-your-mind-the-mascot-sessions-red\/#primaryimage"},"thumbnailUrl":"https:\/\/wpguerssen-test.odoo.rgbconsulting.com\/wp-content\/uploads\/2024\/02\/46941.jpg","datePublished":"2024-08-12T22:00:00+00:00","dateModified":"2025-03-26T15:55:18+00:00","description":"Despite releasing two singles whose songs rank alongside the best of the era, The Spiders will forever be remembered as the precursor band to Alice Cooper. Inspired by The Beatles and initially forming as The Earwigs in 1964, the band's unassuming start -members had little to no musical skill- belied the fame and fortune they'd experience less than a decade later. Released for the FIRST time, here's the UNCUT, hitherto first recording session for Mascot Records, September 1965. All from the master tapes. Includes original business card and pin reproduction. Limited edition of 1000 copies on red wax.","breadcrumb":{"@id":"https:\/\/wpguerssen-test.odoo.rgbconsulting.com\/es\/producto\/dont-blow-your-mind-the-mascot-sessions-red\/#breadcrumb"},"inLanguage":"es","potentialAction":[{"@type":"ReadAction","target":["https:\/\/wpguerssen-test.odoo.rgbconsulting.com\/es\/producto\/dont-blow-your-mind-the-mascot-sessions-red\/"]}]},{"@type":"ImageObject","inLanguage":"es","@id":"https:\/\/wpguerssen-test.odoo.rgbconsulting.com\/es\/producto\/dont-blow-your-mind-the-mascot-sessions-red\/#primaryimage","url":"https:\/\/wpguerssen-test.odoo.rgbconsulting.com\/wp-content\/uploads\/2024\/02\/46941.jpg","contentUrl":"https:\/\/wpguerssen-test.odoo.rgbconsulting.com\/wp-content\/uploads\/2024\/02\/46941.jpg","width":600,"height":600,"caption":"The - Don't blow your mind: The Mascot Sessions (Red) - OKTAY (LP) | Guerssen"},{"@type":"BreadcrumbList","@id":"https:\/\/wpguerssen-test.odoo.rgbconsulting.com\/es\/producto\/dont-blow-your-mind-the-mascot-sessions-red\/#breadcrumb","itemListElement":[{"@type":"ListItem","position":1,"name":"Inicio","item":"https:\/\/wpguerssen-test.odoo.rgbconsulting.com\/es\/"},{"@type":"ListItem","position":2,"name":"Shop","item":"https:\/\/wpguerssen-test.odoo.rgbconsulting.com\/shop\/"},{"@type":"ListItem","position":3,"name":"Don&#8217;t blow your mind: The Mascot Sessions (Red)"}]},{"@type":"WebSite","@id":"https:\/\/wpguerssen-test.odoo.rgbconsulting.com\/es\/#website","url":"https:\/\/wpguerssen-test.odoo.rgbconsulting.com\/es\/","name":"Guerssen records","description":"psychedelia - progressive - folk - garage ","publisher":{"@id":"https:\/\/wpguerssen-test.odoo.rgbconsulting.com\/es\/#organization"},"potentialAction":[{"@type":"SearchAction","target":{"@type":"EntryPoint","urlTemplate":"https:\/\/wpguerssen-test.odoo.rgbconsulting.com\/es\/?s={search_term_string}"},"query-input":{"@type":"PropertyValueSpecification","valueRequired":true,"valueName":"search_term_string"}}],"inLanguage":"es"},{"@type":"Organization","@id":"https:\/\/wpguerssen-test.odoo.rgbconsulting.com\/es\/#organization","name":"Guerssen records","url":"https:\/\/wpguerssen-test.odoo.rgbconsulting.com\/es\/","logo":{"@type":"ImageObject","inLanguage":"es","@id":"https:\/\/wpguerssen-test.odoo.rgbconsulting.com\/es\/#\/schema\/logo\/image\/","url":"https:\/\/wpguerssen-test.odoo.rgbconsulting.com\/wp-content\/uploads\/2022\/04\/Logo_Guerssen_trans_100.png","contentUrl":"https:\/\/wpguerssen-test.odoo.rgbconsulting.com\/wp-content\/uploads\/2022\/04\/Logo_Guerssen_trans_100.png","width":122,"height":100,"caption":"Guerssen records"},"image":{"@id":"https:\/\/wpguerssen-test.odoo.rgbconsulting.com\/es\/#\/schema\/logo\/image\/"}}]}},"_links":{"self":[{"href":"https:\/\/wpguerssen-test.odoo.rgbconsulting.com\/es\/wp-json\/wp\/v2\/product\/253316","targetHints":{"allow":["GET"]}}],"collection":[{"href":"https:\/\/wpguerssen-test.odoo.rgbconsulting.com\/es\/wp-json\/wp\/v2\/product"}],"about":[{"href":"https:\/\/wpguerssen-test.odoo.rgbconsulting.com\/es\/wp-json\/wp\/v2\/types\/product"}],"wp:featuredmedia":[{"embeddable":true,"href":"https:\/\/wpguerssen-test.odoo.rgbconsulting.com\/es\/wp-json\/wp\/v2\/media\/253280"}],"wp:attachment":[{"href":"https:\/\/wpguerssen-test.odoo.rgbconsulting.com\/es\/wp-json\/wp\/v2\/media?parent=253316"}],"wp:term":[{"taxonomy":"product_brand","embeddable":true,"href":"https:\/\/wpguerssen-test.odoo.rgbconsulting.com\/es\/wp-json\/wp\/v2\/product_brand?post=253316"},{"taxonomy":"product_cat","embeddable":true,"href":"https:\/\/wpguerssen-test.odoo.rgbconsulting.com\/es\/wp-json\/wp\/v2\/product_cat?post=253316"},{"taxonomy":"product_tag","embeddable":true,"href":"https:\/\/wpguerssen-test.odoo.rgbconsulting.com\/es\/wp-json\/wp\/v2\/product_tag?post=253316"}],"curies":[{"name":"wp","href":"https:\/\/api.w.org\/{rel}","templated":true}]}}