{"id":253456,"date":"2024-04-09T00:00:00","date_gmt":"2024-04-08T22:00:00","guid":{"rendered":"https:\/\/wpguerssen-test.odoo.rgbconsulting.com\/product\/togo-soul-2\/"},"modified":"2024-09-02T14:31:00","modified_gmt":"2024-09-02T12:31:00","slug":"togo-soul-2","status":"publish","type":"product","link":"https:\/\/wpguerssen-test.odoo.rgbconsulting.com\/es\/producto\/togo-soul-2\/","title":{"rendered":"Togo Soul 2"},"content":{"rendered":"<p>Hot Casa Records presenta Togo Soul 2: Grabaciones togolesas raras seleccionadas de 1974 a 1989.<br \/>Un tesoro de grabaciones raras e inusuales grabadas en su mayor\u00eda en Lom\u00e9 durante los a\u00f1os 70 y 80. Una fusi\u00f3n de cantos vud\u00fa tradicionales, soul crudo e incluso Electro Funk. Encontrar estas pistas y sus titulares de derechos no se ha vuelto m\u00e1s f\u00e1cil, incluso despu\u00e9s de algunos viajes por todo este pa\u00eds de \u00c1frica occidental que limita con Ghana, Benin y Burkina Faso. Despu\u00e9s de 8 a\u00f1os, nosotros, en Hot Casa Records, con la amable ayuda de Roger Damawuzan, decidimos seleccionar trece pistas, una instant\u00e1nea de cientos de cintas raras y a menudo olvidadas de la fase m\u00e1s prol\u00edfica, profesional y emocionante de la historia discogr\u00e1fica del pa\u00eds, incluidas las internacionales. estrellas como Akofa Akoussah, Gregoire Lawani y Roger Damawuzan son comparados como el James Brown de Lom\u00e9 con cintas olvidadas y canciones brillantes en los idiomas mina, kabyi\u00e9 y fon. La escena musical en Togo estaba en ese momento incluso si el contexto pol\u00edtico influy\u00f3 en su creaci\u00f3n. Muchos de los \u00e1lbumes originales de estas canciones se han obtenido a precios elevados en l\u00ednea debido a su rareza, por lo que es un gran placer presentar aqu\u00ed una selecci\u00f3n que evoca una \u00e9poca dorada de auge en la historia de la m\u00fasica togolesa.<br \/>Incluye biograf\u00edas y fotograf\u00edas raras. Remasterizado por Frank Merritt en The Carvery<br \/>TRACKLIST:<br \/>A1. Ali Bawa -Yansama A2. Napo De Mi Amor &#8211; Kissakpiou A3. Alognon Degbevi &#038; Les v\u00e9t\u00e9rans jazz &#8211; Baba Na Mi A4. Mamo Lagbema &#8211; Fati Waka B1. Koffi Ottytana Bebli &#8211; Doka B2. Gregoire Lawani &#8211; Habie B3. Deg Dos &#8211; The End Of All B4. Tomede Ehue &#8211; Bella Bellow C1. Mawuli Decker &#8211; Hlomede C2. Palete Wawa &#8211; Assini D1. Akofa Akoussah &#8211; Sumga Na bacci D2. Roger Damawuzan &#8211; Miziqui D3. Agboti &#8211; Agaza Gbona<\/p>\n","protected":false},"excerpt":{"rendered":"<p>Hot Casa Records presenta Togo Soul 2: Grabaciones togolesas raras seleccionadas de 1974 a 1989.<br \/>Un tesoro de grabaciones raras e inusuales grabadas en su mayor\u00eda<a class=\"read\" href=\"https:\/\/wpguerssen-test.odoo.rgbconsulting.com\/es\/producto\/togo-soul-2\/\"> (...)<\/a>","protected":false},"featured_media":254870,"template":"","meta":{"_acf_changed":false},"product_brand":[],"product_cat":[21649,23258],"product_tag":[],"class_list":{"0":"post-253456","1":"product","2":"type-product","3":"status-publish","4":"has-post-thumbnail","6":"product_cat-soul-rnb-es","7":"product_cat-afro-funk-afrobeat-es","8":"pa_artist-various-artists-es","9":"pa_format-2lp-es","10":"pa_gender-afro-funk-afrobeat-soul-rnb","11":"pa_label-hot-casa","12":"pa_location-africa-es","13":"pa_other-filters-vinyl-only-es","15":"first","16":"instock","17":"taxable","18":"shipping-taxable","19":"purchasable","20":"product-type-simple"},"acf":[],"yoast_head":"<!-- This site is optimized with the Yoast SEO plugin v24.9 - https:\/\/yoast.com\/wordpress\/plugins\/seo\/ -->\n<title>VARIOUS ARTISTS - Togo Soul 2 -  (2LP) | Guerssen<\/title>\n<meta name=\"description\" content=\"Hot Casa Records present Togo Soul 2: Selected Rare Togolese Recordings from 1974 to 1989.A treasure-trove of rare and unusual recordings mostly recorded in Lom\u00e9 during the 70&#039;s and 80&#039;s . A fusion of traditional voodoo chants, raw soul and even Electro Funk . Finding these tracks and their rights holders hasn&#039;t become any easier even after few trips all over this west African country bordered by Ghana , Benin &amp; Burkina Faso. After 8 years, We , at Hot Casa Records with the kind help of Roger Damawuzan decided to select thirteen tracks, a snapshot of some hundreds of rare and often forgotten tapes from the most prolific, professional and exciting phase of the country&#039;s recording history included international stars like Akofa Akoussah, Gregoire Lawani to Roger Damawuzan compared as the James Brown from Lom\u00e9 to forgotten tapes and brilliant songs in Mina, Kabyi\u00e9 and Fon language.Many of the tracks featured here are peppered with innovation and experimentation highlighting how diverse, the music scene in Togo was at the time even if the political context influenced their creation. Many of the original albums these tracks are taken from high prices online due to their rarity and so it&#039;s with great pleasure that we present a selection here that evokes a golden boomtime in Togolese music history.Includes biographies and rare photos. Remastered by Frank Merritt at The Carvery.TRACKLIST:A1. Ali Bawa -Yansama A2. Napo De Mi Amor - Kissakpiou A3. Alognon Degbevi &amp; Les v\u00e9t\u00e9rans jazz - Baba Na Mi A4. Mamo Lagbema - Fati Waka B1. Koffi Ottytana Bebli - Doka B2. Gregoire Lawani - Habie B3. Deg Dos - The End Of All B4. Tomede Ehue - Bella Bellow C1. Mawuli Decker - Hlomede C2. Palete Wawa - Assini D1. Akofa Akoussah - Sumga Na bacci D2. Roger Damawuzan - Miziqui D3. Agboti - Agaza Gbona\" \/>\n<meta name=\"robots\" content=\"index, follow, max-snippet:-1, max-image-preview:large, max-video-preview:-1\" \/>\n<link rel=\"canonical\" href=\"https:\/\/wpguerssen-test.odoo.rgbconsulting.com\/es\/producto\/togo-soul-2\/\" \/>\n<meta property=\"og:locale\" content=\"es_ES\" \/>\n<meta property=\"og:type\" content=\"article\" \/>\n<meta property=\"og:title\" content=\"VARIOUS ARTISTS - Togo Soul 2 -  (2LP) | Guerssen\" \/>\n<meta property=\"og:description\" content=\"Hot Casa Records present Togo Soul 2: Selected Rare Togolese Recordings from 1974 to 1989.A treasure-trove of rare and unusual recordings mostly recorded in Lom\u00e9 during the 70&#039;s and 80&#039;s . A fusion of traditional voodoo chants, raw soul and even Electro Funk . Finding these tracks and their rights holders hasn&#039;t become any easier even after few trips all over this west African country bordered by Ghana , Benin &amp; Burkina Faso. After 8 years, We , at Hot Casa Records with the kind help of Roger Damawuzan decided to select thirteen tracks, a snapshot of some hundreds of rare and often forgotten tapes from the most prolific, professional and exciting phase of the country&#039;s recording history included international stars like Akofa Akoussah, Gregoire Lawani to Roger Damawuzan compared as the James Brown from Lom\u00e9 to forgotten tapes and brilliant songs in Mina, Kabyi\u00e9 and Fon language.Many of the tracks featured here are peppered with innovation and experimentation highlighting how diverse, the music scene in Togo was at the time even if the political context influenced their creation. Many of the original albums these tracks are taken from high prices online due to their rarity and so it&#039;s with great pleasure that we present a selection here that evokes a golden boomtime in Togolese music history.Includes biographies and rare photos. Remastered by Frank Merritt at The Carvery.TRACKLIST:A1. Ali Bawa -Yansama A2. Napo De Mi Amor - Kissakpiou A3. Alognon Degbevi &amp; Les v\u00e9t\u00e9rans jazz - Baba Na Mi A4. Mamo Lagbema - Fati Waka B1. Koffi Ottytana Bebli - Doka B2. Gregoire Lawani - Habie B3. Deg Dos - The End Of All B4. Tomede Ehue - Bella Bellow C1. Mawuli Decker - Hlomede C2. Palete Wawa - Assini D1. Akofa Akoussah - Sumga Na bacci D2. Roger Damawuzan - Miziqui D3. Agboti - Agaza Gbona\" \/>\n<meta property=\"og:url\" content=\"https:\/\/wpguerssen-test.odoo.rgbconsulting.com\/es\/producto\/togo-soul-2\/\" \/>\n<meta property=\"og:site_name\" content=\"Guerssen records\" \/>\n<meta property=\"article:modified_time\" content=\"2024-09-02T12:31:00+00:00\" \/>\n<meta property=\"og:image\" content=\"https:\/\/wpguerssen-test.odoo.rgbconsulting.com\/wp-content\/uploads\/2024\/02\/46947.jpg\" \/>\n\t<meta property=\"og:image:width\" content=\"1440\" \/>\n\t<meta property=\"og:image:height\" content=\"1440\" \/>\n\t<meta property=\"og:image:type\" content=\"image\/jpeg\" \/>\n<meta name=\"twitter:card\" content=\"summary_large_image\" \/>\n<meta name=\"twitter:title\" content=\"VARIOUS ARTISTS - Togo Soul 2 -  (2LP) | Guerssen\" \/>\n<meta name=\"twitter:label1\" content=\"Tiempo de lectura\" \/>\n\t<meta name=\"twitter:data1\" content=\"2 minutos\" \/>\n<script type=\"application\/ld+json\" class=\"yoast-schema-graph\">{\"@context\":\"https:\/\/schema.org\",\"@graph\":[{\"@type\":\"WebPage\",\"@id\":\"https:\/\/wpguerssen-test.odoo.rgbconsulting.com\/es\/producto\/togo-soul-2\/\",\"url\":\"https:\/\/wpguerssen-test.odoo.rgbconsulting.com\/es\/producto\/togo-soul-2\/\",\"name\":\"VARIOUS ARTISTS - Togo Soul 2 - (2LP) | Guerssen\",\"isPartOf\":{\"@id\":\"https:\/\/wpguerssen-test.odoo.rgbconsulting.com\/es\/#website\"},\"primaryImageOfPage\":{\"@id\":\"https:\/\/wpguerssen-test.odoo.rgbconsulting.com\/es\/producto\/togo-soul-2\/#primaryimage\"},\"image\":{\"@id\":\"https:\/\/wpguerssen-test.odoo.rgbconsulting.com\/es\/producto\/togo-soul-2\/#primaryimage\"},\"thumbnailUrl\":\"https:\/\/wpguerssen-test.odoo.rgbconsulting.com\/wp-content\/uploads\/2024\/02\/46947.jpg\",\"datePublished\":\"2024-04-08T22:00:00+00:00\",\"dateModified\":\"2024-09-02T12:31:00+00:00\",\"description\":\"Hot Casa Records present Togo Soul 2: Selected Rare Togolese Recordings from 1974 to 1989.A treasure-trove of rare and unusual recordings mostly recorded in Lom\u00e9 during the 70's and 80's . A fusion of traditional voodoo chants, raw soul and even Electro Funk . Finding these tracks and their rights holders hasn't become any easier even after few trips all over this west African country bordered by Ghana , Benin & Burkina Faso. After 8 years, We , at Hot Casa Records with the kind help of Roger Damawuzan decided to select thirteen tracks, a snapshot of some hundreds of rare and often forgotten tapes from the most prolific, professional and exciting phase of the country's recording history included international stars like Akofa Akoussah, Gregoire Lawani to Roger Damawuzan compared as the James Brown from Lom\u00e9 to forgotten tapes and brilliant songs in Mina, Kabyi\u00e9 and Fon language.Many of the tracks featured here are peppered with innovation and experimentation highlighting how diverse, the music scene in Togo was at the time even if the political context influenced their creation. Many of the original albums these tracks are taken from high prices online due to their rarity and so it's with great pleasure that we present a selection here that evokes a golden boomtime in Togolese music history.Includes biographies and rare photos. Remastered by Frank Merritt at The Carvery.TRACKLIST:A1. Ali Bawa -Yansama A2. Napo De Mi Amor - Kissakpiou A3. Alognon Degbevi & Les v\u00e9t\u00e9rans jazz - Baba Na Mi A4. Mamo Lagbema - Fati Waka B1. Koffi Ottytana Bebli - Doka B2. Gregoire Lawani - Habie B3. Deg Dos - The End Of All B4. Tomede Ehue - Bella Bellow C1. Mawuli Decker - Hlomede C2. Palete Wawa - Assini D1. Akofa Akoussah - Sumga Na bacci D2. Roger Damawuzan - Miziqui D3. Agboti - Agaza Gbona\",\"breadcrumb\":{\"@id\":\"https:\/\/wpguerssen-test.odoo.rgbconsulting.com\/es\/producto\/togo-soul-2\/#breadcrumb\"},\"inLanguage\":\"es\",\"potentialAction\":[{\"@type\":\"ReadAction\",\"target\":[\"https:\/\/wpguerssen-test.odoo.rgbconsulting.com\/es\/producto\/togo-soul-2\/\"]}]},{\"@type\":\"ImageObject\",\"inLanguage\":\"es\",\"@id\":\"https:\/\/wpguerssen-test.odoo.rgbconsulting.com\/es\/producto\/togo-soul-2\/#primaryimage\",\"url\":\"https:\/\/wpguerssen-test.odoo.rgbconsulting.com\/wp-content\/uploads\/2024\/02\/46947.jpg\",\"contentUrl\":\"https:\/\/wpguerssen-test.odoo.rgbconsulting.com\/wp-content\/uploads\/2024\/02\/46947.jpg\",\"width\":1440,\"height\":1440},{\"@type\":\"BreadcrumbList\",\"@id\":\"https:\/\/wpguerssen-test.odoo.rgbconsulting.com\/es\/producto\/togo-soul-2\/#breadcrumb\",\"itemListElement\":[{\"@type\":\"ListItem\",\"position\":1,\"name\":\"Inicio\",\"item\":\"https:\/\/wpguerssen-test.odoo.rgbconsulting.com\/es\/\"},{\"@type\":\"ListItem\",\"position\":2,\"name\":\"Shop\",\"item\":\"https:\/\/wpguerssen-test.odoo.rgbconsulting.com\/shop\/\"},{\"@type\":\"ListItem\",\"position\":3,\"name\":\"Togo Soul 2\"}]},{\"@type\":\"WebSite\",\"@id\":\"https:\/\/wpguerssen-test.odoo.rgbconsulting.com\/es\/#website\",\"url\":\"https:\/\/wpguerssen-test.odoo.rgbconsulting.com\/es\/\",\"name\":\"Guerssen records\",\"description\":\"psychedelia - progressive - folk - garage \",\"publisher\":{\"@id\":\"https:\/\/wpguerssen-test.odoo.rgbconsulting.com\/es\/#organization\"},\"potentialAction\":[{\"@type\":\"SearchAction\",\"target\":{\"@type\":\"EntryPoint\",\"urlTemplate\":\"https:\/\/wpguerssen-test.odoo.rgbconsulting.com\/es\/?s={search_term_string}\"},\"query-input\":{\"@type\":\"PropertyValueSpecification\",\"valueRequired\":true,\"valueName\":\"search_term_string\"}}],\"inLanguage\":\"es\"},{\"@type\":\"Organization\",\"@id\":\"https:\/\/wpguerssen-test.odoo.rgbconsulting.com\/es\/#organization\",\"name\":\"Guerssen records\",\"url\":\"https:\/\/wpguerssen-test.odoo.rgbconsulting.com\/es\/\",\"logo\":{\"@type\":\"ImageObject\",\"inLanguage\":\"es\",\"@id\":\"https:\/\/wpguerssen-test.odoo.rgbconsulting.com\/es\/#\/schema\/logo\/image\/\",\"url\":\"https:\/\/wpguerssen-test.odoo.rgbconsulting.com\/wp-content\/uploads\/2022\/04\/Logo_Guerssen_trans_100.png\",\"contentUrl\":\"https:\/\/wpguerssen-test.odoo.rgbconsulting.com\/wp-content\/uploads\/2022\/04\/Logo_Guerssen_trans_100.png\",\"width\":122,\"height\":100,\"caption\":\"Guerssen records\"},\"image\":{\"@id\":\"https:\/\/wpguerssen-test.odoo.rgbconsulting.com\/es\/#\/schema\/logo\/image\/\"}}]}<\/script>\n<!-- \/ Yoast SEO plugin. -->","yoast_head_json":{"title":"VARIOUS ARTISTS - Togo Soul 2 -  (2LP) | Guerssen","description":"Hot Casa Records present Togo Soul 2: Selected Rare Togolese Recordings from 1974 to 1989.A treasure-trove of rare and unusual recordings mostly recorded in Lom\u00e9 during the 70's and 80's . A fusion of traditional voodoo chants, raw soul and even Electro Funk . Finding these tracks and their rights holders hasn't become any easier even after few trips all over this west African country bordered by Ghana , Benin & Burkina Faso. After 8 years, We , at Hot Casa Records with the kind help of Roger Damawuzan decided to select thirteen tracks, a snapshot of some hundreds of rare and often forgotten tapes from the most prolific, professional and exciting phase of the country's recording history included international stars like Akofa Akoussah, Gregoire Lawani to Roger Damawuzan compared as the James Brown from Lom\u00e9 to forgotten tapes and brilliant songs in Mina, Kabyi\u00e9 and Fon language.Many of the tracks featured here are peppered with innovation and experimentation highlighting how diverse, the music scene in Togo was at the time even if the political context influenced their creation. Many of the original albums these tracks are taken from high prices online due to their rarity and so it's with great pleasure that we present a selection here that evokes a golden boomtime in Togolese music history.Includes biographies and rare photos. Remastered by Frank Merritt at The Carvery.TRACKLIST:A1. Ali Bawa -Yansama A2. Napo De Mi Amor - Kissakpiou A3. Alognon Degbevi & Les v\u00e9t\u00e9rans jazz - Baba Na Mi A4. Mamo Lagbema - Fati Waka B1. Koffi Ottytana Bebli - Doka B2. Gregoire Lawani - Habie B3. Deg Dos - The End Of All B4. Tomede Ehue - Bella Bellow C1. Mawuli Decker - Hlomede C2. Palete Wawa - Assini D1. Akofa Akoussah - Sumga Na bacci D2. Roger Damawuzan - Miziqui D3. Agboti - Agaza Gbona","robots":{"index":"index","follow":"follow","max-snippet":"max-snippet:-1","max-image-preview":"max-image-preview:large","max-video-preview":"max-video-preview:-1"},"canonical":"https:\/\/wpguerssen-test.odoo.rgbconsulting.com\/es\/producto\/togo-soul-2\/","og_locale":"es_ES","og_type":"article","og_title":"VARIOUS ARTISTS - Togo Soul 2 -  (2LP) | Guerssen","og_description":"Hot Casa Records present Togo Soul 2: Selected Rare Togolese Recordings from 1974 to 1989.A treasure-trove of rare and unusual recordings mostly recorded in Lom\u00e9 during the 70's and 80's . A fusion of traditional voodoo chants, raw soul and even Electro Funk . Finding these tracks and their rights holders hasn't become any easier even after few trips all over this west African country bordered by Ghana , Benin & Burkina Faso. After 8 years, We , at Hot Casa Records with the kind help of Roger Damawuzan decided to select thirteen tracks, a snapshot of some hundreds of rare and often forgotten tapes from the most prolific, professional and exciting phase of the country's recording history included international stars like Akofa Akoussah, Gregoire Lawani to Roger Damawuzan compared as the James Brown from Lom\u00e9 to forgotten tapes and brilliant songs in Mina, Kabyi\u00e9 and Fon language.Many of the tracks featured here are peppered with innovation and experimentation highlighting how diverse, the music scene in Togo was at the time even if the political context influenced their creation. Many of the original albums these tracks are taken from high prices online due to their rarity and so it's with great pleasure that we present a selection here that evokes a golden boomtime in Togolese music history.Includes biographies and rare photos. Remastered by Frank Merritt at The Carvery.TRACKLIST:A1. Ali Bawa -Yansama A2. Napo De Mi Amor - Kissakpiou A3. Alognon Degbevi & Les v\u00e9t\u00e9rans jazz - Baba Na Mi A4. Mamo Lagbema - Fati Waka B1. Koffi Ottytana Bebli - Doka B2. Gregoire Lawani - Habie B3. Deg Dos - The End Of All B4. Tomede Ehue - Bella Bellow C1. Mawuli Decker - Hlomede C2. Palete Wawa - Assini D1. Akofa Akoussah - Sumga Na bacci D2. Roger Damawuzan - Miziqui D3. Agboti - Agaza Gbona","og_url":"https:\/\/wpguerssen-test.odoo.rgbconsulting.com\/es\/producto\/togo-soul-2\/","og_site_name":"Guerssen records","article_modified_time":"2024-09-02T12:31:00+00:00","og_image":[{"width":1440,"height":1440,"url":"https:\/\/wpguerssen-test.odoo.rgbconsulting.com\/wp-content\/uploads\/2024\/02\/46947.jpg","type":"image\/jpeg"}],"twitter_card":"summary_large_image","twitter_title":"VARIOUS ARTISTS - Togo Soul 2 -  (2LP) | Guerssen","twitter_misc":{"Tiempo de lectura":"2 minutos"},"schema":{"@context":"https:\/\/schema.org","@graph":[{"@type":"WebPage","@id":"https:\/\/wpguerssen-test.odoo.rgbconsulting.com\/es\/producto\/togo-soul-2\/","url":"https:\/\/wpguerssen-test.odoo.rgbconsulting.com\/es\/producto\/togo-soul-2\/","name":"VARIOUS ARTISTS - Togo Soul 2 - (2LP) | Guerssen","isPartOf":{"@id":"https:\/\/wpguerssen-test.odoo.rgbconsulting.com\/es\/#website"},"primaryImageOfPage":{"@id":"https:\/\/wpguerssen-test.odoo.rgbconsulting.com\/es\/producto\/togo-soul-2\/#primaryimage"},"image":{"@id":"https:\/\/wpguerssen-test.odoo.rgbconsulting.com\/es\/producto\/togo-soul-2\/#primaryimage"},"thumbnailUrl":"https:\/\/wpguerssen-test.odoo.rgbconsulting.com\/wp-content\/uploads\/2024\/02\/46947.jpg","datePublished":"2024-04-08T22:00:00+00:00","dateModified":"2024-09-02T12:31:00+00:00","description":"Hot Casa Records present Togo Soul 2: Selected Rare Togolese Recordings from 1974 to 1989.A treasure-trove of rare and unusual recordings mostly recorded in Lom\u00e9 during the 70's and 80's . A fusion of traditional voodoo chants, raw soul and even Electro Funk . Finding these tracks and their rights holders hasn't become any easier even after few trips all over this west African country bordered by Ghana , Benin & Burkina Faso. After 8 years, We , at Hot Casa Records with the kind help of Roger Damawuzan decided to select thirteen tracks, a snapshot of some hundreds of rare and often forgotten tapes from the most prolific, professional and exciting phase of the country's recording history included international stars like Akofa Akoussah, Gregoire Lawani to Roger Damawuzan compared as the James Brown from Lom\u00e9 to forgotten tapes and brilliant songs in Mina, Kabyi\u00e9 and Fon language.Many of the tracks featured here are peppered with innovation and experimentation highlighting how diverse, the music scene in Togo was at the time even if the political context influenced their creation. Many of the original albums these tracks are taken from high prices online due to their rarity and so it's with great pleasure that we present a selection here that evokes a golden boomtime in Togolese music history.Includes biographies and rare photos. Remastered by Frank Merritt at The Carvery.TRACKLIST:A1. Ali Bawa -Yansama A2. Napo De Mi Amor - Kissakpiou A3. Alognon Degbevi & Les v\u00e9t\u00e9rans jazz - Baba Na Mi A4. Mamo Lagbema - Fati Waka B1. Koffi Ottytana Bebli - Doka B2. Gregoire Lawani - Habie B3. Deg Dos - The End Of All B4. Tomede Ehue - Bella Bellow C1. Mawuli Decker - Hlomede C2. Palete Wawa - Assini D1. Akofa Akoussah - Sumga Na bacci D2. Roger Damawuzan - Miziqui D3. Agboti - Agaza Gbona","breadcrumb":{"@id":"https:\/\/wpguerssen-test.odoo.rgbconsulting.com\/es\/producto\/togo-soul-2\/#breadcrumb"},"inLanguage":"es","potentialAction":[{"@type":"ReadAction","target":["https:\/\/wpguerssen-test.odoo.rgbconsulting.com\/es\/producto\/togo-soul-2\/"]}]},{"@type":"ImageObject","inLanguage":"es","@id":"https:\/\/wpguerssen-test.odoo.rgbconsulting.com\/es\/producto\/togo-soul-2\/#primaryimage","url":"https:\/\/wpguerssen-test.odoo.rgbconsulting.com\/wp-content\/uploads\/2024\/02\/46947.jpg","contentUrl":"https:\/\/wpguerssen-test.odoo.rgbconsulting.com\/wp-content\/uploads\/2024\/02\/46947.jpg","width":1440,"height":1440},{"@type":"BreadcrumbList","@id":"https:\/\/wpguerssen-test.odoo.rgbconsulting.com\/es\/producto\/togo-soul-2\/#breadcrumb","itemListElement":[{"@type":"ListItem","position":1,"name":"Inicio","item":"https:\/\/wpguerssen-test.odoo.rgbconsulting.com\/es\/"},{"@type":"ListItem","position":2,"name":"Shop","item":"https:\/\/wpguerssen-test.odoo.rgbconsulting.com\/shop\/"},{"@type":"ListItem","position":3,"name":"Togo Soul 2"}]},{"@type":"WebSite","@id":"https:\/\/wpguerssen-test.odoo.rgbconsulting.com\/es\/#website","url":"https:\/\/wpguerssen-test.odoo.rgbconsulting.com\/es\/","name":"Guerssen records","description":"psychedelia - progressive - folk - garage ","publisher":{"@id":"https:\/\/wpguerssen-test.odoo.rgbconsulting.com\/es\/#organization"},"potentialAction":[{"@type":"SearchAction","target":{"@type":"EntryPoint","urlTemplate":"https:\/\/wpguerssen-test.odoo.rgbconsulting.com\/es\/?s={search_term_string}"},"query-input":{"@type":"PropertyValueSpecification","valueRequired":true,"valueName":"search_term_string"}}],"inLanguage":"es"},{"@type":"Organization","@id":"https:\/\/wpguerssen-test.odoo.rgbconsulting.com\/es\/#organization","name":"Guerssen records","url":"https:\/\/wpguerssen-test.odoo.rgbconsulting.com\/es\/","logo":{"@type":"ImageObject","inLanguage":"es","@id":"https:\/\/wpguerssen-test.odoo.rgbconsulting.com\/es\/#\/schema\/logo\/image\/","url":"https:\/\/wpguerssen-test.odoo.rgbconsulting.com\/wp-content\/uploads\/2022\/04\/Logo_Guerssen_trans_100.png","contentUrl":"https:\/\/wpguerssen-test.odoo.rgbconsulting.com\/wp-content\/uploads\/2022\/04\/Logo_Guerssen_trans_100.png","width":122,"height":100,"caption":"Guerssen records"},"image":{"@id":"https:\/\/wpguerssen-test.odoo.rgbconsulting.com\/es\/#\/schema\/logo\/image\/"}}]}},"_links":{"self":[{"href":"https:\/\/wpguerssen-test.odoo.rgbconsulting.com\/es\/wp-json\/wp\/v2\/product\/253456","targetHints":{"allow":["GET"]}}],"collection":[{"href":"https:\/\/wpguerssen-test.odoo.rgbconsulting.com\/es\/wp-json\/wp\/v2\/product"}],"about":[{"href":"https:\/\/wpguerssen-test.odoo.rgbconsulting.com\/es\/wp-json\/wp\/v2\/types\/product"}],"wp:featuredmedia":[{"embeddable":true,"href":"https:\/\/wpguerssen-test.odoo.rgbconsulting.com\/es\/wp-json\/wp\/v2\/media\/254870"}],"wp:attachment":[{"href":"https:\/\/wpguerssen-test.odoo.rgbconsulting.com\/es\/wp-json\/wp\/v2\/media?parent=253456"}],"wp:term":[{"taxonomy":"product_brand","embeddable":true,"href":"https:\/\/wpguerssen-test.odoo.rgbconsulting.com\/es\/wp-json\/wp\/v2\/product_brand?post=253456"},{"taxonomy":"product_cat","embeddable":true,"href":"https:\/\/wpguerssen-test.odoo.rgbconsulting.com\/es\/wp-json\/wp\/v2\/product_cat?post=253456"},{"taxonomy":"product_tag","embeddable":true,"href":"https:\/\/wpguerssen-test.odoo.rgbconsulting.com\/es\/wp-json\/wp\/v2\/product_tag?post=253456"}],"curies":[{"name":"wp","href":"https:\/\/api.w.org\/{rel}","templated":true}]}}