{"id":257640,"date":"2025-01-21T00:00:00","date_gmt":"2025-01-20T23:00:00","guid":{"rendered":"https:\/\/wpguerssen-test.odoo.rgbconsulting.com\/product\/psychedelic-shack-limited-edition\/"},"modified":"2025-03-28T12:38:23","modified_gmt":"2025-03-28T11:38:23","slug":"psychedelic-shack-limited-edition","status":"publish","type":"product","link":"https:\/\/wpguerssen-test.odoo.rgbconsulting.com\/es\/producto\/psychedelic-shack-limited-edition\/","title":{"rendered":"Psychedelic shack (Limited Edition)"},"content":{"rendered":"<p>Psychedelic Shack (1970) de The Temptations es el \u00e1lbum que representa la inmersi\u00f3n total de la banda en la psicodelia. Completamente escrita por Norman Whitfield y Barrett Strong y producida por Whitfield, Psychedelic Shack abandon\u00f3 casi por completo la f\u00f3rmula del \u00abMotown Sound\u00bb. Guitarras de hard rock, efectos de sonido de sintetizador, bater\u00eda multipista, muestreo y voces con cambio de est\u00e9reo le dan a la mayor\u00eda de las canciones del \u00e1lbum una sensaci\u00f3n m\u00e1s dura y menos tradicional que el trabajo anterior de The Temptations. Psychedelic Shack fue el \u00faltimo \u00e1lbum completado antes de que la tercera encarnaci\u00f3n de The Temptations (Dennis Edwards, Paul Williams, Eddie Kendricks, Melvin Franklin y Otis Williams) se separara. Como la mayor\u00eda de los \u00e1lbumes de Temptations del \u00abper\u00edodo psicod\u00e9lico\u00bb del grupo, el productor Norman Whitfield ten\u00eda control creativo total. La \u00fanica libertad que se les concedi\u00f3 a los Temptations para este \u00e1lbum fue la oportunidad ocasional para que Kendricks arreglara las armon\u00edas vocales. La portada del \u00e1lbum, un collage\/ilustraci\u00f3n de Hermon Weems, coloca fotograf\u00edas de The Temptations en una representaci\u00f3n de una choza psicod\u00e9lica: un establecimiento en barrios urbanos donde la gente pod\u00eda ir para \u00abmejorar sus mentes\u00bb a trav\u00e9s del arte, la m\u00fasica y las drogas que alteran la mente. No se puede decir mucho m\u00e1s, excepto que este es un \u00e1lbum absolutamente excepcional, uno que ha resistido la prueba del tiempo y suena tan fresco como en su lanzamiento inicial.<\/p>\n","protected":false},"excerpt":{"rendered":"<p>Psychedelic Shack (1970) de The Temptations es el \u00e1lbum que representa la inmersi\u00f3n total de la banda en la psicodelia. Completamente escrita por Norman Whitfield<a class=\"read\" href=\"https:\/\/wpguerssen-test.odoo.rgbconsulting.com\/es\/producto\/psychedelic-shack-limited-edition\/\"> (...)<\/a>","protected":false},"featured_media":257586,"template":"","meta":{"_acf_changed":false},"product_brand":[],"product_cat":[21639,21649],"product_tag":[],"class_list":{"0":"post-257640","1":"product","2":"type-product","3":"status-publish","4":"has-post-thumbnail","6":"product_cat-psychedelic60s-70s-es","7":"product_cat-soul-rnb-es","8":"pa_artist-temptations-the","9":"pa_format-lp-es","10":"pa_gender-psychedelic60s-70s-soul-rnb","11":"pa_label-elemental-music","12":"pa_location-north-america-es","13":"pa_other-filters-vinyl-only-es","15":"first","16":"instock","17":"taxable","18":"shipping-taxable","19":"purchasable","20":"product-type-simple"},"acf":[],"yoast_head":"<!-- This site is optimized with the Yoast SEO plugin v24.9 - https:\/\/yoast.com\/wordpress\/plugins\/seo\/ -->\n<title>TEMPTATIONS, The - Psychedelic shack (Limited Edition) -  (LP) | Guerssen<\/title>\n<meta name=\"description\" content=\"Psychedelic Shack (1970) by The Temptations is the album which represents the bands&#039; full-blown submergence into psychedelia. Completely written by Norman Whitfield and Barrett Strong and produced by Whitfield, Psychedelic Shack almost completely abandoned the &quot;Motown Sound&quot; formula; hard rock guitars, synthesizer sound effects, multitracked drums, sampling, and stereo-shifting vocals give most of the album&#039;s songs a harder, less traditional feel than The Temptations&#039; previous work. Psychedelic Shack was the final album completed before the third incarnation of The Temptations (Dennis Edwards, Paul Williams, Eddie Kendricks, Melvin Franklin, and Otis Williams) broke apart. Like most Temptations albums from the group&#039;s &quot;psychedelic period&quot;, producer Norman Whitfield held full creative control over Psychedelic Shack. The only freedom afforded the Temptations themselves for this album was the occasional opportunity for Kendricks to arrange the vocal harmonies. The album cover, a collage\/illustration by Hermon Weems, places photographs of The Temptations in a depiction of a psychedelic shack: an establishment in urban neighborhoods where people could go to &quot;enhance their minds&quot; through art, music, and mind-altering drugs. Not much else can be said, except that this is an absolutely outstanding album -one which has stood the test of time, sounding as fresh as it did upon its initial release.\" \/>\n<meta name=\"robots\" content=\"index, follow, max-snippet:-1, max-image-preview:large, max-video-preview:-1\" \/>\n<link rel=\"canonical\" href=\"https:\/\/wpguerssen-test.odoo.rgbconsulting.com\/es\/producto\/psychedelic-shack-limited-edition\/\" \/>\n<meta property=\"og:locale\" content=\"es_ES\" \/>\n<meta property=\"og:type\" content=\"article\" \/>\n<meta property=\"og:title\" content=\"TEMPTATIONS, The - Psychedelic shack (Limited Edition) -  (LP) | Guerssen\" \/>\n<meta property=\"og:description\" content=\"Psychedelic Shack (1970) by The Temptations is the album which represents the bands&#039; full-blown submergence into psychedelia. Completely written by Norman Whitfield and Barrett Strong and produced by Whitfield, Psychedelic Shack almost completely abandoned the &quot;Motown Sound&quot; formula; hard rock guitars, synthesizer sound effects, multitracked drums, sampling, and stereo-shifting vocals give most of the album&#039;s songs a harder, less traditional feel than The Temptations&#039; previous work. Psychedelic Shack was the final album completed before the third incarnation of The Temptations (Dennis Edwards, Paul Williams, Eddie Kendricks, Melvin Franklin, and Otis Williams) broke apart. Like most Temptations albums from the group&#039;s &quot;psychedelic period&quot;, producer Norman Whitfield held full creative control over Psychedelic Shack. The only freedom afforded the Temptations themselves for this album was the occasional opportunity for Kendricks to arrange the vocal harmonies. The album cover, a collage\/illustration by Hermon Weems, places photographs of The Temptations in a depiction of a psychedelic shack: an establishment in urban neighborhoods where people could go to &quot;enhance their minds&quot; through art, music, and mind-altering drugs. Not much else can be said, except that this is an absolutely outstanding album -one which has stood the test of time, sounding as fresh as it did upon its initial release.\" \/>\n<meta property=\"og:url\" content=\"https:\/\/wpguerssen-test.odoo.rgbconsulting.com\/es\/producto\/psychedelic-shack-limited-edition\/\" \/>\n<meta property=\"og:site_name\" content=\"Guerssen records\" \/>\n<meta property=\"article:modified_time\" content=\"2025-03-28T11:38:23+00:00\" \/>\n<meta property=\"og:image\" content=\"https:\/\/wpguerssen-test.odoo.rgbconsulting.com\/wp-content\/uploads\/2024\/02\/46959.jpg\" \/>\n\t<meta property=\"og:image:width\" content=\"381\" \/>\n\t<meta property=\"og:image:height\" content=\"492\" \/>\n\t<meta property=\"og:image:type\" content=\"image\/jpeg\" \/>\n<meta name=\"twitter:card\" content=\"summary_large_image\" \/>\n<meta name=\"twitter:title\" content=\"TEMPTATIONS, The - Psychedelic shack (Limited Edition) -  (LP) | Guerssen\" \/>\n<meta name=\"twitter:label1\" content=\"Tiempo de lectura\" \/>\n\t<meta name=\"twitter:data1\" content=\"1 minuto\" \/>\n<script type=\"application\/ld+json\" class=\"yoast-schema-graph\">{\"@context\":\"https:\/\/schema.org\",\"@graph\":[{\"@type\":\"WebPage\",\"@id\":\"https:\/\/wpguerssen-test.odoo.rgbconsulting.com\/es\/producto\/psychedelic-shack-limited-edition\/\",\"url\":\"https:\/\/wpguerssen-test.odoo.rgbconsulting.com\/es\/producto\/psychedelic-shack-limited-edition\/\",\"name\":\"TEMPTATIONS, The - Psychedelic shack (Limited Edition) - (LP) | Guerssen\",\"isPartOf\":{\"@id\":\"https:\/\/wpguerssen-test.odoo.rgbconsulting.com\/es\/#website\"},\"primaryImageOfPage\":{\"@id\":\"https:\/\/wpguerssen-test.odoo.rgbconsulting.com\/es\/producto\/psychedelic-shack-limited-edition\/#primaryimage\"},\"image\":{\"@id\":\"https:\/\/wpguerssen-test.odoo.rgbconsulting.com\/es\/producto\/psychedelic-shack-limited-edition\/#primaryimage\"},\"thumbnailUrl\":\"https:\/\/wpguerssen-test.odoo.rgbconsulting.com\/wp-content\/uploads\/2024\/02\/46959.jpg\",\"datePublished\":\"2025-01-20T23:00:00+00:00\",\"dateModified\":\"2025-03-28T11:38:23+00:00\",\"description\":\"Psychedelic Shack (1970) by The Temptations is the album which represents the bands' full-blown submergence into psychedelia. Completely written by Norman Whitfield and Barrett Strong and produced by Whitfield, Psychedelic Shack almost completely abandoned the \\\"Motown Sound\\\" formula; hard rock guitars, synthesizer sound effects, multitracked drums, sampling, and stereo-shifting vocals give most of the album's songs a harder, less traditional feel than The Temptations' previous work. Psychedelic Shack was the final album completed before the third incarnation of The Temptations (Dennis Edwards, Paul Williams, Eddie Kendricks, Melvin Franklin, and Otis Williams) broke apart. Like most Temptations albums from the group's \\\"psychedelic period\\\", producer Norman Whitfield held full creative control over Psychedelic Shack. The only freedom afforded the Temptations themselves for this album was the occasional opportunity for Kendricks to arrange the vocal harmonies. The album cover, a collage\/illustration by Hermon Weems, places photographs of The Temptations in a depiction of a psychedelic shack: an establishment in urban neighborhoods where people could go to \\\"enhance their minds\\\" through art, music, and mind-altering drugs. Not much else can be said, except that this is an absolutely outstanding album -one which has stood the test of time, sounding as fresh as it did upon its initial release.\",\"breadcrumb\":{\"@id\":\"https:\/\/wpguerssen-test.odoo.rgbconsulting.com\/es\/producto\/psychedelic-shack-limited-edition\/#breadcrumb\"},\"inLanguage\":\"es\",\"potentialAction\":[{\"@type\":\"ReadAction\",\"target\":[\"https:\/\/wpguerssen-test.odoo.rgbconsulting.com\/es\/producto\/psychedelic-shack-limited-edition\/\"]}]},{\"@type\":\"ImageObject\",\"inLanguage\":\"es\",\"@id\":\"https:\/\/wpguerssen-test.odoo.rgbconsulting.com\/es\/producto\/psychedelic-shack-limited-edition\/#primaryimage\",\"url\":\"https:\/\/wpguerssen-test.odoo.rgbconsulting.com\/wp-content\/uploads\/2024\/02\/46959.jpg\",\"contentUrl\":\"https:\/\/wpguerssen-test.odoo.rgbconsulting.com\/wp-content\/uploads\/2024\/02\/46959.jpg\",\"width\":381,\"height\":492,\"caption\":\"The - Psychedelic shack (Limited Edition) - ELEMENTAL MUSIC (LP) | Guerssen\"},{\"@type\":\"BreadcrumbList\",\"@id\":\"https:\/\/wpguerssen-test.odoo.rgbconsulting.com\/es\/producto\/psychedelic-shack-limited-edition\/#breadcrumb\",\"itemListElement\":[{\"@type\":\"ListItem\",\"position\":1,\"name\":\"Inicio\",\"item\":\"https:\/\/wpguerssen-test.odoo.rgbconsulting.com\/es\/\"},{\"@type\":\"ListItem\",\"position\":2,\"name\":\"Shop\",\"item\":\"https:\/\/wpguerssen-test.odoo.rgbconsulting.com\/shop\/\"},{\"@type\":\"ListItem\",\"position\":3,\"name\":\"Psychedelic shack (Limited Edition)\"}]},{\"@type\":\"WebSite\",\"@id\":\"https:\/\/wpguerssen-test.odoo.rgbconsulting.com\/es\/#website\",\"url\":\"https:\/\/wpguerssen-test.odoo.rgbconsulting.com\/es\/\",\"name\":\"Guerssen records\",\"description\":\"psychedelia - progressive - folk - garage \",\"publisher\":{\"@id\":\"https:\/\/wpguerssen-test.odoo.rgbconsulting.com\/es\/#organization\"},\"potentialAction\":[{\"@type\":\"SearchAction\",\"target\":{\"@type\":\"EntryPoint\",\"urlTemplate\":\"https:\/\/wpguerssen-test.odoo.rgbconsulting.com\/es\/?s={search_term_string}\"},\"query-input\":{\"@type\":\"PropertyValueSpecification\",\"valueRequired\":true,\"valueName\":\"search_term_string\"}}],\"inLanguage\":\"es\"},{\"@type\":\"Organization\",\"@id\":\"https:\/\/wpguerssen-test.odoo.rgbconsulting.com\/es\/#organization\",\"name\":\"Guerssen records\",\"url\":\"https:\/\/wpguerssen-test.odoo.rgbconsulting.com\/es\/\",\"logo\":{\"@type\":\"ImageObject\",\"inLanguage\":\"es\",\"@id\":\"https:\/\/wpguerssen-test.odoo.rgbconsulting.com\/es\/#\/schema\/logo\/image\/\",\"url\":\"https:\/\/wpguerssen-test.odoo.rgbconsulting.com\/wp-content\/uploads\/2022\/04\/Logo_Guerssen_trans_100.png\",\"contentUrl\":\"https:\/\/wpguerssen-test.odoo.rgbconsulting.com\/wp-content\/uploads\/2022\/04\/Logo_Guerssen_trans_100.png\",\"width\":122,\"height\":100,\"caption\":\"Guerssen records\"},\"image\":{\"@id\":\"https:\/\/wpguerssen-test.odoo.rgbconsulting.com\/es\/#\/schema\/logo\/image\/\"}}]}<\/script>\n<!-- \/ Yoast SEO plugin. -->","yoast_head_json":{"title":"TEMPTATIONS, The - Psychedelic shack (Limited Edition) -  (LP) | Guerssen","description":"Psychedelic Shack (1970) by The Temptations is the album which represents the bands' full-blown submergence into psychedelia. Completely written by Norman Whitfield and Barrett Strong and produced by Whitfield, Psychedelic Shack almost completely abandoned the \"Motown Sound\" formula; hard rock guitars, synthesizer sound effects, multitracked drums, sampling, and stereo-shifting vocals give most of the album's songs a harder, less traditional feel than The Temptations' previous work. Psychedelic Shack was the final album completed before the third incarnation of The Temptations (Dennis Edwards, Paul Williams, Eddie Kendricks, Melvin Franklin, and Otis Williams) broke apart. Like most Temptations albums from the group's \"psychedelic period\", producer Norman Whitfield held full creative control over Psychedelic Shack. The only freedom afforded the Temptations themselves for this album was the occasional opportunity for Kendricks to arrange the vocal harmonies. The album cover, a collage\/illustration by Hermon Weems, places photographs of The Temptations in a depiction of a psychedelic shack: an establishment in urban neighborhoods where people could go to \"enhance their minds\" through art, music, and mind-altering drugs. Not much else can be said, except that this is an absolutely outstanding album -one which has stood the test of time, sounding as fresh as it did upon its initial release.","robots":{"index":"index","follow":"follow","max-snippet":"max-snippet:-1","max-image-preview":"max-image-preview:large","max-video-preview":"max-video-preview:-1"},"canonical":"https:\/\/wpguerssen-test.odoo.rgbconsulting.com\/es\/producto\/psychedelic-shack-limited-edition\/","og_locale":"es_ES","og_type":"article","og_title":"TEMPTATIONS, The - Psychedelic shack (Limited Edition) -  (LP) | Guerssen","og_description":"Psychedelic Shack (1970) by The Temptations is the album which represents the bands' full-blown submergence into psychedelia. Completely written by Norman Whitfield and Barrett Strong and produced by Whitfield, Psychedelic Shack almost completely abandoned the \"Motown Sound\" formula; hard rock guitars, synthesizer sound effects, multitracked drums, sampling, and stereo-shifting vocals give most of the album's songs a harder, less traditional feel than The Temptations' previous work. Psychedelic Shack was the final album completed before the third incarnation of The Temptations (Dennis Edwards, Paul Williams, Eddie Kendricks, Melvin Franklin, and Otis Williams) broke apart. Like most Temptations albums from the group's \"psychedelic period\", producer Norman Whitfield held full creative control over Psychedelic Shack. The only freedom afforded the Temptations themselves for this album was the occasional opportunity for Kendricks to arrange the vocal harmonies. The album cover, a collage\/illustration by Hermon Weems, places photographs of The Temptations in a depiction of a psychedelic shack: an establishment in urban neighborhoods where people could go to \"enhance their minds\" through art, music, and mind-altering drugs. Not much else can be said, except that this is an absolutely outstanding album -one which has stood the test of time, sounding as fresh as it did upon its initial release.","og_url":"https:\/\/wpguerssen-test.odoo.rgbconsulting.com\/es\/producto\/psychedelic-shack-limited-edition\/","og_site_name":"Guerssen records","article_modified_time":"2025-03-28T11:38:23+00:00","og_image":[{"width":381,"height":492,"url":"https:\/\/wpguerssen-test.odoo.rgbconsulting.com\/wp-content\/uploads\/2024\/02\/46959.jpg","type":"image\/jpeg"}],"twitter_card":"summary_large_image","twitter_title":"TEMPTATIONS, The - Psychedelic shack (Limited Edition) -  (LP) | Guerssen","twitter_misc":{"Tiempo de lectura":"1 minuto"},"schema":{"@context":"https:\/\/schema.org","@graph":[{"@type":"WebPage","@id":"https:\/\/wpguerssen-test.odoo.rgbconsulting.com\/es\/producto\/psychedelic-shack-limited-edition\/","url":"https:\/\/wpguerssen-test.odoo.rgbconsulting.com\/es\/producto\/psychedelic-shack-limited-edition\/","name":"TEMPTATIONS, The - Psychedelic shack (Limited Edition) - (LP) | Guerssen","isPartOf":{"@id":"https:\/\/wpguerssen-test.odoo.rgbconsulting.com\/es\/#website"},"primaryImageOfPage":{"@id":"https:\/\/wpguerssen-test.odoo.rgbconsulting.com\/es\/producto\/psychedelic-shack-limited-edition\/#primaryimage"},"image":{"@id":"https:\/\/wpguerssen-test.odoo.rgbconsulting.com\/es\/producto\/psychedelic-shack-limited-edition\/#primaryimage"},"thumbnailUrl":"https:\/\/wpguerssen-test.odoo.rgbconsulting.com\/wp-content\/uploads\/2024\/02\/46959.jpg","datePublished":"2025-01-20T23:00:00+00:00","dateModified":"2025-03-28T11:38:23+00:00","description":"Psychedelic Shack (1970) by The Temptations is the album which represents the bands' full-blown submergence into psychedelia. Completely written by Norman Whitfield and Barrett Strong and produced by Whitfield, Psychedelic Shack almost completely abandoned the \"Motown Sound\" formula; hard rock guitars, synthesizer sound effects, multitracked drums, sampling, and stereo-shifting vocals give most of the album's songs a harder, less traditional feel than The Temptations' previous work. Psychedelic Shack was the final album completed before the third incarnation of The Temptations (Dennis Edwards, Paul Williams, Eddie Kendricks, Melvin Franklin, and Otis Williams) broke apart. Like most Temptations albums from the group's \"psychedelic period\", producer Norman Whitfield held full creative control over Psychedelic Shack. The only freedom afforded the Temptations themselves for this album was the occasional opportunity for Kendricks to arrange the vocal harmonies. The album cover, a collage\/illustration by Hermon Weems, places photographs of The Temptations in a depiction of a psychedelic shack: an establishment in urban neighborhoods where people could go to \"enhance their minds\" through art, music, and mind-altering drugs. Not much else can be said, except that this is an absolutely outstanding album -one which has stood the test of time, sounding as fresh as it did upon its initial release.","breadcrumb":{"@id":"https:\/\/wpguerssen-test.odoo.rgbconsulting.com\/es\/producto\/psychedelic-shack-limited-edition\/#breadcrumb"},"inLanguage":"es","potentialAction":[{"@type":"ReadAction","target":["https:\/\/wpguerssen-test.odoo.rgbconsulting.com\/es\/producto\/psychedelic-shack-limited-edition\/"]}]},{"@type":"ImageObject","inLanguage":"es","@id":"https:\/\/wpguerssen-test.odoo.rgbconsulting.com\/es\/producto\/psychedelic-shack-limited-edition\/#primaryimage","url":"https:\/\/wpguerssen-test.odoo.rgbconsulting.com\/wp-content\/uploads\/2024\/02\/46959.jpg","contentUrl":"https:\/\/wpguerssen-test.odoo.rgbconsulting.com\/wp-content\/uploads\/2024\/02\/46959.jpg","width":381,"height":492,"caption":"The - Psychedelic shack (Limited Edition) - ELEMENTAL MUSIC (LP) | Guerssen"},{"@type":"BreadcrumbList","@id":"https:\/\/wpguerssen-test.odoo.rgbconsulting.com\/es\/producto\/psychedelic-shack-limited-edition\/#breadcrumb","itemListElement":[{"@type":"ListItem","position":1,"name":"Inicio","item":"https:\/\/wpguerssen-test.odoo.rgbconsulting.com\/es\/"},{"@type":"ListItem","position":2,"name":"Shop","item":"https:\/\/wpguerssen-test.odoo.rgbconsulting.com\/shop\/"},{"@type":"ListItem","position":3,"name":"Psychedelic shack (Limited Edition)"}]},{"@type":"WebSite","@id":"https:\/\/wpguerssen-test.odoo.rgbconsulting.com\/es\/#website","url":"https:\/\/wpguerssen-test.odoo.rgbconsulting.com\/es\/","name":"Guerssen records","description":"psychedelia - progressive - folk - garage ","publisher":{"@id":"https:\/\/wpguerssen-test.odoo.rgbconsulting.com\/es\/#organization"},"potentialAction":[{"@type":"SearchAction","target":{"@type":"EntryPoint","urlTemplate":"https:\/\/wpguerssen-test.odoo.rgbconsulting.com\/es\/?s={search_term_string}"},"query-input":{"@type":"PropertyValueSpecification","valueRequired":true,"valueName":"search_term_string"}}],"inLanguage":"es"},{"@type":"Organization","@id":"https:\/\/wpguerssen-test.odoo.rgbconsulting.com\/es\/#organization","name":"Guerssen records","url":"https:\/\/wpguerssen-test.odoo.rgbconsulting.com\/es\/","logo":{"@type":"ImageObject","inLanguage":"es","@id":"https:\/\/wpguerssen-test.odoo.rgbconsulting.com\/es\/#\/schema\/logo\/image\/","url":"https:\/\/wpguerssen-test.odoo.rgbconsulting.com\/wp-content\/uploads\/2022\/04\/Logo_Guerssen_trans_100.png","contentUrl":"https:\/\/wpguerssen-test.odoo.rgbconsulting.com\/wp-content\/uploads\/2022\/04\/Logo_Guerssen_trans_100.png","width":122,"height":100,"caption":"Guerssen records"},"image":{"@id":"https:\/\/wpguerssen-test.odoo.rgbconsulting.com\/es\/#\/schema\/logo\/image\/"}}]}},"_links":{"self":[{"href":"https:\/\/wpguerssen-test.odoo.rgbconsulting.com\/es\/wp-json\/wp\/v2\/product\/257640","targetHints":{"allow":["GET"]}}],"collection":[{"href":"https:\/\/wpguerssen-test.odoo.rgbconsulting.com\/es\/wp-json\/wp\/v2\/product"}],"about":[{"href":"https:\/\/wpguerssen-test.odoo.rgbconsulting.com\/es\/wp-json\/wp\/v2\/types\/product"}],"wp:featuredmedia":[{"embeddable":true,"href":"https:\/\/wpguerssen-test.odoo.rgbconsulting.com\/es\/wp-json\/wp\/v2\/media\/257586"}],"wp:attachment":[{"href":"https:\/\/wpguerssen-test.odoo.rgbconsulting.com\/es\/wp-json\/wp\/v2\/media?parent=257640"}],"wp:term":[{"taxonomy":"product_brand","embeddable":true,"href":"https:\/\/wpguerssen-test.odoo.rgbconsulting.com\/es\/wp-json\/wp\/v2\/product_brand?post=257640"},{"taxonomy":"product_cat","embeddable":true,"href":"https:\/\/wpguerssen-test.odoo.rgbconsulting.com\/es\/wp-json\/wp\/v2\/product_cat?post=257640"},{"taxonomy":"product_tag","embeddable":true,"href":"https:\/\/wpguerssen-test.odoo.rgbconsulting.com\/es\/wp-json\/wp\/v2\/product_tag?post=257640"}],"curies":[{"name":"wp","href":"https:\/\/api.w.org\/{rel}","templated":true}]}}