{"id":258078,"date":"2024-02-21T00:00:00","date_gmt":"2024-02-20T23:00:00","guid":{"rendered":"https:\/\/wpguerssen-test.odoo.rgbconsulting.com\/product\/quintaesencia-underground\/"},"modified":"2024-07-01T19:27:26","modified_gmt":"2024-07-01T17:27:26","slug":"quintaesencia-underground","status":"publish","type":"product","link":"https:\/\/wpguerssen-test.odoo.rgbconsulting.com\/es\/producto\/quintaesencia-underground\/","title":{"rendered":"Quintaesencia Underground"},"content":{"rendered":"<p>Tras m\u00e1s de cinco d\u00e9cadas desde su disoluci\u00f3n, M\u00e0quina! sigue siendo aquel grupo de culto que ha quedado como una referencia en la historia del rock underground de nuestro pa\u00eds. Esta historia se desarroll\u00f3 durante una \u00e9poca compleja, en una lucha para sacar adelante un proyecto musical ambicioso, singular y al margen de concesiones, en cada una de sus diferentes etapas. M\u00e0quina! resulta un caso \u00fanico, heroico, de un enorme m\u00e9rito en una \u00e9poca musicalmente convulsa pero de gran creatividad en la que simboliz\u00f3 una nueva manera de hacer y vivir la m\u00fasica.<br \/>A pesar de todas las dificultades, M\u00e0quina! se convirti\u00f3 en un reducto de creatividad y talento. A lo largo de su trayectoria, pasaron muchos m\u00fasicos por el grupo y todos ellos acabaron siendo reconocidos profesionales de la m\u00fasica.<br \/>Mientras la mayor\u00eda de conjuntos en Espa\u00f1a apostaban por la m\u00fasica comercial, este grupo introdujo la improvisaci\u00f3n en la m\u00fasica pop, algo inusual en este pa\u00eds y m\u00e1s propio del jazz, un g\u00e9nero con poca tradici\u00f3n aqu\u00ed por aquel entonces.<br \/>Un libro que explica fielmente la historia de M\u00e0quina!, un grupo que simplemente quer\u00eda dar salida a sus ideas musicales, a sus ansias juveniles de hacer algo distinto, innovador y personal y, por supuesto, divertirse.<br \/>CONTENIDO:<br \/>Pr\u00f3logo, por Enric Herrera<br \/>1. Los hermanos Batiste y Els Tres Tambors<br \/>2. Enric Herrera, Descendientes de Walder, Zenk<br \/>3. El Grup de Folk<br \/>4. La Companyia SL<br \/>5. M\u00e0quina!<br \/>6. Lets get Smashed<br \/>7. M\u00e0quina! En ruta<br \/>8. Tapi y ?Earth?s daughter?<br \/>9. Josep Maria Par\u00eds<br \/>10. Why?.<br \/>11. El adi\u00f3s de Jordi Batiste.<br \/>12. La M\u00e0quina! de Josep Maria Par\u00eds<br \/>13. Las dos M\u00e0quina!<br \/>14. Crac<br \/>15. La nueva M\u00e0quina! de Enric Herrera<br \/>16. M\u00e0quina! en el Palau de la M\u00fasica Catalana<br \/>17. ?Take it easy?<br \/>18. M\u00e0quina! en directo<br \/>19. Di\u00e1bolo<br \/>Ep\u00edlogo, por Jordi Batiste<br \/>Formaciones de M\u00e0quina! y discograf\u00eda<br \/>Relaci\u00f3n de art\u00edculos de prensa que aparecen a lo largo del libro<br \/>Bibliograf\u00eda<br \/>Testimonios orales<br \/>Agradecimientos<br \/>\u00cdndice onom\u00e1stico<\/p>\n","protected":false},"excerpt":{"rendered":"<p>Tras m\u00e1s de cinco d\u00e9cadas desde su disoluci\u00f3n, M\u00e0quina! sigue siendo aquel grupo de culto que ha quedado como una referencia en la historia del rock underground<a class=\"read\" href=\"https:\/\/wpguerssen-test.odoo.rgbconsulting.com\/es\/producto\/quintaesencia-underground\/\"> (...)<\/a>","protected":false},"featured_media":258076,"template":"","meta":{"_acf_changed":false},"product_brand":[],"product_cat":[21639,23215],"product_tag":[],"class_list":{"0":"post-258078","1":"product","2":"type-product","3":"status-publish","4":"has-post-thumbnail","6":"product_cat-psychedelic60s-70s-es","7":"product_cat-progressive60s-70s-es","8":"pa_artist-maquina-es","9":"pa_format-libros-es","10":"pa_gender-psychedelic60s-70s-progressive60s-70s","11":"pa_label-milenio","12":"pa_location-spain-es","14":"first","15":"instock","16":"taxable","17":"shipping-taxable","18":"purchasable","19":"product-type-simple"},"acf":[],"yoast_head":"<!-- This site is optimized with the Yoast SEO plugin v24.9 - https:\/\/yoast.com\/wordpress\/plugins\/seo\/ -->\n<title>MAQUINA! - Quintaesencia Underground -  (LIBROS) | Guerssen<\/title>\n<meta name=\"description\" content=\"Spanish languaged book about Catalan 70&#039;s legends M\u00e0quina!\" \/>\n<meta name=\"robots\" content=\"index, follow, max-snippet:-1, max-image-preview:large, max-video-preview:-1\" \/>\n<link rel=\"canonical\" href=\"https:\/\/wpguerssen-test.odoo.rgbconsulting.com\/es\/producto\/quintaesencia-underground\/\" \/>\n<meta property=\"og:locale\" content=\"es_ES\" \/>\n<meta property=\"og:type\" content=\"article\" \/>\n<meta property=\"og:title\" content=\"MAQUINA! - Quintaesencia Underground -  (LIBROS) | Guerssen\" \/>\n<meta property=\"og:description\" content=\"Spanish languaged book about Catalan 70&#039;s legends M\u00e0quina!\" \/>\n<meta property=\"og:url\" content=\"https:\/\/wpguerssen-test.odoo.rgbconsulting.com\/es\/producto\/quintaesencia-underground\/\" \/>\n<meta property=\"og:site_name\" content=\"Guerssen records\" \/>\n<meta property=\"article:modified_time\" content=\"2024-07-01T17:27:26+00:00\" \/>\n<meta property=\"og:image\" content=\"https:\/\/wpguerssen-test.odoo.rgbconsulting.com\/wp-content\/uploads\/2024\/02\/46973.jpg\" \/>\n\t<meta property=\"og:image:width\" content=\"500\" \/>\n\t<meta property=\"og:image:height\" content=\"703\" \/>\n\t<meta property=\"og:image:type\" content=\"image\/jpeg\" \/>\n<meta name=\"twitter:card\" content=\"summary_large_image\" \/>\n<meta name=\"twitter:title\" content=\"MAQUINA! - Quintaesencia Underground -  (LIBROS) | Guerssen\" \/>\n<meta name=\"twitter:label1\" content=\"Tiempo de lectura\" \/>\n\t<meta name=\"twitter:data1\" content=\"2 minutos\" \/>\n<script type=\"application\/ld+json\" class=\"yoast-schema-graph\">{\"@context\":\"https:\/\/schema.org\",\"@graph\":[{\"@type\":\"WebPage\",\"@id\":\"https:\/\/wpguerssen-test.odoo.rgbconsulting.com\/es\/producto\/quintaesencia-underground\/\",\"url\":\"https:\/\/wpguerssen-test.odoo.rgbconsulting.com\/es\/producto\/quintaesencia-underground\/\",\"name\":\"MAQUINA! - Quintaesencia Underground - (LIBROS) | Guerssen\",\"isPartOf\":{\"@id\":\"https:\/\/wpguerssen-test.odoo.rgbconsulting.com\/es\/#website\"},\"primaryImageOfPage\":{\"@id\":\"https:\/\/wpguerssen-test.odoo.rgbconsulting.com\/es\/producto\/quintaesencia-underground\/#primaryimage\"},\"image\":{\"@id\":\"https:\/\/wpguerssen-test.odoo.rgbconsulting.com\/es\/producto\/quintaesencia-underground\/#primaryimage\"},\"thumbnailUrl\":\"https:\/\/wpguerssen-test.odoo.rgbconsulting.com\/wp-content\/uploads\/2024\/02\/46973.jpg\",\"datePublished\":\"2024-02-20T23:00:00+00:00\",\"dateModified\":\"2024-07-01T17:27:26+00:00\",\"description\":\"Spanish languaged book about Catalan 70's legends M\u00e0quina!\",\"breadcrumb\":{\"@id\":\"https:\/\/wpguerssen-test.odoo.rgbconsulting.com\/es\/producto\/quintaesencia-underground\/#breadcrumb\"},\"inLanguage\":\"es\",\"potentialAction\":[{\"@type\":\"ReadAction\",\"target\":[\"https:\/\/wpguerssen-test.odoo.rgbconsulting.com\/es\/producto\/quintaesencia-underground\/\"]}]},{\"@type\":\"ImageObject\",\"inLanguage\":\"es\",\"@id\":\"https:\/\/wpguerssen-test.odoo.rgbconsulting.com\/es\/producto\/quintaesencia-underground\/#primaryimage\",\"url\":\"https:\/\/wpguerssen-test.odoo.rgbconsulting.com\/wp-content\/uploads\/2024\/02\/46973.jpg\",\"contentUrl\":\"https:\/\/wpguerssen-test.odoo.rgbconsulting.com\/wp-content\/uploads\/2024\/02\/46973.jpg\",\"width\":500,\"height\":703},{\"@type\":\"BreadcrumbList\",\"@id\":\"https:\/\/wpguerssen-test.odoo.rgbconsulting.com\/es\/producto\/quintaesencia-underground\/#breadcrumb\",\"itemListElement\":[{\"@type\":\"ListItem\",\"position\":1,\"name\":\"Inicio\",\"item\":\"https:\/\/wpguerssen-test.odoo.rgbconsulting.com\/es\/\"},{\"@type\":\"ListItem\",\"position\":2,\"name\":\"Shop\",\"item\":\"https:\/\/wpguerssen-test.odoo.rgbconsulting.com\/shop\/\"},{\"@type\":\"ListItem\",\"position\":3,\"name\":\"Quintaesencia Underground\"}]},{\"@type\":\"WebSite\",\"@id\":\"https:\/\/wpguerssen-test.odoo.rgbconsulting.com\/es\/#website\",\"url\":\"https:\/\/wpguerssen-test.odoo.rgbconsulting.com\/es\/\",\"name\":\"Guerssen records\",\"description\":\"psychedelia - progressive - folk - garage \",\"publisher\":{\"@id\":\"https:\/\/wpguerssen-test.odoo.rgbconsulting.com\/es\/#organization\"},\"potentialAction\":[{\"@type\":\"SearchAction\",\"target\":{\"@type\":\"EntryPoint\",\"urlTemplate\":\"https:\/\/wpguerssen-test.odoo.rgbconsulting.com\/es\/?s={search_term_string}\"},\"query-input\":{\"@type\":\"PropertyValueSpecification\",\"valueRequired\":true,\"valueName\":\"search_term_string\"}}],\"inLanguage\":\"es\"},{\"@type\":\"Organization\",\"@id\":\"https:\/\/wpguerssen-test.odoo.rgbconsulting.com\/es\/#organization\",\"name\":\"Guerssen records\",\"url\":\"https:\/\/wpguerssen-test.odoo.rgbconsulting.com\/es\/\",\"logo\":{\"@type\":\"ImageObject\",\"inLanguage\":\"es\",\"@id\":\"https:\/\/wpguerssen-test.odoo.rgbconsulting.com\/es\/#\/schema\/logo\/image\/\",\"url\":\"https:\/\/wpguerssen-test.odoo.rgbconsulting.com\/wp-content\/uploads\/2022\/04\/Logo_Guerssen_trans_100.png\",\"contentUrl\":\"https:\/\/wpguerssen-test.odoo.rgbconsulting.com\/wp-content\/uploads\/2022\/04\/Logo_Guerssen_trans_100.png\",\"width\":122,\"height\":100,\"caption\":\"Guerssen records\"},\"image\":{\"@id\":\"https:\/\/wpguerssen-test.odoo.rgbconsulting.com\/es\/#\/schema\/logo\/image\/\"}}]}<\/script>\n<!-- \/ Yoast SEO plugin. -->","yoast_head_json":{"title":"MAQUINA! - Quintaesencia Underground -  (LIBROS) | Guerssen","description":"Spanish languaged book about Catalan 70's legends M\u00e0quina!","robots":{"index":"index","follow":"follow","max-snippet":"max-snippet:-1","max-image-preview":"max-image-preview:large","max-video-preview":"max-video-preview:-1"},"canonical":"https:\/\/wpguerssen-test.odoo.rgbconsulting.com\/es\/producto\/quintaesencia-underground\/","og_locale":"es_ES","og_type":"article","og_title":"MAQUINA! - Quintaesencia Underground -  (LIBROS) | Guerssen","og_description":"Spanish languaged book about Catalan 70's legends M\u00e0quina!","og_url":"https:\/\/wpguerssen-test.odoo.rgbconsulting.com\/es\/producto\/quintaesencia-underground\/","og_site_name":"Guerssen records","article_modified_time":"2024-07-01T17:27:26+00:00","og_image":[{"width":500,"height":703,"url":"https:\/\/wpguerssen-test.odoo.rgbconsulting.com\/wp-content\/uploads\/2024\/02\/46973.jpg","type":"image\/jpeg"}],"twitter_card":"summary_large_image","twitter_title":"MAQUINA! - Quintaesencia Underground -  (LIBROS) | Guerssen","twitter_misc":{"Tiempo de lectura":"2 minutos"},"schema":{"@context":"https:\/\/schema.org","@graph":[{"@type":"WebPage","@id":"https:\/\/wpguerssen-test.odoo.rgbconsulting.com\/es\/producto\/quintaesencia-underground\/","url":"https:\/\/wpguerssen-test.odoo.rgbconsulting.com\/es\/producto\/quintaesencia-underground\/","name":"MAQUINA! - Quintaesencia Underground - (LIBROS) | Guerssen","isPartOf":{"@id":"https:\/\/wpguerssen-test.odoo.rgbconsulting.com\/es\/#website"},"primaryImageOfPage":{"@id":"https:\/\/wpguerssen-test.odoo.rgbconsulting.com\/es\/producto\/quintaesencia-underground\/#primaryimage"},"image":{"@id":"https:\/\/wpguerssen-test.odoo.rgbconsulting.com\/es\/producto\/quintaesencia-underground\/#primaryimage"},"thumbnailUrl":"https:\/\/wpguerssen-test.odoo.rgbconsulting.com\/wp-content\/uploads\/2024\/02\/46973.jpg","datePublished":"2024-02-20T23:00:00+00:00","dateModified":"2024-07-01T17:27:26+00:00","description":"Spanish languaged book about Catalan 70's legends M\u00e0quina!","breadcrumb":{"@id":"https:\/\/wpguerssen-test.odoo.rgbconsulting.com\/es\/producto\/quintaesencia-underground\/#breadcrumb"},"inLanguage":"es","potentialAction":[{"@type":"ReadAction","target":["https:\/\/wpguerssen-test.odoo.rgbconsulting.com\/es\/producto\/quintaesencia-underground\/"]}]},{"@type":"ImageObject","inLanguage":"es","@id":"https:\/\/wpguerssen-test.odoo.rgbconsulting.com\/es\/producto\/quintaesencia-underground\/#primaryimage","url":"https:\/\/wpguerssen-test.odoo.rgbconsulting.com\/wp-content\/uploads\/2024\/02\/46973.jpg","contentUrl":"https:\/\/wpguerssen-test.odoo.rgbconsulting.com\/wp-content\/uploads\/2024\/02\/46973.jpg","width":500,"height":703},{"@type":"BreadcrumbList","@id":"https:\/\/wpguerssen-test.odoo.rgbconsulting.com\/es\/producto\/quintaesencia-underground\/#breadcrumb","itemListElement":[{"@type":"ListItem","position":1,"name":"Inicio","item":"https:\/\/wpguerssen-test.odoo.rgbconsulting.com\/es\/"},{"@type":"ListItem","position":2,"name":"Shop","item":"https:\/\/wpguerssen-test.odoo.rgbconsulting.com\/shop\/"},{"@type":"ListItem","position":3,"name":"Quintaesencia Underground"}]},{"@type":"WebSite","@id":"https:\/\/wpguerssen-test.odoo.rgbconsulting.com\/es\/#website","url":"https:\/\/wpguerssen-test.odoo.rgbconsulting.com\/es\/","name":"Guerssen records","description":"psychedelia - progressive - folk - garage ","publisher":{"@id":"https:\/\/wpguerssen-test.odoo.rgbconsulting.com\/es\/#organization"},"potentialAction":[{"@type":"SearchAction","target":{"@type":"EntryPoint","urlTemplate":"https:\/\/wpguerssen-test.odoo.rgbconsulting.com\/es\/?s={search_term_string}"},"query-input":{"@type":"PropertyValueSpecification","valueRequired":true,"valueName":"search_term_string"}}],"inLanguage":"es"},{"@type":"Organization","@id":"https:\/\/wpguerssen-test.odoo.rgbconsulting.com\/es\/#organization","name":"Guerssen records","url":"https:\/\/wpguerssen-test.odoo.rgbconsulting.com\/es\/","logo":{"@type":"ImageObject","inLanguage":"es","@id":"https:\/\/wpguerssen-test.odoo.rgbconsulting.com\/es\/#\/schema\/logo\/image\/","url":"https:\/\/wpguerssen-test.odoo.rgbconsulting.com\/wp-content\/uploads\/2022\/04\/Logo_Guerssen_trans_100.png","contentUrl":"https:\/\/wpguerssen-test.odoo.rgbconsulting.com\/wp-content\/uploads\/2022\/04\/Logo_Guerssen_trans_100.png","width":122,"height":100,"caption":"Guerssen records"},"image":{"@id":"https:\/\/wpguerssen-test.odoo.rgbconsulting.com\/es\/#\/schema\/logo\/image\/"}}]}},"_links":{"self":[{"href":"https:\/\/wpguerssen-test.odoo.rgbconsulting.com\/es\/wp-json\/wp\/v2\/product\/258078","targetHints":{"allow":["GET"]}}],"collection":[{"href":"https:\/\/wpguerssen-test.odoo.rgbconsulting.com\/es\/wp-json\/wp\/v2\/product"}],"about":[{"href":"https:\/\/wpguerssen-test.odoo.rgbconsulting.com\/es\/wp-json\/wp\/v2\/types\/product"}],"wp:featuredmedia":[{"embeddable":true,"href":"https:\/\/wpguerssen-test.odoo.rgbconsulting.com\/es\/wp-json\/wp\/v2\/media\/258076"}],"wp:attachment":[{"href":"https:\/\/wpguerssen-test.odoo.rgbconsulting.com\/es\/wp-json\/wp\/v2\/media?parent=258078"}],"wp:term":[{"taxonomy":"product_brand","embeddable":true,"href":"https:\/\/wpguerssen-test.odoo.rgbconsulting.com\/es\/wp-json\/wp\/v2\/product_brand?post=258078"},{"taxonomy":"product_cat","embeddable":true,"href":"https:\/\/wpguerssen-test.odoo.rgbconsulting.com\/es\/wp-json\/wp\/v2\/product_cat?post=258078"},{"taxonomy":"product_tag","embeddable":true,"href":"https:\/\/wpguerssen-test.odoo.rgbconsulting.com\/es\/wp-json\/wp\/v2\/product_tag?post=258078"}],"curies":[{"name":"wp","href":"https:\/\/api.w.org\/{rel}","templated":true}]}}