{"id":258982,"date":"2024-03-20T00:00:00","date_gmt":"2024-03-19T23:00:00","guid":{"rendered":"https:\/\/wpguerssen-test.odoo.rgbconsulting.com\/product\/the-soul-of-ali-ben-djamballa-clear-blue\/"},"modified":"2025-02-18T15:55:42","modified_gmt":"2025-02-18T14:55:42","slug":"the-soul-of-ali-ben-djamballa-clear-blue","status":"publish","type":"product","link":"https:\/\/wpguerssen-test.odoo.rgbconsulting.com\/es\/producto\/the-soul-of-ali-ben-djamballa-clear-blue\/","title":{"rendered":"The Soul Of \u00abAli\u00bb Ben Djamballa (Clear Blue)"},"content":{"rendered":"<p>Alberto Baldan Bembo (1938-2017), tambi\u00e9n conocido como \u00abAli\u00bb Ben Djamballa, Bedan, Blue Marvin o Shorty Baldan, fue un multiinstrumentista (vibrafonista, organista y pianista). Desde 1959 forma parte del grupo I Menestrelli del Jazz y en 1963 ingresa en el grupo de Bruno De Filippi. Apreciado como acompa\u00f1ante, fue durante varios a\u00f1os pianista y organista del grupo que acompa\u00f1aba a la cantante italiana Mina.<br \/>Tambi\u00e9n ha desarrollado gran parte de su carrera como compositor de bandas sonoras de pel\u00edculas y ha publicado varios \u00e1lbumes a trav\u00e9s de nuestro sello, entre los que Hay que recordar la banda sonora de \u00abCodice d&#8217;amore orientale\u00bb, editada por SAAR\/Joker en 1974, que pr\u00f3ximamente ser\u00e1 reeditada en vinilo en edici\u00f3n limitada por nuestro sello.<br \/>El alma de \u00abAli\u00bb Ben Djamballa (\u00e1lbum de Alberto Bald\u00e1n de 1974) es un LP muy buscado por coleccionistas de discos de todo el mundo. Tras la creaci\u00f3n del funk con sabor afro de este per\u00edodo, representado por Fela Kuti (Nigeria) y Osibisa (Ghana), el \u00e1lbum presenta ritmos de European Library Music, incluidos \u00abBlue Jeans\u00bb, \u00abBlack Coffee\u00bb, \u00abTake Six\u00bb y \u00abN\u00edger\u00bb. El disco contiene una serie de pausas s\u00f3lidas, material de muestreo notable y una buena dosis de ritmos raros y funky.<\/p>\n","protected":false},"excerpt":{"rendered":"<p>Alberto Baldan Bembo (1938-2017), tambi\u00e9n conocido como \u00abAli\u00bb Ben Djamballa, Bedan, Blue Marvin o Shorty Baldan, fue un multiinstrumentista (vibrafonista, organista<a class=\"read\" href=\"https:\/\/wpguerssen-test.odoo.rgbconsulting.com\/es\/producto\/the-soul-of-ali-ben-djamballa-clear-blue\/\"> (...)<\/a>","protected":false},"featured_media":260375,"template":"","meta":{"_acf_changed":false},"product_brand":[],"product_cat":[23258],"product_tag":[29140],"class_list":{"0":"post-258982","1":"product","2":"type-product","3":"status-publish","4":"has-post-thumbnail","6":"product_cat-afro-funk-afrobeat-es","7":"product_tag-color-vinyl-es","8":"pa_artist-baldan-bembo-alberto","9":"pa_format-lp-es","10":"pa_gender-afro-funk-afrobeat","11":"pa_label-saar","12":"pa_location-europe-es","13":"pa_other-filters-vinyl-only-es","15":"first","16":"instock","17":"taxable","18":"shipping-taxable","19":"purchasable","20":"product-type-simple"},"acf":[],"yoast_head":"<!-- This site is optimized with the Yoast SEO plugin v24.9 - https:\/\/yoast.com\/wordpress\/plugins\/seo\/ -->\n<title>BALDAN BEMBO, Alberto - The Soul Of &quot;Ali&quot; Ben Djamballa (Clear Blue) -  (LP) | Guerssen<\/title>\n<meta name=\"description\" content=\"Alberto Baldan Bembo (1938-2017), also known as &quot;Ali&quot; Ben Djamballa, Bedan, Blue Marvin or Shorty Baldan, was a multi-instrumentalist (vibraphonist, organist and pianist). Since 1959 he has been part of the group I Menestrelli del Jazz and in 1963 he joined Bruno De Filippi&#039;s group. Appreciated as a sideman, he was for several years pianist and organist in the group that accompanied the Italian singer Mina.He has also spent much of his career as a composer of film soundtracks and published several albums through our label, among which we must remember the soundtrack of &quot;Codice d&#039;amore orientale&quot;, released by SAAR\/Joker in 1974, which will soon be re-released on vinyl as a limited edition by our label.The Soul Of &quot;Ali&quot; Ben Djamballa (Alberto Baldan&#039;s 1974 album) is a highly sought after LP by record collectors around the world. Following the creation of the Afro-flavored funk of this period, represented by Fela Kuti (Nigeria) and Osibisa (Ghana), the album features European Library Music grooves, including &quot;Blue Jeans&quot;, &quot;Black Coffee&quot;, &quot;Take Six&quot; and &quot;Niger&quot;. The record contains a number of solid breaks, noteworthy sampling material and a good dose of rare and funky grooves.\" \/>\n<meta name=\"robots\" content=\"index, follow, max-snippet:-1, max-image-preview:large, max-video-preview:-1\" \/>\n<link rel=\"canonical\" href=\"https:\/\/wpguerssen-test.odoo.rgbconsulting.com\/es\/producto\/the-soul-of-ali-ben-djamballa-clear-blue\/\" \/>\n<meta property=\"og:locale\" content=\"es_ES\" \/>\n<meta property=\"og:type\" content=\"article\" \/>\n<meta property=\"og:title\" content=\"BALDAN BEMBO, Alberto - The Soul Of &quot;Ali&quot; Ben Djamballa (Clear Blue) -  (LP) | Guerssen\" \/>\n<meta property=\"og:description\" content=\"Alberto Baldan Bembo (1938-2017), also known as &quot;Ali&quot; Ben Djamballa, Bedan, Blue Marvin or Shorty Baldan, was a multi-instrumentalist (vibraphonist, organist and pianist). Since 1959 he has been part of the group I Menestrelli del Jazz and in 1963 he joined Bruno De Filippi&#039;s group. Appreciated as a sideman, he was for several years pianist and organist in the group that accompanied the Italian singer Mina.He has also spent much of his career as a composer of film soundtracks and published several albums through our label, among which we must remember the soundtrack of &quot;Codice d&#039;amore orientale&quot;, released by SAAR\/Joker in 1974, which will soon be re-released on vinyl as a limited edition by our label.The Soul Of &quot;Ali&quot; Ben Djamballa (Alberto Baldan&#039;s 1974 album) is a highly sought after LP by record collectors around the world. Following the creation of the Afro-flavored funk of this period, represented by Fela Kuti (Nigeria) and Osibisa (Ghana), the album features European Library Music grooves, including &quot;Blue Jeans&quot;, &quot;Black Coffee&quot;, &quot;Take Six&quot; and &quot;Niger&quot;. The record contains a number of solid breaks, noteworthy sampling material and a good dose of rare and funky grooves.\" \/>\n<meta property=\"og:url\" content=\"https:\/\/wpguerssen-test.odoo.rgbconsulting.com\/es\/producto\/the-soul-of-ali-ben-djamballa-clear-blue\/\" \/>\n<meta property=\"og:site_name\" content=\"Guerssen records\" \/>\n<meta property=\"article:modified_time\" content=\"2025-02-18T14:55:42+00:00\" \/>\n<meta property=\"og:image\" content=\"https:\/\/wpguerssen-test.odoo.rgbconsulting.com\/wp-content\/uploads\/2024\/02\/46991.jpg\" \/>\n\t<meta property=\"og:image:width\" content=\"550\" \/>\n\t<meta property=\"og:image:height\" content=\"550\" \/>\n\t<meta property=\"og:image:type\" content=\"image\/jpeg\" \/>\n<meta name=\"twitter:card\" content=\"summary_large_image\" \/>\n<meta name=\"twitter:title\" content=\"BALDAN BEMBO, Alberto - The Soul Of &quot;Ali&quot; Ben Djamballa (Clear Blue) -  (LP) | Guerssen\" \/>\n<meta name=\"twitter:label1\" content=\"Tiempo de lectura\" \/>\n\t<meta name=\"twitter:data1\" content=\"1 minuto\" \/>\n<script type=\"application\/ld+json\" class=\"yoast-schema-graph\">{\"@context\":\"https:\/\/schema.org\",\"@graph\":[{\"@type\":\"WebPage\",\"@id\":\"https:\/\/wpguerssen-test.odoo.rgbconsulting.com\/es\/producto\/the-soul-of-ali-ben-djamballa-clear-blue\/\",\"url\":\"https:\/\/wpguerssen-test.odoo.rgbconsulting.com\/es\/producto\/the-soul-of-ali-ben-djamballa-clear-blue\/\",\"name\":\"BALDAN BEMBO, Alberto - The Soul Of \\\"Ali\\\" Ben Djamballa (Clear Blue) - (LP) | Guerssen\",\"isPartOf\":{\"@id\":\"https:\/\/wpguerssen-test.odoo.rgbconsulting.com\/es\/#website\"},\"primaryImageOfPage\":{\"@id\":\"https:\/\/wpguerssen-test.odoo.rgbconsulting.com\/es\/producto\/the-soul-of-ali-ben-djamballa-clear-blue\/#primaryimage\"},\"image\":{\"@id\":\"https:\/\/wpguerssen-test.odoo.rgbconsulting.com\/es\/producto\/the-soul-of-ali-ben-djamballa-clear-blue\/#primaryimage\"},\"thumbnailUrl\":\"https:\/\/wpguerssen-test.odoo.rgbconsulting.com\/wp-content\/uploads\/2024\/02\/46991.jpg\",\"datePublished\":\"2024-03-19T23:00:00+00:00\",\"dateModified\":\"2025-02-18T14:55:42+00:00\",\"description\":\"Alberto Baldan Bembo (1938-2017), also known as \\\"Ali\\\" Ben Djamballa, Bedan, Blue Marvin or Shorty Baldan, was a multi-instrumentalist (vibraphonist, organist and pianist). Since 1959 he has been part of the group I Menestrelli del Jazz and in 1963 he joined Bruno De Filippi's group. Appreciated as a sideman, he was for several years pianist and organist in the group that accompanied the Italian singer Mina.He has also spent much of his career as a composer of film soundtracks and published several albums through our label, among which we must remember the soundtrack of \\\"Codice d'amore orientale\\\", released by SAAR\/Joker in 1974, which will soon be re-released on vinyl as a limited edition by our label.The Soul Of \\\"Ali\\\" Ben Djamballa (Alberto Baldan's 1974 album) is a highly sought after LP by record collectors around the world. Following the creation of the Afro-flavored funk of this period, represented by Fela Kuti (Nigeria) and Osibisa (Ghana), the album features European Library Music grooves, including \\\"Blue Jeans\\\", \\\"Black Coffee\\\", \\\"Take Six\\\" and \\\"Niger\\\". The record contains a number of solid breaks, noteworthy sampling material and a good dose of rare and funky grooves.\",\"breadcrumb\":{\"@id\":\"https:\/\/wpguerssen-test.odoo.rgbconsulting.com\/es\/producto\/the-soul-of-ali-ben-djamballa-clear-blue\/#breadcrumb\"},\"inLanguage\":\"es\",\"potentialAction\":[{\"@type\":\"ReadAction\",\"target\":[\"https:\/\/wpguerssen-test.odoo.rgbconsulting.com\/es\/producto\/the-soul-of-ali-ben-djamballa-clear-blue\/\"]}]},{\"@type\":\"ImageObject\",\"inLanguage\":\"es\",\"@id\":\"https:\/\/wpguerssen-test.odoo.rgbconsulting.com\/es\/producto\/the-soul-of-ali-ben-djamballa-clear-blue\/#primaryimage\",\"url\":\"https:\/\/wpguerssen-test.odoo.rgbconsulting.com\/wp-content\/uploads\/2024\/02\/46991.jpg\",\"contentUrl\":\"https:\/\/wpguerssen-test.odoo.rgbconsulting.com\/wp-content\/uploads\/2024\/02\/46991.jpg\",\"width\":550,\"height\":550,\"caption\":\"Alberto - The Soul Of \\\"Ali\\\" Ben Djamballa (Clear Blue) - SAAR (LP) | Guerssen\"},{\"@type\":\"BreadcrumbList\",\"@id\":\"https:\/\/wpguerssen-test.odoo.rgbconsulting.com\/es\/producto\/the-soul-of-ali-ben-djamballa-clear-blue\/#breadcrumb\",\"itemListElement\":[{\"@type\":\"ListItem\",\"position\":1,\"name\":\"Inicio\",\"item\":\"https:\/\/wpguerssen-test.odoo.rgbconsulting.com\/es\/\"},{\"@type\":\"ListItem\",\"position\":2,\"name\":\"Shop\",\"item\":\"https:\/\/wpguerssen-test.odoo.rgbconsulting.com\/shop\/\"},{\"@type\":\"ListItem\",\"position\":3,\"name\":\"The Soul Of &#8220;Ali&#8221; Ben Djamballa (Clear Blue)\"}]},{\"@type\":\"WebSite\",\"@id\":\"https:\/\/wpguerssen-test.odoo.rgbconsulting.com\/es\/#website\",\"url\":\"https:\/\/wpguerssen-test.odoo.rgbconsulting.com\/es\/\",\"name\":\"Guerssen records\",\"description\":\"psychedelia - progressive - folk - garage \",\"publisher\":{\"@id\":\"https:\/\/wpguerssen-test.odoo.rgbconsulting.com\/es\/#organization\"},\"potentialAction\":[{\"@type\":\"SearchAction\",\"target\":{\"@type\":\"EntryPoint\",\"urlTemplate\":\"https:\/\/wpguerssen-test.odoo.rgbconsulting.com\/es\/?s={search_term_string}\"},\"query-input\":{\"@type\":\"PropertyValueSpecification\",\"valueRequired\":true,\"valueName\":\"search_term_string\"}}],\"inLanguage\":\"es\"},{\"@type\":\"Organization\",\"@id\":\"https:\/\/wpguerssen-test.odoo.rgbconsulting.com\/es\/#organization\",\"name\":\"Guerssen records\",\"url\":\"https:\/\/wpguerssen-test.odoo.rgbconsulting.com\/es\/\",\"logo\":{\"@type\":\"ImageObject\",\"inLanguage\":\"es\",\"@id\":\"https:\/\/wpguerssen-test.odoo.rgbconsulting.com\/es\/#\/schema\/logo\/image\/\",\"url\":\"https:\/\/wpguerssen-test.odoo.rgbconsulting.com\/wp-content\/uploads\/2022\/04\/Logo_Guerssen_trans_100.png\",\"contentUrl\":\"https:\/\/wpguerssen-test.odoo.rgbconsulting.com\/wp-content\/uploads\/2022\/04\/Logo_Guerssen_trans_100.png\",\"width\":122,\"height\":100,\"caption\":\"Guerssen records\"},\"image\":{\"@id\":\"https:\/\/wpguerssen-test.odoo.rgbconsulting.com\/es\/#\/schema\/logo\/image\/\"}}]}<\/script>\n<!-- \/ Yoast SEO plugin. -->","yoast_head_json":{"title":"BALDAN BEMBO, Alberto - The Soul Of \"Ali\" Ben Djamballa (Clear Blue) -  (LP) | Guerssen","description":"Alberto Baldan Bembo (1938-2017), also known as \"Ali\" Ben Djamballa, Bedan, Blue Marvin or Shorty Baldan, was a multi-instrumentalist (vibraphonist, organist and pianist). Since 1959 he has been part of the group I Menestrelli del Jazz and in 1963 he joined Bruno De Filippi's group. Appreciated as a sideman, he was for several years pianist and organist in the group that accompanied the Italian singer Mina.He has also spent much of his career as a composer of film soundtracks and published several albums through our label, among which we must remember the soundtrack of \"Codice d'amore orientale\", released by SAAR\/Joker in 1974, which will soon be re-released on vinyl as a limited edition by our label.The Soul Of \"Ali\" Ben Djamballa (Alberto Baldan's 1974 album) is a highly sought after LP by record collectors around the world. Following the creation of the Afro-flavored funk of this period, represented by Fela Kuti (Nigeria) and Osibisa (Ghana), the album features European Library Music grooves, including \"Blue Jeans\", \"Black Coffee\", \"Take Six\" and \"Niger\". The record contains a number of solid breaks, noteworthy sampling material and a good dose of rare and funky grooves.","robots":{"index":"index","follow":"follow","max-snippet":"max-snippet:-1","max-image-preview":"max-image-preview:large","max-video-preview":"max-video-preview:-1"},"canonical":"https:\/\/wpguerssen-test.odoo.rgbconsulting.com\/es\/producto\/the-soul-of-ali-ben-djamballa-clear-blue\/","og_locale":"es_ES","og_type":"article","og_title":"BALDAN BEMBO, Alberto - The Soul Of \"Ali\" Ben Djamballa (Clear Blue) -  (LP) | Guerssen","og_description":"Alberto Baldan Bembo (1938-2017), also known as \"Ali\" Ben Djamballa, Bedan, Blue Marvin or Shorty Baldan, was a multi-instrumentalist (vibraphonist, organist and pianist). Since 1959 he has been part of the group I Menestrelli del Jazz and in 1963 he joined Bruno De Filippi's group. Appreciated as a sideman, he was for several years pianist and organist in the group that accompanied the Italian singer Mina.He has also spent much of his career as a composer of film soundtracks and published several albums through our label, among which we must remember the soundtrack of \"Codice d'amore orientale\", released by SAAR\/Joker in 1974, which will soon be re-released on vinyl as a limited edition by our label.The Soul Of \"Ali\" Ben Djamballa (Alberto Baldan's 1974 album) is a highly sought after LP by record collectors around the world. Following the creation of the Afro-flavored funk of this period, represented by Fela Kuti (Nigeria) and Osibisa (Ghana), the album features European Library Music grooves, including \"Blue Jeans\", \"Black Coffee\", \"Take Six\" and \"Niger\". The record contains a number of solid breaks, noteworthy sampling material and a good dose of rare and funky grooves.","og_url":"https:\/\/wpguerssen-test.odoo.rgbconsulting.com\/es\/producto\/the-soul-of-ali-ben-djamballa-clear-blue\/","og_site_name":"Guerssen records","article_modified_time":"2025-02-18T14:55:42+00:00","og_image":[{"width":550,"height":550,"url":"https:\/\/wpguerssen-test.odoo.rgbconsulting.com\/wp-content\/uploads\/2024\/02\/46991.jpg","type":"image\/jpeg"}],"twitter_card":"summary_large_image","twitter_title":"BALDAN BEMBO, Alberto - The Soul Of \"Ali\" Ben Djamballa (Clear Blue) -  (LP) | Guerssen","twitter_misc":{"Tiempo de lectura":"1 minuto"},"schema":{"@context":"https:\/\/schema.org","@graph":[{"@type":"WebPage","@id":"https:\/\/wpguerssen-test.odoo.rgbconsulting.com\/es\/producto\/the-soul-of-ali-ben-djamballa-clear-blue\/","url":"https:\/\/wpguerssen-test.odoo.rgbconsulting.com\/es\/producto\/the-soul-of-ali-ben-djamballa-clear-blue\/","name":"BALDAN BEMBO, Alberto - The Soul Of \"Ali\" Ben Djamballa (Clear Blue) - (LP) | Guerssen","isPartOf":{"@id":"https:\/\/wpguerssen-test.odoo.rgbconsulting.com\/es\/#website"},"primaryImageOfPage":{"@id":"https:\/\/wpguerssen-test.odoo.rgbconsulting.com\/es\/producto\/the-soul-of-ali-ben-djamballa-clear-blue\/#primaryimage"},"image":{"@id":"https:\/\/wpguerssen-test.odoo.rgbconsulting.com\/es\/producto\/the-soul-of-ali-ben-djamballa-clear-blue\/#primaryimage"},"thumbnailUrl":"https:\/\/wpguerssen-test.odoo.rgbconsulting.com\/wp-content\/uploads\/2024\/02\/46991.jpg","datePublished":"2024-03-19T23:00:00+00:00","dateModified":"2025-02-18T14:55:42+00:00","description":"Alberto Baldan Bembo (1938-2017), also known as \"Ali\" Ben Djamballa, Bedan, Blue Marvin or Shorty Baldan, was a multi-instrumentalist (vibraphonist, organist and pianist). Since 1959 he has been part of the group I Menestrelli del Jazz and in 1963 he joined Bruno De Filippi's group. Appreciated as a sideman, he was for several years pianist and organist in the group that accompanied the Italian singer Mina.He has also spent much of his career as a composer of film soundtracks and published several albums through our label, among which we must remember the soundtrack of \"Codice d'amore orientale\", released by SAAR\/Joker in 1974, which will soon be re-released on vinyl as a limited edition by our label.The Soul Of \"Ali\" Ben Djamballa (Alberto Baldan's 1974 album) is a highly sought after LP by record collectors around the world. Following the creation of the Afro-flavored funk of this period, represented by Fela Kuti (Nigeria) and Osibisa (Ghana), the album features European Library Music grooves, including \"Blue Jeans\", \"Black Coffee\", \"Take Six\" and \"Niger\". The record contains a number of solid breaks, noteworthy sampling material and a good dose of rare and funky grooves.","breadcrumb":{"@id":"https:\/\/wpguerssen-test.odoo.rgbconsulting.com\/es\/producto\/the-soul-of-ali-ben-djamballa-clear-blue\/#breadcrumb"},"inLanguage":"es","potentialAction":[{"@type":"ReadAction","target":["https:\/\/wpguerssen-test.odoo.rgbconsulting.com\/es\/producto\/the-soul-of-ali-ben-djamballa-clear-blue\/"]}]},{"@type":"ImageObject","inLanguage":"es","@id":"https:\/\/wpguerssen-test.odoo.rgbconsulting.com\/es\/producto\/the-soul-of-ali-ben-djamballa-clear-blue\/#primaryimage","url":"https:\/\/wpguerssen-test.odoo.rgbconsulting.com\/wp-content\/uploads\/2024\/02\/46991.jpg","contentUrl":"https:\/\/wpguerssen-test.odoo.rgbconsulting.com\/wp-content\/uploads\/2024\/02\/46991.jpg","width":550,"height":550,"caption":"Alberto - The Soul Of \"Ali\" Ben Djamballa (Clear Blue) - SAAR (LP) | Guerssen"},{"@type":"BreadcrumbList","@id":"https:\/\/wpguerssen-test.odoo.rgbconsulting.com\/es\/producto\/the-soul-of-ali-ben-djamballa-clear-blue\/#breadcrumb","itemListElement":[{"@type":"ListItem","position":1,"name":"Inicio","item":"https:\/\/wpguerssen-test.odoo.rgbconsulting.com\/es\/"},{"@type":"ListItem","position":2,"name":"Shop","item":"https:\/\/wpguerssen-test.odoo.rgbconsulting.com\/shop\/"},{"@type":"ListItem","position":3,"name":"The Soul Of &#8220;Ali&#8221; Ben Djamballa (Clear Blue)"}]},{"@type":"WebSite","@id":"https:\/\/wpguerssen-test.odoo.rgbconsulting.com\/es\/#website","url":"https:\/\/wpguerssen-test.odoo.rgbconsulting.com\/es\/","name":"Guerssen records","description":"psychedelia - progressive - folk - garage ","publisher":{"@id":"https:\/\/wpguerssen-test.odoo.rgbconsulting.com\/es\/#organization"},"potentialAction":[{"@type":"SearchAction","target":{"@type":"EntryPoint","urlTemplate":"https:\/\/wpguerssen-test.odoo.rgbconsulting.com\/es\/?s={search_term_string}"},"query-input":{"@type":"PropertyValueSpecification","valueRequired":true,"valueName":"search_term_string"}}],"inLanguage":"es"},{"@type":"Organization","@id":"https:\/\/wpguerssen-test.odoo.rgbconsulting.com\/es\/#organization","name":"Guerssen records","url":"https:\/\/wpguerssen-test.odoo.rgbconsulting.com\/es\/","logo":{"@type":"ImageObject","inLanguage":"es","@id":"https:\/\/wpguerssen-test.odoo.rgbconsulting.com\/es\/#\/schema\/logo\/image\/","url":"https:\/\/wpguerssen-test.odoo.rgbconsulting.com\/wp-content\/uploads\/2022\/04\/Logo_Guerssen_trans_100.png","contentUrl":"https:\/\/wpguerssen-test.odoo.rgbconsulting.com\/wp-content\/uploads\/2022\/04\/Logo_Guerssen_trans_100.png","width":122,"height":100,"caption":"Guerssen records"},"image":{"@id":"https:\/\/wpguerssen-test.odoo.rgbconsulting.com\/es\/#\/schema\/logo\/image\/"}}]}},"_links":{"self":[{"href":"https:\/\/wpguerssen-test.odoo.rgbconsulting.com\/es\/wp-json\/wp\/v2\/product\/258982","targetHints":{"allow":["GET"]}}],"collection":[{"href":"https:\/\/wpguerssen-test.odoo.rgbconsulting.com\/es\/wp-json\/wp\/v2\/product"}],"about":[{"href":"https:\/\/wpguerssen-test.odoo.rgbconsulting.com\/es\/wp-json\/wp\/v2\/types\/product"}],"wp:featuredmedia":[{"embeddable":true,"href":"https:\/\/wpguerssen-test.odoo.rgbconsulting.com\/es\/wp-json\/wp\/v2\/media\/260375"}],"wp:attachment":[{"href":"https:\/\/wpguerssen-test.odoo.rgbconsulting.com\/es\/wp-json\/wp\/v2\/media?parent=258982"}],"wp:term":[{"taxonomy":"product_brand","embeddable":true,"href":"https:\/\/wpguerssen-test.odoo.rgbconsulting.com\/es\/wp-json\/wp\/v2\/product_brand?post=258982"},{"taxonomy":"product_cat","embeddable":true,"href":"https:\/\/wpguerssen-test.odoo.rgbconsulting.com\/es\/wp-json\/wp\/v2\/product_cat?post=258982"},{"taxonomy":"product_tag","embeddable":true,"href":"https:\/\/wpguerssen-test.odoo.rgbconsulting.com\/es\/wp-json\/wp\/v2\/product_tag?post=258982"}],"curies":[{"name":"wp","href":"https:\/\/api.w.org\/{rel}","templated":true}]}}