{"id":258983,"date":"2024-03-11T00:00:00","date_gmt":"2024-03-10T23:00:00","guid":{"rendered":"https:\/\/wpguerssen-test.odoo.rgbconsulting.com\/product\/reggae-for-lovers\/"},"modified":"2024-09-24T17:05:58","modified_gmt":"2024-09-24T15:05:58","slug":"reggae-for-lovers","status":"publish","type":"product","link":"https:\/\/wpguerssen-test.odoo.rgbconsulting.com\/es\/producto\/reggae-for-lovers\/","title":{"rendered":"Reggae For Lovers"},"content":{"rendered":"<p>Reeditado aqu\u00ed, por primera vez, este \u00e1lbum de reggae ultra raro lanzado originalmente en 1974. Considerado por muchos como el primer \u00e1lbum de \u00ablovers\u00bb del reggae, concebido por el productor Clement Bushay y el cantante de reggae Carl Bert. Con: The Cimarons, Jackie Parris, Junior English, Dego Sensation. Ingenieros: Steve Wadey, Clem Bushay y Lee Perry&#8230; \u00a1Aqu\u00ed se incluyen cuatro temas in\u00e9ditos de las versiones originales!<\/p>\n","protected":false},"excerpt":{"rendered":"<p>Reeditado aqu\u00ed, por primera vez, este \u00e1lbum de reggae ultra raro lanzado originalmente en 1974. Considerado por muchos como el primer \u00e1lbum de \u00ablovers\u00bb del reggae,<a class=\"read\" href=\"https:\/\/wpguerssen-test.odoo.rgbconsulting.com\/es\/producto\/reggae-for-lovers\/\"> (...)<\/a>","protected":false},"featured_media":260558,"template":"","meta":{"_acf_changed":false},"product_brand":[],"product_cat":[21666],"product_tag":[],"class_list":{"0":"post-258983","1":"product","2":"type-product","3":"status-publish","4":"has-post-thumbnail","6":"product_cat-reggae-ska-dub-es","7":"pa_artist-bushay-clement-bert-carl","8":"pa_format-lp-es","9":"pa_gender-reggae-ska-dub","10":"pa_label-lantern-rec-es","11":"pa_location-uk-ireland-es","12":"pa_other-filters-vinyl-only-es","14":"first","15":"instock","16":"taxable","17":"shipping-taxable","18":"purchasable","19":"product-type-simple"},"acf":[],"yoast_head":"<!-- This site is optimized with the Yoast SEO plugin v24.9 - https:\/\/yoast.com\/wordpress\/plugins\/seo\/ -->\n<title>BUSHAY, Clement \/ BERT, Carl - Reggae For Lovers -  (LP) | Guerssen<\/title>\n<meta name=\"description\" content=\"Reissued here - for the first time - this ultra-rare reggae album originally released in 1974. Considered by many to be the first reggae &quot;lovers&quot; album ever, conceived by producer Clement Bushay and reggae singer Carl Bert. Featuring: The Cimarons, Jackie Parris, Junior English, Dego Sensation. Engineers: Steve Wadey, Clem Bushay and Lee Perry ... Four unreleased tracks from the original versions are included here!\" \/>\n<meta name=\"robots\" content=\"index, follow, max-snippet:-1, max-image-preview:large, max-video-preview:-1\" \/>\n<link rel=\"canonical\" href=\"https:\/\/wpguerssen-test.odoo.rgbconsulting.com\/es\/producto\/reggae-for-lovers\/\" \/>\n<meta property=\"og:locale\" content=\"es_ES\" \/>\n<meta property=\"og:type\" content=\"article\" \/>\n<meta property=\"og:title\" content=\"BUSHAY, Clement \/ BERT, Carl - Reggae For Lovers -  (LP) | Guerssen\" \/>\n<meta property=\"og:description\" content=\"Reissued here - for the first time - this ultra-rare reggae album originally released in 1974. Considered by many to be the first reggae &quot;lovers&quot; album ever, conceived by producer Clement Bushay and reggae singer Carl Bert. Featuring: The Cimarons, Jackie Parris, Junior English, Dego Sensation. Engineers: Steve Wadey, Clem Bushay and Lee Perry ... Four unreleased tracks from the original versions are included here!\" \/>\n<meta property=\"og:url\" content=\"https:\/\/wpguerssen-test.odoo.rgbconsulting.com\/es\/producto\/reggae-for-lovers\/\" \/>\n<meta property=\"og:site_name\" content=\"Guerssen records\" \/>\n<meta property=\"article:modified_time\" content=\"2024-09-24T15:05:58+00:00\" \/>\n<meta property=\"og:image\" content=\"https:\/\/wpguerssen-test.odoo.rgbconsulting.com\/wp-content\/uploads\/2024\/02\/46992.jpg\" \/>\n\t<meta property=\"og:image:width\" content=\"1181\" \/>\n\t<meta property=\"og:image:height\" content=\"1181\" \/>\n\t<meta property=\"og:image:type\" content=\"image\/jpeg\" \/>\n<meta name=\"twitter:card\" content=\"summary_large_image\" \/>\n<meta name=\"twitter:title\" content=\"BUSHAY, Clement \/ BERT, Carl - Reggae For Lovers -  (LP) | Guerssen\" \/>\n<script type=\"application\/ld+json\" class=\"yoast-schema-graph\">{\"@context\":\"https:\/\/schema.org\",\"@graph\":[{\"@type\":\"WebPage\",\"@id\":\"https:\/\/wpguerssen-test.odoo.rgbconsulting.com\/es\/producto\/reggae-for-lovers\/\",\"url\":\"https:\/\/wpguerssen-test.odoo.rgbconsulting.com\/es\/producto\/reggae-for-lovers\/\",\"name\":\"BUSHAY, Clement \/ BERT, Carl - Reggae For Lovers - (LP) | Guerssen\",\"isPartOf\":{\"@id\":\"https:\/\/wpguerssen-test.odoo.rgbconsulting.com\/es\/#website\"},\"primaryImageOfPage\":{\"@id\":\"https:\/\/wpguerssen-test.odoo.rgbconsulting.com\/es\/producto\/reggae-for-lovers\/#primaryimage\"},\"image\":{\"@id\":\"https:\/\/wpguerssen-test.odoo.rgbconsulting.com\/es\/producto\/reggae-for-lovers\/#primaryimage\"},\"thumbnailUrl\":\"https:\/\/wpguerssen-test.odoo.rgbconsulting.com\/wp-content\/uploads\/2024\/02\/46992.jpg\",\"datePublished\":\"2024-03-10T23:00:00+00:00\",\"dateModified\":\"2024-09-24T15:05:58+00:00\",\"description\":\"Reissued here - for the first time - this ultra-rare reggae album originally released in 1974. Considered by many to be the first reggae \\\"lovers\\\" album ever, conceived by producer Clement Bushay and reggae singer Carl Bert. Featuring: The Cimarons, Jackie Parris, Junior English, Dego Sensation. Engineers: Steve Wadey, Clem Bushay and Lee Perry ... Four unreleased tracks from the original versions are included here!\",\"breadcrumb\":{\"@id\":\"https:\/\/wpguerssen-test.odoo.rgbconsulting.com\/es\/producto\/reggae-for-lovers\/#breadcrumb\"},\"inLanguage\":\"es\",\"potentialAction\":[{\"@type\":\"ReadAction\",\"target\":[\"https:\/\/wpguerssen-test.odoo.rgbconsulting.com\/es\/producto\/reggae-for-lovers\/\"]}]},{\"@type\":\"ImageObject\",\"inLanguage\":\"es\",\"@id\":\"https:\/\/wpguerssen-test.odoo.rgbconsulting.com\/es\/producto\/reggae-for-lovers\/#primaryimage\",\"url\":\"https:\/\/wpguerssen-test.odoo.rgbconsulting.com\/wp-content\/uploads\/2024\/02\/46992.jpg\",\"contentUrl\":\"https:\/\/wpguerssen-test.odoo.rgbconsulting.com\/wp-content\/uploads\/2024\/02\/46992.jpg\",\"width\":1181,\"height\":1181,\"caption\":\"Clement \/ BERT\"},{\"@type\":\"BreadcrumbList\",\"@id\":\"https:\/\/wpguerssen-test.odoo.rgbconsulting.com\/es\/producto\/reggae-for-lovers\/#breadcrumb\",\"itemListElement\":[{\"@type\":\"ListItem\",\"position\":1,\"name\":\"Inicio\",\"item\":\"https:\/\/wpguerssen-test.odoo.rgbconsulting.com\/es\/\"},{\"@type\":\"ListItem\",\"position\":2,\"name\":\"Shop\",\"item\":\"https:\/\/wpguerssen-test.odoo.rgbconsulting.com\/shop\/\"},{\"@type\":\"ListItem\",\"position\":3,\"name\":\"Reggae For Lovers\"}]},{\"@type\":\"WebSite\",\"@id\":\"https:\/\/wpguerssen-test.odoo.rgbconsulting.com\/es\/#website\",\"url\":\"https:\/\/wpguerssen-test.odoo.rgbconsulting.com\/es\/\",\"name\":\"Guerssen records\",\"description\":\"psychedelia - progressive - folk - garage \",\"publisher\":{\"@id\":\"https:\/\/wpguerssen-test.odoo.rgbconsulting.com\/es\/#organization\"},\"potentialAction\":[{\"@type\":\"SearchAction\",\"target\":{\"@type\":\"EntryPoint\",\"urlTemplate\":\"https:\/\/wpguerssen-test.odoo.rgbconsulting.com\/es\/?s={search_term_string}\"},\"query-input\":{\"@type\":\"PropertyValueSpecification\",\"valueRequired\":true,\"valueName\":\"search_term_string\"}}],\"inLanguage\":\"es\"},{\"@type\":\"Organization\",\"@id\":\"https:\/\/wpguerssen-test.odoo.rgbconsulting.com\/es\/#organization\",\"name\":\"Guerssen records\",\"url\":\"https:\/\/wpguerssen-test.odoo.rgbconsulting.com\/es\/\",\"logo\":{\"@type\":\"ImageObject\",\"inLanguage\":\"es\",\"@id\":\"https:\/\/wpguerssen-test.odoo.rgbconsulting.com\/es\/#\/schema\/logo\/image\/\",\"url\":\"https:\/\/wpguerssen-test.odoo.rgbconsulting.com\/wp-content\/uploads\/2022\/04\/Logo_Guerssen_trans_100.png\",\"contentUrl\":\"https:\/\/wpguerssen-test.odoo.rgbconsulting.com\/wp-content\/uploads\/2022\/04\/Logo_Guerssen_trans_100.png\",\"width\":122,\"height\":100,\"caption\":\"Guerssen records\"},\"image\":{\"@id\":\"https:\/\/wpguerssen-test.odoo.rgbconsulting.com\/es\/#\/schema\/logo\/image\/\"}}]}<\/script>\n<!-- \/ Yoast SEO plugin. -->","yoast_head_json":{"title":"BUSHAY, Clement \/ BERT, Carl - Reggae For Lovers -  (LP) | Guerssen","description":"Reissued here - for the first time - this ultra-rare reggae album originally released in 1974. Considered by many to be the first reggae \"lovers\" album ever, conceived by producer Clement Bushay and reggae singer Carl Bert. Featuring: The Cimarons, Jackie Parris, Junior English, Dego Sensation. Engineers: Steve Wadey, Clem Bushay and Lee Perry ... Four unreleased tracks from the original versions are included here!","robots":{"index":"index","follow":"follow","max-snippet":"max-snippet:-1","max-image-preview":"max-image-preview:large","max-video-preview":"max-video-preview:-1"},"canonical":"https:\/\/wpguerssen-test.odoo.rgbconsulting.com\/es\/producto\/reggae-for-lovers\/","og_locale":"es_ES","og_type":"article","og_title":"BUSHAY, Clement \/ BERT, Carl - Reggae For Lovers -  (LP) | Guerssen","og_description":"Reissued here - for the first time - this ultra-rare reggae album originally released in 1974. Considered by many to be the first reggae \"lovers\" album ever, conceived by producer Clement Bushay and reggae singer Carl Bert. Featuring: The Cimarons, Jackie Parris, Junior English, Dego Sensation. Engineers: Steve Wadey, Clem Bushay and Lee Perry ... Four unreleased tracks from the original versions are included here!","og_url":"https:\/\/wpguerssen-test.odoo.rgbconsulting.com\/es\/producto\/reggae-for-lovers\/","og_site_name":"Guerssen records","article_modified_time":"2024-09-24T15:05:58+00:00","og_image":[{"width":1181,"height":1181,"url":"https:\/\/wpguerssen-test.odoo.rgbconsulting.com\/wp-content\/uploads\/2024\/02\/46992.jpg","type":"image\/jpeg"}],"twitter_card":"summary_large_image","twitter_title":"BUSHAY, Clement \/ BERT, Carl - Reggae For Lovers -  (LP) | Guerssen","schema":{"@context":"https:\/\/schema.org","@graph":[{"@type":"WebPage","@id":"https:\/\/wpguerssen-test.odoo.rgbconsulting.com\/es\/producto\/reggae-for-lovers\/","url":"https:\/\/wpguerssen-test.odoo.rgbconsulting.com\/es\/producto\/reggae-for-lovers\/","name":"BUSHAY, Clement \/ BERT, Carl - Reggae For Lovers - (LP) | Guerssen","isPartOf":{"@id":"https:\/\/wpguerssen-test.odoo.rgbconsulting.com\/es\/#website"},"primaryImageOfPage":{"@id":"https:\/\/wpguerssen-test.odoo.rgbconsulting.com\/es\/producto\/reggae-for-lovers\/#primaryimage"},"image":{"@id":"https:\/\/wpguerssen-test.odoo.rgbconsulting.com\/es\/producto\/reggae-for-lovers\/#primaryimage"},"thumbnailUrl":"https:\/\/wpguerssen-test.odoo.rgbconsulting.com\/wp-content\/uploads\/2024\/02\/46992.jpg","datePublished":"2024-03-10T23:00:00+00:00","dateModified":"2024-09-24T15:05:58+00:00","description":"Reissued here - for the first time - this ultra-rare reggae album originally released in 1974. Considered by many to be the first reggae \"lovers\" album ever, conceived by producer Clement Bushay and reggae singer Carl Bert. Featuring: The Cimarons, Jackie Parris, Junior English, Dego Sensation. Engineers: Steve Wadey, Clem Bushay and Lee Perry ... Four unreleased tracks from the original versions are included here!","breadcrumb":{"@id":"https:\/\/wpguerssen-test.odoo.rgbconsulting.com\/es\/producto\/reggae-for-lovers\/#breadcrumb"},"inLanguage":"es","potentialAction":[{"@type":"ReadAction","target":["https:\/\/wpguerssen-test.odoo.rgbconsulting.com\/es\/producto\/reggae-for-lovers\/"]}]},{"@type":"ImageObject","inLanguage":"es","@id":"https:\/\/wpguerssen-test.odoo.rgbconsulting.com\/es\/producto\/reggae-for-lovers\/#primaryimage","url":"https:\/\/wpguerssen-test.odoo.rgbconsulting.com\/wp-content\/uploads\/2024\/02\/46992.jpg","contentUrl":"https:\/\/wpguerssen-test.odoo.rgbconsulting.com\/wp-content\/uploads\/2024\/02\/46992.jpg","width":1181,"height":1181,"caption":"Clement \/ BERT"},{"@type":"BreadcrumbList","@id":"https:\/\/wpguerssen-test.odoo.rgbconsulting.com\/es\/producto\/reggae-for-lovers\/#breadcrumb","itemListElement":[{"@type":"ListItem","position":1,"name":"Inicio","item":"https:\/\/wpguerssen-test.odoo.rgbconsulting.com\/es\/"},{"@type":"ListItem","position":2,"name":"Shop","item":"https:\/\/wpguerssen-test.odoo.rgbconsulting.com\/shop\/"},{"@type":"ListItem","position":3,"name":"Reggae For Lovers"}]},{"@type":"WebSite","@id":"https:\/\/wpguerssen-test.odoo.rgbconsulting.com\/es\/#website","url":"https:\/\/wpguerssen-test.odoo.rgbconsulting.com\/es\/","name":"Guerssen records","description":"psychedelia - progressive - folk - garage ","publisher":{"@id":"https:\/\/wpguerssen-test.odoo.rgbconsulting.com\/es\/#organization"},"potentialAction":[{"@type":"SearchAction","target":{"@type":"EntryPoint","urlTemplate":"https:\/\/wpguerssen-test.odoo.rgbconsulting.com\/es\/?s={search_term_string}"},"query-input":{"@type":"PropertyValueSpecification","valueRequired":true,"valueName":"search_term_string"}}],"inLanguage":"es"},{"@type":"Organization","@id":"https:\/\/wpguerssen-test.odoo.rgbconsulting.com\/es\/#organization","name":"Guerssen records","url":"https:\/\/wpguerssen-test.odoo.rgbconsulting.com\/es\/","logo":{"@type":"ImageObject","inLanguage":"es","@id":"https:\/\/wpguerssen-test.odoo.rgbconsulting.com\/es\/#\/schema\/logo\/image\/","url":"https:\/\/wpguerssen-test.odoo.rgbconsulting.com\/wp-content\/uploads\/2022\/04\/Logo_Guerssen_trans_100.png","contentUrl":"https:\/\/wpguerssen-test.odoo.rgbconsulting.com\/wp-content\/uploads\/2022\/04\/Logo_Guerssen_trans_100.png","width":122,"height":100,"caption":"Guerssen records"},"image":{"@id":"https:\/\/wpguerssen-test.odoo.rgbconsulting.com\/es\/#\/schema\/logo\/image\/"}}]}},"_links":{"self":[{"href":"https:\/\/wpguerssen-test.odoo.rgbconsulting.com\/es\/wp-json\/wp\/v2\/product\/258983","targetHints":{"allow":["GET"]}}],"collection":[{"href":"https:\/\/wpguerssen-test.odoo.rgbconsulting.com\/es\/wp-json\/wp\/v2\/product"}],"about":[{"href":"https:\/\/wpguerssen-test.odoo.rgbconsulting.com\/es\/wp-json\/wp\/v2\/types\/product"}],"wp:featuredmedia":[{"embeddable":true,"href":"https:\/\/wpguerssen-test.odoo.rgbconsulting.com\/es\/wp-json\/wp\/v2\/media\/260558"}],"wp:attachment":[{"href":"https:\/\/wpguerssen-test.odoo.rgbconsulting.com\/es\/wp-json\/wp\/v2\/media?parent=258983"}],"wp:term":[{"taxonomy":"product_brand","embeddable":true,"href":"https:\/\/wpguerssen-test.odoo.rgbconsulting.com\/es\/wp-json\/wp\/v2\/product_brand?post=258983"},{"taxonomy":"product_cat","embeddable":true,"href":"https:\/\/wpguerssen-test.odoo.rgbconsulting.com\/es\/wp-json\/wp\/v2\/product_cat?post=258983"},{"taxonomy":"product_tag","embeddable":true,"href":"https:\/\/wpguerssen-test.odoo.rgbconsulting.com\/es\/wp-json\/wp\/v2\/product_tag?post=258983"}],"curies":[{"name":"wp","href":"https:\/\/api.w.org\/{rel}","templated":true}]}}