{"id":258984,"date":"2024-03-20T00:00:00","date_gmt":"2024-03-19T23:00:00","guid":{"rendered":"https:\/\/wpguerssen-test.odoo.rgbconsulting.com\/product\/descriptive\/"},"modified":"2024-04-18T15:38:57","modified_gmt":"2024-04-18T13:38:57","slug":"descriptive","status":"publish","type":"product","link":"https:\/\/wpguerssen-test.odoo.rgbconsulting.com\/es\/producto\/descriptive\/","title":{"rendered":"Descriptive"},"content":{"rendered":"<p>\u00abDescriptive\u00bb completa la serie de reediciones oficiales de los dos \u00fanicos LP publicados bajo el nombre de Corviria por Edizioni Leonardi en 1977 (Psyco Analysis) y 1980 (Descriptive) respectivamente. Ambos se encuentran entre los t\u00edtulos m\u00e1s oscuros de la m\u00fasica de librer\u00eda italiana, cuyos compositores s\u00f3lo se pueden rastrear en las figuras de Luigi Bergonzi y Vittoria Corona.<br \/>Musicalmente, \u00abDescriptive\u00bb marca una evoluci\u00f3n del sonido electr\u00f3nico y oscuro del anterior \u00abPsyco Analysis\u00bb, comenzando con la mini-suite inicial de cuatro partes \u00abEvil&#8217;s Suite\u00bb, un aut\u00e9ntico viaje a los territorios del kraut y del rock progresivo, continuando con la abstracta y misteriosa \u00abSuspence Effect One \/ Two\u00bb y finalmente con una serie de temas m\u00e1s convencionales. y temas f\u00e1ciles de escuchar que en su mayor parte recuerdan los sonidos de Tangerine Dream de ese per\u00edodo.<br \/>Al igual que \u00abPsyco Analysis\u00bb, el misterioso \u00abDescriptive\u00bb finalmente disfruta de una muy necesaria y merecida reedici\u00f3n, la primera \u00a1Uno jam\u00e1s creado, fiel al original, con motivo del Record Store Day 2024!<\/p>\n","protected":false},"excerpt":{"rendered":"<p>\u00abDescriptive\u00bb completa la serie de reediciones oficiales de los dos \u00fanicos LP publicados bajo el nombre de Corviria por Edizioni Leonardi en 1977 (Psyco Analysis)<a class=\"read\" href=\"https:\/\/wpguerssen-test.odoo.rgbconsulting.com\/es\/producto\/descriptive\/\"> (...)<\/a>","protected":false},"featured_media":260377,"template":"","meta":{"_acf_changed":false},"product_brand":[],"product_cat":[23232],"product_tag":[24189],"class_list":{"0":"post-258984","1":"product","2":"type-product","3":"status-publish","4":"has-post-thumbnail","6":"product_cat-library-music-lounge-es","7":"product_tag-recien-llegadas","8":"pa_artist-corviria","9":"pa_format-lp-es","10":"pa_gender-library-music-lounge","11":"pa_label-redi-edizioni-musicali","12":"pa_location-europe-es","13":"pa_other-filters-vinyl-only-es","15":"first","16":"instock","17":"taxable","18":"shipping-taxable","19":"purchasable","20":"product-type-simple"},"acf":[],"yoast_head":"<!-- This site is optimized with the Yoast SEO plugin v24.9 - https:\/\/yoast.com\/wordpress\/plugins\/seo\/ -->\n<title>CORVIRIA - Descriptive -  (LP) | Guerssen<\/title>\n<meta name=\"description\" content=\"&quot;Descriptive&quot; completes the series of official reissues of the only two LPs released under the Corviria moniker by Edizioni Leonardi in 1977 (Psyco Analysis) and 1980 (Descriptive) respectively. Both are among the most obscure titles of Italian library music, whose composers can only be traced in the figures of Luigi Bergonzi and Vittoria Corona.Musically, &quot;Descriptive&quot; marks an evolution of the electronic and dark sound of the previous &quot;Psyco Analysis&quot;, starting with the four-part opening mini-suite &quot;Evil&#039;s Suite&quot;, a genuine trip into kraut and progressive rock territories, then continuing with the abstract and mysterious &quot;Suspence Effect One \/ Two&quot; and finally with a series of more conventional and easy-listening tracks that for the most part recall the sounds of Tangerine Dream from that period.Just like &quot;Psyco Analysis&quot;, the mysterious &quot;Descriptive&quot; now eventually enjoys a much-needed and well-deserved reissue, the first one ever, faithful to the original, on the occasion of Record Store Day 2024!\" \/>\n<meta name=\"robots\" content=\"index, follow, max-snippet:-1, max-image-preview:large, max-video-preview:-1\" \/>\n<link rel=\"canonical\" href=\"https:\/\/wpguerssen-test.odoo.rgbconsulting.com\/es\/producto\/descriptive\/\" \/>\n<meta property=\"og:locale\" content=\"es_ES\" \/>\n<meta property=\"og:type\" content=\"article\" \/>\n<meta property=\"og:title\" content=\"CORVIRIA - Descriptive -  (LP) | Guerssen\" \/>\n<meta property=\"og:description\" content=\"&quot;Descriptive&quot; completes the series of official reissues of the only two LPs released under the Corviria moniker by Edizioni Leonardi in 1977 (Psyco Analysis) and 1980 (Descriptive) respectively. Both are among the most obscure titles of Italian library music, whose composers can only be traced in the figures of Luigi Bergonzi and Vittoria Corona.Musically, &quot;Descriptive&quot; marks an evolution of the electronic and dark sound of the previous &quot;Psyco Analysis&quot;, starting with the four-part opening mini-suite &quot;Evil&#039;s Suite&quot;, a genuine trip into kraut and progressive rock territories, then continuing with the abstract and mysterious &quot;Suspence Effect One \/ Two&quot; and finally with a series of more conventional and easy-listening tracks that for the most part recall the sounds of Tangerine Dream from that period.Just like &quot;Psyco Analysis&quot;, the mysterious &quot;Descriptive&quot; now eventually enjoys a much-needed and well-deserved reissue, the first one ever, faithful to the original, on the occasion of Record Store Day 2024!\" \/>\n<meta property=\"og:url\" content=\"https:\/\/wpguerssen-test.odoo.rgbconsulting.com\/es\/producto\/descriptive\/\" \/>\n<meta property=\"og:site_name\" content=\"Guerssen records\" \/>\n<meta property=\"article:modified_time\" content=\"2024-04-18T13:38:57+00:00\" \/>\n<meta property=\"og:image\" content=\"https:\/\/wpguerssen-test.odoo.rgbconsulting.com\/wp-content\/uploads\/2024\/02\/46993.jpg\" \/>\n\t<meta property=\"og:image:width\" content=\"550\" \/>\n\t<meta property=\"og:image:height\" content=\"550\" \/>\n\t<meta property=\"og:image:type\" content=\"image\/jpeg\" \/>\n<meta name=\"twitter:card\" content=\"summary_large_image\" \/>\n<meta name=\"twitter:title\" content=\"CORVIRIA - Descriptive -  (LP) | Guerssen\" \/>\n<meta name=\"twitter:label1\" content=\"Tiempo de lectura\" \/>\n\t<meta name=\"twitter:data1\" content=\"1 minuto\" \/>\n<script type=\"application\/ld+json\" class=\"yoast-schema-graph\">{\"@context\":\"https:\/\/schema.org\",\"@graph\":[{\"@type\":\"WebPage\",\"@id\":\"https:\/\/wpguerssen-test.odoo.rgbconsulting.com\/es\/producto\/descriptive\/\",\"url\":\"https:\/\/wpguerssen-test.odoo.rgbconsulting.com\/es\/producto\/descriptive\/\",\"name\":\"CORVIRIA - Descriptive - (LP) | Guerssen\",\"isPartOf\":{\"@id\":\"https:\/\/wpguerssen-test.odoo.rgbconsulting.com\/es\/#website\"},\"primaryImageOfPage\":{\"@id\":\"https:\/\/wpguerssen-test.odoo.rgbconsulting.com\/es\/producto\/descriptive\/#primaryimage\"},\"image\":{\"@id\":\"https:\/\/wpguerssen-test.odoo.rgbconsulting.com\/es\/producto\/descriptive\/#primaryimage\"},\"thumbnailUrl\":\"https:\/\/wpguerssen-test.odoo.rgbconsulting.com\/wp-content\/uploads\/2024\/02\/46993.jpg\",\"datePublished\":\"2024-03-19T23:00:00+00:00\",\"dateModified\":\"2024-04-18T13:38:57+00:00\",\"description\":\"\\\"Descriptive\\\" completes the series of official reissues of the only two LPs released under the Corviria moniker by Edizioni Leonardi in 1977 (Psyco Analysis) and 1980 (Descriptive) respectively. Both are among the most obscure titles of Italian library music, whose composers can only be traced in the figures of Luigi Bergonzi and Vittoria Corona.Musically, \\\"Descriptive\\\" marks an evolution of the electronic and dark sound of the previous \\\"Psyco Analysis\\\", starting with the four-part opening mini-suite \\\"Evil's Suite\\\", a genuine trip into kraut and progressive rock territories, then continuing with the abstract and mysterious \\\"Suspence Effect One \/ Two\\\" and finally with a series of more conventional and easy-listening tracks that for the most part recall the sounds of Tangerine Dream from that period.Just like \\\"Psyco Analysis\\\", the mysterious \\\"Descriptive\\\" now eventually enjoys a much-needed and well-deserved reissue, the first one ever, faithful to the original, on the occasion of Record Store Day 2024!\",\"breadcrumb\":{\"@id\":\"https:\/\/wpguerssen-test.odoo.rgbconsulting.com\/es\/producto\/descriptive\/#breadcrumb\"},\"inLanguage\":\"es\",\"potentialAction\":[{\"@type\":\"ReadAction\",\"target\":[\"https:\/\/wpguerssen-test.odoo.rgbconsulting.com\/es\/producto\/descriptive\/\"]}]},{\"@type\":\"ImageObject\",\"inLanguage\":\"es\",\"@id\":\"https:\/\/wpguerssen-test.odoo.rgbconsulting.com\/es\/producto\/descriptive\/#primaryimage\",\"url\":\"https:\/\/wpguerssen-test.odoo.rgbconsulting.com\/wp-content\/uploads\/2024\/02\/46993.jpg\",\"contentUrl\":\"https:\/\/wpguerssen-test.odoo.rgbconsulting.com\/wp-content\/uploads\/2024\/02\/46993.jpg\",\"width\":550,\"height\":550},{\"@type\":\"BreadcrumbList\",\"@id\":\"https:\/\/wpguerssen-test.odoo.rgbconsulting.com\/es\/producto\/descriptive\/#breadcrumb\",\"itemListElement\":[{\"@type\":\"ListItem\",\"position\":1,\"name\":\"Inicio\",\"item\":\"https:\/\/wpguerssen-test.odoo.rgbconsulting.com\/es\/\"},{\"@type\":\"ListItem\",\"position\":2,\"name\":\"Shop\",\"item\":\"https:\/\/wpguerssen-test.odoo.rgbconsulting.com\/shop\/\"},{\"@type\":\"ListItem\",\"position\":3,\"name\":\"Descriptive\"}]},{\"@type\":\"WebSite\",\"@id\":\"https:\/\/wpguerssen-test.odoo.rgbconsulting.com\/es\/#website\",\"url\":\"https:\/\/wpguerssen-test.odoo.rgbconsulting.com\/es\/\",\"name\":\"Guerssen records\",\"description\":\"psychedelia - progressive - folk - garage \",\"publisher\":{\"@id\":\"https:\/\/wpguerssen-test.odoo.rgbconsulting.com\/es\/#organization\"},\"potentialAction\":[{\"@type\":\"SearchAction\",\"target\":{\"@type\":\"EntryPoint\",\"urlTemplate\":\"https:\/\/wpguerssen-test.odoo.rgbconsulting.com\/es\/?s={search_term_string}\"},\"query-input\":{\"@type\":\"PropertyValueSpecification\",\"valueRequired\":true,\"valueName\":\"search_term_string\"}}],\"inLanguage\":\"es\"},{\"@type\":\"Organization\",\"@id\":\"https:\/\/wpguerssen-test.odoo.rgbconsulting.com\/es\/#organization\",\"name\":\"Guerssen records\",\"url\":\"https:\/\/wpguerssen-test.odoo.rgbconsulting.com\/es\/\",\"logo\":{\"@type\":\"ImageObject\",\"inLanguage\":\"es\",\"@id\":\"https:\/\/wpguerssen-test.odoo.rgbconsulting.com\/es\/#\/schema\/logo\/image\/\",\"url\":\"https:\/\/wpguerssen-test.odoo.rgbconsulting.com\/wp-content\/uploads\/2022\/04\/Logo_Guerssen_trans_100.png\",\"contentUrl\":\"https:\/\/wpguerssen-test.odoo.rgbconsulting.com\/wp-content\/uploads\/2022\/04\/Logo_Guerssen_trans_100.png\",\"width\":122,\"height\":100,\"caption\":\"Guerssen records\"},\"image\":{\"@id\":\"https:\/\/wpguerssen-test.odoo.rgbconsulting.com\/es\/#\/schema\/logo\/image\/\"}}]}<\/script>\n<!-- \/ Yoast SEO plugin. -->","yoast_head_json":{"title":"CORVIRIA - Descriptive -  (LP) | Guerssen","description":"\"Descriptive\" completes the series of official reissues of the only two LPs released under the Corviria moniker by Edizioni Leonardi in 1977 (Psyco Analysis) and 1980 (Descriptive) respectively. Both are among the most obscure titles of Italian library music, whose composers can only be traced in the figures of Luigi Bergonzi and Vittoria Corona.Musically, \"Descriptive\" marks an evolution of the electronic and dark sound of the previous \"Psyco Analysis\", starting with the four-part opening mini-suite \"Evil's Suite\", a genuine trip into kraut and progressive rock territories, then continuing with the abstract and mysterious \"Suspence Effect One \/ Two\" and finally with a series of more conventional and easy-listening tracks that for the most part recall the sounds of Tangerine Dream from that period.Just like \"Psyco Analysis\", the mysterious \"Descriptive\" now eventually enjoys a much-needed and well-deserved reissue, the first one ever, faithful to the original, on the occasion of Record Store Day 2024!","robots":{"index":"index","follow":"follow","max-snippet":"max-snippet:-1","max-image-preview":"max-image-preview:large","max-video-preview":"max-video-preview:-1"},"canonical":"https:\/\/wpguerssen-test.odoo.rgbconsulting.com\/es\/producto\/descriptive\/","og_locale":"es_ES","og_type":"article","og_title":"CORVIRIA - Descriptive -  (LP) | Guerssen","og_description":"\"Descriptive\" completes the series of official reissues of the only two LPs released under the Corviria moniker by Edizioni Leonardi in 1977 (Psyco Analysis) and 1980 (Descriptive) respectively. Both are among the most obscure titles of Italian library music, whose composers can only be traced in the figures of Luigi Bergonzi and Vittoria Corona.Musically, \"Descriptive\" marks an evolution of the electronic and dark sound of the previous \"Psyco Analysis\", starting with the four-part opening mini-suite \"Evil's Suite\", a genuine trip into kraut and progressive rock territories, then continuing with the abstract and mysterious \"Suspence Effect One \/ Two\" and finally with a series of more conventional and easy-listening tracks that for the most part recall the sounds of Tangerine Dream from that period.Just like \"Psyco Analysis\", the mysterious \"Descriptive\" now eventually enjoys a much-needed and well-deserved reissue, the first one ever, faithful to the original, on the occasion of Record Store Day 2024!","og_url":"https:\/\/wpguerssen-test.odoo.rgbconsulting.com\/es\/producto\/descriptive\/","og_site_name":"Guerssen records","article_modified_time":"2024-04-18T13:38:57+00:00","og_image":[{"width":550,"height":550,"url":"https:\/\/wpguerssen-test.odoo.rgbconsulting.com\/wp-content\/uploads\/2024\/02\/46993.jpg","type":"image\/jpeg"}],"twitter_card":"summary_large_image","twitter_title":"CORVIRIA - Descriptive -  (LP) | Guerssen","twitter_misc":{"Tiempo de lectura":"1 minuto"},"schema":{"@context":"https:\/\/schema.org","@graph":[{"@type":"WebPage","@id":"https:\/\/wpguerssen-test.odoo.rgbconsulting.com\/es\/producto\/descriptive\/","url":"https:\/\/wpguerssen-test.odoo.rgbconsulting.com\/es\/producto\/descriptive\/","name":"CORVIRIA - Descriptive - (LP) | Guerssen","isPartOf":{"@id":"https:\/\/wpguerssen-test.odoo.rgbconsulting.com\/es\/#website"},"primaryImageOfPage":{"@id":"https:\/\/wpguerssen-test.odoo.rgbconsulting.com\/es\/producto\/descriptive\/#primaryimage"},"image":{"@id":"https:\/\/wpguerssen-test.odoo.rgbconsulting.com\/es\/producto\/descriptive\/#primaryimage"},"thumbnailUrl":"https:\/\/wpguerssen-test.odoo.rgbconsulting.com\/wp-content\/uploads\/2024\/02\/46993.jpg","datePublished":"2024-03-19T23:00:00+00:00","dateModified":"2024-04-18T13:38:57+00:00","description":"\"Descriptive\" completes the series of official reissues of the only two LPs released under the Corviria moniker by Edizioni Leonardi in 1977 (Psyco Analysis) and 1980 (Descriptive) respectively. Both are among the most obscure titles of Italian library music, whose composers can only be traced in the figures of Luigi Bergonzi and Vittoria Corona.Musically, \"Descriptive\" marks an evolution of the electronic and dark sound of the previous \"Psyco Analysis\", starting with the four-part opening mini-suite \"Evil's Suite\", a genuine trip into kraut and progressive rock territories, then continuing with the abstract and mysterious \"Suspence Effect One \/ Two\" and finally with a series of more conventional and easy-listening tracks that for the most part recall the sounds of Tangerine Dream from that period.Just like \"Psyco Analysis\", the mysterious \"Descriptive\" now eventually enjoys a much-needed and well-deserved reissue, the first one ever, faithful to the original, on the occasion of Record Store Day 2024!","breadcrumb":{"@id":"https:\/\/wpguerssen-test.odoo.rgbconsulting.com\/es\/producto\/descriptive\/#breadcrumb"},"inLanguage":"es","potentialAction":[{"@type":"ReadAction","target":["https:\/\/wpguerssen-test.odoo.rgbconsulting.com\/es\/producto\/descriptive\/"]}]},{"@type":"ImageObject","inLanguage":"es","@id":"https:\/\/wpguerssen-test.odoo.rgbconsulting.com\/es\/producto\/descriptive\/#primaryimage","url":"https:\/\/wpguerssen-test.odoo.rgbconsulting.com\/wp-content\/uploads\/2024\/02\/46993.jpg","contentUrl":"https:\/\/wpguerssen-test.odoo.rgbconsulting.com\/wp-content\/uploads\/2024\/02\/46993.jpg","width":550,"height":550},{"@type":"BreadcrumbList","@id":"https:\/\/wpguerssen-test.odoo.rgbconsulting.com\/es\/producto\/descriptive\/#breadcrumb","itemListElement":[{"@type":"ListItem","position":1,"name":"Inicio","item":"https:\/\/wpguerssen-test.odoo.rgbconsulting.com\/es\/"},{"@type":"ListItem","position":2,"name":"Shop","item":"https:\/\/wpguerssen-test.odoo.rgbconsulting.com\/shop\/"},{"@type":"ListItem","position":3,"name":"Descriptive"}]},{"@type":"WebSite","@id":"https:\/\/wpguerssen-test.odoo.rgbconsulting.com\/es\/#website","url":"https:\/\/wpguerssen-test.odoo.rgbconsulting.com\/es\/","name":"Guerssen records","description":"psychedelia - progressive - folk - garage ","publisher":{"@id":"https:\/\/wpguerssen-test.odoo.rgbconsulting.com\/es\/#organization"},"potentialAction":[{"@type":"SearchAction","target":{"@type":"EntryPoint","urlTemplate":"https:\/\/wpguerssen-test.odoo.rgbconsulting.com\/es\/?s={search_term_string}"},"query-input":{"@type":"PropertyValueSpecification","valueRequired":true,"valueName":"search_term_string"}}],"inLanguage":"es"},{"@type":"Organization","@id":"https:\/\/wpguerssen-test.odoo.rgbconsulting.com\/es\/#organization","name":"Guerssen records","url":"https:\/\/wpguerssen-test.odoo.rgbconsulting.com\/es\/","logo":{"@type":"ImageObject","inLanguage":"es","@id":"https:\/\/wpguerssen-test.odoo.rgbconsulting.com\/es\/#\/schema\/logo\/image\/","url":"https:\/\/wpguerssen-test.odoo.rgbconsulting.com\/wp-content\/uploads\/2022\/04\/Logo_Guerssen_trans_100.png","contentUrl":"https:\/\/wpguerssen-test.odoo.rgbconsulting.com\/wp-content\/uploads\/2022\/04\/Logo_Guerssen_trans_100.png","width":122,"height":100,"caption":"Guerssen records"},"image":{"@id":"https:\/\/wpguerssen-test.odoo.rgbconsulting.com\/es\/#\/schema\/logo\/image\/"}}]}},"_links":{"self":[{"href":"https:\/\/wpguerssen-test.odoo.rgbconsulting.com\/es\/wp-json\/wp\/v2\/product\/258984","targetHints":{"allow":["GET"]}}],"collection":[{"href":"https:\/\/wpguerssen-test.odoo.rgbconsulting.com\/es\/wp-json\/wp\/v2\/product"}],"about":[{"href":"https:\/\/wpguerssen-test.odoo.rgbconsulting.com\/es\/wp-json\/wp\/v2\/types\/product"}],"wp:featuredmedia":[{"embeddable":true,"href":"https:\/\/wpguerssen-test.odoo.rgbconsulting.com\/es\/wp-json\/wp\/v2\/media\/260377"}],"wp:attachment":[{"href":"https:\/\/wpguerssen-test.odoo.rgbconsulting.com\/es\/wp-json\/wp\/v2\/media?parent=258984"}],"wp:term":[{"taxonomy":"product_brand","embeddable":true,"href":"https:\/\/wpguerssen-test.odoo.rgbconsulting.com\/es\/wp-json\/wp\/v2\/product_brand?post=258984"},{"taxonomy":"product_cat","embeddable":true,"href":"https:\/\/wpguerssen-test.odoo.rgbconsulting.com\/es\/wp-json\/wp\/v2\/product_cat?post=258984"},{"taxonomy":"product_tag","embeddable":true,"href":"https:\/\/wpguerssen-test.odoo.rgbconsulting.com\/es\/wp-json\/wp\/v2\/product_tag?post=258984"}],"curies":[{"name":"wp","href":"https:\/\/api.w.org\/{rel}","templated":true}]}}