{"id":258989,"date":"2024-03-20T00:00:00","date_gmt":"2024-03-19T23:00:00","guid":{"rendered":"https:\/\/wpguerssen-test.odoo.rgbconsulting.com\/product\/come-imparai-ad-amare-le-donne-clear-green\/"},"modified":"2025-01-09T15:45:58","modified_gmt":"2025-01-09T14:45:58","slug":"come-imparai-ad-amare-le-donne-clear-green","status":"publish","type":"product","link":"https:\/\/wpguerssen-test.odoo.rgbconsulting.com\/es\/producto\/come-imparai-ad-amare-le-donne-clear-green\/","title":{"rendered":"Come Imparai Ad Amare Le Donne (Clear Green)"},"content":{"rendered":"<p>\u00abCome imparai ad amare le donne\u00bb (C\u00f3mo aprend\u00ed a amar a las mujeres) es una comedia rom\u00e1ntica de 1966 dirigida por Luciano Salce; El reparto incluye actores de renombre internacional como Anita Ekberg, Mich\u00e8le Mercier y Robert Hoffman, adem\u00e1s de una jovenc\u00edsima Romina Power que en ese momento s\u00f3lo ten\u00eda 14 a\u00f1os. El inicio de la colaboraci\u00f3n art\u00edstica entre Ennio Morricone y Salce se remonta a 1961, con una de las primeras bandas sonoras del Maestro, \u00abIl federale\u00bb (El fascista); La colaboraci\u00f3n continu\u00f3 luego con \u00abLa voglia matta\u00bb (El deseo loco), \u00abLa cuccagna\u00bb (Una ni\u00f1a&#8230; y un mill\u00f3n), \u00abLe monachine\u00bb (Las monjitas), \u00abSlalom\u00bb, \u00abEl Greco\u00bb y, finalmente, \u00abCome imparai ad amare le donne\u00bb.<br \/>Para esta pel\u00edcula, Ennio Morricone compuso una banda sonora que es un verdadero himno al amor, con una atm\u00f3sfera elegante y refinada protagonizada por la balada beat \u00abPioggia sul tuo viso\u00bb interpretada por los ingleses. grupo Los Dolores, y por diversos temas rom\u00e1nticos como \u00abLa diva\u00bb, \u00abLa donna gattina\u00bb y \u00abLa donna romantica\u00bb que se alternan con composiciones cl\u00e1sicas como \u00abAlta moda\u00bb y \u00abAlla corte di Luigi XVI\u00bb. El tema del amor regresa en una versi\u00f3n bailable en los cr\u00e9ditos iniciales.<br \/>Lanzada originalmente en 1966 y reeditada en 1985, esta banda sonora finalmente se reedita en un LP de vinilo verde claro con una nueva obra de arte y un inserto de 30&#215;30 cm. Adem\u00e1s, cuatro temas se publican aqu\u00ed por primera vez en vinilo. Notas y audio remasterizados por Claudio Fuiano.<br \/>\u00a1Exclusivo del Record Store Day 2024!<\/p>\n","protected":false},"excerpt":{"rendered":"<p>\u00abCome imparai ad amare le donne\u00bb (C\u00f3mo aprend\u00ed a amar a las mujeres) es una comedia rom\u00e1ntica de 1966 dirigida por Luciano Salce; El reparto incluye actores de<a class=\"read\" href=\"https:\/\/wpguerssen-test.odoo.rgbconsulting.com\/es\/producto\/come-imparai-ad-amare-le-donne-clear-green\/\"> (...)<\/a>","protected":false},"featured_media":260564,"template":"","meta":{"_acf_changed":false},"product_brand":[],"product_cat":[21641],"product_tag":[29140],"class_list":{"0":"post-258989","1":"product","2":"type-product","3":"status-publish","4":"has-post-thumbnail","6":"product_cat-soundtracks-es","7":"product_tag-color-vinyl-es","8":"pa_artist-morricone-ennio-es","9":"pa_format-lp-es","10":"pa_gender-soundtracks","11":"pa_label-btf","12":"pa_location-europe-es","13":"pa_other-filters-vinyl-only-es","15":"first","16":"instock","17":"taxable","18":"shipping-taxable","19":"purchasable","20":"product-type-simple"},"acf":[],"yoast_head":"<!-- This site is optimized with the Yoast SEO plugin v24.9 - https:\/\/yoast.com\/wordpress\/plugins\/seo\/ -->\n<title>MORRICONE, Ennio - Come Imparai Ad Amare Le Donne (Clear Green) -  (LP) | Guerssen<\/title>\n<meta name=\"description\" content=\"&quot;Come imparai ad amare le donne&quot; (How I learned to love women) is a 1966 romantic comedy directed by Luciano Salce; the cast includes internationally renowned actors such as Anita Ekberg, Mich\u00e8le Mercier and Robert Hoffman, as well as a very young Romina Power who was only 14 years old at the time. The beginning of the artistic collaboration between Ennio Morricone and Salce dates back to 1961, with one of the Maestro&#039;s very first soundtracks, &quot;Il federale&quot; (The Fascist); the partnership then continued with &quot;La voglia matta&quot; (Crazy Desire), &quot;La cuccagna&quot; (A Girl... and a Million), &quot;Le monachine&quot; (The Little Nuns), &quot;Slalom&quot;, &quot;El Greco&quot; and, finally, &quot;Come imparai ad amare le donne&quot;.For this film, Ennio Morricone composed a soundtrack that is a true hymn to love, with an elegant and refined atmosphere led by the beat ballad &quot;Pioggia sul tuo viso&quot; performed by the English group The Sorrows, and by various romantic themes such as &quot;La diva&quot;, &quot;La donna gattina&quot; and &quot;La donna romantica&quot; that alternate with classical compositions such as &quot;Alta moda&quot; and &quot;Alla corte di Luigi XVI&quot;. The love theme returns in a danceable version in the opening credits.Originally released in 1966 and reissued in 1985, this soundtrack is finally reissued on clear green vinyl LP with a new artwork and a 30x30cm insert. In addition, four tracks are here released on vinyl for the first time. Liner notes and audio remastered by Claudio Fuiano.A Record Store Day 2024 exclusive!\" \/>\n<meta name=\"robots\" content=\"index, follow, max-snippet:-1, max-image-preview:large, max-video-preview:-1\" \/>\n<link rel=\"canonical\" href=\"https:\/\/wpguerssen-test.odoo.rgbconsulting.com\/es\/producto\/come-imparai-ad-amare-le-donne-clear-green\/\" \/>\n<meta property=\"og:locale\" content=\"es_ES\" \/>\n<meta property=\"og:type\" content=\"article\" \/>\n<meta property=\"og:title\" content=\"MORRICONE, Ennio - Come Imparai Ad Amare Le Donne (Clear Green) -  (LP) | Guerssen\" \/>\n<meta property=\"og:description\" content=\"&quot;Come imparai ad amare le donne&quot; (How I learned to love women) is a 1966 romantic comedy directed by Luciano Salce; the cast includes internationally renowned actors such as Anita Ekberg, Mich\u00e8le Mercier and Robert Hoffman, as well as a very young Romina Power who was only 14 years old at the time. The beginning of the artistic collaboration between Ennio Morricone and Salce dates back to 1961, with one of the Maestro&#039;s very first soundtracks, &quot;Il federale&quot; (The Fascist); the partnership then continued with &quot;La voglia matta&quot; (Crazy Desire), &quot;La cuccagna&quot; (A Girl... and a Million), &quot;Le monachine&quot; (The Little Nuns), &quot;Slalom&quot;, &quot;El Greco&quot; and, finally, &quot;Come imparai ad amare le donne&quot;.For this film, Ennio Morricone composed a soundtrack that is a true hymn to love, with an elegant and refined atmosphere led by the beat ballad &quot;Pioggia sul tuo viso&quot; performed by the English group The Sorrows, and by various romantic themes such as &quot;La diva&quot;, &quot;La donna gattina&quot; and &quot;La donna romantica&quot; that alternate with classical compositions such as &quot;Alta moda&quot; and &quot;Alla corte di Luigi XVI&quot;. The love theme returns in a danceable version in the opening credits.Originally released in 1966 and reissued in 1985, this soundtrack is finally reissued on clear green vinyl LP with a new artwork and a 30x30cm insert. In addition, four tracks are here released on vinyl for the first time. Liner notes and audio remastered by Claudio Fuiano.A Record Store Day 2024 exclusive!\" \/>\n<meta property=\"og:url\" content=\"https:\/\/wpguerssen-test.odoo.rgbconsulting.com\/es\/producto\/come-imparai-ad-amare-le-donne-clear-green\/\" \/>\n<meta property=\"og:site_name\" content=\"Guerssen records\" \/>\n<meta property=\"article:modified_time\" content=\"2025-01-09T14:45:58+00:00\" \/>\n<meta property=\"og:image\" content=\"https:\/\/wpguerssen-test.odoo.rgbconsulting.com\/wp-content\/uploads\/2024\/02\/46998.jpg\" \/>\n\t<meta property=\"og:image:width\" content=\"1500\" \/>\n\t<meta property=\"og:image:height\" content=\"1500\" \/>\n\t<meta property=\"og:image:type\" content=\"image\/jpeg\" \/>\n<meta name=\"twitter:card\" content=\"summary_large_image\" \/>\n<meta name=\"twitter:title\" content=\"MORRICONE, Ennio - Come Imparai Ad Amare Le Donne (Clear Green) -  (LP) | Guerssen\" \/>\n<meta name=\"twitter:label1\" content=\"Tiempo de lectura\" \/>\n\t<meta name=\"twitter:data1\" content=\"1 minuto\" \/>\n<script type=\"application\/ld+json\" class=\"yoast-schema-graph\">{\"@context\":\"https:\/\/schema.org\",\"@graph\":[{\"@type\":\"WebPage\",\"@id\":\"https:\/\/wpguerssen-test.odoo.rgbconsulting.com\/es\/producto\/come-imparai-ad-amare-le-donne-clear-green\/\",\"url\":\"https:\/\/wpguerssen-test.odoo.rgbconsulting.com\/es\/producto\/come-imparai-ad-amare-le-donne-clear-green\/\",\"name\":\"MORRICONE, Ennio - Come Imparai Ad Amare Le Donne (Clear Green) - (LP) | Guerssen\",\"isPartOf\":{\"@id\":\"https:\/\/wpguerssen-test.odoo.rgbconsulting.com\/es\/#website\"},\"primaryImageOfPage\":{\"@id\":\"https:\/\/wpguerssen-test.odoo.rgbconsulting.com\/es\/producto\/come-imparai-ad-amare-le-donne-clear-green\/#primaryimage\"},\"image\":{\"@id\":\"https:\/\/wpguerssen-test.odoo.rgbconsulting.com\/es\/producto\/come-imparai-ad-amare-le-donne-clear-green\/#primaryimage\"},\"thumbnailUrl\":\"https:\/\/wpguerssen-test.odoo.rgbconsulting.com\/wp-content\/uploads\/2024\/02\/46998.jpg\",\"datePublished\":\"2024-03-19T23:00:00+00:00\",\"dateModified\":\"2025-01-09T14:45:58+00:00\",\"description\":\"\\\"Come imparai ad amare le donne\\\" (How I learned to love women) is a 1966 romantic comedy directed by Luciano Salce; the cast includes internationally renowned actors such as Anita Ekberg, Mich\u00e8le Mercier and Robert Hoffman, as well as a very young Romina Power who was only 14 years old at the time. The beginning of the artistic collaboration between Ennio Morricone and Salce dates back to 1961, with one of the Maestro's very first soundtracks, \\\"Il federale\\\" (The Fascist); the partnership then continued with \\\"La voglia matta\\\" (Crazy Desire), \\\"La cuccagna\\\" (A Girl... and a Million), \\\"Le monachine\\\" (The Little Nuns), \\\"Slalom\\\", \\\"El Greco\\\" and, finally, \\\"Come imparai ad amare le donne\\\".For this film, Ennio Morricone composed a soundtrack that is a true hymn to love, with an elegant and refined atmosphere led by the beat ballad \\\"Pioggia sul tuo viso\\\" performed by the English group The Sorrows, and by various romantic themes such as \\\"La diva\\\", \\\"La donna gattina\\\" and \\\"La donna romantica\\\" that alternate with classical compositions such as \\\"Alta moda\\\" and \\\"Alla corte di Luigi XVI\\\". The love theme returns in a danceable version in the opening credits.Originally released in 1966 and reissued in 1985, this soundtrack is finally reissued on clear green vinyl LP with a new artwork and a 30x30cm insert. In addition, four tracks are here released on vinyl for the first time. Liner notes and audio remastered by Claudio Fuiano.A Record Store Day 2024 exclusive!\",\"breadcrumb\":{\"@id\":\"https:\/\/wpguerssen-test.odoo.rgbconsulting.com\/es\/producto\/come-imparai-ad-amare-le-donne-clear-green\/#breadcrumb\"},\"inLanguage\":\"es\",\"potentialAction\":[{\"@type\":\"ReadAction\",\"target\":[\"https:\/\/wpguerssen-test.odoo.rgbconsulting.com\/es\/producto\/come-imparai-ad-amare-le-donne-clear-green\/\"]}]},{\"@type\":\"ImageObject\",\"inLanguage\":\"es\",\"@id\":\"https:\/\/wpguerssen-test.odoo.rgbconsulting.com\/es\/producto\/come-imparai-ad-amare-le-donne-clear-green\/#primaryimage\",\"url\":\"https:\/\/wpguerssen-test.odoo.rgbconsulting.com\/wp-content\/uploads\/2024\/02\/46998.jpg\",\"contentUrl\":\"https:\/\/wpguerssen-test.odoo.rgbconsulting.com\/wp-content\/uploads\/2024\/02\/46998.jpg\",\"width\":1500,\"height\":1500,\"caption\":\"Ennio - Come Imparai Ad Amare Le Donne (Clear Green) - BTF (LP) | Guerssen\"},{\"@type\":\"BreadcrumbList\",\"@id\":\"https:\/\/wpguerssen-test.odoo.rgbconsulting.com\/es\/producto\/come-imparai-ad-amare-le-donne-clear-green\/#breadcrumb\",\"itemListElement\":[{\"@type\":\"ListItem\",\"position\":1,\"name\":\"Inicio\",\"item\":\"https:\/\/wpguerssen-test.odoo.rgbconsulting.com\/es\/\"},{\"@type\":\"ListItem\",\"position\":2,\"name\":\"Shop\",\"item\":\"https:\/\/wpguerssen-test.odoo.rgbconsulting.com\/shop\/\"},{\"@type\":\"ListItem\",\"position\":3,\"name\":\"Come Imparai Ad Amare Le Donne (Clear Green)\"}]},{\"@type\":\"WebSite\",\"@id\":\"https:\/\/wpguerssen-test.odoo.rgbconsulting.com\/es\/#website\",\"url\":\"https:\/\/wpguerssen-test.odoo.rgbconsulting.com\/es\/\",\"name\":\"Guerssen records\",\"description\":\"psychedelia - progressive - folk - garage \",\"publisher\":{\"@id\":\"https:\/\/wpguerssen-test.odoo.rgbconsulting.com\/es\/#organization\"},\"potentialAction\":[{\"@type\":\"SearchAction\",\"target\":{\"@type\":\"EntryPoint\",\"urlTemplate\":\"https:\/\/wpguerssen-test.odoo.rgbconsulting.com\/es\/?s={search_term_string}\"},\"query-input\":{\"@type\":\"PropertyValueSpecification\",\"valueRequired\":true,\"valueName\":\"search_term_string\"}}],\"inLanguage\":\"es\"},{\"@type\":\"Organization\",\"@id\":\"https:\/\/wpguerssen-test.odoo.rgbconsulting.com\/es\/#organization\",\"name\":\"Guerssen records\",\"url\":\"https:\/\/wpguerssen-test.odoo.rgbconsulting.com\/es\/\",\"logo\":{\"@type\":\"ImageObject\",\"inLanguage\":\"es\",\"@id\":\"https:\/\/wpguerssen-test.odoo.rgbconsulting.com\/es\/#\/schema\/logo\/image\/\",\"url\":\"https:\/\/wpguerssen-test.odoo.rgbconsulting.com\/wp-content\/uploads\/2022\/04\/Logo_Guerssen_trans_100.png\",\"contentUrl\":\"https:\/\/wpguerssen-test.odoo.rgbconsulting.com\/wp-content\/uploads\/2022\/04\/Logo_Guerssen_trans_100.png\",\"width\":122,\"height\":100,\"caption\":\"Guerssen records\"},\"image\":{\"@id\":\"https:\/\/wpguerssen-test.odoo.rgbconsulting.com\/es\/#\/schema\/logo\/image\/\"}}]}<\/script>\n<!-- \/ Yoast SEO plugin. -->","yoast_head_json":{"title":"MORRICONE, Ennio - Come Imparai Ad Amare Le Donne (Clear Green) -  (LP) | Guerssen","description":"\"Come imparai ad amare le donne\" (How I learned to love women) is a 1966 romantic comedy directed by Luciano Salce; the cast includes internationally renowned actors such as Anita Ekberg, Mich\u00e8le Mercier and Robert Hoffman, as well as a very young Romina Power who was only 14 years old at the time. The beginning of the artistic collaboration between Ennio Morricone and Salce dates back to 1961, with one of the Maestro's very first soundtracks, \"Il federale\" (The Fascist); the partnership then continued with \"La voglia matta\" (Crazy Desire), \"La cuccagna\" (A Girl... and a Million), \"Le monachine\" (The Little Nuns), \"Slalom\", \"El Greco\" and, finally, \"Come imparai ad amare le donne\".For this film, Ennio Morricone composed a soundtrack that is a true hymn to love, with an elegant and refined atmosphere led by the beat ballad \"Pioggia sul tuo viso\" performed by the English group The Sorrows, and by various romantic themes such as \"La diva\", \"La donna gattina\" and \"La donna romantica\" that alternate with classical compositions such as \"Alta moda\" and \"Alla corte di Luigi XVI\". The love theme returns in a danceable version in the opening credits.Originally released in 1966 and reissued in 1985, this soundtrack is finally reissued on clear green vinyl LP with a new artwork and a 30x30cm insert. In addition, four tracks are here released on vinyl for the first time. Liner notes and audio remastered by Claudio Fuiano.A Record Store Day 2024 exclusive!","robots":{"index":"index","follow":"follow","max-snippet":"max-snippet:-1","max-image-preview":"max-image-preview:large","max-video-preview":"max-video-preview:-1"},"canonical":"https:\/\/wpguerssen-test.odoo.rgbconsulting.com\/es\/producto\/come-imparai-ad-amare-le-donne-clear-green\/","og_locale":"es_ES","og_type":"article","og_title":"MORRICONE, Ennio - Come Imparai Ad Amare Le Donne (Clear Green) -  (LP) | Guerssen","og_description":"\"Come imparai ad amare le donne\" (How I learned to love women) is a 1966 romantic comedy directed by Luciano Salce; the cast includes internationally renowned actors such as Anita Ekberg, Mich\u00e8le Mercier and Robert Hoffman, as well as a very young Romina Power who was only 14 years old at the time. The beginning of the artistic collaboration between Ennio Morricone and Salce dates back to 1961, with one of the Maestro's very first soundtracks, \"Il federale\" (The Fascist); the partnership then continued with \"La voglia matta\" (Crazy Desire), \"La cuccagna\" (A Girl... and a Million), \"Le monachine\" (The Little Nuns), \"Slalom\", \"El Greco\" and, finally, \"Come imparai ad amare le donne\".For this film, Ennio Morricone composed a soundtrack that is a true hymn to love, with an elegant and refined atmosphere led by the beat ballad \"Pioggia sul tuo viso\" performed by the English group The Sorrows, and by various romantic themes such as \"La diva\", \"La donna gattina\" and \"La donna romantica\" that alternate with classical compositions such as \"Alta moda\" and \"Alla corte di Luigi XVI\". The love theme returns in a danceable version in the opening credits.Originally released in 1966 and reissued in 1985, this soundtrack is finally reissued on clear green vinyl LP with a new artwork and a 30x30cm insert. In addition, four tracks are here released on vinyl for the first time. Liner notes and audio remastered by Claudio Fuiano.A Record Store Day 2024 exclusive!","og_url":"https:\/\/wpguerssen-test.odoo.rgbconsulting.com\/es\/producto\/come-imparai-ad-amare-le-donne-clear-green\/","og_site_name":"Guerssen records","article_modified_time":"2025-01-09T14:45:58+00:00","og_image":[{"width":1500,"height":1500,"url":"https:\/\/wpguerssen-test.odoo.rgbconsulting.com\/wp-content\/uploads\/2024\/02\/46998.jpg","type":"image\/jpeg"}],"twitter_card":"summary_large_image","twitter_title":"MORRICONE, Ennio - Come Imparai Ad Amare Le Donne (Clear Green) -  (LP) | Guerssen","twitter_misc":{"Tiempo de lectura":"1 minuto"},"schema":{"@context":"https:\/\/schema.org","@graph":[{"@type":"WebPage","@id":"https:\/\/wpguerssen-test.odoo.rgbconsulting.com\/es\/producto\/come-imparai-ad-amare-le-donne-clear-green\/","url":"https:\/\/wpguerssen-test.odoo.rgbconsulting.com\/es\/producto\/come-imparai-ad-amare-le-donne-clear-green\/","name":"MORRICONE, Ennio - Come Imparai Ad Amare Le Donne (Clear Green) - (LP) | Guerssen","isPartOf":{"@id":"https:\/\/wpguerssen-test.odoo.rgbconsulting.com\/es\/#website"},"primaryImageOfPage":{"@id":"https:\/\/wpguerssen-test.odoo.rgbconsulting.com\/es\/producto\/come-imparai-ad-amare-le-donne-clear-green\/#primaryimage"},"image":{"@id":"https:\/\/wpguerssen-test.odoo.rgbconsulting.com\/es\/producto\/come-imparai-ad-amare-le-donne-clear-green\/#primaryimage"},"thumbnailUrl":"https:\/\/wpguerssen-test.odoo.rgbconsulting.com\/wp-content\/uploads\/2024\/02\/46998.jpg","datePublished":"2024-03-19T23:00:00+00:00","dateModified":"2025-01-09T14:45:58+00:00","description":"\"Come imparai ad amare le donne\" (How I learned to love women) is a 1966 romantic comedy directed by Luciano Salce; the cast includes internationally renowned actors such as Anita Ekberg, Mich\u00e8le Mercier and Robert Hoffman, as well as a very young Romina Power who was only 14 years old at the time. The beginning of the artistic collaboration between Ennio Morricone and Salce dates back to 1961, with one of the Maestro's very first soundtracks, \"Il federale\" (The Fascist); the partnership then continued with \"La voglia matta\" (Crazy Desire), \"La cuccagna\" (A Girl... and a Million), \"Le monachine\" (The Little Nuns), \"Slalom\", \"El Greco\" and, finally, \"Come imparai ad amare le donne\".For this film, Ennio Morricone composed a soundtrack that is a true hymn to love, with an elegant and refined atmosphere led by the beat ballad \"Pioggia sul tuo viso\" performed by the English group The Sorrows, and by various romantic themes such as \"La diva\", \"La donna gattina\" and \"La donna romantica\" that alternate with classical compositions such as \"Alta moda\" and \"Alla corte di Luigi XVI\". The love theme returns in a danceable version in the opening credits.Originally released in 1966 and reissued in 1985, this soundtrack is finally reissued on clear green vinyl LP with a new artwork and a 30x30cm insert. In addition, four tracks are here released on vinyl for the first time. Liner notes and audio remastered by Claudio Fuiano.A Record Store Day 2024 exclusive!","breadcrumb":{"@id":"https:\/\/wpguerssen-test.odoo.rgbconsulting.com\/es\/producto\/come-imparai-ad-amare-le-donne-clear-green\/#breadcrumb"},"inLanguage":"es","potentialAction":[{"@type":"ReadAction","target":["https:\/\/wpguerssen-test.odoo.rgbconsulting.com\/es\/producto\/come-imparai-ad-amare-le-donne-clear-green\/"]}]},{"@type":"ImageObject","inLanguage":"es","@id":"https:\/\/wpguerssen-test.odoo.rgbconsulting.com\/es\/producto\/come-imparai-ad-amare-le-donne-clear-green\/#primaryimage","url":"https:\/\/wpguerssen-test.odoo.rgbconsulting.com\/wp-content\/uploads\/2024\/02\/46998.jpg","contentUrl":"https:\/\/wpguerssen-test.odoo.rgbconsulting.com\/wp-content\/uploads\/2024\/02\/46998.jpg","width":1500,"height":1500,"caption":"Ennio - Come Imparai Ad Amare Le Donne (Clear Green) - BTF (LP) | Guerssen"},{"@type":"BreadcrumbList","@id":"https:\/\/wpguerssen-test.odoo.rgbconsulting.com\/es\/producto\/come-imparai-ad-amare-le-donne-clear-green\/#breadcrumb","itemListElement":[{"@type":"ListItem","position":1,"name":"Inicio","item":"https:\/\/wpguerssen-test.odoo.rgbconsulting.com\/es\/"},{"@type":"ListItem","position":2,"name":"Shop","item":"https:\/\/wpguerssen-test.odoo.rgbconsulting.com\/shop\/"},{"@type":"ListItem","position":3,"name":"Come Imparai Ad Amare Le Donne (Clear Green)"}]},{"@type":"WebSite","@id":"https:\/\/wpguerssen-test.odoo.rgbconsulting.com\/es\/#website","url":"https:\/\/wpguerssen-test.odoo.rgbconsulting.com\/es\/","name":"Guerssen records","description":"psychedelia - progressive - folk - garage ","publisher":{"@id":"https:\/\/wpguerssen-test.odoo.rgbconsulting.com\/es\/#organization"},"potentialAction":[{"@type":"SearchAction","target":{"@type":"EntryPoint","urlTemplate":"https:\/\/wpguerssen-test.odoo.rgbconsulting.com\/es\/?s={search_term_string}"},"query-input":{"@type":"PropertyValueSpecification","valueRequired":true,"valueName":"search_term_string"}}],"inLanguage":"es"},{"@type":"Organization","@id":"https:\/\/wpguerssen-test.odoo.rgbconsulting.com\/es\/#organization","name":"Guerssen records","url":"https:\/\/wpguerssen-test.odoo.rgbconsulting.com\/es\/","logo":{"@type":"ImageObject","inLanguage":"es","@id":"https:\/\/wpguerssen-test.odoo.rgbconsulting.com\/es\/#\/schema\/logo\/image\/","url":"https:\/\/wpguerssen-test.odoo.rgbconsulting.com\/wp-content\/uploads\/2022\/04\/Logo_Guerssen_trans_100.png","contentUrl":"https:\/\/wpguerssen-test.odoo.rgbconsulting.com\/wp-content\/uploads\/2022\/04\/Logo_Guerssen_trans_100.png","width":122,"height":100,"caption":"Guerssen records"},"image":{"@id":"https:\/\/wpguerssen-test.odoo.rgbconsulting.com\/es\/#\/schema\/logo\/image\/"}}]}},"_links":{"self":[{"href":"https:\/\/wpguerssen-test.odoo.rgbconsulting.com\/es\/wp-json\/wp\/v2\/product\/258989","targetHints":{"allow":["GET"]}}],"collection":[{"href":"https:\/\/wpguerssen-test.odoo.rgbconsulting.com\/es\/wp-json\/wp\/v2\/product"}],"about":[{"href":"https:\/\/wpguerssen-test.odoo.rgbconsulting.com\/es\/wp-json\/wp\/v2\/types\/product"}],"wp:featuredmedia":[{"embeddable":true,"href":"https:\/\/wpguerssen-test.odoo.rgbconsulting.com\/es\/wp-json\/wp\/v2\/media\/260564"}],"wp:attachment":[{"href":"https:\/\/wpguerssen-test.odoo.rgbconsulting.com\/es\/wp-json\/wp\/v2\/media?parent=258989"}],"wp:term":[{"taxonomy":"product_brand","embeddable":true,"href":"https:\/\/wpguerssen-test.odoo.rgbconsulting.com\/es\/wp-json\/wp\/v2\/product_brand?post=258989"},{"taxonomy":"product_cat","embeddable":true,"href":"https:\/\/wpguerssen-test.odoo.rgbconsulting.com\/es\/wp-json\/wp\/v2\/product_cat?post=258989"},{"taxonomy":"product_tag","embeddable":true,"href":"https:\/\/wpguerssen-test.odoo.rgbconsulting.com\/es\/wp-json\/wp\/v2\/product_tag?post=258989"}],"curies":[{"name":"wp","href":"https:\/\/api.w.org\/{rel}","templated":true}]}}