{"id":260635,"date":"2024-03-07T00:00:00","date_gmt":"2024-03-06T23:00:00","guid":{"rendered":"https:\/\/wpguerssen-test.odoo.rgbconsulting.com\/product\/strepitus-rhythmicus\/"},"modified":"2024-09-02T14:31:32","modified_gmt":"2024-09-02T12:31:32","slug":"strepitus-rhythmicus","status":"publish","type":"product","link":"https:\/\/wpguerssen-test.odoo.rgbconsulting.com\/es\/producto\/strepitus-rhythmicus\/","title":{"rendered":"Strepitus Rhythmicus"},"content":{"rendered":"<p>La leyenda contin\u00faa. Despu\u00e9s de grabar un \u00e1lbum del nuevo y sorprendente proyecto ASA junto con Uwe Schmidt\/ATOM TM (Raster 2023), la banda de culto pionera Esplendor Geom\u00e9trico nos ofrece su nuevo \u00e1lbum, Strepitus Rhythmicus, de m\u00fasica postindustrial futurista y maquinista. Pulso el\u00e9ctrico de ritmos mec\u00e1nicos, voces ocultas y ruidos de f\u00e1brica. La banda se reinventa una y otra vez sin perder su esencia \u00fanica. Radicados ahora en Islamabad y Roma, Arturo Lanz &#038; Saverio Evangelista no han parado en los \u00faltimos a\u00f1os con sus actuaciones en directo por todo el mundo con gran \u00e9xito.<\/p>\n","protected":false},"excerpt":{"rendered":"<p>La leyenda contin\u00faa. Despu\u00e9s de grabar un \u00e1lbum del nuevo y sorprendente proyecto ASA junto con Uwe Schmidt\/ATOM TM (Raster 2023), la banda de culto pionera Esplendor<a class=\"read\" href=\"https:\/\/wpguerssen-test.odoo.rgbconsulting.com\/es\/producto\/strepitus-rhythmicus\/\"> (...)<\/a>","protected":false},"featured_media":260587,"template":"","meta":{"_acf_changed":false},"product_brand":[],"product_cat":[23226,23222],"product_tag":[],"class_list":{"0":"post-260635","1":"product","2":"type-product","3":"status-publish","4":"has-post-thumbnail","6":"product_cat-industrial-es","7":"product_cat-goth-darkwave-minima-es","8":"pa_artist-esplendor-geometrico","9":"pa_format-lp-es","10":"pa_gender-industrial-goth-darkwave-minima","11":"pa_label-geometrik","12":"pa_location-spain-es","13":"pa_other-filters-vinyl-only-es","15":"first","16":"instock","17":"taxable","18":"shipping-taxable","19":"purchasable","20":"product-type-simple"},"acf":[],"yoast_head":"<!-- This site is optimized with the Yoast SEO plugin v24.9 - https:\/\/yoast.com\/wordpress\/plugins\/seo\/ -->\n<title>ESPLENDOR GEOMETRICO - Strepitus Rhythmicus -  (LP) | Guerssen<\/title>\n<meta name=\"description\" content=\"The legend continues. After recording an album of the amazing new project ASA together with Uwe Schmidt\/ATOM TM (Raster 2023), the pioneer cult band Esplendor Geom\u00e9trico offers us their new album, Strepitus Rhythmicus, of machine-like and futuristic post-industrial music. Electric pulse of mechanical rhythms, hidden voices, and factory noises. E.G. reinvent themselves again and again without losing their unique essence. Based now in Islamabad and Rome, Arturo Lanz &amp; Saverio Evangelista have not stopped their live performances all over the world in the last years with great success.TRACKLIST LP SIDE A A1. Compensaci\u00f3n 4.37 A2. Concesi\u00f3n 4.00 A3. Nueva Industria 4.15 A4. Metro Sur 4.31 A5. Revoluci\u00f3n 3.59 SIDE B B1. Regreso 4.23 B2. Entelequia 5.46 B3. Cu\u00e1ntico 4.15 B4. Gravitar Alrededor 4.04\" \/>\n<meta name=\"robots\" content=\"index, follow, max-snippet:-1, max-image-preview:large, max-video-preview:-1\" \/>\n<link rel=\"canonical\" href=\"https:\/\/wpguerssen-test.odoo.rgbconsulting.com\/es\/producto\/strepitus-rhythmicus\/\" \/>\n<meta property=\"og:locale\" content=\"es_ES\" \/>\n<meta property=\"og:type\" content=\"article\" \/>\n<meta property=\"og:title\" content=\"ESPLENDOR GEOMETRICO - Strepitus Rhythmicus -  (LP) | Guerssen\" \/>\n<meta property=\"og:description\" content=\"The legend continues. After recording an album of the amazing new project ASA together with Uwe Schmidt\/ATOM TM (Raster 2023), the pioneer cult band Esplendor Geom\u00e9trico offers us their new album, Strepitus Rhythmicus, of machine-like and futuristic post-industrial music. Electric pulse of mechanical rhythms, hidden voices, and factory noises. E.G. reinvent themselves again and again without losing their unique essence. Based now in Islamabad and Rome, Arturo Lanz &amp; Saverio Evangelista have not stopped their live performances all over the world in the last years with great success.TRACKLIST LP SIDE A A1. Compensaci\u00f3n 4.37 A2. Concesi\u00f3n 4.00 A3. Nueva Industria 4.15 A4. Metro Sur 4.31 A5. Revoluci\u00f3n 3.59 SIDE B B1. Regreso 4.23 B2. Entelequia 5.46 B3. Cu\u00e1ntico 4.15 B4. Gravitar Alrededor 4.04\" \/>\n<meta property=\"og:url\" content=\"https:\/\/wpguerssen-test.odoo.rgbconsulting.com\/es\/producto\/strepitus-rhythmicus\/\" \/>\n<meta property=\"og:site_name\" content=\"Guerssen records\" \/>\n<meta property=\"article:modified_time\" content=\"2024-09-02T12:31:32+00:00\" \/>\n<meta property=\"og:image\" content=\"https:\/\/wpguerssen-test.odoo.rgbconsulting.com\/wp-content\/uploads\/2024\/02\/47009.jpg\" \/>\n\t<meta property=\"og:image:width\" content=\"600\" \/>\n\t<meta property=\"og:image:height\" content=\"600\" \/>\n\t<meta property=\"og:image:type\" content=\"image\/jpeg\" \/>\n<meta name=\"twitter:card\" content=\"summary_large_image\" \/>\n<meta name=\"twitter:title\" content=\"ESPLENDOR GEOMETRICO - Strepitus Rhythmicus -  (LP) | Guerssen\" \/>\n<meta name=\"twitter:label1\" content=\"Tiempo de lectura\" \/>\n\t<meta name=\"twitter:data1\" content=\"1 minuto\" \/>\n<script type=\"application\/ld+json\" class=\"yoast-schema-graph\">{\"@context\":\"https:\/\/schema.org\",\"@graph\":[{\"@type\":\"WebPage\",\"@id\":\"https:\/\/wpguerssen-test.odoo.rgbconsulting.com\/es\/producto\/strepitus-rhythmicus\/\",\"url\":\"https:\/\/wpguerssen-test.odoo.rgbconsulting.com\/es\/producto\/strepitus-rhythmicus\/\",\"name\":\"ESPLENDOR GEOMETRICO - Strepitus Rhythmicus - (LP) | Guerssen\",\"isPartOf\":{\"@id\":\"https:\/\/wpguerssen-test.odoo.rgbconsulting.com\/es\/#website\"},\"primaryImageOfPage\":{\"@id\":\"https:\/\/wpguerssen-test.odoo.rgbconsulting.com\/es\/producto\/strepitus-rhythmicus\/#primaryimage\"},\"image\":{\"@id\":\"https:\/\/wpguerssen-test.odoo.rgbconsulting.com\/es\/producto\/strepitus-rhythmicus\/#primaryimage\"},\"thumbnailUrl\":\"https:\/\/wpguerssen-test.odoo.rgbconsulting.com\/wp-content\/uploads\/2024\/02\/47009.jpg\",\"datePublished\":\"2024-03-06T23:00:00+00:00\",\"dateModified\":\"2024-09-02T12:31:32+00:00\",\"description\":\"The legend continues. After recording an album of the amazing new project ASA together with Uwe Schmidt\/ATOM TM (Raster 2023), the pioneer cult band Esplendor Geom\u00e9trico offers us their new album, Strepitus Rhythmicus, of machine-like and futuristic post-industrial music. Electric pulse of mechanical rhythms, hidden voices, and factory noises. E.G. reinvent themselves again and again without losing their unique essence. Based now in Islamabad and Rome, Arturo Lanz & Saverio Evangelista have not stopped their live performances all over the world in the last years with great success.TRACKLIST LP SIDE A A1. Compensaci\u00f3n 4.37 A2. Concesi\u00f3n 4.00 A3. Nueva Industria 4.15 A4. Metro Sur 4.31 A5. Revoluci\u00f3n 3.59 SIDE B B1. Regreso 4.23 B2. Entelequia 5.46 B3. Cu\u00e1ntico 4.15 B4. Gravitar Alrededor 4.04\",\"breadcrumb\":{\"@id\":\"https:\/\/wpguerssen-test.odoo.rgbconsulting.com\/es\/producto\/strepitus-rhythmicus\/#breadcrumb\"},\"inLanguage\":\"es\",\"potentialAction\":[{\"@type\":\"ReadAction\",\"target\":[\"https:\/\/wpguerssen-test.odoo.rgbconsulting.com\/es\/producto\/strepitus-rhythmicus\/\"]}]},{\"@type\":\"ImageObject\",\"inLanguage\":\"es\",\"@id\":\"https:\/\/wpguerssen-test.odoo.rgbconsulting.com\/es\/producto\/strepitus-rhythmicus\/#primaryimage\",\"url\":\"https:\/\/wpguerssen-test.odoo.rgbconsulting.com\/wp-content\/uploads\/2024\/02\/47009.jpg\",\"contentUrl\":\"https:\/\/wpguerssen-test.odoo.rgbconsulting.com\/wp-content\/uploads\/2024\/02\/47009.jpg\",\"width\":600,\"height\":600},{\"@type\":\"BreadcrumbList\",\"@id\":\"https:\/\/wpguerssen-test.odoo.rgbconsulting.com\/es\/producto\/strepitus-rhythmicus\/#breadcrumb\",\"itemListElement\":[{\"@type\":\"ListItem\",\"position\":1,\"name\":\"Inicio\",\"item\":\"https:\/\/wpguerssen-test.odoo.rgbconsulting.com\/es\/\"},{\"@type\":\"ListItem\",\"position\":2,\"name\":\"Shop\",\"item\":\"https:\/\/wpguerssen-test.odoo.rgbconsulting.com\/shop\/\"},{\"@type\":\"ListItem\",\"position\":3,\"name\":\"Strepitus Rhythmicus\"}]},{\"@type\":\"WebSite\",\"@id\":\"https:\/\/wpguerssen-test.odoo.rgbconsulting.com\/es\/#website\",\"url\":\"https:\/\/wpguerssen-test.odoo.rgbconsulting.com\/es\/\",\"name\":\"Guerssen records\",\"description\":\"psychedelia - progressive - folk - garage \",\"publisher\":{\"@id\":\"https:\/\/wpguerssen-test.odoo.rgbconsulting.com\/es\/#organization\"},\"potentialAction\":[{\"@type\":\"SearchAction\",\"target\":{\"@type\":\"EntryPoint\",\"urlTemplate\":\"https:\/\/wpguerssen-test.odoo.rgbconsulting.com\/es\/?s={search_term_string}\"},\"query-input\":{\"@type\":\"PropertyValueSpecification\",\"valueRequired\":true,\"valueName\":\"search_term_string\"}}],\"inLanguage\":\"es\"},{\"@type\":\"Organization\",\"@id\":\"https:\/\/wpguerssen-test.odoo.rgbconsulting.com\/es\/#organization\",\"name\":\"Guerssen records\",\"url\":\"https:\/\/wpguerssen-test.odoo.rgbconsulting.com\/es\/\",\"logo\":{\"@type\":\"ImageObject\",\"inLanguage\":\"es\",\"@id\":\"https:\/\/wpguerssen-test.odoo.rgbconsulting.com\/es\/#\/schema\/logo\/image\/\",\"url\":\"https:\/\/wpguerssen-test.odoo.rgbconsulting.com\/wp-content\/uploads\/2022\/04\/Logo_Guerssen_trans_100.png\",\"contentUrl\":\"https:\/\/wpguerssen-test.odoo.rgbconsulting.com\/wp-content\/uploads\/2022\/04\/Logo_Guerssen_trans_100.png\",\"width\":122,\"height\":100,\"caption\":\"Guerssen records\"},\"image\":{\"@id\":\"https:\/\/wpguerssen-test.odoo.rgbconsulting.com\/es\/#\/schema\/logo\/image\/\"}}]}<\/script>\n<!-- \/ Yoast SEO plugin. -->","yoast_head_json":{"title":"ESPLENDOR GEOMETRICO - Strepitus Rhythmicus -  (LP) | Guerssen","description":"The legend continues. After recording an album of the amazing new project ASA together with Uwe Schmidt\/ATOM TM (Raster 2023), the pioneer cult band Esplendor Geom\u00e9trico offers us their new album, Strepitus Rhythmicus, of machine-like and futuristic post-industrial music. Electric pulse of mechanical rhythms, hidden voices, and factory noises. E.G. reinvent themselves again and again without losing their unique essence. Based now in Islamabad and Rome, Arturo Lanz & Saverio Evangelista have not stopped their live performances all over the world in the last years with great success.TRACKLIST LP SIDE A A1. Compensaci\u00f3n 4.37 A2. Concesi\u00f3n 4.00 A3. Nueva Industria 4.15 A4. Metro Sur 4.31 A5. Revoluci\u00f3n 3.59 SIDE B B1. Regreso 4.23 B2. Entelequia 5.46 B3. Cu\u00e1ntico 4.15 B4. Gravitar Alrededor 4.04","robots":{"index":"index","follow":"follow","max-snippet":"max-snippet:-1","max-image-preview":"max-image-preview:large","max-video-preview":"max-video-preview:-1"},"canonical":"https:\/\/wpguerssen-test.odoo.rgbconsulting.com\/es\/producto\/strepitus-rhythmicus\/","og_locale":"es_ES","og_type":"article","og_title":"ESPLENDOR GEOMETRICO - Strepitus Rhythmicus -  (LP) | Guerssen","og_description":"The legend continues. After recording an album of the amazing new project ASA together with Uwe Schmidt\/ATOM TM (Raster 2023), the pioneer cult band Esplendor Geom\u00e9trico offers us their new album, Strepitus Rhythmicus, of machine-like and futuristic post-industrial music. Electric pulse of mechanical rhythms, hidden voices, and factory noises. E.G. reinvent themselves again and again without losing their unique essence. Based now in Islamabad and Rome, Arturo Lanz & Saverio Evangelista have not stopped their live performances all over the world in the last years with great success.TRACKLIST LP SIDE A A1. Compensaci\u00f3n 4.37 A2. Concesi\u00f3n 4.00 A3. Nueva Industria 4.15 A4. Metro Sur 4.31 A5. Revoluci\u00f3n 3.59 SIDE B B1. Regreso 4.23 B2. Entelequia 5.46 B3. Cu\u00e1ntico 4.15 B4. Gravitar Alrededor 4.04","og_url":"https:\/\/wpguerssen-test.odoo.rgbconsulting.com\/es\/producto\/strepitus-rhythmicus\/","og_site_name":"Guerssen records","article_modified_time":"2024-09-02T12:31:32+00:00","og_image":[{"width":600,"height":600,"url":"https:\/\/wpguerssen-test.odoo.rgbconsulting.com\/wp-content\/uploads\/2024\/02\/47009.jpg","type":"image\/jpeg"}],"twitter_card":"summary_large_image","twitter_title":"ESPLENDOR GEOMETRICO - Strepitus Rhythmicus -  (LP) | Guerssen","twitter_misc":{"Tiempo de lectura":"1 minuto"},"schema":{"@context":"https:\/\/schema.org","@graph":[{"@type":"WebPage","@id":"https:\/\/wpguerssen-test.odoo.rgbconsulting.com\/es\/producto\/strepitus-rhythmicus\/","url":"https:\/\/wpguerssen-test.odoo.rgbconsulting.com\/es\/producto\/strepitus-rhythmicus\/","name":"ESPLENDOR GEOMETRICO - Strepitus Rhythmicus - (LP) | Guerssen","isPartOf":{"@id":"https:\/\/wpguerssen-test.odoo.rgbconsulting.com\/es\/#website"},"primaryImageOfPage":{"@id":"https:\/\/wpguerssen-test.odoo.rgbconsulting.com\/es\/producto\/strepitus-rhythmicus\/#primaryimage"},"image":{"@id":"https:\/\/wpguerssen-test.odoo.rgbconsulting.com\/es\/producto\/strepitus-rhythmicus\/#primaryimage"},"thumbnailUrl":"https:\/\/wpguerssen-test.odoo.rgbconsulting.com\/wp-content\/uploads\/2024\/02\/47009.jpg","datePublished":"2024-03-06T23:00:00+00:00","dateModified":"2024-09-02T12:31:32+00:00","description":"The legend continues. After recording an album of the amazing new project ASA together with Uwe Schmidt\/ATOM TM (Raster 2023), the pioneer cult band Esplendor Geom\u00e9trico offers us their new album, Strepitus Rhythmicus, of machine-like and futuristic post-industrial music. Electric pulse of mechanical rhythms, hidden voices, and factory noises. E.G. reinvent themselves again and again without losing their unique essence. Based now in Islamabad and Rome, Arturo Lanz & Saverio Evangelista have not stopped their live performances all over the world in the last years with great success.TRACKLIST LP SIDE A A1. Compensaci\u00f3n 4.37 A2. Concesi\u00f3n 4.00 A3. Nueva Industria 4.15 A4. Metro Sur 4.31 A5. Revoluci\u00f3n 3.59 SIDE B B1. Regreso 4.23 B2. Entelequia 5.46 B3. Cu\u00e1ntico 4.15 B4. Gravitar Alrededor 4.04","breadcrumb":{"@id":"https:\/\/wpguerssen-test.odoo.rgbconsulting.com\/es\/producto\/strepitus-rhythmicus\/#breadcrumb"},"inLanguage":"es","potentialAction":[{"@type":"ReadAction","target":["https:\/\/wpguerssen-test.odoo.rgbconsulting.com\/es\/producto\/strepitus-rhythmicus\/"]}]},{"@type":"ImageObject","inLanguage":"es","@id":"https:\/\/wpguerssen-test.odoo.rgbconsulting.com\/es\/producto\/strepitus-rhythmicus\/#primaryimage","url":"https:\/\/wpguerssen-test.odoo.rgbconsulting.com\/wp-content\/uploads\/2024\/02\/47009.jpg","contentUrl":"https:\/\/wpguerssen-test.odoo.rgbconsulting.com\/wp-content\/uploads\/2024\/02\/47009.jpg","width":600,"height":600},{"@type":"BreadcrumbList","@id":"https:\/\/wpguerssen-test.odoo.rgbconsulting.com\/es\/producto\/strepitus-rhythmicus\/#breadcrumb","itemListElement":[{"@type":"ListItem","position":1,"name":"Inicio","item":"https:\/\/wpguerssen-test.odoo.rgbconsulting.com\/es\/"},{"@type":"ListItem","position":2,"name":"Shop","item":"https:\/\/wpguerssen-test.odoo.rgbconsulting.com\/shop\/"},{"@type":"ListItem","position":3,"name":"Strepitus Rhythmicus"}]},{"@type":"WebSite","@id":"https:\/\/wpguerssen-test.odoo.rgbconsulting.com\/es\/#website","url":"https:\/\/wpguerssen-test.odoo.rgbconsulting.com\/es\/","name":"Guerssen records","description":"psychedelia - progressive - folk - garage ","publisher":{"@id":"https:\/\/wpguerssen-test.odoo.rgbconsulting.com\/es\/#organization"},"potentialAction":[{"@type":"SearchAction","target":{"@type":"EntryPoint","urlTemplate":"https:\/\/wpguerssen-test.odoo.rgbconsulting.com\/es\/?s={search_term_string}"},"query-input":{"@type":"PropertyValueSpecification","valueRequired":true,"valueName":"search_term_string"}}],"inLanguage":"es"},{"@type":"Organization","@id":"https:\/\/wpguerssen-test.odoo.rgbconsulting.com\/es\/#organization","name":"Guerssen records","url":"https:\/\/wpguerssen-test.odoo.rgbconsulting.com\/es\/","logo":{"@type":"ImageObject","inLanguage":"es","@id":"https:\/\/wpguerssen-test.odoo.rgbconsulting.com\/es\/#\/schema\/logo\/image\/","url":"https:\/\/wpguerssen-test.odoo.rgbconsulting.com\/wp-content\/uploads\/2022\/04\/Logo_Guerssen_trans_100.png","contentUrl":"https:\/\/wpguerssen-test.odoo.rgbconsulting.com\/wp-content\/uploads\/2022\/04\/Logo_Guerssen_trans_100.png","width":122,"height":100,"caption":"Guerssen records"},"image":{"@id":"https:\/\/wpguerssen-test.odoo.rgbconsulting.com\/es\/#\/schema\/logo\/image\/"}}]}},"_links":{"self":[{"href":"https:\/\/wpguerssen-test.odoo.rgbconsulting.com\/es\/wp-json\/wp\/v2\/product\/260635","targetHints":{"allow":["GET"]}}],"collection":[{"href":"https:\/\/wpguerssen-test.odoo.rgbconsulting.com\/es\/wp-json\/wp\/v2\/product"}],"about":[{"href":"https:\/\/wpguerssen-test.odoo.rgbconsulting.com\/es\/wp-json\/wp\/v2\/types\/product"}],"wp:featuredmedia":[{"embeddable":true,"href":"https:\/\/wpguerssen-test.odoo.rgbconsulting.com\/es\/wp-json\/wp\/v2\/media\/260587"}],"wp:attachment":[{"href":"https:\/\/wpguerssen-test.odoo.rgbconsulting.com\/es\/wp-json\/wp\/v2\/media?parent=260635"}],"wp:term":[{"taxonomy":"product_brand","embeddable":true,"href":"https:\/\/wpguerssen-test.odoo.rgbconsulting.com\/es\/wp-json\/wp\/v2\/product_brand?post=260635"},{"taxonomy":"product_cat","embeddable":true,"href":"https:\/\/wpguerssen-test.odoo.rgbconsulting.com\/es\/wp-json\/wp\/v2\/product_cat?post=260635"},{"taxonomy":"product_tag","embeddable":true,"href":"https:\/\/wpguerssen-test.odoo.rgbconsulting.com\/es\/wp-json\/wp\/v2\/product_tag?post=260635"}],"curies":[{"name":"wp","href":"https:\/\/api.w.org\/{rel}","templated":true}]}}