{"id":260637,"date":"2024-05-06T00:00:00","date_gmt":"2024-05-05T22:00:00","guid":{"rendered":"https:\/\/wpguerssen-test.odoo.rgbconsulting.com\/product\/off-the-loop\/"},"modified":"2024-10-01T19:21:12","modified_gmt":"2024-10-01T17:21:12","slug":"off-the-loop","status":"publish","type":"product","link":"https:\/\/wpguerssen-test.odoo.rgbconsulting.com\/es\/producto\/off-the-loop\/","title":{"rendered":"Off The Loop"},"content":{"rendered":"<p>Desde que revolucionaron la escena con su \u00abSpace Mambo\u00bb hace diez a\u00f1os The Limboos no han parado de girar y reinventarse. Sin embargo, es en su cuarto \u00e1lbum, &#8216;Off The Loop&#8217;, donde inauguran un nuevo ciclo que constata la inquietud y el inconformismo de la banda en la b\u00fasqueda de un sonido propio. \u00bfC\u00f3mo definir &#8216;fuera del circuito&#8217;? Las nueve canciones y los 35 minutos de m\u00fasica incluidos aqu\u00ed reflejan esta amplia perspectiva: pasajes lis\u00e9rgicos, pop barroco y psicodelia bellamente elaborada se entrelazan con atm\u00f3sferas cinematogr\u00e1ficas, guitarras fuzz, teclados gal\u00e1cticos y arreglos \u00fanicos. En definitiva, el sonido de The Limboos ha llegado a un lugar que nunca sospechaste. Es hora de que lo descubras.<\/p>\n","protected":false},"excerpt":{"rendered":"<p>Desde que revolucionaron la escena con su \u00abSpace Mambo\u00bb hace diez a\u00f1os The Limboos no han parado de girar y reinventarse. Sin embargo, es en su cuarto \u00e1lbum, &#8216;Off<a class=\"read\" href=\"https:\/\/wpguerssen-test.odoo.rgbconsulting.com\/es\/producto\/off-the-loop\/\"> (...)<\/a>","protected":false},"featured_media":260593,"template":"","meta":{"_acf_changed":false},"product_brand":[],"product_cat":[21659,23234],"product_tag":[],"class_list":{"0":"post-260637","1":"product","2":"type-product","3":"status-publish","4":"has-post-thumbnail","6":"product_cat-psychedelic00s-now-es","7":"product_cat-pop-rock-es","8":"pa_artist-limboos-the","9":"pa_format-lp-es","10":"pa_gender-psychedelic00s-now-pop-rock","11":"pa_label-penniman","12":"pa_location-spain-es","13":"pa_other-filters-vinyl-only-es","15":"first","16":"instock","17":"taxable","18":"shipping-taxable","19":"purchasable","20":"product-type-simple"},"acf":[],"yoast_head":"<!-- This site is optimized with the Yoast SEO plugin v24.9 - https:\/\/yoast.com\/wordpress\/plugins\/seo\/ -->\n<title>LIMBOOS, The - Off The Loop -  (LP) | Guerssen<\/title>\n<meta name=\"description\" content=\"Since they shook up the scene with their &quot;Space Mambo&quot; ten years ago The Limboos haven&#039;t stopped touring and reinventing themselves. However, it is in their fourth album, &#039;Off The Loop&#039;, where they inaugurate a new cycle that confirms the restlessness and nonconformity of the band in the search for their own sound. How to define &#039;Off the Loop&#039;? The nine songs and 35 minutes of music included here reflect this broad perspective: lysergic passages, baroque pop, and beautifully crafted psychedelia intertwine with cinematic atmospheres, fuzz guitars, galactic keyboards and unique arrangements. In short, The Limboos&#039; sound has reached a place you never suspected. It&#039;s time for you to discover it.\" \/>\n<meta name=\"robots\" content=\"index, follow, max-snippet:-1, max-image-preview:large, max-video-preview:-1\" \/>\n<link rel=\"canonical\" href=\"https:\/\/wpguerssen-test.odoo.rgbconsulting.com\/es\/producto\/off-the-loop\/\" \/>\n<meta property=\"og:locale\" content=\"es_ES\" \/>\n<meta property=\"og:type\" content=\"article\" \/>\n<meta property=\"og:title\" content=\"LIMBOOS, The - Off The Loop -  (LP) | Guerssen\" \/>\n<meta property=\"og:description\" content=\"Since they shook up the scene with their &quot;Space Mambo&quot; ten years ago The Limboos haven&#039;t stopped touring and reinventing themselves. However, it is in their fourth album, &#039;Off The Loop&#039;, where they inaugurate a new cycle that confirms the restlessness and nonconformity of the band in the search for their own sound. How to define &#039;Off the Loop&#039;? The nine songs and 35 minutes of music included here reflect this broad perspective: lysergic passages, baroque pop, and beautifully crafted psychedelia intertwine with cinematic atmospheres, fuzz guitars, galactic keyboards and unique arrangements. In short, The Limboos&#039; sound has reached a place you never suspected. It&#039;s time for you to discover it.\" \/>\n<meta property=\"og:url\" content=\"https:\/\/wpguerssen-test.odoo.rgbconsulting.com\/es\/producto\/off-the-loop\/\" \/>\n<meta property=\"og:site_name\" content=\"Guerssen records\" \/>\n<meta property=\"article:modified_time\" content=\"2024-10-01T17:21:12+00:00\" \/>\n<meta property=\"og:image\" content=\"https:\/\/wpguerssen-test.odoo.rgbconsulting.com\/wp-content\/uploads\/2024\/02\/47011.jpg\" \/>\n\t<meta property=\"og:image:width\" content=\"600\" \/>\n\t<meta property=\"og:image:height\" content=\"600\" \/>\n\t<meta property=\"og:image:type\" content=\"image\/jpeg\" \/>\n<meta name=\"twitter:card\" content=\"summary_large_image\" \/>\n<meta name=\"twitter:title\" content=\"LIMBOOS, The - Off The Loop -  (LP) | Guerssen\" \/>\n<meta name=\"twitter:label1\" content=\"Tiempo de lectura\" \/>\n\t<meta name=\"twitter:data1\" content=\"1 minuto\" \/>\n<script type=\"application\/ld+json\" class=\"yoast-schema-graph\">{\"@context\":\"https:\/\/schema.org\",\"@graph\":[{\"@type\":\"WebPage\",\"@id\":\"https:\/\/wpguerssen-test.odoo.rgbconsulting.com\/es\/producto\/off-the-loop\/\",\"url\":\"https:\/\/wpguerssen-test.odoo.rgbconsulting.com\/es\/producto\/off-the-loop\/\",\"name\":\"LIMBOOS, The - Off The Loop - (LP) | Guerssen\",\"isPartOf\":{\"@id\":\"https:\/\/wpguerssen-test.odoo.rgbconsulting.com\/es\/#website\"},\"primaryImageOfPage\":{\"@id\":\"https:\/\/wpguerssen-test.odoo.rgbconsulting.com\/es\/producto\/off-the-loop\/#primaryimage\"},\"image\":{\"@id\":\"https:\/\/wpguerssen-test.odoo.rgbconsulting.com\/es\/producto\/off-the-loop\/#primaryimage\"},\"thumbnailUrl\":\"https:\/\/wpguerssen-test.odoo.rgbconsulting.com\/wp-content\/uploads\/2024\/02\/47011.jpg\",\"datePublished\":\"2024-05-05T22:00:00+00:00\",\"dateModified\":\"2024-10-01T17:21:12+00:00\",\"description\":\"Since they shook up the scene with their \\\"Space Mambo\\\" ten years ago The Limboos haven't stopped touring and reinventing themselves. However, it is in their fourth album, 'Off The Loop', where they inaugurate a new cycle that confirms the restlessness and nonconformity of the band in the search for their own sound. How to define 'Off the Loop'? The nine songs and 35 minutes of music included here reflect this broad perspective: lysergic passages, baroque pop, and beautifully crafted psychedelia intertwine with cinematic atmospheres, fuzz guitars, galactic keyboards and unique arrangements. In short, The Limboos' sound has reached a place you never suspected. It's time for you to discover it.\",\"breadcrumb\":{\"@id\":\"https:\/\/wpguerssen-test.odoo.rgbconsulting.com\/es\/producto\/off-the-loop\/#breadcrumb\"},\"inLanguage\":\"es\",\"potentialAction\":[{\"@type\":\"ReadAction\",\"target\":[\"https:\/\/wpguerssen-test.odoo.rgbconsulting.com\/es\/producto\/off-the-loop\/\"]}]},{\"@type\":\"ImageObject\",\"inLanguage\":\"es\",\"@id\":\"https:\/\/wpguerssen-test.odoo.rgbconsulting.com\/es\/producto\/off-the-loop\/#primaryimage\",\"url\":\"https:\/\/wpguerssen-test.odoo.rgbconsulting.com\/wp-content\/uploads\/2024\/02\/47011.jpg\",\"contentUrl\":\"https:\/\/wpguerssen-test.odoo.rgbconsulting.com\/wp-content\/uploads\/2024\/02\/47011.jpg\",\"width\":600,\"height\":600,\"caption\":\"The - Off The Loop - PENNIMAN (LP) | Guerssen\"},{\"@type\":\"BreadcrumbList\",\"@id\":\"https:\/\/wpguerssen-test.odoo.rgbconsulting.com\/es\/producto\/off-the-loop\/#breadcrumb\",\"itemListElement\":[{\"@type\":\"ListItem\",\"position\":1,\"name\":\"Inicio\",\"item\":\"https:\/\/wpguerssen-test.odoo.rgbconsulting.com\/es\/\"},{\"@type\":\"ListItem\",\"position\":2,\"name\":\"Shop\",\"item\":\"https:\/\/wpguerssen-test.odoo.rgbconsulting.com\/shop\/\"},{\"@type\":\"ListItem\",\"position\":3,\"name\":\"Off The Loop\"}]},{\"@type\":\"WebSite\",\"@id\":\"https:\/\/wpguerssen-test.odoo.rgbconsulting.com\/es\/#website\",\"url\":\"https:\/\/wpguerssen-test.odoo.rgbconsulting.com\/es\/\",\"name\":\"Guerssen records\",\"description\":\"psychedelia - progressive - folk - garage \",\"publisher\":{\"@id\":\"https:\/\/wpguerssen-test.odoo.rgbconsulting.com\/es\/#organization\"},\"potentialAction\":[{\"@type\":\"SearchAction\",\"target\":{\"@type\":\"EntryPoint\",\"urlTemplate\":\"https:\/\/wpguerssen-test.odoo.rgbconsulting.com\/es\/?s={search_term_string}\"},\"query-input\":{\"@type\":\"PropertyValueSpecification\",\"valueRequired\":true,\"valueName\":\"search_term_string\"}}],\"inLanguage\":\"es\"},{\"@type\":\"Organization\",\"@id\":\"https:\/\/wpguerssen-test.odoo.rgbconsulting.com\/es\/#organization\",\"name\":\"Guerssen records\",\"url\":\"https:\/\/wpguerssen-test.odoo.rgbconsulting.com\/es\/\",\"logo\":{\"@type\":\"ImageObject\",\"inLanguage\":\"es\",\"@id\":\"https:\/\/wpguerssen-test.odoo.rgbconsulting.com\/es\/#\/schema\/logo\/image\/\",\"url\":\"https:\/\/wpguerssen-test.odoo.rgbconsulting.com\/wp-content\/uploads\/2022\/04\/Logo_Guerssen_trans_100.png\",\"contentUrl\":\"https:\/\/wpguerssen-test.odoo.rgbconsulting.com\/wp-content\/uploads\/2022\/04\/Logo_Guerssen_trans_100.png\",\"width\":122,\"height\":100,\"caption\":\"Guerssen records\"},\"image\":{\"@id\":\"https:\/\/wpguerssen-test.odoo.rgbconsulting.com\/es\/#\/schema\/logo\/image\/\"}}]}<\/script>\n<!-- \/ Yoast SEO plugin. -->","yoast_head_json":{"title":"LIMBOOS, The - Off The Loop -  (LP) | Guerssen","description":"Since they shook up the scene with their \"Space Mambo\" ten years ago The Limboos haven't stopped touring and reinventing themselves. However, it is in their fourth album, 'Off The Loop', where they inaugurate a new cycle that confirms the restlessness and nonconformity of the band in the search for their own sound. How to define 'Off the Loop'? The nine songs and 35 minutes of music included here reflect this broad perspective: lysergic passages, baroque pop, and beautifully crafted psychedelia intertwine with cinematic atmospheres, fuzz guitars, galactic keyboards and unique arrangements. In short, The Limboos' sound has reached a place you never suspected. It's time for you to discover it.","robots":{"index":"index","follow":"follow","max-snippet":"max-snippet:-1","max-image-preview":"max-image-preview:large","max-video-preview":"max-video-preview:-1"},"canonical":"https:\/\/wpguerssen-test.odoo.rgbconsulting.com\/es\/producto\/off-the-loop\/","og_locale":"es_ES","og_type":"article","og_title":"LIMBOOS, The - Off The Loop -  (LP) | Guerssen","og_description":"Since they shook up the scene with their \"Space Mambo\" ten years ago The Limboos haven't stopped touring and reinventing themselves. However, it is in their fourth album, 'Off The Loop', where they inaugurate a new cycle that confirms the restlessness and nonconformity of the band in the search for their own sound. How to define 'Off the Loop'? The nine songs and 35 minutes of music included here reflect this broad perspective: lysergic passages, baroque pop, and beautifully crafted psychedelia intertwine with cinematic atmospheres, fuzz guitars, galactic keyboards and unique arrangements. In short, The Limboos' sound has reached a place you never suspected. It's time for you to discover it.","og_url":"https:\/\/wpguerssen-test.odoo.rgbconsulting.com\/es\/producto\/off-the-loop\/","og_site_name":"Guerssen records","article_modified_time":"2024-10-01T17:21:12+00:00","og_image":[{"width":600,"height":600,"url":"https:\/\/wpguerssen-test.odoo.rgbconsulting.com\/wp-content\/uploads\/2024\/02\/47011.jpg","type":"image\/jpeg"}],"twitter_card":"summary_large_image","twitter_title":"LIMBOOS, The - Off The Loop -  (LP) | Guerssen","twitter_misc":{"Tiempo de lectura":"1 minuto"},"schema":{"@context":"https:\/\/schema.org","@graph":[{"@type":"WebPage","@id":"https:\/\/wpguerssen-test.odoo.rgbconsulting.com\/es\/producto\/off-the-loop\/","url":"https:\/\/wpguerssen-test.odoo.rgbconsulting.com\/es\/producto\/off-the-loop\/","name":"LIMBOOS, The - Off The Loop - (LP) | Guerssen","isPartOf":{"@id":"https:\/\/wpguerssen-test.odoo.rgbconsulting.com\/es\/#website"},"primaryImageOfPage":{"@id":"https:\/\/wpguerssen-test.odoo.rgbconsulting.com\/es\/producto\/off-the-loop\/#primaryimage"},"image":{"@id":"https:\/\/wpguerssen-test.odoo.rgbconsulting.com\/es\/producto\/off-the-loop\/#primaryimage"},"thumbnailUrl":"https:\/\/wpguerssen-test.odoo.rgbconsulting.com\/wp-content\/uploads\/2024\/02\/47011.jpg","datePublished":"2024-05-05T22:00:00+00:00","dateModified":"2024-10-01T17:21:12+00:00","description":"Since they shook up the scene with their \"Space Mambo\" ten years ago The Limboos haven't stopped touring and reinventing themselves. However, it is in their fourth album, 'Off The Loop', where they inaugurate a new cycle that confirms the restlessness and nonconformity of the band in the search for their own sound. How to define 'Off the Loop'? The nine songs and 35 minutes of music included here reflect this broad perspective: lysergic passages, baroque pop, and beautifully crafted psychedelia intertwine with cinematic atmospheres, fuzz guitars, galactic keyboards and unique arrangements. In short, The Limboos' sound has reached a place you never suspected. It's time for you to discover it.","breadcrumb":{"@id":"https:\/\/wpguerssen-test.odoo.rgbconsulting.com\/es\/producto\/off-the-loop\/#breadcrumb"},"inLanguage":"es","potentialAction":[{"@type":"ReadAction","target":["https:\/\/wpguerssen-test.odoo.rgbconsulting.com\/es\/producto\/off-the-loop\/"]}]},{"@type":"ImageObject","inLanguage":"es","@id":"https:\/\/wpguerssen-test.odoo.rgbconsulting.com\/es\/producto\/off-the-loop\/#primaryimage","url":"https:\/\/wpguerssen-test.odoo.rgbconsulting.com\/wp-content\/uploads\/2024\/02\/47011.jpg","contentUrl":"https:\/\/wpguerssen-test.odoo.rgbconsulting.com\/wp-content\/uploads\/2024\/02\/47011.jpg","width":600,"height":600,"caption":"The - Off The Loop - PENNIMAN (LP) | Guerssen"},{"@type":"BreadcrumbList","@id":"https:\/\/wpguerssen-test.odoo.rgbconsulting.com\/es\/producto\/off-the-loop\/#breadcrumb","itemListElement":[{"@type":"ListItem","position":1,"name":"Inicio","item":"https:\/\/wpguerssen-test.odoo.rgbconsulting.com\/es\/"},{"@type":"ListItem","position":2,"name":"Shop","item":"https:\/\/wpguerssen-test.odoo.rgbconsulting.com\/shop\/"},{"@type":"ListItem","position":3,"name":"Off The Loop"}]},{"@type":"WebSite","@id":"https:\/\/wpguerssen-test.odoo.rgbconsulting.com\/es\/#website","url":"https:\/\/wpguerssen-test.odoo.rgbconsulting.com\/es\/","name":"Guerssen records","description":"psychedelia - progressive - folk - garage ","publisher":{"@id":"https:\/\/wpguerssen-test.odoo.rgbconsulting.com\/es\/#organization"},"potentialAction":[{"@type":"SearchAction","target":{"@type":"EntryPoint","urlTemplate":"https:\/\/wpguerssen-test.odoo.rgbconsulting.com\/es\/?s={search_term_string}"},"query-input":{"@type":"PropertyValueSpecification","valueRequired":true,"valueName":"search_term_string"}}],"inLanguage":"es"},{"@type":"Organization","@id":"https:\/\/wpguerssen-test.odoo.rgbconsulting.com\/es\/#organization","name":"Guerssen records","url":"https:\/\/wpguerssen-test.odoo.rgbconsulting.com\/es\/","logo":{"@type":"ImageObject","inLanguage":"es","@id":"https:\/\/wpguerssen-test.odoo.rgbconsulting.com\/es\/#\/schema\/logo\/image\/","url":"https:\/\/wpguerssen-test.odoo.rgbconsulting.com\/wp-content\/uploads\/2022\/04\/Logo_Guerssen_trans_100.png","contentUrl":"https:\/\/wpguerssen-test.odoo.rgbconsulting.com\/wp-content\/uploads\/2022\/04\/Logo_Guerssen_trans_100.png","width":122,"height":100,"caption":"Guerssen records"},"image":{"@id":"https:\/\/wpguerssen-test.odoo.rgbconsulting.com\/es\/#\/schema\/logo\/image\/"}}]}},"_links":{"self":[{"href":"https:\/\/wpguerssen-test.odoo.rgbconsulting.com\/es\/wp-json\/wp\/v2\/product\/260637","targetHints":{"allow":["GET"]}}],"collection":[{"href":"https:\/\/wpguerssen-test.odoo.rgbconsulting.com\/es\/wp-json\/wp\/v2\/product"}],"about":[{"href":"https:\/\/wpguerssen-test.odoo.rgbconsulting.com\/es\/wp-json\/wp\/v2\/types\/product"}],"wp:featuredmedia":[{"embeddable":true,"href":"https:\/\/wpguerssen-test.odoo.rgbconsulting.com\/es\/wp-json\/wp\/v2\/media\/260593"}],"wp:attachment":[{"href":"https:\/\/wpguerssen-test.odoo.rgbconsulting.com\/es\/wp-json\/wp\/v2\/media?parent=260637"}],"wp:term":[{"taxonomy":"product_brand","embeddable":true,"href":"https:\/\/wpguerssen-test.odoo.rgbconsulting.com\/es\/wp-json\/wp\/v2\/product_brand?post=260637"},{"taxonomy":"product_cat","embeddable":true,"href":"https:\/\/wpguerssen-test.odoo.rgbconsulting.com\/es\/wp-json\/wp\/v2\/product_cat?post=260637"},{"taxonomy":"product_tag","embeddable":true,"href":"https:\/\/wpguerssen-test.odoo.rgbconsulting.com\/es\/wp-json\/wp\/v2\/product_tag?post=260637"}],"curies":[{"name":"wp","href":"https:\/\/api.w.org\/{rel}","templated":true}]}}