{"id":260639,"date":"2025-02-11T00:00:00","date_gmt":"2025-02-10T23:00:00","guid":{"rendered":"https:\/\/wpguerssen-test.odoo.rgbconsulting.com\/product\/la-donna-della-domenica-clear-light-blue\/"},"modified":"2025-03-13T17:19:47","modified_gmt":"2025-03-13T16:19:47","slug":"la-donna-della-domenica-clear-light-blue","status":"publish","type":"product","link":"https:\/\/wpguerssen-test.odoo.rgbconsulting.com\/es\/producto\/la-donna-della-domenica-clear-light-blue\/","title":{"rendered":"La Donna Della Domenica (Clear Light Blue)"},"content":{"rendered":"<p>\u00abLa donna della domenica\u00bb (La mujer del domingo) es una pel\u00edcula giallo de 1975, una coproducci\u00f3n italo-francesa dirigida por Luigi Comencini y protagonizada por Marcello Mastroianni, Jacqueline Bisset y Jean-Louis Trintignant.<br \/>La banda sonora de esta pel\u00edcula, compuesta , orquestada y dirigida por Ennio Morricone, disfruta de los elementos t\u00edpicos del estilo del Maestro, y se compone principalmente de un hermoso tema principal y varias variaciones, altern\u00e1ndose con momentos m\u00e1s intensos, perfectos para una pel\u00edcula de detectives, que evoca la atm\u00f3sfera de \u00abIndagine su un cittadino al di sopra di ogni sospetto\u00bb (Investigaci\u00f3n de un ciudadano bajo sospecha) o \u00abMilano odia: la polizia non pu\u00f2 sparare\u00bb (Casi humano), dos pel\u00edculas para las que el propio Morricone escribi\u00f3 la banda sonora unos a\u00f1os antes. Misterio, tensi\u00f3n y melancol\u00eda son las caracter\u00edsticas principales de este excelente trabajo.<br \/>En ese momento, s\u00f3lo se lanz\u00f3 un single de 45 rpm para \u00abLa donna della domenica\u00bb, incluido el tema principal y \u00abTorino di notte\u00bb como cara B, y no fue hasta 2008 que finalmente se public\u00f3 la partitura completa en CD; \u00a1Esta es, por lo tanto, la primera versi\u00f3n en vinilo de esta banda sonora!<br \/>Edici\u00f3n en vinilo azul claro transparente. Audio remasterizado por Claudio Fuiano.<\/p>\n","protected":false},"excerpt":{"rendered":"<p>\u00abLa donna della domenica\u00bb (La mujer del domingo) es una pel\u00edcula giallo de 1975, una coproducci\u00f3n italo-francesa dirigida por Luigi Comencini y protagonizada por<a class=\"read\" href=\"https:\/\/wpguerssen-test.odoo.rgbconsulting.com\/es\/producto\/la-donna-della-domenica-clear-light-blue\/\"> (...)<\/a>","protected":false},"featured_media":260599,"template":"","meta":{"_acf_changed":false},"product_brand":[],"product_cat":[21641],"product_tag":[29140,24185],"class_list":{"0":"post-260639","1":"product","2":"type-product","3":"status-publish","4":"has-post-thumbnail","6":"product_cat-soundtracks-es","7":"product_tag-color-vinyl-es","8":"product_tag-de-nuevo-en-existencia","9":"pa_artist-morricone-ennio-es","10":"pa_format-lp-es","11":"pa_gender-soundtracks","12":"pa_label-cinevox","13":"pa_location-europe-es","14":"pa_other-filters-vinyl-only-es","16":"first","17":"instock","18":"taxable","19":"shipping-taxable","20":"purchasable","21":"product-type-simple"},"acf":[],"yoast_head":"<!-- This site is optimized with the Yoast SEO plugin v24.9 - https:\/\/yoast.com\/wordpress\/plugins\/seo\/ -->\n<title>MORRICONE, Ennio - La Donna Della Domenica (Clear Light Blue) -  (LP) | Guerssen<\/title>\n<meta name=\"description\" content=\"&quot;La donna della domenica&quot; (Sunday Woman) is a 1975 giallo movie, an Italian\/French co-production directed by Luigi Comencini and starring Marcello Mastroianni, Jacqueline Bisset and Jean-Louis Trintignant.The soundtrack of this film, composed, orchestrated and directed by Ennio Morricone, enjoys the typical elements of the Maestro&#039;s style, and mainly consists of a beautiful leading theme and various variations, alternating with more intense moments, perfect for a detective film, evoking the atmosphere of &quot;Indagine su un cittadino al di sopra di ogni sospetto&quot; (Investigation of a Citizen Above Suspicion) or &quot;Milano odia: la polizia non pu\u00f2 sparare&quot; (Almost Human), two films for which Morricone himself wrote the soundtrack a few years earlier. Mystery, tension and melancholy are the main features of this excellent work.At the time, only a single 45rpm was released for &quot;La donna della domenica&quot;, including the main theme and &quot;Torino di notte&quot; as the B-side, and only in 2008 the full score has been finally released on CD; this is therefore the very first vinyl version of this soundtrack!Clear light blue vinyl edition. Audio remastered by Claudio Fuiano.\" \/>\n<meta name=\"robots\" content=\"index, follow, max-snippet:-1, max-image-preview:large, max-video-preview:-1\" \/>\n<link rel=\"canonical\" href=\"https:\/\/wpguerssen-test.odoo.rgbconsulting.com\/es\/producto\/la-donna-della-domenica-clear-light-blue\/\" \/>\n<meta property=\"og:locale\" content=\"es_ES\" \/>\n<meta property=\"og:type\" content=\"article\" \/>\n<meta property=\"og:title\" content=\"MORRICONE, Ennio - La Donna Della Domenica (Clear Light Blue) -  (LP) | Guerssen\" \/>\n<meta property=\"og:description\" content=\"&quot;La donna della domenica&quot; (Sunday Woman) is a 1975 giallo movie, an Italian\/French co-production directed by Luigi Comencini and starring Marcello Mastroianni, Jacqueline Bisset and Jean-Louis Trintignant.The soundtrack of this film, composed, orchestrated and directed by Ennio Morricone, enjoys the typical elements of the Maestro&#039;s style, and mainly consists of a beautiful leading theme and various variations, alternating with more intense moments, perfect for a detective film, evoking the atmosphere of &quot;Indagine su un cittadino al di sopra di ogni sospetto&quot; (Investigation of a Citizen Above Suspicion) or &quot;Milano odia: la polizia non pu\u00f2 sparare&quot; (Almost Human), two films for which Morricone himself wrote the soundtrack a few years earlier. Mystery, tension and melancholy are the main features of this excellent work.At the time, only a single 45rpm was released for &quot;La donna della domenica&quot;, including the main theme and &quot;Torino di notte&quot; as the B-side, and only in 2008 the full score has been finally released on CD; this is therefore the very first vinyl version of this soundtrack!Clear light blue vinyl edition. Audio remastered by Claudio Fuiano.\" \/>\n<meta property=\"og:url\" content=\"https:\/\/wpguerssen-test.odoo.rgbconsulting.com\/es\/producto\/la-donna-della-domenica-clear-light-blue\/\" \/>\n<meta property=\"og:site_name\" content=\"Guerssen records\" \/>\n<meta property=\"article:modified_time\" content=\"2025-03-13T16:19:47+00:00\" \/>\n<meta property=\"og:image\" content=\"https:\/\/wpguerssen-test.odoo.rgbconsulting.com\/wp-content\/uploads\/2024\/02\/47013.jpg\" \/>\n\t<meta property=\"og:image:width\" content=\"1500\" \/>\n\t<meta property=\"og:image:height\" content=\"1500\" \/>\n\t<meta property=\"og:image:type\" content=\"image\/jpeg\" \/>\n<meta name=\"twitter:card\" content=\"summary_large_image\" \/>\n<meta name=\"twitter:title\" content=\"MORRICONE, Ennio - La Donna Della Domenica (Clear Light Blue) -  (LP) | Guerssen\" \/>\n<meta name=\"twitter:label1\" content=\"Tiempo de lectura\" \/>\n\t<meta name=\"twitter:data1\" content=\"1 minuto\" \/>\n<script type=\"application\/ld+json\" class=\"yoast-schema-graph\">{\"@context\":\"https:\/\/schema.org\",\"@graph\":[{\"@type\":\"WebPage\",\"@id\":\"https:\/\/wpguerssen-test.odoo.rgbconsulting.com\/es\/producto\/la-donna-della-domenica-clear-light-blue\/\",\"url\":\"https:\/\/wpguerssen-test.odoo.rgbconsulting.com\/es\/producto\/la-donna-della-domenica-clear-light-blue\/\",\"name\":\"MORRICONE, Ennio - La Donna Della Domenica (Clear Light Blue) - (LP) | Guerssen\",\"isPartOf\":{\"@id\":\"https:\/\/wpguerssen-test.odoo.rgbconsulting.com\/es\/#website\"},\"primaryImageOfPage\":{\"@id\":\"https:\/\/wpguerssen-test.odoo.rgbconsulting.com\/es\/producto\/la-donna-della-domenica-clear-light-blue\/#primaryimage\"},\"image\":{\"@id\":\"https:\/\/wpguerssen-test.odoo.rgbconsulting.com\/es\/producto\/la-donna-della-domenica-clear-light-blue\/#primaryimage\"},\"thumbnailUrl\":\"https:\/\/wpguerssen-test.odoo.rgbconsulting.com\/wp-content\/uploads\/2024\/02\/47013.jpg\",\"datePublished\":\"2025-02-10T23:00:00+00:00\",\"dateModified\":\"2025-03-13T16:19:47+00:00\",\"description\":\"\\\"La donna della domenica\\\" (Sunday Woman) is a 1975 giallo movie, an Italian\/French co-production directed by Luigi Comencini and starring Marcello Mastroianni, Jacqueline Bisset and Jean-Louis Trintignant.The soundtrack of this film, composed, orchestrated and directed by Ennio Morricone, enjoys the typical elements of the Maestro's style, and mainly consists of a beautiful leading theme and various variations, alternating with more intense moments, perfect for a detective film, evoking the atmosphere of \\\"Indagine su un cittadino al di sopra di ogni sospetto\\\" (Investigation of a Citizen Above Suspicion) or \\\"Milano odia: la polizia non pu\u00f2 sparare\\\" (Almost Human), two films for which Morricone himself wrote the soundtrack a few years earlier. Mystery, tension and melancholy are the main features of this excellent work.At the time, only a single 45rpm was released for \\\"La donna della domenica\\\", including the main theme and \\\"Torino di notte\\\" as the B-side, and only in 2008 the full score has been finally released on CD; this is therefore the very first vinyl version of this soundtrack!Clear light blue vinyl edition. Audio remastered by Claudio Fuiano.\",\"breadcrumb\":{\"@id\":\"https:\/\/wpguerssen-test.odoo.rgbconsulting.com\/es\/producto\/la-donna-della-domenica-clear-light-blue\/#breadcrumb\"},\"inLanguage\":\"es\",\"potentialAction\":[{\"@type\":\"ReadAction\",\"target\":[\"https:\/\/wpguerssen-test.odoo.rgbconsulting.com\/es\/producto\/la-donna-della-domenica-clear-light-blue\/\"]}]},{\"@type\":\"ImageObject\",\"inLanguage\":\"es\",\"@id\":\"https:\/\/wpguerssen-test.odoo.rgbconsulting.com\/es\/producto\/la-donna-della-domenica-clear-light-blue\/#primaryimage\",\"url\":\"https:\/\/wpguerssen-test.odoo.rgbconsulting.com\/wp-content\/uploads\/2024\/02\/47013.jpg\",\"contentUrl\":\"https:\/\/wpguerssen-test.odoo.rgbconsulting.com\/wp-content\/uploads\/2024\/02\/47013.jpg\",\"width\":1500,\"height\":1500,\"caption\":\"Ennio - La Donna Della Domenica (Clear Light Blue) - CINEVOX (LP) | Guerssen\"},{\"@type\":\"BreadcrumbList\",\"@id\":\"https:\/\/wpguerssen-test.odoo.rgbconsulting.com\/es\/producto\/la-donna-della-domenica-clear-light-blue\/#breadcrumb\",\"itemListElement\":[{\"@type\":\"ListItem\",\"position\":1,\"name\":\"Inicio\",\"item\":\"https:\/\/wpguerssen-test.odoo.rgbconsulting.com\/es\/\"},{\"@type\":\"ListItem\",\"position\":2,\"name\":\"Shop\",\"item\":\"https:\/\/wpguerssen-test.odoo.rgbconsulting.com\/shop\/\"},{\"@type\":\"ListItem\",\"position\":3,\"name\":\"La Donna Della Domenica (Clear Light Blue)\"}]},{\"@type\":\"WebSite\",\"@id\":\"https:\/\/wpguerssen-test.odoo.rgbconsulting.com\/es\/#website\",\"url\":\"https:\/\/wpguerssen-test.odoo.rgbconsulting.com\/es\/\",\"name\":\"Guerssen records\",\"description\":\"psychedelia - progressive - folk - garage \",\"publisher\":{\"@id\":\"https:\/\/wpguerssen-test.odoo.rgbconsulting.com\/es\/#organization\"},\"potentialAction\":[{\"@type\":\"SearchAction\",\"target\":{\"@type\":\"EntryPoint\",\"urlTemplate\":\"https:\/\/wpguerssen-test.odoo.rgbconsulting.com\/es\/?s={search_term_string}\"},\"query-input\":{\"@type\":\"PropertyValueSpecification\",\"valueRequired\":true,\"valueName\":\"search_term_string\"}}],\"inLanguage\":\"es\"},{\"@type\":\"Organization\",\"@id\":\"https:\/\/wpguerssen-test.odoo.rgbconsulting.com\/es\/#organization\",\"name\":\"Guerssen records\",\"url\":\"https:\/\/wpguerssen-test.odoo.rgbconsulting.com\/es\/\",\"logo\":{\"@type\":\"ImageObject\",\"inLanguage\":\"es\",\"@id\":\"https:\/\/wpguerssen-test.odoo.rgbconsulting.com\/es\/#\/schema\/logo\/image\/\",\"url\":\"https:\/\/wpguerssen-test.odoo.rgbconsulting.com\/wp-content\/uploads\/2022\/04\/Logo_Guerssen_trans_100.png\",\"contentUrl\":\"https:\/\/wpguerssen-test.odoo.rgbconsulting.com\/wp-content\/uploads\/2022\/04\/Logo_Guerssen_trans_100.png\",\"width\":122,\"height\":100,\"caption\":\"Guerssen records\"},\"image\":{\"@id\":\"https:\/\/wpguerssen-test.odoo.rgbconsulting.com\/es\/#\/schema\/logo\/image\/\"}}]}<\/script>\n<!-- \/ Yoast SEO plugin. -->","yoast_head_json":{"title":"MORRICONE, Ennio - La Donna Della Domenica (Clear Light Blue) -  (LP) | Guerssen","description":"\"La donna della domenica\" (Sunday Woman) is a 1975 giallo movie, an Italian\/French co-production directed by Luigi Comencini and starring Marcello Mastroianni, Jacqueline Bisset and Jean-Louis Trintignant.The soundtrack of this film, composed, orchestrated and directed by Ennio Morricone, enjoys the typical elements of the Maestro's style, and mainly consists of a beautiful leading theme and various variations, alternating with more intense moments, perfect for a detective film, evoking the atmosphere of \"Indagine su un cittadino al di sopra di ogni sospetto\" (Investigation of a Citizen Above Suspicion) or \"Milano odia: la polizia non pu\u00f2 sparare\" (Almost Human), two films for which Morricone himself wrote the soundtrack a few years earlier. Mystery, tension and melancholy are the main features of this excellent work.At the time, only a single 45rpm was released for \"La donna della domenica\", including the main theme and \"Torino di notte\" as the B-side, and only in 2008 the full score has been finally released on CD; this is therefore the very first vinyl version of this soundtrack!Clear light blue vinyl edition. Audio remastered by Claudio Fuiano.","robots":{"index":"index","follow":"follow","max-snippet":"max-snippet:-1","max-image-preview":"max-image-preview:large","max-video-preview":"max-video-preview:-1"},"canonical":"https:\/\/wpguerssen-test.odoo.rgbconsulting.com\/es\/producto\/la-donna-della-domenica-clear-light-blue\/","og_locale":"es_ES","og_type":"article","og_title":"MORRICONE, Ennio - La Donna Della Domenica (Clear Light Blue) -  (LP) | Guerssen","og_description":"\"La donna della domenica\" (Sunday Woman) is a 1975 giallo movie, an Italian\/French co-production directed by Luigi Comencini and starring Marcello Mastroianni, Jacqueline Bisset and Jean-Louis Trintignant.The soundtrack of this film, composed, orchestrated and directed by Ennio Morricone, enjoys the typical elements of the Maestro's style, and mainly consists of a beautiful leading theme and various variations, alternating with more intense moments, perfect for a detective film, evoking the atmosphere of \"Indagine su un cittadino al di sopra di ogni sospetto\" (Investigation of a Citizen Above Suspicion) or \"Milano odia: la polizia non pu\u00f2 sparare\" (Almost Human), two films for which Morricone himself wrote the soundtrack a few years earlier. Mystery, tension and melancholy are the main features of this excellent work.At the time, only a single 45rpm was released for \"La donna della domenica\", including the main theme and \"Torino di notte\" as the B-side, and only in 2008 the full score has been finally released on CD; this is therefore the very first vinyl version of this soundtrack!Clear light blue vinyl edition. Audio remastered by Claudio Fuiano.","og_url":"https:\/\/wpguerssen-test.odoo.rgbconsulting.com\/es\/producto\/la-donna-della-domenica-clear-light-blue\/","og_site_name":"Guerssen records","article_modified_time":"2025-03-13T16:19:47+00:00","og_image":[{"width":1500,"height":1500,"url":"https:\/\/wpguerssen-test.odoo.rgbconsulting.com\/wp-content\/uploads\/2024\/02\/47013.jpg","type":"image\/jpeg"}],"twitter_card":"summary_large_image","twitter_title":"MORRICONE, Ennio - La Donna Della Domenica (Clear Light Blue) -  (LP) | Guerssen","twitter_misc":{"Tiempo de lectura":"1 minuto"},"schema":{"@context":"https:\/\/schema.org","@graph":[{"@type":"WebPage","@id":"https:\/\/wpguerssen-test.odoo.rgbconsulting.com\/es\/producto\/la-donna-della-domenica-clear-light-blue\/","url":"https:\/\/wpguerssen-test.odoo.rgbconsulting.com\/es\/producto\/la-donna-della-domenica-clear-light-blue\/","name":"MORRICONE, Ennio - La Donna Della Domenica (Clear Light Blue) - (LP) | Guerssen","isPartOf":{"@id":"https:\/\/wpguerssen-test.odoo.rgbconsulting.com\/es\/#website"},"primaryImageOfPage":{"@id":"https:\/\/wpguerssen-test.odoo.rgbconsulting.com\/es\/producto\/la-donna-della-domenica-clear-light-blue\/#primaryimage"},"image":{"@id":"https:\/\/wpguerssen-test.odoo.rgbconsulting.com\/es\/producto\/la-donna-della-domenica-clear-light-blue\/#primaryimage"},"thumbnailUrl":"https:\/\/wpguerssen-test.odoo.rgbconsulting.com\/wp-content\/uploads\/2024\/02\/47013.jpg","datePublished":"2025-02-10T23:00:00+00:00","dateModified":"2025-03-13T16:19:47+00:00","description":"\"La donna della domenica\" (Sunday Woman) is a 1975 giallo movie, an Italian\/French co-production directed by Luigi Comencini and starring Marcello Mastroianni, Jacqueline Bisset and Jean-Louis Trintignant.The soundtrack of this film, composed, orchestrated and directed by Ennio Morricone, enjoys the typical elements of the Maestro's style, and mainly consists of a beautiful leading theme and various variations, alternating with more intense moments, perfect for a detective film, evoking the atmosphere of \"Indagine su un cittadino al di sopra di ogni sospetto\" (Investigation of a Citizen Above Suspicion) or \"Milano odia: la polizia non pu\u00f2 sparare\" (Almost Human), two films for which Morricone himself wrote the soundtrack a few years earlier. Mystery, tension and melancholy are the main features of this excellent work.At the time, only a single 45rpm was released for \"La donna della domenica\", including the main theme and \"Torino di notte\" as the B-side, and only in 2008 the full score has been finally released on CD; this is therefore the very first vinyl version of this soundtrack!Clear light blue vinyl edition. Audio remastered by Claudio Fuiano.","breadcrumb":{"@id":"https:\/\/wpguerssen-test.odoo.rgbconsulting.com\/es\/producto\/la-donna-della-domenica-clear-light-blue\/#breadcrumb"},"inLanguage":"es","potentialAction":[{"@type":"ReadAction","target":["https:\/\/wpguerssen-test.odoo.rgbconsulting.com\/es\/producto\/la-donna-della-domenica-clear-light-blue\/"]}]},{"@type":"ImageObject","inLanguage":"es","@id":"https:\/\/wpguerssen-test.odoo.rgbconsulting.com\/es\/producto\/la-donna-della-domenica-clear-light-blue\/#primaryimage","url":"https:\/\/wpguerssen-test.odoo.rgbconsulting.com\/wp-content\/uploads\/2024\/02\/47013.jpg","contentUrl":"https:\/\/wpguerssen-test.odoo.rgbconsulting.com\/wp-content\/uploads\/2024\/02\/47013.jpg","width":1500,"height":1500,"caption":"Ennio - La Donna Della Domenica (Clear Light Blue) - CINEVOX (LP) | Guerssen"},{"@type":"BreadcrumbList","@id":"https:\/\/wpguerssen-test.odoo.rgbconsulting.com\/es\/producto\/la-donna-della-domenica-clear-light-blue\/#breadcrumb","itemListElement":[{"@type":"ListItem","position":1,"name":"Inicio","item":"https:\/\/wpguerssen-test.odoo.rgbconsulting.com\/es\/"},{"@type":"ListItem","position":2,"name":"Shop","item":"https:\/\/wpguerssen-test.odoo.rgbconsulting.com\/shop\/"},{"@type":"ListItem","position":3,"name":"La Donna Della Domenica (Clear Light Blue)"}]},{"@type":"WebSite","@id":"https:\/\/wpguerssen-test.odoo.rgbconsulting.com\/es\/#website","url":"https:\/\/wpguerssen-test.odoo.rgbconsulting.com\/es\/","name":"Guerssen records","description":"psychedelia - progressive - folk - garage ","publisher":{"@id":"https:\/\/wpguerssen-test.odoo.rgbconsulting.com\/es\/#organization"},"potentialAction":[{"@type":"SearchAction","target":{"@type":"EntryPoint","urlTemplate":"https:\/\/wpguerssen-test.odoo.rgbconsulting.com\/es\/?s={search_term_string}"},"query-input":{"@type":"PropertyValueSpecification","valueRequired":true,"valueName":"search_term_string"}}],"inLanguage":"es"},{"@type":"Organization","@id":"https:\/\/wpguerssen-test.odoo.rgbconsulting.com\/es\/#organization","name":"Guerssen records","url":"https:\/\/wpguerssen-test.odoo.rgbconsulting.com\/es\/","logo":{"@type":"ImageObject","inLanguage":"es","@id":"https:\/\/wpguerssen-test.odoo.rgbconsulting.com\/es\/#\/schema\/logo\/image\/","url":"https:\/\/wpguerssen-test.odoo.rgbconsulting.com\/wp-content\/uploads\/2022\/04\/Logo_Guerssen_trans_100.png","contentUrl":"https:\/\/wpguerssen-test.odoo.rgbconsulting.com\/wp-content\/uploads\/2022\/04\/Logo_Guerssen_trans_100.png","width":122,"height":100,"caption":"Guerssen records"},"image":{"@id":"https:\/\/wpguerssen-test.odoo.rgbconsulting.com\/es\/#\/schema\/logo\/image\/"}}]}},"_links":{"self":[{"href":"https:\/\/wpguerssen-test.odoo.rgbconsulting.com\/es\/wp-json\/wp\/v2\/product\/260639","targetHints":{"allow":["GET"]}}],"collection":[{"href":"https:\/\/wpguerssen-test.odoo.rgbconsulting.com\/es\/wp-json\/wp\/v2\/product"}],"about":[{"href":"https:\/\/wpguerssen-test.odoo.rgbconsulting.com\/es\/wp-json\/wp\/v2\/types\/product"}],"wp:featuredmedia":[{"embeddable":true,"href":"https:\/\/wpguerssen-test.odoo.rgbconsulting.com\/es\/wp-json\/wp\/v2\/media\/260599"}],"wp:attachment":[{"href":"https:\/\/wpguerssen-test.odoo.rgbconsulting.com\/es\/wp-json\/wp\/v2\/media?parent=260639"}],"wp:term":[{"taxonomy":"product_brand","embeddable":true,"href":"https:\/\/wpguerssen-test.odoo.rgbconsulting.com\/es\/wp-json\/wp\/v2\/product_brand?post=260639"},{"taxonomy":"product_cat","embeddable":true,"href":"https:\/\/wpguerssen-test.odoo.rgbconsulting.com\/es\/wp-json\/wp\/v2\/product_cat?post=260639"},{"taxonomy":"product_tag","embeddable":true,"href":"https:\/\/wpguerssen-test.odoo.rgbconsulting.com\/es\/wp-json\/wp\/v2\/product_tag?post=260639"}],"curies":[{"name":"wp","href":"https:\/\/api.w.org\/{rel}","templated":true}]}}