{"id":260641,"date":"2025-03-06T00:00:00","date_gmt":"2025-03-05T23:00:00","guid":{"rendered":"https:\/\/wpguerssen-test.odoo.rgbconsulting.com\/product\/bollywood-nuggets\/"},"modified":"2025-04-24T17:17:04","modified_gmt":"2025-04-24T15:17:04","slug":"bollywood-nuggets","status":"publish","type":"product","link":"https:\/\/wpguerssen-test.odoo.rgbconsulting.com\/es\/producto\/bollywood-nuggets\/","title":{"rendered":"Bollywood Nuggets"},"content":{"rendered":"<p>Una asombrosa visi\u00f3n general de los magn\u00edficos talentos musicales que han poblado durante d\u00e9cadas la poderosa industria cinematogr\u00e1fica y musical hindi, com\u00fanmente conocida como Bollywood. Con predilecci\u00f3n por las pel\u00edculas con una fuerte columna vertebral musical donde las canciones y los n\u00fameros musicales desempe\u00f1an un papel fundamental, el auge del cine hindi dio origen a una industria musical fuerte y creativa en la que compositores, m\u00fasicos, directores musicales, directores de orquesta, productores, actores cantantes y los cantantes reproductores (cantantes que ponen voz a las partes musicales de los papeles interpretados por actores o actrices) encontraron un lugar perfecto para desarrollar sus carreras. Una muestra de esos incre\u00edbles talentos se incluye en esta recopilaci\u00f3n, el punto ideal para empezar a profundizar en el exuberante jard\u00edn de las delicias musicales que es Bollywood.<\/p>\n","protected":false},"excerpt":{"rendered":"<p>Una asombrosa visi\u00f3n general de los magn\u00edficos talentos musicales que han poblado durante d\u00e9cadas la poderosa industria cinematogr\u00e1fica y musical hindi, com\u00fanmente<a class=\"read\" href=\"https:\/\/wpguerssen-test.odoo.rgbconsulting.com\/es\/producto\/bollywood-nuggets\/\"> (...)<\/a>","protected":false},"featured_media":260605,"template":"","meta":{"_acf_changed":false},"product_brand":[],"product_cat":[21641],"product_tag":[],"class_list":{"0":"post-260641","1":"product","2":"type-product","3":"status-publish","4":"has-post-thumbnail","6":"product_cat-soundtracks-es","7":"pa_artist-various-artists-es","8":"pa_format-lp-es","9":"pa_gender-soundtracks","10":"pa_label-akenaton","11":"pa_location-asia-es","12":"pa_other-filters-vinyl-only-es","14":"first","15":"instock","16":"taxable","17":"shipping-taxable","18":"purchasable","19":"product-type-simple"},"acf":[],"yoast_head":"<!-- This site is optimized with the Yoast SEO plugin v24.9 - https:\/\/yoast.com\/wordpress\/plugins\/seo\/ -->\n<title>VARIOUS ARTISTS - Bollywood Nuggets -  (LP) | Guerssen<\/title>\n<meta name=\"description\" content=\"An astonishing overview of the magnificent musical talents that have populated for decades the powerful Hindi film ^ music industry, commonly known as Bollywood. With a predilection for movies with a strong musical backbone where songs and musical numbers play a pivotal role, the Hindi cinema boom gave birth to a strong and creative music industry where composers, musicians, musical directors, conductors, producers, singing actors, and playback singers (singers who provide vocals for the musical parts of roles played by actors or actresses) found a perfect place to develop their careers. A sample of those incredible talents is included in this compilation, the ideal point to start digging deeper into the lush garden of musical delights that is Bollywood.Tracklist:SIDE A A1. Chahe Mujhe Koi Junglee Kahen. Mohammedd Rafi (From Junglee, 1961) A2. Aye Naujawan Sab Kuch Yahan. Asha Bhosle (From Apradh, 1972) A3. Doob Doob Jata Hoon. Kishore Kumar (From Blackmail, 1973) A4. Mera Naam Chin Chin Chu. Geeta Dutt (From Howrah Bridge, 1958) A5. Nari Kathai. Written by Ilaiyaraaja, vocals by Kamal Haasan, Sridevi (From Moonram Pirai,1982) A6. Pretty Pretty Priya. Kalyanji &amp; Anandji featuring G. Anand, Prayag, Jerry Adolf &amp; Chorus (From Priya, 1970) SIDE B B1. Intinti Ramayanam. P. Susheela, S.P. Balasubrahmanyam (From Intinti Raamayanam, 1978) B2. Aao Twist Karein. Manna Dey &amp; Chorus (From Bhoot Bungla, 1965) B3. Dhak Dhak Dhak. Lata Mangeshkar, Kishore Kumar (From Haathi Mere Saathi, 1971) B4. Bombshell Baby Of Bombay. Shankar &amp; Jaikishan featuring Iqbal Singh (From Ek Phool Char Kante, 1960) B5. Mehbooba Mehbooba. R. D. Burman (From Sholay, 1984) B6. Ezhupaalam Kadamnu. S. Janaki &amp; Brahmanandan (From Aazhi, 1978)\" \/>\n<meta name=\"robots\" content=\"index, follow, max-snippet:-1, max-image-preview:large, max-video-preview:-1\" \/>\n<link rel=\"canonical\" href=\"https:\/\/wpguerssen-test.odoo.rgbconsulting.com\/es\/producto\/bollywood-nuggets\/\" \/>\n<meta property=\"og:locale\" content=\"es_ES\" \/>\n<meta property=\"og:type\" content=\"article\" \/>\n<meta property=\"og:title\" content=\"VARIOUS ARTISTS - Bollywood Nuggets -  (LP) | Guerssen\" \/>\n<meta property=\"og:description\" content=\"An astonishing overview of the magnificent musical talents that have populated for decades the powerful Hindi film ^ music industry, commonly known as Bollywood. With a predilection for movies with a strong musical backbone where songs and musical numbers play a pivotal role, the Hindi cinema boom gave birth to a strong and creative music industry where composers, musicians, musical directors, conductors, producers, singing actors, and playback singers (singers who provide vocals for the musical parts of roles played by actors or actresses) found a perfect place to develop their careers. A sample of those incredible talents is included in this compilation, the ideal point to start digging deeper into the lush garden of musical delights that is Bollywood.Tracklist:SIDE A A1. Chahe Mujhe Koi Junglee Kahen. Mohammedd Rafi (From Junglee, 1961) A2. Aye Naujawan Sab Kuch Yahan. Asha Bhosle (From Apradh, 1972) A3. Doob Doob Jata Hoon. Kishore Kumar (From Blackmail, 1973) A4. Mera Naam Chin Chin Chu. Geeta Dutt (From Howrah Bridge, 1958) A5. Nari Kathai. Written by Ilaiyaraaja, vocals by Kamal Haasan, Sridevi (From Moonram Pirai,1982) A6. Pretty Pretty Priya. Kalyanji &amp; Anandji featuring G. Anand, Prayag, Jerry Adolf &amp; Chorus (From Priya, 1970) SIDE B B1. Intinti Ramayanam. P. Susheela, S.P. Balasubrahmanyam (From Intinti Raamayanam, 1978) B2. Aao Twist Karein. Manna Dey &amp; Chorus (From Bhoot Bungla, 1965) B3. Dhak Dhak Dhak. Lata Mangeshkar, Kishore Kumar (From Haathi Mere Saathi, 1971) B4. Bombshell Baby Of Bombay. Shankar &amp; Jaikishan featuring Iqbal Singh (From Ek Phool Char Kante, 1960) B5. Mehbooba Mehbooba. R. D. Burman (From Sholay, 1984) B6. Ezhupaalam Kadamnu. S. Janaki &amp; Brahmanandan (From Aazhi, 1978)\" \/>\n<meta property=\"og:url\" content=\"https:\/\/wpguerssen-test.odoo.rgbconsulting.com\/es\/producto\/bollywood-nuggets\/\" \/>\n<meta property=\"og:site_name\" content=\"Guerssen records\" \/>\n<meta property=\"article:modified_time\" content=\"2025-04-24T15:17:04+00:00\" \/>\n<meta property=\"og:image\" content=\"https:\/\/wpguerssen-test.odoo.rgbconsulting.com\/wp-content\/uploads\/2024\/02\/47015-scaled.jpg\" \/>\n\t<meta property=\"og:image:width\" content=\"2560\" \/>\n\t<meta property=\"og:image:height\" content=\"2556\" \/>\n\t<meta property=\"og:image:type\" content=\"image\/jpeg\" \/>\n<meta name=\"twitter:card\" content=\"summary_large_image\" \/>\n<meta name=\"twitter:title\" content=\"VARIOUS ARTISTS - Bollywood Nuggets -  (LP) | Guerssen\" \/>\n<meta name=\"twitter:label1\" content=\"Tiempo de lectura\" \/>\n\t<meta name=\"twitter:data1\" content=\"1 minuto\" \/>\n<script type=\"application\/ld+json\" class=\"yoast-schema-graph\">{\"@context\":\"https:\/\/schema.org\",\"@graph\":[{\"@type\":\"WebPage\",\"@id\":\"https:\/\/wpguerssen-test.odoo.rgbconsulting.com\/es\/producto\/bollywood-nuggets\/\",\"url\":\"https:\/\/wpguerssen-test.odoo.rgbconsulting.com\/es\/producto\/bollywood-nuggets\/\",\"name\":\"VARIOUS ARTISTS - Bollywood Nuggets - (LP) | Guerssen\",\"isPartOf\":{\"@id\":\"https:\/\/wpguerssen-test.odoo.rgbconsulting.com\/es\/#website\"},\"primaryImageOfPage\":{\"@id\":\"https:\/\/wpguerssen-test.odoo.rgbconsulting.com\/es\/producto\/bollywood-nuggets\/#primaryimage\"},\"image\":{\"@id\":\"https:\/\/wpguerssen-test.odoo.rgbconsulting.com\/es\/producto\/bollywood-nuggets\/#primaryimage\"},\"thumbnailUrl\":\"https:\/\/wpguerssen-test.odoo.rgbconsulting.com\/wp-content\/uploads\/2024\/02\/47015-scaled.jpg\",\"datePublished\":\"2025-03-05T23:00:00+00:00\",\"dateModified\":\"2025-04-24T15:17:04+00:00\",\"description\":\"An astonishing overview of the magnificent musical talents that have populated for decades the powerful Hindi film ^ music industry, commonly known as Bollywood. With a predilection for movies with a strong musical backbone where songs and musical numbers play a pivotal role, the Hindi cinema boom gave birth to a strong and creative music industry where composers, musicians, musical directors, conductors, producers, singing actors, and playback singers (singers who provide vocals for the musical parts of roles played by actors or actresses) found a perfect place to develop their careers. A sample of those incredible talents is included in this compilation, the ideal point to start digging deeper into the lush garden of musical delights that is Bollywood.Tracklist:SIDE A A1. Chahe Mujhe Koi Junglee Kahen. Mohammedd Rafi (From Junglee, 1961) A2. Aye Naujawan Sab Kuch Yahan. Asha Bhosle (From Apradh, 1972) A3. Doob Doob Jata Hoon. Kishore Kumar (From Blackmail, 1973) A4. Mera Naam Chin Chin Chu. Geeta Dutt (From Howrah Bridge, 1958) A5. Nari Kathai. Written by Ilaiyaraaja, vocals by Kamal Haasan, Sridevi (From Moonram Pirai,1982) A6. Pretty Pretty Priya. Kalyanji & Anandji featuring G. Anand, Prayag, Jerry Adolf & Chorus (From Priya, 1970) SIDE B B1. Intinti Ramayanam. P. Susheela, S.P. Balasubrahmanyam (From Intinti Raamayanam, 1978) B2. Aao Twist Karein. Manna Dey & Chorus (From Bhoot Bungla, 1965) B3. Dhak Dhak Dhak. Lata Mangeshkar, Kishore Kumar (From Haathi Mere Saathi, 1971) B4. Bombshell Baby Of Bombay. Shankar & Jaikishan featuring Iqbal Singh (From Ek Phool Char Kante, 1960) B5. Mehbooba Mehbooba. R. D. Burman (From Sholay, 1984) B6. Ezhupaalam Kadamnu. S. Janaki & Brahmanandan (From Aazhi, 1978)\",\"breadcrumb\":{\"@id\":\"https:\/\/wpguerssen-test.odoo.rgbconsulting.com\/es\/producto\/bollywood-nuggets\/#breadcrumb\"},\"inLanguage\":\"es\",\"potentialAction\":[{\"@type\":\"ReadAction\",\"target\":[\"https:\/\/wpguerssen-test.odoo.rgbconsulting.com\/es\/producto\/bollywood-nuggets\/\"]}]},{\"@type\":\"ImageObject\",\"inLanguage\":\"es\",\"@id\":\"https:\/\/wpguerssen-test.odoo.rgbconsulting.com\/es\/producto\/bollywood-nuggets\/#primaryimage\",\"url\":\"https:\/\/wpguerssen-test.odoo.rgbconsulting.com\/wp-content\/uploads\/2024\/02\/47015-scaled.jpg\",\"contentUrl\":\"https:\/\/wpguerssen-test.odoo.rgbconsulting.com\/wp-content\/uploads\/2024\/02\/47015-scaled.jpg\",\"width\":2560,\"height\":2556},{\"@type\":\"BreadcrumbList\",\"@id\":\"https:\/\/wpguerssen-test.odoo.rgbconsulting.com\/es\/producto\/bollywood-nuggets\/#breadcrumb\",\"itemListElement\":[{\"@type\":\"ListItem\",\"position\":1,\"name\":\"Inicio\",\"item\":\"https:\/\/wpguerssen-test.odoo.rgbconsulting.com\/es\/\"},{\"@type\":\"ListItem\",\"position\":2,\"name\":\"Shop\",\"item\":\"https:\/\/wpguerssen-test.odoo.rgbconsulting.com\/shop\/\"},{\"@type\":\"ListItem\",\"position\":3,\"name\":\"Bollywood Nuggets\"}]},{\"@type\":\"WebSite\",\"@id\":\"https:\/\/wpguerssen-test.odoo.rgbconsulting.com\/es\/#website\",\"url\":\"https:\/\/wpguerssen-test.odoo.rgbconsulting.com\/es\/\",\"name\":\"Guerssen records\",\"description\":\"psychedelia - progressive - folk - garage \",\"publisher\":{\"@id\":\"https:\/\/wpguerssen-test.odoo.rgbconsulting.com\/es\/#organization\"},\"potentialAction\":[{\"@type\":\"SearchAction\",\"target\":{\"@type\":\"EntryPoint\",\"urlTemplate\":\"https:\/\/wpguerssen-test.odoo.rgbconsulting.com\/es\/?s={search_term_string}\"},\"query-input\":{\"@type\":\"PropertyValueSpecification\",\"valueRequired\":true,\"valueName\":\"search_term_string\"}}],\"inLanguage\":\"es\"},{\"@type\":\"Organization\",\"@id\":\"https:\/\/wpguerssen-test.odoo.rgbconsulting.com\/es\/#organization\",\"name\":\"Guerssen records\",\"url\":\"https:\/\/wpguerssen-test.odoo.rgbconsulting.com\/es\/\",\"logo\":{\"@type\":\"ImageObject\",\"inLanguage\":\"es\",\"@id\":\"https:\/\/wpguerssen-test.odoo.rgbconsulting.com\/es\/#\/schema\/logo\/image\/\",\"url\":\"https:\/\/wpguerssen-test.odoo.rgbconsulting.com\/wp-content\/uploads\/2022\/04\/Logo_Guerssen_trans_100.png\",\"contentUrl\":\"https:\/\/wpguerssen-test.odoo.rgbconsulting.com\/wp-content\/uploads\/2022\/04\/Logo_Guerssen_trans_100.png\",\"width\":122,\"height\":100,\"caption\":\"Guerssen records\"},\"image\":{\"@id\":\"https:\/\/wpguerssen-test.odoo.rgbconsulting.com\/es\/#\/schema\/logo\/image\/\"}}]}<\/script>\n<!-- \/ Yoast SEO plugin. -->","yoast_head_json":{"title":"VARIOUS ARTISTS - Bollywood Nuggets -  (LP) | Guerssen","description":"An astonishing overview of the magnificent musical talents that have populated for decades the powerful Hindi film ^ music industry, commonly known as Bollywood. With a predilection for movies with a strong musical backbone where songs and musical numbers play a pivotal role, the Hindi cinema boom gave birth to a strong and creative music industry where composers, musicians, musical directors, conductors, producers, singing actors, and playback singers (singers who provide vocals for the musical parts of roles played by actors or actresses) found a perfect place to develop their careers. A sample of those incredible talents is included in this compilation, the ideal point to start digging deeper into the lush garden of musical delights that is Bollywood.Tracklist:SIDE A A1. Chahe Mujhe Koi Junglee Kahen. Mohammedd Rafi (From Junglee, 1961) A2. Aye Naujawan Sab Kuch Yahan. Asha Bhosle (From Apradh, 1972) A3. Doob Doob Jata Hoon. Kishore Kumar (From Blackmail, 1973) A4. Mera Naam Chin Chin Chu. Geeta Dutt (From Howrah Bridge, 1958) A5. Nari Kathai. Written by Ilaiyaraaja, vocals by Kamal Haasan, Sridevi (From Moonram Pirai,1982) A6. Pretty Pretty Priya. Kalyanji & Anandji featuring G. Anand, Prayag, Jerry Adolf & Chorus (From Priya, 1970) SIDE B B1. Intinti Ramayanam. P. Susheela, S.P. Balasubrahmanyam (From Intinti Raamayanam, 1978) B2. Aao Twist Karein. Manna Dey & Chorus (From Bhoot Bungla, 1965) B3. Dhak Dhak Dhak. Lata Mangeshkar, Kishore Kumar (From Haathi Mere Saathi, 1971) B4. Bombshell Baby Of Bombay. Shankar & Jaikishan featuring Iqbal Singh (From Ek Phool Char Kante, 1960) B5. Mehbooba Mehbooba. R. D. Burman (From Sholay, 1984) B6. Ezhupaalam Kadamnu. S. Janaki & Brahmanandan (From Aazhi, 1978)","robots":{"index":"index","follow":"follow","max-snippet":"max-snippet:-1","max-image-preview":"max-image-preview:large","max-video-preview":"max-video-preview:-1"},"canonical":"https:\/\/wpguerssen-test.odoo.rgbconsulting.com\/es\/producto\/bollywood-nuggets\/","og_locale":"es_ES","og_type":"article","og_title":"VARIOUS ARTISTS - Bollywood Nuggets -  (LP) | Guerssen","og_description":"An astonishing overview of the magnificent musical talents that have populated for decades the powerful Hindi film ^ music industry, commonly known as Bollywood. With a predilection for movies with a strong musical backbone where songs and musical numbers play a pivotal role, the Hindi cinema boom gave birth to a strong and creative music industry where composers, musicians, musical directors, conductors, producers, singing actors, and playback singers (singers who provide vocals for the musical parts of roles played by actors or actresses) found a perfect place to develop their careers. A sample of those incredible talents is included in this compilation, the ideal point to start digging deeper into the lush garden of musical delights that is Bollywood.Tracklist:SIDE A A1. Chahe Mujhe Koi Junglee Kahen. Mohammedd Rafi (From Junglee, 1961) A2. Aye Naujawan Sab Kuch Yahan. Asha Bhosle (From Apradh, 1972) A3. Doob Doob Jata Hoon. Kishore Kumar (From Blackmail, 1973) A4. Mera Naam Chin Chin Chu. Geeta Dutt (From Howrah Bridge, 1958) A5. Nari Kathai. Written by Ilaiyaraaja, vocals by Kamal Haasan, Sridevi (From Moonram Pirai,1982) A6. Pretty Pretty Priya. Kalyanji & Anandji featuring G. Anand, Prayag, Jerry Adolf & Chorus (From Priya, 1970) SIDE B B1. Intinti Ramayanam. P. Susheela, S.P. Balasubrahmanyam (From Intinti Raamayanam, 1978) B2. Aao Twist Karein. Manna Dey & Chorus (From Bhoot Bungla, 1965) B3. Dhak Dhak Dhak. Lata Mangeshkar, Kishore Kumar (From Haathi Mere Saathi, 1971) B4. Bombshell Baby Of Bombay. Shankar & Jaikishan featuring Iqbal Singh (From Ek Phool Char Kante, 1960) B5. Mehbooba Mehbooba. R. D. Burman (From Sholay, 1984) B6. Ezhupaalam Kadamnu. S. Janaki & Brahmanandan (From Aazhi, 1978)","og_url":"https:\/\/wpguerssen-test.odoo.rgbconsulting.com\/es\/producto\/bollywood-nuggets\/","og_site_name":"Guerssen records","article_modified_time":"2025-04-24T15:17:04+00:00","og_image":[{"width":2560,"height":2556,"url":"https:\/\/wpguerssen-test.odoo.rgbconsulting.com\/wp-content\/uploads\/2024\/02\/47015-scaled.jpg","type":"image\/jpeg"}],"twitter_card":"summary_large_image","twitter_title":"VARIOUS ARTISTS - Bollywood Nuggets -  (LP) | Guerssen","twitter_misc":{"Tiempo de lectura":"1 minuto"},"schema":{"@context":"https:\/\/schema.org","@graph":[{"@type":"WebPage","@id":"https:\/\/wpguerssen-test.odoo.rgbconsulting.com\/es\/producto\/bollywood-nuggets\/","url":"https:\/\/wpguerssen-test.odoo.rgbconsulting.com\/es\/producto\/bollywood-nuggets\/","name":"VARIOUS ARTISTS - Bollywood Nuggets - (LP) | Guerssen","isPartOf":{"@id":"https:\/\/wpguerssen-test.odoo.rgbconsulting.com\/es\/#website"},"primaryImageOfPage":{"@id":"https:\/\/wpguerssen-test.odoo.rgbconsulting.com\/es\/producto\/bollywood-nuggets\/#primaryimage"},"image":{"@id":"https:\/\/wpguerssen-test.odoo.rgbconsulting.com\/es\/producto\/bollywood-nuggets\/#primaryimage"},"thumbnailUrl":"https:\/\/wpguerssen-test.odoo.rgbconsulting.com\/wp-content\/uploads\/2024\/02\/47015-scaled.jpg","datePublished":"2025-03-05T23:00:00+00:00","dateModified":"2025-04-24T15:17:04+00:00","description":"An astonishing overview of the magnificent musical talents that have populated for decades the powerful Hindi film ^ music industry, commonly known as Bollywood. With a predilection for movies with a strong musical backbone where songs and musical numbers play a pivotal role, the Hindi cinema boom gave birth to a strong and creative music industry where composers, musicians, musical directors, conductors, producers, singing actors, and playback singers (singers who provide vocals for the musical parts of roles played by actors or actresses) found a perfect place to develop their careers. A sample of those incredible talents is included in this compilation, the ideal point to start digging deeper into the lush garden of musical delights that is Bollywood.Tracklist:SIDE A A1. Chahe Mujhe Koi Junglee Kahen. Mohammedd Rafi (From Junglee, 1961) A2. Aye Naujawan Sab Kuch Yahan. Asha Bhosle (From Apradh, 1972) A3. Doob Doob Jata Hoon. Kishore Kumar (From Blackmail, 1973) A4. Mera Naam Chin Chin Chu. Geeta Dutt (From Howrah Bridge, 1958) A5. Nari Kathai. Written by Ilaiyaraaja, vocals by Kamal Haasan, Sridevi (From Moonram Pirai,1982) A6. Pretty Pretty Priya. Kalyanji & Anandji featuring G. Anand, Prayag, Jerry Adolf & Chorus (From Priya, 1970) SIDE B B1. Intinti Ramayanam. P. Susheela, S.P. Balasubrahmanyam (From Intinti Raamayanam, 1978) B2. Aao Twist Karein. Manna Dey & Chorus (From Bhoot Bungla, 1965) B3. Dhak Dhak Dhak. Lata Mangeshkar, Kishore Kumar (From Haathi Mere Saathi, 1971) B4. Bombshell Baby Of Bombay. Shankar & Jaikishan featuring Iqbal Singh (From Ek Phool Char Kante, 1960) B5. Mehbooba Mehbooba. R. D. Burman (From Sholay, 1984) B6. Ezhupaalam Kadamnu. S. Janaki & Brahmanandan (From Aazhi, 1978)","breadcrumb":{"@id":"https:\/\/wpguerssen-test.odoo.rgbconsulting.com\/es\/producto\/bollywood-nuggets\/#breadcrumb"},"inLanguage":"es","potentialAction":[{"@type":"ReadAction","target":["https:\/\/wpguerssen-test.odoo.rgbconsulting.com\/es\/producto\/bollywood-nuggets\/"]}]},{"@type":"ImageObject","inLanguage":"es","@id":"https:\/\/wpguerssen-test.odoo.rgbconsulting.com\/es\/producto\/bollywood-nuggets\/#primaryimage","url":"https:\/\/wpguerssen-test.odoo.rgbconsulting.com\/wp-content\/uploads\/2024\/02\/47015-scaled.jpg","contentUrl":"https:\/\/wpguerssen-test.odoo.rgbconsulting.com\/wp-content\/uploads\/2024\/02\/47015-scaled.jpg","width":2560,"height":2556},{"@type":"BreadcrumbList","@id":"https:\/\/wpguerssen-test.odoo.rgbconsulting.com\/es\/producto\/bollywood-nuggets\/#breadcrumb","itemListElement":[{"@type":"ListItem","position":1,"name":"Inicio","item":"https:\/\/wpguerssen-test.odoo.rgbconsulting.com\/es\/"},{"@type":"ListItem","position":2,"name":"Shop","item":"https:\/\/wpguerssen-test.odoo.rgbconsulting.com\/shop\/"},{"@type":"ListItem","position":3,"name":"Bollywood Nuggets"}]},{"@type":"WebSite","@id":"https:\/\/wpguerssen-test.odoo.rgbconsulting.com\/es\/#website","url":"https:\/\/wpguerssen-test.odoo.rgbconsulting.com\/es\/","name":"Guerssen records","description":"psychedelia - progressive - folk - garage ","publisher":{"@id":"https:\/\/wpguerssen-test.odoo.rgbconsulting.com\/es\/#organization"},"potentialAction":[{"@type":"SearchAction","target":{"@type":"EntryPoint","urlTemplate":"https:\/\/wpguerssen-test.odoo.rgbconsulting.com\/es\/?s={search_term_string}"},"query-input":{"@type":"PropertyValueSpecification","valueRequired":true,"valueName":"search_term_string"}}],"inLanguage":"es"},{"@type":"Organization","@id":"https:\/\/wpguerssen-test.odoo.rgbconsulting.com\/es\/#organization","name":"Guerssen records","url":"https:\/\/wpguerssen-test.odoo.rgbconsulting.com\/es\/","logo":{"@type":"ImageObject","inLanguage":"es","@id":"https:\/\/wpguerssen-test.odoo.rgbconsulting.com\/es\/#\/schema\/logo\/image\/","url":"https:\/\/wpguerssen-test.odoo.rgbconsulting.com\/wp-content\/uploads\/2022\/04\/Logo_Guerssen_trans_100.png","contentUrl":"https:\/\/wpguerssen-test.odoo.rgbconsulting.com\/wp-content\/uploads\/2022\/04\/Logo_Guerssen_trans_100.png","width":122,"height":100,"caption":"Guerssen records"},"image":{"@id":"https:\/\/wpguerssen-test.odoo.rgbconsulting.com\/es\/#\/schema\/logo\/image\/"}}]}},"_links":{"self":[{"href":"https:\/\/wpguerssen-test.odoo.rgbconsulting.com\/es\/wp-json\/wp\/v2\/product\/260641","targetHints":{"allow":["GET"]}}],"collection":[{"href":"https:\/\/wpguerssen-test.odoo.rgbconsulting.com\/es\/wp-json\/wp\/v2\/product"}],"about":[{"href":"https:\/\/wpguerssen-test.odoo.rgbconsulting.com\/es\/wp-json\/wp\/v2\/types\/product"}],"wp:featuredmedia":[{"embeddable":true,"href":"https:\/\/wpguerssen-test.odoo.rgbconsulting.com\/es\/wp-json\/wp\/v2\/media\/260605"}],"wp:attachment":[{"href":"https:\/\/wpguerssen-test.odoo.rgbconsulting.com\/es\/wp-json\/wp\/v2\/media?parent=260641"}],"wp:term":[{"taxonomy":"product_brand","embeddable":true,"href":"https:\/\/wpguerssen-test.odoo.rgbconsulting.com\/es\/wp-json\/wp\/v2\/product_brand?post=260641"},{"taxonomy":"product_cat","embeddable":true,"href":"https:\/\/wpguerssen-test.odoo.rgbconsulting.com\/es\/wp-json\/wp\/v2\/product_cat?post=260641"},{"taxonomy":"product_tag","embeddable":true,"href":"https:\/\/wpguerssen-test.odoo.rgbconsulting.com\/es\/wp-json\/wp\/v2\/product_tag?post=260641"}],"curies":[{"name":"wp","href":"https:\/\/api.w.org\/{rel}","templated":true}]}}