{"id":260656,"date":"2019-07-11T00:00:00","date_gmt":"2019-07-10T22:00:00","guid":{"rendered":"https:\/\/wpguerssen-test.odoo.rgbconsulting.com\/product\/abafabanca\/"},"modified":"2025-04-25T13:54:11","modified_gmt":"2025-04-25T11:54:11","slug":"abafabanca","status":"publish","type":"product","link":"https:\/\/wpguerssen-test.odoo.rgbconsulting.com\/es\/producto\/abafabanca\/","title":{"rendered":"Abafabanca"},"content":{"rendered":"<p>Directo de Salvador, UBUNTO es el chico m\u00e1s fresco de los clubes y fiestas de S\u00e3o Paulo y Brasil. DJ, productor y multiinstrumentista, Ubunto mezcla los sonidos profundos de su tierra natal Bah\u00eda con texturas electr\u00f3nicas modernas de hoy. \u00abO Vento\u00bb, originalmente compuesto por el famoso \u00abDorival Caymmi\u00bb se encuentra con una nueva versi\u00f3n en este \u00e1lbum, que incluye \u00abAs Ganhadeiras de Itapu\u00e3\u00bb, un gran ejemplo de los 8 temas s\u00faper elevados de \u00abAbafabanca\u00bb por primera vez en vinilo. Incluye una pista extra especial. Otra gran producci\u00f3n del sello con sede en S\u00e3o Paulo, SDB DISCOS.<\/p>\n","protected":false},"excerpt":{"rendered":"<p>Directo de Salvador, UBUNTO es el chico m\u00e1s fresco de los clubes y fiestas de S\u00e3o Paulo y Brasil. DJ, productor y multiinstrumentista, Ubunto mezcla los sonidos<a class=\"read\" href=\"https:\/\/wpguerssen-test.odoo.rgbconsulting.com\/es\/producto\/abafabanca\/\"> (...)<\/a>","protected":false},"featured_media":260673,"template":"","meta":{"_acf_changed":false},"product_brand":[],"product_cat":[23231],"product_tag":[],"class_list":{"0":"post-260656","1":"product","2":"type-product","3":"status-publish","4":"has-post-thumbnail","6":"product_cat-latin-brazilian-es","7":"pa_artist-ubunto","8":"pa_format-lp-es","9":"pa_gender-latin-brazilian","10":"pa_label-somatoria-do-barulho","11":"pa_location-south-america-caribbean-es","12":"pa_other-filters-vinyl-only-es","14":"first","15":"instock","16":"taxable","17":"shipping-taxable","18":"purchasable","19":"product-type-simple"},"acf":[],"yoast_head":"<!-- This site is optimized with the Yoast SEO plugin v24.9 - https:\/\/yoast.com\/wordpress\/plugins\/seo\/ -->\n<title>UBUNTO - Abafabanca -  (LP) | Guerssen<\/title>\n<meta name=\"description\" content=\"Straight from Salvador, UBUNTO is the freshest kid around clubs and parties in S\u00e3o Paulo and Brazil. DJ, Producer and multi-instrumentalist, Ubunto mixes the deep sounds of his motherland Bahia with modern eletronic textures of today. &quot;O Vento&quot;, originally composed by all time famous &quot;Dorival Caymmi&quot; meets a new version on this album, featuring &quot;As Ganhadeiras de Itapu\u00e3&quot;, a great example of &quot;Abafabanca&#039;s&quot; 8 super uplifted tracks for the first time on wax. Includes special bonus track available on vinyl only. Just another great shot from S\u00e3o Paulo based label, SDB DISCOS.\" \/>\n<meta name=\"robots\" content=\"index, follow, max-snippet:-1, max-image-preview:large, max-video-preview:-1\" \/>\n<link rel=\"canonical\" href=\"https:\/\/wpguerssen-test.odoo.rgbconsulting.com\/es\/producto\/abafabanca\/\" \/>\n<meta property=\"og:locale\" content=\"es_ES\" \/>\n<meta property=\"og:type\" content=\"article\" \/>\n<meta property=\"og:title\" content=\"UBUNTO - Abafabanca -  (LP) | Guerssen\" \/>\n<meta property=\"og:description\" content=\"Straight from Salvador, UBUNTO is the freshest kid around clubs and parties in S\u00e3o Paulo and Brazil. DJ, Producer and multi-instrumentalist, Ubunto mixes the deep sounds of his motherland Bahia with modern eletronic textures of today. &quot;O Vento&quot;, originally composed by all time famous &quot;Dorival Caymmi&quot; meets a new version on this album, featuring &quot;As Ganhadeiras de Itapu\u00e3&quot;, a great example of &quot;Abafabanca&#039;s&quot; 8 super uplifted tracks for the first time on wax. Includes special bonus track available on vinyl only. Just another great shot from S\u00e3o Paulo based label, SDB DISCOS.\" \/>\n<meta property=\"og:url\" content=\"https:\/\/wpguerssen-test.odoo.rgbconsulting.com\/es\/producto\/abafabanca\/\" \/>\n<meta property=\"og:site_name\" content=\"Guerssen records\" \/>\n<meta property=\"article:modified_time\" content=\"2025-04-25T11:54:11+00:00\" \/>\n<meta property=\"og:image\" content=\"https:\/\/wpguerssen-test.odoo.rgbconsulting.com\/wp-content\/uploads\/2024\/02\/47030.jpg\" \/>\n\t<meta property=\"og:image:width\" content=\"1000\" \/>\n\t<meta property=\"og:image:height\" content=\"1000\" \/>\n\t<meta property=\"og:image:type\" content=\"image\/jpeg\" \/>\n<meta name=\"twitter:card\" content=\"summary_large_image\" \/>\n<meta name=\"twitter:title\" content=\"UBUNTO - Abafabanca -  (LP) | Guerssen\" \/>\n<meta name=\"twitter:label1\" content=\"Tiempo de lectura\" \/>\n\t<meta name=\"twitter:data1\" content=\"1 minuto\" \/>\n<script type=\"application\/ld+json\" class=\"yoast-schema-graph\">{\"@context\":\"https:\/\/schema.org\",\"@graph\":[{\"@type\":\"WebPage\",\"@id\":\"https:\/\/wpguerssen-test.odoo.rgbconsulting.com\/es\/producto\/abafabanca\/\",\"url\":\"https:\/\/wpguerssen-test.odoo.rgbconsulting.com\/es\/producto\/abafabanca\/\",\"name\":\"UBUNTO - Abafabanca - (LP) | Guerssen\",\"isPartOf\":{\"@id\":\"https:\/\/wpguerssen-test.odoo.rgbconsulting.com\/es\/#website\"},\"primaryImageOfPage\":{\"@id\":\"https:\/\/wpguerssen-test.odoo.rgbconsulting.com\/es\/producto\/abafabanca\/#primaryimage\"},\"image\":{\"@id\":\"https:\/\/wpguerssen-test.odoo.rgbconsulting.com\/es\/producto\/abafabanca\/#primaryimage\"},\"thumbnailUrl\":\"https:\/\/wpguerssen-test.odoo.rgbconsulting.com\/wp-content\/uploads\/2024\/02\/47030.jpg\",\"datePublished\":\"2019-07-10T22:00:00+00:00\",\"dateModified\":\"2025-04-25T11:54:11+00:00\",\"description\":\"Straight from Salvador, UBUNTO is the freshest kid around clubs and parties in S\u00e3o Paulo and Brazil. DJ, Producer and multi-instrumentalist, Ubunto mixes the deep sounds of his motherland Bahia with modern eletronic textures of today. \\\"O Vento\\\", originally composed by all time famous \\\"Dorival Caymmi\\\" meets a new version on this album, featuring \\\"As Ganhadeiras de Itapu\u00e3\\\", a great example of \\\"Abafabanca's\\\" 8 super uplifted tracks for the first time on wax. Includes special bonus track available on vinyl only. Just another great shot from S\u00e3o Paulo based label, SDB DISCOS.\",\"breadcrumb\":{\"@id\":\"https:\/\/wpguerssen-test.odoo.rgbconsulting.com\/es\/producto\/abafabanca\/#breadcrumb\"},\"inLanguage\":\"es\",\"potentialAction\":[{\"@type\":\"ReadAction\",\"target\":[\"https:\/\/wpguerssen-test.odoo.rgbconsulting.com\/es\/producto\/abafabanca\/\"]}]},{\"@type\":\"ImageObject\",\"inLanguage\":\"es\",\"@id\":\"https:\/\/wpguerssen-test.odoo.rgbconsulting.com\/es\/producto\/abafabanca\/#primaryimage\",\"url\":\"https:\/\/wpguerssen-test.odoo.rgbconsulting.com\/wp-content\/uploads\/2024\/02\/47030.jpg\",\"contentUrl\":\"https:\/\/wpguerssen-test.odoo.rgbconsulting.com\/wp-content\/uploads\/2024\/02\/47030.jpg\",\"width\":1000,\"height\":1000},{\"@type\":\"BreadcrumbList\",\"@id\":\"https:\/\/wpguerssen-test.odoo.rgbconsulting.com\/es\/producto\/abafabanca\/#breadcrumb\",\"itemListElement\":[{\"@type\":\"ListItem\",\"position\":1,\"name\":\"Inicio\",\"item\":\"https:\/\/wpguerssen-test.odoo.rgbconsulting.com\/es\/\"},{\"@type\":\"ListItem\",\"position\":2,\"name\":\"Shop\",\"item\":\"https:\/\/wpguerssen-test.odoo.rgbconsulting.com\/shop\/\"},{\"@type\":\"ListItem\",\"position\":3,\"name\":\"Abafabanca\"}]},{\"@type\":\"WebSite\",\"@id\":\"https:\/\/wpguerssen-test.odoo.rgbconsulting.com\/es\/#website\",\"url\":\"https:\/\/wpguerssen-test.odoo.rgbconsulting.com\/es\/\",\"name\":\"Guerssen records\",\"description\":\"psychedelia - progressive - folk - garage \",\"publisher\":{\"@id\":\"https:\/\/wpguerssen-test.odoo.rgbconsulting.com\/es\/#organization\"},\"potentialAction\":[{\"@type\":\"SearchAction\",\"target\":{\"@type\":\"EntryPoint\",\"urlTemplate\":\"https:\/\/wpguerssen-test.odoo.rgbconsulting.com\/es\/?s={search_term_string}\"},\"query-input\":{\"@type\":\"PropertyValueSpecification\",\"valueRequired\":true,\"valueName\":\"search_term_string\"}}],\"inLanguage\":\"es\"},{\"@type\":\"Organization\",\"@id\":\"https:\/\/wpguerssen-test.odoo.rgbconsulting.com\/es\/#organization\",\"name\":\"Guerssen records\",\"url\":\"https:\/\/wpguerssen-test.odoo.rgbconsulting.com\/es\/\",\"logo\":{\"@type\":\"ImageObject\",\"inLanguage\":\"es\",\"@id\":\"https:\/\/wpguerssen-test.odoo.rgbconsulting.com\/es\/#\/schema\/logo\/image\/\",\"url\":\"https:\/\/wpguerssen-test.odoo.rgbconsulting.com\/wp-content\/uploads\/2022\/04\/Logo_Guerssen_trans_100.png\",\"contentUrl\":\"https:\/\/wpguerssen-test.odoo.rgbconsulting.com\/wp-content\/uploads\/2022\/04\/Logo_Guerssen_trans_100.png\",\"width\":122,\"height\":100,\"caption\":\"Guerssen records\"},\"image\":{\"@id\":\"https:\/\/wpguerssen-test.odoo.rgbconsulting.com\/es\/#\/schema\/logo\/image\/\"}}]}<\/script>\n<!-- \/ Yoast SEO plugin. -->","yoast_head_json":{"title":"UBUNTO - Abafabanca -  (LP) | Guerssen","description":"Straight from Salvador, UBUNTO is the freshest kid around clubs and parties in S\u00e3o Paulo and Brazil. DJ, Producer and multi-instrumentalist, Ubunto mixes the deep sounds of his motherland Bahia with modern eletronic textures of today. \"O Vento\", originally composed by all time famous \"Dorival Caymmi\" meets a new version on this album, featuring \"As Ganhadeiras de Itapu\u00e3\", a great example of \"Abafabanca's\" 8 super uplifted tracks for the first time on wax. Includes special bonus track available on vinyl only. Just another great shot from S\u00e3o Paulo based label, SDB DISCOS.","robots":{"index":"index","follow":"follow","max-snippet":"max-snippet:-1","max-image-preview":"max-image-preview:large","max-video-preview":"max-video-preview:-1"},"canonical":"https:\/\/wpguerssen-test.odoo.rgbconsulting.com\/es\/producto\/abafabanca\/","og_locale":"es_ES","og_type":"article","og_title":"UBUNTO - Abafabanca -  (LP) | Guerssen","og_description":"Straight from Salvador, UBUNTO is the freshest kid around clubs and parties in S\u00e3o Paulo and Brazil. DJ, Producer and multi-instrumentalist, Ubunto mixes the deep sounds of his motherland Bahia with modern eletronic textures of today. \"O Vento\", originally composed by all time famous \"Dorival Caymmi\" meets a new version on this album, featuring \"As Ganhadeiras de Itapu\u00e3\", a great example of \"Abafabanca's\" 8 super uplifted tracks for the first time on wax. Includes special bonus track available on vinyl only. Just another great shot from S\u00e3o Paulo based label, SDB DISCOS.","og_url":"https:\/\/wpguerssen-test.odoo.rgbconsulting.com\/es\/producto\/abafabanca\/","og_site_name":"Guerssen records","article_modified_time":"2025-04-25T11:54:11+00:00","og_image":[{"width":1000,"height":1000,"url":"https:\/\/wpguerssen-test.odoo.rgbconsulting.com\/wp-content\/uploads\/2024\/02\/47030.jpg","type":"image\/jpeg"}],"twitter_card":"summary_large_image","twitter_title":"UBUNTO - Abafabanca -  (LP) | Guerssen","twitter_misc":{"Tiempo de lectura":"1 minuto"},"schema":{"@context":"https:\/\/schema.org","@graph":[{"@type":"WebPage","@id":"https:\/\/wpguerssen-test.odoo.rgbconsulting.com\/es\/producto\/abafabanca\/","url":"https:\/\/wpguerssen-test.odoo.rgbconsulting.com\/es\/producto\/abafabanca\/","name":"UBUNTO - Abafabanca - (LP) | Guerssen","isPartOf":{"@id":"https:\/\/wpguerssen-test.odoo.rgbconsulting.com\/es\/#website"},"primaryImageOfPage":{"@id":"https:\/\/wpguerssen-test.odoo.rgbconsulting.com\/es\/producto\/abafabanca\/#primaryimage"},"image":{"@id":"https:\/\/wpguerssen-test.odoo.rgbconsulting.com\/es\/producto\/abafabanca\/#primaryimage"},"thumbnailUrl":"https:\/\/wpguerssen-test.odoo.rgbconsulting.com\/wp-content\/uploads\/2024\/02\/47030.jpg","datePublished":"2019-07-10T22:00:00+00:00","dateModified":"2025-04-25T11:54:11+00:00","description":"Straight from Salvador, UBUNTO is the freshest kid around clubs and parties in S\u00e3o Paulo and Brazil. DJ, Producer and multi-instrumentalist, Ubunto mixes the deep sounds of his motherland Bahia with modern eletronic textures of today. \"O Vento\", originally composed by all time famous \"Dorival Caymmi\" meets a new version on this album, featuring \"As Ganhadeiras de Itapu\u00e3\", a great example of \"Abafabanca's\" 8 super uplifted tracks for the first time on wax. Includes special bonus track available on vinyl only. Just another great shot from S\u00e3o Paulo based label, SDB DISCOS.","breadcrumb":{"@id":"https:\/\/wpguerssen-test.odoo.rgbconsulting.com\/es\/producto\/abafabanca\/#breadcrumb"},"inLanguage":"es","potentialAction":[{"@type":"ReadAction","target":["https:\/\/wpguerssen-test.odoo.rgbconsulting.com\/es\/producto\/abafabanca\/"]}]},{"@type":"ImageObject","inLanguage":"es","@id":"https:\/\/wpguerssen-test.odoo.rgbconsulting.com\/es\/producto\/abafabanca\/#primaryimage","url":"https:\/\/wpguerssen-test.odoo.rgbconsulting.com\/wp-content\/uploads\/2024\/02\/47030.jpg","contentUrl":"https:\/\/wpguerssen-test.odoo.rgbconsulting.com\/wp-content\/uploads\/2024\/02\/47030.jpg","width":1000,"height":1000},{"@type":"BreadcrumbList","@id":"https:\/\/wpguerssen-test.odoo.rgbconsulting.com\/es\/producto\/abafabanca\/#breadcrumb","itemListElement":[{"@type":"ListItem","position":1,"name":"Inicio","item":"https:\/\/wpguerssen-test.odoo.rgbconsulting.com\/es\/"},{"@type":"ListItem","position":2,"name":"Shop","item":"https:\/\/wpguerssen-test.odoo.rgbconsulting.com\/shop\/"},{"@type":"ListItem","position":3,"name":"Abafabanca"}]},{"@type":"WebSite","@id":"https:\/\/wpguerssen-test.odoo.rgbconsulting.com\/es\/#website","url":"https:\/\/wpguerssen-test.odoo.rgbconsulting.com\/es\/","name":"Guerssen records","description":"psychedelia - progressive - folk - garage ","publisher":{"@id":"https:\/\/wpguerssen-test.odoo.rgbconsulting.com\/es\/#organization"},"potentialAction":[{"@type":"SearchAction","target":{"@type":"EntryPoint","urlTemplate":"https:\/\/wpguerssen-test.odoo.rgbconsulting.com\/es\/?s={search_term_string}"},"query-input":{"@type":"PropertyValueSpecification","valueRequired":true,"valueName":"search_term_string"}}],"inLanguage":"es"},{"@type":"Organization","@id":"https:\/\/wpguerssen-test.odoo.rgbconsulting.com\/es\/#organization","name":"Guerssen records","url":"https:\/\/wpguerssen-test.odoo.rgbconsulting.com\/es\/","logo":{"@type":"ImageObject","inLanguage":"es","@id":"https:\/\/wpguerssen-test.odoo.rgbconsulting.com\/es\/#\/schema\/logo\/image\/","url":"https:\/\/wpguerssen-test.odoo.rgbconsulting.com\/wp-content\/uploads\/2022\/04\/Logo_Guerssen_trans_100.png","contentUrl":"https:\/\/wpguerssen-test.odoo.rgbconsulting.com\/wp-content\/uploads\/2022\/04\/Logo_Guerssen_trans_100.png","width":122,"height":100,"caption":"Guerssen records"},"image":{"@id":"https:\/\/wpguerssen-test.odoo.rgbconsulting.com\/es\/#\/schema\/logo\/image\/"}}]}},"_links":{"self":[{"href":"https:\/\/wpguerssen-test.odoo.rgbconsulting.com\/es\/wp-json\/wp\/v2\/product\/260656","targetHints":{"allow":["GET"]}}],"collection":[{"href":"https:\/\/wpguerssen-test.odoo.rgbconsulting.com\/es\/wp-json\/wp\/v2\/product"}],"about":[{"href":"https:\/\/wpguerssen-test.odoo.rgbconsulting.com\/es\/wp-json\/wp\/v2\/types\/product"}],"wp:featuredmedia":[{"embeddable":true,"href":"https:\/\/wpguerssen-test.odoo.rgbconsulting.com\/es\/wp-json\/wp\/v2\/media\/260673"}],"wp:attachment":[{"href":"https:\/\/wpguerssen-test.odoo.rgbconsulting.com\/es\/wp-json\/wp\/v2\/media?parent=260656"}],"wp:term":[{"taxonomy":"product_brand","embeddable":true,"href":"https:\/\/wpguerssen-test.odoo.rgbconsulting.com\/es\/wp-json\/wp\/v2\/product_brand?post=260656"},{"taxonomy":"product_cat","embeddable":true,"href":"https:\/\/wpguerssen-test.odoo.rgbconsulting.com\/es\/wp-json\/wp\/v2\/product_cat?post=260656"},{"taxonomy":"product_tag","embeddable":true,"href":"https:\/\/wpguerssen-test.odoo.rgbconsulting.com\/es\/wp-json\/wp\/v2\/product_tag?post=260656"}],"curies":[{"name":"wp","href":"https:\/\/api.w.org\/{rel}","templated":true}]}}