{"id":260710,"date":"2024-02-29T00:00:00","date_gmt":"2024-02-28T23:00:00","guid":{"rendered":"https:\/\/wpguerssen-test.odoo.rgbconsulting.com\/product\/the-garage-years-pink-vinyl\/"},"modified":"2025-04-23T17:28:11","modified_gmt":"2025-04-23T15:28:11","slug":"the-garage-years-pink-vinyl","status":"publish","type":"product","link":"https:\/\/wpguerssen-test.odoo.rgbconsulting.com\/es\/producto\/the-garage-years-pink-vinyl\/","title":{"rendered":"The Garage Years (Pink vinyl)"},"content":{"rendered":"<p>VINILO ROSA, S\u00d3LO 200 COPIAS!!! <\/p>\n<p> Dara Puspita (\u00abFlower Girls\u00bb) fueron un legendario grupo de garage femenino. La raz\u00f3n por la que poca gente ha o\u00eddo hablar de ellas es que proced\u00edan de un lugar remoto: Indonesia, donde gozaron de gran popularidad durante los 60. Su carrera abarca de 1965 a 1973, incluyendo tres a\u00f1os (1969-71) en los que se trasladaron a Europa, dando algunos conciertos. <\/p>\n<p> Sus cuatro primeros discos con la formaci\u00f3n original, grabados entre 1966 y 1968, son material fascinante para cualquier aficionado a los sonidos m\u00e1s oscuros de los 60. <\/p>\n<p> Aqu\u00ed tienes una recopilaci\u00f3n con sus mejores temas de esa \u00e9poca, incre\u00edble sonido garage y beat con fuzz y ritmos de los m\u00e1s groovy.<\/p>\n","protected":false},"excerpt":{"rendered":"<p>VINILO ROSA, S\u00d3LO 200 COPIAS!!! <\/p>\n<p>\u00a0<\/p>\n<p> Dara Puspita (\u00abFlower Girls\u00bb) fueron un legendario grupo de garage femenino. La raz\u00f3n por la que poca gente<a class=\"read\" href=\"https:\/\/wpguerssen-test.odoo.rgbconsulting.com\/es\/producto\/the-garage-years-pink-vinyl\/\"> (...)<\/a>","protected":false},"featured_media":260696,"template":"","meta":{"_acf_changed":false},"product_brand":[],"product_cat":[23281],"product_tag":[29140,29623],"class_list":{"0":"post-260710","1":"product","2":"type-product","3":"status-publish","4":"has-post-thumbnail","6":"product_cat-garagebeatrnb60-70-es","7":"product_tag-color-vinyl-es","8":"product_tag-nuevos-titulos-groovie-vinilo-en-color-exclusivo-para-guerssen","9":"pa_artist-dara-puspita-es","10":"pa_format-lp-es","11":"pa_gender-garage-beat-rnb60-70-garagebeatrnb60-70","12":"pa_label-groovie-records","13":"pa_location-asia-es","14":"pa_other-filters-vinyl-only-es","16":"first","17":"instock","18":"taxable","19":"shipping-taxable","20":"purchasable","21":"product-type-simple"},"acf":[],"yoast_head":"<!-- This site is optimized with the Yoast SEO plugin v24.9 - https:\/\/yoast.com\/wordpress\/plugins\/seo\/ -->\n<title>DARA PUSPITA - The Garage Years (Pink vinyl) -  (LP) | Guerssen<\/title>\n<meta name=\"description\" content=\"PINK VINYL, 200 COPIES ONLY! #nl# Dara Puspita (trans. &quot;Flower Girls&quot;) was arguably the world&#039;s greatest all-female garage rock band. The reason you&#039;ve probably never heard of them is that they came from Indonesia where they were extremely popular during the 1960s. Their career spanned from 1965 until 1973 including 3 years (1969-1971) living and touring in Europe. #nl# The four albums recorded by the original members between 1966 and 1968 (the material represented on this LP) is one of the great chapters of 1960s popular music history never to be reissued in vinyl, let alone recognized beyond a few tuned-in souls and adventurous record collectors in the Western world. This is an amazing compilation for all garage rockers, fuelled with fuzz tunes and groovy rhythms.\" \/>\n<meta name=\"robots\" content=\"index, follow, max-snippet:-1, max-image-preview:large, max-video-preview:-1\" \/>\n<link rel=\"canonical\" href=\"https:\/\/wpguerssen-test.odoo.rgbconsulting.com\/es\/producto\/the-garage-years-pink-vinyl\/\" \/>\n<meta property=\"og:locale\" content=\"es_ES\" \/>\n<meta property=\"og:type\" content=\"article\" \/>\n<meta property=\"og:title\" content=\"DARA PUSPITA - The Garage Years (Pink vinyl) -  (LP) | Guerssen\" \/>\n<meta property=\"og:description\" content=\"PINK VINYL, 200 COPIES ONLY! #nl# Dara Puspita (trans. &quot;Flower Girls&quot;) was arguably the world&#039;s greatest all-female garage rock band. The reason you&#039;ve probably never heard of them is that they came from Indonesia where they were extremely popular during the 1960s. Their career spanned from 1965 until 1973 including 3 years (1969-1971) living and touring in Europe. #nl# The four albums recorded by the original members between 1966 and 1968 (the material represented on this LP) is one of the great chapters of 1960s popular music history never to be reissued in vinyl, let alone recognized beyond a few tuned-in souls and adventurous record collectors in the Western world. This is an amazing compilation for all garage rockers, fuelled with fuzz tunes and groovy rhythms.\" \/>\n<meta property=\"og:url\" content=\"https:\/\/wpguerssen-test.odoo.rgbconsulting.com\/es\/producto\/the-garage-years-pink-vinyl\/\" \/>\n<meta property=\"og:site_name\" content=\"Guerssen records\" \/>\n<meta property=\"article:modified_time\" content=\"2025-04-23T15:28:11+00:00\" \/>\n<meta property=\"og:image\" content=\"https:\/\/wpguerssen-test.odoo.rgbconsulting.com\/wp-content\/uploads\/2024\/02\/47048.jpg\" \/>\n\t<meta property=\"og:image:width\" content=\"1200\" \/>\n\t<meta property=\"og:image:height\" content=\"1200\" \/>\n\t<meta property=\"og:image:type\" content=\"image\/jpeg\" \/>\n<meta name=\"twitter:card\" content=\"summary_large_image\" \/>\n<meta name=\"twitter:title\" content=\"DARA PUSPITA - The Garage Years (Pink vinyl) -  (LP) | Guerssen\" \/>\n<meta name=\"twitter:label1\" content=\"Tiempo de lectura\" \/>\n\t<meta name=\"twitter:data1\" content=\"1 minuto\" \/>\n<script type=\"application\/ld+json\" class=\"yoast-schema-graph\">{\"@context\":\"https:\/\/schema.org\",\"@graph\":[{\"@type\":\"WebPage\",\"@id\":\"https:\/\/wpguerssen-test.odoo.rgbconsulting.com\/es\/producto\/the-garage-years-pink-vinyl\/\",\"url\":\"https:\/\/wpguerssen-test.odoo.rgbconsulting.com\/es\/producto\/the-garage-years-pink-vinyl\/\",\"name\":\"DARA PUSPITA - The Garage Years (Pink vinyl) - (LP) | Guerssen\",\"isPartOf\":{\"@id\":\"https:\/\/wpguerssen-test.odoo.rgbconsulting.com\/es\/#website\"},\"primaryImageOfPage\":{\"@id\":\"https:\/\/wpguerssen-test.odoo.rgbconsulting.com\/es\/producto\/the-garage-years-pink-vinyl\/#primaryimage\"},\"image\":{\"@id\":\"https:\/\/wpguerssen-test.odoo.rgbconsulting.com\/es\/producto\/the-garage-years-pink-vinyl\/#primaryimage\"},\"thumbnailUrl\":\"https:\/\/wpguerssen-test.odoo.rgbconsulting.com\/wp-content\/uploads\/2024\/02\/47048.jpg\",\"datePublished\":\"2024-02-28T23:00:00+00:00\",\"dateModified\":\"2025-04-23T15:28:11+00:00\",\"description\":\"PINK VINYL, 200 COPIES ONLY! #nl# Dara Puspita (trans. \\\"Flower Girls\\\") was arguably the world's greatest all-female garage rock band. The reason you've probably never heard of them is that they came from Indonesia where they were extremely popular during the 1960s. Their career spanned from 1965 until 1973 including 3 years (1969-1971) living and touring in Europe. #nl# The four albums recorded by the original members between 1966 and 1968 (the material represented on this LP) is one of the great chapters of 1960s popular music history never to be reissued in vinyl, let alone recognized beyond a few tuned-in souls and adventurous record collectors in the Western world. This is an amazing compilation for all garage rockers, fuelled with fuzz tunes and groovy rhythms.\",\"breadcrumb\":{\"@id\":\"https:\/\/wpguerssen-test.odoo.rgbconsulting.com\/es\/producto\/the-garage-years-pink-vinyl\/#breadcrumb\"},\"inLanguage\":\"es\",\"potentialAction\":[{\"@type\":\"ReadAction\",\"target\":[\"https:\/\/wpguerssen-test.odoo.rgbconsulting.com\/es\/producto\/the-garage-years-pink-vinyl\/\"]}]},{\"@type\":\"ImageObject\",\"inLanguage\":\"es\",\"@id\":\"https:\/\/wpguerssen-test.odoo.rgbconsulting.com\/es\/producto\/the-garage-years-pink-vinyl\/#primaryimage\",\"url\":\"https:\/\/wpguerssen-test.odoo.rgbconsulting.com\/wp-content\/uploads\/2024\/02\/47048.jpg\",\"contentUrl\":\"https:\/\/wpguerssen-test.odoo.rgbconsulting.com\/wp-content\/uploads\/2024\/02\/47048.jpg\",\"width\":1200,\"height\":1200},{\"@type\":\"BreadcrumbList\",\"@id\":\"https:\/\/wpguerssen-test.odoo.rgbconsulting.com\/es\/producto\/the-garage-years-pink-vinyl\/#breadcrumb\",\"itemListElement\":[{\"@type\":\"ListItem\",\"position\":1,\"name\":\"Inicio\",\"item\":\"https:\/\/wpguerssen-test.odoo.rgbconsulting.com\/es\/\"},{\"@type\":\"ListItem\",\"position\":2,\"name\":\"Shop\",\"item\":\"https:\/\/wpguerssen-test.odoo.rgbconsulting.com\/shop\/\"},{\"@type\":\"ListItem\",\"position\":3,\"name\":\"The Garage Years (Pink vinyl)\"}]},{\"@type\":\"WebSite\",\"@id\":\"https:\/\/wpguerssen-test.odoo.rgbconsulting.com\/es\/#website\",\"url\":\"https:\/\/wpguerssen-test.odoo.rgbconsulting.com\/es\/\",\"name\":\"Guerssen records\",\"description\":\"psychedelia - progressive - folk - garage \",\"publisher\":{\"@id\":\"https:\/\/wpguerssen-test.odoo.rgbconsulting.com\/es\/#organization\"},\"potentialAction\":[{\"@type\":\"SearchAction\",\"target\":{\"@type\":\"EntryPoint\",\"urlTemplate\":\"https:\/\/wpguerssen-test.odoo.rgbconsulting.com\/es\/?s={search_term_string}\"},\"query-input\":{\"@type\":\"PropertyValueSpecification\",\"valueRequired\":true,\"valueName\":\"search_term_string\"}}],\"inLanguage\":\"es\"},{\"@type\":\"Organization\",\"@id\":\"https:\/\/wpguerssen-test.odoo.rgbconsulting.com\/es\/#organization\",\"name\":\"Guerssen records\",\"url\":\"https:\/\/wpguerssen-test.odoo.rgbconsulting.com\/es\/\",\"logo\":{\"@type\":\"ImageObject\",\"inLanguage\":\"es\",\"@id\":\"https:\/\/wpguerssen-test.odoo.rgbconsulting.com\/es\/#\/schema\/logo\/image\/\",\"url\":\"https:\/\/wpguerssen-test.odoo.rgbconsulting.com\/wp-content\/uploads\/2022\/04\/Logo_Guerssen_trans_100.png\",\"contentUrl\":\"https:\/\/wpguerssen-test.odoo.rgbconsulting.com\/wp-content\/uploads\/2022\/04\/Logo_Guerssen_trans_100.png\",\"width\":122,\"height\":100,\"caption\":\"Guerssen records\"},\"image\":{\"@id\":\"https:\/\/wpguerssen-test.odoo.rgbconsulting.com\/es\/#\/schema\/logo\/image\/\"}}]}<\/script>\n<!-- \/ Yoast SEO plugin. -->","yoast_head_json":{"title":"DARA PUSPITA - The Garage Years (Pink vinyl) -  (LP) | Guerssen","description":"PINK VINYL, 200 COPIES ONLY! #nl# Dara Puspita (trans. \"Flower Girls\") was arguably the world's greatest all-female garage rock band. The reason you've probably never heard of them is that they came from Indonesia where they were extremely popular during the 1960s. Their career spanned from 1965 until 1973 including 3 years (1969-1971) living and touring in Europe. #nl# The four albums recorded by the original members between 1966 and 1968 (the material represented on this LP) is one of the great chapters of 1960s popular music history never to be reissued in vinyl, let alone recognized beyond a few tuned-in souls and adventurous record collectors in the Western world. This is an amazing compilation for all garage rockers, fuelled with fuzz tunes and groovy rhythms.","robots":{"index":"index","follow":"follow","max-snippet":"max-snippet:-1","max-image-preview":"max-image-preview:large","max-video-preview":"max-video-preview:-1"},"canonical":"https:\/\/wpguerssen-test.odoo.rgbconsulting.com\/es\/producto\/the-garage-years-pink-vinyl\/","og_locale":"es_ES","og_type":"article","og_title":"DARA PUSPITA - The Garage Years (Pink vinyl) -  (LP) | Guerssen","og_description":"PINK VINYL, 200 COPIES ONLY! #nl# Dara Puspita (trans. \"Flower Girls\") was arguably the world's greatest all-female garage rock band. The reason you've probably never heard of them is that they came from Indonesia where they were extremely popular during the 1960s. Their career spanned from 1965 until 1973 including 3 years (1969-1971) living and touring in Europe. #nl# The four albums recorded by the original members between 1966 and 1968 (the material represented on this LP) is one of the great chapters of 1960s popular music history never to be reissued in vinyl, let alone recognized beyond a few tuned-in souls and adventurous record collectors in the Western world. This is an amazing compilation for all garage rockers, fuelled with fuzz tunes and groovy rhythms.","og_url":"https:\/\/wpguerssen-test.odoo.rgbconsulting.com\/es\/producto\/the-garage-years-pink-vinyl\/","og_site_name":"Guerssen records","article_modified_time":"2025-04-23T15:28:11+00:00","og_image":[{"width":1200,"height":1200,"url":"https:\/\/wpguerssen-test.odoo.rgbconsulting.com\/wp-content\/uploads\/2024\/02\/47048.jpg","type":"image\/jpeg"}],"twitter_card":"summary_large_image","twitter_title":"DARA PUSPITA - The Garage Years (Pink vinyl) -  (LP) | Guerssen","twitter_misc":{"Tiempo de lectura":"1 minuto"},"schema":{"@context":"https:\/\/schema.org","@graph":[{"@type":"WebPage","@id":"https:\/\/wpguerssen-test.odoo.rgbconsulting.com\/es\/producto\/the-garage-years-pink-vinyl\/","url":"https:\/\/wpguerssen-test.odoo.rgbconsulting.com\/es\/producto\/the-garage-years-pink-vinyl\/","name":"DARA PUSPITA - The Garage Years (Pink vinyl) - (LP) | Guerssen","isPartOf":{"@id":"https:\/\/wpguerssen-test.odoo.rgbconsulting.com\/es\/#website"},"primaryImageOfPage":{"@id":"https:\/\/wpguerssen-test.odoo.rgbconsulting.com\/es\/producto\/the-garage-years-pink-vinyl\/#primaryimage"},"image":{"@id":"https:\/\/wpguerssen-test.odoo.rgbconsulting.com\/es\/producto\/the-garage-years-pink-vinyl\/#primaryimage"},"thumbnailUrl":"https:\/\/wpguerssen-test.odoo.rgbconsulting.com\/wp-content\/uploads\/2024\/02\/47048.jpg","datePublished":"2024-02-28T23:00:00+00:00","dateModified":"2025-04-23T15:28:11+00:00","description":"PINK VINYL, 200 COPIES ONLY! #nl# Dara Puspita (trans. \"Flower Girls\") was arguably the world's greatest all-female garage rock band. The reason you've probably never heard of them is that they came from Indonesia where they were extremely popular during the 1960s. Their career spanned from 1965 until 1973 including 3 years (1969-1971) living and touring in Europe. #nl# The four albums recorded by the original members between 1966 and 1968 (the material represented on this LP) is one of the great chapters of 1960s popular music history never to be reissued in vinyl, let alone recognized beyond a few tuned-in souls and adventurous record collectors in the Western world. This is an amazing compilation for all garage rockers, fuelled with fuzz tunes and groovy rhythms.","breadcrumb":{"@id":"https:\/\/wpguerssen-test.odoo.rgbconsulting.com\/es\/producto\/the-garage-years-pink-vinyl\/#breadcrumb"},"inLanguage":"es","potentialAction":[{"@type":"ReadAction","target":["https:\/\/wpguerssen-test.odoo.rgbconsulting.com\/es\/producto\/the-garage-years-pink-vinyl\/"]}]},{"@type":"ImageObject","inLanguage":"es","@id":"https:\/\/wpguerssen-test.odoo.rgbconsulting.com\/es\/producto\/the-garage-years-pink-vinyl\/#primaryimage","url":"https:\/\/wpguerssen-test.odoo.rgbconsulting.com\/wp-content\/uploads\/2024\/02\/47048.jpg","contentUrl":"https:\/\/wpguerssen-test.odoo.rgbconsulting.com\/wp-content\/uploads\/2024\/02\/47048.jpg","width":1200,"height":1200},{"@type":"BreadcrumbList","@id":"https:\/\/wpguerssen-test.odoo.rgbconsulting.com\/es\/producto\/the-garage-years-pink-vinyl\/#breadcrumb","itemListElement":[{"@type":"ListItem","position":1,"name":"Inicio","item":"https:\/\/wpguerssen-test.odoo.rgbconsulting.com\/es\/"},{"@type":"ListItem","position":2,"name":"Shop","item":"https:\/\/wpguerssen-test.odoo.rgbconsulting.com\/shop\/"},{"@type":"ListItem","position":3,"name":"The Garage Years (Pink vinyl)"}]},{"@type":"WebSite","@id":"https:\/\/wpguerssen-test.odoo.rgbconsulting.com\/es\/#website","url":"https:\/\/wpguerssen-test.odoo.rgbconsulting.com\/es\/","name":"Guerssen records","description":"psychedelia - progressive - folk - garage ","publisher":{"@id":"https:\/\/wpguerssen-test.odoo.rgbconsulting.com\/es\/#organization"},"potentialAction":[{"@type":"SearchAction","target":{"@type":"EntryPoint","urlTemplate":"https:\/\/wpguerssen-test.odoo.rgbconsulting.com\/es\/?s={search_term_string}"},"query-input":{"@type":"PropertyValueSpecification","valueRequired":true,"valueName":"search_term_string"}}],"inLanguage":"es"},{"@type":"Organization","@id":"https:\/\/wpguerssen-test.odoo.rgbconsulting.com\/es\/#organization","name":"Guerssen records","url":"https:\/\/wpguerssen-test.odoo.rgbconsulting.com\/es\/","logo":{"@type":"ImageObject","inLanguage":"es","@id":"https:\/\/wpguerssen-test.odoo.rgbconsulting.com\/es\/#\/schema\/logo\/image\/","url":"https:\/\/wpguerssen-test.odoo.rgbconsulting.com\/wp-content\/uploads\/2022\/04\/Logo_Guerssen_trans_100.png","contentUrl":"https:\/\/wpguerssen-test.odoo.rgbconsulting.com\/wp-content\/uploads\/2022\/04\/Logo_Guerssen_trans_100.png","width":122,"height":100,"caption":"Guerssen records"},"image":{"@id":"https:\/\/wpguerssen-test.odoo.rgbconsulting.com\/es\/#\/schema\/logo\/image\/"}}]}},"_links":{"self":[{"href":"https:\/\/wpguerssen-test.odoo.rgbconsulting.com\/es\/wp-json\/wp\/v2\/product\/260710","targetHints":{"allow":["GET"]}}],"collection":[{"href":"https:\/\/wpguerssen-test.odoo.rgbconsulting.com\/es\/wp-json\/wp\/v2\/product"}],"about":[{"href":"https:\/\/wpguerssen-test.odoo.rgbconsulting.com\/es\/wp-json\/wp\/v2\/types\/product"}],"wp:featuredmedia":[{"embeddable":true,"href":"https:\/\/wpguerssen-test.odoo.rgbconsulting.com\/es\/wp-json\/wp\/v2\/media\/260696"}],"wp:attachment":[{"href":"https:\/\/wpguerssen-test.odoo.rgbconsulting.com\/es\/wp-json\/wp\/v2\/media?parent=260710"}],"wp:term":[{"taxonomy":"product_brand","embeddable":true,"href":"https:\/\/wpguerssen-test.odoo.rgbconsulting.com\/es\/wp-json\/wp\/v2\/product_brand?post=260710"},{"taxonomy":"product_cat","embeddable":true,"href":"https:\/\/wpguerssen-test.odoo.rgbconsulting.com\/es\/wp-json\/wp\/v2\/product_cat?post=260710"},{"taxonomy":"product_tag","embeddable":true,"href":"https:\/\/wpguerssen-test.odoo.rgbconsulting.com\/es\/wp-json\/wp\/v2\/product_tag?post=260710"}],"curies":[{"name":"wp","href":"https:\/\/api.w.org\/{rel}","templated":true}]}}