{"id":260853,"date":"2025-02-07T00:00:00","date_gmt":"2025-02-06T23:00:00","guid":{"rendered":"https:\/\/wpguerssen-test.odoo.rgbconsulting.com\/product\/nuova-napoli\/"},"modified":"2025-04-16T18:14:50","modified_gmt":"2025-04-16T16:14:50","slug":"nuova-napoli","status":"publish","type":"product","link":"https:\/\/wpguerssen-test.odoo.rgbconsulting.com\/es\/producto\/nuova-napoli\/","title":{"rendered":"Nuova Napoli"},"content":{"rendered":"<p>REPRESS 2022<br \/>Casi 2 a\u00f1os despu\u00e9s del \u00e9xito del \u00e1lbum THE TONY ALLEN EXPERIMENTS y \u00bf\u00bfunos meses despu\u00e9s del lanzamiento del 7inch AMORE, Nu Genea regresa a escena con un nuevo LP publicado por su reci\u00e9n nacido sello NG DISCOS.<br \/>Despu\u00e9s de recorrer el mundo buscando sonidos adecuados a sus vibraciones, NU GENEA decidi\u00f3 volver al punto de partida, N\u00e1poles, donde nacieron y crecieron Massimo Di Lena y Lucio Aquilina. Observaron desde lejos su ciudad reconstruyendo su energ\u00eda desde su estudio en Berl\u00edn, calibrando los sintetizadores en el meridiano del Vesubio, el volc\u00e1n que siempre ha protegido y amenazado a N\u00e1poles.<br \/>NUOVA NAPOLI es el resultado de una larga investigaci\u00f3n musical que ha convertirse en una investigaci\u00f3n hist\u00f3rica sobre el sonido que dio forma al N\u00e1poles durante los a\u00f1os 70 y 80, a partir de la contaminaci\u00f3n de g\u00e9neros (disco, jazz-funk, ritmos africanos) que terminaron en el ADN de Nu Genea.<br \/>En este \u00e1lbum los sintetizadores llenar los espacios entre el pasado y el futuro, reuniendo en un solo cuerpo instrumentos ac\u00fasticos, electr\u00f3nicos y voces en dialecto napolitano. Es la primera vez que el d\u00fao trabaja con un grupo tan numeroso de m\u00fasicos, algunos de los cuales son exponentes de la escena napolitana contempor\u00e1nea.<\/p>\n","protected":false},"excerpt":{"rendered":"<p>REPRESS 2022<br \/>Casi 2 a\u00f1os despu\u00e9s del \u00e9xito del \u00e1lbum THE TONY ALLEN EXPERIMENTS y \u00bf\u00bfunos meses despu\u00e9s del lanzamiento del 7inch AMORE, Nu Genea regresa<a class=\"read\" href=\"https:\/\/wpguerssen-test.odoo.rgbconsulting.com\/es\/producto\/nuova-napoli\/\"> (...)<\/a>","protected":false},"featured_media":260803,"template":"","meta":{"_acf_changed":false},"product_brand":[],"product_cat":[23219,23265],"product_tag":[],"class_list":{"0":"post-260853","1":"product","2":"type-product","3":"status-publish","4":"has-post-thumbnail","6":"product_cat-funk-es","7":"product_cat-disco-cosmic-italo-es","8":"pa_artist-nu-genea","9":"pa_format-lp-es","10":"pa_gender-funk-disco-cosmic-italo","11":"pa_label-ng-records","12":"pa_location-europe-es","13":"pa_other-filters-vinyl-only-es","15":"first","16":"instock","17":"taxable","18":"shipping-taxable","19":"purchasable","20":"product-type-simple"},"acf":[],"yoast_head":"<!-- This site is optimized with the Yoast SEO plugin v24.9 - https:\/\/yoast.com\/wordpress\/plugins\/seo\/ -->\n<title>NU GENEA - Nuova Napoli -  (LP) | Guerssen<\/title>\n<meta name=\"description\" content=\"REPRESS 2022Almost 2 years after the success of the album THE TONY ALLEN EXPERIMENTS and a few months after the release of the 7inch AMORE, Nu Genea (Nu Guinea) return to the scene with a new LP published by their newborn label NG RECORDS.After touring the world looking for sounds suitable for their vibrations, NU GENEA (Nu Guinea) decided to go back to square one, Napoli, where Massimo Di Lena and Lucio Aquilina were born and raised. They watched their city from a distance reconstructing its energy from their studio in Berlin, calibrating the synths on the meridian of Vesuvius, the volcano that has always protected and threatened Napoli.NUOVA NAPOLI is the result of a long musical research that has become a historical investigation on the sound that shaped Napoli during the &#039;70s and &#039;80s, starting from the contamination of genres (disco, jazz-funk, African rhythms) which ended up in Nu Genea&#039;s DNA.In this album the synthesizers fill the spaces between the past and the future, tightening in a single body acoustic instruments, electronics and voices in Neapolitan dialect. It is the first time that the duo has worked with such a large group of musicians, some of whom are exponents of the contemporary Neapolitan scene.\" \/>\n<meta name=\"robots\" content=\"index, follow, max-snippet:-1, max-image-preview:large, max-video-preview:-1\" \/>\n<link rel=\"canonical\" href=\"https:\/\/wpguerssen-test.odoo.rgbconsulting.com\/es\/producto\/nuova-napoli\/\" \/>\n<meta property=\"og:locale\" content=\"es_ES\" \/>\n<meta property=\"og:type\" content=\"article\" \/>\n<meta property=\"og:title\" content=\"NU GENEA - Nuova Napoli -  (LP) | Guerssen\" \/>\n<meta property=\"og:description\" content=\"REPRESS 2022Almost 2 years after the success of the album THE TONY ALLEN EXPERIMENTS and a few months after the release of the 7inch AMORE, Nu Genea (Nu Guinea) return to the scene with a new LP published by their newborn label NG RECORDS.After touring the world looking for sounds suitable for their vibrations, NU GENEA (Nu Guinea) decided to go back to square one, Napoli, where Massimo Di Lena and Lucio Aquilina were born and raised. They watched their city from a distance reconstructing its energy from their studio in Berlin, calibrating the synths on the meridian of Vesuvius, the volcano that has always protected and threatened Napoli.NUOVA NAPOLI is the result of a long musical research that has become a historical investigation on the sound that shaped Napoli during the &#039;70s and &#039;80s, starting from the contamination of genres (disco, jazz-funk, African rhythms) which ended up in Nu Genea&#039;s DNA.In this album the synthesizers fill the spaces between the past and the future, tightening in a single body acoustic instruments, electronics and voices in Neapolitan dialect. It is the first time that the duo has worked with such a large group of musicians, some of whom are exponents of the contemporary Neapolitan scene.\" \/>\n<meta property=\"og:url\" content=\"https:\/\/wpguerssen-test.odoo.rgbconsulting.com\/es\/producto\/nuova-napoli\/\" \/>\n<meta property=\"og:site_name\" content=\"Guerssen records\" \/>\n<meta property=\"article:modified_time\" content=\"2025-04-16T16:14:50+00:00\" \/>\n<meta property=\"og:image\" content=\"https:\/\/wpguerssen-test.odoo.rgbconsulting.com\/wp-content\/uploads\/2024\/02\/47039.jpg\" \/>\n\t<meta property=\"og:image:width\" content=\"1200\" \/>\n\t<meta property=\"og:image:height\" content=\"1200\" \/>\n\t<meta property=\"og:image:type\" content=\"image\/jpeg\" \/>\n<meta name=\"twitter:card\" content=\"summary_large_image\" \/>\n<meta name=\"twitter:title\" content=\"NU GENEA - Nuova Napoli -  (LP) | Guerssen\" \/>\n<meta name=\"twitter:label1\" content=\"Tiempo de lectura\" \/>\n\t<meta name=\"twitter:data1\" content=\"1 minuto\" \/>\n<script type=\"application\/ld+json\" class=\"yoast-schema-graph\">{\"@context\":\"https:\/\/schema.org\",\"@graph\":[{\"@type\":\"WebPage\",\"@id\":\"https:\/\/wpguerssen-test.odoo.rgbconsulting.com\/es\/producto\/nuova-napoli\/\",\"url\":\"https:\/\/wpguerssen-test.odoo.rgbconsulting.com\/es\/producto\/nuova-napoli\/\",\"name\":\"NU GENEA - Nuova Napoli - (LP) | Guerssen\",\"isPartOf\":{\"@id\":\"https:\/\/wpguerssen-test.odoo.rgbconsulting.com\/es\/#website\"},\"primaryImageOfPage\":{\"@id\":\"https:\/\/wpguerssen-test.odoo.rgbconsulting.com\/es\/producto\/nuova-napoli\/#primaryimage\"},\"image\":{\"@id\":\"https:\/\/wpguerssen-test.odoo.rgbconsulting.com\/es\/producto\/nuova-napoli\/#primaryimage\"},\"thumbnailUrl\":\"https:\/\/wpguerssen-test.odoo.rgbconsulting.com\/wp-content\/uploads\/2024\/02\/47039.jpg\",\"datePublished\":\"2025-02-06T23:00:00+00:00\",\"dateModified\":\"2025-04-16T16:14:50+00:00\",\"description\":\"REPRESS 2022Almost 2 years after the success of the album THE TONY ALLEN EXPERIMENTS and a few months after the release of the 7inch AMORE, Nu Genea (Nu Guinea) return to the scene with a new LP published by their newborn label NG RECORDS.After touring the world looking for sounds suitable for their vibrations, NU GENEA (Nu Guinea) decided to go back to square one, Napoli, where Massimo Di Lena and Lucio Aquilina were born and raised. They watched their city from a distance reconstructing its energy from their studio in Berlin, calibrating the synths on the meridian of Vesuvius, the volcano that has always protected and threatened Napoli.NUOVA NAPOLI is the result of a long musical research that has become a historical investigation on the sound that shaped Napoli during the '70s and '80s, starting from the contamination of genres (disco, jazz-funk, African rhythms) which ended up in Nu Genea's DNA.In this album the synthesizers fill the spaces between the past and the future, tightening in a single body acoustic instruments, electronics and voices in Neapolitan dialect. It is the first time that the duo has worked with such a large group of musicians, some of whom are exponents of the contemporary Neapolitan scene.\",\"breadcrumb\":{\"@id\":\"https:\/\/wpguerssen-test.odoo.rgbconsulting.com\/es\/producto\/nuova-napoli\/#breadcrumb\"},\"inLanguage\":\"es\",\"potentialAction\":[{\"@type\":\"ReadAction\",\"target\":[\"https:\/\/wpguerssen-test.odoo.rgbconsulting.com\/es\/producto\/nuova-napoli\/\"]}]},{\"@type\":\"ImageObject\",\"inLanguage\":\"es\",\"@id\":\"https:\/\/wpguerssen-test.odoo.rgbconsulting.com\/es\/producto\/nuova-napoli\/#primaryimage\",\"url\":\"https:\/\/wpguerssen-test.odoo.rgbconsulting.com\/wp-content\/uploads\/2024\/02\/47039.jpg\",\"contentUrl\":\"https:\/\/wpguerssen-test.odoo.rgbconsulting.com\/wp-content\/uploads\/2024\/02\/47039.jpg\",\"width\":1200,\"height\":1200},{\"@type\":\"BreadcrumbList\",\"@id\":\"https:\/\/wpguerssen-test.odoo.rgbconsulting.com\/es\/producto\/nuova-napoli\/#breadcrumb\",\"itemListElement\":[{\"@type\":\"ListItem\",\"position\":1,\"name\":\"Inicio\",\"item\":\"https:\/\/wpguerssen-test.odoo.rgbconsulting.com\/es\/\"},{\"@type\":\"ListItem\",\"position\":2,\"name\":\"Shop\",\"item\":\"https:\/\/wpguerssen-test.odoo.rgbconsulting.com\/shop\/\"},{\"@type\":\"ListItem\",\"position\":3,\"name\":\"Nuova Napoli\"}]},{\"@type\":\"WebSite\",\"@id\":\"https:\/\/wpguerssen-test.odoo.rgbconsulting.com\/es\/#website\",\"url\":\"https:\/\/wpguerssen-test.odoo.rgbconsulting.com\/es\/\",\"name\":\"Guerssen records\",\"description\":\"psychedelia - progressive - folk - garage \",\"publisher\":{\"@id\":\"https:\/\/wpguerssen-test.odoo.rgbconsulting.com\/es\/#organization\"},\"potentialAction\":[{\"@type\":\"SearchAction\",\"target\":{\"@type\":\"EntryPoint\",\"urlTemplate\":\"https:\/\/wpguerssen-test.odoo.rgbconsulting.com\/es\/?s={search_term_string}\"},\"query-input\":{\"@type\":\"PropertyValueSpecification\",\"valueRequired\":true,\"valueName\":\"search_term_string\"}}],\"inLanguage\":\"es\"},{\"@type\":\"Organization\",\"@id\":\"https:\/\/wpguerssen-test.odoo.rgbconsulting.com\/es\/#organization\",\"name\":\"Guerssen records\",\"url\":\"https:\/\/wpguerssen-test.odoo.rgbconsulting.com\/es\/\",\"logo\":{\"@type\":\"ImageObject\",\"inLanguage\":\"es\",\"@id\":\"https:\/\/wpguerssen-test.odoo.rgbconsulting.com\/es\/#\/schema\/logo\/image\/\",\"url\":\"https:\/\/wpguerssen-test.odoo.rgbconsulting.com\/wp-content\/uploads\/2022\/04\/Logo_Guerssen_trans_100.png\",\"contentUrl\":\"https:\/\/wpguerssen-test.odoo.rgbconsulting.com\/wp-content\/uploads\/2022\/04\/Logo_Guerssen_trans_100.png\",\"width\":122,\"height\":100,\"caption\":\"Guerssen records\"},\"image\":{\"@id\":\"https:\/\/wpguerssen-test.odoo.rgbconsulting.com\/es\/#\/schema\/logo\/image\/\"}}]}<\/script>\n<!-- \/ Yoast SEO plugin. -->","yoast_head_json":{"title":"NU GENEA - Nuova Napoli -  (LP) | Guerssen","description":"REPRESS 2022Almost 2 years after the success of the album THE TONY ALLEN EXPERIMENTS and a few months after the release of the 7inch AMORE, Nu Genea (Nu Guinea) return to the scene with a new LP published by their newborn label NG RECORDS.After touring the world looking for sounds suitable for their vibrations, NU GENEA (Nu Guinea) decided to go back to square one, Napoli, where Massimo Di Lena and Lucio Aquilina were born and raised. They watched their city from a distance reconstructing its energy from their studio in Berlin, calibrating the synths on the meridian of Vesuvius, the volcano that has always protected and threatened Napoli.NUOVA NAPOLI is the result of a long musical research that has become a historical investigation on the sound that shaped Napoli during the '70s and '80s, starting from the contamination of genres (disco, jazz-funk, African rhythms) which ended up in Nu Genea's DNA.In this album the synthesizers fill the spaces between the past and the future, tightening in a single body acoustic instruments, electronics and voices in Neapolitan dialect. It is the first time that the duo has worked with such a large group of musicians, some of whom are exponents of the contemporary Neapolitan scene.","robots":{"index":"index","follow":"follow","max-snippet":"max-snippet:-1","max-image-preview":"max-image-preview:large","max-video-preview":"max-video-preview:-1"},"canonical":"https:\/\/wpguerssen-test.odoo.rgbconsulting.com\/es\/producto\/nuova-napoli\/","og_locale":"es_ES","og_type":"article","og_title":"NU GENEA - Nuova Napoli -  (LP) | Guerssen","og_description":"REPRESS 2022Almost 2 years after the success of the album THE TONY ALLEN EXPERIMENTS and a few months after the release of the 7inch AMORE, Nu Genea (Nu Guinea) return to the scene with a new LP published by their newborn label NG RECORDS.After touring the world looking for sounds suitable for their vibrations, NU GENEA (Nu Guinea) decided to go back to square one, Napoli, where Massimo Di Lena and Lucio Aquilina were born and raised. They watched their city from a distance reconstructing its energy from their studio in Berlin, calibrating the synths on the meridian of Vesuvius, the volcano that has always protected and threatened Napoli.NUOVA NAPOLI is the result of a long musical research that has become a historical investigation on the sound that shaped Napoli during the '70s and '80s, starting from the contamination of genres (disco, jazz-funk, African rhythms) which ended up in Nu Genea's DNA.In this album the synthesizers fill the spaces between the past and the future, tightening in a single body acoustic instruments, electronics and voices in Neapolitan dialect. It is the first time that the duo has worked with such a large group of musicians, some of whom are exponents of the contemporary Neapolitan scene.","og_url":"https:\/\/wpguerssen-test.odoo.rgbconsulting.com\/es\/producto\/nuova-napoli\/","og_site_name":"Guerssen records","article_modified_time":"2025-04-16T16:14:50+00:00","og_image":[{"width":1200,"height":1200,"url":"https:\/\/wpguerssen-test.odoo.rgbconsulting.com\/wp-content\/uploads\/2024\/02\/47039.jpg","type":"image\/jpeg"}],"twitter_card":"summary_large_image","twitter_title":"NU GENEA - Nuova Napoli -  (LP) | Guerssen","twitter_misc":{"Tiempo de lectura":"1 minuto"},"schema":{"@context":"https:\/\/schema.org","@graph":[{"@type":"WebPage","@id":"https:\/\/wpguerssen-test.odoo.rgbconsulting.com\/es\/producto\/nuova-napoli\/","url":"https:\/\/wpguerssen-test.odoo.rgbconsulting.com\/es\/producto\/nuova-napoli\/","name":"NU GENEA - Nuova Napoli - (LP) | Guerssen","isPartOf":{"@id":"https:\/\/wpguerssen-test.odoo.rgbconsulting.com\/es\/#website"},"primaryImageOfPage":{"@id":"https:\/\/wpguerssen-test.odoo.rgbconsulting.com\/es\/producto\/nuova-napoli\/#primaryimage"},"image":{"@id":"https:\/\/wpguerssen-test.odoo.rgbconsulting.com\/es\/producto\/nuova-napoli\/#primaryimage"},"thumbnailUrl":"https:\/\/wpguerssen-test.odoo.rgbconsulting.com\/wp-content\/uploads\/2024\/02\/47039.jpg","datePublished":"2025-02-06T23:00:00+00:00","dateModified":"2025-04-16T16:14:50+00:00","description":"REPRESS 2022Almost 2 years after the success of the album THE TONY ALLEN EXPERIMENTS and a few months after the release of the 7inch AMORE, Nu Genea (Nu Guinea) return to the scene with a new LP published by their newborn label NG RECORDS.After touring the world looking for sounds suitable for their vibrations, NU GENEA (Nu Guinea) decided to go back to square one, Napoli, where Massimo Di Lena and Lucio Aquilina were born and raised. They watched their city from a distance reconstructing its energy from their studio in Berlin, calibrating the synths on the meridian of Vesuvius, the volcano that has always protected and threatened Napoli.NUOVA NAPOLI is the result of a long musical research that has become a historical investigation on the sound that shaped Napoli during the '70s and '80s, starting from the contamination of genres (disco, jazz-funk, African rhythms) which ended up in Nu Genea's DNA.In this album the synthesizers fill the spaces between the past and the future, tightening in a single body acoustic instruments, electronics and voices in Neapolitan dialect. It is the first time that the duo has worked with such a large group of musicians, some of whom are exponents of the contemporary Neapolitan scene.","breadcrumb":{"@id":"https:\/\/wpguerssen-test.odoo.rgbconsulting.com\/es\/producto\/nuova-napoli\/#breadcrumb"},"inLanguage":"es","potentialAction":[{"@type":"ReadAction","target":["https:\/\/wpguerssen-test.odoo.rgbconsulting.com\/es\/producto\/nuova-napoli\/"]}]},{"@type":"ImageObject","inLanguage":"es","@id":"https:\/\/wpguerssen-test.odoo.rgbconsulting.com\/es\/producto\/nuova-napoli\/#primaryimage","url":"https:\/\/wpguerssen-test.odoo.rgbconsulting.com\/wp-content\/uploads\/2024\/02\/47039.jpg","contentUrl":"https:\/\/wpguerssen-test.odoo.rgbconsulting.com\/wp-content\/uploads\/2024\/02\/47039.jpg","width":1200,"height":1200},{"@type":"BreadcrumbList","@id":"https:\/\/wpguerssen-test.odoo.rgbconsulting.com\/es\/producto\/nuova-napoli\/#breadcrumb","itemListElement":[{"@type":"ListItem","position":1,"name":"Inicio","item":"https:\/\/wpguerssen-test.odoo.rgbconsulting.com\/es\/"},{"@type":"ListItem","position":2,"name":"Shop","item":"https:\/\/wpguerssen-test.odoo.rgbconsulting.com\/shop\/"},{"@type":"ListItem","position":3,"name":"Nuova Napoli"}]},{"@type":"WebSite","@id":"https:\/\/wpguerssen-test.odoo.rgbconsulting.com\/es\/#website","url":"https:\/\/wpguerssen-test.odoo.rgbconsulting.com\/es\/","name":"Guerssen records","description":"psychedelia - progressive - folk - garage ","publisher":{"@id":"https:\/\/wpguerssen-test.odoo.rgbconsulting.com\/es\/#organization"},"potentialAction":[{"@type":"SearchAction","target":{"@type":"EntryPoint","urlTemplate":"https:\/\/wpguerssen-test.odoo.rgbconsulting.com\/es\/?s={search_term_string}"},"query-input":{"@type":"PropertyValueSpecification","valueRequired":true,"valueName":"search_term_string"}}],"inLanguage":"es"},{"@type":"Organization","@id":"https:\/\/wpguerssen-test.odoo.rgbconsulting.com\/es\/#organization","name":"Guerssen records","url":"https:\/\/wpguerssen-test.odoo.rgbconsulting.com\/es\/","logo":{"@type":"ImageObject","inLanguage":"es","@id":"https:\/\/wpguerssen-test.odoo.rgbconsulting.com\/es\/#\/schema\/logo\/image\/","url":"https:\/\/wpguerssen-test.odoo.rgbconsulting.com\/wp-content\/uploads\/2022\/04\/Logo_Guerssen_trans_100.png","contentUrl":"https:\/\/wpguerssen-test.odoo.rgbconsulting.com\/wp-content\/uploads\/2022\/04\/Logo_Guerssen_trans_100.png","width":122,"height":100,"caption":"Guerssen records"},"image":{"@id":"https:\/\/wpguerssen-test.odoo.rgbconsulting.com\/es\/#\/schema\/logo\/image\/"}}]}},"_links":{"self":[{"href":"https:\/\/wpguerssen-test.odoo.rgbconsulting.com\/es\/wp-json\/wp\/v2\/product\/260853","targetHints":{"allow":["GET"]}}],"collection":[{"href":"https:\/\/wpguerssen-test.odoo.rgbconsulting.com\/es\/wp-json\/wp\/v2\/product"}],"about":[{"href":"https:\/\/wpguerssen-test.odoo.rgbconsulting.com\/es\/wp-json\/wp\/v2\/types\/product"}],"wp:featuredmedia":[{"embeddable":true,"href":"https:\/\/wpguerssen-test.odoo.rgbconsulting.com\/es\/wp-json\/wp\/v2\/media\/260803"}],"wp:attachment":[{"href":"https:\/\/wpguerssen-test.odoo.rgbconsulting.com\/es\/wp-json\/wp\/v2\/media?parent=260853"}],"wp:term":[{"taxonomy":"product_brand","embeddable":true,"href":"https:\/\/wpguerssen-test.odoo.rgbconsulting.com\/es\/wp-json\/wp\/v2\/product_brand?post=260853"},{"taxonomy":"product_cat","embeddable":true,"href":"https:\/\/wpguerssen-test.odoo.rgbconsulting.com\/es\/wp-json\/wp\/v2\/product_cat?post=260853"},{"taxonomy":"product_tag","embeddable":true,"href":"https:\/\/wpguerssen-test.odoo.rgbconsulting.com\/es\/wp-json\/wp\/v2\/product_tag?post=260853"}],"curies":[{"name":"wp","href":"https:\/\/api.w.org\/{rel}","templated":true}]}}