{"id":260980,"date":"2024-03-18T00:00:00","date_gmt":"2024-03-17T23:00:00","guid":{"rendered":"https:\/\/wpguerssen-test.odoo.rgbconsulting.com\/product\/for-rhyme-and-reason-yellow\/"},"modified":"2025-01-09T15:47:12","modified_gmt":"2025-01-09T14:47:12","slug":"for-rhyme-and-reason-yellow","status":"publish","type":"product","link":"https:\/\/wpguerssen-test.odoo.rgbconsulting.com\/es\/producto\/for-rhyme-and-reason-yellow\/","title":{"rendered":"For Rhyme And Reason (Yellow)"},"content":{"rendered":"<p>Genesis en su encarnaci\u00f3n m\u00e1s reciente por primera vez en casa, en vivo en Londres. Cuando el cantante Peter Gabriel dej\u00f3 el grupo para comenzar su carrera en solitario, los otros miembros temieron no poder seguir adelante, pero encontraron a su nuevo l\u00edder en el baterista Phil Collins. Este espect\u00e1culo de la gira \u00abThe Trick Of A Tail\u00bb es su primera grabaci\u00f3n en vivo juntos, lo que result\u00f3 ser un combo ganador para la banda brit\u00e1nica. Collins no cambi\u00f3 completamente sus baquetas por el micr\u00f3fono, continu\u00f3 tocando la bater\u00eda durante las secciones instrumentales. Este es un conjunto s\u00f3lido de un grupo que reci\u00e9n ingresa a un cap\u00edtulo completamente diferente de sus carreras; el nuevo G\u00e9nesis.<\/p>\n","protected":false},"excerpt":{"rendered":"<p>Genesis en su encarnaci\u00f3n m\u00e1s reciente por primera vez en casa, en vivo en Londres. Cuando el cantante Peter Gabriel dej\u00f3 el grupo para comenzar su carrera en solitario,<a class=\"read\" href=\"https:\/\/wpguerssen-test.odoo.rgbconsulting.com\/es\/producto\/for-rhyme-and-reason-yellow\/\"> (...)<\/a>","protected":false},"featured_media":260932,"template":"","meta":{"_acf_changed":false},"product_brand":[],"product_cat":[21639,23215],"product_tag":[29140],"class_list":{"0":"post-260980","1":"product","2":"type-product","3":"status-publish","4":"has-post-thumbnail","6":"product_cat-psychedelic60s-70s-es","7":"product_cat-progressive60s-70s-es","8":"product_tag-color-vinyl-es","9":"pa_artist-genesis","10":"pa_format-lp-es","11":"pa_gender-psychedelic60s-70s-progressive60s-70s","12":"pa_label-yellow-vin","13":"pa_location-uk-ireland-es","14":"pa_other-filters-vinyl-only-es","16":"first","17":"instock","18":"taxable","19":"shipping-taxable","20":"purchasable","21":"product-type-simple"},"acf":[],"yoast_head":"<!-- This site is optimized with the Yoast SEO plugin v24.9 - https:\/\/yoast.com\/wordpress\/plugins\/seo\/ -->\n<title>GENESIS - For Rhyme And Reason (Yellow) -  (LP) | Guerssen<\/title>\n<meta name=\"description\" content=\"Genesis in it&#039;s newest incarnation for the first time on home turf, live in London. When lead singer Peter Gabriel left the group to start his solo career, the other members feared they couldn&#039;t move forward, but they found their new front-man in drummer Phil Collins. This show from &quot;The Trick Of A Tail&quot; tour is their first live recording together, which proved to be a winning combo for the British band. Collins didn&#039;t fully trade in his drumsticks for the microphone, he continued to drum during instrumental sections. This is a solid set from a group fresh into a whole different chapter of their careers; the new Genesis.\" \/>\n<meta name=\"robots\" content=\"index, follow, max-snippet:-1, max-image-preview:large, max-video-preview:-1\" \/>\n<link rel=\"canonical\" href=\"https:\/\/wpguerssen-test.odoo.rgbconsulting.com\/es\/producto\/for-rhyme-and-reason-yellow\/\" \/>\n<meta property=\"og:locale\" content=\"es_ES\" \/>\n<meta property=\"og:type\" content=\"article\" \/>\n<meta property=\"og:title\" content=\"GENESIS - For Rhyme And Reason (Yellow) -  (LP) | Guerssen\" \/>\n<meta property=\"og:description\" content=\"Genesis in it&#039;s newest incarnation for the first time on home turf, live in London. When lead singer Peter Gabriel left the group to start his solo career, the other members feared they couldn&#039;t move forward, but they found their new front-man in drummer Phil Collins. This show from &quot;The Trick Of A Tail&quot; tour is their first live recording together, which proved to be a winning combo for the British band. Collins didn&#039;t fully trade in his drumsticks for the microphone, he continued to drum during instrumental sections. This is a solid set from a group fresh into a whole different chapter of their careers; the new Genesis.\" \/>\n<meta property=\"og:url\" content=\"https:\/\/wpguerssen-test.odoo.rgbconsulting.com\/es\/producto\/for-rhyme-and-reason-yellow\/\" \/>\n<meta property=\"og:site_name\" content=\"Guerssen records\" \/>\n<meta property=\"article:modified_time\" content=\"2025-01-09T14:47:12+00:00\" \/>\n<meta property=\"og:image\" content=\"https:\/\/wpguerssen-test.odoo.rgbconsulting.com\/wp-content\/uploads\/2024\/03\/47060.jpg\" \/>\n\t<meta property=\"og:image:width\" content=\"1510\" \/>\n\t<meta property=\"og:image:height\" content=\"1131\" \/>\n\t<meta property=\"og:image:type\" content=\"image\/png\" \/>\n<meta name=\"twitter:card\" content=\"summary_large_image\" \/>\n<meta name=\"twitter:title\" content=\"GENESIS - For Rhyme And Reason (Yellow) -  (LP) | Guerssen\" \/>\n<meta name=\"twitter:label1\" content=\"Tiempo de lectura\" \/>\n\t<meta name=\"twitter:data1\" content=\"1 minuto\" \/>\n<script type=\"application\/ld+json\" class=\"yoast-schema-graph\">{\"@context\":\"https:\/\/schema.org\",\"@graph\":[{\"@type\":\"WebPage\",\"@id\":\"https:\/\/wpguerssen-test.odoo.rgbconsulting.com\/es\/producto\/for-rhyme-and-reason-yellow\/\",\"url\":\"https:\/\/wpguerssen-test.odoo.rgbconsulting.com\/es\/producto\/for-rhyme-and-reason-yellow\/\",\"name\":\"GENESIS - For Rhyme And Reason (Yellow) - (LP) | Guerssen\",\"isPartOf\":{\"@id\":\"https:\/\/wpguerssen-test.odoo.rgbconsulting.com\/es\/#website\"},\"primaryImageOfPage\":{\"@id\":\"https:\/\/wpguerssen-test.odoo.rgbconsulting.com\/es\/producto\/for-rhyme-and-reason-yellow\/#primaryimage\"},\"image\":{\"@id\":\"https:\/\/wpguerssen-test.odoo.rgbconsulting.com\/es\/producto\/for-rhyme-and-reason-yellow\/#primaryimage\"},\"thumbnailUrl\":\"https:\/\/wpguerssen-test.odoo.rgbconsulting.com\/wp-content\/uploads\/2024\/03\/47060.jpg\",\"datePublished\":\"2024-03-17T23:00:00+00:00\",\"dateModified\":\"2025-01-09T14:47:12+00:00\",\"description\":\"Genesis in it's newest incarnation for the first time on home turf, live in London. When lead singer Peter Gabriel left the group to start his solo career, the other members feared they couldn't move forward, but they found their new front-man in drummer Phil Collins. This show from \\\"The Trick Of A Tail\\\" tour is their first live recording together, which proved to be a winning combo for the British band. Collins didn't fully trade in his drumsticks for the microphone, he continued to drum during instrumental sections. This is a solid set from a group fresh into a whole different chapter of their careers; the new Genesis.\",\"breadcrumb\":{\"@id\":\"https:\/\/wpguerssen-test.odoo.rgbconsulting.com\/es\/producto\/for-rhyme-and-reason-yellow\/#breadcrumb\"},\"inLanguage\":\"es\",\"potentialAction\":[{\"@type\":\"ReadAction\",\"target\":[\"https:\/\/wpguerssen-test.odoo.rgbconsulting.com\/es\/producto\/for-rhyme-and-reason-yellow\/\"]}]},{\"@type\":\"ImageObject\",\"inLanguage\":\"es\",\"@id\":\"https:\/\/wpguerssen-test.odoo.rgbconsulting.com\/es\/producto\/for-rhyme-and-reason-yellow\/#primaryimage\",\"url\":\"https:\/\/wpguerssen-test.odoo.rgbconsulting.com\/wp-content\/uploads\/2024\/03\/47060.jpg\",\"contentUrl\":\"https:\/\/wpguerssen-test.odoo.rgbconsulting.com\/wp-content\/uploads\/2024\/03\/47060.jpg\",\"width\":1510,\"height\":1131},{\"@type\":\"BreadcrumbList\",\"@id\":\"https:\/\/wpguerssen-test.odoo.rgbconsulting.com\/es\/producto\/for-rhyme-and-reason-yellow\/#breadcrumb\",\"itemListElement\":[{\"@type\":\"ListItem\",\"position\":1,\"name\":\"Inicio\",\"item\":\"https:\/\/wpguerssen-test.odoo.rgbconsulting.com\/es\/\"},{\"@type\":\"ListItem\",\"position\":2,\"name\":\"Shop\",\"item\":\"https:\/\/wpguerssen-test.odoo.rgbconsulting.com\/shop\/\"},{\"@type\":\"ListItem\",\"position\":3,\"name\":\"For Rhyme And Reason (Yellow)\"}]},{\"@type\":\"WebSite\",\"@id\":\"https:\/\/wpguerssen-test.odoo.rgbconsulting.com\/es\/#website\",\"url\":\"https:\/\/wpguerssen-test.odoo.rgbconsulting.com\/es\/\",\"name\":\"Guerssen records\",\"description\":\"psychedelia - progressive - folk - garage \",\"publisher\":{\"@id\":\"https:\/\/wpguerssen-test.odoo.rgbconsulting.com\/es\/#organization\"},\"potentialAction\":[{\"@type\":\"SearchAction\",\"target\":{\"@type\":\"EntryPoint\",\"urlTemplate\":\"https:\/\/wpguerssen-test.odoo.rgbconsulting.com\/es\/?s={search_term_string}\"},\"query-input\":{\"@type\":\"PropertyValueSpecification\",\"valueRequired\":true,\"valueName\":\"search_term_string\"}}],\"inLanguage\":\"es\"},{\"@type\":\"Organization\",\"@id\":\"https:\/\/wpguerssen-test.odoo.rgbconsulting.com\/es\/#organization\",\"name\":\"Guerssen records\",\"url\":\"https:\/\/wpguerssen-test.odoo.rgbconsulting.com\/es\/\",\"logo\":{\"@type\":\"ImageObject\",\"inLanguage\":\"es\",\"@id\":\"https:\/\/wpguerssen-test.odoo.rgbconsulting.com\/es\/#\/schema\/logo\/image\/\",\"url\":\"https:\/\/wpguerssen-test.odoo.rgbconsulting.com\/wp-content\/uploads\/2022\/04\/Logo_Guerssen_trans_100.png\",\"contentUrl\":\"https:\/\/wpguerssen-test.odoo.rgbconsulting.com\/wp-content\/uploads\/2022\/04\/Logo_Guerssen_trans_100.png\",\"width\":122,\"height\":100,\"caption\":\"Guerssen records\"},\"image\":{\"@id\":\"https:\/\/wpguerssen-test.odoo.rgbconsulting.com\/es\/#\/schema\/logo\/image\/\"}}]}<\/script>\n<!-- \/ Yoast SEO plugin. -->","yoast_head_json":{"title":"GENESIS - For Rhyme And Reason (Yellow) -  (LP) | Guerssen","description":"Genesis in it's newest incarnation for the first time on home turf, live in London. When lead singer Peter Gabriel left the group to start his solo career, the other members feared they couldn't move forward, but they found their new front-man in drummer Phil Collins. This show from \"The Trick Of A Tail\" tour is their first live recording together, which proved to be a winning combo for the British band. Collins didn't fully trade in his drumsticks for the microphone, he continued to drum during instrumental sections. This is a solid set from a group fresh into a whole different chapter of their careers; the new Genesis.","robots":{"index":"index","follow":"follow","max-snippet":"max-snippet:-1","max-image-preview":"max-image-preview:large","max-video-preview":"max-video-preview:-1"},"canonical":"https:\/\/wpguerssen-test.odoo.rgbconsulting.com\/es\/producto\/for-rhyme-and-reason-yellow\/","og_locale":"es_ES","og_type":"article","og_title":"GENESIS - For Rhyme And Reason (Yellow) -  (LP) | Guerssen","og_description":"Genesis in it's newest incarnation for the first time on home turf, live in London. When lead singer Peter Gabriel left the group to start his solo career, the other members feared they couldn't move forward, but they found their new front-man in drummer Phil Collins. This show from \"The Trick Of A Tail\" tour is their first live recording together, which proved to be a winning combo for the British band. Collins didn't fully trade in his drumsticks for the microphone, he continued to drum during instrumental sections. This is a solid set from a group fresh into a whole different chapter of their careers; the new Genesis.","og_url":"https:\/\/wpguerssen-test.odoo.rgbconsulting.com\/es\/producto\/for-rhyme-and-reason-yellow\/","og_site_name":"Guerssen records","article_modified_time":"2025-01-09T14:47:12+00:00","og_image":[{"width":1510,"height":1131,"url":"https:\/\/wpguerssen-test.odoo.rgbconsulting.com\/wp-content\/uploads\/2024\/03\/47060.jpg","type":"image\/png"}],"twitter_card":"summary_large_image","twitter_title":"GENESIS - For Rhyme And Reason (Yellow) -  (LP) | Guerssen","twitter_misc":{"Tiempo de lectura":"1 minuto"},"schema":{"@context":"https:\/\/schema.org","@graph":[{"@type":"WebPage","@id":"https:\/\/wpguerssen-test.odoo.rgbconsulting.com\/es\/producto\/for-rhyme-and-reason-yellow\/","url":"https:\/\/wpguerssen-test.odoo.rgbconsulting.com\/es\/producto\/for-rhyme-and-reason-yellow\/","name":"GENESIS - For Rhyme And Reason (Yellow) - (LP) | Guerssen","isPartOf":{"@id":"https:\/\/wpguerssen-test.odoo.rgbconsulting.com\/es\/#website"},"primaryImageOfPage":{"@id":"https:\/\/wpguerssen-test.odoo.rgbconsulting.com\/es\/producto\/for-rhyme-and-reason-yellow\/#primaryimage"},"image":{"@id":"https:\/\/wpguerssen-test.odoo.rgbconsulting.com\/es\/producto\/for-rhyme-and-reason-yellow\/#primaryimage"},"thumbnailUrl":"https:\/\/wpguerssen-test.odoo.rgbconsulting.com\/wp-content\/uploads\/2024\/03\/47060.jpg","datePublished":"2024-03-17T23:00:00+00:00","dateModified":"2025-01-09T14:47:12+00:00","description":"Genesis in it's newest incarnation for the first time on home turf, live in London. When lead singer Peter Gabriel left the group to start his solo career, the other members feared they couldn't move forward, but they found their new front-man in drummer Phil Collins. This show from \"The Trick Of A Tail\" tour is their first live recording together, which proved to be a winning combo for the British band. Collins didn't fully trade in his drumsticks for the microphone, he continued to drum during instrumental sections. This is a solid set from a group fresh into a whole different chapter of their careers; the new Genesis.","breadcrumb":{"@id":"https:\/\/wpguerssen-test.odoo.rgbconsulting.com\/es\/producto\/for-rhyme-and-reason-yellow\/#breadcrumb"},"inLanguage":"es","potentialAction":[{"@type":"ReadAction","target":["https:\/\/wpguerssen-test.odoo.rgbconsulting.com\/es\/producto\/for-rhyme-and-reason-yellow\/"]}]},{"@type":"ImageObject","inLanguage":"es","@id":"https:\/\/wpguerssen-test.odoo.rgbconsulting.com\/es\/producto\/for-rhyme-and-reason-yellow\/#primaryimage","url":"https:\/\/wpguerssen-test.odoo.rgbconsulting.com\/wp-content\/uploads\/2024\/03\/47060.jpg","contentUrl":"https:\/\/wpguerssen-test.odoo.rgbconsulting.com\/wp-content\/uploads\/2024\/03\/47060.jpg","width":1510,"height":1131},{"@type":"BreadcrumbList","@id":"https:\/\/wpguerssen-test.odoo.rgbconsulting.com\/es\/producto\/for-rhyme-and-reason-yellow\/#breadcrumb","itemListElement":[{"@type":"ListItem","position":1,"name":"Inicio","item":"https:\/\/wpguerssen-test.odoo.rgbconsulting.com\/es\/"},{"@type":"ListItem","position":2,"name":"Shop","item":"https:\/\/wpguerssen-test.odoo.rgbconsulting.com\/shop\/"},{"@type":"ListItem","position":3,"name":"For Rhyme And Reason (Yellow)"}]},{"@type":"WebSite","@id":"https:\/\/wpguerssen-test.odoo.rgbconsulting.com\/es\/#website","url":"https:\/\/wpguerssen-test.odoo.rgbconsulting.com\/es\/","name":"Guerssen records","description":"psychedelia - progressive - folk - garage ","publisher":{"@id":"https:\/\/wpguerssen-test.odoo.rgbconsulting.com\/es\/#organization"},"potentialAction":[{"@type":"SearchAction","target":{"@type":"EntryPoint","urlTemplate":"https:\/\/wpguerssen-test.odoo.rgbconsulting.com\/es\/?s={search_term_string}"},"query-input":{"@type":"PropertyValueSpecification","valueRequired":true,"valueName":"search_term_string"}}],"inLanguage":"es"},{"@type":"Organization","@id":"https:\/\/wpguerssen-test.odoo.rgbconsulting.com\/es\/#organization","name":"Guerssen records","url":"https:\/\/wpguerssen-test.odoo.rgbconsulting.com\/es\/","logo":{"@type":"ImageObject","inLanguage":"es","@id":"https:\/\/wpguerssen-test.odoo.rgbconsulting.com\/es\/#\/schema\/logo\/image\/","url":"https:\/\/wpguerssen-test.odoo.rgbconsulting.com\/wp-content\/uploads\/2022\/04\/Logo_Guerssen_trans_100.png","contentUrl":"https:\/\/wpguerssen-test.odoo.rgbconsulting.com\/wp-content\/uploads\/2022\/04\/Logo_Guerssen_trans_100.png","width":122,"height":100,"caption":"Guerssen records"},"image":{"@id":"https:\/\/wpguerssen-test.odoo.rgbconsulting.com\/es\/#\/schema\/logo\/image\/"}}]}},"_links":{"self":[{"href":"https:\/\/wpguerssen-test.odoo.rgbconsulting.com\/es\/wp-json\/wp\/v2\/product\/260980","targetHints":{"allow":["GET"]}}],"collection":[{"href":"https:\/\/wpguerssen-test.odoo.rgbconsulting.com\/es\/wp-json\/wp\/v2\/product"}],"about":[{"href":"https:\/\/wpguerssen-test.odoo.rgbconsulting.com\/es\/wp-json\/wp\/v2\/types\/product"}],"wp:featuredmedia":[{"embeddable":true,"href":"https:\/\/wpguerssen-test.odoo.rgbconsulting.com\/es\/wp-json\/wp\/v2\/media\/260932"}],"wp:attachment":[{"href":"https:\/\/wpguerssen-test.odoo.rgbconsulting.com\/es\/wp-json\/wp\/v2\/media?parent=260980"}],"wp:term":[{"taxonomy":"product_brand","embeddable":true,"href":"https:\/\/wpguerssen-test.odoo.rgbconsulting.com\/es\/wp-json\/wp\/v2\/product_brand?post=260980"},{"taxonomy":"product_cat","embeddable":true,"href":"https:\/\/wpguerssen-test.odoo.rgbconsulting.com\/es\/wp-json\/wp\/v2\/product_cat?post=260980"},{"taxonomy":"product_tag","embeddable":true,"href":"https:\/\/wpguerssen-test.odoo.rgbconsulting.com\/es\/wp-json\/wp\/v2\/product_tag?post=260980"}],"curies":[{"name":"wp","href":"https:\/\/api.w.org\/{rel}","templated":true}]}}