{"id":261098,"date":"2024-03-11T00:00:00","date_gmt":"2024-03-10T23:00:00","guid":{"rendered":"https:\/\/wpguerssen-test.odoo.rgbconsulting.com\/product\/the-chicago-master-1965-1968\/"},"modified":"2024-03-12T10:59:32","modified_gmt":"2024-03-12T09:59:32","slug":"the-chicago-master-1965-1968","status":"publish","type":"product","link":"https:\/\/wpguerssen-test.odoo.rgbconsulting.com\/es\/producto\/the-chicago-master-1965-1968\/","title":{"rendered":"The Chicago Master 1965-1968"},"content":{"rendered":"<p>Uno de los cantantes de Deep Soul m\u00e1s venerados de los a\u00f1os sesenta junto a artistas como James Carr; Percy Sledge y O. V. Wright&#8230;OTIS CLAY naci\u00f3 en Waxhaw; Mississippi; en 1942. Creci\u00f3 cantando en la iglesia y se gradu\u00f3 en uno de los mejores cuartetos de gospel de todos lostiempos: los Sensational Nightingales. Clay dio el salto a la m\u00fasica secular en 1962 y firm\u00f3 con el sello &#8216;One-derful!&#8217;; con sede en Chicago; y finalmente consigui\u00f3 un \u00e9xito nacional de R&#038;B con &#8216;That&#8217;s How It Is&#8217;; un excelente testimonio de su enorme talento. En verdad; Otis Clay nunca alcanz\u00f3 el nivel de \u00e9xito que realmente merec\u00eda. M\u00e1s tarde encontr\u00f3 un gran \u00e9xito en Jap\u00f3n y tambi\u00e9n grab\u00f3 la versi\u00f3n original de &#8216;The Only Way Is Up&#8217;; un \u00e9xito en las listas europeas de Yazz y The Plastic Machine. Aqu\u00ed; por primera vez; presentamos las grabaciones completas de &#8216;One-derful!&#8217;; incluido material in\u00e9dito.<\/p>\n","protected":false},"excerpt":{"rendered":"<p>Uno de los cantantes de Deep Soul m\u00e1s venerados de los a\u00f1os sesenta junto a artistas como James Carr; Percy Sledge y O. V. Wright&#8230;OTIS CLAY naci\u00f3 en Waxhaw;<a class=\"read\" href=\"https:\/\/wpguerssen-test.odoo.rgbconsulting.com\/es\/producto\/the-chicago-master-1965-1968\/\"> (...)<\/a>","protected":false},"featured_media":261015,"template":"","meta":{"_acf_changed":false},"product_brand":[],"product_cat":[21649,23219],"product_tag":[24189],"class_list":{"0":"post-261098","1":"product","2":"type-product","3":"status-publish","4":"has-post-thumbnail","6":"product_cat-soul-rnb-es","7":"product_cat-funk-es","8":"product_tag-recien-llegadas","9":"pa_artist-clay-otis","10":"pa_format-lp-es","11":"pa_gender-soul-rnb-funk","12":"pa_label-charly","13":"pa_location-north-america-es","14":"pa_other-filters-vinyl-only-es","16":"first","17":"instock","18":"taxable","19":"shipping-taxable","20":"purchasable","21":"product-type-simple"},"acf":[],"yoast_head":"<!-- This site is optimized with the Yoast SEO plugin v24.9 - https:\/\/yoast.com\/wordpress\/plugins\/seo\/ -->\n<title>CLAY, Otis - The Chicago Master 1965-1968 -  (LP) | Guerssen<\/title>\n<meta name=\"description\" content=\"Otis Clay, a revered Deep Soul singer of the 60s alongside James Carr, Percy Sledge, and O.V. Wright, was born in 1942 in Waxhaw, Mississippi. He began singing in church and later joined the legendary gospel quartet, the Sensational Nightingales. Transitioning to secular music in 1962 with Chicago-based One-derful! Label, he scored an R&amp;B hit with &#039;That&#039;s How It Is&#039; (#34, 1967), showcasing his immense talent. Despite this, he never achieved the deserved success. In later years, he found immense success in Japan and recorded the original version of &#039;The Only Way Is Up,&#039; a European chart-topper in 1988 for Yazz &amp; the Plastic Machine. This collection presents Clay&#039;s complete One-derful! recordings, including unreleased material, for the first time.\" \/>\n<meta name=\"robots\" content=\"index, follow, max-snippet:-1, max-image-preview:large, max-video-preview:-1\" \/>\n<link rel=\"canonical\" href=\"https:\/\/wpguerssen-test.odoo.rgbconsulting.com\/es\/producto\/the-chicago-master-1965-1968\/\" \/>\n<meta property=\"og:locale\" content=\"es_ES\" \/>\n<meta property=\"og:type\" content=\"article\" \/>\n<meta property=\"og:title\" content=\"CLAY, Otis - The Chicago Master 1965-1968 -  (LP) | Guerssen\" \/>\n<meta property=\"og:description\" content=\"Otis Clay, a revered Deep Soul singer of the 60s alongside James Carr, Percy Sledge, and O.V. Wright, was born in 1942 in Waxhaw, Mississippi. He began singing in church and later joined the legendary gospel quartet, the Sensational Nightingales. Transitioning to secular music in 1962 with Chicago-based One-derful! Label, he scored an R&amp;B hit with &#039;That&#039;s How It Is&#039; (#34, 1967), showcasing his immense talent. Despite this, he never achieved the deserved success. In later years, he found immense success in Japan and recorded the original version of &#039;The Only Way Is Up,&#039; a European chart-topper in 1988 for Yazz &amp; the Plastic Machine. This collection presents Clay&#039;s complete One-derful! recordings, including unreleased material, for the first time.\" \/>\n<meta property=\"og:url\" content=\"https:\/\/wpguerssen-test.odoo.rgbconsulting.com\/es\/producto\/the-chicago-master-1965-1968\/\" \/>\n<meta property=\"og:site_name\" content=\"Guerssen records\" \/>\n<meta property=\"article:modified_time\" content=\"2024-03-12T09:59:32+00:00\" \/>\n<meta property=\"og:image\" content=\"https:\/\/wpguerssen-test.odoo.rgbconsulting.com\/wp-content\/uploads\/2024\/03\/47074.jpg\" \/>\n\t<meta property=\"og:image:width\" content=\"412\" \/>\n\t<meta property=\"og:image:height\" content=\"412\" \/>\n\t<meta property=\"og:image:type\" content=\"image\/jpeg\" \/>\n<meta name=\"twitter:card\" content=\"summary_large_image\" \/>\n<meta name=\"twitter:title\" content=\"CLAY, Otis - The Chicago Master 1965-1968 -  (LP) | Guerssen\" \/>\n<meta name=\"twitter:label1\" content=\"Tiempo de lectura\" \/>\n\t<meta name=\"twitter:data1\" content=\"1 minuto\" \/>\n<script type=\"application\/ld+json\" class=\"yoast-schema-graph\">{\"@context\":\"https:\/\/schema.org\",\"@graph\":[{\"@type\":\"WebPage\",\"@id\":\"https:\/\/wpguerssen-test.odoo.rgbconsulting.com\/es\/producto\/the-chicago-master-1965-1968\/\",\"url\":\"https:\/\/wpguerssen-test.odoo.rgbconsulting.com\/es\/producto\/the-chicago-master-1965-1968\/\",\"name\":\"CLAY, Otis - The Chicago Master 1965-1968 - (LP) | Guerssen\",\"isPartOf\":{\"@id\":\"https:\/\/wpguerssen-test.odoo.rgbconsulting.com\/es\/#website\"},\"primaryImageOfPage\":{\"@id\":\"https:\/\/wpguerssen-test.odoo.rgbconsulting.com\/es\/producto\/the-chicago-master-1965-1968\/#primaryimage\"},\"image\":{\"@id\":\"https:\/\/wpguerssen-test.odoo.rgbconsulting.com\/es\/producto\/the-chicago-master-1965-1968\/#primaryimage\"},\"thumbnailUrl\":\"https:\/\/wpguerssen-test.odoo.rgbconsulting.com\/wp-content\/uploads\/2024\/03\/47074.jpg\",\"datePublished\":\"2024-03-10T23:00:00+00:00\",\"dateModified\":\"2024-03-12T09:59:32+00:00\",\"description\":\"Otis Clay, a revered Deep Soul singer of the 60s alongside James Carr, Percy Sledge, and O.V. Wright, was born in 1942 in Waxhaw, Mississippi. He began singing in church and later joined the legendary gospel quartet, the Sensational Nightingales. Transitioning to secular music in 1962 with Chicago-based One-derful! Label, he scored an R&B hit with 'That's How It Is' (#34, 1967), showcasing his immense talent. Despite this, he never achieved the deserved success. In later years, he found immense success in Japan and recorded the original version of 'The Only Way Is Up,' a European chart-topper in 1988 for Yazz & the Plastic Machine. This collection presents Clay's complete One-derful! recordings, including unreleased material, for the first time.\",\"breadcrumb\":{\"@id\":\"https:\/\/wpguerssen-test.odoo.rgbconsulting.com\/es\/producto\/the-chicago-master-1965-1968\/#breadcrumb\"},\"inLanguage\":\"es\",\"potentialAction\":[{\"@type\":\"ReadAction\",\"target\":[\"https:\/\/wpguerssen-test.odoo.rgbconsulting.com\/es\/producto\/the-chicago-master-1965-1968\/\"]}]},{\"@type\":\"ImageObject\",\"inLanguage\":\"es\",\"@id\":\"https:\/\/wpguerssen-test.odoo.rgbconsulting.com\/es\/producto\/the-chicago-master-1965-1968\/#primaryimage\",\"url\":\"https:\/\/wpguerssen-test.odoo.rgbconsulting.com\/wp-content\/uploads\/2024\/03\/47074.jpg\",\"contentUrl\":\"https:\/\/wpguerssen-test.odoo.rgbconsulting.com\/wp-content\/uploads\/2024\/03\/47074.jpg\",\"width\":412,\"height\":412,\"caption\":\"Otis - The Chicago Master 1965-1968 - CHARLY (LP) | Guerssen\"},{\"@type\":\"BreadcrumbList\",\"@id\":\"https:\/\/wpguerssen-test.odoo.rgbconsulting.com\/es\/producto\/the-chicago-master-1965-1968\/#breadcrumb\",\"itemListElement\":[{\"@type\":\"ListItem\",\"position\":1,\"name\":\"Inicio\",\"item\":\"https:\/\/wpguerssen-test.odoo.rgbconsulting.com\/es\/\"},{\"@type\":\"ListItem\",\"position\":2,\"name\":\"Shop\",\"item\":\"https:\/\/wpguerssen-test.odoo.rgbconsulting.com\/shop\/\"},{\"@type\":\"ListItem\",\"position\":3,\"name\":\"The Chicago Master 1965-1968\"}]},{\"@type\":\"WebSite\",\"@id\":\"https:\/\/wpguerssen-test.odoo.rgbconsulting.com\/es\/#website\",\"url\":\"https:\/\/wpguerssen-test.odoo.rgbconsulting.com\/es\/\",\"name\":\"Guerssen records\",\"description\":\"psychedelia - progressive - folk - garage \",\"publisher\":{\"@id\":\"https:\/\/wpguerssen-test.odoo.rgbconsulting.com\/es\/#organization\"},\"potentialAction\":[{\"@type\":\"SearchAction\",\"target\":{\"@type\":\"EntryPoint\",\"urlTemplate\":\"https:\/\/wpguerssen-test.odoo.rgbconsulting.com\/es\/?s={search_term_string}\"},\"query-input\":{\"@type\":\"PropertyValueSpecification\",\"valueRequired\":true,\"valueName\":\"search_term_string\"}}],\"inLanguage\":\"es\"},{\"@type\":\"Organization\",\"@id\":\"https:\/\/wpguerssen-test.odoo.rgbconsulting.com\/es\/#organization\",\"name\":\"Guerssen records\",\"url\":\"https:\/\/wpguerssen-test.odoo.rgbconsulting.com\/es\/\",\"logo\":{\"@type\":\"ImageObject\",\"inLanguage\":\"es\",\"@id\":\"https:\/\/wpguerssen-test.odoo.rgbconsulting.com\/es\/#\/schema\/logo\/image\/\",\"url\":\"https:\/\/wpguerssen-test.odoo.rgbconsulting.com\/wp-content\/uploads\/2022\/04\/Logo_Guerssen_trans_100.png\",\"contentUrl\":\"https:\/\/wpguerssen-test.odoo.rgbconsulting.com\/wp-content\/uploads\/2022\/04\/Logo_Guerssen_trans_100.png\",\"width\":122,\"height\":100,\"caption\":\"Guerssen records\"},\"image\":{\"@id\":\"https:\/\/wpguerssen-test.odoo.rgbconsulting.com\/es\/#\/schema\/logo\/image\/\"}}]}<\/script>\n<!-- \/ Yoast SEO plugin. -->","yoast_head_json":{"title":"CLAY, Otis - The Chicago Master 1965-1968 -  (LP) | Guerssen","description":"Otis Clay, a revered Deep Soul singer of the 60s alongside James Carr, Percy Sledge, and O.V. Wright, was born in 1942 in Waxhaw, Mississippi. He began singing in church and later joined the legendary gospel quartet, the Sensational Nightingales. Transitioning to secular music in 1962 with Chicago-based One-derful! Label, he scored an R&B hit with 'That's How It Is' (#34, 1967), showcasing his immense talent. Despite this, he never achieved the deserved success. In later years, he found immense success in Japan and recorded the original version of 'The Only Way Is Up,' a European chart-topper in 1988 for Yazz & the Plastic Machine. This collection presents Clay's complete One-derful! recordings, including unreleased material, for the first time.","robots":{"index":"index","follow":"follow","max-snippet":"max-snippet:-1","max-image-preview":"max-image-preview:large","max-video-preview":"max-video-preview:-1"},"canonical":"https:\/\/wpguerssen-test.odoo.rgbconsulting.com\/es\/producto\/the-chicago-master-1965-1968\/","og_locale":"es_ES","og_type":"article","og_title":"CLAY, Otis - The Chicago Master 1965-1968 -  (LP) | Guerssen","og_description":"Otis Clay, a revered Deep Soul singer of the 60s alongside James Carr, Percy Sledge, and O.V. Wright, was born in 1942 in Waxhaw, Mississippi. He began singing in church and later joined the legendary gospel quartet, the Sensational Nightingales. Transitioning to secular music in 1962 with Chicago-based One-derful! Label, he scored an R&B hit with 'That's How It Is' (#34, 1967), showcasing his immense talent. Despite this, he never achieved the deserved success. In later years, he found immense success in Japan and recorded the original version of 'The Only Way Is Up,' a European chart-topper in 1988 for Yazz & the Plastic Machine. This collection presents Clay's complete One-derful! recordings, including unreleased material, for the first time.","og_url":"https:\/\/wpguerssen-test.odoo.rgbconsulting.com\/es\/producto\/the-chicago-master-1965-1968\/","og_site_name":"Guerssen records","article_modified_time":"2024-03-12T09:59:32+00:00","og_image":[{"width":412,"height":412,"url":"https:\/\/wpguerssen-test.odoo.rgbconsulting.com\/wp-content\/uploads\/2024\/03\/47074.jpg","type":"image\/jpeg"}],"twitter_card":"summary_large_image","twitter_title":"CLAY, Otis - The Chicago Master 1965-1968 -  (LP) | Guerssen","twitter_misc":{"Tiempo de lectura":"1 minuto"},"schema":{"@context":"https:\/\/schema.org","@graph":[{"@type":"WebPage","@id":"https:\/\/wpguerssen-test.odoo.rgbconsulting.com\/es\/producto\/the-chicago-master-1965-1968\/","url":"https:\/\/wpguerssen-test.odoo.rgbconsulting.com\/es\/producto\/the-chicago-master-1965-1968\/","name":"CLAY, Otis - The Chicago Master 1965-1968 - (LP) | Guerssen","isPartOf":{"@id":"https:\/\/wpguerssen-test.odoo.rgbconsulting.com\/es\/#website"},"primaryImageOfPage":{"@id":"https:\/\/wpguerssen-test.odoo.rgbconsulting.com\/es\/producto\/the-chicago-master-1965-1968\/#primaryimage"},"image":{"@id":"https:\/\/wpguerssen-test.odoo.rgbconsulting.com\/es\/producto\/the-chicago-master-1965-1968\/#primaryimage"},"thumbnailUrl":"https:\/\/wpguerssen-test.odoo.rgbconsulting.com\/wp-content\/uploads\/2024\/03\/47074.jpg","datePublished":"2024-03-10T23:00:00+00:00","dateModified":"2024-03-12T09:59:32+00:00","description":"Otis Clay, a revered Deep Soul singer of the 60s alongside James Carr, Percy Sledge, and O.V. Wright, was born in 1942 in Waxhaw, Mississippi. He began singing in church and later joined the legendary gospel quartet, the Sensational Nightingales. Transitioning to secular music in 1962 with Chicago-based One-derful! Label, he scored an R&B hit with 'That's How It Is' (#34, 1967), showcasing his immense talent. Despite this, he never achieved the deserved success. In later years, he found immense success in Japan and recorded the original version of 'The Only Way Is Up,' a European chart-topper in 1988 for Yazz & the Plastic Machine. This collection presents Clay's complete One-derful! recordings, including unreleased material, for the first time.","breadcrumb":{"@id":"https:\/\/wpguerssen-test.odoo.rgbconsulting.com\/es\/producto\/the-chicago-master-1965-1968\/#breadcrumb"},"inLanguage":"es","potentialAction":[{"@type":"ReadAction","target":["https:\/\/wpguerssen-test.odoo.rgbconsulting.com\/es\/producto\/the-chicago-master-1965-1968\/"]}]},{"@type":"ImageObject","inLanguage":"es","@id":"https:\/\/wpguerssen-test.odoo.rgbconsulting.com\/es\/producto\/the-chicago-master-1965-1968\/#primaryimage","url":"https:\/\/wpguerssen-test.odoo.rgbconsulting.com\/wp-content\/uploads\/2024\/03\/47074.jpg","contentUrl":"https:\/\/wpguerssen-test.odoo.rgbconsulting.com\/wp-content\/uploads\/2024\/03\/47074.jpg","width":412,"height":412,"caption":"Otis - The Chicago Master 1965-1968 - CHARLY (LP) | Guerssen"},{"@type":"BreadcrumbList","@id":"https:\/\/wpguerssen-test.odoo.rgbconsulting.com\/es\/producto\/the-chicago-master-1965-1968\/#breadcrumb","itemListElement":[{"@type":"ListItem","position":1,"name":"Inicio","item":"https:\/\/wpguerssen-test.odoo.rgbconsulting.com\/es\/"},{"@type":"ListItem","position":2,"name":"Shop","item":"https:\/\/wpguerssen-test.odoo.rgbconsulting.com\/shop\/"},{"@type":"ListItem","position":3,"name":"The Chicago Master 1965-1968"}]},{"@type":"WebSite","@id":"https:\/\/wpguerssen-test.odoo.rgbconsulting.com\/es\/#website","url":"https:\/\/wpguerssen-test.odoo.rgbconsulting.com\/es\/","name":"Guerssen records","description":"psychedelia - progressive - folk - garage ","publisher":{"@id":"https:\/\/wpguerssen-test.odoo.rgbconsulting.com\/es\/#organization"},"potentialAction":[{"@type":"SearchAction","target":{"@type":"EntryPoint","urlTemplate":"https:\/\/wpguerssen-test.odoo.rgbconsulting.com\/es\/?s={search_term_string}"},"query-input":{"@type":"PropertyValueSpecification","valueRequired":true,"valueName":"search_term_string"}}],"inLanguage":"es"},{"@type":"Organization","@id":"https:\/\/wpguerssen-test.odoo.rgbconsulting.com\/es\/#organization","name":"Guerssen records","url":"https:\/\/wpguerssen-test.odoo.rgbconsulting.com\/es\/","logo":{"@type":"ImageObject","inLanguage":"es","@id":"https:\/\/wpguerssen-test.odoo.rgbconsulting.com\/es\/#\/schema\/logo\/image\/","url":"https:\/\/wpguerssen-test.odoo.rgbconsulting.com\/wp-content\/uploads\/2022\/04\/Logo_Guerssen_trans_100.png","contentUrl":"https:\/\/wpguerssen-test.odoo.rgbconsulting.com\/wp-content\/uploads\/2022\/04\/Logo_Guerssen_trans_100.png","width":122,"height":100,"caption":"Guerssen records"},"image":{"@id":"https:\/\/wpguerssen-test.odoo.rgbconsulting.com\/es\/#\/schema\/logo\/image\/"}}]}},"_links":{"self":[{"href":"https:\/\/wpguerssen-test.odoo.rgbconsulting.com\/es\/wp-json\/wp\/v2\/product\/261098","targetHints":{"allow":["GET"]}}],"collection":[{"href":"https:\/\/wpguerssen-test.odoo.rgbconsulting.com\/es\/wp-json\/wp\/v2\/product"}],"about":[{"href":"https:\/\/wpguerssen-test.odoo.rgbconsulting.com\/es\/wp-json\/wp\/v2\/types\/product"}],"wp:featuredmedia":[{"embeddable":true,"href":"https:\/\/wpguerssen-test.odoo.rgbconsulting.com\/es\/wp-json\/wp\/v2\/media\/261015"}],"wp:attachment":[{"href":"https:\/\/wpguerssen-test.odoo.rgbconsulting.com\/es\/wp-json\/wp\/v2\/media?parent=261098"}],"wp:term":[{"taxonomy":"product_brand","embeddable":true,"href":"https:\/\/wpguerssen-test.odoo.rgbconsulting.com\/es\/wp-json\/wp\/v2\/product_brand?post=261098"},{"taxonomy":"product_cat","embeddable":true,"href":"https:\/\/wpguerssen-test.odoo.rgbconsulting.com\/es\/wp-json\/wp\/v2\/product_cat?post=261098"},{"taxonomy":"product_tag","embeddable":true,"href":"https:\/\/wpguerssen-test.odoo.rgbconsulting.com\/es\/wp-json\/wp\/v2\/product_tag?post=261098"}],"curies":[{"name":"wp","href":"https:\/\/api.w.org\/{rel}","templated":true}]}}