{"id":261102,"date":"2024-03-11T00:00:00","date_gmt":"2024-03-10T23:00:00","guid":{"rendered":"https:\/\/wpguerssen-test.odoo.rgbconsulting.com\/product\/observations-in-time-green\/"},"modified":"2025-01-09T15:47:43","modified_gmt":"2025-01-09T14:47:43","slug":"observations-in-time-green","status":"publish","type":"product","link":"https:\/\/wpguerssen-test.odoo.rgbconsulting.com\/es\/producto\/observations-in-time-green\/","title":{"rendered":"Observations In Time (Green)"},"content":{"rendered":"<p>La descripci\u00f3n general previa a la fama \/ Pre-\u00abPain\u00bb definitiva de una de las mejores bandas de funk del mundo. Cuando los OHIO PLAYERS lanzaron su innovador sencillo &#8216;Pain&#8217; en 1971; hab\u00edan estado juntos desde finales de los a\u00f1os cincuenta; originalmentecomo Ohio Untouchables y como Ohio Players desde 1967. En unos pocos a\u00f1os alcanzar\u00edan el estrellato con el pop n\u00famero uno de Estados Unidos. \u00e9xitos \u00abFire\u00bb y \u00abLove Rollercoaster\u00bb. Sin embargo; fue su trabajo anterior con el legendario productor Johnny Brantely; presentado aqu\u00ed; el que cre\u00f3 su \u00absonido\u00bb \u00fanico y la base de su \u00e9xito futuro. Este exclusivo paquete de lujo de dos discos re\u00fane; por primera vez; todas las producciones de Johnny Brantley; incluidas todas las pistas originalmente lanzadas en sencillo; el \u00e1lbum completo Observations In Time; adem\u00e1s de pistas posteriores solo recopilatorias y grabaciones adicionales in\u00e9ditas de las b\u00f3vedas. Presenta el primer \u00e9xito de R&#038;B de la banda; &#8216;Trespassin\u00bb; y el himno del Northern Soul; &#8216;Love Slips Through My Fingers&#8217;. Tambi\u00e9n presenta la versi\u00f3n extravagante y divertida de la banda del cl\u00e1sico \u00abMother In Law\u00bb de Allen Toussaint que allan\u00f3 el camino para el \u00e9xito Top 20.<\/p>\n","protected":false},"excerpt":{"rendered":"<p>La descripci\u00f3n general previa a la fama \/ Pre-\u00abPain\u00bb definitiva de una de las mejores bandas de funk del mundo. Cuando los OHIO PLAYERS lanzaron su innovador sencillo<a class=\"read\" href=\"https:\/\/wpguerssen-test.odoo.rgbconsulting.com\/es\/producto\/observations-in-time-green\/\"> (...)<\/a>","protected":false},"featured_media":261027,"template":"","meta":{"_acf_changed":false},"product_brand":[],"product_cat":[23219],"product_tag":[29140],"class_list":{"0":"post-261102","1":"product","2":"type-product","3":"status-publish","4":"has-post-thumbnail","6":"product_cat-funk-es","7":"product_tag-color-vinyl-es","8":"pa_artist-ohio-players-the","9":"pa_format-2lp-es","10":"pa_gender-funk","11":"pa_label-charly","12":"pa_location-north-america-es","13":"pa_other-filters-vinyl-only-es","15":"first","16":"instock","17":"taxable","18":"shipping-taxable","19":"purchasable","20":"product-type-simple"},"acf":[],"yoast_head":"<!-- This site is optimized with the Yoast SEO plugin v24.9 - https:\/\/yoast.com\/wordpress\/plugins\/seo\/ -->\n<title>OHIO PLAYERS, The - Observations In Time (Green) -  (2LP) | Guerssen<\/title>\n<meta name=\"description\" content=\"The definitive pre-fame \/ Pre-&quot;Pain&quot; overview of one of the world&#039;s greatest funk bands. By the time the OHIO PLAYERS released their breakthough single &quot;Pain&quot; in 1971 they had been together since the late Fifties, originally as the Ohio Untouchables and as the Ohio Players since 1967. Within a few years they would hit superstardom with US #1 pop hits &quot;Fire&quot; and &quot;Love Rollercoaster&quot;. However, it was their earlier work with legendary producer Johnny Brantely, featured here, that created their unique &quot;sound&quot; and the foundation of their future success. This exclusive two-disc deluxe package gathers together - for the first time - all of the Johnny Brantley productions including every track originally released on single, the complete Observations In Time album, plus later compilation-only tracks and additional unreleased recordings from the vaults. Features the bands first R&amp;B hit &quot;Trespassin&#039;&quot; and the Northern Soul anthem &quot;Love Slips Through My Fingers&quot;. Also features the bands wacky funked-up cover version of Allen Toussaint&#039;s classic &quot;Mother In Law&quot; which paved the way for the Top 20 hit &quot;Funky Worm&quot;.As mentioned above The Ohio Players would tgo on to become one of the most successful soul and funk groups of the decade, they were a phenomenon. It was a success that was built on the work that was done in the late 1960s, when as a band with a new identity they forged a sound that was uniquely their own.\" \/>\n<meta name=\"robots\" content=\"index, follow, max-snippet:-1, max-image-preview:large, max-video-preview:-1\" \/>\n<link rel=\"canonical\" href=\"https:\/\/wpguerssen-test.odoo.rgbconsulting.com\/es\/producto\/observations-in-time-green\/\" \/>\n<meta property=\"og:locale\" content=\"es_ES\" \/>\n<meta property=\"og:type\" content=\"article\" \/>\n<meta property=\"og:title\" content=\"OHIO PLAYERS, The - Observations In Time (Green) -  (2LP) | Guerssen\" \/>\n<meta property=\"og:description\" content=\"The definitive pre-fame \/ Pre-&quot;Pain&quot; overview of one of the world&#039;s greatest funk bands. By the time the OHIO PLAYERS released their breakthough single &quot;Pain&quot; in 1971 they had been together since the late Fifties, originally as the Ohio Untouchables and as the Ohio Players since 1967. Within a few years they would hit superstardom with US #1 pop hits &quot;Fire&quot; and &quot;Love Rollercoaster&quot;. However, it was their earlier work with legendary producer Johnny Brantely, featured here, that created their unique &quot;sound&quot; and the foundation of their future success. This exclusive two-disc deluxe package gathers together - for the first time - all of the Johnny Brantley productions including every track originally released on single, the complete Observations In Time album, plus later compilation-only tracks and additional unreleased recordings from the vaults. Features the bands first R&amp;B hit &quot;Trespassin&#039;&quot; and the Northern Soul anthem &quot;Love Slips Through My Fingers&quot;. Also features the bands wacky funked-up cover version of Allen Toussaint&#039;s classic &quot;Mother In Law&quot; which paved the way for the Top 20 hit &quot;Funky Worm&quot;.As mentioned above The Ohio Players would tgo on to become one of the most successful soul and funk groups of the decade, they were a phenomenon. It was a success that was built on the work that was done in the late 1960s, when as a band with a new identity they forged a sound that was uniquely their own.\" \/>\n<meta property=\"og:url\" content=\"https:\/\/wpguerssen-test.odoo.rgbconsulting.com\/es\/producto\/observations-in-time-green\/\" \/>\n<meta property=\"og:site_name\" content=\"Guerssen records\" \/>\n<meta property=\"article:modified_time\" content=\"2025-01-09T14:47:43+00:00\" \/>\n<meta property=\"og:image\" content=\"https:\/\/wpguerssen-test.odoo.rgbconsulting.com\/wp-content\/uploads\/2024\/03\/47078.jpg\" \/>\n\t<meta property=\"og:image:width\" content=\"340\" \/>\n\t<meta property=\"og:image:height\" content=\"340\" \/>\n\t<meta property=\"og:image:type\" content=\"image\/jpeg\" \/>\n<meta name=\"twitter:card\" content=\"summary_large_image\" \/>\n<meta name=\"twitter:title\" content=\"OHIO PLAYERS, The - Observations In Time (Green) -  (2LP) | Guerssen\" \/>\n<meta name=\"twitter:label1\" content=\"Tiempo de lectura\" \/>\n\t<meta name=\"twitter:data1\" content=\"1 minuto\" \/>\n<script type=\"application\/ld+json\" class=\"yoast-schema-graph\">{\"@context\":\"https:\/\/schema.org\",\"@graph\":[{\"@type\":\"WebPage\",\"@id\":\"https:\/\/wpguerssen-test.odoo.rgbconsulting.com\/es\/producto\/observations-in-time-green\/\",\"url\":\"https:\/\/wpguerssen-test.odoo.rgbconsulting.com\/es\/producto\/observations-in-time-green\/\",\"name\":\"OHIO PLAYERS, The - Observations In Time (Green) - (2LP) | Guerssen\",\"isPartOf\":{\"@id\":\"https:\/\/wpguerssen-test.odoo.rgbconsulting.com\/es\/#website\"},\"primaryImageOfPage\":{\"@id\":\"https:\/\/wpguerssen-test.odoo.rgbconsulting.com\/es\/producto\/observations-in-time-green\/#primaryimage\"},\"image\":{\"@id\":\"https:\/\/wpguerssen-test.odoo.rgbconsulting.com\/es\/producto\/observations-in-time-green\/#primaryimage\"},\"thumbnailUrl\":\"https:\/\/wpguerssen-test.odoo.rgbconsulting.com\/wp-content\/uploads\/2024\/03\/47078.jpg\",\"datePublished\":\"2024-03-10T23:00:00+00:00\",\"dateModified\":\"2025-01-09T14:47:43+00:00\",\"description\":\"The definitive pre-fame \/ Pre-\\\"Pain\\\" overview of one of the world's greatest funk bands. By the time the OHIO PLAYERS released their breakthough single \\\"Pain\\\" in 1971 they had been together since the late Fifties, originally as the Ohio Untouchables and as the Ohio Players since 1967. Within a few years they would hit superstardom with US #1 pop hits \\\"Fire\\\" and \\\"Love Rollercoaster\\\". However, it was their earlier work with legendary producer Johnny Brantely, featured here, that created their unique \\\"sound\\\" and the foundation of their future success. This exclusive two-disc deluxe package gathers together - for the first time - all of the Johnny Brantley productions including every track originally released on single, the complete Observations In Time album, plus later compilation-only tracks and additional unreleased recordings from the vaults. Features the bands first R&B hit \\\"Trespassin'\\\" and the Northern Soul anthem \\\"Love Slips Through My Fingers\\\". Also features the bands wacky funked-up cover version of Allen Toussaint's classic \\\"Mother In Law\\\" which paved the way for the Top 20 hit \\\"Funky Worm\\\".As mentioned above The Ohio Players would tgo on to become one of the most successful soul and funk groups of the decade, they were a phenomenon. It was a success that was built on the work that was done in the late 1960s, when as a band with a new identity they forged a sound that was uniquely their own.\",\"breadcrumb\":{\"@id\":\"https:\/\/wpguerssen-test.odoo.rgbconsulting.com\/es\/producto\/observations-in-time-green\/#breadcrumb\"},\"inLanguage\":\"es\",\"potentialAction\":[{\"@type\":\"ReadAction\",\"target\":[\"https:\/\/wpguerssen-test.odoo.rgbconsulting.com\/es\/producto\/observations-in-time-green\/\"]}]},{\"@type\":\"ImageObject\",\"inLanguage\":\"es\",\"@id\":\"https:\/\/wpguerssen-test.odoo.rgbconsulting.com\/es\/producto\/observations-in-time-green\/#primaryimage\",\"url\":\"https:\/\/wpguerssen-test.odoo.rgbconsulting.com\/wp-content\/uploads\/2024\/03\/47078.jpg\",\"contentUrl\":\"https:\/\/wpguerssen-test.odoo.rgbconsulting.com\/wp-content\/uploads\/2024\/03\/47078.jpg\",\"width\":340,\"height\":340,\"caption\":\"The - Observations In Time (Green) - CHARLY (2LP) | Guerssen\"},{\"@type\":\"BreadcrumbList\",\"@id\":\"https:\/\/wpguerssen-test.odoo.rgbconsulting.com\/es\/producto\/observations-in-time-green\/#breadcrumb\",\"itemListElement\":[{\"@type\":\"ListItem\",\"position\":1,\"name\":\"Inicio\",\"item\":\"https:\/\/wpguerssen-test.odoo.rgbconsulting.com\/es\/\"},{\"@type\":\"ListItem\",\"position\":2,\"name\":\"Shop\",\"item\":\"https:\/\/wpguerssen-test.odoo.rgbconsulting.com\/shop\/\"},{\"@type\":\"ListItem\",\"position\":3,\"name\":\"Observations In Time (Green)\"}]},{\"@type\":\"WebSite\",\"@id\":\"https:\/\/wpguerssen-test.odoo.rgbconsulting.com\/es\/#website\",\"url\":\"https:\/\/wpguerssen-test.odoo.rgbconsulting.com\/es\/\",\"name\":\"Guerssen records\",\"description\":\"psychedelia - progressive - folk - garage \",\"publisher\":{\"@id\":\"https:\/\/wpguerssen-test.odoo.rgbconsulting.com\/es\/#organization\"},\"potentialAction\":[{\"@type\":\"SearchAction\",\"target\":{\"@type\":\"EntryPoint\",\"urlTemplate\":\"https:\/\/wpguerssen-test.odoo.rgbconsulting.com\/es\/?s={search_term_string}\"},\"query-input\":{\"@type\":\"PropertyValueSpecification\",\"valueRequired\":true,\"valueName\":\"search_term_string\"}}],\"inLanguage\":\"es\"},{\"@type\":\"Organization\",\"@id\":\"https:\/\/wpguerssen-test.odoo.rgbconsulting.com\/es\/#organization\",\"name\":\"Guerssen records\",\"url\":\"https:\/\/wpguerssen-test.odoo.rgbconsulting.com\/es\/\",\"logo\":{\"@type\":\"ImageObject\",\"inLanguage\":\"es\",\"@id\":\"https:\/\/wpguerssen-test.odoo.rgbconsulting.com\/es\/#\/schema\/logo\/image\/\",\"url\":\"https:\/\/wpguerssen-test.odoo.rgbconsulting.com\/wp-content\/uploads\/2022\/04\/Logo_Guerssen_trans_100.png\",\"contentUrl\":\"https:\/\/wpguerssen-test.odoo.rgbconsulting.com\/wp-content\/uploads\/2022\/04\/Logo_Guerssen_trans_100.png\",\"width\":122,\"height\":100,\"caption\":\"Guerssen records\"},\"image\":{\"@id\":\"https:\/\/wpguerssen-test.odoo.rgbconsulting.com\/es\/#\/schema\/logo\/image\/\"}}]}<\/script>\n<!-- \/ Yoast SEO plugin. -->","yoast_head_json":{"title":"OHIO PLAYERS, The - Observations In Time (Green) -  (2LP) | Guerssen","description":"The definitive pre-fame \/ Pre-\"Pain\" overview of one of the world's greatest funk bands. By the time the OHIO PLAYERS released their breakthough single \"Pain\" in 1971 they had been together since the late Fifties, originally as the Ohio Untouchables and as the Ohio Players since 1967. Within a few years they would hit superstardom with US #1 pop hits \"Fire\" and \"Love Rollercoaster\". However, it was their earlier work with legendary producer Johnny Brantely, featured here, that created their unique \"sound\" and the foundation of their future success. This exclusive two-disc deluxe package gathers together - for the first time - all of the Johnny Brantley productions including every track originally released on single, the complete Observations In Time album, plus later compilation-only tracks and additional unreleased recordings from the vaults. Features the bands first R&B hit \"Trespassin'\" and the Northern Soul anthem \"Love Slips Through My Fingers\". Also features the bands wacky funked-up cover version of Allen Toussaint's classic \"Mother In Law\" which paved the way for the Top 20 hit \"Funky Worm\".As mentioned above The Ohio Players would tgo on to become one of the most successful soul and funk groups of the decade, they were a phenomenon. It was a success that was built on the work that was done in the late 1960s, when as a band with a new identity they forged a sound that was uniquely their own.","robots":{"index":"index","follow":"follow","max-snippet":"max-snippet:-1","max-image-preview":"max-image-preview:large","max-video-preview":"max-video-preview:-1"},"canonical":"https:\/\/wpguerssen-test.odoo.rgbconsulting.com\/es\/producto\/observations-in-time-green\/","og_locale":"es_ES","og_type":"article","og_title":"OHIO PLAYERS, The - Observations In Time (Green) -  (2LP) | Guerssen","og_description":"The definitive pre-fame \/ Pre-\"Pain\" overview of one of the world's greatest funk bands. By the time the OHIO PLAYERS released their breakthough single \"Pain\" in 1971 they had been together since the late Fifties, originally as the Ohio Untouchables and as the Ohio Players since 1967. Within a few years they would hit superstardom with US #1 pop hits \"Fire\" and \"Love Rollercoaster\". However, it was their earlier work with legendary producer Johnny Brantely, featured here, that created their unique \"sound\" and the foundation of their future success. This exclusive two-disc deluxe package gathers together - for the first time - all of the Johnny Brantley productions including every track originally released on single, the complete Observations In Time album, plus later compilation-only tracks and additional unreleased recordings from the vaults. Features the bands first R&B hit \"Trespassin'\" and the Northern Soul anthem \"Love Slips Through My Fingers\". Also features the bands wacky funked-up cover version of Allen Toussaint's classic \"Mother In Law\" which paved the way for the Top 20 hit \"Funky Worm\".As mentioned above The Ohio Players would tgo on to become one of the most successful soul and funk groups of the decade, they were a phenomenon. It was a success that was built on the work that was done in the late 1960s, when as a band with a new identity they forged a sound that was uniquely their own.","og_url":"https:\/\/wpguerssen-test.odoo.rgbconsulting.com\/es\/producto\/observations-in-time-green\/","og_site_name":"Guerssen records","article_modified_time":"2025-01-09T14:47:43+00:00","og_image":[{"width":340,"height":340,"url":"https:\/\/wpguerssen-test.odoo.rgbconsulting.com\/wp-content\/uploads\/2024\/03\/47078.jpg","type":"image\/jpeg"}],"twitter_card":"summary_large_image","twitter_title":"OHIO PLAYERS, The - Observations In Time (Green) -  (2LP) | Guerssen","twitter_misc":{"Tiempo de lectura":"1 minuto"},"schema":{"@context":"https:\/\/schema.org","@graph":[{"@type":"WebPage","@id":"https:\/\/wpguerssen-test.odoo.rgbconsulting.com\/es\/producto\/observations-in-time-green\/","url":"https:\/\/wpguerssen-test.odoo.rgbconsulting.com\/es\/producto\/observations-in-time-green\/","name":"OHIO PLAYERS, The - Observations In Time (Green) - (2LP) | Guerssen","isPartOf":{"@id":"https:\/\/wpguerssen-test.odoo.rgbconsulting.com\/es\/#website"},"primaryImageOfPage":{"@id":"https:\/\/wpguerssen-test.odoo.rgbconsulting.com\/es\/producto\/observations-in-time-green\/#primaryimage"},"image":{"@id":"https:\/\/wpguerssen-test.odoo.rgbconsulting.com\/es\/producto\/observations-in-time-green\/#primaryimage"},"thumbnailUrl":"https:\/\/wpguerssen-test.odoo.rgbconsulting.com\/wp-content\/uploads\/2024\/03\/47078.jpg","datePublished":"2024-03-10T23:00:00+00:00","dateModified":"2025-01-09T14:47:43+00:00","description":"The definitive pre-fame \/ Pre-\"Pain\" overview of one of the world's greatest funk bands. By the time the OHIO PLAYERS released their breakthough single \"Pain\" in 1971 they had been together since the late Fifties, originally as the Ohio Untouchables and as the Ohio Players since 1967. Within a few years they would hit superstardom with US #1 pop hits \"Fire\" and \"Love Rollercoaster\". However, it was their earlier work with legendary producer Johnny Brantely, featured here, that created their unique \"sound\" and the foundation of their future success. This exclusive two-disc deluxe package gathers together - for the first time - all of the Johnny Brantley productions including every track originally released on single, the complete Observations In Time album, plus later compilation-only tracks and additional unreleased recordings from the vaults. Features the bands first R&B hit \"Trespassin'\" and the Northern Soul anthem \"Love Slips Through My Fingers\". Also features the bands wacky funked-up cover version of Allen Toussaint's classic \"Mother In Law\" which paved the way for the Top 20 hit \"Funky Worm\".As mentioned above The Ohio Players would tgo on to become one of the most successful soul and funk groups of the decade, they were a phenomenon. It was a success that was built on the work that was done in the late 1960s, when as a band with a new identity they forged a sound that was uniquely their own.","breadcrumb":{"@id":"https:\/\/wpguerssen-test.odoo.rgbconsulting.com\/es\/producto\/observations-in-time-green\/#breadcrumb"},"inLanguage":"es","potentialAction":[{"@type":"ReadAction","target":["https:\/\/wpguerssen-test.odoo.rgbconsulting.com\/es\/producto\/observations-in-time-green\/"]}]},{"@type":"ImageObject","inLanguage":"es","@id":"https:\/\/wpguerssen-test.odoo.rgbconsulting.com\/es\/producto\/observations-in-time-green\/#primaryimage","url":"https:\/\/wpguerssen-test.odoo.rgbconsulting.com\/wp-content\/uploads\/2024\/03\/47078.jpg","contentUrl":"https:\/\/wpguerssen-test.odoo.rgbconsulting.com\/wp-content\/uploads\/2024\/03\/47078.jpg","width":340,"height":340,"caption":"The - Observations In Time (Green) - CHARLY (2LP) | Guerssen"},{"@type":"BreadcrumbList","@id":"https:\/\/wpguerssen-test.odoo.rgbconsulting.com\/es\/producto\/observations-in-time-green\/#breadcrumb","itemListElement":[{"@type":"ListItem","position":1,"name":"Inicio","item":"https:\/\/wpguerssen-test.odoo.rgbconsulting.com\/es\/"},{"@type":"ListItem","position":2,"name":"Shop","item":"https:\/\/wpguerssen-test.odoo.rgbconsulting.com\/shop\/"},{"@type":"ListItem","position":3,"name":"Observations In Time (Green)"}]},{"@type":"WebSite","@id":"https:\/\/wpguerssen-test.odoo.rgbconsulting.com\/es\/#website","url":"https:\/\/wpguerssen-test.odoo.rgbconsulting.com\/es\/","name":"Guerssen records","description":"psychedelia - progressive - folk - garage ","publisher":{"@id":"https:\/\/wpguerssen-test.odoo.rgbconsulting.com\/es\/#organization"},"potentialAction":[{"@type":"SearchAction","target":{"@type":"EntryPoint","urlTemplate":"https:\/\/wpguerssen-test.odoo.rgbconsulting.com\/es\/?s={search_term_string}"},"query-input":{"@type":"PropertyValueSpecification","valueRequired":true,"valueName":"search_term_string"}}],"inLanguage":"es"},{"@type":"Organization","@id":"https:\/\/wpguerssen-test.odoo.rgbconsulting.com\/es\/#organization","name":"Guerssen records","url":"https:\/\/wpguerssen-test.odoo.rgbconsulting.com\/es\/","logo":{"@type":"ImageObject","inLanguage":"es","@id":"https:\/\/wpguerssen-test.odoo.rgbconsulting.com\/es\/#\/schema\/logo\/image\/","url":"https:\/\/wpguerssen-test.odoo.rgbconsulting.com\/wp-content\/uploads\/2022\/04\/Logo_Guerssen_trans_100.png","contentUrl":"https:\/\/wpguerssen-test.odoo.rgbconsulting.com\/wp-content\/uploads\/2022\/04\/Logo_Guerssen_trans_100.png","width":122,"height":100,"caption":"Guerssen records"},"image":{"@id":"https:\/\/wpguerssen-test.odoo.rgbconsulting.com\/es\/#\/schema\/logo\/image\/"}}]}},"_links":{"self":[{"href":"https:\/\/wpguerssen-test.odoo.rgbconsulting.com\/es\/wp-json\/wp\/v2\/product\/261102","targetHints":{"allow":["GET"]}}],"collection":[{"href":"https:\/\/wpguerssen-test.odoo.rgbconsulting.com\/es\/wp-json\/wp\/v2\/product"}],"about":[{"href":"https:\/\/wpguerssen-test.odoo.rgbconsulting.com\/es\/wp-json\/wp\/v2\/types\/product"}],"wp:featuredmedia":[{"embeddable":true,"href":"https:\/\/wpguerssen-test.odoo.rgbconsulting.com\/es\/wp-json\/wp\/v2\/media\/261027"}],"wp:attachment":[{"href":"https:\/\/wpguerssen-test.odoo.rgbconsulting.com\/es\/wp-json\/wp\/v2\/media?parent=261102"}],"wp:term":[{"taxonomy":"product_brand","embeddable":true,"href":"https:\/\/wpguerssen-test.odoo.rgbconsulting.com\/es\/wp-json\/wp\/v2\/product_brand?post=261102"},{"taxonomy":"product_cat","embeddable":true,"href":"https:\/\/wpguerssen-test.odoo.rgbconsulting.com\/es\/wp-json\/wp\/v2\/product_cat?post=261102"},{"taxonomy":"product_tag","embeddable":true,"href":"https:\/\/wpguerssen-test.odoo.rgbconsulting.com\/es\/wp-json\/wp\/v2\/product_tag?post=261102"}],"curies":[{"name":"wp","href":"https:\/\/api.w.org\/{rel}","templated":true}]}}