{"id":261110,"date":"2024-04-15T00:00:00","date_gmt":"2024-04-14T22:00:00","guid":{"rendered":"https:\/\/wpguerssen-test.odoo.rgbconsulting.com\/product\/its-not-quite-that-inventive-sixty-years-with-br\/"},"modified":"2024-09-02T14:32:58","modified_gmt":"2024-09-02T12:32:58","slug":"its-not-quite-that-inventive-sixty-years-with-br","status":"publish","type":"product","link":"https:\/\/wpguerssen-test.odoo.rgbconsulting.com\/es\/producto\/its-not-quite-that-inventive-sixty-years-with-br\/","title":{"rendered":"It&#8217;s Not Quite That Inventive (Sixty Years With Br"},"content":{"rendered":"<p>El \u00e1lbum, con Milan Kn\u00edz\u00e1k, Petr Ferenc y Opening Performance Orchestra, incluye la grabaci\u00f3n privada de Kn\u00edz\u00e1k de 1973 BROKEN MUSIC, publicada en un m\u00faltiplo de cuarenta copias por Armin Hundertmark en 1983 en Edition Hundertmark, y una versi\u00f3n en vivo de BROKEN REBROKEN, interpretada en enero de 2020 en el Museo de M\u00fasica Checa de Praga por Milan Kn\u00edz\u00e1k, Petr Ferenc (tambi\u00e9n conocido como Phaerentz) y la Orquesta de Apertura.<br \/>El \u00e1lbum viene con un folleto completo que incluye una entrevista con Milan Kn\u00edz\u00e1k sobre el tema de Broken Music, un ensayo extenso de Petr Ferenc que apareci\u00f3 originalmente en Czech Music Quarterly, documentaci\u00f3n visual de los archivos de Maria Kn\u00edz\u00e1kov\u00e1 y Opening Performance Orchestra, as\u00ed como documentaci\u00f3n fotogr\u00e1fica de Anna Bast\u00fdrov\u00e1 de la presentaci\u00f3n de 2020 de BROKEN REBROKEN.<br \/>La portada del \u00e1lbum consta de fotograf\u00edas del ahora desaparecido conjunto de 1963 de Milan Kn\u00edz\u00e1k. Jaroslav Buzek cre\u00f3 la variaci\u00f3n digital del ensamblaje y el dise\u00f1o gr\u00e1fico.<br \/>La masterizaci\u00f3n fue realizada por Stephan Mathieu y Gabriel S\u00e9verin, quienes tambi\u00e9n realizaron la restauraci\u00f3n de audio de la grabaci\u00f3n de archivo BROKEN MUSIC.<\/p>\n","protected":false},"excerpt":{"rendered":"<p>El \u00e1lbum, con Milan Kn\u00edz\u00e1k, Petr Ferenc y Opening Performance Orchestra, incluye la grabaci\u00f3n privada de Kn\u00edz\u00e1k de 1973 BROKEN MUSIC, publicada en un m\u00faltiplo<a class=\"read\" href=\"https:\/\/wpguerssen-test.odoo.rgbconsulting.com\/es\/producto\/its-not-quite-that-inventive-sixty-years-with-br\/\"> (...)<\/a>","protected":false},"featured_media":261051,"template":"","meta":{"_acf_changed":false},"product_brand":[],"product_cat":[23260],"product_tag":[],"class_list":{"0":"post-261110","1":"product","2":"type-product","3":"status-publish","4":"has-post-thumbnail","6":"product_cat-avant-garde-experime-es","7":"pa_artist-knizak-phaerentz-opening-performance-orchestra","8":"pa_format-2cd-es","9":"pa_gender-avant-garde-experime","10":"pa_label-sub-rosa","11":"pa_location-europe-es","13":"first","14":"instock","15":"taxable","16":"shipping-taxable","17":"purchasable","18":"product-type-simple"},"acf":[],"yoast_head":"<!-- This site is optimized with the Yoast SEO plugin v24.9 - https:\/\/yoast.com\/wordpress\/plugins\/seo\/ -->\n<title>KNIZAK &amp; PHAERENTZ &amp; OPENING PERFORMANCE ORCHESTRA - It&#039;s Not Quite That Inventive (Sixty Years With Br -  (2CD) | Guerssen<\/title>\n<meta name=\"description\" content=\"The album, featuring Milan Kn\u00edz\u00e1k, Petr Ferenc and Opening Performance Orchestra, includes Kn\u00edz\u00e1k&#039;s 1973 private recording BROKEN MUSIC, released as a multiple of forty copies by Armin Hundertmark in 1983 on Edition Hundertmark, and a live version of BROKEN REBROKEN, performed in January 2020 at the Museum of Czech Music in Prague by Milan Kn\u00edz\u00e1k, Petr Ferenc (aka Phaerentz) and Opening Performance Orchestra.The album comes with a comprehensive booklet that includes an interview with Milan Kn\u00edz\u00e1k on the topic of Broken Music, an extended essay by Petr Ferenc that originally appeared in Czech Music Quarterly, visual documentation from the archives of Maria Kn\u00edz\u00e1kov\u00e1 and Opening Performance Orchestra, as well as Anna Basty&#039;rov\u00e1&#039;s photographic documentation from the 2020 performance of BROKEN REBROKEN.The cover of the album consists of photographs of Milan Kn\u00edz\u00e1k&#039;s now-defunct 1963 assemblage. Jaroslav Buzek created the digital variation of the assemblage and the graphic design.Mastering was done by Stephan Mathieu and Gabriel S\u00e9verin, who also made the audio restoration of the archival recording BROKEN MUSIC.\" \/>\n<meta name=\"robots\" content=\"index, follow, max-snippet:-1, max-image-preview:large, max-video-preview:-1\" \/>\n<link rel=\"canonical\" href=\"https:\/\/wpguerssen-test.odoo.rgbconsulting.com\/es\/producto\/its-not-quite-that-inventive-sixty-years-with-br\/\" \/>\n<meta property=\"og:locale\" content=\"es_ES\" \/>\n<meta property=\"og:type\" content=\"article\" \/>\n<meta property=\"og:title\" content=\"KNIZAK &amp; PHAERENTZ &amp; OPENING PERFORMANCE ORCHESTRA - It&#039;s Not Quite That Inventive (Sixty Years With Br -  (2CD) | Guerssen\" \/>\n<meta property=\"og:description\" content=\"The album, featuring Milan Kn\u00edz\u00e1k, Petr Ferenc and Opening Performance Orchestra, includes Kn\u00edz\u00e1k&#039;s 1973 private recording BROKEN MUSIC, released as a multiple of forty copies by Armin Hundertmark in 1983 on Edition Hundertmark, and a live version of BROKEN REBROKEN, performed in January 2020 at the Museum of Czech Music in Prague by Milan Kn\u00edz\u00e1k, Petr Ferenc (aka Phaerentz) and Opening Performance Orchestra.The album comes with a comprehensive booklet that includes an interview with Milan Kn\u00edz\u00e1k on the topic of Broken Music, an extended essay by Petr Ferenc that originally appeared in Czech Music Quarterly, visual documentation from the archives of Maria Kn\u00edz\u00e1kov\u00e1 and Opening Performance Orchestra, as well as Anna Basty&#039;rov\u00e1&#039;s photographic documentation from the 2020 performance of BROKEN REBROKEN.The cover of the album consists of photographs of Milan Kn\u00edz\u00e1k&#039;s now-defunct 1963 assemblage. Jaroslav Buzek created the digital variation of the assemblage and the graphic design.Mastering was done by Stephan Mathieu and Gabriel S\u00e9verin, who also made the audio restoration of the archival recording BROKEN MUSIC.\" \/>\n<meta property=\"og:url\" content=\"https:\/\/wpguerssen-test.odoo.rgbconsulting.com\/es\/producto\/its-not-quite-that-inventive-sixty-years-with-br\/\" \/>\n<meta property=\"og:site_name\" content=\"Guerssen records\" \/>\n<meta property=\"article:modified_time\" content=\"2024-09-02T12:32:58+00:00\" \/>\n<meta property=\"og:image\" content=\"https:\/\/wpguerssen-test.odoo.rgbconsulting.com\/wp-content\/uploads\/2024\/03\/47086.jpg\" \/>\n\t<meta property=\"og:image:width\" content=\"413\" \/>\n\t<meta property=\"og:image:height\" content=\"413\" \/>\n\t<meta property=\"og:image:type\" content=\"image\/jpeg\" \/>\n<meta name=\"twitter:card\" content=\"summary_large_image\" \/>\n<meta name=\"twitter:title\" content=\"KNIZAK &amp; PHAERENTZ &amp; OPENING PERFORMANCE ORCHESTRA - It&#039;s Not Quite That Inventive (Sixty Years With Br -  (2CD) | Guerssen\" \/>\n<meta name=\"twitter:label1\" content=\"Tiempo de lectura\" \/>\n\t<meta name=\"twitter:data1\" content=\"1 minuto\" \/>\n<script type=\"application\/ld+json\" class=\"yoast-schema-graph\">{\"@context\":\"https:\/\/schema.org\",\"@graph\":[{\"@type\":\"WebPage\",\"@id\":\"https:\/\/wpguerssen-test.odoo.rgbconsulting.com\/es\/producto\/its-not-quite-that-inventive-sixty-years-with-br\/\",\"url\":\"https:\/\/wpguerssen-test.odoo.rgbconsulting.com\/es\/producto\/its-not-quite-that-inventive-sixty-years-with-br\/\",\"name\":\"KNIZAK & PHAERENTZ & OPENING PERFORMANCE ORCHESTRA - It's Not Quite That Inventive (Sixty Years With Br - (2CD) | Guerssen\",\"isPartOf\":{\"@id\":\"https:\/\/wpguerssen-test.odoo.rgbconsulting.com\/es\/#website\"},\"primaryImageOfPage\":{\"@id\":\"https:\/\/wpguerssen-test.odoo.rgbconsulting.com\/es\/producto\/its-not-quite-that-inventive-sixty-years-with-br\/#primaryimage\"},\"image\":{\"@id\":\"https:\/\/wpguerssen-test.odoo.rgbconsulting.com\/es\/producto\/its-not-quite-that-inventive-sixty-years-with-br\/#primaryimage\"},\"thumbnailUrl\":\"https:\/\/wpguerssen-test.odoo.rgbconsulting.com\/wp-content\/uploads\/2024\/03\/47086.jpg\",\"datePublished\":\"2024-04-14T22:00:00+00:00\",\"dateModified\":\"2024-09-02T12:32:58+00:00\",\"description\":\"The album, featuring Milan Kn\u00edz\u00e1k, Petr Ferenc and Opening Performance Orchestra, includes Kn\u00edz\u00e1k's 1973 private recording BROKEN MUSIC, released as a multiple of forty copies by Armin Hundertmark in 1983 on Edition Hundertmark, and a live version of BROKEN REBROKEN, performed in January 2020 at the Museum of Czech Music in Prague by Milan Kn\u00edz\u00e1k, Petr Ferenc (aka Phaerentz) and Opening Performance Orchestra.The album comes with a comprehensive booklet that includes an interview with Milan Kn\u00edz\u00e1k on the topic of Broken Music, an extended essay by Petr Ferenc that originally appeared in Czech Music Quarterly, visual documentation from the archives of Maria Kn\u00edz\u00e1kov\u00e1 and Opening Performance Orchestra, as well as Anna Basty'rov\u00e1's photographic documentation from the 2020 performance of BROKEN REBROKEN.The cover of the album consists of photographs of Milan Kn\u00edz\u00e1k's now-defunct 1963 assemblage. Jaroslav Buzek created the digital variation of the assemblage and the graphic design.Mastering was done by Stephan Mathieu and Gabriel S\u00e9verin, who also made the audio restoration of the archival recording BROKEN MUSIC.\",\"breadcrumb\":{\"@id\":\"https:\/\/wpguerssen-test.odoo.rgbconsulting.com\/es\/producto\/its-not-quite-that-inventive-sixty-years-with-br\/#breadcrumb\"},\"inLanguage\":\"es\",\"potentialAction\":[{\"@type\":\"ReadAction\",\"target\":[\"https:\/\/wpguerssen-test.odoo.rgbconsulting.com\/es\/producto\/its-not-quite-that-inventive-sixty-years-with-br\/\"]}]},{\"@type\":\"ImageObject\",\"inLanguage\":\"es\",\"@id\":\"https:\/\/wpguerssen-test.odoo.rgbconsulting.com\/es\/producto\/its-not-quite-that-inventive-sixty-years-with-br\/#primaryimage\",\"url\":\"https:\/\/wpguerssen-test.odoo.rgbconsulting.com\/wp-content\/uploads\/2024\/03\/47086.jpg\",\"contentUrl\":\"https:\/\/wpguerssen-test.odoo.rgbconsulting.com\/wp-content\/uploads\/2024\/03\/47086.jpg\",\"width\":413,\"height\":413},{\"@type\":\"BreadcrumbList\",\"@id\":\"https:\/\/wpguerssen-test.odoo.rgbconsulting.com\/es\/producto\/its-not-quite-that-inventive-sixty-years-with-br\/#breadcrumb\",\"itemListElement\":[{\"@type\":\"ListItem\",\"position\":1,\"name\":\"Inicio\",\"item\":\"https:\/\/wpguerssen-test.odoo.rgbconsulting.com\/es\/\"},{\"@type\":\"ListItem\",\"position\":2,\"name\":\"Shop\",\"item\":\"https:\/\/wpguerssen-test.odoo.rgbconsulting.com\/shop\/\"},{\"@type\":\"ListItem\",\"position\":3,\"name\":\"It&#8217;s Not Quite That Inventive (Sixty Years With Br\"}]},{\"@type\":\"WebSite\",\"@id\":\"https:\/\/wpguerssen-test.odoo.rgbconsulting.com\/es\/#website\",\"url\":\"https:\/\/wpguerssen-test.odoo.rgbconsulting.com\/es\/\",\"name\":\"Guerssen records\",\"description\":\"psychedelia - progressive - folk - garage \",\"publisher\":{\"@id\":\"https:\/\/wpguerssen-test.odoo.rgbconsulting.com\/es\/#organization\"},\"potentialAction\":[{\"@type\":\"SearchAction\",\"target\":{\"@type\":\"EntryPoint\",\"urlTemplate\":\"https:\/\/wpguerssen-test.odoo.rgbconsulting.com\/es\/?s={search_term_string}\"},\"query-input\":{\"@type\":\"PropertyValueSpecification\",\"valueRequired\":true,\"valueName\":\"search_term_string\"}}],\"inLanguage\":\"es\"},{\"@type\":\"Organization\",\"@id\":\"https:\/\/wpguerssen-test.odoo.rgbconsulting.com\/es\/#organization\",\"name\":\"Guerssen records\",\"url\":\"https:\/\/wpguerssen-test.odoo.rgbconsulting.com\/es\/\",\"logo\":{\"@type\":\"ImageObject\",\"inLanguage\":\"es\",\"@id\":\"https:\/\/wpguerssen-test.odoo.rgbconsulting.com\/es\/#\/schema\/logo\/image\/\",\"url\":\"https:\/\/wpguerssen-test.odoo.rgbconsulting.com\/wp-content\/uploads\/2022\/04\/Logo_Guerssen_trans_100.png\",\"contentUrl\":\"https:\/\/wpguerssen-test.odoo.rgbconsulting.com\/wp-content\/uploads\/2022\/04\/Logo_Guerssen_trans_100.png\",\"width\":122,\"height\":100,\"caption\":\"Guerssen records\"},\"image\":{\"@id\":\"https:\/\/wpguerssen-test.odoo.rgbconsulting.com\/es\/#\/schema\/logo\/image\/\"}}]}<\/script>\n<!-- \/ Yoast SEO plugin. -->","yoast_head_json":{"title":"KNIZAK & PHAERENTZ & OPENING PERFORMANCE ORCHESTRA - It's Not Quite That Inventive (Sixty Years With Br -  (2CD) | Guerssen","description":"The album, featuring Milan Kn\u00edz\u00e1k, Petr Ferenc and Opening Performance Orchestra, includes Kn\u00edz\u00e1k's 1973 private recording BROKEN MUSIC, released as a multiple of forty copies by Armin Hundertmark in 1983 on Edition Hundertmark, and a live version of BROKEN REBROKEN, performed in January 2020 at the Museum of Czech Music in Prague by Milan Kn\u00edz\u00e1k, Petr Ferenc (aka Phaerentz) and Opening Performance Orchestra.The album comes with a comprehensive booklet that includes an interview with Milan Kn\u00edz\u00e1k on the topic of Broken Music, an extended essay by Petr Ferenc that originally appeared in Czech Music Quarterly, visual documentation from the archives of Maria Kn\u00edz\u00e1kov\u00e1 and Opening Performance Orchestra, as well as Anna Basty'rov\u00e1's photographic documentation from the 2020 performance of BROKEN REBROKEN.The cover of the album consists of photographs of Milan Kn\u00edz\u00e1k's now-defunct 1963 assemblage. Jaroslav Buzek created the digital variation of the assemblage and the graphic design.Mastering was done by Stephan Mathieu and Gabriel S\u00e9verin, who also made the audio restoration of the archival recording BROKEN MUSIC.","robots":{"index":"index","follow":"follow","max-snippet":"max-snippet:-1","max-image-preview":"max-image-preview:large","max-video-preview":"max-video-preview:-1"},"canonical":"https:\/\/wpguerssen-test.odoo.rgbconsulting.com\/es\/producto\/its-not-quite-that-inventive-sixty-years-with-br\/","og_locale":"es_ES","og_type":"article","og_title":"KNIZAK & PHAERENTZ & OPENING PERFORMANCE ORCHESTRA - It's Not Quite That Inventive (Sixty Years With Br -  (2CD) | Guerssen","og_description":"The album, featuring Milan Kn\u00edz\u00e1k, Petr Ferenc and Opening Performance Orchestra, includes Kn\u00edz\u00e1k's 1973 private recording BROKEN MUSIC, released as a multiple of forty copies by Armin Hundertmark in 1983 on Edition Hundertmark, and a live version of BROKEN REBROKEN, performed in January 2020 at the Museum of Czech Music in Prague by Milan Kn\u00edz\u00e1k, Petr Ferenc (aka Phaerentz) and Opening Performance Orchestra.The album comes with a comprehensive booklet that includes an interview with Milan Kn\u00edz\u00e1k on the topic of Broken Music, an extended essay by Petr Ferenc that originally appeared in Czech Music Quarterly, visual documentation from the archives of Maria Kn\u00edz\u00e1kov\u00e1 and Opening Performance Orchestra, as well as Anna Basty'rov\u00e1's photographic documentation from the 2020 performance of BROKEN REBROKEN.The cover of the album consists of photographs of Milan Kn\u00edz\u00e1k's now-defunct 1963 assemblage. Jaroslav Buzek created the digital variation of the assemblage and the graphic design.Mastering was done by Stephan Mathieu and Gabriel S\u00e9verin, who also made the audio restoration of the archival recording BROKEN MUSIC.","og_url":"https:\/\/wpguerssen-test.odoo.rgbconsulting.com\/es\/producto\/its-not-quite-that-inventive-sixty-years-with-br\/","og_site_name":"Guerssen records","article_modified_time":"2024-09-02T12:32:58+00:00","og_image":[{"width":413,"height":413,"url":"https:\/\/wpguerssen-test.odoo.rgbconsulting.com\/wp-content\/uploads\/2024\/03\/47086.jpg","type":"image\/jpeg"}],"twitter_card":"summary_large_image","twitter_title":"KNIZAK & PHAERENTZ & OPENING PERFORMANCE ORCHESTRA - It's Not Quite That Inventive (Sixty Years With Br -  (2CD) | Guerssen","twitter_misc":{"Tiempo de lectura":"1 minuto"},"schema":{"@context":"https:\/\/schema.org","@graph":[{"@type":"WebPage","@id":"https:\/\/wpguerssen-test.odoo.rgbconsulting.com\/es\/producto\/its-not-quite-that-inventive-sixty-years-with-br\/","url":"https:\/\/wpguerssen-test.odoo.rgbconsulting.com\/es\/producto\/its-not-quite-that-inventive-sixty-years-with-br\/","name":"KNIZAK & PHAERENTZ & OPENING PERFORMANCE ORCHESTRA - It's Not Quite That Inventive (Sixty Years With Br - (2CD) | Guerssen","isPartOf":{"@id":"https:\/\/wpguerssen-test.odoo.rgbconsulting.com\/es\/#website"},"primaryImageOfPage":{"@id":"https:\/\/wpguerssen-test.odoo.rgbconsulting.com\/es\/producto\/its-not-quite-that-inventive-sixty-years-with-br\/#primaryimage"},"image":{"@id":"https:\/\/wpguerssen-test.odoo.rgbconsulting.com\/es\/producto\/its-not-quite-that-inventive-sixty-years-with-br\/#primaryimage"},"thumbnailUrl":"https:\/\/wpguerssen-test.odoo.rgbconsulting.com\/wp-content\/uploads\/2024\/03\/47086.jpg","datePublished":"2024-04-14T22:00:00+00:00","dateModified":"2024-09-02T12:32:58+00:00","description":"The album, featuring Milan Kn\u00edz\u00e1k, Petr Ferenc and Opening Performance Orchestra, includes Kn\u00edz\u00e1k's 1973 private recording BROKEN MUSIC, released as a multiple of forty copies by Armin Hundertmark in 1983 on Edition Hundertmark, and a live version of BROKEN REBROKEN, performed in January 2020 at the Museum of Czech Music in Prague by Milan Kn\u00edz\u00e1k, Petr Ferenc (aka Phaerentz) and Opening Performance Orchestra.The album comes with a comprehensive booklet that includes an interview with Milan Kn\u00edz\u00e1k on the topic of Broken Music, an extended essay by Petr Ferenc that originally appeared in Czech Music Quarterly, visual documentation from the archives of Maria Kn\u00edz\u00e1kov\u00e1 and Opening Performance Orchestra, as well as Anna Basty'rov\u00e1's photographic documentation from the 2020 performance of BROKEN REBROKEN.The cover of the album consists of photographs of Milan Kn\u00edz\u00e1k's now-defunct 1963 assemblage. Jaroslav Buzek created the digital variation of the assemblage and the graphic design.Mastering was done by Stephan Mathieu and Gabriel S\u00e9verin, who also made the audio restoration of the archival recording BROKEN MUSIC.","breadcrumb":{"@id":"https:\/\/wpguerssen-test.odoo.rgbconsulting.com\/es\/producto\/its-not-quite-that-inventive-sixty-years-with-br\/#breadcrumb"},"inLanguage":"es","potentialAction":[{"@type":"ReadAction","target":["https:\/\/wpguerssen-test.odoo.rgbconsulting.com\/es\/producto\/its-not-quite-that-inventive-sixty-years-with-br\/"]}]},{"@type":"ImageObject","inLanguage":"es","@id":"https:\/\/wpguerssen-test.odoo.rgbconsulting.com\/es\/producto\/its-not-quite-that-inventive-sixty-years-with-br\/#primaryimage","url":"https:\/\/wpguerssen-test.odoo.rgbconsulting.com\/wp-content\/uploads\/2024\/03\/47086.jpg","contentUrl":"https:\/\/wpguerssen-test.odoo.rgbconsulting.com\/wp-content\/uploads\/2024\/03\/47086.jpg","width":413,"height":413},{"@type":"BreadcrumbList","@id":"https:\/\/wpguerssen-test.odoo.rgbconsulting.com\/es\/producto\/its-not-quite-that-inventive-sixty-years-with-br\/#breadcrumb","itemListElement":[{"@type":"ListItem","position":1,"name":"Inicio","item":"https:\/\/wpguerssen-test.odoo.rgbconsulting.com\/es\/"},{"@type":"ListItem","position":2,"name":"Shop","item":"https:\/\/wpguerssen-test.odoo.rgbconsulting.com\/shop\/"},{"@type":"ListItem","position":3,"name":"It&#8217;s Not Quite That Inventive (Sixty Years With Br"}]},{"@type":"WebSite","@id":"https:\/\/wpguerssen-test.odoo.rgbconsulting.com\/es\/#website","url":"https:\/\/wpguerssen-test.odoo.rgbconsulting.com\/es\/","name":"Guerssen records","description":"psychedelia - progressive - folk - garage ","publisher":{"@id":"https:\/\/wpguerssen-test.odoo.rgbconsulting.com\/es\/#organization"},"potentialAction":[{"@type":"SearchAction","target":{"@type":"EntryPoint","urlTemplate":"https:\/\/wpguerssen-test.odoo.rgbconsulting.com\/es\/?s={search_term_string}"},"query-input":{"@type":"PropertyValueSpecification","valueRequired":true,"valueName":"search_term_string"}}],"inLanguage":"es"},{"@type":"Organization","@id":"https:\/\/wpguerssen-test.odoo.rgbconsulting.com\/es\/#organization","name":"Guerssen records","url":"https:\/\/wpguerssen-test.odoo.rgbconsulting.com\/es\/","logo":{"@type":"ImageObject","inLanguage":"es","@id":"https:\/\/wpguerssen-test.odoo.rgbconsulting.com\/es\/#\/schema\/logo\/image\/","url":"https:\/\/wpguerssen-test.odoo.rgbconsulting.com\/wp-content\/uploads\/2022\/04\/Logo_Guerssen_trans_100.png","contentUrl":"https:\/\/wpguerssen-test.odoo.rgbconsulting.com\/wp-content\/uploads\/2022\/04\/Logo_Guerssen_trans_100.png","width":122,"height":100,"caption":"Guerssen records"},"image":{"@id":"https:\/\/wpguerssen-test.odoo.rgbconsulting.com\/es\/#\/schema\/logo\/image\/"}}]}},"_links":{"self":[{"href":"https:\/\/wpguerssen-test.odoo.rgbconsulting.com\/es\/wp-json\/wp\/v2\/product\/261110","targetHints":{"allow":["GET"]}}],"collection":[{"href":"https:\/\/wpguerssen-test.odoo.rgbconsulting.com\/es\/wp-json\/wp\/v2\/product"}],"about":[{"href":"https:\/\/wpguerssen-test.odoo.rgbconsulting.com\/es\/wp-json\/wp\/v2\/types\/product"}],"wp:featuredmedia":[{"embeddable":true,"href":"https:\/\/wpguerssen-test.odoo.rgbconsulting.com\/es\/wp-json\/wp\/v2\/media\/261051"}],"wp:attachment":[{"href":"https:\/\/wpguerssen-test.odoo.rgbconsulting.com\/es\/wp-json\/wp\/v2\/media?parent=261110"}],"wp:term":[{"taxonomy":"product_brand","embeddable":true,"href":"https:\/\/wpguerssen-test.odoo.rgbconsulting.com\/es\/wp-json\/wp\/v2\/product_brand?post=261110"},{"taxonomy":"product_cat","embeddable":true,"href":"https:\/\/wpguerssen-test.odoo.rgbconsulting.com\/es\/wp-json\/wp\/v2\/product_cat?post=261110"},{"taxonomy":"product_tag","embeddable":true,"href":"https:\/\/wpguerssen-test.odoo.rgbconsulting.com\/es\/wp-json\/wp\/v2\/product_tag?post=261110"}],"curies":[{"name":"wp","href":"https:\/\/api.w.org\/{rel}","templated":true}]}}