{"id":261214,"date":"2024-03-14T00:00:00","date_gmt":"2024-03-13T23:00:00","guid":{"rendered":"https:\/\/wpguerssen-test.odoo.rgbconsulting.com\/product\/muito-a-vontade-limited-edition\/"},"modified":"2024-11-26T17:11:58","modified_gmt":"2024-11-26T16:11:58","slug":"muito-a-vontade-limited-edition","status":"publish","type":"product","link":"https:\/\/wpguerssen-test.odoo.rgbconsulting.com\/es\/producto\/muito-a-vontade-limited-edition\/","title":{"rendered":"Muito A Vontade (Limited Edition)"},"content":{"rendered":"<p>Figura ic\u00f3nica de la Bossa Nova, el pianista, compositor y arreglista brasile\u00f1o Joao Donato (1934-2023) introdujo un nuevo patr\u00f3n r\u00edtmico original en el g\u00e9nero. Fue profundamente influyente y ha inspirado a generaciones de m\u00fasicos. Joao Gilberto confes\u00f3 haber tomado su ritmo de bossa nova en la guitarra del piano de Donato. Aqu\u00ed se presenta en su totalidad el \u00e1lbum Muito \u00e0 Vontade de Donato, grabado en formato de cuarteto en 1962 y con la participaci\u00f3n del gran Milton Banana en la bater\u00eda. EL LP COMPLETO + 4 PISTAS BONUS &#8211; VINILO VIRGEN DE 180 GRAMOS<\/p>\n","protected":false},"excerpt":{"rendered":"<p>Figura ic\u00f3nica de la Bossa Nova, el pianista, compositor y arreglista brasile\u00f1o Joao Donato (1934-2023) introdujo un nuevo patr\u00f3n r\u00edtmico original en el g\u00e9nero.<a class=\"read\" href=\"https:\/\/wpguerssen-test.odoo.rgbconsulting.com\/es\/producto\/muito-a-vontade-limited-edition\/\"> (...)<\/a>","protected":false},"featured_media":261173,"template":"","meta":{"_acf_changed":false},"product_brand":[],"product_cat":[23231],"product_tag":[],"class_list":{"0":"post-261214","1":"product","2":"type-product","3":"status-publish","4":"has-post-thumbnail","6":"product_cat-latin-brazilian-es","7":"pa_artist-donato-joao","8":"pa_format-lp-es","9":"pa_gender-latin-brazilian","10":"pa_label-jazz-samba","11":"pa_location-south-america-caribbean-es","12":"pa_other-filters-vinyl-only-es","14":"first","15":"instock","16":"taxable","17":"shipping-taxable","18":"purchasable","19":"product-type-simple"},"acf":[],"yoast_head":"<!-- This site is optimized with the Yoast SEO plugin v24.9 - https:\/\/yoast.com\/wordpress\/plugins\/seo\/ -->\n<title>DONATO, Joao - Muito A Vontade (Limited Edition) -  (LP) | Guerssen<\/title>\n<meta name=\"description\" content=\"An iconic figure of the Bossa Nova, Brazilian pianist, composer and arranger Joao Donato (1934- 2023) introduced a new original rhythm pattern to the genre. He was profoundly influential, having inspired generations of musicians. Joao Gilberto confessed to having taken his bossa nova beat at the guitar from Donato&#039;s piano playing. Presented here in it&#039;s entirety is Donato&#039;s album Muito \u00c3 Vontade, recorded in a quartet format in 1962 and featuring the great Milton Banana on drums. THE COMPLETE LP + 4 BONUS TRACKS - 180-GRAM VIRGIN VINYL\" \/>\n<meta name=\"robots\" content=\"index, follow, max-snippet:-1, max-image-preview:large, max-video-preview:-1\" \/>\n<link rel=\"canonical\" href=\"https:\/\/wpguerssen-test.odoo.rgbconsulting.com\/es\/producto\/muito-a-vontade-limited-edition\/\" \/>\n<meta property=\"og:locale\" content=\"es_ES\" \/>\n<meta property=\"og:type\" content=\"article\" \/>\n<meta property=\"og:title\" content=\"DONATO, Joao - Muito A Vontade (Limited Edition) -  (LP) | Guerssen\" \/>\n<meta property=\"og:description\" content=\"An iconic figure of the Bossa Nova, Brazilian pianist, composer and arranger Joao Donato (1934- 2023) introduced a new original rhythm pattern to the genre. He was profoundly influential, having inspired generations of musicians. Joao Gilberto confessed to having taken his bossa nova beat at the guitar from Donato&#039;s piano playing. Presented here in it&#039;s entirety is Donato&#039;s album Muito \u00c3 Vontade, recorded in a quartet format in 1962 and featuring the great Milton Banana on drums. THE COMPLETE LP + 4 BONUS TRACKS - 180-GRAM VIRGIN VINYL\" \/>\n<meta property=\"og:url\" content=\"https:\/\/wpguerssen-test.odoo.rgbconsulting.com\/es\/producto\/muito-a-vontade-limited-edition\/\" \/>\n<meta property=\"og:site_name\" content=\"Guerssen records\" \/>\n<meta property=\"article:modified_time\" content=\"2024-11-26T16:11:58+00:00\" \/>\n<meta property=\"og:image\" content=\"https:\/\/wpguerssen-test.odoo.rgbconsulting.com\/wp-content\/uploads\/2024\/03\/47103.jpg\" \/>\n\t<meta property=\"og:image:width\" content=\"400\" \/>\n\t<meta property=\"og:image:height\" content=\"400\" \/>\n\t<meta property=\"og:image:type\" content=\"image\/jpeg\" \/>\n<meta name=\"twitter:card\" content=\"summary_large_image\" \/>\n<meta name=\"twitter:title\" content=\"DONATO, Joao - Muito A Vontade (Limited Edition) -  (LP) | Guerssen\" \/>\n<script type=\"application\/ld+json\" class=\"yoast-schema-graph\">{\"@context\":\"https:\/\/schema.org\",\"@graph\":[{\"@type\":\"WebPage\",\"@id\":\"https:\/\/wpguerssen-test.odoo.rgbconsulting.com\/es\/producto\/muito-a-vontade-limited-edition\/\",\"url\":\"https:\/\/wpguerssen-test.odoo.rgbconsulting.com\/es\/producto\/muito-a-vontade-limited-edition\/\",\"name\":\"DONATO, Joao - Muito A Vontade (Limited Edition) - (LP) | Guerssen\",\"isPartOf\":{\"@id\":\"https:\/\/wpguerssen-test.odoo.rgbconsulting.com\/es\/#website\"},\"primaryImageOfPage\":{\"@id\":\"https:\/\/wpguerssen-test.odoo.rgbconsulting.com\/es\/producto\/muito-a-vontade-limited-edition\/#primaryimage\"},\"image\":{\"@id\":\"https:\/\/wpguerssen-test.odoo.rgbconsulting.com\/es\/producto\/muito-a-vontade-limited-edition\/#primaryimage\"},\"thumbnailUrl\":\"https:\/\/wpguerssen-test.odoo.rgbconsulting.com\/wp-content\/uploads\/2024\/03\/47103.jpg\",\"datePublished\":\"2024-03-13T23:00:00+00:00\",\"dateModified\":\"2024-11-26T16:11:58+00:00\",\"description\":\"An iconic figure of the Bossa Nova, Brazilian pianist, composer and arranger Joao Donato (1934- 2023) introduced a new original rhythm pattern to the genre. He was profoundly influential, having inspired generations of musicians. Joao Gilberto confessed to having taken his bossa nova beat at the guitar from Donato's piano playing. Presented here in it's entirety is Donato's album Muito \u00c3 Vontade, recorded in a quartet format in 1962 and featuring the great Milton Banana on drums. THE COMPLETE LP + 4 BONUS TRACKS - 180-GRAM VIRGIN VINYL\",\"breadcrumb\":{\"@id\":\"https:\/\/wpguerssen-test.odoo.rgbconsulting.com\/es\/producto\/muito-a-vontade-limited-edition\/#breadcrumb\"},\"inLanguage\":\"es\",\"potentialAction\":[{\"@type\":\"ReadAction\",\"target\":[\"https:\/\/wpguerssen-test.odoo.rgbconsulting.com\/es\/producto\/muito-a-vontade-limited-edition\/\"]}]},{\"@type\":\"ImageObject\",\"inLanguage\":\"es\",\"@id\":\"https:\/\/wpguerssen-test.odoo.rgbconsulting.com\/es\/producto\/muito-a-vontade-limited-edition\/#primaryimage\",\"url\":\"https:\/\/wpguerssen-test.odoo.rgbconsulting.com\/wp-content\/uploads\/2024\/03\/47103.jpg\",\"contentUrl\":\"https:\/\/wpguerssen-test.odoo.rgbconsulting.com\/wp-content\/uploads\/2024\/03\/47103.jpg\",\"width\":400,\"height\":400,\"caption\":\"Joao - Muito A Vontade (Limited Edition) - JAZZ SAMBA (LP) | Guerssen\"},{\"@type\":\"BreadcrumbList\",\"@id\":\"https:\/\/wpguerssen-test.odoo.rgbconsulting.com\/es\/producto\/muito-a-vontade-limited-edition\/#breadcrumb\",\"itemListElement\":[{\"@type\":\"ListItem\",\"position\":1,\"name\":\"Inicio\",\"item\":\"https:\/\/wpguerssen-test.odoo.rgbconsulting.com\/es\/\"},{\"@type\":\"ListItem\",\"position\":2,\"name\":\"Shop\",\"item\":\"https:\/\/wpguerssen-test.odoo.rgbconsulting.com\/shop\/\"},{\"@type\":\"ListItem\",\"position\":3,\"name\":\"Muito A Vontade (Limited Edition)\"}]},{\"@type\":\"WebSite\",\"@id\":\"https:\/\/wpguerssen-test.odoo.rgbconsulting.com\/es\/#website\",\"url\":\"https:\/\/wpguerssen-test.odoo.rgbconsulting.com\/es\/\",\"name\":\"Guerssen records\",\"description\":\"psychedelia - progressive - folk - garage \",\"publisher\":{\"@id\":\"https:\/\/wpguerssen-test.odoo.rgbconsulting.com\/es\/#organization\"},\"potentialAction\":[{\"@type\":\"SearchAction\",\"target\":{\"@type\":\"EntryPoint\",\"urlTemplate\":\"https:\/\/wpguerssen-test.odoo.rgbconsulting.com\/es\/?s={search_term_string}\"},\"query-input\":{\"@type\":\"PropertyValueSpecification\",\"valueRequired\":true,\"valueName\":\"search_term_string\"}}],\"inLanguage\":\"es\"},{\"@type\":\"Organization\",\"@id\":\"https:\/\/wpguerssen-test.odoo.rgbconsulting.com\/es\/#organization\",\"name\":\"Guerssen records\",\"url\":\"https:\/\/wpguerssen-test.odoo.rgbconsulting.com\/es\/\",\"logo\":{\"@type\":\"ImageObject\",\"inLanguage\":\"es\",\"@id\":\"https:\/\/wpguerssen-test.odoo.rgbconsulting.com\/es\/#\/schema\/logo\/image\/\",\"url\":\"https:\/\/wpguerssen-test.odoo.rgbconsulting.com\/wp-content\/uploads\/2022\/04\/Logo_Guerssen_trans_100.png\",\"contentUrl\":\"https:\/\/wpguerssen-test.odoo.rgbconsulting.com\/wp-content\/uploads\/2022\/04\/Logo_Guerssen_trans_100.png\",\"width\":122,\"height\":100,\"caption\":\"Guerssen records\"},\"image\":{\"@id\":\"https:\/\/wpguerssen-test.odoo.rgbconsulting.com\/es\/#\/schema\/logo\/image\/\"}}]}<\/script>\n<!-- \/ Yoast SEO plugin. -->","yoast_head_json":{"title":"DONATO, Joao - Muito A Vontade (Limited Edition) -  (LP) | Guerssen","description":"An iconic figure of the Bossa Nova, Brazilian pianist, composer and arranger Joao Donato (1934- 2023) introduced a new original rhythm pattern to the genre. He was profoundly influential, having inspired generations of musicians. Joao Gilberto confessed to having taken his bossa nova beat at the guitar from Donato's piano playing. Presented here in it's entirety is Donato's album Muito \u00c3 Vontade, recorded in a quartet format in 1962 and featuring the great Milton Banana on drums. THE COMPLETE LP + 4 BONUS TRACKS - 180-GRAM VIRGIN VINYL","robots":{"index":"index","follow":"follow","max-snippet":"max-snippet:-1","max-image-preview":"max-image-preview:large","max-video-preview":"max-video-preview:-1"},"canonical":"https:\/\/wpguerssen-test.odoo.rgbconsulting.com\/es\/producto\/muito-a-vontade-limited-edition\/","og_locale":"es_ES","og_type":"article","og_title":"DONATO, Joao - Muito A Vontade (Limited Edition) -  (LP) | Guerssen","og_description":"An iconic figure of the Bossa Nova, Brazilian pianist, composer and arranger Joao Donato (1934- 2023) introduced a new original rhythm pattern to the genre. He was profoundly influential, having inspired generations of musicians. Joao Gilberto confessed to having taken his bossa nova beat at the guitar from Donato's piano playing. Presented here in it's entirety is Donato's album Muito \u00c3 Vontade, recorded in a quartet format in 1962 and featuring the great Milton Banana on drums. THE COMPLETE LP + 4 BONUS TRACKS - 180-GRAM VIRGIN VINYL","og_url":"https:\/\/wpguerssen-test.odoo.rgbconsulting.com\/es\/producto\/muito-a-vontade-limited-edition\/","og_site_name":"Guerssen records","article_modified_time":"2024-11-26T16:11:58+00:00","og_image":[{"width":400,"height":400,"url":"https:\/\/wpguerssen-test.odoo.rgbconsulting.com\/wp-content\/uploads\/2024\/03\/47103.jpg","type":"image\/jpeg"}],"twitter_card":"summary_large_image","twitter_title":"DONATO, Joao - Muito A Vontade (Limited Edition) -  (LP) | Guerssen","schema":{"@context":"https:\/\/schema.org","@graph":[{"@type":"WebPage","@id":"https:\/\/wpguerssen-test.odoo.rgbconsulting.com\/es\/producto\/muito-a-vontade-limited-edition\/","url":"https:\/\/wpguerssen-test.odoo.rgbconsulting.com\/es\/producto\/muito-a-vontade-limited-edition\/","name":"DONATO, Joao - Muito A Vontade (Limited Edition) - (LP) | Guerssen","isPartOf":{"@id":"https:\/\/wpguerssen-test.odoo.rgbconsulting.com\/es\/#website"},"primaryImageOfPage":{"@id":"https:\/\/wpguerssen-test.odoo.rgbconsulting.com\/es\/producto\/muito-a-vontade-limited-edition\/#primaryimage"},"image":{"@id":"https:\/\/wpguerssen-test.odoo.rgbconsulting.com\/es\/producto\/muito-a-vontade-limited-edition\/#primaryimage"},"thumbnailUrl":"https:\/\/wpguerssen-test.odoo.rgbconsulting.com\/wp-content\/uploads\/2024\/03\/47103.jpg","datePublished":"2024-03-13T23:00:00+00:00","dateModified":"2024-11-26T16:11:58+00:00","description":"An iconic figure of the Bossa Nova, Brazilian pianist, composer and arranger Joao Donato (1934- 2023) introduced a new original rhythm pattern to the genre. He was profoundly influential, having inspired generations of musicians. Joao Gilberto confessed to having taken his bossa nova beat at the guitar from Donato's piano playing. Presented here in it's entirety is Donato's album Muito \u00c3 Vontade, recorded in a quartet format in 1962 and featuring the great Milton Banana on drums. THE COMPLETE LP + 4 BONUS TRACKS - 180-GRAM VIRGIN VINYL","breadcrumb":{"@id":"https:\/\/wpguerssen-test.odoo.rgbconsulting.com\/es\/producto\/muito-a-vontade-limited-edition\/#breadcrumb"},"inLanguage":"es","potentialAction":[{"@type":"ReadAction","target":["https:\/\/wpguerssen-test.odoo.rgbconsulting.com\/es\/producto\/muito-a-vontade-limited-edition\/"]}]},{"@type":"ImageObject","inLanguage":"es","@id":"https:\/\/wpguerssen-test.odoo.rgbconsulting.com\/es\/producto\/muito-a-vontade-limited-edition\/#primaryimage","url":"https:\/\/wpguerssen-test.odoo.rgbconsulting.com\/wp-content\/uploads\/2024\/03\/47103.jpg","contentUrl":"https:\/\/wpguerssen-test.odoo.rgbconsulting.com\/wp-content\/uploads\/2024\/03\/47103.jpg","width":400,"height":400,"caption":"Joao - Muito A Vontade (Limited Edition) - JAZZ SAMBA (LP) | Guerssen"},{"@type":"BreadcrumbList","@id":"https:\/\/wpguerssen-test.odoo.rgbconsulting.com\/es\/producto\/muito-a-vontade-limited-edition\/#breadcrumb","itemListElement":[{"@type":"ListItem","position":1,"name":"Inicio","item":"https:\/\/wpguerssen-test.odoo.rgbconsulting.com\/es\/"},{"@type":"ListItem","position":2,"name":"Shop","item":"https:\/\/wpguerssen-test.odoo.rgbconsulting.com\/shop\/"},{"@type":"ListItem","position":3,"name":"Muito A Vontade (Limited Edition)"}]},{"@type":"WebSite","@id":"https:\/\/wpguerssen-test.odoo.rgbconsulting.com\/es\/#website","url":"https:\/\/wpguerssen-test.odoo.rgbconsulting.com\/es\/","name":"Guerssen records","description":"psychedelia - progressive - folk - garage ","publisher":{"@id":"https:\/\/wpguerssen-test.odoo.rgbconsulting.com\/es\/#organization"},"potentialAction":[{"@type":"SearchAction","target":{"@type":"EntryPoint","urlTemplate":"https:\/\/wpguerssen-test.odoo.rgbconsulting.com\/es\/?s={search_term_string}"},"query-input":{"@type":"PropertyValueSpecification","valueRequired":true,"valueName":"search_term_string"}}],"inLanguage":"es"},{"@type":"Organization","@id":"https:\/\/wpguerssen-test.odoo.rgbconsulting.com\/es\/#organization","name":"Guerssen records","url":"https:\/\/wpguerssen-test.odoo.rgbconsulting.com\/es\/","logo":{"@type":"ImageObject","inLanguage":"es","@id":"https:\/\/wpguerssen-test.odoo.rgbconsulting.com\/es\/#\/schema\/logo\/image\/","url":"https:\/\/wpguerssen-test.odoo.rgbconsulting.com\/wp-content\/uploads\/2022\/04\/Logo_Guerssen_trans_100.png","contentUrl":"https:\/\/wpguerssen-test.odoo.rgbconsulting.com\/wp-content\/uploads\/2022\/04\/Logo_Guerssen_trans_100.png","width":122,"height":100,"caption":"Guerssen records"},"image":{"@id":"https:\/\/wpguerssen-test.odoo.rgbconsulting.com\/es\/#\/schema\/logo\/image\/"}}]}},"_links":{"self":[{"href":"https:\/\/wpguerssen-test.odoo.rgbconsulting.com\/es\/wp-json\/wp\/v2\/product\/261214","targetHints":{"allow":["GET"]}}],"collection":[{"href":"https:\/\/wpguerssen-test.odoo.rgbconsulting.com\/es\/wp-json\/wp\/v2\/product"}],"about":[{"href":"https:\/\/wpguerssen-test.odoo.rgbconsulting.com\/es\/wp-json\/wp\/v2\/types\/product"}],"wp:featuredmedia":[{"embeddable":true,"href":"https:\/\/wpguerssen-test.odoo.rgbconsulting.com\/es\/wp-json\/wp\/v2\/media\/261173"}],"wp:attachment":[{"href":"https:\/\/wpguerssen-test.odoo.rgbconsulting.com\/es\/wp-json\/wp\/v2\/media?parent=261214"}],"wp:term":[{"taxonomy":"product_brand","embeddable":true,"href":"https:\/\/wpguerssen-test.odoo.rgbconsulting.com\/es\/wp-json\/wp\/v2\/product_brand?post=261214"},{"taxonomy":"product_cat","embeddable":true,"href":"https:\/\/wpguerssen-test.odoo.rgbconsulting.com\/es\/wp-json\/wp\/v2\/product_cat?post=261214"},{"taxonomy":"product_tag","embeddable":true,"href":"https:\/\/wpguerssen-test.odoo.rgbconsulting.com\/es\/wp-json\/wp\/v2\/product_tag?post=261214"}],"curies":[{"name":"wp","href":"https:\/\/api.w.org\/{rel}","templated":true}]}}