{"id":261232,"date":"2024-03-18T00:00:00","date_gmt":"2024-03-17T23:00:00","guid":{"rendered":"https:\/\/wpguerssen-test.odoo.rgbconsulting.com\/product\/cuban-music-in-jam-session\/"},"modified":"2024-09-02T14:32:28","modified_gmt":"2024-09-02T12:32:28","slug":"cuban-music-in-jam-session","status":"publish","type":"product","link":"https:\/\/wpguerssen-test.odoo.rgbconsulting.com\/es\/producto\/cuban-music-in-jam-session\/","title":{"rendered":"Cuban Music In Jam Session"},"content":{"rendered":"<p>El contrabajista y compositor Cachao L\u00f3pez fue una de las m\u00e1s grandes personalidades de la historia de la m\u00fasica cubana. Un verdadero innovador que ya en los a\u00f1os 40 fue pionero en una nueva y emocionante forma de m\u00fasica de baile conocida mundialmente como mambo. \u00abCuban Music in Jam Session\u00bb se erige como uno de sus \u00e1lbumes cl\u00e1sicos de finales de los a\u00f1os 50. Un gran ejemplo de las innovadoras jam session de Cachao llamadas \u00abdescargas\u00bb donde varios m\u00fasicos legendarios como el saxo tenor Emilio Pe\u00f1alver y los trompetistas Armando \u00abChocolate\u00bb Armenteros y Alejandro \u00abNegro\u00bb Vivar, improvisan sobre ritmos altamente contagiosos establecidos por el propio Cachao en el bajo y un grupo de percusionistas s\u00faper compactos. \u00a1Una gran declaraci\u00f3n de la era dorada de la m\u00fasica latina!<\/p>\n","protected":false},"excerpt":{"rendered":"<p>El contrabajista y compositor Cachao L\u00f3pez fue una de las m\u00e1s grandes personalidades de la historia de la m\u00fasica cubana. Un verdadero innovador que ya en los a\u00f1os<a class=\"read\" href=\"https:\/\/wpguerssen-test.odoo.rgbconsulting.com\/es\/producto\/cuban-music-in-jam-session\/\"> (...)<\/a>","protected":false},"featured_media":260926,"template":"","meta":{"_acf_changed":false},"product_brand":[],"product_cat":[23231],"product_tag":[],"class_list":{"0":"post-261232","1":"product","2":"type-product","3":"status-publish","4":"has-post-thumbnail","6":"product_cat-latin-brazilian-es","7":"pa_artist-cachao-y-su-ritmo-caliente","8":"pa_format-lp-es","9":"pa_gender-latin-brazilian","10":"pa_label-honeypie","11":"pa_location-south-america-caribbean-es","12":"pa_other-filters-vinyl-only-es","14":"first","15":"instock","16":"taxable","17":"shipping-taxable","18":"purchasable","19":"product-type-simple"},"acf":[],"yoast_head":"<!-- This site is optimized with the Yoast SEO plugin v24.9 - https:\/\/yoast.com\/wordpress\/plugins\/seo\/ -->\n<title>CACHAO y su Ritmo Caliente - Cuban Music In Jam Session -  (LP) | Guerssen<\/title>\n<meta name=\"description\" content=\"Double bassist and composer Cachao Lopez was one of the greatest personalities in the history of Cuban music. A true innovator who already in the 40&#039;s pioneered a new exciting form of dance music subsequently worldwide known as mambo. &quot;Cuban Music in Jam Session&#039;&#039; stands as one of his classic albums from the late 50&#039;s. A great example of Cachao&#039;s innovative jam sessions called &quot;descargas&quot; where various legendary musicians such as tenor sax player Emilio Penalver and trumpeters Armando &quot;Chocolate&quot; Armenteros and Alejandro &quot;Negro&quot; Vivar, improvise over highly infectious grooves and rhythms laid down by Cachao himself on bass and a bunch of super tight percussionists. A great statement from the latin music golden era!\" \/>\n<meta name=\"robots\" content=\"index, follow, max-snippet:-1, max-image-preview:large, max-video-preview:-1\" \/>\n<link rel=\"canonical\" href=\"https:\/\/wpguerssen-test.odoo.rgbconsulting.com\/es\/producto\/cuban-music-in-jam-session\/\" \/>\n<meta property=\"og:locale\" content=\"es_ES\" \/>\n<meta property=\"og:type\" content=\"article\" \/>\n<meta property=\"og:title\" content=\"CACHAO y su Ritmo Caliente - Cuban Music In Jam Session -  (LP) | Guerssen\" \/>\n<meta property=\"og:description\" content=\"Double bassist and composer Cachao Lopez was one of the greatest personalities in the history of Cuban music. A true innovator who already in the 40&#039;s pioneered a new exciting form of dance music subsequently worldwide known as mambo. &quot;Cuban Music in Jam Session&#039;&#039; stands as one of his classic albums from the late 50&#039;s. A great example of Cachao&#039;s innovative jam sessions called &quot;descargas&quot; where various legendary musicians such as tenor sax player Emilio Penalver and trumpeters Armando &quot;Chocolate&quot; Armenteros and Alejandro &quot;Negro&quot; Vivar, improvise over highly infectious grooves and rhythms laid down by Cachao himself on bass and a bunch of super tight percussionists. A great statement from the latin music golden era!\" \/>\n<meta property=\"og:url\" content=\"https:\/\/wpguerssen-test.odoo.rgbconsulting.com\/es\/producto\/cuban-music-in-jam-session\/\" \/>\n<meta property=\"og:site_name\" content=\"Guerssen records\" \/>\n<meta property=\"article:modified_time\" content=\"2024-09-02T12:32:28+00:00\" \/>\n<meta property=\"og:image\" content=\"https:\/\/wpguerssen-test.odoo.rgbconsulting.com\/wp-content\/uploads\/2024\/03\/47058.jpg\" \/>\n\t<meta property=\"og:image:width\" content=\"1181\" \/>\n\t<meta property=\"og:image:height\" content=\"1181\" \/>\n\t<meta property=\"og:image:type\" content=\"image\/jpeg\" \/>\n<meta name=\"twitter:card\" content=\"summary_large_image\" \/>\n<meta name=\"twitter:title\" content=\"CACHAO y su Ritmo Caliente - Cuban Music In Jam Session -  (LP) | Guerssen\" \/>\n<meta name=\"twitter:label1\" content=\"Tiempo de lectura\" \/>\n\t<meta name=\"twitter:data1\" content=\"1 minuto\" \/>\n<script type=\"application\/ld+json\" class=\"yoast-schema-graph\">{\"@context\":\"https:\/\/schema.org\",\"@graph\":[{\"@type\":\"WebPage\",\"@id\":\"https:\/\/wpguerssen-test.odoo.rgbconsulting.com\/es\/producto\/cuban-music-in-jam-session\/\",\"url\":\"https:\/\/wpguerssen-test.odoo.rgbconsulting.com\/es\/producto\/cuban-music-in-jam-session\/\",\"name\":\"CACHAO y su Ritmo Caliente - Cuban Music In Jam Session - (LP) | Guerssen\",\"isPartOf\":{\"@id\":\"https:\/\/wpguerssen-test.odoo.rgbconsulting.com\/es\/#website\"},\"primaryImageOfPage\":{\"@id\":\"https:\/\/wpguerssen-test.odoo.rgbconsulting.com\/es\/producto\/cuban-music-in-jam-session\/#primaryimage\"},\"image\":{\"@id\":\"https:\/\/wpguerssen-test.odoo.rgbconsulting.com\/es\/producto\/cuban-music-in-jam-session\/#primaryimage\"},\"thumbnailUrl\":\"https:\/\/wpguerssen-test.odoo.rgbconsulting.com\/wp-content\/uploads\/2024\/03\/47058.jpg\",\"datePublished\":\"2024-03-17T23:00:00+00:00\",\"dateModified\":\"2024-09-02T12:32:28+00:00\",\"description\":\"Double bassist and composer Cachao Lopez was one of the greatest personalities in the history of Cuban music. A true innovator who already in the 40's pioneered a new exciting form of dance music subsequently worldwide known as mambo. \\\"Cuban Music in Jam Session'' stands as one of his classic albums from the late 50's. A great example of Cachao's innovative jam sessions called \\\"descargas\\\" where various legendary musicians such as tenor sax player Emilio Penalver and trumpeters Armando \\\"Chocolate\\\" Armenteros and Alejandro \\\"Negro\\\" Vivar, improvise over highly infectious grooves and rhythms laid down by Cachao himself on bass and a bunch of super tight percussionists. A great statement from the latin music golden era!\",\"breadcrumb\":{\"@id\":\"https:\/\/wpguerssen-test.odoo.rgbconsulting.com\/es\/producto\/cuban-music-in-jam-session\/#breadcrumb\"},\"inLanguage\":\"es\",\"potentialAction\":[{\"@type\":\"ReadAction\",\"target\":[\"https:\/\/wpguerssen-test.odoo.rgbconsulting.com\/es\/producto\/cuban-music-in-jam-session\/\"]}]},{\"@type\":\"ImageObject\",\"inLanguage\":\"es\",\"@id\":\"https:\/\/wpguerssen-test.odoo.rgbconsulting.com\/es\/producto\/cuban-music-in-jam-session\/#primaryimage\",\"url\":\"https:\/\/wpguerssen-test.odoo.rgbconsulting.com\/wp-content\/uploads\/2024\/03\/47058.jpg\",\"contentUrl\":\"https:\/\/wpguerssen-test.odoo.rgbconsulting.com\/wp-content\/uploads\/2024\/03\/47058.jpg\",\"width\":1181,\"height\":1181},{\"@type\":\"BreadcrumbList\",\"@id\":\"https:\/\/wpguerssen-test.odoo.rgbconsulting.com\/es\/producto\/cuban-music-in-jam-session\/#breadcrumb\",\"itemListElement\":[{\"@type\":\"ListItem\",\"position\":1,\"name\":\"Inicio\",\"item\":\"https:\/\/wpguerssen-test.odoo.rgbconsulting.com\/es\/\"},{\"@type\":\"ListItem\",\"position\":2,\"name\":\"Shop\",\"item\":\"https:\/\/wpguerssen-test.odoo.rgbconsulting.com\/shop\/\"},{\"@type\":\"ListItem\",\"position\":3,\"name\":\"Cuban Music In Jam Session\"}]},{\"@type\":\"WebSite\",\"@id\":\"https:\/\/wpguerssen-test.odoo.rgbconsulting.com\/es\/#website\",\"url\":\"https:\/\/wpguerssen-test.odoo.rgbconsulting.com\/es\/\",\"name\":\"Guerssen records\",\"description\":\"psychedelia - progressive - folk - garage \",\"publisher\":{\"@id\":\"https:\/\/wpguerssen-test.odoo.rgbconsulting.com\/es\/#organization\"},\"potentialAction\":[{\"@type\":\"SearchAction\",\"target\":{\"@type\":\"EntryPoint\",\"urlTemplate\":\"https:\/\/wpguerssen-test.odoo.rgbconsulting.com\/es\/?s={search_term_string}\"},\"query-input\":{\"@type\":\"PropertyValueSpecification\",\"valueRequired\":true,\"valueName\":\"search_term_string\"}}],\"inLanguage\":\"es\"},{\"@type\":\"Organization\",\"@id\":\"https:\/\/wpguerssen-test.odoo.rgbconsulting.com\/es\/#organization\",\"name\":\"Guerssen records\",\"url\":\"https:\/\/wpguerssen-test.odoo.rgbconsulting.com\/es\/\",\"logo\":{\"@type\":\"ImageObject\",\"inLanguage\":\"es\",\"@id\":\"https:\/\/wpguerssen-test.odoo.rgbconsulting.com\/es\/#\/schema\/logo\/image\/\",\"url\":\"https:\/\/wpguerssen-test.odoo.rgbconsulting.com\/wp-content\/uploads\/2022\/04\/Logo_Guerssen_trans_100.png\",\"contentUrl\":\"https:\/\/wpguerssen-test.odoo.rgbconsulting.com\/wp-content\/uploads\/2022\/04\/Logo_Guerssen_trans_100.png\",\"width\":122,\"height\":100,\"caption\":\"Guerssen records\"},\"image\":{\"@id\":\"https:\/\/wpguerssen-test.odoo.rgbconsulting.com\/es\/#\/schema\/logo\/image\/\"}}]}<\/script>\n<!-- \/ Yoast SEO plugin. -->","yoast_head_json":{"title":"CACHAO y su Ritmo Caliente - Cuban Music In Jam Session -  (LP) | Guerssen","description":"Double bassist and composer Cachao Lopez was one of the greatest personalities in the history of Cuban music. A true innovator who already in the 40's pioneered a new exciting form of dance music subsequently worldwide known as mambo. \"Cuban Music in Jam Session'' stands as one of his classic albums from the late 50's. A great example of Cachao's innovative jam sessions called \"descargas\" where various legendary musicians such as tenor sax player Emilio Penalver and trumpeters Armando \"Chocolate\" Armenteros and Alejandro \"Negro\" Vivar, improvise over highly infectious grooves and rhythms laid down by Cachao himself on bass and a bunch of super tight percussionists. A great statement from the latin music golden era!","robots":{"index":"index","follow":"follow","max-snippet":"max-snippet:-1","max-image-preview":"max-image-preview:large","max-video-preview":"max-video-preview:-1"},"canonical":"https:\/\/wpguerssen-test.odoo.rgbconsulting.com\/es\/producto\/cuban-music-in-jam-session\/","og_locale":"es_ES","og_type":"article","og_title":"CACHAO y su Ritmo Caliente - Cuban Music In Jam Session -  (LP) | Guerssen","og_description":"Double bassist and composer Cachao Lopez was one of the greatest personalities in the history of Cuban music. A true innovator who already in the 40's pioneered a new exciting form of dance music subsequently worldwide known as mambo. \"Cuban Music in Jam Session'' stands as one of his classic albums from the late 50's. A great example of Cachao's innovative jam sessions called \"descargas\" where various legendary musicians such as tenor sax player Emilio Penalver and trumpeters Armando \"Chocolate\" Armenteros and Alejandro \"Negro\" Vivar, improvise over highly infectious grooves and rhythms laid down by Cachao himself on bass and a bunch of super tight percussionists. A great statement from the latin music golden era!","og_url":"https:\/\/wpguerssen-test.odoo.rgbconsulting.com\/es\/producto\/cuban-music-in-jam-session\/","og_site_name":"Guerssen records","article_modified_time":"2024-09-02T12:32:28+00:00","og_image":[{"width":1181,"height":1181,"url":"https:\/\/wpguerssen-test.odoo.rgbconsulting.com\/wp-content\/uploads\/2024\/03\/47058.jpg","type":"image\/jpeg"}],"twitter_card":"summary_large_image","twitter_title":"CACHAO y su Ritmo Caliente - Cuban Music In Jam Session -  (LP) | Guerssen","twitter_misc":{"Tiempo de lectura":"1 minuto"},"schema":{"@context":"https:\/\/schema.org","@graph":[{"@type":"WebPage","@id":"https:\/\/wpguerssen-test.odoo.rgbconsulting.com\/es\/producto\/cuban-music-in-jam-session\/","url":"https:\/\/wpguerssen-test.odoo.rgbconsulting.com\/es\/producto\/cuban-music-in-jam-session\/","name":"CACHAO y su Ritmo Caliente - Cuban Music In Jam Session - (LP) | Guerssen","isPartOf":{"@id":"https:\/\/wpguerssen-test.odoo.rgbconsulting.com\/es\/#website"},"primaryImageOfPage":{"@id":"https:\/\/wpguerssen-test.odoo.rgbconsulting.com\/es\/producto\/cuban-music-in-jam-session\/#primaryimage"},"image":{"@id":"https:\/\/wpguerssen-test.odoo.rgbconsulting.com\/es\/producto\/cuban-music-in-jam-session\/#primaryimage"},"thumbnailUrl":"https:\/\/wpguerssen-test.odoo.rgbconsulting.com\/wp-content\/uploads\/2024\/03\/47058.jpg","datePublished":"2024-03-17T23:00:00+00:00","dateModified":"2024-09-02T12:32:28+00:00","description":"Double bassist and composer Cachao Lopez was one of the greatest personalities in the history of Cuban music. A true innovator who already in the 40's pioneered a new exciting form of dance music subsequently worldwide known as mambo. \"Cuban Music in Jam Session'' stands as one of his classic albums from the late 50's. A great example of Cachao's innovative jam sessions called \"descargas\" where various legendary musicians such as tenor sax player Emilio Penalver and trumpeters Armando \"Chocolate\" Armenteros and Alejandro \"Negro\" Vivar, improvise over highly infectious grooves and rhythms laid down by Cachao himself on bass and a bunch of super tight percussionists. A great statement from the latin music golden era!","breadcrumb":{"@id":"https:\/\/wpguerssen-test.odoo.rgbconsulting.com\/es\/producto\/cuban-music-in-jam-session\/#breadcrumb"},"inLanguage":"es","potentialAction":[{"@type":"ReadAction","target":["https:\/\/wpguerssen-test.odoo.rgbconsulting.com\/es\/producto\/cuban-music-in-jam-session\/"]}]},{"@type":"ImageObject","inLanguage":"es","@id":"https:\/\/wpguerssen-test.odoo.rgbconsulting.com\/es\/producto\/cuban-music-in-jam-session\/#primaryimage","url":"https:\/\/wpguerssen-test.odoo.rgbconsulting.com\/wp-content\/uploads\/2024\/03\/47058.jpg","contentUrl":"https:\/\/wpguerssen-test.odoo.rgbconsulting.com\/wp-content\/uploads\/2024\/03\/47058.jpg","width":1181,"height":1181},{"@type":"BreadcrumbList","@id":"https:\/\/wpguerssen-test.odoo.rgbconsulting.com\/es\/producto\/cuban-music-in-jam-session\/#breadcrumb","itemListElement":[{"@type":"ListItem","position":1,"name":"Inicio","item":"https:\/\/wpguerssen-test.odoo.rgbconsulting.com\/es\/"},{"@type":"ListItem","position":2,"name":"Shop","item":"https:\/\/wpguerssen-test.odoo.rgbconsulting.com\/shop\/"},{"@type":"ListItem","position":3,"name":"Cuban Music In Jam Session"}]},{"@type":"WebSite","@id":"https:\/\/wpguerssen-test.odoo.rgbconsulting.com\/es\/#website","url":"https:\/\/wpguerssen-test.odoo.rgbconsulting.com\/es\/","name":"Guerssen records","description":"psychedelia - progressive - folk - garage ","publisher":{"@id":"https:\/\/wpguerssen-test.odoo.rgbconsulting.com\/es\/#organization"},"potentialAction":[{"@type":"SearchAction","target":{"@type":"EntryPoint","urlTemplate":"https:\/\/wpguerssen-test.odoo.rgbconsulting.com\/es\/?s={search_term_string}"},"query-input":{"@type":"PropertyValueSpecification","valueRequired":true,"valueName":"search_term_string"}}],"inLanguage":"es"},{"@type":"Organization","@id":"https:\/\/wpguerssen-test.odoo.rgbconsulting.com\/es\/#organization","name":"Guerssen records","url":"https:\/\/wpguerssen-test.odoo.rgbconsulting.com\/es\/","logo":{"@type":"ImageObject","inLanguage":"es","@id":"https:\/\/wpguerssen-test.odoo.rgbconsulting.com\/es\/#\/schema\/logo\/image\/","url":"https:\/\/wpguerssen-test.odoo.rgbconsulting.com\/wp-content\/uploads\/2022\/04\/Logo_Guerssen_trans_100.png","contentUrl":"https:\/\/wpguerssen-test.odoo.rgbconsulting.com\/wp-content\/uploads\/2022\/04\/Logo_Guerssen_trans_100.png","width":122,"height":100,"caption":"Guerssen records"},"image":{"@id":"https:\/\/wpguerssen-test.odoo.rgbconsulting.com\/es\/#\/schema\/logo\/image\/"}}]}},"_links":{"self":[{"href":"https:\/\/wpguerssen-test.odoo.rgbconsulting.com\/es\/wp-json\/wp\/v2\/product\/261232","targetHints":{"allow":["GET"]}}],"collection":[{"href":"https:\/\/wpguerssen-test.odoo.rgbconsulting.com\/es\/wp-json\/wp\/v2\/product"}],"about":[{"href":"https:\/\/wpguerssen-test.odoo.rgbconsulting.com\/es\/wp-json\/wp\/v2\/types\/product"}],"wp:featuredmedia":[{"embeddable":true,"href":"https:\/\/wpguerssen-test.odoo.rgbconsulting.com\/es\/wp-json\/wp\/v2\/media\/260926"}],"wp:attachment":[{"href":"https:\/\/wpguerssen-test.odoo.rgbconsulting.com\/es\/wp-json\/wp\/v2\/media?parent=261232"}],"wp:term":[{"taxonomy":"product_brand","embeddable":true,"href":"https:\/\/wpguerssen-test.odoo.rgbconsulting.com\/es\/wp-json\/wp\/v2\/product_brand?post=261232"},{"taxonomy":"product_cat","embeddable":true,"href":"https:\/\/wpguerssen-test.odoo.rgbconsulting.com\/es\/wp-json\/wp\/v2\/product_cat?post=261232"},{"taxonomy":"product_tag","embeddable":true,"href":"https:\/\/wpguerssen-test.odoo.rgbconsulting.com\/es\/wp-json\/wp\/v2\/product_tag?post=261232"}],"curies":[{"name":"wp","href":"https:\/\/api.w.org\/{rel}","templated":true}]}}