{"id":261235,"date":"2025-02-18T00:00:00","date_gmt":"2025-02-17T23:00:00","guid":{"rendered":"https:\/\/wpguerssen-test.odoo.rgbconsulting.com\/product\/easter-everywhere\/"},"modified":"2025-04-16T18:15:13","modified_gmt":"2025-04-16T16:15:13","slug":"easter-everywhere-yellow-red-splatter","status":"publish","type":"product","link":"https:\/\/wpguerssen-test.odoo.rgbconsulting.com\/es\/producto\/easter-everywhere-yellow-red-splatter\/","title":{"rendered":"Easter everywhere (Yellow \/ Red Splatter)"},"content":{"rendered":"<p>\u00abSu obra maestra. Easter Everywhere es un documento clave de todos los tiempos. Con una voz mesurada de Erickson y un maravilloso solo de Sutherland; &#8216; Slip Inside This House&#8217; son ocho minutos de construcci\u00f3n constante: la gu\u00eda para una nueva iluminaci\u00f3n.\u00bb MOJO. \u00a1Solo 1.000 copias en todo el mundo! Las \u00faltimas copias antes del 2-LP vuelven a 1-LP. La funda desplegable presenta una portada con tinta met\u00e1lica dorada; pegatina con el logotipo estilo obi con una foto de Bob Simmons exclusiva de esta edici\u00f3n;ampliamente considerado como el mejor \u00e1lbum de la banda; las grabaciones fueron remasterizadas a partir de las cintas originales por el productor original de Elevators; Walt Andrus; \u00a1Presenta la obra maestra de Elevators &#8216; Slip Inside This House&#8217; y los cl\u00e1sicos &#8216;(I&#8217;ve Got) Levitation&#8217;; &#8216;Earthquake&#8217; y m\u00e1s!<\/p>\n","protected":false},"excerpt":{"rendered":"<p>\u00abSu obra maestra. Easter Everywhere es un documento clave de todos los tiempos. Con una voz mesurada de Erickson y un maravilloso solo de Sutherland; &#8216; Slip<a class=\"read\" href=\"https:\/\/wpguerssen-test.odoo.rgbconsulting.com\/es\/producto\/easter-everywhere-yellow-red-splatter\/\"> (...)<\/a>","protected":false},"featured_media":260944,"template":"","meta":{"_acf_changed":false},"product_brand":[],"product_cat":[21639],"product_tag":[29140],"class_list":{"0":"post-261235","1":"product","2":"type-product","3":"status-publish","4":"has-post-thumbnail","6":"product_cat-psychedelic60s-70s-es","7":"product_tag-color-vinyl-es","8":"pa_artist-13th-floor-elevators-es","9":"pa_format-2lp-es","10":"pa_gender-psychedelic60s-70s","11":"pa_label-charly","12":"pa_location-north-america-es","13":"pa_other-filters-vinyl-only-es","15":"first","16":"instock","17":"taxable","18":"shipping-taxable","19":"purchasable","20":"product-type-simple"},"acf":[],"yoast_head":"<!-- This site is optimized with the Yoast SEO plugin v24.9 - https:\/\/yoast.com\/wordpress\/plugins\/seo\/ -->\n<title>13th FLOOR ELEVATORS - Easter everywhere (Yellow \/ Red Splatter) -  (2LP) | Guerssen<\/title>\n<meta name=\"description\" content=\"&#039;Easter Everywhere&#039; was The 13th Floor Elevators second album. Widely regarded as the band&#039;s finest, the album captures them before the drug abuse, mental health problems and run-ins with the law that lead to their premature demise took hold. This 2-disc edition features the original mono album plus the original stereo version newly remastered. The latter is different to the alternative stereo version used on the &#039;Sign Of The Three Eyed Men&#039; boxset and disc 2 also features a bonus track. The recordings were remastered and remixed from the original tapes in 2007 by original producer Walt Andrus and presented in a luxury digibook limited edition of 5,000 copies with a detailed 16-page booklet written by band expert Paul Drummond. &quot;Their masterpiece. Easter Everywhere is an all-time higher key document. With a measured Erickson vocal and a blissful Sutherland solo, &#039;Slip Inside This House&#039; is eight minutes of constant build: the guide for a new enlightenment. The rest isn&#039;t bad either...&quot; MOJO\" \/>\n<meta name=\"robots\" content=\"index, follow, max-snippet:-1, max-image-preview:large, max-video-preview:-1\" \/>\n<link rel=\"canonical\" href=\"https:\/\/wpguerssen-test.odoo.rgbconsulting.com\/es\/producto\/easter-everywhere-yellow-red-splatter\/\" \/>\n<meta property=\"og:locale\" content=\"es_ES\" \/>\n<meta property=\"og:type\" content=\"article\" \/>\n<meta property=\"og:title\" content=\"13th FLOOR ELEVATORS - Easter everywhere (Yellow \/ Red Splatter) -  (2LP) | Guerssen\" \/>\n<meta property=\"og:description\" content=\"&#039;Easter Everywhere&#039; was The 13th Floor Elevators second album. Widely regarded as the band&#039;s finest, the album captures them before the drug abuse, mental health problems and run-ins with the law that lead to their premature demise took hold. This 2-disc edition features the original mono album plus the original stereo version newly remastered. The latter is different to the alternative stereo version used on the &#039;Sign Of The Three Eyed Men&#039; boxset and disc 2 also features a bonus track. The recordings were remastered and remixed from the original tapes in 2007 by original producer Walt Andrus and presented in a luxury digibook limited edition of 5,000 copies with a detailed 16-page booklet written by band expert Paul Drummond. &quot;Their masterpiece. Easter Everywhere is an all-time higher key document. With a measured Erickson vocal and a blissful Sutherland solo, &#039;Slip Inside This House&#039; is eight minutes of constant build: the guide for a new enlightenment. The rest isn&#039;t bad either...&quot; MOJO\" \/>\n<meta property=\"og:url\" content=\"https:\/\/wpguerssen-test.odoo.rgbconsulting.com\/es\/producto\/easter-everywhere-yellow-red-splatter\/\" \/>\n<meta property=\"og:site_name\" content=\"Guerssen records\" \/>\n<meta property=\"article:modified_time\" content=\"2025-04-16T16:15:13+00:00\" \/>\n<meta property=\"og:image\" content=\"https:\/\/wpguerssen-test.odoo.rgbconsulting.com\/wp-content\/uploads\/2024\/03\/47064.jpg\" \/>\n\t<meta property=\"og:image:width\" content=\"500\" \/>\n\t<meta property=\"og:image:height\" content=\"500\" \/>\n\t<meta property=\"og:image:type\" content=\"image\/jpeg\" \/>\n<meta name=\"twitter:card\" content=\"summary_large_image\" \/>\n<meta name=\"twitter:title\" content=\"13th FLOOR ELEVATORS - Easter everywhere (Yellow \/ Red Splatter) -  (2LP) | Guerssen\" \/>\n<meta name=\"twitter:label1\" content=\"Tiempo de lectura\" \/>\n\t<meta name=\"twitter:data1\" content=\"1 minuto\" \/>\n<script type=\"application\/ld+json\" class=\"yoast-schema-graph\">{\"@context\":\"https:\/\/schema.org\",\"@graph\":[{\"@type\":\"WebPage\",\"@id\":\"https:\/\/wpguerssen-test.odoo.rgbconsulting.com\/es\/producto\/easter-everywhere-yellow-red-splatter\/\",\"url\":\"https:\/\/wpguerssen-test.odoo.rgbconsulting.com\/es\/producto\/easter-everywhere-yellow-red-splatter\/\",\"name\":\"13th FLOOR ELEVATORS - Easter everywhere (Yellow \/ Red Splatter) - (2LP) | Guerssen\",\"isPartOf\":{\"@id\":\"https:\/\/wpguerssen-test.odoo.rgbconsulting.com\/es\/#website\"},\"primaryImageOfPage\":{\"@id\":\"https:\/\/wpguerssen-test.odoo.rgbconsulting.com\/es\/producto\/easter-everywhere-yellow-red-splatter\/#primaryimage\"},\"image\":{\"@id\":\"https:\/\/wpguerssen-test.odoo.rgbconsulting.com\/es\/producto\/easter-everywhere-yellow-red-splatter\/#primaryimage\"},\"thumbnailUrl\":\"https:\/\/wpguerssen-test.odoo.rgbconsulting.com\/wp-content\/uploads\/2024\/03\/47064.jpg\",\"datePublished\":\"2025-02-17T23:00:00+00:00\",\"dateModified\":\"2025-04-16T16:15:13+00:00\",\"description\":\"'Easter Everywhere' was The 13th Floor Elevators second album. Widely regarded as the band's finest, the album captures them before the drug abuse, mental health problems and run-ins with the law that lead to their premature demise took hold. This 2-disc edition features the original mono album plus the original stereo version newly remastered. The latter is different to the alternative stereo version used on the 'Sign Of The Three Eyed Men' boxset and disc 2 also features a bonus track. The recordings were remastered and remixed from the original tapes in 2007 by original producer Walt Andrus and presented in a luxury digibook limited edition of 5,000 copies with a detailed 16-page booklet written by band expert Paul Drummond. \\\"Their masterpiece. Easter Everywhere is an all-time higher key document. With a measured Erickson vocal and a blissful Sutherland solo, 'Slip Inside This House' is eight minutes of constant build: the guide for a new enlightenment. The rest isn't bad either...\\\" MOJO\",\"breadcrumb\":{\"@id\":\"https:\/\/wpguerssen-test.odoo.rgbconsulting.com\/es\/producto\/easter-everywhere-yellow-red-splatter\/#breadcrumb\"},\"inLanguage\":\"es\",\"potentialAction\":[{\"@type\":\"ReadAction\",\"target\":[\"https:\/\/wpguerssen-test.odoo.rgbconsulting.com\/es\/producto\/easter-everywhere-yellow-red-splatter\/\"]}]},{\"@type\":\"ImageObject\",\"inLanguage\":\"es\",\"@id\":\"https:\/\/wpguerssen-test.odoo.rgbconsulting.com\/es\/producto\/easter-everywhere-yellow-red-splatter\/#primaryimage\",\"url\":\"https:\/\/wpguerssen-test.odoo.rgbconsulting.com\/wp-content\/uploads\/2024\/03\/47064.jpg\",\"contentUrl\":\"https:\/\/wpguerssen-test.odoo.rgbconsulting.com\/wp-content\/uploads\/2024\/03\/47064.jpg\",\"width\":500,\"height\":500},{\"@type\":\"BreadcrumbList\",\"@id\":\"https:\/\/wpguerssen-test.odoo.rgbconsulting.com\/es\/producto\/easter-everywhere-yellow-red-splatter\/#breadcrumb\",\"itemListElement\":[{\"@type\":\"ListItem\",\"position\":1,\"name\":\"Inicio\",\"item\":\"https:\/\/wpguerssen-test.odoo.rgbconsulting.com\/es\/\"},{\"@type\":\"ListItem\",\"position\":2,\"name\":\"Shop\",\"item\":\"https:\/\/wpguerssen-test.odoo.rgbconsulting.com\/shop\/\"},{\"@type\":\"ListItem\",\"position\":3,\"name\":\"Easter everywhere (Yellow \/ Red Splatter)\"}]},{\"@type\":\"WebSite\",\"@id\":\"https:\/\/wpguerssen-test.odoo.rgbconsulting.com\/es\/#website\",\"url\":\"https:\/\/wpguerssen-test.odoo.rgbconsulting.com\/es\/\",\"name\":\"Guerssen records\",\"description\":\"psychedelia - progressive - folk - garage \",\"publisher\":{\"@id\":\"https:\/\/wpguerssen-test.odoo.rgbconsulting.com\/es\/#organization\"},\"potentialAction\":[{\"@type\":\"SearchAction\",\"target\":{\"@type\":\"EntryPoint\",\"urlTemplate\":\"https:\/\/wpguerssen-test.odoo.rgbconsulting.com\/es\/?s={search_term_string}\"},\"query-input\":{\"@type\":\"PropertyValueSpecification\",\"valueRequired\":true,\"valueName\":\"search_term_string\"}}],\"inLanguage\":\"es\"},{\"@type\":\"Organization\",\"@id\":\"https:\/\/wpguerssen-test.odoo.rgbconsulting.com\/es\/#organization\",\"name\":\"Guerssen records\",\"url\":\"https:\/\/wpguerssen-test.odoo.rgbconsulting.com\/es\/\",\"logo\":{\"@type\":\"ImageObject\",\"inLanguage\":\"es\",\"@id\":\"https:\/\/wpguerssen-test.odoo.rgbconsulting.com\/es\/#\/schema\/logo\/image\/\",\"url\":\"https:\/\/wpguerssen-test.odoo.rgbconsulting.com\/wp-content\/uploads\/2022\/04\/Logo_Guerssen_trans_100.png\",\"contentUrl\":\"https:\/\/wpguerssen-test.odoo.rgbconsulting.com\/wp-content\/uploads\/2022\/04\/Logo_Guerssen_trans_100.png\",\"width\":122,\"height\":100,\"caption\":\"Guerssen records\"},\"image\":{\"@id\":\"https:\/\/wpguerssen-test.odoo.rgbconsulting.com\/es\/#\/schema\/logo\/image\/\"}}]}<\/script>\n<!-- \/ Yoast SEO plugin. -->","yoast_head_json":{"title":"13th FLOOR ELEVATORS - Easter everywhere (Yellow \/ Red Splatter) -  (2LP) | Guerssen","description":"'Easter Everywhere' was The 13th Floor Elevators second album. Widely regarded as the band's finest, the album captures them before the drug abuse, mental health problems and run-ins with the law that lead to their premature demise took hold. This 2-disc edition features the original mono album plus the original stereo version newly remastered. The latter is different to the alternative stereo version used on the 'Sign Of The Three Eyed Men' boxset and disc 2 also features a bonus track. The recordings were remastered and remixed from the original tapes in 2007 by original producer Walt Andrus and presented in a luxury digibook limited edition of 5,000 copies with a detailed 16-page booklet written by band expert Paul Drummond. \"Their masterpiece. Easter Everywhere is an all-time higher key document. With a measured Erickson vocal and a blissful Sutherland solo, 'Slip Inside This House' is eight minutes of constant build: the guide for a new enlightenment. The rest isn't bad either...\" MOJO","robots":{"index":"index","follow":"follow","max-snippet":"max-snippet:-1","max-image-preview":"max-image-preview:large","max-video-preview":"max-video-preview:-1"},"canonical":"https:\/\/wpguerssen-test.odoo.rgbconsulting.com\/es\/producto\/easter-everywhere-yellow-red-splatter\/","og_locale":"es_ES","og_type":"article","og_title":"13th FLOOR ELEVATORS - Easter everywhere (Yellow \/ Red Splatter) -  (2LP) | Guerssen","og_description":"'Easter Everywhere' was The 13th Floor Elevators second album. Widely regarded as the band's finest, the album captures them before the drug abuse, mental health problems and run-ins with the law that lead to their premature demise took hold. This 2-disc edition features the original mono album plus the original stereo version newly remastered. The latter is different to the alternative stereo version used on the 'Sign Of The Three Eyed Men' boxset and disc 2 also features a bonus track. The recordings were remastered and remixed from the original tapes in 2007 by original producer Walt Andrus and presented in a luxury digibook limited edition of 5,000 copies with a detailed 16-page booklet written by band expert Paul Drummond. \"Their masterpiece. Easter Everywhere is an all-time higher key document. With a measured Erickson vocal and a blissful Sutherland solo, 'Slip Inside This House' is eight minutes of constant build: the guide for a new enlightenment. The rest isn't bad either...\" MOJO","og_url":"https:\/\/wpguerssen-test.odoo.rgbconsulting.com\/es\/producto\/easter-everywhere-yellow-red-splatter\/","og_site_name":"Guerssen records","article_modified_time":"2025-04-16T16:15:13+00:00","og_image":[{"width":500,"height":500,"url":"https:\/\/wpguerssen-test.odoo.rgbconsulting.com\/wp-content\/uploads\/2024\/03\/47064.jpg","type":"image\/jpeg"}],"twitter_card":"summary_large_image","twitter_title":"13th FLOOR ELEVATORS - Easter everywhere (Yellow \/ Red Splatter) -  (2LP) | Guerssen","twitter_misc":{"Tiempo de lectura":"1 minuto"},"schema":{"@context":"https:\/\/schema.org","@graph":[{"@type":"WebPage","@id":"https:\/\/wpguerssen-test.odoo.rgbconsulting.com\/es\/producto\/easter-everywhere-yellow-red-splatter\/","url":"https:\/\/wpguerssen-test.odoo.rgbconsulting.com\/es\/producto\/easter-everywhere-yellow-red-splatter\/","name":"13th FLOOR ELEVATORS - Easter everywhere (Yellow \/ Red Splatter) - (2LP) | Guerssen","isPartOf":{"@id":"https:\/\/wpguerssen-test.odoo.rgbconsulting.com\/es\/#website"},"primaryImageOfPage":{"@id":"https:\/\/wpguerssen-test.odoo.rgbconsulting.com\/es\/producto\/easter-everywhere-yellow-red-splatter\/#primaryimage"},"image":{"@id":"https:\/\/wpguerssen-test.odoo.rgbconsulting.com\/es\/producto\/easter-everywhere-yellow-red-splatter\/#primaryimage"},"thumbnailUrl":"https:\/\/wpguerssen-test.odoo.rgbconsulting.com\/wp-content\/uploads\/2024\/03\/47064.jpg","datePublished":"2025-02-17T23:00:00+00:00","dateModified":"2025-04-16T16:15:13+00:00","description":"'Easter Everywhere' was The 13th Floor Elevators second album. Widely regarded as the band's finest, the album captures them before the drug abuse, mental health problems and run-ins with the law that lead to their premature demise took hold. This 2-disc edition features the original mono album plus the original stereo version newly remastered. The latter is different to the alternative stereo version used on the 'Sign Of The Three Eyed Men' boxset and disc 2 also features a bonus track. The recordings were remastered and remixed from the original tapes in 2007 by original producer Walt Andrus and presented in a luxury digibook limited edition of 5,000 copies with a detailed 16-page booklet written by band expert Paul Drummond. \"Their masterpiece. Easter Everywhere is an all-time higher key document. With a measured Erickson vocal and a blissful Sutherland solo, 'Slip Inside This House' is eight minutes of constant build: the guide for a new enlightenment. The rest isn't bad either...\" MOJO","breadcrumb":{"@id":"https:\/\/wpguerssen-test.odoo.rgbconsulting.com\/es\/producto\/easter-everywhere-yellow-red-splatter\/#breadcrumb"},"inLanguage":"es","potentialAction":[{"@type":"ReadAction","target":["https:\/\/wpguerssen-test.odoo.rgbconsulting.com\/es\/producto\/easter-everywhere-yellow-red-splatter\/"]}]},{"@type":"ImageObject","inLanguage":"es","@id":"https:\/\/wpguerssen-test.odoo.rgbconsulting.com\/es\/producto\/easter-everywhere-yellow-red-splatter\/#primaryimage","url":"https:\/\/wpguerssen-test.odoo.rgbconsulting.com\/wp-content\/uploads\/2024\/03\/47064.jpg","contentUrl":"https:\/\/wpguerssen-test.odoo.rgbconsulting.com\/wp-content\/uploads\/2024\/03\/47064.jpg","width":500,"height":500},{"@type":"BreadcrumbList","@id":"https:\/\/wpguerssen-test.odoo.rgbconsulting.com\/es\/producto\/easter-everywhere-yellow-red-splatter\/#breadcrumb","itemListElement":[{"@type":"ListItem","position":1,"name":"Inicio","item":"https:\/\/wpguerssen-test.odoo.rgbconsulting.com\/es\/"},{"@type":"ListItem","position":2,"name":"Shop","item":"https:\/\/wpguerssen-test.odoo.rgbconsulting.com\/shop\/"},{"@type":"ListItem","position":3,"name":"Easter everywhere (Yellow \/ Red Splatter)"}]},{"@type":"WebSite","@id":"https:\/\/wpguerssen-test.odoo.rgbconsulting.com\/es\/#website","url":"https:\/\/wpguerssen-test.odoo.rgbconsulting.com\/es\/","name":"Guerssen records","description":"psychedelia - progressive - folk - garage ","publisher":{"@id":"https:\/\/wpguerssen-test.odoo.rgbconsulting.com\/es\/#organization"},"potentialAction":[{"@type":"SearchAction","target":{"@type":"EntryPoint","urlTemplate":"https:\/\/wpguerssen-test.odoo.rgbconsulting.com\/es\/?s={search_term_string}"},"query-input":{"@type":"PropertyValueSpecification","valueRequired":true,"valueName":"search_term_string"}}],"inLanguage":"es"},{"@type":"Organization","@id":"https:\/\/wpguerssen-test.odoo.rgbconsulting.com\/es\/#organization","name":"Guerssen records","url":"https:\/\/wpguerssen-test.odoo.rgbconsulting.com\/es\/","logo":{"@type":"ImageObject","inLanguage":"es","@id":"https:\/\/wpguerssen-test.odoo.rgbconsulting.com\/es\/#\/schema\/logo\/image\/","url":"https:\/\/wpguerssen-test.odoo.rgbconsulting.com\/wp-content\/uploads\/2022\/04\/Logo_Guerssen_trans_100.png","contentUrl":"https:\/\/wpguerssen-test.odoo.rgbconsulting.com\/wp-content\/uploads\/2022\/04\/Logo_Guerssen_trans_100.png","width":122,"height":100,"caption":"Guerssen records"},"image":{"@id":"https:\/\/wpguerssen-test.odoo.rgbconsulting.com\/es\/#\/schema\/logo\/image\/"}}]}},"_links":{"self":[{"href":"https:\/\/wpguerssen-test.odoo.rgbconsulting.com\/es\/wp-json\/wp\/v2\/product\/261235","targetHints":{"allow":["GET"]}}],"collection":[{"href":"https:\/\/wpguerssen-test.odoo.rgbconsulting.com\/es\/wp-json\/wp\/v2\/product"}],"about":[{"href":"https:\/\/wpguerssen-test.odoo.rgbconsulting.com\/es\/wp-json\/wp\/v2\/types\/product"}],"wp:featuredmedia":[{"embeddable":true,"href":"https:\/\/wpguerssen-test.odoo.rgbconsulting.com\/es\/wp-json\/wp\/v2\/media\/260944"}],"wp:attachment":[{"href":"https:\/\/wpguerssen-test.odoo.rgbconsulting.com\/es\/wp-json\/wp\/v2\/media?parent=261235"}],"wp:term":[{"taxonomy":"product_brand","embeddable":true,"href":"https:\/\/wpguerssen-test.odoo.rgbconsulting.com\/es\/wp-json\/wp\/v2\/product_brand?post=261235"},{"taxonomy":"product_cat","embeddable":true,"href":"https:\/\/wpguerssen-test.odoo.rgbconsulting.com\/es\/wp-json\/wp\/v2\/product_cat?post=261235"},{"taxonomy":"product_tag","embeddable":true,"href":"https:\/\/wpguerssen-test.odoo.rgbconsulting.com\/es\/wp-json\/wp\/v2\/product_tag?post=261235"}],"curies":[{"name":"wp","href":"https:\/\/api.w.org\/{rel}","templated":true}]}}