{"id":261237,"date":"2024-03-11T00:00:00","date_gmt":"2024-03-10T23:00:00","guid":{"rendered":"https:\/\/wpguerssen-test.odoo.rgbconsulting.com\/product\/blase\/"},"modified":"2024-08-26T18:19:59","modified_gmt":"2024-08-26T16:19:59","slug":"blase","status":"publish","type":"product","link":"https:\/\/wpguerssen-test.odoo.rgbconsulting.com\/es\/producto\/blase\/","title":{"rendered":"Blase"},"content":{"rendered":"<p>El saxofonista; compositor; poeta; actor y dramaturgo nacido en Florida Archie Shepp fue uno de los exponentes m\u00e1s elocuentes de la cultura negra politizada a finales de los a\u00f1os 60; una \u00e9poca de enorme agitaci\u00f3n y pensamiento radical. Al trasladarse a Par\u00eds; hizo varios \u00e1lbumes muy influyentes; como Blas\u00e9; que abordaba los temas esenciales de la libertad y la igualdad racial y aprovechaba los cimientos de la m\u00fasica afroamericana. El gospel y el blues fueron una parte importante del trabajo; que tambi\u00e9n ten\u00eda una fuerte sensibilidad vanguardista. La banda cont\u00f3 con la vocalista estelar Jeanne Lee y miembros de Art Ensemble Of Chicago. Estos artistas pioneros que combinaron jazz; poes\u00eda y pol\u00edtica radical hicieron una declaraci\u00f3n musical definitiva. Blas\u00e9cruza la divisi\u00f3n sagrado-profano y viaja libremente a trav\u00e9s del tiempo y el espacio; para crear tanto pre-jazz como free jazz; etiqueta dada a Shepp por la que ten\u00eda mucha ambivalencia.<\/p>\n","protected":false},"excerpt":{"rendered":"<p>El saxofonista; compositor; poeta; actor y dramaturgo nacido en Florida Archie Shepp fue uno de los exponentes m\u00e1s elocuentes de la cultura negra politizada a finales<a class=\"read\" href=\"https:\/\/wpguerssen-test.odoo.rgbconsulting.com\/es\/producto\/blase\/\"> (...)<\/a>","protected":false},"featured_media":260950,"template":"","meta":{"_acf_changed":false},"product_brand":[],"product_cat":[23227,23218],"product_tag":[],"class_list":{"0":"post-261237","1":"product","2":"type-product","3":"status-publish","4":"has-post-thumbnail","6":"product_cat-jazz-es","7":"product_cat-free-jazz-es","8":"pa_artist-shepp-archie","9":"pa_format-lp-es","10":"pa_gender-jazz-free-jazz","11":"pa_label-charly-byg","12":"pa_location-north-america-es","13":"pa_other-filters-vinyl-only-es","15":"first","16":"instock","17":"taxable","18":"shipping-taxable","19":"purchasable","20":"product-type-simple"},"acf":[],"yoast_head":"<!-- This site is optimized with the Yoast SEO plugin v24.9 - https:\/\/yoast.com\/wordpress\/plugins\/seo\/ -->\n<title>SHEPP, Archie - Blase -  (LP) | Guerssen<\/title>\n<meta name=\"description\" content=\"Limited Edition 180g White Vinyl LP!Newly Remastered for Vinyl from the Original BYG Tapes!Lacquers Cut by Alchemy Mastering at AIR Studios!The heat of the blues and the fire of the avant-garde blend superbly on this landmark recording.Original 1969 BYG album, facsimile edition. Newly remastered for vinyl from original BYG tapes. Lacquers cut by Alchemy Mastering at AIR Studios. Insert with exclusive liner notes by author, journalist and BYG authority Kevin Le Gendre.Florida-born saxophonist, composer, poet, actor and playwright Archie Shepp was one of the most articulate exponents of politicized black culture in the late &#039;60s, a time of enormous upheaval and radical thought. Relocating to Paris he made a number of highly influential albums, such as Blas\u00e9, that broached the essential themes of freedom and racial equality, and tapped into the bedrock of African-American music. Gospel and blues were a major part of the work, which also had a strong avant-garde sensibility. The band featured stellar vocalist Jeanne Lee and members of Art Ensemble Of Chicago. These trailblazing artists who combined jazz, poetry and radical politics made a definitive musical statement.\" \/>\n<meta name=\"robots\" content=\"index, follow, max-snippet:-1, max-image-preview:large, max-video-preview:-1\" \/>\n<link rel=\"canonical\" href=\"https:\/\/wpguerssen-test.odoo.rgbconsulting.com\/es\/producto\/blase\/\" \/>\n<meta property=\"og:locale\" content=\"es_ES\" \/>\n<meta property=\"og:type\" content=\"article\" \/>\n<meta property=\"og:title\" content=\"SHEPP, Archie - Blase -  (LP) | Guerssen\" \/>\n<meta property=\"og:description\" content=\"Limited Edition 180g White Vinyl LP!Newly Remastered for Vinyl from the Original BYG Tapes!Lacquers Cut by Alchemy Mastering at AIR Studios!The heat of the blues and the fire of the avant-garde blend superbly on this landmark recording.Original 1969 BYG album, facsimile edition. Newly remastered for vinyl from original BYG tapes. Lacquers cut by Alchemy Mastering at AIR Studios. Insert with exclusive liner notes by author, journalist and BYG authority Kevin Le Gendre.Florida-born saxophonist, composer, poet, actor and playwright Archie Shepp was one of the most articulate exponents of politicized black culture in the late &#039;60s, a time of enormous upheaval and radical thought. Relocating to Paris he made a number of highly influential albums, such as Blas\u00e9, that broached the essential themes of freedom and racial equality, and tapped into the bedrock of African-American music. Gospel and blues were a major part of the work, which also had a strong avant-garde sensibility. The band featured stellar vocalist Jeanne Lee and members of Art Ensemble Of Chicago. These trailblazing artists who combined jazz, poetry and radical politics made a definitive musical statement.\" \/>\n<meta property=\"og:url\" content=\"https:\/\/wpguerssen-test.odoo.rgbconsulting.com\/es\/producto\/blase\/\" \/>\n<meta property=\"og:site_name\" content=\"Guerssen records\" \/>\n<meta property=\"article:modified_time\" content=\"2024-08-26T16:19:59+00:00\" \/>\n<meta property=\"og:image\" content=\"https:\/\/wpguerssen-test.odoo.rgbconsulting.com\/wp-content\/uploads\/2024\/03\/47066.jpg\" \/>\n\t<meta property=\"og:image:width\" content=\"536\" \/>\n\t<meta property=\"og:image:height\" content=\"536\" \/>\n\t<meta property=\"og:image:type\" content=\"image\/jpeg\" \/>\n<meta name=\"twitter:card\" content=\"summary_large_image\" \/>\n<meta name=\"twitter:title\" content=\"SHEPP, Archie - Blase -  (LP) | Guerssen\" \/>\n<meta name=\"twitter:label1\" content=\"Tiempo de lectura\" \/>\n\t<meta name=\"twitter:data1\" content=\"1 minuto\" \/>\n<script type=\"application\/ld+json\" class=\"yoast-schema-graph\">{\"@context\":\"https:\/\/schema.org\",\"@graph\":[{\"@type\":\"WebPage\",\"@id\":\"https:\/\/wpguerssen-test.odoo.rgbconsulting.com\/es\/producto\/blase\/\",\"url\":\"https:\/\/wpguerssen-test.odoo.rgbconsulting.com\/es\/producto\/blase\/\",\"name\":\"SHEPP, Archie - Blase - (LP) | Guerssen\",\"isPartOf\":{\"@id\":\"https:\/\/wpguerssen-test.odoo.rgbconsulting.com\/es\/#website\"},\"primaryImageOfPage\":{\"@id\":\"https:\/\/wpguerssen-test.odoo.rgbconsulting.com\/es\/producto\/blase\/#primaryimage\"},\"image\":{\"@id\":\"https:\/\/wpguerssen-test.odoo.rgbconsulting.com\/es\/producto\/blase\/#primaryimage\"},\"thumbnailUrl\":\"https:\/\/wpguerssen-test.odoo.rgbconsulting.com\/wp-content\/uploads\/2024\/03\/47066.jpg\",\"datePublished\":\"2024-03-10T23:00:00+00:00\",\"dateModified\":\"2024-08-26T16:19:59+00:00\",\"description\":\"Limited Edition 180g White Vinyl LP!Newly Remastered for Vinyl from the Original BYG Tapes!Lacquers Cut by Alchemy Mastering at AIR Studios!The heat of the blues and the fire of the avant-garde blend superbly on this landmark recording.Original 1969 BYG album, facsimile edition. Newly remastered for vinyl from original BYG tapes. Lacquers cut by Alchemy Mastering at AIR Studios. Insert with exclusive liner notes by author, journalist and BYG authority Kevin Le Gendre.Florida-born saxophonist, composer, poet, actor and playwright Archie Shepp was one of the most articulate exponents of politicized black culture in the late '60s, a time of enormous upheaval and radical thought. Relocating to Paris he made a number of highly influential albums, such as Blas\u00e9, that broached the essential themes of freedom and racial equality, and tapped into the bedrock of African-American music. Gospel and blues were a major part of the work, which also had a strong avant-garde sensibility. The band featured stellar vocalist Jeanne Lee and members of Art Ensemble Of Chicago. These trailblazing artists who combined jazz, poetry and radical politics made a definitive musical statement.\",\"breadcrumb\":{\"@id\":\"https:\/\/wpguerssen-test.odoo.rgbconsulting.com\/es\/producto\/blase\/#breadcrumb\"},\"inLanguage\":\"es\",\"potentialAction\":[{\"@type\":\"ReadAction\",\"target\":[\"https:\/\/wpguerssen-test.odoo.rgbconsulting.com\/es\/producto\/blase\/\"]}]},{\"@type\":\"ImageObject\",\"inLanguage\":\"es\",\"@id\":\"https:\/\/wpguerssen-test.odoo.rgbconsulting.com\/es\/producto\/blase\/#primaryimage\",\"url\":\"https:\/\/wpguerssen-test.odoo.rgbconsulting.com\/wp-content\/uploads\/2024\/03\/47066.jpg\",\"contentUrl\":\"https:\/\/wpguerssen-test.odoo.rgbconsulting.com\/wp-content\/uploads\/2024\/03\/47066.jpg\",\"width\":536,\"height\":536,\"caption\":\"Archie - Blase - CHARLY \/ BYG (LP) | Guerssen\"},{\"@type\":\"BreadcrumbList\",\"@id\":\"https:\/\/wpguerssen-test.odoo.rgbconsulting.com\/es\/producto\/blase\/#breadcrumb\",\"itemListElement\":[{\"@type\":\"ListItem\",\"position\":1,\"name\":\"Inicio\",\"item\":\"https:\/\/wpguerssen-test.odoo.rgbconsulting.com\/es\/\"},{\"@type\":\"ListItem\",\"position\":2,\"name\":\"Shop\",\"item\":\"https:\/\/wpguerssen-test.odoo.rgbconsulting.com\/shop\/\"},{\"@type\":\"ListItem\",\"position\":3,\"name\":\"Blase\"}]},{\"@type\":\"WebSite\",\"@id\":\"https:\/\/wpguerssen-test.odoo.rgbconsulting.com\/es\/#website\",\"url\":\"https:\/\/wpguerssen-test.odoo.rgbconsulting.com\/es\/\",\"name\":\"Guerssen records\",\"description\":\"psychedelia - progressive - folk - garage \",\"publisher\":{\"@id\":\"https:\/\/wpguerssen-test.odoo.rgbconsulting.com\/es\/#organization\"},\"potentialAction\":[{\"@type\":\"SearchAction\",\"target\":{\"@type\":\"EntryPoint\",\"urlTemplate\":\"https:\/\/wpguerssen-test.odoo.rgbconsulting.com\/es\/?s={search_term_string}\"},\"query-input\":{\"@type\":\"PropertyValueSpecification\",\"valueRequired\":true,\"valueName\":\"search_term_string\"}}],\"inLanguage\":\"es\"},{\"@type\":\"Organization\",\"@id\":\"https:\/\/wpguerssen-test.odoo.rgbconsulting.com\/es\/#organization\",\"name\":\"Guerssen records\",\"url\":\"https:\/\/wpguerssen-test.odoo.rgbconsulting.com\/es\/\",\"logo\":{\"@type\":\"ImageObject\",\"inLanguage\":\"es\",\"@id\":\"https:\/\/wpguerssen-test.odoo.rgbconsulting.com\/es\/#\/schema\/logo\/image\/\",\"url\":\"https:\/\/wpguerssen-test.odoo.rgbconsulting.com\/wp-content\/uploads\/2022\/04\/Logo_Guerssen_trans_100.png\",\"contentUrl\":\"https:\/\/wpguerssen-test.odoo.rgbconsulting.com\/wp-content\/uploads\/2022\/04\/Logo_Guerssen_trans_100.png\",\"width\":122,\"height\":100,\"caption\":\"Guerssen records\"},\"image\":{\"@id\":\"https:\/\/wpguerssen-test.odoo.rgbconsulting.com\/es\/#\/schema\/logo\/image\/\"}}]}<\/script>\n<!-- \/ Yoast SEO plugin. -->","yoast_head_json":{"title":"SHEPP, Archie - Blase -  (LP) | Guerssen","description":"Limited Edition 180g White Vinyl LP!Newly Remastered for Vinyl from the Original BYG Tapes!Lacquers Cut by Alchemy Mastering at AIR Studios!The heat of the blues and the fire of the avant-garde blend superbly on this landmark recording.Original 1969 BYG album, facsimile edition. Newly remastered for vinyl from original BYG tapes. Lacquers cut by Alchemy Mastering at AIR Studios. Insert with exclusive liner notes by author, journalist and BYG authority Kevin Le Gendre.Florida-born saxophonist, composer, poet, actor and playwright Archie Shepp was one of the most articulate exponents of politicized black culture in the late '60s, a time of enormous upheaval and radical thought. Relocating to Paris he made a number of highly influential albums, such as Blas\u00e9, that broached the essential themes of freedom and racial equality, and tapped into the bedrock of African-American music. Gospel and blues were a major part of the work, which also had a strong avant-garde sensibility. The band featured stellar vocalist Jeanne Lee and members of Art Ensemble Of Chicago. These trailblazing artists who combined jazz, poetry and radical politics made a definitive musical statement.","robots":{"index":"index","follow":"follow","max-snippet":"max-snippet:-1","max-image-preview":"max-image-preview:large","max-video-preview":"max-video-preview:-1"},"canonical":"https:\/\/wpguerssen-test.odoo.rgbconsulting.com\/es\/producto\/blase\/","og_locale":"es_ES","og_type":"article","og_title":"SHEPP, Archie - Blase -  (LP) | Guerssen","og_description":"Limited Edition 180g White Vinyl LP!Newly Remastered for Vinyl from the Original BYG Tapes!Lacquers Cut by Alchemy Mastering at AIR Studios!The heat of the blues and the fire of the avant-garde blend superbly on this landmark recording.Original 1969 BYG album, facsimile edition. Newly remastered for vinyl from original BYG tapes. Lacquers cut by Alchemy Mastering at AIR Studios. Insert with exclusive liner notes by author, journalist and BYG authority Kevin Le Gendre.Florida-born saxophonist, composer, poet, actor and playwright Archie Shepp was one of the most articulate exponents of politicized black culture in the late '60s, a time of enormous upheaval and radical thought. Relocating to Paris he made a number of highly influential albums, such as Blas\u00e9, that broached the essential themes of freedom and racial equality, and tapped into the bedrock of African-American music. Gospel and blues were a major part of the work, which also had a strong avant-garde sensibility. The band featured stellar vocalist Jeanne Lee and members of Art Ensemble Of Chicago. These trailblazing artists who combined jazz, poetry and radical politics made a definitive musical statement.","og_url":"https:\/\/wpguerssen-test.odoo.rgbconsulting.com\/es\/producto\/blase\/","og_site_name":"Guerssen records","article_modified_time":"2024-08-26T16:19:59+00:00","og_image":[{"width":536,"height":536,"url":"https:\/\/wpguerssen-test.odoo.rgbconsulting.com\/wp-content\/uploads\/2024\/03\/47066.jpg","type":"image\/jpeg"}],"twitter_card":"summary_large_image","twitter_title":"SHEPP, Archie - Blase -  (LP) | Guerssen","twitter_misc":{"Tiempo de lectura":"1 minuto"},"schema":{"@context":"https:\/\/schema.org","@graph":[{"@type":"WebPage","@id":"https:\/\/wpguerssen-test.odoo.rgbconsulting.com\/es\/producto\/blase\/","url":"https:\/\/wpguerssen-test.odoo.rgbconsulting.com\/es\/producto\/blase\/","name":"SHEPP, Archie - Blase - (LP) | Guerssen","isPartOf":{"@id":"https:\/\/wpguerssen-test.odoo.rgbconsulting.com\/es\/#website"},"primaryImageOfPage":{"@id":"https:\/\/wpguerssen-test.odoo.rgbconsulting.com\/es\/producto\/blase\/#primaryimage"},"image":{"@id":"https:\/\/wpguerssen-test.odoo.rgbconsulting.com\/es\/producto\/blase\/#primaryimage"},"thumbnailUrl":"https:\/\/wpguerssen-test.odoo.rgbconsulting.com\/wp-content\/uploads\/2024\/03\/47066.jpg","datePublished":"2024-03-10T23:00:00+00:00","dateModified":"2024-08-26T16:19:59+00:00","description":"Limited Edition 180g White Vinyl LP!Newly Remastered for Vinyl from the Original BYG Tapes!Lacquers Cut by Alchemy Mastering at AIR Studios!The heat of the blues and the fire of the avant-garde blend superbly on this landmark recording.Original 1969 BYG album, facsimile edition. Newly remastered for vinyl from original BYG tapes. Lacquers cut by Alchemy Mastering at AIR Studios. Insert with exclusive liner notes by author, journalist and BYG authority Kevin Le Gendre.Florida-born saxophonist, composer, poet, actor and playwright Archie Shepp was one of the most articulate exponents of politicized black culture in the late '60s, a time of enormous upheaval and radical thought. Relocating to Paris he made a number of highly influential albums, such as Blas\u00e9, that broached the essential themes of freedom and racial equality, and tapped into the bedrock of African-American music. Gospel and blues were a major part of the work, which also had a strong avant-garde sensibility. The band featured stellar vocalist Jeanne Lee and members of Art Ensemble Of Chicago. These trailblazing artists who combined jazz, poetry and radical politics made a definitive musical statement.","breadcrumb":{"@id":"https:\/\/wpguerssen-test.odoo.rgbconsulting.com\/es\/producto\/blase\/#breadcrumb"},"inLanguage":"es","potentialAction":[{"@type":"ReadAction","target":["https:\/\/wpguerssen-test.odoo.rgbconsulting.com\/es\/producto\/blase\/"]}]},{"@type":"ImageObject","inLanguage":"es","@id":"https:\/\/wpguerssen-test.odoo.rgbconsulting.com\/es\/producto\/blase\/#primaryimage","url":"https:\/\/wpguerssen-test.odoo.rgbconsulting.com\/wp-content\/uploads\/2024\/03\/47066.jpg","contentUrl":"https:\/\/wpguerssen-test.odoo.rgbconsulting.com\/wp-content\/uploads\/2024\/03\/47066.jpg","width":536,"height":536,"caption":"Archie - Blase - CHARLY \/ BYG (LP) | Guerssen"},{"@type":"BreadcrumbList","@id":"https:\/\/wpguerssen-test.odoo.rgbconsulting.com\/es\/producto\/blase\/#breadcrumb","itemListElement":[{"@type":"ListItem","position":1,"name":"Inicio","item":"https:\/\/wpguerssen-test.odoo.rgbconsulting.com\/es\/"},{"@type":"ListItem","position":2,"name":"Shop","item":"https:\/\/wpguerssen-test.odoo.rgbconsulting.com\/shop\/"},{"@type":"ListItem","position":3,"name":"Blase"}]},{"@type":"WebSite","@id":"https:\/\/wpguerssen-test.odoo.rgbconsulting.com\/es\/#website","url":"https:\/\/wpguerssen-test.odoo.rgbconsulting.com\/es\/","name":"Guerssen records","description":"psychedelia - progressive - folk - garage ","publisher":{"@id":"https:\/\/wpguerssen-test.odoo.rgbconsulting.com\/es\/#organization"},"potentialAction":[{"@type":"SearchAction","target":{"@type":"EntryPoint","urlTemplate":"https:\/\/wpguerssen-test.odoo.rgbconsulting.com\/es\/?s={search_term_string}"},"query-input":{"@type":"PropertyValueSpecification","valueRequired":true,"valueName":"search_term_string"}}],"inLanguage":"es"},{"@type":"Organization","@id":"https:\/\/wpguerssen-test.odoo.rgbconsulting.com\/es\/#organization","name":"Guerssen records","url":"https:\/\/wpguerssen-test.odoo.rgbconsulting.com\/es\/","logo":{"@type":"ImageObject","inLanguage":"es","@id":"https:\/\/wpguerssen-test.odoo.rgbconsulting.com\/es\/#\/schema\/logo\/image\/","url":"https:\/\/wpguerssen-test.odoo.rgbconsulting.com\/wp-content\/uploads\/2022\/04\/Logo_Guerssen_trans_100.png","contentUrl":"https:\/\/wpguerssen-test.odoo.rgbconsulting.com\/wp-content\/uploads\/2022\/04\/Logo_Guerssen_trans_100.png","width":122,"height":100,"caption":"Guerssen records"},"image":{"@id":"https:\/\/wpguerssen-test.odoo.rgbconsulting.com\/es\/#\/schema\/logo\/image\/"}}]}},"_links":{"self":[{"href":"https:\/\/wpguerssen-test.odoo.rgbconsulting.com\/es\/wp-json\/wp\/v2\/product\/261237","targetHints":{"allow":["GET"]}}],"collection":[{"href":"https:\/\/wpguerssen-test.odoo.rgbconsulting.com\/es\/wp-json\/wp\/v2\/product"}],"about":[{"href":"https:\/\/wpguerssen-test.odoo.rgbconsulting.com\/es\/wp-json\/wp\/v2\/types\/product"}],"wp:featuredmedia":[{"embeddable":true,"href":"https:\/\/wpguerssen-test.odoo.rgbconsulting.com\/es\/wp-json\/wp\/v2\/media\/260950"}],"wp:attachment":[{"href":"https:\/\/wpguerssen-test.odoo.rgbconsulting.com\/es\/wp-json\/wp\/v2\/media?parent=261237"}],"wp:term":[{"taxonomy":"product_brand","embeddable":true,"href":"https:\/\/wpguerssen-test.odoo.rgbconsulting.com\/es\/wp-json\/wp\/v2\/product_brand?post=261237"},{"taxonomy":"product_cat","embeddable":true,"href":"https:\/\/wpguerssen-test.odoo.rgbconsulting.com\/es\/wp-json\/wp\/v2\/product_cat?post=261237"},{"taxonomy":"product_tag","embeddable":true,"href":"https:\/\/wpguerssen-test.odoo.rgbconsulting.com\/es\/wp-json\/wp\/v2\/product_tag?post=261237"}],"curies":[{"name":"wp","href":"https:\/\/api.w.org\/{rel}","templated":true}]}}